{"id":8451,"date":"2025-02-23T16:03:54","date_gmt":"2025-02-23T16:03:54","guid":{"rendered":"https:\/\/chirurgie-orthopedie-vannes.fr\/pharmacie\/?post_type=product&#038;p=8451"},"modified":"2025-03-09T11:25:12","modified_gmt":"2025-03-09T11:25:12","slug":"colossus-gel","status":"publish","type":"product","link":"https:\/\/pharmacie-progres-cannes.fr\/pharmacie\/supp\/colossus-gel\/","title":{"rendered":"Colossus Gel"},"content":{"rendered":"\n<h2 class=\"wp-block-heading\">Qu&rsquo;est-ce que Colossus Gel et comment fonctionne-t-il ?<\/h2>\n\n\n\n<p>Colossus Gel est un gel pour l&rsquo;<b>agrandissement du p\u00e9nis<\/b> qui a gagn\u00e9 en popularit\u00e9 parmi les hommes cherchant \u00e0 am\u00e9liorer leur puissance. L <b>&lsquo;action de Colossus Gel<\/b> est bas\u00e9e sur des ingr\u00e9dients naturels qui sont con\u00e7us pour am\u00e9liorer la circulation sanguine dans la zone g\u00e9nitale. En cons\u00e9quence, les utilisateurs peuvent avoir de meilleures \u00e9rections et remarquer une augmentation de la longueur et de l&rsquo;\u00e9paisseur du p\u00e9nis.<\/p>\n\n\n\n<p><b>Qu&rsquo;est-ce que le gel Colossus<\/b>? Il s&rsquo;agit d&rsquo;un produit qui utilise des ingr\u00e9dients actifs tels que le ginseng et la capsa\u00efcine pour soutenir la production d&rsquo;oxyde nitrique, qui entra\u00eene une vasodilatation. Les ingr\u00e9dients cl\u00e9s soutiennent \u00e9galement la sant\u00e9 cardiovasculaire, ce qui a un effet positif. Les effets enregistr\u00e9s du gel peuvent \u00eatre observ\u00e9s en 2 \u00e0 3 semaines seulement.<\/p>\n\n\n\n<figure class=\"wp-block-table\"><table class=\"has-fixed-layout\"><tbody><tr><th>\u00c9l\u00e9ment<\/th><th>Description<\/th><\/tr><tr><td>Augmentation pr\u00e9vue de la longueur<\/td><td>Jusqu&rsquo;\u00e0 7 cm<\/td><\/tr><tr><td>Ingr\u00e9dients actifs<\/td><td>Ginseng, huile de menthe poivr\u00e9e, capsa\u00efcine<\/td><\/tr><tr><td>Effets potentiels<\/td><td>Allongement du p\u00e9nis, am\u00e9lioration de l&rsquo;\u00e9paisseur<\/td><\/tr><tr><td>Le temps de constater les effets<\/td><td>2-3 semaines<\/td><\/tr><tr><td>\u00c9conomies d&rsquo;achat<\/td><td>Jusqu&rsquo;\u00e0 25 % pour trois paquets<\/td><\/tr><tr><td>D\u00e9lai de livraison<\/td><td>1-2 jours ouvrables<\/td><\/tr><\/tbody><\/table><\/figure>\n\n\n\n<p>Utilis\u00e9 r\u00e9guli\u00e8rement, <b>l&rsquo;action de Colossus Gel<\/b> peut apporter des sensations sexuelles plus rapides et plus intenses, augmentant ainsi la libido. Veillez toutefois \u00e0 effectuer un test d&rsquo;allergie avant la premi\u00e8re utilisation afin d&rsquo;\u00e9viter d&rsquo;\u00e9ventuelles r\u00e9actions allergiques.<\/p>\n\n\n\n<h2 class=\"wp-block-heading\">Gel Colossus &#8211; effets<\/h2>\n\n\n\n<p>Les utilisateurs de Colossus Gel constatent divers effets suite \u00e0 son utilisation, qui ont un impact significatif sur leur vie sexuelle. Parmi les <em>effets de Colossus Gel<\/em>, on peut citer l&rsquo;<b>agrandissement du p\u00e9nis<\/b>, qui peut atteindre dans certains cas jusqu&rsquo;\u00e0 5 cm, ce qui est particuli\u00e8rement int\u00e9ressant pour les hommes qui cherchent \u00e0 am\u00e9liorer leur puissance.<\/p>\n\n\n\n<p>L&rsquo;augmentation de la longueur du p\u00e9nis n&rsquo;est pas le seul avantage. De nombreuses personnes remarquent \u00e9galement une am\u00e9lioration significative de la qualit\u00e9 de leurs \u00e9rections. Une \u00e9rection plus forte et plus durable permet de mieux profiter de l&rsquo;activit\u00e9 sexuelle. En outre, gr\u00e2ce \u00e0 l&rsquo;am\u00e9lioration de l&rsquo;irrigation sanguine, les hommes \u00e9prouvent des sensations plus intenses, ce qui se traduit par une plus grande satisfaction dans leurs relations.<\/p>\n\n\n\n<p>Il convient de noter que <em>l&rsquo;am\u00e9lioration de la puissance<\/em> associ\u00e9e \u00e0 Colossus Gel a un effet positif non seulement sur la sph\u00e8re physique, mais aussi sur l&rsquo;aspect \u00e9motionnel. Les hommes se sentent plus confiants et plus \u00e0 l&rsquo;aise dans leurs relations intimes, ce qui peut contribuer \u00e0 resserrer les liens avec leur partenaire. De tels effets sont cruciaux pour une vie sexuelle saine et un bien-\u00eatre g\u00e9n\u00e9ral.<\/p>\n\n\n\n<h2 class=\"wp-block-heading\">Comment utiliser Colossus Gel ? &#8211; Dosage et recommandations<\/h2>\n\n\n\n<p>Colossus Gel est un produit qui doit \u00eatre utilis\u00e9 r\u00e9guli\u00e8rement pour obtenir des r\u00e9sultats optimaux. Il est conseill\u00e9 de se familiariser avec le <b>dosage<\/b> correct <b>de Colossus Gel<\/b> et les recommandations d&rsquo;utilisation. Pour un r\u00e9sultat optimal, il est pr\u00e9f\u00e9rable d&rsquo;appliquer le gel sur la peau s\u00e8che du p\u00e9nis environ 30 minutes avant le rapport sexuel pr\u00e9vu.<\/p>\n\n\n\n<ul class=\"wp-block-list\">\n<li>Appliquer une petite quantit\u00e9 sur les mains.<\/li>\n\n\n\n<li>Masser d\u00e9licatement la peau pour faire p\u00e9n\u00e9trer rapidement les principes actifs.<\/li>\n\n\n\n<li>Veiller \u00e0 ce que la peau soit propre et s\u00e8che avant l&rsquo;application.<\/li>\n<\/ul>\n\n\n\n<p>Il est important d&rsquo;\u00e9viter d&rsquo;utiliser le gel sur une peau ab\u00eem\u00e9e. Les utilisateurs doivent suivre les recommandations du fabricant afin de minimiser le risque de r\u00e9actions allergiques individuelles aux ingr\u00e9dients du gel. L&rsquo;<b>utilisation<\/b> r\u00e9guli\u00e8re <b>du gel<\/b> peut produire des r\u00e9sultats notables en quelques jours seulement, et de nombreux utilisateurs constatent une am\u00e9lioration de la qualit\u00e9 de leur vie sexuelle et une plus grande confiance en eux.<\/p>\n\n\n\n<p>Le <b>dosage de Colossus Gel<\/b> recommande une application par jour, ce qui permet de l&rsquo;int\u00e9grer facilement \u00e0 votre routine quotidienne. Cette approche simple rend l&rsquo;<b>utilisation de Colossus Gel<\/b> facile et sans probl\u00e8me.<\/p>\n\n\n\n<h2 class=\"wp-block-heading\">Exp\u00e9riences et commentaires des utilisateurs de Colossus Gel &#8211; quels sont les commentaires ?<\/h2>\n\n\n\n<p>Les <b>avis sur le gel Colossus<\/b> sont vari\u00e9s, mais beaucoup soulignent des am\u00e9liorations significatives de la sexualit\u00e9. Les utilisateurs font exceptionnellement l&rsquo;\u00e9loge de l&rsquo;efficacit\u00e9 du gel, notant qu&rsquo;il agit rapidement.<\/p>\n\n\n\n<blockquote class=\"wp-block-quote is-layout-flow wp-block-quote-is-layout-flow\">\n<p>\u00ab\u00a0Apr\u00e8s quelques semaines d&rsquo;utilisation, j&rsquo;ai remarqu\u00e9 une diff\u00e9rence de quelques centim\u00e8tres. Les \u00e9rections sont plus fortes et je me sens plus confiant au lit.\u00a0\u00bb &#8211; Marek<\/p>\n<\/blockquote>\n\n\n\n<p>Les <b>exp\u00e9riences des utilisateurs<\/b>, telles que celles d\u00e9crites par Mark, indiquent souvent des effets positifs, ainsi qu&rsquo;une plus grande confiance en soi. Un aspect cl\u00e9 des commentaires est la satisfaction quant \u00e0 l&rsquo;am\u00e9lioration de la qualit\u00e9 de la vie sexuelle.<\/p>\n\n\n\n<blockquote class=\"wp-block-quote is-layout-flow wp-block-quote-is-layout-flow\">\n<p>\u00ab\u00a0J&rsquo;\u00e9tais sceptique au d\u00e9but, mais une utilisation r\u00e9guli\u00e8re m&rsquo;a donn\u00e9 des r\u00e9sultats positifs. Le gel fonctionne vraiment et j&rsquo;ai gagn\u00e9 beaucoup plus de confiance au lit avec ma partenaire.\u00a0\u00bb &#8211; Christopher<\/p>\n<\/blockquote>\n\n\n\n<p>Christopher a not\u00e9 que Colossus Gel avait affect\u00e9 non seulement son \u00e9rotisme, mais aussi sa relation. Ce type de retour d&rsquo;information est courant dans les commentaires des utilisateurs, qui indiquent une augmentation de l&rsquo;intensit\u00e9 de l&rsquo;exp\u00e9rience.<\/p>\n\n\n\n<blockquote class=\"wp-block-quote is-layout-flow wp-block-quote-is-layout-flow\">\n<p>\u00ab\u00a0J&rsquo;ai \u00e9t\u00e9 surpris par la rapidit\u00e9 avec laquelle j&rsquo;ai constat\u00e9 des changements. Le p\u00e9nis est devenu plus gros et les sensations \u00e9taient beaucoup plus intenses.\u00a0\u00bb &#8211; Adam<\/p>\n<\/blockquote>\n\n\n\n<p>Adam souligne la rapidit\u00e9 d&rsquo;efficacit\u00e9 du gel, qui est l&rsquo;un des th\u00e8mes les plus fr\u00e9quents dans les commentaires sur Colossus Gel. Les utilisateurs encouragent souvent les gens \u00e0 essayer le produit sur la base de leurs exp\u00e9riences positives.<\/p>\n\n\n\n<ul class=\"wp-block-list\">\n<li>91,4% des hommes ont des \u00e9rections plus fortes apr\u00e8s avoir utilis\u00e9 Colossus Gel.<\/li>\n\n\n\n<li>86,9 % des hommes remarquent des sensations plus intenses pendant l&rsquo;orgasme.<\/li>\n\n\n\n<li>82,7 % des hommes d\u00e9clarent que leur libido a augment\u00e9 de mani\u00e8re significative.<\/li>\n<\/ul>\n\n\n\n<p>L&rsquo;int\u00e9r\u00eat croissant pour Colossus Gel et les <b>commentaires<\/b> positifs sugg\u00e8rent que le produit a acquis une grande r\u00e9putation parmi les utilisateurs, ce qui contribue certainement \u00e0 sa popularit\u00e9 sur le march\u00e9.<\/p>\n\n\n\n<h2 class=\"wp-block-heading\">Colossus Gel &#8211; Composition &#8211; Analyse des ingr\u00e9dients<\/h2>\n\n\n\n<p>Colossus Gel est bas\u00e9 sur des ingr\u00e9dients naturels qui soutiennent la puissance masculine et am\u00e9liorent l&rsquo;exp\u00e9rience sexuelle globale. Une analyse minutieuse des ingr\u00e9dients permet de constater que chacun d&rsquo;entre eux joue un r\u00f4le important dans l&rsquo;obtention de r\u00e9sultats en termes d&rsquo;agrandissement du p\u00e9nis et d&rsquo;am\u00e9lioration des \u00e9rections. Les ingr\u00e9dients cl\u00e9s de la formulation de Colossus Gel sont les suivants :<\/p>\n\n\n\n<figure class=\"wp-block-table\"><table class=\"has-fixed-layout\"><tbody><tr><th>Composant<\/th><th>Action<\/th><\/tr><tr><td>Ginseng<\/td><td>Am\u00e9liore la circulation sanguine et augmente l&rsquo;\u00e9nergie<\/td><\/tr><tr><td>Capsa\u00efcine (extrait de piment)<\/td><td>Augmente le flux sanguin vers le p\u00e9nis, ce qui favorise l&rsquo;\u00e9rection<\/td><\/tr><tr><td>Extrait d&rsquo;avoine<\/td><td>Favorise la production de testost\u00e9rone et augmente la libido<\/td><\/tr><tr><td>Extrait de romarin<\/td><td>Favorise la vasodilatation, ce qui augmente le volume et la longueur du p\u00e9nis<\/td><\/tr><tr><td>Huile de menthe poivr\u00e9e<\/td><td>Favorise l&rsquo;\u00e9lasticit\u00e9 de la peau pour faciliter le processus d&rsquo;\u00e9tirement<\/td><\/tr><\/tbody><\/table><\/figure>\n\n\n\n<p>L<b>&lsquo;analyse des<\/b> ingr\u00e9dients contenus dans Colossus Gel indique qu&rsquo;ils agissent en synergie pour produire des r\u00e9sultats plus puissants. <b>Les ingr\u00e9dients naturels<\/b> signifient que le produit pr\u00e9sente un risque minimal d&rsquo;effets secondaires, et les \u00e9tudes cliniques confirment son innocuit\u00e9. Les utilisateurs peuvent s&rsquo;attendre \u00e0 des premiers effets sous la forme d&rsquo;une augmentation des \u00e9rections apr\u00e8s seulement quelques jours d&rsquo;utilisation, et des changements significatifs dans la longueur du p\u00e9nis peuvent \u00eatre observ\u00e9s apr\u00e8s 2 \u00e0 4 semaines d&rsquo;utilisation r\u00e9guli\u00e8re.<\/p>\n\n\n\n<h2 class=\"wp-block-heading\">O\u00f9 acheter Colossus Gel &#8211; prix<\/h2>\n\n\n\n<p>Colossus Gel ne peut \u00eatre achet\u00e9 que sur le site <em>officiel du fabricant<\/em>. Le produit n&rsquo;est pas disponible dans les pharmacies stationnaires ni sur les plateformes de commerce \u00e9lectronique les plus populaires, ce qui assure la s\u00e9curit\u00e9 de l&rsquo;achat et la garantie d&rsquo;authenticit\u00e9. Les clients se demandent souvent <em>o\u00f9 acheter Colossus Gel<\/em>, et la r\u00e9ponse est d&rsquo;utiliser directement l&rsquo;offre du fabricant.<\/p>\n\n\n\n<p><b>Le prix de Colossus Gel<\/b> peut varier en fonction de la promotion. Le prix standard pour un pack est de \u00a3199. Il est \u00e9galement possible d&rsquo;acheter plus de packs \u00e0 un prix plus avantageux :<\/p>\n\n\n\n<p>Lors de la d\u00e9cision d&rsquo;achat, il convient de tenir compte du fait que la dur\u00e9e d&rsquo;utilisation recommand\u00e9e est d&rsquo;au moins un mois pour obtenir les meilleurs r\u00e9sultats. De nombreuses personnes font \u00e9tat de r\u00e9sultats notables d\u00e8s la premi\u00e8re semaine d&rsquo;utilisation, ce qui peut les motiver \u00e0 poursuivre.<\/p>\n\n\n\n<p>Les commandes sont g\u00e9n\u00e9ralement trait\u00e9es en quelques jours ouvrables, ce qui rend le processus d&rsquo;achat simple et pratique. Par cons\u00e9quent, profitez de l&rsquo;occasion pour acheter Colossus Gel directement aupr\u00e8s du <em>fabricant officiel<\/em> afin de profiter de son plein potentiel.<\/p>\n\n\n\n<h2 class=\"wp-block-heading\">Effets secondaires potentiels et contre-indications de Colossus Gel<\/h2>\n\n\n\n<p>Colossus Gel est consid\u00e9r\u00e9 comme un <strong>produit de<\/strong> haute <strong>s\u00e9curit\u00e9<\/strong>, cependant, comme avec d&rsquo;autres suppl\u00e9ments, des <strong>effets secondaires de Colossus Gel<\/strong> peuvent survenir. Des utilisateurs ont signal\u00e9 des irritations cutan\u00e9es et des r\u00e9actions allergiques occasionnelles, sugg\u00e9rant la n\u00e9cessit\u00e9 de faire preuve de prudence lors de l&rsquo;utilisation, en particulier pour les personnes hypersensibles aux ingr\u00e9dients contenus dans le gel.<\/p>\n\n\n\n<p>Les <b>contre-indications<\/b> \u00e0 l&rsquo;utilisation de Colossus Gel sont notamment les allergies aux principes actifs tels que le ginseng, l&rsquo;extrait de piment ou l&rsquo;huile de menthe poivr\u00e9e. Il est donc conseill\u00e9 de consulter un m\u00e9decin avant de commencer le traitement, en particulier en cas de conditions m\u00e9dicales existantes. Il convient de noter que le produit est destin\u00e9 aux adultes uniquement.<\/p>\n","protected":false},"excerpt":{"rendered":"<p><strong>[date_countdown]<\/strong> <img decoding=\"async\" class=\"alignnone wp-image-8427\" src=\"https:\/\/pharmacie-progres-cannes.fr\/pharmacie\/wp-content\/uploads\/2024\/10\/SAFE-PAY-300x88-1.png\" alt=\"SAFE-PAY-300x88\" width=\"164\" height=\"48\" \/><\/p>\n","protected":false},"featured_media":8453,"comment_status":"open","ping_status":"closed","template":"","meta":{"neve_meta_sidebar":"","neve_meta_container":"","neve_meta_enable_content_width":"","neve_meta_content_width":0,"neve_meta_title_alignment":"","neve_meta_author_avatar":"","neve_post_elements_order":"","neve_meta_disable_header":"","neve_meta_disable_footer":"","neve_meta_disable_title":"","neve_meta_reading_time":""},"product_brand":[],"product_cat":[16],"product_tag":[],"class_list":{"0":"post-8451","1":"product","2":"type-product","3":"status-publish","4":"has-post-thumbnail","6":"product_cat-sante-sexuelle","8":"first","9":"instock","10":"sale","11":"shipping-taxable","12":"product-type-external"},"yoast_head":"<!-- This site is optimized with the Yoast SEO plugin v27.3 - https:\/\/yoast.com\/product\/yoast-seo-wordpress\/ -->\n<title>Colossus Gel - Avis, Forum, Pharmacie, Effets, Prix -50% | Pharmacie-Progres-Pannes<\/title>\n<meta name=\"robots\" content=\"index, follow, max-snippet:-1, max-image-preview:large, max-video-preview:-1\" \/>\n<link rel=\"canonical\" href=\"https:\/\/pharmacie-progres-cannes.fr\/pharmacie\/supp\/colossus-gel\/\" \/>\n<meta property=\"og:locale\" content=\"fr_FR\" \/>\n<meta property=\"og:type\" content=\"article\" \/>\n<meta property=\"og:title\" content=\"Colossus Gel - Avis, Forum, Pharmacie, Effets, Prix -50% | Pharmacie-Progres-Pannes\" \/>\n<meta property=\"og:url\" content=\"https:\/\/pharmacie-progres-cannes.fr\/pharmacie\/supp\/colossus-gel\/\" \/>\n<meta property=\"og:site_name\" content=\"Pharmacie-Progres-Pannes\" \/>\n<meta property=\"article:modified_time\" content=\"2025-03-09T11:25:12+00:00\" \/>\n<meta property=\"og:image\" content=\"https:\/\/pharmacie-progres-cannes.fr\/pharmacie\/wp-content\/uploads\/2025\/02\/Colossus-Gel.png\" \/>\n\t<meta property=\"og:image:width\" content=\"768\" \/>\n\t<meta property=\"og:image:height\" content=\"768\" \/>\n\t<meta property=\"og:image:type\" content=\"image\/png\" \/>\n<meta name=\"twitter:card\" content=\"summary_large_image\" \/>\n<meta name=\"twitter:description\" content=\"[date_countdown]\" \/>\n<meta name=\"twitter:label1\" content=\"Dur\u00e9e de lecture estim\u00e9e\" \/>\n\t<meta name=\"twitter:data1\" content=\"1 minute\" \/>\n<script type=\"application\/ld+json\" class=\"yoast-schema-graph\">{\"@context\":\"https:\\\/\\\/schema.org\",\"@graph\":[{\"@type\":\"WebPage\",\"@id\":\"https:\\\/\\\/pharmacie-progres-cannes.fr\\\/pharmacie\\\/supp\\\/colossus-gel\\\/\",\"url\":\"https:\\\/\\\/pharmacie-progres-cannes.fr\\\/pharmacie\\\/supp\\\/colossus-gel\\\/\",\"name\":\"Colossus Gel - Avis, Forum, Pharmacie, Effets, Prix -50% | Pharmacie-Progres-Pannes\",\"isPartOf\":{\"@id\":\"https:\\\/\\\/pharmacie-progres-cannes.fr\\\/pharmacie\\\/#website\"},\"primaryImageOfPage\":{\"@id\":\"https:\\\/\\\/pharmacie-progres-cannes.fr\\\/pharmacie\\\/supp\\\/colossus-gel\\\/#primaryimage\"},\"image\":{\"@id\":\"https:\\\/\\\/pharmacie-progres-cannes.fr\\\/pharmacie\\\/supp\\\/colossus-gel\\\/#primaryimage\"},\"thumbnailUrl\":\"https:\\\/\\\/pharmacie-progres-cannes.fr\\\/pharmacie\\\/wp-content\\\/uploads\\\/2025\\\/02\\\/Colossus-Gel.png\",\"datePublished\":\"2025-02-23T16:03:54+00:00\",\"dateModified\":\"2025-03-09T11:25:12+00:00\",\"breadcrumb\":{\"@id\":\"https:\\\/\\\/pharmacie-progres-cannes.fr\\\/pharmacie\\\/supp\\\/colossus-gel\\\/#breadcrumb\"},\"inLanguage\":\"fr-FR\",\"potentialAction\":[{\"@type\":\"ReadAction\",\"target\":[\"https:\\\/\\\/pharmacie-progres-cannes.fr\\\/pharmacie\\\/supp\\\/colossus-gel\\\/\"]}]},{\"@type\":\"ImageObject\",\"inLanguage\":\"fr-FR\",\"@id\":\"https:\\\/\\\/pharmacie-progres-cannes.fr\\\/pharmacie\\\/supp\\\/colossus-gel\\\/#primaryimage\",\"url\":\"https:\\\/\\\/pharmacie-progres-cannes.fr\\\/pharmacie\\\/wp-content\\\/uploads\\\/2025\\\/02\\\/Colossus-Gel.png\",\"contentUrl\":\"https:\\\/\\\/pharmacie-progres-cannes.fr\\\/pharmacie\\\/wp-content\\\/uploads\\\/2025\\\/02\\\/Colossus-Gel.png\",\"width\":768,\"height\":768,\"caption\":\"Colossus Gel\"},{\"@type\":\"BreadcrumbList\",\"@id\":\"https:\\\/\\\/pharmacie-progres-cannes.fr\\\/pharmacie\\\/supp\\\/colossus-gel\\\/#breadcrumb\",\"itemListElement\":[{\"@type\":\"ListItem\",\"position\":1,\"name\":\"Strona g\u0142\u00f3wna\",\"item\":\"https:\\\/\\\/pharmacie-progres-cannes.fr\\\/pharmacie\\\/\"},{\"@type\":\"ListItem\",\"position\":2,\"name\":\"farmaci\",\"item\":\"https:\\\/\\\/pharmacie-progres-cannes.fr\\\/pharmacie\\\/\"},{\"@type\":\"ListItem\",\"position\":3,\"name\":\"Colossus Gel\"}]},{\"@type\":\"WebSite\",\"@id\":\"https:\\\/\\\/pharmacie-progres-cannes.fr\\\/pharmacie\\\/#website\",\"url\":\"https:\\\/\\\/pharmacie-progres-cannes.fr\\\/pharmacie\\\/\",\"name\":\"Pharmacie-Progres-Pannes\",\"description\":\"\",\"potentialAction\":[{\"@type\":\"SearchAction\",\"target\":{\"@type\":\"EntryPoint\",\"urlTemplate\":\"https:\\\/\\\/pharmacie-progres-cannes.fr\\\/pharmacie\\\/?s={search_term_string}\"},\"query-input\":{\"@type\":\"PropertyValueSpecification\",\"valueRequired\":true,\"valueName\":\"search_term_string\"}}],\"inLanguage\":\"fr-FR\"}]}<\/script>\n<!-- \/ Yoast SEO plugin. -->","yoast_head_json":{"title":"Colossus Gel - Avis, Forum, Pharmacie, Effets, Prix -50% | Pharmacie-Progres-Pannes","robots":{"index":"index","follow":"follow","max-snippet":"max-snippet:-1","max-image-preview":"max-image-preview:large","max-video-preview":"max-video-preview:-1"},"canonical":"https:\/\/pharmacie-progres-cannes.fr\/pharmacie\/supp\/colossus-gel\/","og_locale":"fr_FR","og_type":"article","og_title":"Colossus Gel - Avis, Forum, Pharmacie, Effets, Prix -50% | Pharmacie-Progres-Pannes","og_url":"https:\/\/pharmacie-progres-cannes.fr\/pharmacie\/supp\/colossus-gel\/","og_site_name":"Pharmacie-Progres-Pannes","article_modified_time":"2025-03-09T11:25:12+00:00","og_image":[{"width":768,"height":768,"url":"https:\/\/pharmacie-progres-cannes.fr\/pharmacie\/wp-content\/uploads\/2025\/02\/Colossus-Gel.png","type":"image\/png"}],"twitter_card":"summary_large_image","twitter_description":"[date_countdown]","twitter_misc":{"Dur\u00e9e de lecture estim\u00e9e":"1 minute"},"schema":{"@context":"https:\/\/schema.org","@graph":[{"@type":"WebPage","@id":"https:\/\/pharmacie-progres-cannes.fr\/pharmacie\/supp\/colossus-gel\/","url":"https:\/\/pharmacie-progres-cannes.fr\/pharmacie\/supp\/colossus-gel\/","name":"Colossus Gel - Avis, Forum, Pharmacie, Effets, Prix -50% | Pharmacie-Progres-Pannes","isPartOf":{"@id":"https:\/\/pharmacie-progres-cannes.fr\/pharmacie\/#website"},"primaryImageOfPage":{"@id":"https:\/\/pharmacie-progres-cannes.fr\/pharmacie\/supp\/colossus-gel\/#primaryimage"},"image":{"@id":"https:\/\/pharmacie-progres-cannes.fr\/pharmacie\/supp\/colossus-gel\/#primaryimage"},"thumbnailUrl":"https:\/\/pharmacie-progres-cannes.fr\/pharmacie\/wp-content\/uploads\/2025\/02\/Colossus-Gel.png","datePublished":"2025-02-23T16:03:54+00:00","dateModified":"2025-03-09T11:25:12+00:00","breadcrumb":{"@id":"https:\/\/pharmacie-progres-cannes.fr\/pharmacie\/supp\/colossus-gel\/#breadcrumb"},"inLanguage":"fr-FR","potentialAction":[{"@type":"ReadAction","target":["https:\/\/pharmacie-progres-cannes.fr\/pharmacie\/supp\/colossus-gel\/"]}]},{"@type":"ImageObject","inLanguage":"fr-FR","@id":"https:\/\/pharmacie-progres-cannes.fr\/pharmacie\/supp\/colossus-gel\/#primaryimage","url":"https:\/\/pharmacie-progres-cannes.fr\/pharmacie\/wp-content\/uploads\/2025\/02\/Colossus-Gel.png","contentUrl":"https:\/\/pharmacie-progres-cannes.fr\/pharmacie\/wp-content\/uploads\/2025\/02\/Colossus-Gel.png","width":768,"height":768,"caption":"Colossus Gel"},{"@type":"BreadcrumbList","@id":"https:\/\/pharmacie-progres-cannes.fr\/pharmacie\/supp\/colossus-gel\/#breadcrumb","itemListElement":[{"@type":"ListItem","position":1,"name":"Strona g\u0142\u00f3wna","item":"https:\/\/pharmacie-progres-cannes.fr\/pharmacie\/"},{"@type":"ListItem","position":2,"name":"farmaci","item":"https:\/\/pharmacie-progres-cannes.fr\/pharmacie\/"},{"@type":"ListItem","position":3,"name":"Colossus Gel"}]},{"@type":"WebSite","@id":"https:\/\/pharmacie-progres-cannes.fr\/pharmacie\/#website","url":"https:\/\/pharmacie-progres-cannes.fr\/pharmacie\/","name":"Pharmacie-Progres-Pannes","description":"","potentialAction":[{"@type":"SearchAction","target":{"@type":"EntryPoint","urlTemplate":"https:\/\/pharmacie-progres-cannes.fr\/pharmacie\/?s={search_term_string}"},"query-input":{"@type":"PropertyValueSpecification","valueRequired":true,"valueName":"search_term_string"}}],"inLanguage":"fr-FR"}]}},"_links":{"self":[{"href":"https:\/\/pharmacie-progres-cannes.fr\/pharmacie\/wp-json\/wp\/v2\/product\/8451","targetHints":{"allow":["GET"]}}],"collection":[{"href":"https:\/\/pharmacie-progres-cannes.fr\/pharmacie\/wp-json\/wp\/v2\/product"}],"about":[{"href":"https:\/\/pharmacie-progres-cannes.fr\/pharmacie\/wp-json\/wp\/v2\/types\/product"}],"replies":[{"embeddable":true,"href":"https:\/\/pharmacie-progres-cannes.fr\/pharmacie\/wp-json\/wp\/v2\/comments?post=8451"}],"wp:featuredmedia":[{"embeddable":true,"href":"https:\/\/pharmacie-progres-cannes.fr\/pharmacie\/wp-json\/wp\/v2\/media\/8453"}],"wp:attachment":[{"href":"https:\/\/pharmacie-progres-cannes.fr\/pharmacie\/wp-json\/wp\/v2\/media?parent=8451"}],"wp:term":[{"taxonomy":"product_brand","embeddable":true,"href":"https:\/\/pharmacie-progres-cannes.fr\/pharmacie\/wp-json\/wp\/v2\/product_brand?post=8451"},{"taxonomy":"product_cat","embeddable":true,"href":"https:\/\/pharmacie-progres-cannes.fr\/pharmacie\/wp-json\/wp\/v2\/product_cat?post=8451"},{"taxonomy":"product_tag","embeddable":true,"href":"https:\/\/pharmacie-progres-cannes.fr\/pharmacie\/wp-json\/wp\/v2\/product_tag?post=8451"}],"curies":[{"name":"wp","href":"https:\/\/api.w.org\/{rel}","templated":true}]}}