{"id":8431,"date":"2025-01-18T13:13:51","date_gmt":"2025-01-18T13:13:51","guid":{"rendered":"https:\/\/chirurgie-orthopedie-vannes.fr\/pharmacie\/?post_type=product&#038;p=8431"},"modified":"2025-03-17T17:05:32","modified_gmt":"2025-03-17T17:05:32","slug":"menstill","status":"publish","type":"product","link":"https:\/\/pharmacie-progres-cannes.fr\/pharmacie\/supp\/menstill\/","title":{"rendered":"Menstill"},"content":{"rendered":"\n<h2 class=\"wp-block-heading\">Qu&rsquo;est-ce que Menstill et comment fonctionne-t-il ?<\/h2>\n\n\n\n<p><b>Menstill<\/b> est un <b>compl\u00e9ment<\/b> innovant bas\u00e9 sur une formule d&rsquo;ingr\u00e9dients naturels soigneusement s\u00e9lectionn\u00e9s. Son objectif principal est d&rsquo;am\u00e9liorer l&rsquo;\u00e9quilibre hormonal des hommes, ce qui est crucial pour la sant\u00e9 et le bien-\u00eatre. Le compl\u00e9ment soutient l&rsquo;organisme dans les moments difficiles tels que le stress, la fatigue et les efforts physiques intenses.<\/p>\n\n\n\n<p>Menstill agit en stimulant la production de testost\u00e9rone, ce qui am\u00e9liore la qualit\u00e9 de la vie sexuelle et le bien-\u00eatre mental en g\u00e9n\u00e9ral. L&rsquo;<b>utilisation<\/b> r\u00e9guli\u00e8re <b>de<\/b> ce compl\u00e9ment peut favoriser une fonction m\u00e9tabolique normale, ce qui se traduit par de meilleures performances dans l&rsquo;activit\u00e9 physique. Des \u00e9tudes ont montr\u00e9 que les <b>ingr\u00e9dients<\/b> qu&rsquo;il contient, tels que le <em>Tribulus terrestris<\/em> et la <em>Maca p\u00e9ruvienne<\/em>, peuvent affecter de mani\u00e8re significative la libido et am\u00e9liorer la fonction sexuelle des hommes.<\/p>\n\n\n\n<p>Menstill est la r\u00e9ponse aux probl\u00e8mes croissants d&rsquo;\u00e9quilibre hormonal chez les hommes de tous \u00e2ges. Gr\u00e2ce \u00e0 sa formulation naturelle, le compl\u00e9ment peut \u00eatre une alternative s\u00fbre pour ceux qui recherchent un soutien dans le maintien de la sant\u00e9 sexuelle. Le bon dosage et une utilisation r\u00e9guli\u00e8re sont essentiels pour obtenir les r\u00e9sultats souhait\u00e9s.<\/p>\n\n\n\n<h2 class=\"wp-block-heading\">Les bienfaits de Menstill &#8211; Effets<\/h2>\n\n\n\n<p>L&rsquo;utilisation de Menstill pr\u00e9sente un certain nombre d&rsquo;<b>avantages<\/b> significatifs <b>pour<\/b> la sant\u00e9. Les utilisateurs constatent une augmentation des niveaux d&rsquo;\u00e9nergie et une am\u00e9lioration de la concentration, ce qui contribue \u00e0 de meilleures performances au travail et dans la vie de tous les jours. Ces <b>effets<\/b> sont particuli\u00e8rement importants pour les hommes qui souhaitent augmenter leurs performances physiques.<\/p>\n\n\n\n<p>En prenant ce compl\u00e9ment r\u00e9guli\u00e8rement, de nombreuses personnes font \u00e9tat d&rsquo;une am\u00e9lioration de leur fonction sexuelle. Apr\u00e8s l&rsquo;\u00e2ge de 30 ans, la capacit\u00e9 naturelle des hommes \u00e0 vivre une vie intime peut diminuer. La prise de Menstill est une r\u00e9ponse efficace \u00e0 ce probl\u00e8me. Des \u00e9tudes montrent que la premi\u00e8re dose peut augmenter jusqu&rsquo;\u00e0 deux fois les performances sexuelles et que l&rsquo;utilisation continue du compl\u00e9ment augmente le d\u00e9sir d&rsquo;initiation sexuelle de 96%.<\/p>\n\n\n\n<p>En outre, Menstill favorise la production d&rsquo;oxyde nitrique gr\u00e2ce \u00e0 sa teneur en L-arginine, qui est cruciale pour des \u00e9rections saines. De nombreuses personnes font \u00e9galement \u00e9tat d&rsquo;une plus grande satisfaction dans l&rsquo;obtention et le maintien des \u00e9rections apr\u00e8s la prise de Menstill. Une utilisation r\u00e9guli\u00e8re aide \u00e0 r\u00e9duire les sympt\u00f4mes associ\u00e9s \u00e0 un faible taux de testost\u00e9rone, tels que la fatigue et la baisse de la libido.<\/p>\n\n\n\n<p>En r\u00e9sum\u00e9, l&rsquo;utilisation de Menstill est un pas vers un meilleur bien-\u00eatre et une meilleure qualit\u00e9 de vie, ce qui fait de ce compl\u00e9ment un choix pr\u00e9cieux pour les hommes qui cherchent \u00e0 am\u00e9liorer leur \u00e9tat <b>de<\/b> sant\u00e9. Quiconque choisit d&rsquo;utiliser Menstill est s\u00fbr de constater ses <b>effets<\/b> positifs dans sa vie quotidienne.<\/p>\n\n\n\n<h2 class=\"wp-block-heading\">Menstill dosage &#8211; Comment l&rsquo;utiliser ?<\/h2>\n\n\n\n<p>La <b>posologie de<\/b> Menstill doit \u00eatre adapt\u00e9e aux besoins individuels et aux recommandations du fabricant figurant dans la notice. La dose standard est d&rsquo;<em>une g\u00e9lule par jour<\/em>, \u00e0 prendre de pr\u00e9f\u00e9rence au cours d&rsquo;un repas. Pour obtenir des r\u00e9sultats optimaux, il est essentiel de prendre le compl\u00e9ment dans le bon dosage.<\/p>\n\n\n\n<p>Il est conseill\u00e9 de consulter votre m\u00e9decin avant de commencer la suppl\u00e9mentation, en particulier si vous prenez d&rsquo;autres m\u00e9dicaments ou si vous avez des probl\u00e8mes de sant\u00e9 ant\u00e9rieurs. \u00c9vitez de d\u00e9passer la dose recommand\u00e9e, car cela peut entra\u00eener des effets secondaires.<\/p>\n\n\n\n<p>Il convient de rappeler que l&rsquo;utilisation r\u00e9guli\u00e8re de Menstill, selon les recommandations, peut contribuer \u00e0 am\u00e9liorer la fonction sexuelle et le bien-\u00eatre g\u00e9n\u00e9ral. Le compl\u00e9ment contient des <b>ingr\u00e9dients<\/b> tels que le ginseng et la L-arginine pour soutenir la circulation et la sant\u00e9 sexuelle. Les effets peuvent varier en fonction de l&rsquo;\u00e9tat de l&rsquo;organisme, mais une utilisation r\u00e9guli\u00e8re permet d&rsquo;obtenir les meilleurs r\u00e9sultats.<\/p>\n\n\n\n<h2 class=\"wp-block-heading\">Menstill &#8211; Avis et critiques, Forum<\/h2>\n\n\n\n<p><b>Les commentaires<\/b> sur Menstill sont extr\u00eamement positifs. Les utilisateurs remarquent des am\u00e9liorations significatives dans divers aspects de la sant\u00e9 et du bien-\u00eatre apr\u00e8s avoir pris ce compl\u00e9ment. De nombreux commentaires soulignent l&rsquo;effet positif de Menstill sur la libido. Le <b>forum de<\/b> discussion est devenu un espace o\u00f9 les <b>hommes<\/b> partagent leurs exp\u00e9riences, ce qui confirme l&rsquo;efficacit\u00e9 de ce produit.<\/p>\n\n\n\n<ul class=\"wp-block-list\">\n<li><em>Evaluation :<\/em> Menstill a obtenu une note \u00e9lev\u00e9e de 4,94 \u00e9toiles sur 5 parmi les utilisateurs.<\/li>\n\n\n\n<li><em>Changements :<\/em> L&rsquo;utilisation r\u00e9guli\u00e8re du compl\u00e9ment a des effets visibles, notamment une augmentation de l&rsquo;\u00e9nergie et une meilleure qualit\u00e9 de sommeil.<\/li>\n\n\n\n<li><em>Retour d&rsquo;exp\u00e9rience :<\/em> Les utilisateurs d\u00e9crivent des changements positifs en mati\u00e8re de *concentration* et une diminution des probl\u00e8mes de stress.<\/li>\n<\/ul>\n\n\n\n<p>Tous les avis soulignent que Menstill est un compl\u00e9ment qui soutient efficacement la sant\u00e9 sexuelle des hommes. Les utilisateurs du <b>forum<\/b> indiquent que de nombreux ingr\u00e9dients du compl\u00e9ment agissent pour am\u00e9liorer la \u00a0\u00bb circulation sanguine \u00ab\u00a0, ce qui contribue \u00e0 des \u00e9rections plus fortes. L&rsquo;herbe de l&rsquo;Himalaya qui am\u00e9liore la libido et d&rsquo;autres plantes incluses <b>dans<\/b> Menstill sont reconnues pour leur soutien intime naturel aux hommes.<\/p>\n\n\n\n<p>De nombreuses personnes constatent \u00e9galement que l&rsquo;am\u00e9lioration du bien-\u00eatre se r\u00e9percute sur les relations amoureuses. Les <b>ingr\u00e9dients<\/b> contenus dans Menstill contribuent \u00e0 une plus grande confiance en soi et \u00e0 une meilleure vie sexuelle. Ce qui distingue Menstill des autres compl\u00e9ments, ce sont les exp\u00e9riences authentiques des utilisateurs, que l&rsquo;on peut trouver sur diff\u00e9rents forums o\u00f9 ils discutent activement des effets de l&rsquo;utilisation de ce produit.<\/p>\n\n\n\n<h2 class=\"wp-block-heading\">Menstill &#8211; Composition &#8211; Que contient-il ?<\/h2>\n\n\n\n<p>Menstill est un suppl\u00e9ment <em>formul\u00e9<\/em> avec des ingr\u00e9dients soigneusement s\u00e9lectionn\u00e9s pour soutenir l&rsquo;\u00e9quilibre hormonal chez les hommes. Les <em>ingr\u00e9dients<\/em> cl\u00e9s <em>de<\/em> Menstill sont l&rsquo;extrait d&rsquo;ortie, connu pour favoriser la production de testost\u00e9rone, et le zinc, important pour la sant\u00e9 des hommes et leur syst\u00e8me endocrinien. En outre, le suppl\u00e9ment est compl\u00e9t\u00e9 par des vitamines B, qui soutiennent le m\u00e9tabolisme \u00e9nerg\u00e9tique et la vitalit\u00e9 g\u00e9n\u00e9rale de l&rsquo;organisme.<\/p>\n\n\n\n<p>La formule de Menstill contient \u00e9galement de la L-arginine, qui am\u00e9liore le flux sanguin, ce qui est essentiel pour obtenir et maintenir une \u00e9rection. L&rsquo;extrait de ginseng a un effet adaptog\u00e8ne qui permet \u00e0 l&rsquo;organisme de mieux faire face au stress. Le tribulus terrestris peut augmenter les niveaux de testost\u00e9rone, ce qui est important pour la libido, et la racine de maca est reconnue pour ses propri\u00e9t\u00e9s stimulantes en termes d&rsquo;\u00e9nergie et d&rsquo;endurance.<\/p>\n\n\n\n<p>Le zinc, ainsi que les vitamines B6 et B12, jouent un r\u00f4le important dans le m\u00e9tabolisme \u00e9nerg\u00e9tique. En comprenant la <em>composition de<\/em> Menstill, il est possible d&rsquo;en appr\u00e9cier les <b>b\u00e9n\u00e9fices<\/b> potentiels <b>pour<\/b> la sant\u00e9. L&rsquo;utilisation r\u00e9guli\u00e8re du compl\u00e9ment, combin\u00e9e \u00e0 un mode de vie actif, donne les meilleurs r\u00e9sultats, comme le confirment les <b>commentaires<\/b> positifs <b>des<\/b> utilisateurs.<\/p>\n\n\n\n<h2 class=\"wp-block-heading\">O\u00f9 acheter et combien co\u00fbte Menstill &#8211; prix<\/h2>\n\n\n\n<p>Menstill ne peut \u00eatre achet\u00e9 que sur le site officiel du fabricant. L&rsquo;achat en ligne offre de nombreux avantages, notamment l&rsquo;acc\u00e8s aux promotions et remises en cours qui peuvent r\u00e9duire le prix du compl\u00e9ment.<\/p>\n\n\n\n<p>Il convient de noter que Menstill est un compl\u00e9ment que l&rsquo;on ne trouve que dans la vente en ligne, ce qui signifie qu&rsquo;il n&rsquo;est pas disponible dans les pharmacies stationnaires. Ce mod\u00e8le de vente contribue \u00e0 maintenir des prix comp\u00e9titifs et permet au fabricant de proposer des promotions suppl\u00e9mentaires. Compte tenu de ces facteurs, les effets de co\u00fbt de Menstill semblent attrayants, surtout si on les compare \u00e0 d&rsquo;autres suppl\u00e9ments sur le march\u00e9.<\/p>\n\n\n\n<p>L&rsquo;achat d&rsquo;un compl\u00e9ment en ligne permet non seulement de gagner du temps, mais s&rsquo;accompagne souvent de remises suppl\u00e9mentaires, ce qui encourage les d\u00e9cisions d&rsquo;achat plus favorables. Il vaut donc la peine de r\u00e9fl\u00e9chir \u00e0 l&rsquo;<em>endroit o\u00f9 acheter<\/em> Menstill pour ne pas passer \u00e0 c\u00f4t\u00e9 d&rsquo;offres avantageuses.<\/p>\n\n\n\n<h2 class=\"wp-block-heading\">Menstill &#8211; Effets secondaires potentiels et contre-indications d&rsquo;utilisation<\/h2>\n\n\n\n<p>Menstill est reconnu comme un compl\u00e9ment d&rsquo;\u00e9quilibre hormonal mais, comme pour de nombreux compl\u00e9ments, des <b>effets secondaires<\/b> peuvent survenir. Les maux de t\u00eate et les vertiges figurent parmi les sympt\u00f4mes les plus fr\u00e9quemment signal\u00e9s. Certains utilisateurs se plaignent \u00e9galement de troubles gastriques. C&rsquo;est pourquoi il est particuli\u00e8rement important pour les personnes allergiques et celles souffrant de maladies chroniques de demander l&rsquo;avis d&rsquo;un m\u00e9decin avant de commencer \u00e0 prendre des suppl\u00e9ments.<\/p>\n\n\n\n<p>Un autre aspect important est celui des <b>contre-indications<\/b> pour l&rsquo;utilisation de Menstill. Ce compl\u00e9ment est d\u00e9conseill\u00e9 aux personnes de moins de 18 ans, ainsi qu&rsquo;aux femmes enceintes et allaitantes. Une bonne approche de l&rsquo;utilisation de ce compl\u00e9ment n\u00e9cessite donc une r\u00e9flexion et une planification pr\u00e9alables afin d&rsquo;\u00e9viter les effets ind\u00e9sirables. Il convient \u00e9galement d&rsquo;observer les r\u00e9actions de l&rsquo;organisme pendant le traitement.<\/p>\n\n\n\n<p>Il convient \u00e9galement de rappeler que chaque organisme r\u00e9agit diff\u00e9remment. Par cons\u00e9quent, si vous ressentez des <b>effets secondaires<\/b> ind\u00e9sirables apr\u00e8s avoir commenc\u00e9 \u00e0 utiliser Menstill, vous devriez arr\u00eater son utilisation et consulter votre m\u00e9decin pour choisir la forme de soutien la mieux adapt\u00e9e \u00e0 votre sant\u00e9. En faisant preuve de prudence et en prenant une d\u00e9cision \u00e9clair\u00e9e quant \u00e0 l&rsquo;utilisation du compl\u00e9ment, vous obtiendrez de meilleurs r\u00e9sultats et une plus grande s\u00e9curit\u00e9.<\/p>\n","protected":false},"excerpt":{"rendered":"<p><strong>[date_countdown]<\/strong><\/p>\n<p><img decoding=\"async\" class=\"alignnone  wp-image-8427\" src=\"https:\/\/pharmacie-progres-cannes.fr\/pharmacie\/wp-content\/uploads\/2024\/10\/SAFE-PAY-300x88-1.png\" alt=\"SAFE-PAY-300x88\" width=\"164\" height=\"48\" \/><\/p>\n","protected":false},"featured_media":8432,"comment_status":"open","ping_status":"closed","template":"","meta":{"neve_meta_sidebar":"","neve_meta_container":"","neve_meta_enable_content_width":"","neve_meta_content_width":0,"neve_meta_title_alignment":"","neve_meta_author_avatar":"","neve_post_elements_order":"","neve_meta_disable_header":"","neve_meta_disable_footer":"","neve_meta_disable_title":"","neve_meta_reading_time":""},"product_brand":[],"product_cat":[16],"product_tag":[],"class_list":{"0":"post-8431","1":"product","2":"type-product","3":"status-publish","4":"has-post-thumbnail","6":"product_cat-sante-sexuelle","8":"first","9":"instock","10":"sale","11":"shipping-taxable","12":"product-type-external"},"yoast_head":"<!-- This site is optimized with the Yoast SEO plugin v27.3 - https:\/\/yoast.com\/product\/yoast-seo-wordpress\/ -->\n<title>Menstill - Avis, Forum, Pharmacie, Effets, Prix -50% | Pharmacie-Progres-Pannes<\/title>\n<meta name=\"robots\" content=\"index, follow, max-snippet:-1, max-image-preview:large, max-video-preview:-1\" \/>\n<link rel=\"canonical\" href=\"https:\/\/pharmacie-progres-cannes.fr\/pharmacie\/supp\/menstill\/\" \/>\n<meta property=\"og:locale\" content=\"fr_FR\" \/>\n<meta property=\"og:type\" content=\"article\" \/>\n<meta property=\"og:title\" content=\"Menstill - Avis, Forum, Pharmacie, Effets, Prix -50% | Pharmacie-Progres-Pannes\" \/>\n<meta property=\"og:url\" content=\"https:\/\/pharmacie-progres-cannes.fr\/pharmacie\/supp\/menstill\/\" \/>\n<meta property=\"og:site_name\" content=\"Pharmacie-Progres-Pannes\" \/>\n<meta property=\"article:modified_time\" content=\"2025-03-17T17:05:32+00:00\" \/>\n<meta property=\"og:image\" content=\"https:\/\/pharmacie-progres-cannes.fr\/pharmacie\/wp-content\/uploads\/2025\/01\/Menstill.png\" \/>\n\t<meta property=\"og:image:width\" content=\"768\" \/>\n\t<meta property=\"og:image:height\" content=\"768\" \/>\n\t<meta property=\"og:image:type\" content=\"image\/png\" \/>\n<meta name=\"twitter:card\" content=\"summary_large_image\" \/>\n<meta name=\"twitter:description\" content=\"[date_countdown]\" \/>\n<meta name=\"twitter:label1\" content=\"Dur\u00e9e de lecture estim\u00e9e\" \/>\n\t<meta name=\"twitter:data1\" content=\"1 minute\" \/>\n<script type=\"application\/ld+json\" class=\"yoast-schema-graph\">{\"@context\":\"https:\\\/\\\/schema.org\",\"@graph\":[{\"@type\":\"WebPage\",\"@id\":\"https:\\\/\\\/pharmacie-progres-cannes.fr\\\/pharmacie\\\/supp\\\/menstill\\\/\",\"url\":\"https:\\\/\\\/pharmacie-progres-cannes.fr\\\/pharmacie\\\/supp\\\/menstill\\\/\",\"name\":\"Menstill - Avis, Forum, Pharmacie, Effets, Prix -50% | Pharmacie-Progres-Pannes\",\"isPartOf\":{\"@id\":\"https:\\\/\\\/pharmacie-progres-cannes.fr\\\/pharmacie\\\/#website\"},\"primaryImageOfPage\":{\"@id\":\"https:\\\/\\\/pharmacie-progres-cannes.fr\\\/pharmacie\\\/supp\\\/menstill\\\/#primaryimage\"},\"image\":{\"@id\":\"https:\\\/\\\/pharmacie-progres-cannes.fr\\\/pharmacie\\\/supp\\\/menstill\\\/#primaryimage\"},\"thumbnailUrl\":\"https:\\\/\\\/pharmacie-progres-cannes.fr\\\/pharmacie\\\/wp-content\\\/uploads\\\/2025\\\/01\\\/Menstill.png\",\"datePublished\":\"2025-01-18T13:13:51+00:00\",\"dateModified\":\"2025-03-17T17:05:32+00:00\",\"breadcrumb\":{\"@id\":\"https:\\\/\\\/pharmacie-progres-cannes.fr\\\/pharmacie\\\/supp\\\/menstill\\\/#breadcrumb\"},\"inLanguage\":\"fr-FR\",\"potentialAction\":[{\"@type\":\"ReadAction\",\"target\":[\"https:\\\/\\\/pharmacie-progres-cannes.fr\\\/pharmacie\\\/supp\\\/menstill\\\/\"]}]},{\"@type\":\"ImageObject\",\"inLanguage\":\"fr-FR\",\"@id\":\"https:\\\/\\\/pharmacie-progres-cannes.fr\\\/pharmacie\\\/supp\\\/menstill\\\/#primaryimage\",\"url\":\"https:\\\/\\\/pharmacie-progres-cannes.fr\\\/pharmacie\\\/wp-content\\\/uploads\\\/2025\\\/01\\\/Menstill.png\",\"contentUrl\":\"https:\\\/\\\/pharmacie-progres-cannes.fr\\\/pharmacie\\\/wp-content\\\/uploads\\\/2025\\\/01\\\/Menstill.png\",\"width\":768,\"height\":768,\"caption\":\"Menstill\"},{\"@type\":\"BreadcrumbList\",\"@id\":\"https:\\\/\\\/pharmacie-progres-cannes.fr\\\/pharmacie\\\/supp\\\/menstill\\\/#breadcrumb\",\"itemListElement\":[{\"@type\":\"ListItem\",\"position\":1,\"name\":\"Strona g\u0142\u00f3wna\",\"item\":\"https:\\\/\\\/pharmacie-progres-cannes.fr\\\/pharmacie\\\/\"},{\"@type\":\"ListItem\",\"position\":2,\"name\":\"farmaci\",\"item\":\"https:\\\/\\\/pharmacie-progres-cannes.fr\\\/pharmacie\\\/\"},{\"@type\":\"ListItem\",\"position\":3,\"name\":\"Menstill\"}]},{\"@type\":\"WebSite\",\"@id\":\"https:\\\/\\\/pharmacie-progres-cannes.fr\\\/pharmacie\\\/#website\",\"url\":\"https:\\\/\\\/pharmacie-progres-cannes.fr\\\/pharmacie\\\/\",\"name\":\"Pharmacie-Progres-Pannes\",\"description\":\"\",\"potentialAction\":[{\"@type\":\"SearchAction\",\"target\":{\"@type\":\"EntryPoint\",\"urlTemplate\":\"https:\\\/\\\/pharmacie-progres-cannes.fr\\\/pharmacie\\\/?s={search_term_string}\"},\"query-input\":{\"@type\":\"PropertyValueSpecification\",\"valueRequired\":true,\"valueName\":\"search_term_string\"}}],\"inLanguage\":\"fr-FR\"}]}<\/script>\n<!-- \/ Yoast SEO plugin. -->","yoast_head_json":{"title":"Menstill - Avis, Forum, Pharmacie, Effets, Prix -50% | Pharmacie-Progres-Pannes","robots":{"index":"index","follow":"follow","max-snippet":"max-snippet:-1","max-image-preview":"max-image-preview:large","max-video-preview":"max-video-preview:-1"},"canonical":"https:\/\/pharmacie-progres-cannes.fr\/pharmacie\/supp\/menstill\/","og_locale":"fr_FR","og_type":"article","og_title":"Menstill - Avis, Forum, Pharmacie, Effets, Prix -50% | Pharmacie-Progres-Pannes","og_url":"https:\/\/pharmacie-progres-cannes.fr\/pharmacie\/supp\/menstill\/","og_site_name":"Pharmacie-Progres-Pannes","article_modified_time":"2025-03-17T17:05:32+00:00","og_image":[{"width":768,"height":768,"url":"https:\/\/pharmacie-progres-cannes.fr\/pharmacie\/wp-content\/uploads\/2025\/01\/Menstill.png","type":"image\/png"}],"twitter_card":"summary_large_image","twitter_description":"[date_countdown]","twitter_misc":{"Dur\u00e9e de lecture estim\u00e9e":"1 minute"},"schema":{"@context":"https:\/\/schema.org","@graph":[{"@type":"WebPage","@id":"https:\/\/pharmacie-progres-cannes.fr\/pharmacie\/supp\/menstill\/","url":"https:\/\/pharmacie-progres-cannes.fr\/pharmacie\/supp\/menstill\/","name":"Menstill - Avis, Forum, Pharmacie, Effets, Prix -50% | Pharmacie-Progres-Pannes","isPartOf":{"@id":"https:\/\/pharmacie-progres-cannes.fr\/pharmacie\/#website"},"primaryImageOfPage":{"@id":"https:\/\/pharmacie-progres-cannes.fr\/pharmacie\/supp\/menstill\/#primaryimage"},"image":{"@id":"https:\/\/pharmacie-progres-cannes.fr\/pharmacie\/supp\/menstill\/#primaryimage"},"thumbnailUrl":"https:\/\/pharmacie-progres-cannes.fr\/pharmacie\/wp-content\/uploads\/2025\/01\/Menstill.png","datePublished":"2025-01-18T13:13:51+00:00","dateModified":"2025-03-17T17:05:32+00:00","breadcrumb":{"@id":"https:\/\/pharmacie-progres-cannes.fr\/pharmacie\/supp\/menstill\/#breadcrumb"},"inLanguage":"fr-FR","potentialAction":[{"@type":"ReadAction","target":["https:\/\/pharmacie-progres-cannes.fr\/pharmacie\/supp\/menstill\/"]}]},{"@type":"ImageObject","inLanguage":"fr-FR","@id":"https:\/\/pharmacie-progres-cannes.fr\/pharmacie\/supp\/menstill\/#primaryimage","url":"https:\/\/pharmacie-progres-cannes.fr\/pharmacie\/wp-content\/uploads\/2025\/01\/Menstill.png","contentUrl":"https:\/\/pharmacie-progres-cannes.fr\/pharmacie\/wp-content\/uploads\/2025\/01\/Menstill.png","width":768,"height":768,"caption":"Menstill"},{"@type":"BreadcrumbList","@id":"https:\/\/pharmacie-progres-cannes.fr\/pharmacie\/supp\/menstill\/#breadcrumb","itemListElement":[{"@type":"ListItem","position":1,"name":"Strona g\u0142\u00f3wna","item":"https:\/\/pharmacie-progres-cannes.fr\/pharmacie\/"},{"@type":"ListItem","position":2,"name":"farmaci","item":"https:\/\/pharmacie-progres-cannes.fr\/pharmacie\/"},{"@type":"ListItem","position":3,"name":"Menstill"}]},{"@type":"WebSite","@id":"https:\/\/pharmacie-progres-cannes.fr\/pharmacie\/#website","url":"https:\/\/pharmacie-progres-cannes.fr\/pharmacie\/","name":"Pharmacie-Progres-Pannes","description":"","potentialAction":[{"@type":"SearchAction","target":{"@type":"EntryPoint","urlTemplate":"https:\/\/pharmacie-progres-cannes.fr\/pharmacie\/?s={search_term_string}"},"query-input":{"@type":"PropertyValueSpecification","valueRequired":true,"valueName":"search_term_string"}}],"inLanguage":"fr-FR"}]}},"_links":{"self":[{"href":"https:\/\/pharmacie-progres-cannes.fr\/pharmacie\/wp-json\/wp\/v2\/product\/8431","targetHints":{"allow":["GET"]}}],"collection":[{"href":"https:\/\/pharmacie-progres-cannes.fr\/pharmacie\/wp-json\/wp\/v2\/product"}],"about":[{"href":"https:\/\/pharmacie-progres-cannes.fr\/pharmacie\/wp-json\/wp\/v2\/types\/product"}],"replies":[{"embeddable":true,"href":"https:\/\/pharmacie-progres-cannes.fr\/pharmacie\/wp-json\/wp\/v2\/comments?post=8431"}],"wp:featuredmedia":[{"embeddable":true,"href":"https:\/\/pharmacie-progres-cannes.fr\/pharmacie\/wp-json\/wp\/v2\/media\/8432"}],"wp:attachment":[{"href":"https:\/\/pharmacie-progres-cannes.fr\/pharmacie\/wp-json\/wp\/v2\/media?parent=8431"}],"wp:term":[{"taxonomy":"product_brand","embeddable":true,"href":"https:\/\/pharmacie-progres-cannes.fr\/pharmacie\/wp-json\/wp\/v2\/product_brand?post=8431"},{"taxonomy":"product_cat","embeddable":true,"href":"https:\/\/pharmacie-progres-cannes.fr\/pharmacie\/wp-json\/wp\/v2\/product_cat?post=8431"},{"taxonomy":"product_tag","embeddable":true,"href":"https:\/\/pharmacie-progres-cannes.fr\/pharmacie\/wp-json\/wp\/v2\/product_tag?post=8431"}],"curies":[{"name":"wp","href":"https:\/\/api.w.org\/{rel}","templated":true}]}}