{"id":4619,"date":"2024-10-18T19:46:47","date_gmt":"2024-10-18T19:46:47","guid":{"rendered":"https:\/\/chirurgie-orthopedie-vannes.fr\/pharmacie\/?post_type=product&#038;p=4619"},"modified":"2025-03-09T11:41:18","modified_gmt":"2025-03-09T11:41:18","slug":"erexol","status":"publish","type":"product","link":"https:\/\/pharmacie-progres-cannes.fr\/pharmacie\/supp\/erexol\/","title":{"rendered":"Erexol"},"content":{"rendered":"\n<h2 class=\"wp-block-heading\">Qu&rsquo;est-ce qu&rsquo;Erexol et comment fonctionne-t-il ?<\/h2>\n\n\n\n<p>Erexol est un <b>compl\u00e9ment alimentaire<\/b> moderne dont l&rsquo;objectif principal est de soutenir la sant\u00e9 sexuelle des hommes. Sa formule unique est bas\u00e9e sur des ingr\u00e9dients naturels qui visent \u00e0 am\u00e9liorer la qualit\u00e9 des \u00e9rections et \u00e0 augmenter la <b>libido<\/b>. Erexol agit en augmentant le flux sanguin vers le p\u00e9nis, ce qui contribue \u00e0 des \u00e9rections plus fortes et plus durables.<\/p>\n\n\n\n<p>La composition d&rsquo;Erexol contient des substances telles que la L-arginine et la racine de maca p\u00e9ruvienne, qui stimulent la production d&rsquo;oxyde nitrique. L&rsquo;oxyde nitrique joue un r\u00f4le cl\u00e9 dans l&rsquo;am\u00e9lioration de la circulation sanguine, ce qui est fondamental pour la sant\u00e9 sexuelle. Les utilisateurs d&rsquo;Erexol constatent souvent des am\u00e9liorations significatives apr\u00e8s seulement quelques jours d&rsquo;utilisation, comme en t\u00e9moigne une \u00e9tude dans laquelle 97% des hommes ont rapport\u00e9 des <b>effets<\/b> b\u00e9n\u00e9fiques apr\u00e8s 12 semaines.<\/p>\n\n\n\n<p>Ce compl\u00e9ment est disponible sans ordonnance, ce qui le rend facile \u00e0 utiliser pour les hommes de tous \u00e2ges. Erexol se distingue \u00e9galement par le fait que ses ingr\u00e9dients sont enti\u00e8rement naturels, ce qui minimise le risque d&rsquo;effets secondaires \u00e9ventuels. L&rsquo;<b>utilisation<\/b> r\u00e9guli\u00e8re <b>d&rsquo;<\/b> Erexol contribue \u00e0 am\u00e9liorer la sant\u00e9 g\u00e9n\u00e9rale de l&rsquo;organisme et \u00e0 soutenir les processus hormonaux, ce qui est important dans le contexte de la sant\u00e9 sexuelle.<\/p>\n\n\n\n<h2 class=\"wp-block-heading\">Avantages d&rsquo;Erexol &#8211; Effets<\/h2>\n\n\n\n<p><b>L&rsquo;utilisation d&rsquo;<\/b> Erexol apporte aux hommes un certain nombre d&rsquo;<b>avantages<\/b> qui ont un impact positif sur la <b>sant\u00e9 sexuelle<\/b>. La prise r\u00e9guli\u00e8re de ce compl\u00e9ment favorise l&rsquo;am\u00e9lioration des \u00e9rections, ce qui contribue \u00e0 des r\u00e9sultats plus durables et plus forts. L&rsquo;extrait de racine de maca contenu dans Erexol augmente la <b>libido<\/b>, ce qui peut accro\u00eetre consid\u00e9rablement la satisfaction intime.<\/p>\n\n\n\n<p>L&rsquo;augmentation de l&rsquo;endurance sexuelle est \u00e9galement l&rsquo;un des <b>avantages<\/b> que les utilisateurs remarquent apr\u00e8s avoir commenc\u00e9 le traitement par Erexol. L&rsquo;effet sur la circulation sanguine, gr\u00e2ce au ginseng cor\u00e9en, est essentiel pour am\u00e9liorer la puissance. Les utilisateurs signalent qu&rsquo;Erexol favorise leur bien-\u00eatre mental, ce qui influe sur la confiance en soi.<\/p>\n\n\n\n<p><b>Les effets d&rsquo;<\/b> Erexol sont visibles apr\u00e8s une courte p\u00e9riode et de nombreux avis positifs d&rsquo;utilisateurs confirment son efficacit\u00e9. Une meilleure sant\u00e9 sexuelle contribue \u00e0 une meilleure qualit\u00e9 de vie, ce qui est essentiel pour une satisfaction \u00e0 long terme dans les relations entre partenaires.<\/p>\n\n\n\n<h2 class=\"wp-block-heading\">Erexol dosage &#8211; Comment l&rsquo;utiliser ?<\/h2>\n\n\n\n<p>Erexol est un <b>compl\u00e9ment alimentaire<\/b> disponible sous forme de g\u00e9lules et doit \u00eatre pris conform\u00e9ment aux recommandations du fabricant afin de maximiser son efficacit\u00e9. La <b>posologie<\/b> recommand\u00e9e <b>d&rsquo;Erexol<\/b> est d&rsquo;une g\u00e9lule par jour. Il est pr\u00e9f\u00e9rable de la prendre au cours d&rsquo;un repas, ce qui favorise l&rsquo;absorption des ingr\u00e9dients actifs. Une utilisation r\u00e9guli\u00e8re, en suivant ces instructions, peut contribuer \u00e0 am\u00e9liorer la fonction sexuelle et le bien-\u00eatre g\u00e9n\u00e9ral.<\/p>\n\n\n\n<p>Il est important de ne pas d\u00e9passer la dose journali\u00e8re recommand\u00e9e, car cela peut entra\u00eener des effets ind\u00e9sirables. En cas de doute sur l&rsquo;utilisation d&rsquo;un compl\u00e9ment alimentaire, il est conseill\u00e9 de consulter son m\u00e9decin. Si la posologie recommand\u00e9e est respect\u00e9e, Erexol peut apporter les <b>b\u00e9n\u00e9fices<\/b> cit\u00e9s par ses utilisateurs.<\/p>\n\n\n\n<ul class=\"wp-block-list\">\n<li>Une g\u00e9lule par jour.<\/li>\n\n\n\n<li>A prendre au cours d&rsquo;un repas.<\/li>\n\n\n\n<li>Ne pas d\u00e9passer la dose recommand\u00e9e.<\/li>\n\n\n\n<li>Consultez votre m\u00e9decin si vous avez des questions.<\/li>\n<\/ul>\n\n\n\n<h2 class=\"wp-block-heading\">Exp\u00e9riences et commentaires des utilisateurs d&rsquo;Erexol &#8211; quels sont les commentaires ?<\/h2>\n\n\n\n<p><b>Les avis<\/b> sur Erexol sont principalement positifs, comme le confirment les <b>exp\u00e9riences de<\/b> nombreux utilisateurs. Beaucoup notent une am\u00e9lioration significative de la qualit\u00e9 de la vie intime apr\u00e8s avoir commenc\u00e9 la suppl\u00e9mentation.<\/p>\n\n\n\n<blockquote class=\"wp-block-quote is-layout-flow wp-block-quote-is-layout-flow\">\n<p>\u00ab\u00a0Erexol m&rsquo;a aid\u00e9 \u00e0 reprendre le contr\u00f4le de ma vie sexuelle. Apr\u00e8s seulement deux semaines d&rsquo;utilisation, j&rsquo;ai remarqu\u00e9 une diff\u00e9rence &#8211; mes \u00e9rections sont devenues plus fortes et plus durables.\u00a0\u00bb &#8211; utilisateur<\/p>\n<\/blockquote>\n\n\n\n<p>Les <b>commentaires des<\/b> utilisateurs font \u00e9tat d&rsquo;une augmentation de la <b>libido<\/b> et d&rsquo;une am\u00e9lioration de l&rsquo;endurance sexuelle. <b>Les hommes<\/b> appr\u00e9cient l&rsquo;absence d&rsquo;effets secondaires, un aspect important pour les personnes soucieuses de leur sant\u00e9.<\/p>\n\n\n\n<figure class=\"wp-block-table\"><table class=\"has-fixed-layout\"><tbody><tr><th>Utilisateur<\/th><th>Exp\u00e9riences<\/th><\/tr><tr><td>Maciej K<\/td><td>\u00ab\u00a0Apr\u00e8s un mois d&rsquo;utilisation d&rsquo;Erexol, j&rsquo;ai remarqu\u00e9 une am\u00e9lioration significative de mon endurance sexuelle.<\/td><\/tr><tr><td>Thomas N<\/td><td>\u00ab\u00a0Erexol m&rsquo;a aid\u00e9 \u00e0 reprendre le contr\u00f4le de ma vie sexuelle. J&rsquo;ai remarqu\u00e9 une diff\u00e9rence apr\u00e8s deux semaines.<\/td><\/tr><tr><td>Kacper T<\/td><td>\u00ab\u00a0J&rsquo;ai d\u00e9cid\u00e9 d&rsquo;essayer Erexol apr\u00e8s avoir lu les commentaires positifs. Je n&rsquo;ai pas \u00e9t\u00e9 d\u00e9\u00e7u.<\/td><\/tr><\/tbody><\/table><\/figure>\n\n\n\n<p>Bien que la plupart des avis soient positifs, certains utilisateurs font \u00e9tat de r\u00e9actions individuelles aux ingr\u00e9dients du compl\u00e9ment. Il est important que chacun garde une trace de ses propres <b>exp\u00e9riences<\/b> et des <b>effets<\/b> secondaires possibles. L&rsquo;utilisation r\u00e9guli\u00e8re d&rsquo;Erexol contribue \u00e0 am\u00e9liorer non seulement la sant\u00e9 sexuelle, mais aussi le bien-\u00eatre g\u00e9n\u00e9ral. La disponibilit\u00e9 du produit, qui se limite \u00e0 l&rsquo;achat en ligne, est \u00e9galement un \u00e9l\u00e9ment cl\u00e9, qui peut influencer les d\u00e9cisions d&rsquo;achat.<\/p>\n\n\n\n<h2 class=\"wp-block-heading\">Composition d&rsquo;Erexol &#8211; Analyse des ingr\u00e9dients<\/h2>\n\n\n\n<p>Erexol contient des ingr\u00e9dients soigneusement s\u00e9lectionn\u00e9s qui soutiennent la performance sexuelle masculine. La formulation d&rsquo;Erexol contient des <b>ingr\u00e9dients actifs<\/b> qui visent \u00e0 am\u00e9liorer la qualit\u00e9 de la vie sexuelle des utilisateurs. Vous trouverez ci-dessous une analyse des ingr\u00e9dients cl\u00e9s :<\/p>\n\n\n\n<ul class=\"wp-block-list\">\n<li><strong>L-arginine<\/strong>: Augmente la production d&rsquo;oxyde nitrique, ce qui am\u00e9liore le flux sanguin vers les organes g\u00e9nitaux.<\/li>\n\n\n\n<li><strong>Extrait de racine de maca<\/strong>: connu pour am\u00e9liorer les performances sexuelles et augmenter la libido, am\u00e9liore l&rsquo;\u00e9nergie g\u00e9n\u00e9rale.<\/li>\n\n\n\n<li><strong>Ginseng<\/strong>: Agit comme un adaptog\u00e8ne, r\u00e9duisant le stress et la fatigue, ce qui favorise la libido.<\/li>\n\n\n\n<li><strong>Tribulus terrestris<\/strong>: stimule la production de testost\u00e9rone, ce qui peut augmenter la libido.<\/li>\n\n\n\n<li><strong>Zinc<\/strong>: favorise la sant\u00e9 de la prostate et la synth\u00e8se de la testost\u00e9rone, ce qui am\u00e9liore les performances sexuelles masculines.<\/li>\n<\/ul>\n\n\n\n<p><b>L&rsquo;analyse de la<\/b> <b>composition d&rsquo;Erexol<\/b> r\u00e9v\u00e8le que les <b>principes actifs<\/b> qu&rsquo;il contient sont destin\u00e9s non seulement \u00e0 am\u00e9liorer la fonction sexuelle, mais aussi la condition physique g\u00e9n\u00e9rale. L&rsquo;utilisation r\u00e9guli\u00e8re de ce compl\u00e9ment peut entra\u00eener des effets durables et des am\u00e9liorations notables dans la sph\u00e8re de la vie intime.<\/p>\n\n\n\n<h2 class=\"wp-block-heading\">O\u00f9 acheter Erexol &#8211; prix<\/h2>\n\n\n\n<p>Erexol n&rsquo;est disponible que sur le <em>site officiel du fabricant<\/em>, ce qui garantit l&rsquo;originalit\u00e9 du produit et la s\u00e9curit\u00e9 de l&rsquo;achat. Le compl\u00e9ment n&rsquo;est pas vendu dans les pharmacies stationnaires ni sur les plateformes de vente populaires. Cette strat\u00e9gie de vente minimise le risque d&rsquo;acquisition de contrefa\u00e7ons et garantit une qualit\u00e9 optimale.<\/p>\n\n\n\n<p><b>Le prix d&rsquo;<\/b> Erexol est comp\u00e9titif et les achats effectu\u00e9s directement aupr\u00e8s du fabricant sont souvent associ\u00e9s \u00e0 des promotions et des r\u00e9ductions int\u00e9ressantes. Les utilisateurs peuvent b\u00e9n\u00e9ficier de remises suppl\u00e9mentaires pour les commandes en gros, ce qui rend le produit plus accessible \u00e0 ceux qui envisagent une utilisation \u00e0 long terme. Il convient de noter que des achats r\u00e9guliers peuvent r\u00e9duire le co\u00fbt global du compl\u00e9ment.<\/p>\n\n\n\n<p>De nombreuses personnes d\u00e9clarent avoir remarqu\u00e9 les effets d&rsquo;Erexol d\u00e8s la premi\u00e8re semaine, ce qui peut les motiver davantage \u00e0 l&rsquo;acheter. Les d\u00e9lais de livraison pour les commandes livr\u00e9es en Pologne sont de 3 \u00e0 4 jours ouvrables, ce qui permet aux clients de commencer leur traitement rapidement et de profiter des avantages du suppl\u00e9ment.<\/p>\n\n\n\n<h2 class=\"wp-block-heading\">Erexol &#8211; Effets secondaires potentiels et contre-indications d&rsquo;utilisation<\/h2>\n\n\n\n<p>Erexol est un compl\u00e9ment alimentaire tr\u00e8s appr\u00e9ci\u00e9 des hommes qui ont des probl\u00e8mes de sant\u00e9 sexuelle. Bien que les ingr\u00e9dients contenus dans Erexol soient g\u00e9n\u00e9ralement bien tol\u00e9r\u00e9s, les personnes qui prennent ce produit doivent \u00eatre conscientes des effets secondaires potentiels qui peuvent survenir. De l\u00e9gers sympt\u00f4mes tels que des maux de t\u00eate, une indigestion ou des r\u00e9actions allergiques ont \u00e9t\u00e9 signal\u00e9s chez un faible pourcentage d&rsquo;utilisateurs. C&rsquo;est pourquoi il est conseill\u00e9 de demander l&rsquo;avis d&rsquo;un m\u00e9decin avant de commencer la suppl\u00e9mentation.<\/p>\n\n\n\n<p>Il convient \u00e9galement de noter <b>les contre-indications<\/b> associ\u00e9es \u00e0 Erexol. Ce compl\u00e9ment est d\u00e9conseill\u00e9 aux hommes de moins de 18 ans, aux femmes et aux personnes souffrant de maladies cardiaques ou h\u00e9patiques graves. Les personnes souffrant d&rsquo;hypertension art\u00e9rielle ou d&rsquo;allergies li\u00e9es \u00e0 l&rsquo;un des ingr\u00e9dients d&rsquo;Erexol devraient \u00e9galement \u00e9viter de l&rsquo;utiliser. Il est toujours important de consulter un sp\u00e9cialiste avant de commencer un traitement afin de s&rsquo;assurer qu&rsquo;Erexol est adapt\u00e9 \u00e0 votre \u00e9tat de sant\u00e9.<\/p>\n\n\n\n<p>En conclusion, Erexol est un produit qui peut \u00eatre b\u00e9n\u00e9fique pour les hommes souffrant de probl\u00e8mes sexuels, mais son utilisation doit \u00eatre pr\u00e9c\u00e9d\u00e9e d&rsquo;une analyse approfondie de l&rsquo;\u00e9tat de sant\u00e9 et des \u00e9ventuelles contre-indications. Une consultation m\u00e9dicale appropri\u00e9e permettra d&rsquo;\u00e9viter les effets secondaires ind\u00e9sirables et d&rsquo;assurer la s\u00e9curit\u00e9 du traitement.<\/p>\n","protected":false},"excerpt":{"rendered":"<p><strong>[date_countdown]<\/strong><\/p>\n<p><img decoding=\"async\" class=\"alignnone  wp-image-8427\" src=\"https:\/\/pharmacie-progres-cannes.fr\/pharmacie\/wp-content\/uploads\/2024\/10\/SAFE-PAY-300x88-1.png\" alt=\"SAFE-PAY-300x88\" width=\"164\" height=\"48\" \/><\/p>\n","protected":false},"featured_media":4045,"comment_status":"open","ping_status":"closed","template":"","meta":{"neve_meta_sidebar":"","neve_meta_container":"","neve_meta_enable_content_width":"","neve_meta_content_width":0,"neve_meta_title_alignment":"","neve_meta_author_avatar":"","neve_post_elements_order":"","neve_meta_disable_header":"","neve_meta_disable_footer":"","neve_meta_disable_title":"","neve_meta_reading_time":""},"product_brand":[],"product_cat":[16],"product_tag":[],"class_list":{"0":"post-4619","1":"product","2":"type-product","3":"status-publish","4":"has-post-thumbnail","6":"product_cat-sante-sexuelle","8":"first","9":"instock","10":"sale","11":"shipping-taxable","12":"product-type-external"},"yoast_head":"<!-- This site is optimized with the Yoast SEO plugin v27.3 - https:\/\/yoast.com\/product\/yoast-seo-wordpress\/ -->\n<title>Erexol - Avis, Forum, Pharmacie, Effets, Prix -50% | Pharmacie-Progres-Pannes<\/title>\n<meta name=\"robots\" content=\"index, follow, max-snippet:-1, max-image-preview:large, max-video-preview:-1\" \/>\n<link rel=\"canonical\" href=\"https:\/\/pharmacie-progres-cannes.fr\/pharmacie\/supp\/erexol\/\" \/>\n<meta property=\"og:locale\" content=\"fr_FR\" \/>\n<meta property=\"og:type\" content=\"article\" \/>\n<meta property=\"og:title\" content=\"Erexol - Avis, Forum, Pharmacie, Effets, Prix -50% | Pharmacie-Progres-Pannes\" \/>\n<meta property=\"og:url\" content=\"https:\/\/pharmacie-progres-cannes.fr\/pharmacie\/supp\/erexol\/\" \/>\n<meta property=\"og:site_name\" content=\"Pharmacie-Progres-Pannes\" \/>\n<meta property=\"article:modified_time\" content=\"2025-03-09T11:41:18+00:00\" \/>\n<meta property=\"og:image\" content=\"https:\/\/pharmacie-progres-cannes.fr\/pharmacie\/wp-content\/uploads\/2024\/10\/Erexol.jpg\" \/>\n\t<meta property=\"og:image:width\" content=\"768\" \/>\n\t<meta property=\"og:image:height\" content=\"768\" \/>\n\t<meta property=\"og:image:type\" content=\"image\/jpeg\" \/>\n<meta name=\"twitter:card\" content=\"summary_large_image\" \/>\n<meta name=\"twitter:description\" content=\"[date_countdown]\" \/>\n<meta name=\"twitter:label1\" content=\"Dur\u00e9e de lecture estim\u00e9e\" \/>\n\t<meta name=\"twitter:data1\" content=\"1 minute\" \/>\n<script type=\"application\/ld+json\" class=\"yoast-schema-graph\">{\"@context\":\"https:\\\/\\\/schema.org\",\"@graph\":[{\"@type\":\"WebPage\",\"@id\":\"https:\\\/\\\/pharmacie-progres-cannes.fr\\\/pharmacie\\\/supp\\\/erexol\\\/\",\"url\":\"https:\\\/\\\/pharmacie-progres-cannes.fr\\\/pharmacie\\\/supp\\\/erexol\\\/\",\"name\":\"Erexol - Avis, Forum, Pharmacie, Effets, Prix -50% | Pharmacie-Progres-Pannes\",\"isPartOf\":{\"@id\":\"https:\\\/\\\/pharmacie-progres-cannes.fr\\\/pharmacie\\\/#website\"},\"primaryImageOfPage\":{\"@id\":\"https:\\\/\\\/pharmacie-progres-cannes.fr\\\/pharmacie\\\/supp\\\/erexol\\\/#primaryimage\"},\"image\":{\"@id\":\"https:\\\/\\\/pharmacie-progres-cannes.fr\\\/pharmacie\\\/supp\\\/erexol\\\/#primaryimage\"},\"thumbnailUrl\":\"https:\\\/\\\/pharmacie-progres-cannes.fr\\\/pharmacie\\\/wp-content\\\/uploads\\\/2024\\\/10\\\/Erexol.jpg\",\"datePublished\":\"2024-10-18T19:46:47+00:00\",\"dateModified\":\"2025-03-09T11:41:18+00:00\",\"breadcrumb\":{\"@id\":\"https:\\\/\\\/pharmacie-progres-cannes.fr\\\/pharmacie\\\/supp\\\/erexol\\\/#breadcrumb\"},\"inLanguage\":\"fr-FR\",\"potentialAction\":[{\"@type\":\"ReadAction\",\"target\":[\"https:\\\/\\\/pharmacie-progres-cannes.fr\\\/pharmacie\\\/supp\\\/erexol\\\/\"]}]},{\"@type\":\"ImageObject\",\"inLanguage\":\"fr-FR\",\"@id\":\"https:\\\/\\\/pharmacie-progres-cannes.fr\\\/pharmacie\\\/supp\\\/erexol\\\/#primaryimage\",\"url\":\"https:\\\/\\\/pharmacie-progres-cannes.fr\\\/pharmacie\\\/wp-content\\\/uploads\\\/2024\\\/10\\\/Erexol.jpg\",\"contentUrl\":\"https:\\\/\\\/pharmacie-progres-cannes.fr\\\/pharmacie\\\/wp-content\\\/uploads\\\/2024\\\/10\\\/Erexol.jpg\",\"width\":768,\"height\":768},{\"@type\":\"BreadcrumbList\",\"@id\":\"https:\\\/\\\/pharmacie-progres-cannes.fr\\\/pharmacie\\\/supp\\\/erexol\\\/#breadcrumb\",\"itemListElement\":[{\"@type\":\"ListItem\",\"position\":1,\"name\":\"Strona g\u0142\u00f3wna\",\"item\":\"https:\\\/\\\/pharmacie-progres-cannes.fr\\\/pharmacie\\\/\"},{\"@type\":\"ListItem\",\"position\":2,\"name\":\"farmaci\",\"item\":\"https:\\\/\\\/pharmacie-progres-cannes.fr\\\/pharmacie\\\/\"},{\"@type\":\"ListItem\",\"position\":3,\"name\":\"Erexol\"}]},{\"@type\":\"WebSite\",\"@id\":\"https:\\\/\\\/pharmacie-progres-cannes.fr\\\/pharmacie\\\/#website\",\"url\":\"https:\\\/\\\/pharmacie-progres-cannes.fr\\\/pharmacie\\\/\",\"name\":\"Pharmacie-Progres-Pannes\",\"description\":\"\",\"potentialAction\":[{\"@type\":\"SearchAction\",\"target\":{\"@type\":\"EntryPoint\",\"urlTemplate\":\"https:\\\/\\\/pharmacie-progres-cannes.fr\\\/pharmacie\\\/?s={search_term_string}\"},\"query-input\":{\"@type\":\"PropertyValueSpecification\",\"valueRequired\":true,\"valueName\":\"search_term_string\"}}],\"inLanguage\":\"fr-FR\"}]}<\/script>\n<!-- \/ Yoast SEO plugin. -->","yoast_head_json":{"title":"Erexol - Avis, Forum, Pharmacie, Effets, Prix -50% | Pharmacie-Progres-Pannes","robots":{"index":"index","follow":"follow","max-snippet":"max-snippet:-1","max-image-preview":"max-image-preview:large","max-video-preview":"max-video-preview:-1"},"canonical":"https:\/\/pharmacie-progres-cannes.fr\/pharmacie\/supp\/erexol\/","og_locale":"fr_FR","og_type":"article","og_title":"Erexol - Avis, Forum, Pharmacie, Effets, Prix -50% | Pharmacie-Progres-Pannes","og_url":"https:\/\/pharmacie-progres-cannes.fr\/pharmacie\/supp\/erexol\/","og_site_name":"Pharmacie-Progres-Pannes","article_modified_time":"2025-03-09T11:41:18+00:00","og_image":[{"width":768,"height":768,"url":"https:\/\/pharmacie-progres-cannes.fr\/pharmacie\/wp-content\/uploads\/2024\/10\/Erexol.jpg","type":"image\/jpeg"}],"twitter_card":"summary_large_image","twitter_description":"[date_countdown]","twitter_misc":{"Dur\u00e9e de lecture estim\u00e9e":"1 minute"},"schema":{"@context":"https:\/\/schema.org","@graph":[{"@type":"WebPage","@id":"https:\/\/pharmacie-progres-cannes.fr\/pharmacie\/supp\/erexol\/","url":"https:\/\/pharmacie-progres-cannes.fr\/pharmacie\/supp\/erexol\/","name":"Erexol - Avis, Forum, Pharmacie, Effets, Prix -50% | Pharmacie-Progres-Pannes","isPartOf":{"@id":"https:\/\/pharmacie-progres-cannes.fr\/pharmacie\/#website"},"primaryImageOfPage":{"@id":"https:\/\/pharmacie-progres-cannes.fr\/pharmacie\/supp\/erexol\/#primaryimage"},"image":{"@id":"https:\/\/pharmacie-progres-cannes.fr\/pharmacie\/supp\/erexol\/#primaryimage"},"thumbnailUrl":"https:\/\/pharmacie-progres-cannes.fr\/pharmacie\/wp-content\/uploads\/2024\/10\/Erexol.jpg","datePublished":"2024-10-18T19:46:47+00:00","dateModified":"2025-03-09T11:41:18+00:00","breadcrumb":{"@id":"https:\/\/pharmacie-progres-cannes.fr\/pharmacie\/supp\/erexol\/#breadcrumb"},"inLanguage":"fr-FR","potentialAction":[{"@type":"ReadAction","target":["https:\/\/pharmacie-progres-cannes.fr\/pharmacie\/supp\/erexol\/"]}]},{"@type":"ImageObject","inLanguage":"fr-FR","@id":"https:\/\/pharmacie-progres-cannes.fr\/pharmacie\/supp\/erexol\/#primaryimage","url":"https:\/\/pharmacie-progres-cannes.fr\/pharmacie\/wp-content\/uploads\/2024\/10\/Erexol.jpg","contentUrl":"https:\/\/pharmacie-progres-cannes.fr\/pharmacie\/wp-content\/uploads\/2024\/10\/Erexol.jpg","width":768,"height":768},{"@type":"BreadcrumbList","@id":"https:\/\/pharmacie-progres-cannes.fr\/pharmacie\/supp\/erexol\/#breadcrumb","itemListElement":[{"@type":"ListItem","position":1,"name":"Strona g\u0142\u00f3wna","item":"https:\/\/pharmacie-progres-cannes.fr\/pharmacie\/"},{"@type":"ListItem","position":2,"name":"farmaci","item":"https:\/\/pharmacie-progres-cannes.fr\/pharmacie\/"},{"@type":"ListItem","position":3,"name":"Erexol"}]},{"@type":"WebSite","@id":"https:\/\/pharmacie-progres-cannes.fr\/pharmacie\/#website","url":"https:\/\/pharmacie-progres-cannes.fr\/pharmacie\/","name":"Pharmacie-Progres-Pannes","description":"","potentialAction":[{"@type":"SearchAction","target":{"@type":"EntryPoint","urlTemplate":"https:\/\/pharmacie-progres-cannes.fr\/pharmacie\/?s={search_term_string}"},"query-input":{"@type":"PropertyValueSpecification","valueRequired":true,"valueName":"search_term_string"}}],"inLanguage":"fr-FR"}]}},"_links":{"self":[{"href":"https:\/\/pharmacie-progres-cannes.fr\/pharmacie\/wp-json\/wp\/v2\/product\/4619","targetHints":{"allow":["GET"]}}],"collection":[{"href":"https:\/\/pharmacie-progres-cannes.fr\/pharmacie\/wp-json\/wp\/v2\/product"}],"about":[{"href":"https:\/\/pharmacie-progres-cannes.fr\/pharmacie\/wp-json\/wp\/v2\/types\/product"}],"replies":[{"embeddable":true,"href":"https:\/\/pharmacie-progres-cannes.fr\/pharmacie\/wp-json\/wp\/v2\/comments?post=4619"}],"wp:featuredmedia":[{"embeddable":true,"href":"https:\/\/pharmacie-progres-cannes.fr\/pharmacie\/wp-json\/wp\/v2\/media\/4045"}],"wp:attachment":[{"href":"https:\/\/pharmacie-progres-cannes.fr\/pharmacie\/wp-json\/wp\/v2\/media?parent=4619"}],"wp:term":[{"taxonomy":"product_brand","embeddable":true,"href":"https:\/\/pharmacie-progres-cannes.fr\/pharmacie\/wp-json\/wp\/v2\/product_brand?post=4619"},{"taxonomy":"product_cat","embeddable":true,"href":"https:\/\/pharmacie-progres-cannes.fr\/pharmacie\/wp-json\/wp\/v2\/product_cat?post=4619"},{"taxonomy":"product_tag","embeddable":true,"href":"https:\/\/pharmacie-progres-cannes.fr\/pharmacie\/wp-json\/wp\/v2\/product_tag?post=4619"}],"curies":[{"name":"wp","href":"https:\/\/api.w.org\/{rel}","templated":true}]}}