{"id":4610,"date":"2024-10-18T19:46:47","date_gmt":"2024-10-18T19:46:47","guid":{"rendered":"https:\/\/chirurgie-orthopedie-vannes.fr\/pharmacie\/?post_type=product&#038;p=4610"},"modified":"2025-03-09T11:27:02","modified_gmt":"2025-03-09T11:27:02","slug":"alfazone","status":"publish","type":"product","link":"https:\/\/pharmacie-progres-cannes.fr\/pharmacie\/supp\/alfazone\/","title":{"rendered":"Alfazone"},"content":{"rendered":"\n<h2 class=\"wp-block-heading\">Qu&rsquo;est-ce que l&rsquo;Alfazone et comment fonctionne-t-il ?<\/h2>\n\n\n\n<p>Alfazone est un <b>compl\u00e9ment alimentaire<\/b> destin\u00e9 aux hommes pour am\u00e9liorer la sant\u00e9 masculine, notamment les performances sexuelles. <b>Le compl\u00e9ment<\/b>, sous forme de g\u00e9lules, contient des <b>ingr\u00e9dients<\/b> naturels dont l&rsquo;<b>action<\/b> favorise la production de testost\u00e9rone et am\u00e9liore l&rsquo;irrigation sanguine des organes g\u00e9nitaux. Les principaux <b>ingr\u00e9dients<\/b>, tels que la racine de ginseng et l&rsquo;extrait de macis, agissent en synergie, entra\u00eenant une am\u00e9lioration significative de la qualit\u00e9 des \u00e9rections et du bien-\u00eatre g\u00e9n\u00e9ral.<\/p>\n\n\n\n<p>En outre, les <b>effets du<\/b> compl\u00e9ment comprennent une augmentation de la libido, ce qui a \u00e9t\u00e9 confirm\u00e9 par des \u00e9tudes cliniques. Dans ces \u00e9tudes, une augmentation de 60 % de la libido a \u00e9t\u00e9 enregistr\u00e9e apr\u00e8s quatre semaines de prise de cette pr\u00e9paration. L&rsquo;<b>utilisation<\/b> r\u00e9guli\u00e8re <b>d&rsquo;<\/b> Alfazone permet non seulement d&rsquo;augmenter la puissance, mais influence \u00e9galement la satisfaction sexuelle. Le <b>compl\u00e9ment<\/b> agit dans les quatre \u00e0 six heures suivant la prise, ce qui en fait une solution pratique pour tous les hommes.<\/p>\n\n\n\n<p>En r\u00e9sum\u00e9, la r\u00e9ponse \u00e0 la question de savoir <b>ce qu&rsquo;est Alfazone<\/b> est qu&rsquo;il s&rsquo;agit d&rsquo;un compl\u00e9ment avanc\u00e9 qui soutient la <b>sant\u00e9 masculine<\/b> et am\u00e9liore la fonction sexuelle gr\u00e2ce \u00e0 une combinaison unique d&rsquo;ingr\u00e9dients naturels.<\/p>\n\n\n\n<h2 class=\"wp-block-heading\">Effets de l&rsquo;alfazone<\/h2>\n\n\n\n<p>L&rsquo;<b>utilisation<\/b> r\u00e9guli\u00e8re d&rsquo;Alfazone a de nombreux <b>effets<\/b> qui peuvent am\u00e9liorer de mani\u00e8re significative la qualit\u00e9 de la vie intime. De nombreuses personnes font \u00e9tat d&rsquo;am\u00e9liorations notables de la libido et d&rsquo;un regain d&rsquo;\u00e9nergie. Les premiers <b>effets<\/b> peuvent \u00eatre ressentis apr\u00e8s quelques jours seulement, les meilleurs r\u00e9sultats \u00e9tant obtenus apr\u00e8s 4 \u00e0 6 semaines d&rsquo;utilisation.<\/p>\n\n\n\n<p>Les effets les plus courants sont les suivants :<\/p>\n\n\n\n<ul class=\"wp-block-list\">\n<li>Am\u00e9lioration des \u00e9rections<\/li>\n\n\n\n<li>Augmentation de la libido<\/li>\n\n\n\n<li>Des niveaux d&rsquo;\u00e9nergie et de vitalit\u00e9 plus \u00e9lev\u00e9s<\/li>\n\n\n\n<li>Am\u00e9lioration de la qualit\u00e9 du sommeil<\/li>\n\n\n\n<li>Am\u00e9liorer l&rsquo;humeur et r\u00e9duire la fatigue chronique<\/li>\n<\/ul>\n\n\n\n<p>Des ingr\u00e9dients tels que l&rsquo;extrait de feuille de Damian et le ginseng soutiennent la fonction sexuelle et aident \u00e0 combattre le stress. Les utilisateurs ne signalent d&rsquo;ailleurs aucun effet secondaire, ce qui fait de ce compl\u00e9ment un choix s\u00fbr pour ceux qui souhaitent am\u00e9liorer leur vie intime. Les personnes qui ont des probl\u00e8mes d&rsquo;\u00e9rection trouvent en Alfazone un soutien efficace, qui leur permet souvent d&rsquo;avoir une plus grande confiance en eux sur le plan sexuel.<\/p>\n\n\n\n<h2 class=\"wp-block-heading\">Comment utiliser correctement Alfazone &#8211; Posologie<\/h2>\n\n\n\n<p>Pour obtenir les meilleurs r\u00e9sultats avec Alfazone, un <b>dosage<\/b> correct est crucial. Il est recommand\u00e9 de <b>prendre<\/b> une g\u00e9lule 30 minutes avant le rapport sexuel pr\u00e9vu, ou deux fois par jour pour un traitement plus long. Il est important d&rsquo;utiliser ce compl\u00e9ment r\u00e9guli\u00e8rement pendant au moins 30 jours. Il est conseill\u00e9 de lire les instructions de la notice du produit avant de commencer le traitement.<\/p>\n\n\n\n<p>Les g\u00e9lules d&rsquo;Alfazone doivent \u00eatre prises avec beaucoup d&rsquo;eau. Pour des raisons de s\u00e9curit\u00e9, il est important de respecter la posologie indiqu\u00e9e et d&rsquo;\u00e9viter que le compl\u00e9ment soit pris par des personnes \u00e2g\u00e9es de moins de 18 ans. Le produit doit \u00eatre conserv\u00e9 dans un endroit frais et sec, \u00e0 l&rsquo;abri de la lumi\u00e8re et de l&rsquo;humidit\u00e9, afin de pr\u00e9server son efficacit\u00e9 et ses propri\u00e9t\u00e9s.<\/p>\n\n\n\n<h2 class=\"wp-block-heading\">Critiques et opinions sur Alfazone<\/h2>\n\n\n\n<p><b>Les commentaires des<\/b> <b>utilisateurs d&rsquo;<\/b> Alfazone soulignent souvent sa grande efficacit\u00e9 dans l&rsquo;am\u00e9lioration de la puissance et de la satisfaction g\u00e9n\u00e9rale de la vie intime. De nombreux avis soulignent les effets rapides qui peuvent \u00eatre remarqu\u00e9s apr\u00e8s seulement quelques semaines d&rsquo;utilisation. Sur les forums en ligne, les utilisateurs sont heureux de partager leurs exp\u00e9riences, ce qui constitue une base d&rsquo;informations pr\u00e9cieuse pour les consommateurs potentiels.<\/p>\n\n\n\n<p>Un avis mentionne l&rsquo;am\u00e9lioration de la confiance en soi gr\u00e2ce \u00e0 l&rsquo;Alfazone, ce qui est extr\u00eamement important pour surmonter les probl\u00e8mes de libido. Les utilisateurs soulignent des changements positifs tels que l&rsquo;augmentation de l&rsquo;endurance et des \u00e9rections plus fortes. De tels <b>avis<\/b> montrent clairement que le produit est efficace, ce qui augmente la <b>satisfaction de<\/b> son utilisation.<\/p>\n\n\n\n<p>Il convient de noter que les m\u00e9decins recommandent Alfazone en raison de ses ingr\u00e9dients naturels. La possibilit\u00e9 d&rsquo;utiliser un compl\u00e9ment qui non seulement am\u00e9liore la fonction sexuelle, mais n&rsquo;a pas d&rsquo;effets secondaires (\u00e0 l&rsquo;exception des allergies \u00e0 certains ingr\u00e9dients), est de plus en plus reconnue par les sp\u00e9cialistes. <b>Les avis<\/b> soulignent \u00e9galement qu&rsquo;une utilisation r\u00e9guli\u00e8re peut aider \u00e0 \u00e9viter les probl\u00e8mes de prostate, ce qui est important pour la sant\u00e9 des hommes.<\/p>\n\n\n\n<p><b>Les commentaires des<\/b> <b>utilisateurs<\/b> montrent que l&rsquo;efficacit\u00e9 d&rsquo;Alfazone contre les probl\u00e8mes d&rsquo;\u00e9rection est suffisamment \u00e9lev\u00e9e pour attirer l&rsquo;attention de nombreux hommes, en particulier ceux qui peuvent \u00eatre plus sensibles aux probl\u00e8mes de libido en raison du stress de la vie quotidienne.<\/p>\n\n\n\n<h2 class=\"wp-block-heading\">Alfazone &#8211; Composition<\/h2>\n\n\n\n<p>Alfazone est un <b>compl\u00e9ment alimentaire<\/b> bas\u00e9 sur une composition d&rsquo;ingr\u00e9dients naturels soigneusement s\u00e9lectionn\u00e9s. Ce compl\u00e9ment contient de l&rsquo;extrait de feuilles de damiana, connu pour ses propri\u00e9t\u00e9s libidineuses et pour l&rsquo;am\u00e9lioration du bien-\u00eatre g\u00e9n\u00e9ral. Un autre ingr\u00e9dient important est le ginseng, qui soutient les performances physiques et mentales et augmente ainsi la libido et l&rsquo;endurance.<\/p>\n\n\n\n<p>Alfazone <b>contient<\/b> \u00e9galement <b>de<\/b> la L-arginine, qui am\u00e9liore la circulation sanguine, cruciale pour la fonction sexuelle masculine. En outre, la pr\u00e9sence de zinc et de s\u00e9l\u00e9nium dans la formule favorise le maintien de niveaux normaux de testost\u00e9rone dans l&rsquo;organisme, ce qui est important pour la sant\u00e9 reproductive. L&rsquo;extrait de racine de maca, connu pour ses propri\u00e9t\u00e9s \u00e9nergisantes, contribue \u00e9galement \u00e0 am\u00e9liorer la libido et \u00e0 soutenir l&rsquo;activit\u00e9 sexuelle masculine.<\/p>\n\n\n\n<figure class=\"wp-block-table\"><table class=\"has-fixed-layout\"><tbody><tr><th>Composant<\/th><th>Action<\/th><\/tr><tr><td>Extrait de feuilles de damiana<\/td><td>Augmente la libido et le bien-\u00eatre<\/td><\/tr><tr><td>Ginseng<\/td><td>Favorise les performances physiques et mentales<\/td><\/tr><tr><td>L-arginine<\/td><td>Am\u00e9liore l&rsquo;irrigation sanguine et favorise l&rsquo;\u00e9rection<\/td><\/tr><tr><td>Zinc<\/td><td>Maintien d&rsquo;un taux de testost\u00e9rone normal<\/td><\/tr><tr><td>Extrait de racine de maca<\/td><td>Augmente la libido et l&rsquo;\u00e9nergie<\/td><\/tr><\/tbody><\/table><\/figure>\n\n\n\n<p>L&rsquo;utilisation r\u00e9guli\u00e8re d&rsquo;Alfazone contribue \u00e0 augmenter la force et l&rsquo;endurance de l&rsquo;homme, ce qui favorise la capacit\u00e9 \u00e0 satisfaire sa partenaire. <b>La nature des<\/b> ingr\u00e9dients et leur <b>action<\/b> cr\u00e9ent une combinaison unique qui soutient la fonction sexuelle et am\u00e9liore la sant\u00e9 masculine en g\u00e9n\u00e9ral.<\/p>\n\n\n\n<h2 class=\"wp-block-heading\">Alfazone price &#8211; O\u00f9 acheter ?<\/h2>\n\n\n\n<p>L&rsquo;achat d&rsquo;Alfazone ne doit pas \u00eatre une grosse d\u00e9pense : le fabricant organise r\u00e9guli\u00e8rement des promotions et des remises qui vous permettent d&rsquo;\u00e9conomiser m\u00eame en achetant un seul paquet. Parfois, des offres sp\u00e9ciales sont \u00e9galement propos\u00e9es, qui permettent d&rsquo;obtenir des pi\u00e8ces suppl\u00e9mentaires gratuitement ou de b\u00e9n\u00e9ficier d&rsquo;une livraison gratuite. Il vaut la peine de garder un \u0153il sur le site web du fabricant et de v\u00e9rifier les offres en cours pour acheter le produit au meilleur prix possible. N&rsquo;oubliez pas que les prix peuvent changer en fonction des promotions en cours, et qu&rsquo;il vaut donc la peine d&rsquo;agir rapidement lorsqu&rsquo;une occasion int\u00e9ressante se pr\u00e9sente.<\/p>\n\n\n\n<h2 class=\"wp-block-heading\">Alfazone &#8211; Effets secondaires potentiels et contre-indications d&rsquo;utilisation<\/h2>\n\n\n\n<p>Bien que l&rsquo;Alfazone soit bas\u00e9 sur des ingr\u00e9dients naturels, il est possible qu&rsquo;il y ait des effets secondaires. Les personnes allergiques aux ingr\u00e9dients contenus dans le compl\u00e9ment peuvent pr\u00e9senter des r\u00e9actions allergiques telles que des \u00e9ruptions cutan\u00e9es ou des maux de t\u00eate. Il convient donc d&rsquo;\u00eatre prudent lors du choix d&rsquo;un compl\u00e9ment alimentaire afin de minimiser le risque de r\u00e9actions ind\u00e9sirables.<\/p>\n\n\n\n<p>Les contre-indications importantes \u00e0 l&rsquo;utilisation de l&rsquo;Alfazone comprennent les maladies cardiovasculaires, l&rsquo;hypersensibilit\u00e9 aux ingr\u00e9dients et l&rsquo;hypertension. Les utilisateurs ayant des probl\u00e8mes de sant\u00e9 existants devraient discuter avec leur m\u00e9decin de leurs projets de suppl\u00e9mentation afin de pr\u00e9server leur <b>s\u00e9curit\u00e9<\/b> et leur sant\u00e9.<\/p>\n\n\n\n<p>Bien que les <b>effets secondaires<\/b> soient rares, en particulier avec les compl\u00e9ments naturels, la prudence est de mise. Si vous pr\u00e9sentez des sympt\u00f4mes inqui\u00e9tants apr\u00e8s avoir commenc\u00e9 \u00e0 prendre de l&rsquo;Alfazone, il est essentiel de consulter votre m\u00e9decin. En restant calme et conscient des contre-indications potentielles, vous pourrez profiter des bienfaits de la suppl\u00e9mentation.<\/p>\n","protected":false},"excerpt":{"rendered":"<p><strong>[date_countdown]<\/strong><\/p>\n<p><img decoding=\"async\" class=\"alignnone  wp-image-8427\" src=\"https:\/\/pharmacie-progres-cannes.fr\/pharmacie\/wp-content\/uploads\/2024\/10\/SAFE-PAY-300x88-1.png\" alt=\"SAFE-PAY-300x88\" width=\"164\" height=\"48\" \/><\/p>\n","protected":false},"featured_media":4035,"comment_status":"open","ping_status":"closed","template":"","meta":{"neve_meta_sidebar":"","neve_meta_container":"","neve_meta_enable_content_width":"","neve_meta_content_width":0,"neve_meta_title_alignment":"","neve_meta_author_avatar":"","neve_post_elements_order":"","neve_meta_disable_header":"","neve_meta_disable_footer":"","neve_meta_disable_title":"","neve_meta_reading_time":""},"product_brand":[],"product_cat":[16],"product_tag":[],"class_list":{"0":"post-4610","1":"product","2":"type-product","3":"status-publish","4":"has-post-thumbnail","6":"product_cat-sante-sexuelle","8":"first","9":"instock","10":"sale","11":"shipping-taxable","12":"product-type-external"},"yoast_head":"<!-- This site is optimized with the Yoast SEO plugin v27.3 - https:\/\/yoast.com\/product\/yoast-seo-wordpress\/ -->\n<title>Alfazone - Avis, Forum, Pharmacie, Effets, Prix -50% | Pharmacie-Progres-Pannes<\/title>\n<meta name=\"robots\" content=\"index, follow, max-snippet:-1, max-image-preview:large, max-video-preview:-1\" \/>\n<link rel=\"canonical\" href=\"https:\/\/pharmacie-progres-cannes.fr\/pharmacie\/supp\/alfazone\/\" \/>\n<meta property=\"og:locale\" content=\"fr_FR\" \/>\n<meta property=\"og:type\" content=\"article\" \/>\n<meta property=\"og:title\" content=\"Alfazone - Avis, Forum, Pharmacie, Effets, Prix -50% | Pharmacie-Progres-Pannes\" \/>\n<meta property=\"og:url\" content=\"https:\/\/pharmacie-progres-cannes.fr\/pharmacie\/supp\/alfazone\/\" \/>\n<meta property=\"og:site_name\" content=\"Pharmacie-Progres-Pannes\" \/>\n<meta property=\"article:modified_time\" content=\"2025-03-09T11:27:02+00:00\" \/>\n<meta property=\"og:image\" content=\"https:\/\/pharmacie-progres-cannes.fr\/pharmacie\/wp-content\/uploads\/2024\/10\/ALFAZONE.jpg\" \/>\n\t<meta property=\"og:image:width\" content=\"768\" \/>\n\t<meta property=\"og:image:height\" content=\"768\" \/>\n\t<meta property=\"og:image:type\" content=\"image\/jpeg\" \/>\n<meta name=\"twitter:card\" content=\"summary_large_image\" \/>\n<meta name=\"twitter:description\" content=\"[date_countdown]\" \/>\n<meta name=\"twitter:label1\" content=\"Dur\u00e9e de lecture estim\u00e9e\" \/>\n\t<meta name=\"twitter:data1\" content=\"1 minute\" \/>\n<script type=\"application\/ld+json\" class=\"yoast-schema-graph\">{\"@context\":\"https:\\\/\\\/schema.org\",\"@graph\":[{\"@type\":\"WebPage\",\"@id\":\"https:\\\/\\\/pharmacie-progres-cannes.fr\\\/pharmacie\\\/supp\\\/alfazone\\\/\",\"url\":\"https:\\\/\\\/pharmacie-progres-cannes.fr\\\/pharmacie\\\/supp\\\/alfazone\\\/\",\"name\":\"Alfazone - Avis, Forum, Pharmacie, Effets, Prix -50% | Pharmacie-Progres-Pannes\",\"isPartOf\":{\"@id\":\"https:\\\/\\\/pharmacie-progres-cannes.fr\\\/pharmacie\\\/#website\"},\"primaryImageOfPage\":{\"@id\":\"https:\\\/\\\/pharmacie-progres-cannes.fr\\\/pharmacie\\\/supp\\\/alfazone\\\/#primaryimage\"},\"image\":{\"@id\":\"https:\\\/\\\/pharmacie-progres-cannes.fr\\\/pharmacie\\\/supp\\\/alfazone\\\/#primaryimage\"},\"thumbnailUrl\":\"https:\\\/\\\/pharmacie-progres-cannes.fr\\\/pharmacie\\\/wp-content\\\/uploads\\\/2024\\\/10\\\/ALFAZONE.jpg\",\"datePublished\":\"2024-10-18T19:46:47+00:00\",\"dateModified\":\"2025-03-09T11:27:02+00:00\",\"breadcrumb\":{\"@id\":\"https:\\\/\\\/pharmacie-progres-cannes.fr\\\/pharmacie\\\/supp\\\/alfazone\\\/#breadcrumb\"},\"inLanguage\":\"fr-FR\",\"potentialAction\":[{\"@type\":\"ReadAction\",\"target\":[\"https:\\\/\\\/pharmacie-progres-cannes.fr\\\/pharmacie\\\/supp\\\/alfazone\\\/\"]}]},{\"@type\":\"ImageObject\",\"inLanguage\":\"fr-FR\",\"@id\":\"https:\\\/\\\/pharmacie-progres-cannes.fr\\\/pharmacie\\\/supp\\\/alfazone\\\/#primaryimage\",\"url\":\"https:\\\/\\\/pharmacie-progres-cannes.fr\\\/pharmacie\\\/wp-content\\\/uploads\\\/2024\\\/10\\\/ALFAZONE.jpg\",\"contentUrl\":\"https:\\\/\\\/pharmacie-progres-cannes.fr\\\/pharmacie\\\/wp-content\\\/uploads\\\/2024\\\/10\\\/ALFAZONE.jpg\",\"width\":768,\"height\":768},{\"@type\":\"BreadcrumbList\",\"@id\":\"https:\\\/\\\/pharmacie-progres-cannes.fr\\\/pharmacie\\\/supp\\\/alfazone\\\/#breadcrumb\",\"itemListElement\":[{\"@type\":\"ListItem\",\"position\":1,\"name\":\"Strona g\u0142\u00f3wna\",\"item\":\"https:\\\/\\\/pharmacie-progres-cannes.fr\\\/pharmacie\\\/\"},{\"@type\":\"ListItem\",\"position\":2,\"name\":\"farmaci\",\"item\":\"https:\\\/\\\/pharmacie-progres-cannes.fr\\\/pharmacie\\\/\"},{\"@type\":\"ListItem\",\"position\":3,\"name\":\"Alfazone\"}]},{\"@type\":\"WebSite\",\"@id\":\"https:\\\/\\\/pharmacie-progres-cannes.fr\\\/pharmacie\\\/#website\",\"url\":\"https:\\\/\\\/pharmacie-progres-cannes.fr\\\/pharmacie\\\/\",\"name\":\"Pharmacie-Progres-Pannes\",\"description\":\"\",\"potentialAction\":[{\"@type\":\"SearchAction\",\"target\":{\"@type\":\"EntryPoint\",\"urlTemplate\":\"https:\\\/\\\/pharmacie-progres-cannes.fr\\\/pharmacie\\\/?s={search_term_string}\"},\"query-input\":{\"@type\":\"PropertyValueSpecification\",\"valueRequired\":true,\"valueName\":\"search_term_string\"}}],\"inLanguage\":\"fr-FR\"}]}<\/script>\n<!-- \/ Yoast SEO plugin. -->","yoast_head_json":{"title":"Alfazone - Avis, Forum, Pharmacie, Effets, Prix -50% | Pharmacie-Progres-Pannes","robots":{"index":"index","follow":"follow","max-snippet":"max-snippet:-1","max-image-preview":"max-image-preview:large","max-video-preview":"max-video-preview:-1"},"canonical":"https:\/\/pharmacie-progres-cannes.fr\/pharmacie\/supp\/alfazone\/","og_locale":"fr_FR","og_type":"article","og_title":"Alfazone - Avis, Forum, Pharmacie, Effets, Prix -50% | Pharmacie-Progres-Pannes","og_url":"https:\/\/pharmacie-progres-cannes.fr\/pharmacie\/supp\/alfazone\/","og_site_name":"Pharmacie-Progres-Pannes","article_modified_time":"2025-03-09T11:27:02+00:00","og_image":[{"width":768,"height":768,"url":"https:\/\/pharmacie-progres-cannes.fr\/pharmacie\/wp-content\/uploads\/2024\/10\/ALFAZONE.jpg","type":"image\/jpeg"}],"twitter_card":"summary_large_image","twitter_description":"[date_countdown]","twitter_misc":{"Dur\u00e9e de lecture estim\u00e9e":"1 minute"},"schema":{"@context":"https:\/\/schema.org","@graph":[{"@type":"WebPage","@id":"https:\/\/pharmacie-progres-cannes.fr\/pharmacie\/supp\/alfazone\/","url":"https:\/\/pharmacie-progres-cannes.fr\/pharmacie\/supp\/alfazone\/","name":"Alfazone - Avis, Forum, Pharmacie, Effets, Prix -50% | Pharmacie-Progres-Pannes","isPartOf":{"@id":"https:\/\/pharmacie-progres-cannes.fr\/pharmacie\/#website"},"primaryImageOfPage":{"@id":"https:\/\/pharmacie-progres-cannes.fr\/pharmacie\/supp\/alfazone\/#primaryimage"},"image":{"@id":"https:\/\/pharmacie-progres-cannes.fr\/pharmacie\/supp\/alfazone\/#primaryimage"},"thumbnailUrl":"https:\/\/pharmacie-progres-cannes.fr\/pharmacie\/wp-content\/uploads\/2024\/10\/ALFAZONE.jpg","datePublished":"2024-10-18T19:46:47+00:00","dateModified":"2025-03-09T11:27:02+00:00","breadcrumb":{"@id":"https:\/\/pharmacie-progres-cannes.fr\/pharmacie\/supp\/alfazone\/#breadcrumb"},"inLanguage":"fr-FR","potentialAction":[{"@type":"ReadAction","target":["https:\/\/pharmacie-progres-cannes.fr\/pharmacie\/supp\/alfazone\/"]}]},{"@type":"ImageObject","inLanguage":"fr-FR","@id":"https:\/\/pharmacie-progres-cannes.fr\/pharmacie\/supp\/alfazone\/#primaryimage","url":"https:\/\/pharmacie-progres-cannes.fr\/pharmacie\/wp-content\/uploads\/2024\/10\/ALFAZONE.jpg","contentUrl":"https:\/\/pharmacie-progres-cannes.fr\/pharmacie\/wp-content\/uploads\/2024\/10\/ALFAZONE.jpg","width":768,"height":768},{"@type":"BreadcrumbList","@id":"https:\/\/pharmacie-progres-cannes.fr\/pharmacie\/supp\/alfazone\/#breadcrumb","itemListElement":[{"@type":"ListItem","position":1,"name":"Strona g\u0142\u00f3wna","item":"https:\/\/pharmacie-progres-cannes.fr\/pharmacie\/"},{"@type":"ListItem","position":2,"name":"farmaci","item":"https:\/\/pharmacie-progres-cannes.fr\/pharmacie\/"},{"@type":"ListItem","position":3,"name":"Alfazone"}]},{"@type":"WebSite","@id":"https:\/\/pharmacie-progres-cannes.fr\/pharmacie\/#website","url":"https:\/\/pharmacie-progres-cannes.fr\/pharmacie\/","name":"Pharmacie-Progres-Pannes","description":"","potentialAction":[{"@type":"SearchAction","target":{"@type":"EntryPoint","urlTemplate":"https:\/\/pharmacie-progres-cannes.fr\/pharmacie\/?s={search_term_string}"},"query-input":{"@type":"PropertyValueSpecification","valueRequired":true,"valueName":"search_term_string"}}],"inLanguage":"fr-FR"}]}},"_links":{"self":[{"href":"https:\/\/pharmacie-progres-cannes.fr\/pharmacie\/wp-json\/wp\/v2\/product\/4610","targetHints":{"allow":["GET"]}}],"collection":[{"href":"https:\/\/pharmacie-progres-cannes.fr\/pharmacie\/wp-json\/wp\/v2\/product"}],"about":[{"href":"https:\/\/pharmacie-progres-cannes.fr\/pharmacie\/wp-json\/wp\/v2\/types\/product"}],"replies":[{"embeddable":true,"href":"https:\/\/pharmacie-progres-cannes.fr\/pharmacie\/wp-json\/wp\/v2\/comments?post=4610"}],"wp:featuredmedia":[{"embeddable":true,"href":"https:\/\/pharmacie-progres-cannes.fr\/pharmacie\/wp-json\/wp\/v2\/media\/4035"}],"wp:attachment":[{"href":"https:\/\/pharmacie-progres-cannes.fr\/pharmacie\/wp-json\/wp\/v2\/media?parent=4610"}],"wp:term":[{"taxonomy":"product_brand","embeddable":true,"href":"https:\/\/pharmacie-progres-cannes.fr\/pharmacie\/wp-json\/wp\/v2\/product_brand?post=4610"},{"taxonomy":"product_cat","embeddable":true,"href":"https:\/\/pharmacie-progres-cannes.fr\/pharmacie\/wp-json\/wp\/v2\/product_cat?post=4610"},{"taxonomy":"product_tag","embeddable":true,"href":"https:\/\/pharmacie-progres-cannes.fr\/pharmacie\/wp-json\/wp\/v2\/product_tag?post=4610"}],"curies":[{"name":"wp","href":"https:\/\/api.w.org\/{rel}","templated":true}]}}