{"id":4597,"date":"2024-10-18T19:46:36","date_gmt":"2024-10-18T19:46:36","guid":{"rendered":"https:\/\/chirurgie-orthopedie-vannes.fr\/pharmacie\/?post_type=product&#038;p=4597"},"modified":"2025-03-09T11:08:41","modified_gmt":"2025-03-09T11:08:41","slug":"semaxin","status":"publish","type":"product","link":"https:\/\/pharmacie-progres-cannes.fr\/pharmacie\/supp\/semaxin\/","title":{"rendered":"Semaxin"},"content":{"rendered":"\n<h2 class=\"wp-block-heading\">Qu&rsquo;est-ce que Semaxin et comment fonctionne-t-il ?<\/h2>\n\n\n\n<p><b>Semaxin<\/b> est un <em>compl\u00e9ment alimentaire<\/em> offrant un soutien complet \u00e0 la fertilit\u00e9 masculine et \u00e0 la libido. Son <em>action<\/em> est bas\u00e9e sur l&rsquo;effet synergique d&rsquo;ingr\u00e9dients naturels qui soutiennent la <b>sant\u00e9 sexuelle<\/b>. La formule agit en am\u00e9liorant la qualit\u00e9 du sperme et en augmentant les niveaux de testost\u00e9rone, ce qui est crucial pour les hommes de tous \u00e2ges.<\/p>\n\n\n\n<p><b>Le dosage de<\/b> Semaxin est recommand\u00e9 \u00e0 raison de <em>deux g\u00e9lules par jour<\/em>, ce qui permet d&rsquo;obtenir des effets visibles d\u00e8s la premi\u00e8re semaine. Gr\u00e2ce aux proportions soigneusement s\u00e9lectionn\u00e9es des ingr\u00e9dients, le suppl\u00e9ment peut soutenir efficacement le processus de spermatogen\u00e8se et r\u00e9duire le stress oxydatif dans le corps masculin.<\/p>\n\n\n\n<p>Semaxin, en tant que <em>compl\u00e9ment alimentaire<\/em>, est de plus en plus populaire parmi les hommes qui souhaitent am\u00e9liorer leur vie intime et augmenter leurs chances de grossesse. Les propri\u00e9t\u00e9s des ingr\u00e9dients de Semaxin sont prouv\u00e9es par la recherche, ce qui favorise la confiance dans cette pr\u00e9paration.<\/p>\n\n\n\n<h2 class=\"wp-block-heading\">Semaxin &#8211; effets de l&rsquo;application<\/h2>\n\n\n\n<p>Semaxin est un compl\u00e9ment naturel qui pr\u00e9sente de nombreux avantages lorsqu&rsquo;il est <b>utilis\u00e9<\/b> r\u00e9guli\u00e8rement. L&rsquo;effet principal de la suppl\u00e9mentation est d&rsquo;<em>am\u00e9liorer la<\/em> qualit\u00e9 du sperme. Gr\u00e2ce \u00e0 des ingr\u00e9dients soigneusement s\u00e9lectionn\u00e9s, il est possible d&rsquo;augmenter la quantit\u00e9 de sperme et d&rsquo;<b>am\u00e9liorer la<\/b> mobilit\u00e9 des spermatozo\u00efdes. Cela permet d&rsquo;augmenter consid\u00e9rablement les chances de conception.<\/p>\n\n\n\n<p>De nombreuses personnes font \u00e9tat d&rsquo;une augmentation de la libido, qui influe sur l&rsquo;activit\u00e9 sexuelle. Une <b>utilisation<\/b> r\u00e9guli\u00e8re peut \u00e9galement contribuer \u00e0 \u00e9liminer les probl\u00e8mes d&rsquo;\u00e9rection, ce qui se traduit par une am\u00e9lioration g\u00e9n\u00e9rale du bien-\u00eatre et de la qualit\u00e9 de la vie sexuelle. <b>Les utilisateurs<\/b> louent les <b>effets<\/b>, notant la capacit\u00e9 d&rsquo;am\u00e9liorer la fonction \u00e9rectile et d&rsquo;augmenter la performance sexuelle.<\/p>\n\n\n\n<p>Des \u00e9tudes ont montr\u00e9 que Semaxin avait un effet b\u00e9n\u00e9fique sur la r\u00e9gulation des processus hormonaux, ce qui affecte la production de testost\u00e9rone. Les <b>effets<\/b> document\u00e9s comprennent \u00e9galement un effet b\u00e9n\u00e9fique sur le syst\u00e8me immunitaire, ce qui peut \u00eatre important en termes de sant\u00e9 globale. Il convient de noter que, pour des r\u00e9sultats optimaux, il est recommand\u00e9 de prendre une g\u00e9lule par jour, de pr\u00e9f\u00e9rence au cours d&rsquo;un repas.<\/p>\n\n\n\n<p>Les <b>avis des<\/b> utilisateurs de Semaxin sont g\u00e9n\u00e9ralement positifs, confirmant l&rsquo;efficacit\u00e9 de ce compl\u00e9ment dans l&rsquo;am\u00e9lioration de la qualit\u00e9 et de la puissance du sperme. La note \u00e9lev\u00e9e de 4,95 \u00e9toiles sur 5 dans les commentaires renforce la cr\u00e9dibilit\u00e9 du produit. Les <b>ingr\u00e9dients naturels<\/b> tels que la racine de maca, la L-arginine et le zinc ont un effet positif sur la <b>fertilit\u00e9<\/b> et la sant\u00e9 masculine en g\u00e9n\u00e9ral.<\/p>\n\n\n\n<h2 class=\"wp-block-heading\">Dosage de Semaxin &#8211; Comment l&rsquo;utiliser ?<\/h2>\n\n\n\n<p>Semaxin est un <b>compl\u00e9ment alimentaire<\/b> qui vise \u00e0 am\u00e9liorer la qualit\u00e9 des \u00e9rections et la fertilit\u00e9 chez l&rsquo;homme. <em>La posologie<\/em> recommand\u00e9e est de 2 g\u00e9lules par jour. Les effets optimaux sont constat\u00e9s apr\u00e8s environ un mois d&rsquo;utilisation r\u00e9guli\u00e8re. Il est important de prendre les g\u00e9lules entre les repas, en buvant beaucoup d&rsquo;eau pour favoriser l&rsquo;absorption efficace des principes actifs.<\/p>\n\n\n\n<p><em>Comment utiliser<\/em> Semaxin ? Voici quelques <em>conseils<\/em> sur l&rsquo;utilisation correcte de ce compl\u00e9ment :<\/p>\n\n\n\n<ul class=\"wp-block-list\">\n<li>Prendre 2 g\u00e9lules par jour, de pr\u00e9f\u00e9rence \u00e0 heure fixe.<\/li>\n\n\n\n<li>Buvez les g\u00e9lules avec beaucoup d&rsquo;eau.<\/li>\n\n\n\n<li>Ne pas d\u00e9passer la dose recommand\u00e9e, car un <b>dosage<\/b> plus \u00e9lev\u00e9 n&rsquo;acc\u00e9l\u00e8re pas les effets et peut entra\u00eener des effets ind\u00e9sirables sur le syst\u00e8me digestif.<\/li>\n\n\n\n<li>La r\u00e9gularit\u00e9 de l&rsquo;application est essentielle pour obtenir les r\u00e9sultats souhait\u00e9s.<\/li>\n<\/ul>\n\n\n\n<p>Le respect des <em>recommandations<\/em> ci-dessus vous permettra de maximiser le potentiel de Semaxin et d&rsquo;obtenir des r\u00e9sultats positifs en termes de fertilit\u00e9 et de sant\u00e9 sexuelle.<\/p>\n\n\n\n<h2 class=\"wp-block-heading\">Semaxin &#8211; Avis et critiques &#8211; Que disent les utilisateurs ?<\/h2>\n\n\n\n<p>Semaxin a gagn\u00e9 en popularit\u00e9 aupr\u00e8s des hommes, gr\u00e2ce aux avis positifs que l&rsquo;on peut trouver sur diff\u00e9rents forums. Les <b>utilisateurs<\/b> soulignent les <b>effets<\/b> positifs <b>de<\/b> ce compl\u00e9ment, ce qui le rend digne d&rsquo;attention.<\/p>\n\n\n\n<p>L&rsquo;\u00e9tude a montr\u00e9 que les <b>hommes<\/b> utilisant Semaxin, par rapport aux traitements traditionnels, obtenaient de meilleurs r\u00e9sultats. Par exemple, le groupe B (utilisant Semaxin) a montr\u00e9 :<\/p>\n\n\n\n<ul class=\"wp-block-list\">\n<li>90% des cas d&rsquo;augmentation de la libido,<\/li>\n\n\n\n<li>95% des participants ont constat\u00e9 une augmentation du nombre et du volume du liquide s\u00e9minal,<\/li>\n\n\n\n<li>90% des hommes ont eu des \u00e9rections plus longues.<\/li>\n<\/ul>\n\n\n\n<p><b>Les commentaires des<\/b> utilisateurs tels que :<\/p>\n\n\n\n<blockquote class=\"wp-block-quote is-layout-flow wp-block-quote-is-layout-flow\">\n<p>\u00ab\u00a0J&rsquo;ai commenc\u00e9 \u00e0 utiliser Semaxin et j&rsquo;ai remarqu\u00e9 une am\u00e9lioration significative de la qualit\u00e9 de mon sperme et une augmentation de ma libido. En outre, je me sens plus \u00e9nergique.\u00a0\u00bb &#8211; Marek<\/p>\n<\/blockquote>\n\n\n\n<blockquote class=\"wp-block-quote is-layout-flow wp-block-quote-is-layout-flow\">\n<p>\u00ab\u00a0Semaxin m&rsquo;a aid\u00e9 \u00e0 faire face \u00e0 la dysfonction \u00e9rectile. Gr\u00e2ce \u00e0 lui, je peux \u00e0 nouveau profiter de ma vie sexuelle\u00a0\u00bb. &#8211; Thomas<\/p>\n<\/blockquote>\n\n\n\n<blockquote class=\"wp-block-quote is-layout-flow wp-block-quote-is-layout-flow\">\n<p>\u00ab\u00a0Mon bien-\u00eatre s&rsquo;est consid\u00e9rablement am\u00e9lior\u00e9 et le nombre de mes spermatozo\u00efdes a augment\u00e9. &#8211; Krystian<\/p>\n<\/blockquote>\n\n\n\n<p>En moyenne, les premiers effets de Semaxin sont visibles apr\u00e8s une semaine de traitement. Les avis des utilisateurs soulignent l&rsquo;efficacit\u00e9 du produit. Le cycle de traitement recommand\u00e9 dure environ 4 semaines, \u00e0 raison de 2 g\u00e9lules toutes les 12 heures.<\/p>\n\n\n\n<p>Les impressions des utilisateurs indiquent une grande satisfaction quant \u00e0 l&rsquo;utilisation du produit, ce qui illustre l&rsquo;importance de ce type d&rsquo;<em>avis<\/em> dans la d\u00e9cision de choisir un suppl\u00e9ment. Semaxin est souvent recommand\u00e9 dans de nombreux forums, o\u00f9 les <b>hommes<\/b> partagent leurs exp\u00e9riences et obtiennent de l&rsquo;aide pour am\u00e9liorer leur vie intime.<\/p>\n\n\n\n<figure class=\"wp-block-table\"><table class=\"has-fixed-layout\"><tbody><tr><th>Indicateur<\/th><th>Groupe A (m\u00e9decine traditionnelle)<\/th><th>Groupe B (Semaxin)<\/th><\/tr><tr><td>Augmentation de la libido<\/td><td>70%<\/td><td>90%<\/td><\/tr><tr><td>Augmentation du nombre et du volume des spermatozo\u00efdes<\/td><td>70%<\/td><td>95%<\/td><\/tr><tr><td>Des \u00e9rections plus longues<\/td><td>80%<\/td><td>90%<\/td><\/tr><\/tbody><\/table><\/figure>\n\n\n\n<h2 class=\"wp-block-heading\">Semaxin &#8211; Composition<\/h2>\n\n\n\n<p>Semaxin contient une s\u00e9rie d&rsquo;<em>ingr\u00e9dients naturels<\/em> importants pour la sant\u00e9 reproductive et la <em>fertilit\u00e9 masculine<\/em>. Les \u00e9l\u00e9ments cl\u00e9s sont les suivants :<\/p>\n\n\n\n<ul class=\"wp-block-list\">\n<li>N-ac\u00e9tyl-l-cyst\u00e9ine &#8211; favorise le transport des groupes acyles dans les organismes.<\/li>\n\n\n\n<li>Extrait de racine d&rsquo;astragale membraneuse &#8211; favorise la viabilit\u00e9 des spermatozo\u00efdes et am\u00e9liore la <b>fertilit\u00e9<\/b>.<\/li>\n\n\n\n<li>Vitamine E &#8211; importante pour la sant\u00e9 des cellules.<\/li>\n\n\n\n<li>Vitamine B12 &#8211; r\u00e9gulateur de la production d&rsquo;\u00e9rythrocytes, une carence peut entra\u00eener une an\u00e9mie.<\/li>\n\n\n\n<li>Zinc &#8211; important pour la production de testost\u00e9rone, favorise la <b>sant\u00e9 sexuelle<\/b>.<\/li>\n\n\n\n<li>S\u00e9l\u00e9nium &#8211; connu pour ses propri\u00e9t\u00e9s antioxydantes, il contribue \u00e0 la <b>sant\u00e9 des<\/b> cellules.<\/li>\n<\/ul>\n\n\n\n<p>L&rsquo;utilisation r\u00e9guli\u00e8re de ces <em>ingr\u00e9dients naturels<\/em> peut faire une diff\u00e9rence significative pour la <em>sant\u00e9<\/em> et la fonction sexuelle des hommes. Il est recommand\u00e9 aux <b>hommes<\/b> de prendre Semaxin pendant au moins trois mois pour obtenir des r\u00e9sultats satisfaisants en termes de <em>fertilit\u00e9 masculine<\/em> et de bien-\u00eatre g\u00e9n\u00e9ral.<\/p>\n\n\n\n<h2 class=\"wp-block-heading\">O\u00f9 acheter Semaxin &#8211; prix<\/h2>\n\n\n\n<p>Lorsque vous achetez Semaxin sur le site officiel du fabricant, vous pouvez \u00eatre s\u00fbr que vous obtenez un produit de la plus haute qualit\u00e9. En outre, le fabricant propose des promotions int\u00e9ressantes qui vous permettent d&rsquo;acheter le produit \u00e0 un prix r\u00e9duit. Des offres sp\u00e9ciales sont \u00e9galement possibles, vous permettant de b\u00e9n\u00e9ficier d&rsquo;avantages suppl\u00e9mentaires tels que la livraison ou l&#8217;emballage gratuits pour l&rsquo;achat d&rsquo;une plus grande quantit\u00e9. Il vaut la peine de consulter r\u00e9guli\u00e8rement le site web pour profiter des meilleures offres.<\/p>\n\n\n\n<h2 class=\"wp-block-heading\">Semaxin &#8211; Effets secondaires et contre-indications<\/h2>\n\n\n\n<p>Semaxin, bien que consid\u00e9r\u00e9 comme un produit s\u00fbr, peut \u00eatre associ\u00e9 \u00e0 certains effets secondaires qu&rsquo;il convient de conna\u00eetre. Des utilisateurs ont signal\u00e9 des sympt\u00f4mes tels que des maux de t\u00eate, des vertiges et des r\u00e9actions allergiques. Il convient donc d&rsquo;\u00eatre prudent, en particulier lors de la premi\u00e8re utilisation ou d&rsquo;une augmentation de la dose. En cas d&rsquo;effets ind\u00e9sirables, il est n\u00e9cessaire de consulter imm\u00e9diatement un m\u00e9decin.<\/p>\n\n\n\n<p>Les <b>contre-indications<\/b> \u00e0 l&rsquo;utilisation de Semaxin concernent principalement les personnes allergiques \u00e0 l&rsquo;un des composants du suppl\u00e9ment. Le produit doit \u00e9galement \u00eatre \u00e9vit\u00e9 si vous souffrez d&rsquo;une maladie existante, telle qu&rsquo;une maladie cardiaque, une hypertension art\u00e9rielle ou des probl\u00e8mes de thyro\u00efde. Il est important que toute personne envisageant d&rsquo;utiliser ce suppl\u00e9ment consulte son m\u00e9decin afin de garantir une <b>s\u00e9curit\u00e9<\/b> maximale.<\/p>\n\n\n\n<p>En conclusion, Semaxin peut \u00eatre un soutien efficace pour la sant\u00e9 sexuelle des hommes, mais il est conseill\u00e9 de comprendre les effets secondaires potentiels et les contre-indications avant de commencer la suppl\u00e9mentation. En approfondissant le sujet, vous pourrez profiter des avantages de la formule tout en prenant soin de votre <b>sant\u00e9<\/b>.<\/p>\n","protected":false},"excerpt":{"rendered":"<p><strong>[date_countdown]<\/strong><\/p>\n<p><img decoding=\"async\" class=\"alignnone  wp-image-8427\" src=\"https:\/\/pharmacie-progres-cannes.fr\/pharmacie\/wp-content\/uploads\/2024\/10\/SAFE-PAY-300x88-1.png\" alt=\"SAFE-PAY-300x88\" width=\"164\" height=\"48\" \/><\/p>\n","protected":false},"featured_media":4033,"comment_status":"open","ping_status":"closed","template":"","meta":{"neve_meta_sidebar":"","neve_meta_container":"","neve_meta_enable_content_width":"","neve_meta_content_width":0,"neve_meta_title_alignment":"","neve_meta_author_avatar":"","neve_post_elements_order":"","neve_meta_disable_header":"","neve_meta_disable_footer":"","neve_meta_disable_title":"","neve_meta_reading_time":""},"product_brand":[],"product_cat":[16],"product_tag":[],"class_list":{"0":"post-4597","1":"product","2":"type-product","3":"status-publish","4":"has-post-thumbnail","6":"product_cat-sante-sexuelle","8":"first","9":"instock","10":"sale","11":"shipping-taxable","12":"product-type-external"},"yoast_head":"<!-- This site is optimized with the Yoast SEO plugin v27.3 - https:\/\/yoast.com\/product\/yoast-seo-wordpress\/ -->\n<title>Semaxin - Avis, Forum, Pharmacie, Effets, Prix -50% | Pharmacie-Progres-Pannes<\/title>\n<meta name=\"robots\" content=\"index, follow, max-snippet:-1, max-image-preview:large, max-video-preview:-1\" \/>\n<link rel=\"canonical\" href=\"https:\/\/pharmacie-progres-cannes.fr\/pharmacie\/supp\/semaxin\/\" \/>\n<meta property=\"og:locale\" content=\"fr_FR\" \/>\n<meta property=\"og:type\" content=\"article\" \/>\n<meta property=\"og:title\" content=\"Semaxin - Avis, Forum, Pharmacie, Effets, Prix -50% | Pharmacie-Progres-Pannes\" \/>\n<meta property=\"og:url\" content=\"https:\/\/pharmacie-progres-cannes.fr\/pharmacie\/supp\/semaxin\/\" \/>\n<meta property=\"og:site_name\" content=\"Pharmacie-Progres-Pannes\" \/>\n<meta property=\"article:modified_time\" content=\"2025-03-09T11:08:41+00:00\" \/>\n<meta property=\"og:image\" content=\"https:\/\/pharmacie-progres-cannes.fr\/pharmacie\/wp-content\/uploads\/2024\/10\/Semaxin.jpg\" \/>\n\t<meta property=\"og:image:width\" content=\"768\" \/>\n\t<meta property=\"og:image:height\" content=\"768\" \/>\n\t<meta property=\"og:image:type\" content=\"image\/jpeg\" \/>\n<meta name=\"twitter:card\" content=\"summary_large_image\" \/>\n<meta name=\"twitter:description\" content=\"[date_countdown]\" \/>\n<meta name=\"twitter:label1\" content=\"Dur\u00e9e de lecture estim\u00e9e\" \/>\n\t<meta name=\"twitter:data1\" content=\"1 minute\" \/>\n<script type=\"application\/ld+json\" class=\"yoast-schema-graph\">{\"@context\":\"https:\\\/\\\/schema.org\",\"@graph\":[{\"@type\":\"WebPage\",\"@id\":\"https:\\\/\\\/pharmacie-progres-cannes.fr\\\/pharmacie\\\/supp\\\/semaxin\\\/\",\"url\":\"https:\\\/\\\/pharmacie-progres-cannes.fr\\\/pharmacie\\\/supp\\\/semaxin\\\/\",\"name\":\"Semaxin - Avis, Forum, Pharmacie, Effets, Prix -50% | Pharmacie-Progres-Pannes\",\"isPartOf\":{\"@id\":\"https:\\\/\\\/pharmacie-progres-cannes.fr\\\/pharmacie\\\/#website\"},\"primaryImageOfPage\":{\"@id\":\"https:\\\/\\\/pharmacie-progres-cannes.fr\\\/pharmacie\\\/supp\\\/semaxin\\\/#primaryimage\"},\"image\":{\"@id\":\"https:\\\/\\\/pharmacie-progres-cannes.fr\\\/pharmacie\\\/supp\\\/semaxin\\\/#primaryimage\"},\"thumbnailUrl\":\"https:\\\/\\\/pharmacie-progres-cannes.fr\\\/pharmacie\\\/wp-content\\\/uploads\\\/2024\\\/10\\\/Semaxin.jpg\",\"datePublished\":\"2024-10-18T19:46:36+00:00\",\"dateModified\":\"2025-03-09T11:08:41+00:00\",\"breadcrumb\":{\"@id\":\"https:\\\/\\\/pharmacie-progres-cannes.fr\\\/pharmacie\\\/supp\\\/semaxin\\\/#breadcrumb\"},\"inLanguage\":\"fr-FR\",\"potentialAction\":[{\"@type\":\"ReadAction\",\"target\":[\"https:\\\/\\\/pharmacie-progres-cannes.fr\\\/pharmacie\\\/supp\\\/semaxin\\\/\"]}]},{\"@type\":\"ImageObject\",\"inLanguage\":\"fr-FR\",\"@id\":\"https:\\\/\\\/pharmacie-progres-cannes.fr\\\/pharmacie\\\/supp\\\/semaxin\\\/#primaryimage\",\"url\":\"https:\\\/\\\/pharmacie-progres-cannes.fr\\\/pharmacie\\\/wp-content\\\/uploads\\\/2024\\\/10\\\/Semaxin.jpg\",\"contentUrl\":\"https:\\\/\\\/pharmacie-progres-cannes.fr\\\/pharmacie\\\/wp-content\\\/uploads\\\/2024\\\/10\\\/Semaxin.jpg\",\"width\":768,\"height\":768},{\"@type\":\"BreadcrumbList\",\"@id\":\"https:\\\/\\\/pharmacie-progres-cannes.fr\\\/pharmacie\\\/supp\\\/semaxin\\\/#breadcrumb\",\"itemListElement\":[{\"@type\":\"ListItem\",\"position\":1,\"name\":\"Strona g\u0142\u00f3wna\",\"item\":\"https:\\\/\\\/pharmacie-progres-cannes.fr\\\/pharmacie\\\/\"},{\"@type\":\"ListItem\",\"position\":2,\"name\":\"farmaci\",\"item\":\"https:\\\/\\\/pharmacie-progres-cannes.fr\\\/pharmacie\\\/\"},{\"@type\":\"ListItem\",\"position\":3,\"name\":\"Semaxin\"}]},{\"@type\":\"WebSite\",\"@id\":\"https:\\\/\\\/pharmacie-progres-cannes.fr\\\/pharmacie\\\/#website\",\"url\":\"https:\\\/\\\/pharmacie-progres-cannes.fr\\\/pharmacie\\\/\",\"name\":\"Pharmacie-Progres-Pannes\",\"description\":\"\",\"potentialAction\":[{\"@type\":\"SearchAction\",\"target\":{\"@type\":\"EntryPoint\",\"urlTemplate\":\"https:\\\/\\\/pharmacie-progres-cannes.fr\\\/pharmacie\\\/?s={search_term_string}\"},\"query-input\":{\"@type\":\"PropertyValueSpecification\",\"valueRequired\":true,\"valueName\":\"search_term_string\"}}],\"inLanguage\":\"fr-FR\"}]}<\/script>\n<!-- \/ Yoast SEO plugin. -->","yoast_head_json":{"title":"Semaxin - Avis, Forum, Pharmacie, Effets, Prix -50% | Pharmacie-Progres-Pannes","robots":{"index":"index","follow":"follow","max-snippet":"max-snippet:-1","max-image-preview":"max-image-preview:large","max-video-preview":"max-video-preview:-1"},"canonical":"https:\/\/pharmacie-progres-cannes.fr\/pharmacie\/supp\/semaxin\/","og_locale":"fr_FR","og_type":"article","og_title":"Semaxin - Avis, Forum, Pharmacie, Effets, Prix -50% | Pharmacie-Progres-Pannes","og_url":"https:\/\/pharmacie-progres-cannes.fr\/pharmacie\/supp\/semaxin\/","og_site_name":"Pharmacie-Progres-Pannes","article_modified_time":"2025-03-09T11:08:41+00:00","og_image":[{"width":768,"height":768,"url":"https:\/\/pharmacie-progres-cannes.fr\/pharmacie\/wp-content\/uploads\/2024\/10\/Semaxin.jpg","type":"image\/jpeg"}],"twitter_card":"summary_large_image","twitter_description":"[date_countdown]","twitter_misc":{"Dur\u00e9e de lecture estim\u00e9e":"1 minute"},"schema":{"@context":"https:\/\/schema.org","@graph":[{"@type":"WebPage","@id":"https:\/\/pharmacie-progres-cannes.fr\/pharmacie\/supp\/semaxin\/","url":"https:\/\/pharmacie-progres-cannes.fr\/pharmacie\/supp\/semaxin\/","name":"Semaxin - Avis, Forum, Pharmacie, Effets, Prix -50% | Pharmacie-Progres-Pannes","isPartOf":{"@id":"https:\/\/pharmacie-progres-cannes.fr\/pharmacie\/#website"},"primaryImageOfPage":{"@id":"https:\/\/pharmacie-progres-cannes.fr\/pharmacie\/supp\/semaxin\/#primaryimage"},"image":{"@id":"https:\/\/pharmacie-progres-cannes.fr\/pharmacie\/supp\/semaxin\/#primaryimage"},"thumbnailUrl":"https:\/\/pharmacie-progres-cannes.fr\/pharmacie\/wp-content\/uploads\/2024\/10\/Semaxin.jpg","datePublished":"2024-10-18T19:46:36+00:00","dateModified":"2025-03-09T11:08:41+00:00","breadcrumb":{"@id":"https:\/\/pharmacie-progres-cannes.fr\/pharmacie\/supp\/semaxin\/#breadcrumb"},"inLanguage":"fr-FR","potentialAction":[{"@type":"ReadAction","target":["https:\/\/pharmacie-progres-cannes.fr\/pharmacie\/supp\/semaxin\/"]}]},{"@type":"ImageObject","inLanguage":"fr-FR","@id":"https:\/\/pharmacie-progres-cannes.fr\/pharmacie\/supp\/semaxin\/#primaryimage","url":"https:\/\/pharmacie-progres-cannes.fr\/pharmacie\/wp-content\/uploads\/2024\/10\/Semaxin.jpg","contentUrl":"https:\/\/pharmacie-progres-cannes.fr\/pharmacie\/wp-content\/uploads\/2024\/10\/Semaxin.jpg","width":768,"height":768},{"@type":"BreadcrumbList","@id":"https:\/\/pharmacie-progres-cannes.fr\/pharmacie\/supp\/semaxin\/#breadcrumb","itemListElement":[{"@type":"ListItem","position":1,"name":"Strona g\u0142\u00f3wna","item":"https:\/\/pharmacie-progres-cannes.fr\/pharmacie\/"},{"@type":"ListItem","position":2,"name":"farmaci","item":"https:\/\/pharmacie-progres-cannes.fr\/pharmacie\/"},{"@type":"ListItem","position":3,"name":"Semaxin"}]},{"@type":"WebSite","@id":"https:\/\/pharmacie-progres-cannes.fr\/pharmacie\/#website","url":"https:\/\/pharmacie-progres-cannes.fr\/pharmacie\/","name":"Pharmacie-Progres-Pannes","description":"","potentialAction":[{"@type":"SearchAction","target":{"@type":"EntryPoint","urlTemplate":"https:\/\/pharmacie-progres-cannes.fr\/pharmacie\/?s={search_term_string}"},"query-input":{"@type":"PropertyValueSpecification","valueRequired":true,"valueName":"search_term_string"}}],"inLanguage":"fr-FR"}]}},"_links":{"self":[{"href":"https:\/\/pharmacie-progres-cannes.fr\/pharmacie\/wp-json\/wp\/v2\/product\/4597","targetHints":{"allow":["GET"]}}],"collection":[{"href":"https:\/\/pharmacie-progres-cannes.fr\/pharmacie\/wp-json\/wp\/v2\/product"}],"about":[{"href":"https:\/\/pharmacie-progres-cannes.fr\/pharmacie\/wp-json\/wp\/v2\/types\/product"}],"replies":[{"embeddable":true,"href":"https:\/\/pharmacie-progres-cannes.fr\/pharmacie\/wp-json\/wp\/v2\/comments?post=4597"}],"wp:featuredmedia":[{"embeddable":true,"href":"https:\/\/pharmacie-progres-cannes.fr\/pharmacie\/wp-json\/wp\/v2\/media\/4033"}],"wp:attachment":[{"href":"https:\/\/pharmacie-progres-cannes.fr\/pharmacie\/wp-json\/wp\/v2\/media?parent=4597"}],"wp:term":[{"taxonomy":"product_brand","embeddable":true,"href":"https:\/\/pharmacie-progres-cannes.fr\/pharmacie\/wp-json\/wp\/v2\/product_brand?post=4597"},{"taxonomy":"product_cat","embeddable":true,"href":"https:\/\/pharmacie-progres-cannes.fr\/pharmacie\/wp-json\/wp\/v2\/product_cat?post=4597"},{"taxonomy":"product_tag","embeddable":true,"href":"https:\/\/pharmacie-progres-cannes.fr\/pharmacie\/wp-json\/wp\/v2\/product_tag?post=4597"}],"curies":[{"name":"wp","href":"https:\/\/api.w.org\/{rel}","templated":true}]}}