{"id":4590,"date":"2024-10-18T19:46:36","date_gmt":"2024-10-18T19:46:36","guid":{"rendered":"https:\/\/chirurgie-orthopedie-vannes.fr\/pharmacie\/?post_type=product&#038;p=4590"},"modified":"2025-03-17T17:30:42","modified_gmt":"2025-03-17T17:30:42","slug":"prenatalin","status":"publish","type":"product","link":"https:\/\/pharmacie-progres-cannes.fr\/pharmacie\/supp\/prenatalin\/","title":{"rendered":"Prenatalin"},"content":{"rendered":"\n<h2 class=\"wp-block-heading\">Qu&rsquo;est-ce que la pr\u00e9natalit\u00e9 et comment fonctionne-t-elle ?<\/h2>\n\n\n\n<p>Prenatalin est un <em>compl\u00e9ment alimentaire<\/em> destin\u00e9 aux femmes enceintes et allaitantes. Gr\u00e2ce \u00e0 ses ingr\u00e9dients soigneusement s\u00e9lectionn\u00e9s, il apporte \u00e0 l&rsquo;organisme les vitamines et min\u00e9raux essentiels au bon <b>d\u00e9veloppement du f\u0153tus<\/b>. <b>Prenatalin<\/b> contient jusqu&rsquo;\u00e0 23 ingr\u00e9dients naturels, dont de l&rsquo;acide folique sous forme de Quatrefolic, de la vitamine D, du fer, de l&rsquo;iode et des acides om\u00e9ga-3 (DHA).<\/p>\n\n\n\n<p>La quatrefolique, dont l&rsquo;action favorise le d\u00e9veloppement normal du cerveau et du syst\u00e8me nerveux, joue un r\u00f4le cl\u00e9 dans la pr\u00e9vention des d\u00e9fauts de d\u00e9veloppement. En outre, la vitamine A participe \u00e0 la croissance des tissus et au d\u00e9veloppement de la vue du b\u00e9b\u00e9. Prenatalin favorise non seulement le d\u00e9veloppement de l&rsquo;enfant, mais minimise \u00e9galement le risque d&rsquo;an\u00e9mie chez la future maman gr\u00e2ce \u00e0 un apport en fer et en magn\u00e9sium, ce qui est extr\u00eamement important pendant la grossesse.<\/p>\n\n\n\n<p>Des \u00e9tudes montrent que 90 % des femmes enceintes souffrent d&rsquo;une carence en au moins une <b>vitamine<\/b> ou un min\u00e9ral. L&rsquo;utilisation r\u00e9guli\u00e8re de Prenatalin peut am\u00e9liorer la situation de mani\u00e8re significative. <b>Les avis sur Prenatalin<\/b> confirment son efficacit\u00e9 \u00e9lev\u00e9e et la satisfaction des utilisateurs.<\/p>\n\n\n\n<h2 class=\"wp-block-heading\">Effets de la pr\u00e9natalit\u00e9<\/h2>\n\n\n\n<p><b>Les effets de Prenatalin<\/b> sont d\u00e9j\u00e0 perceptibles apr\u00e8s une courte p\u00e9riode de suppl\u00e9mentation r\u00e9guli\u00e8re. Le principal avantage est le <b>soutien de la sant\u00e9<\/b> maternelle et du <b>d\u00e9veloppement du f\u0153tus<\/b>. La prise de ce compl\u00e9ment peut r\u00e9duire de mani\u00e8re significative le risque de malformations f\u0153tales, en particulier au cours des premiers mois de la grossesse. Les <b>vitamines<\/b> et <b>min\u00e9raux<\/b> contenus dans Prenatalin, tels que l&rsquo;acide folique et le fer, sont essentiels au d\u00e9veloppement normal du syst\u00e8me nerveux et \u00e0 la production de globules rouges, ce qui permet d&rsquo;\u00e9viter l&rsquo;an\u00e9mie maternelle et le manque d&rsquo;oxyg\u00e8ne chez le f\u0153tus.<\/p>\n\n\n\n<p>Les <b>vitamines<\/b> B et le DHA, qui sont des composants de Prenatalin, favorisent le d\u00e9veloppement du cerveau et de la vue du b\u00e9b\u00e9. En utilisant r\u00e9guli\u00e8rement ce compl\u00e9ment, les futures mamans peuvent constater une am\u00e9lioration de l&rsquo;\u00e9tat de leur peau et de leurs cheveux, ainsi qu&rsquo;une diminution de la sensation de fatigue, ce qui est particuli\u00e8rement important pendant la grossesse. La haute qualit\u00e9 des nutriments apport\u00e9s par Prenatalin assure des conditions optimales pour le bon d\u00e9veloppement du b\u00e9b\u00e9 et contribue au maintien de l&rsquo;\u00e9quilibre nutritionnel de l&rsquo;organisme de la femme enceinte.<\/p>\n\n\n\n<p>Dans l&rsquo;ensemble, les <b>effets de Prenatalin<\/b> pr\u00e9sentent un certain nombre d&rsquo;<b>avantages<\/b> qui influencent positivement la sant\u00e9 de la m\u00e8re et le <b>d\u00e9veloppement du f\u0153tus<\/b>. La prise r\u00e9guli\u00e8re des g\u00e9lules favorise les processus m\u00e9taboliques et le transport des nutriments \u00e0 travers le placenta, ce qui est crucial pour les deux parties.<\/p>\n\n\n\n<h2 class=\"wp-block-heading\">Prenatalin dosage &#8211; Comment l&rsquo;utiliser ?<\/h2>\n\n\n\n<p>Les produits Prenatalin sont disponibles sous forme de g\u00e9lules, ce qui les rend pratiques et faciles \u00e0 utiliser. <em>La notice<\/em> fournit un <em>mode d&#8217;emploi<\/em> d\u00e9taill\u00e9. La meilleure approche consiste \u00e0 prendre deux g\u00e9lules de Prenatalin Multi par jour et une g\u00e9lule de Prenatalin Omega 3. Prenez les compl\u00e9ments avec beaucoup d&rsquo;eau pour faciliter l&rsquo;absorption.<\/p>\n\n\n\n<p>Il est important de respecter la <em>dose<\/em> recommand\u00e9e <em>de Prenatalin<\/em> et de ne pas la d\u00e9passer sans consultation m\u00e9dicale pr\u00e9alable. Une utilisation appropri\u00e9e contribue \u00e0 un soutien optimal de la m\u00e8re et du b\u00e9b\u00e9 en d\u00e9veloppement. L&rsquo;utilisation r\u00e9guli\u00e8re de ce compl\u00e9ment peut contribuer \u00e0 un meilleur bien-\u00eatre pendant la grossesse et favoriser le d\u00e9veloppement sain du f\u0153tus.<\/p>\n\n\n\n<p>Les femmes qui d\u00e9cident de prendre Prenatalin doivent \u00e9galement suivre les recommandations de la <em>notice<\/em> afin de maximiser les effets de la suppl\u00e9mentation. Elles ont ainsi l&rsquo;assurance de prendre soin de leur sant\u00e9 et de celle de leur b\u00e9b\u00e9 pendant cette p\u00e9riode unique de la vie.<\/p>\n\n\n\n<h2 class=\"wp-block-heading\">Prenatalin reviews &#8211; Que disent les utilisateurs dans les forums ?<\/h2>\n\n\n\n<p>Sur de nombreux forums en ligne, on peut trouver des <b>avis<\/b> positifs <b>sur Prenatalin<\/b>, qui refl\u00e8tent les exp\u00e9riences de femmes enceintes. Les utilisateurs font l&rsquo;\u00e9loge non seulement de la composition du compl\u00e9ment, mais aussi de ses effets. Patrycja K. souligne qu&rsquo;elle a remarqu\u00e9 une am\u00e9lioration significative de son bien-\u00eatre et de meilleurs r\u00e9sultats d&rsquo;analyses sanguines apr\u00e8s avoir commenc\u00e9 \u00e0 prendre le compl\u00e9ment. Une autre utilisatrice qui partage son exp\u00e9rience est Marta N., qui souligne l&rsquo;augmentation de l&rsquo;\u00e9nergie et les effets positifs sur le d\u00e9veloppement de son b\u00e9b\u00e9, confirm\u00e9s par son m\u00e9decin.<\/p>\n\n\n\n<p>Catherine Z. souligne l&rsquo;importance pour elle de maintenir un taux de fer ad\u00e9quat dans son corps, ce qui \u00e9tait un probl\u00e8me avant sa grossesse. Ces commentaires indiquent clairement que Prenatalin peut contribuer \u00e0 la sant\u00e9 de la m\u00e8re et de l&rsquo;enfant. Il convient de noter que les <b>commentaires des utilisateurs<\/b> sur les forums soulignent souvent l&rsquo;efficacit\u00e9 et la haute qualit\u00e9 du produit, ce qui incite de nombreuses femmes \u00e0 choisir de l&rsquo;utiliser pendant la grossesse.<\/p>\n\n\n\n<h2 class=\"wp-block-heading\">Prenatalin &#8211; Composition<\/h2>\n\n\n\n<p>Prenatalin est un compl\u00e9ment alimentaire destin\u00e9 aux femmes enceintes, \u00e0 celles qui allaitent et \u00e0 celles qui envisagent une grossesse. Sa <em>formulation Prenatalin<\/em> comprend des <b>nutriments<\/b> cl\u00e9s qui sont essentiels pour la sant\u00e9 de la m\u00e8re et du f\u0153tus en d\u00e9veloppement. Parmi les vitamines cl\u00e9s figurent l&rsquo;acide folique, le fer, la vitamine D et l&rsquo;iode, qui favorisent un d\u00e9veloppement normal et pr\u00e9viennent les carences.<\/p>\n\n\n\n<p>Les vitamines B jouent un r\u00f4le important dans le d\u00e9veloppement du syst\u00e8me nerveux du b\u00e9b\u00e9 et aident \u00e9galement \u00e0 lutter contre la fatigue de la m\u00e8re. Les <b>min\u00e9raux<\/b> tels que le magn\u00e9sium et le s\u00e9l\u00e9nium sont essentiels pour maintenir l&rsquo;\u00e9quilibre \u00e9lectrolytique et r\u00e9duire le risque de complications. Prenatalin contient \u00e9galement des acides gras om\u00e9ga-3 (DHA, EPA) qui contribuent au d\u00e9veloppement normal du cerveau et de la vision du f\u0153tus.<\/p>\n\n\n\n<p>La prise r\u00e9guli\u00e8re de Prenatalin peut avoir un effet significatif sur la r\u00e9duction de la fatigue de la m\u00e8re, ainsi que sur le soutien de son syst\u00e8me immunitaire, minimisant ainsi le risque d&rsquo;infection. La suppl\u00e9mentation doit \u00eatre accompagn\u00e9e d&rsquo;un dosage appropri\u00e9, soit une g\u00e9lule par jour, de pr\u00e9f\u00e9rence au cours d&rsquo;un repas.<\/p>\n\n\n\n<h2 class=\"wp-block-heading\">Prix de la pr\u00e9natalit\u00e9 &#8211; O\u00f9 acheter ?<\/h2>\n\n\n\n<p>En achetant Prenatalin sur le site du fabricant, vous \u00eates s\u00fbr d&rsquo;obtenir le produit original au meilleur prix. Des promotions r\u00e9guli\u00e8res vous permettent d&rsquo;\u00e9conomiser jusqu&rsquo;\u00e0 50 % de la valeur du produit, ce qui le rend encore plus abordable pour les clients.<\/p>\n\n\n\n<p>Vous ne trouverez pas Prenatalin dans un magasin ou une pharmacie, car le fabricant vend exclusivement en ligne. Cet arrangement permet de contr\u00f4ler enti\u00e8rement la distribution et de garantir la meilleure qualit\u00e9.<\/p>\n\n\n\n<p>En investissant dans Prenatalin, les utilisateurs soutiennent le d\u00e9veloppement sain du f\u0153tus et am\u00e9liorent le bien-\u00eatre g\u00e9n\u00e9ral, comme le montrent les r\u00e9sultats des plateformes d&rsquo;\u00e9valuation, o\u00f9 le produit a re\u00e7u une note de 4,95 \u00e9toiles sur 5. Plus de 95 % des avis sur Prenatalin sont positifs, ce qui prouve l&rsquo;efficacit\u00e9 du produit et la confiance qu&rsquo;il inspire aux consommateurs. En outre, en profitant des <em>promotions<\/em> actuelles, vous pouvez \u00e9conomiser de l&rsquo;argent sur votre achat, ce qui est une option attrayante pour toutes les parties concern\u00e9es.<\/p>\n\n\n\n<h2 class=\"wp-block-heading\">Prenatalin &#8211; Effets secondaires et contre-indications &#8211; S\u00e9curit\u00e9 d&#8217;emploi<\/h2>\n\n\n\n<p>L&rsquo;utilisation de Prenatalin est g\u00e9n\u00e9ralement s\u00fbre et les <b>effets secondaires de Prenatalin<\/b> sont extr\u00eamement rares. La majorit\u00e9 des femmes qui optent pour la suppl\u00e9mentation ne ressentent aucune r\u00e9action n\u00e9gative. Dans un petit nombre de cas, des sympt\u00f4mes l\u00e9gers tels que des naus\u00e9es ou des maux de t\u00eate peuvent survenir, ce qui incite \u00e0 la prudence, surtout en cas d&rsquo;hypersensibilit\u00e9 aux ingr\u00e9dients du produit.<\/p>\n\n\n\n<p>Il convient de noter qu&rsquo;il existe certaines <b>contre-indications<\/b> \u00e0 l&rsquo;utilisation de Prenatalin. Les personnes allergiques \u00e0 l&rsquo;un de ses ingr\u00e9dients, ainsi que celles souffrant de graves probl\u00e8mes r\u00e9naux ou h\u00e9patiques, doivent consulter leur m\u00e9decin avant de commencer la suppl\u00e9mentation. Il s&rsquo;agit d&rsquo;une \u00e9tape importante pour s&rsquo;assurer que le produit est adapt\u00e9 \u00e0 leur \u00e9tat.<\/p>\n\n\n\n<p>Dans l&rsquo;ensemble, la pr\u00e9nataline a re\u00e7u des commentaires positifs lors des essais cliniques, ce qui confirme la <b>s\u00e9curit\u00e9 de<\/b> son <b>utilisation<\/b>. Il est recommand\u00e9 \u00e0 chaque femme de demander l&rsquo;avis d&rsquo;un m\u00e9decin avant d&rsquo;opter pour une suppl\u00e9mentation afin d&rsquo;adapter l&rsquo;apport \u00e0 ses besoins individuels et \u00e0 son \u00e9tat de sant\u00e9.<\/p>\n","protected":false},"excerpt":{"rendered":"<p><strong>[date_countdown]<\/strong><\/p>\n<p><img decoding=\"async\" class=\"alignnone  wp-image-8427\" src=\"https:\/\/pharmacie-progres-cannes.fr\/pharmacie\/wp-content\/uploads\/2024\/10\/SAFE-PAY-300x88-1.png\" alt=\"SAFE-PAY-300x88\" width=\"164\" height=\"48\" \/><\/p>\n","protected":false},"featured_media":4398,"comment_status":"open","ping_status":"closed","template":"","meta":{"neve_meta_sidebar":"","neve_meta_container":"","neve_meta_enable_content_width":"","neve_meta_content_width":0,"neve_meta_title_alignment":"","neve_meta_author_avatar":"","neve_post_elements_order":"","neve_meta_disable_header":"","neve_meta_disable_footer":"","neve_meta_disable_title":"","neve_meta_reading_time":""},"product_brand":[],"product_cat":[16],"product_tag":[],"class_list":{"0":"post-4590","1":"product","2":"type-product","3":"status-publish","4":"has-post-thumbnail","6":"product_cat-sante-sexuelle","8":"first","9":"instock","10":"sale","11":"shipping-taxable","12":"product-type-external"},"yoast_head":"<!-- This site is optimized with the Yoast SEO plugin v27.3 - https:\/\/yoast.com\/product\/yoast-seo-wordpress\/ -->\n<title>Prenatalin - Avis, Forum, Pharmacie, Effets, Prix -50% | Pharmacie-Progres-Pannes<\/title>\n<meta name=\"robots\" content=\"index, follow, max-snippet:-1, max-image-preview:large, max-video-preview:-1\" \/>\n<link rel=\"canonical\" href=\"https:\/\/pharmacie-progres-cannes.fr\/pharmacie\/supp\/prenatalin\/\" \/>\n<meta property=\"og:locale\" content=\"fr_FR\" \/>\n<meta property=\"og:type\" content=\"article\" \/>\n<meta property=\"og:title\" content=\"Prenatalin - Avis, Forum, Pharmacie, Effets, Prix -50% | Pharmacie-Progres-Pannes\" \/>\n<meta property=\"og:url\" content=\"https:\/\/pharmacie-progres-cannes.fr\/pharmacie\/supp\/prenatalin\/\" \/>\n<meta property=\"og:site_name\" content=\"Pharmacie-Progres-Pannes\" \/>\n<meta property=\"article:modified_time\" content=\"2025-03-17T17:30:42+00:00\" \/>\n<meta property=\"og:image\" content=\"https:\/\/pharmacie-progres-cannes.fr\/pharmacie\/wp-content\/uploads\/2024\/10\/Prenatalin.jpg\" \/>\n\t<meta property=\"og:image:width\" content=\"768\" \/>\n\t<meta property=\"og:image:height\" content=\"768\" \/>\n\t<meta property=\"og:image:type\" content=\"image\/jpeg\" \/>\n<meta name=\"twitter:card\" content=\"summary_large_image\" \/>\n<meta name=\"twitter:description\" content=\"[date_countdown]\" \/>\n<meta name=\"twitter:label1\" content=\"Dur\u00e9e de lecture estim\u00e9e\" \/>\n\t<meta name=\"twitter:data1\" content=\"1 minute\" \/>\n<script type=\"application\/ld+json\" class=\"yoast-schema-graph\">{\"@context\":\"https:\\\/\\\/schema.org\",\"@graph\":[{\"@type\":\"WebPage\",\"@id\":\"https:\\\/\\\/pharmacie-progres-cannes.fr\\\/pharmacie\\\/supp\\\/prenatalin\\\/\",\"url\":\"https:\\\/\\\/pharmacie-progres-cannes.fr\\\/pharmacie\\\/supp\\\/prenatalin\\\/\",\"name\":\"Prenatalin - Avis, Forum, Pharmacie, Effets, Prix -50% | Pharmacie-Progres-Pannes\",\"isPartOf\":{\"@id\":\"https:\\\/\\\/pharmacie-progres-cannes.fr\\\/pharmacie\\\/#website\"},\"primaryImageOfPage\":{\"@id\":\"https:\\\/\\\/pharmacie-progres-cannes.fr\\\/pharmacie\\\/supp\\\/prenatalin\\\/#primaryimage\"},\"image\":{\"@id\":\"https:\\\/\\\/pharmacie-progres-cannes.fr\\\/pharmacie\\\/supp\\\/prenatalin\\\/#primaryimage\"},\"thumbnailUrl\":\"https:\\\/\\\/pharmacie-progres-cannes.fr\\\/pharmacie\\\/wp-content\\\/uploads\\\/2024\\\/10\\\/Prenatalin.jpg\",\"datePublished\":\"2024-10-18T19:46:36+00:00\",\"dateModified\":\"2025-03-17T17:30:42+00:00\",\"breadcrumb\":{\"@id\":\"https:\\\/\\\/pharmacie-progres-cannes.fr\\\/pharmacie\\\/supp\\\/prenatalin\\\/#breadcrumb\"},\"inLanguage\":\"fr-FR\",\"potentialAction\":[{\"@type\":\"ReadAction\",\"target\":[\"https:\\\/\\\/pharmacie-progres-cannes.fr\\\/pharmacie\\\/supp\\\/prenatalin\\\/\"]}]},{\"@type\":\"ImageObject\",\"inLanguage\":\"fr-FR\",\"@id\":\"https:\\\/\\\/pharmacie-progres-cannes.fr\\\/pharmacie\\\/supp\\\/prenatalin\\\/#primaryimage\",\"url\":\"https:\\\/\\\/pharmacie-progres-cannes.fr\\\/pharmacie\\\/wp-content\\\/uploads\\\/2024\\\/10\\\/Prenatalin.jpg\",\"contentUrl\":\"https:\\\/\\\/pharmacie-progres-cannes.fr\\\/pharmacie\\\/wp-content\\\/uploads\\\/2024\\\/10\\\/Prenatalin.jpg\",\"width\":768,\"height\":768},{\"@type\":\"BreadcrumbList\",\"@id\":\"https:\\\/\\\/pharmacie-progres-cannes.fr\\\/pharmacie\\\/supp\\\/prenatalin\\\/#breadcrumb\",\"itemListElement\":[{\"@type\":\"ListItem\",\"position\":1,\"name\":\"Strona g\u0142\u00f3wna\",\"item\":\"https:\\\/\\\/pharmacie-progres-cannes.fr\\\/pharmacie\\\/\"},{\"@type\":\"ListItem\",\"position\":2,\"name\":\"farmaci\",\"item\":\"https:\\\/\\\/pharmacie-progres-cannes.fr\\\/pharmacie\\\/\"},{\"@type\":\"ListItem\",\"position\":3,\"name\":\"Prenatalin\"}]},{\"@type\":\"WebSite\",\"@id\":\"https:\\\/\\\/pharmacie-progres-cannes.fr\\\/pharmacie\\\/#website\",\"url\":\"https:\\\/\\\/pharmacie-progres-cannes.fr\\\/pharmacie\\\/\",\"name\":\"Pharmacie-Progres-Pannes\",\"description\":\"\",\"potentialAction\":[{\"@type\":\"SearchAction\",\"target\":{\"@type\":\"EntryPoint\",\"urlTemplate\":\"https:\\\/\\\/pharmacie-progres-cannes.fr\\\/pharmacie\\\/?s={search_term_string}\"},\"query-input\":{\"@type\":\"PropertyValueSpecification\",\"valueRequired\":true,\"valueName\":\"search_term_string\"}}],\"inLanguage\":\"fr-FR\"}]}<\/script>\n<!-- \/ Yoast SEO plugin. -->","yoast_head_json":{"title":"Prenatalin - Avis, Forum, Pharmacie, Effets, Prix -50% | Pharmacie-Progres-Pannes","robots":{"index":"index","follow":"follow","max-snippet":"max-snippet:-1","max-image-preview":"max-image-preview:large","max-video-preview":"max-video-preview:-1"},"canonical":"https:\/\/pharmacie-progres-cannes.fr\/pharmacie\/supp\/prenatalin\/","og_locale":"fr_FR","og_type":"article","og_title":"Prenatalin - Avis, Forum, Pharmacie, Effets, Prix -50% | Pharmacie-Progres-Pannes","og_url":"https:\/\/pharmacie-progres-cannes.fr\/pharmacie\/supp\/prenatalin\/","og_site_name":"Pharmacie-Progres-Pannes","article_modified_time":"2025-03-17T17:30:42+00:00","og_image":[{"width":768,"height":768,"url":"https:\/\/pharmacie-progres-cannes.fr\/pharmacie\/wp-content\/uploads\/2024\/10\/Prenatalin.jpg","type":"image\/jpeg"}],"twitter_card":"summary_large_image","twitter_description":"[date_countdown]","twitter_misc":{"Dur\u00e9e de lecture estim\u00e9e":"1 minute"},"schema":{"@context":"https:\/\/schema.org","@graph":[{"@type":"WebPage","@id":"https:\/\/pharmacie-progres-cannes.fr\/pharmacie\/supp\/prenatalin\/","url":"https:\/\/pharmacie-progres-cannes.fr\/pharmacie\/supp\/prenatalin\/","name":"Prenatalin - Avis, Forum, Pharmacie, Effets, Prix -50% | Pharmacie-Progres-Pannes","isPartOf":{"@id":"https:\/\/pharmacie-progres-cannes.fr\/pharmacie\/#website"},"primaryImageOfPage":{"@id":"https:\/\/pharmacie-progres-cannes.fr\/pharmacie\/supp\/prenatalin\/#primaryimage"},"image":{"@id":"https:\/\/pharmacie-progres-cannes.fr\/pharmacie\/supp\/prenatalin\/#primaryimage"},"thumbnailUrl":"https:\/\/pharmacie-progres-cannes.fr\/pharmacie\/wp-content\/uploads\/2024\/10\/Prenatalin.jpg","datePublished":"2024-10-18T19:46:36+00:00","dateModified":"2025-03-17T17:30:42+00:00","breadcrumb":{"@id":"https:\/\/pharmacie-progres-cannes.fr\/pharmacie\/supp\/prenatalin\/#breadcrumb"},"inLanguage":"fr-FR","potentialAction":[{"@type":"ReadAction","target":["https:\/\/pharmacie-progres-cannes.fr\/pharmacie\/supp\/prenatalin\/"]}]},{"@type":"ImageObject","inLanguage":"fr-FR","@id":"https:\/\/pharmacie-progres-cannes.fr\/pharmacie\/supp\/prenatalin\/#primaryimage","url":"https:\/\/pharmacie-progres-cannes.fr\/pharmacie\/wp-content\/uploads\/2024\/10\/Prenatalin.jpg","contentUrl":"https:\/\/pharmacie-progres-cannes.fr\/pharmacie\/wp-content\/uploads\/2024\/10\/Prenatalin.jpg","width":768,"height":768},{"@type":"BreadcrumbList","@id":"https:\/\/pharmacie-progres-cannes.fr\/pharmacie\/supp\/prenatalin\/#breadcrumb","itemListElement":[{"@type":"ListItem","position":1,"name":"Strona g\u0142\u00f3wna","item":"https:\/\/pharmacie-progres-cannes.fr\/pharmacie\/"},{"@type":"ListItem","position":2,"name":"farmaci","item":"https:\/\/pharmacie-progres-cannes.fr\/pharmacie\/"},{"@type":"ListItem","position":3,"name":"Prenatalin"}]},{"@type":"WebSite","@id":"https:\/\/pharmacie-progres-cannes.fr\/pharmacie\/#website","url":"https:\/\/pharmacie-progres-cannes.fr\/pharmacie\/","name":"Pharmacie-Progres-Pannes","description":"","potentialAction":[{"@type":"SearchAction","target":{"@type":"EntryPoint","urlTemplate":"https:\/\/pharmacie-progres-cannes.fr\/pharmacie\/?s={search_term_string}"},"query-input":{"@type":"PropertyValueSpecification","valueRequired":true,"valueName":"search_term_string"}}],"inLanguage":"fr-FR"}]}},"_links":{"self":[{"href":"https:\/\/pharmacie-progres-cannes.fr\/pharmacie\/wp-json\/wp\/v2\/product\/4590","targetHints":{"allow":["GET"]}}],"collection":[{"href":"https:\/\/pharmacie-progres-cannes.fr\/pharmacie\/wp-json\/wp\/v2\/product"}],"about":[{"href":"https:\/\/pharmacie-progres-cannes.fr\/pharmacie\/wp-json\/wp\/v2\/types\/product"}],"replies":[{"embeddable":true,"href":"https:\/\/pharmacie-progres-cannes.fr\/pharmacie\/wp-json\/wp\/v2\/comments?post=4590"}],"wp:featuredmedia":[{"embeddable":true,"href":"https:\/\/pharmacie-progres-cannes.fr\/pharmacie\/wp-json\/wp\/v2\/media\/4398"}],"wp:attachment":[{"href":"https:\/\/pharmacie-progres-cannes.fr\/pharmacie\/wp-json\/wp\/v2\/media?parent=4590"}],"wp:term":[{"taxonomy":"product_brand","embeddable":true,"href":"https:\/\/pharmacie-progres-cannes.fr\/pharmacie\/wp-json\/wp\/v2\/product_brand?post=4590"},{"taxonomy":"product_cat","embeddable":true,"href":"https:\/\/pharmacie-progres-cannes.fr\/pharmacie\/wp-json\/wp\/v2\/product_cat?post=4590"},{"taxonomy":"product_tag","embeddable":true,"href":"https:\/\/pharmacie-progres-cannes.fr\/pharmacie\/wp-json\/wp\/v2\/product_tag?post=4590"}],"curies":[{"name":"wp","href":"https:\/\/api.w.org\/{rel}","templated":true}]}}