{"id":4584,"date":"2024-10-18T19:46:36","date_gmt":"2024-10-18T19:46:36","guid":{"rendered":"https:\/\/chirurgie-orthopedie-vannes.fr\/pharmacie\/?post_type=product&#038;p=4584"},"modified":"2025-03-07T11:00:43","modified_gmt":"2025-03-07T11:00:43","slug":"nuvialab-meno","status":"publish","type":"product","link":"https:\/\/pharmacie-progres-cannes.fr\/pharmacie\/supp\/nuvialab-meno\/","title":{"rendered":"NuviaLab Meno"},"content":{"rendered":"\n<h2 class=\"wp-block-heading\">Qu&rsquo;est-ce que NuviaLab Meno et comment fonctionne-t-il ?<\/h2>\n\n\n\n<p><b>NuviaLab Meno<\/b> est un <b>compl\u00e9ment alimentaire de<\/b> pointe sp\u00e9cifiquement con\u00e7u pour les femmes en phase de m\u00e9nopause. Il contient des <b>phytoestrog\u00e8nes<\/b> naturels qui ont la capacit\u00e9 de reproduire l&rsquo;action des hormones f\u00e9minines. Ainsi, NuviaLab Meno att\u00e9nue efficacement les <b>sympt\u00f4mes<\/b> g\u00eanants <b>de<\/b> la m\u00e9nopause tels que les bouff\u00e9es de chaleur, la transpiration excessive et les troubles du sommeil.<\/p>\n\n\n\n<p><b>Le compl\u00e9ment<\/b> ne se concentre pas seulement sur la r\u00e9gulation hormonale, mais soutient \u00e9galement le bien-\u00eatre g\u00e9n\u00e9ral, ce qui est crucial pour le bien-\u00eatre des femmes au cours de cette p\u00e9riode parfois difficile de la vie. Il est souvent recommand\u00e9 comme compl\u00e9ment au r\u00e9gime alimentaire quotidien, ce qui augmente son succ\u00e8s dans le traitement de la m\u00e9nopause.<\/p>\n\n\n\n<p>NuviaLab Meno <b>contient<\/b> neuf ingr\u00e9dients soigneusement s\u00e9lectionn\u00e9s qui, ensemble, favorisent la sant\u00e9 des femmes. Entre autres, l&rsquo;acide hyaluronique favorise l&rsquo;hydratation de la peau, ce qui peut \u00eatre important pour 50 % des femmes souffrant de s\u00e9cheresse. L&rsquo;extrait de f\u00e8ves de soja facilite la r\u00e9gulation des \u0153strog\u00e8nes, ce qui se traduit par des avantages pour 70 % des femmes affect\u00e9es par les sympt\u00f4mes de la m\u00e9nopause.<\/p>\n\n\n\n<p>Gr\u00e2ce \u00e0 l&rsquo;action synergique de ces ingr\u00e9dients, NuviaLab Meno a un effet global, ce qui en fait un soutien pr\u00e9cieux dans la p\u00e9riode de la m\u00e9nopause. L&rsquo;<b>utilisation<\/b> r\u00e9guli\u00e8re <b>du<\/b> compl\u00e9ment peut apporter une am\u00e9lioration du bien-\u00eatre et de la qualit\u00e9 de vie des femmes pendant cette p\u00e9riode sp\u00e9cifique.<\/p>\n\n\n\n<h2 class=\"wp-block-heading\">Quels sont les effets de NuviaLab Meno ?<\/h2>\n\n\n\n<p>L&rsquo;<b>utilisation<\/b> r\u00e9guli\u00e8re de NuviaLab Meno pr\u00e9sente de nombreux avantages pour les femmes en p\u00e9riode de m\u00e9nopause. Le <b>compl\u00e9ment<\/b> influence l&rsquo;\u00e9quilibre hormonal, entra\u00eenant une r\u00e9duction significative des sympt\u00f4mes de la m\u00e9nopause tels que les bouff\u00e9es de chaleur et la transpiration excessive.<\/p>\n\n\n\n<p>En outre, de nombreuses utilisatrices font \u00e9tat d&rsquo;une am\u00e9lioration de l&rsquo;humeur et de la qualit\u00e9 du sommeil. Les ingr\u00e9dients utilis\u00e9s, tels que les extraits de sauge et de cannelle, visent \u00e0 r\u00e9guler les niveaux d&rsquo;\u0153strog\u00e8nes, tandis que les vitamines C et E soutiennent l&rsquo;organisme dans la lutte contre les radicaux libres.<\/p>\n\n\n\n<p><b>Les effets de<\/b> NuviaLab Meno se font sentir en quelques semaines seulement. La suppl\u00e9mentation en extraits de maca p\u00e9ruvienne et de fenugrec soutient \u00e9galement la sant\u00e9 cardiovasculaire et la densit\u00e9 osseuse, ce qui est crucial \u00e0 cette p\u00e9riode de la vie. Gr\u00e2ce aux ingr\u00e9dients naturels, le risque d&rsquo;effets secondaires est minime.<\/p>\n\n\n\n<figure class=\"wp-block-table\"><table class=\"has-fixed-layout\"><tbody><tr><th>Sympt\u00f4me<\/th><th>NuviaLab Effet Meno<\/th><\/tr><tr><td>Bouff\u00e9es de chaleur<\/td><td>R\u00e9duction de la fr\u00e9quence et de l&rsquo;intensit\u00e9<\/td><\/tr><tr><td>Humeur<\/td><td>Am\u00e9liorer le bien-\u00eatre mental<\/td><\/tr><tr><td>Qualit\u00e9 du sommeil<\/td><td>Am\u00e9lioration de la qualit\u00e9 du repos nocturne<\/td><\/tr><tr><td>Autres sympt\u00f4mes<\/td><td>R\u00e9duction de la transpiration excessive<\/td><\/tr><\/tbody><\/table><\/figure>\n\n\n\n<p>Il convient de noter que les <b>effets<\/b> peuvent varier individuellement, ce qui d\u00e9pend de la pr\u00e9disposition de l&rsquo;organisme et de la compatibilit\u00e9 avec le r\u00e9gime.<\/p>\n\n\n\n<h2 class=\"wp-block-heading\">Dosage de NuviaLab Meno &#8211; Comment l&rsquo;utiliser ?<\/h2>\n\n\n\n<p>La <b>posologie<\/b> recommand\u00e9e de NuviaLab Meno est d&rsquo;une g\u00e9lule par jour. Il est pr\u00e9f\u00e9rable de la prendre au cours d&rsquo;un repas, ce qui permet une absorption optimale des ingr\u00e9dients du compl\u00e9ment. Il est essentiel de respecter la dose indiqu\u00e9e et d&rsquo;\u00e9viter de la d\u00e9passer, car cela peut affecter l&rsquo;efficacit\u00e9 du traitement.<\/p>\n\n\n\n<p>Les personnes qui envisagent de commencer une suppl\u00e9mentation en NuviaLab Meno doivent consulter leur m\u00e9decin, en particulier si elles souffrent d&rsquo;autres probl\u00e8mes de sant\u00e9. Le <b>dosage de<\/b> ce suppl\u00e9ment doit \u00eatre surveill\u00e9 de pr\u00e8s afin d&rsquo;obtenir les meilleurs r\u00e9sultats possibles.<\/p>\n\n\n\n<p>Le fabricant recommande de commencer <b>\u00e0<\/b> prendre NuviaLab Meno d\u00e8s l&rsquo;apparition des premiers sympt\u00f4mes de la m\u00e9nopause. La prise r\u00e9guli\u00e8re des g\u00e9lules pendant au moins un mois peut avoir des <b>effets<\/b> notables et am\u00e9liorer la qualit\u00e9 de vie. Il convient de rappeler qu&rsquo;un traitement d&rsquo;une dur\u00e9e maximale de six mois est recommand\u00e9 pour un soulagement complet des sympt\u00f4mes de la m\u00e9nopause.<\/p>\n\n\n\n<h2 class=\"wp-block-heading\">NuviaLab Meno &#8211; Avis et critiques, Forum<\/h2>\n\n\n\n<p>Les utilisateurs de NuviaLab Meno partagent activement leurs exp\u00e9riences sur les forums en ligne, ce qui constitue une source pr\u00e9cieuse d&rsquo;informations sur ce compl\u00e9ment. Beaucoup d&rsquo;entre elles soulignent \u00e0 quel point l&rsquo;am\u00e9lioration du bien-\u00eatre quotidien est significative apr\u00e8s l&rsquo;utilisation de ce produit. Les r\u00e9actions sont vari\u00e9es, ce qui confirme que le corps r\u00e9agit de mani\u00e8re individuelle aux ingr\u00e9dients de NuviaLab Meno.<\/p>\n\n\n\n<p>Les <b>commentaires<\/b> <b>du forum<\/b> indiquent que de nombreuses femmes ont remarqu\u00e9 une r\u00e9duction significative des bouff\u00e9es de chaleur et une am\u00e9lioration de la qualit\u00e9 du sommeil. <b>Les commentaires des<\/b> utilisatrices indiquent que le compl\u00e9ment favorise l&rsquo;\u00e9quilibre hormonal, ce qui entra\u00eene une am\u00e9lioration g\u00e9n\u00e9rale de l&rsquo;humeur et de la sant\u00e9 mentale.<\/p>\n\n\n\n<blockquote class=\"wp-block-quote is-layout-flow wp-block-quote-is-layout-flow\">\n<p>\u00ab\u00a0NuviaLab Meno a r\u00e9duit mes bouff\u00e9es de chaleur et am\u00e9lior\u00e9 mon sommeil. Parfois, j&rsquo;oublie la m\u00e9nopause !\u00a0\u00bb &#8211; \u00e9crit une utilisatrice.<\/p>\n<\/blockquote>\n\n\n\n<p>D&rsquo;autres <b>avis<\/b> sugg\u00e8rent que l&rsquo;utilisation r\u00e9guli\u00e8re de NuviaLab Meno produit des r\u00e9sultats notables en quelques semaines seulement, de nombreuses femmes consid\u00e9rant le compl\u00e9ment comme un \u00e9l\u00e9ment cl\u00e9 dans la gestion des sympt\u00f4mes de la m\u00e9nopause. Les femmes sur le <b>forum<\/b> affirment que l&rsquo;exposition \u00e0 NuviaLab Meno peut certainement aider \u00e0 soulager les sympt\u00f4mes auxquels de nombreuses personnes sont confront\u00e9es pendant la m\u00e9nopause.<\/p>\n\n\n\n<p><b>Les commentaires<\/b> donnent \u00e9galement des conseils sur la posologie, notant que la prise d&rsquo;une ou deux g\u00e9lules par jour pendant les repas donne les meilleurs r\u00e9sultats. De nombreuses femmes recommandent de commencer le traitement sous la supervision d&rsquo;un m\u00e9decin afin d&rsquo;\u00e9viter d&rsquo;\u00e9ventuelles r\u00e9actions allergiques.<\/p>\n\n\n\n<h2 class=\"wp-block-heading\">NuviaLab Meno &#8211; Composition &#8211; Que contient le produit ?<\/h2>\n\n\n\n<p>NuviaLab Meno est un compl\u00e9ment qui a \u00e9t\u00e9 d\u00e9velopp\u00e9 pour les femmes en p\u00e9riode de m\u00e9nopause. Sa <em>formulation<\/em> contient des ingr\u00e9dients soigneusement s\u00e9lectionn\u00e9s pour am\u00e9liorer la qualit\u00e9 de vie pendant cette p\u00e9riode exigeante. Parmi les composants cl\u00e9s, citons<\/p>\n\n\n\n<ul class=\"wp-block-list\">\n<li><em>Extrait de c\u00f4ne de houblon<\/em> &#8211; r\u00e9duit les bouff\u00e9es de chaleur et am\u00e9liore la qualit\u00e9 du sommeil.<\/li>\n\n\n\n<li><em>Extrait de graines de fenugrec<\/em> &#8211; connu pour ses propri\u00e9t\u00e9s anti-inflammatoires.<\/li>\n\n\n\n<li><em>Extrait de feuilles et de fleurs de tr\u00e8fle des pr\u00e9s<\/em> &#8211; inhibe efficacement la transpiration excessive.<\/li>\n\n\n\n<li><em>Extrait de luzerne<\/em> &#8211; aide \u00e0 r\u00e9guler le taux de sucre dans le sang.<\/li>\n\n\n\n<li><em>Extrait de racine de rhubarbe<\/em> &#8211; annule les effets n\u00e9gatifs de la m\u00e9nopause.<\/li>\n<\/ul>\n\n\n\n<p>En outre, NuviaLab Meno est enrichi en <em>acide folique<\/em> et en vitamines B6, D et E pour soutenir la sant\u00e9 cardiovasculaire et aider \u00e0 r\u00e9duire la fatigue. Ces ingr\u00e9dients cl\u00e9s peuvent contribuer au bien-\u00eatre \u00e9motionnel et \u00e0 la sant\u00e9 globale des femmes m\u00e9nopaus\u00e9es.<\/p>\n\n\n\n<p>En outre, l&rsquo;utilisation r\u00e9guli\u00e8re du compl\u00e9ment peut apporter des avantages tels que le soulagement des sympt\u00f4mes de la m\u00e9nopause, comme en t\u00e9moignent les <b>commentaires<\/b> positifs <b>des<\/b> utilisatrices. Il convient de noter que NuviaLab Meno r\u00e9pond aux besoins de nombreuses femmes qui subissent des changements hormonaux associ\u00e9s \u00e0 cette \u00e9tape naturelle de la vie.<\/p>\n\n\n\n<h2 class=\"wp-block-heading\">O\u00f9 acheter et quel est le prix de NuviaLab Meno ?<\/h2>\n\n\n\n<p>NuviaLab Meno ne peut \u00eatre achet\u00e9 que sur <em>le site officiel du fabricant<\/em>, ce qui garantit l&rsquo;authenticit\u00e9 du produit et les prix les plus avantageux. En achetant directement aupr\u00e8s du <em>fabricant officiel<\/em>, les clients sont assur\u00e9s de recevoir le produit original NuviaLab Meno et peuvent \u00e9galement b\u00e9n\u00e9ficier de promotions int\u00e9ressantes. L&rsquo;utilisation r\u00e9guli\u00e8re du compl\u00e9ment contribue \u00e0 l&rsquo;att\u00e9nuation des sympt\u00f4mes de la m\u00e9nopause.<\/p>\n\n\n\n<p>Le <em>prix<\/em> actuel de NuviaLab Meno est assorti d&rsquo;une r\u00e9duction de 50 %. Le produit n&rsquo;est pas disponible dans les pharmacies en magasin, vous devez donc savoir <em>o\u00f9 acheter<\/em> NuviaLab Meno pour profiter de cette offre avantageuse.<\/p>\n\n\n\n<p>L&rsquo;achat de NuviaLab Meno sur le site officiel est une garantie de qualit\u00e9 et la possibilit\u00e9 de b\u00e9n\u00e9ficier de prix promotionnels, ce qui en fait un choix id\u00e9al pour les femmes souffrant des sympt\u00f4mes de la m\u00e9nopause.<\/p>\n\n\n\n<h2 class=\"wp-block-heading\">NuviaLab Meno &#8211; Effets secondaires et contre-indications<\/h2>\n\n\n\n<p>NuviaLab Meno est consid\u00e9r\u00e9 comme un compl\u00e9ment s\u00fbr pour soutenir les femmes pendant la m\u00e9nopause, mais comme tout produit, il peut provoquer des <strong>effets secondaires<\/strong>. Les cas signal\u00e9s concernent souvent des r\u00e9actions allergiques ou des troubles gastriques. Il est recommand\u00e9 aux personnes ayant des probl\u00e8mes de sant\u00e9 existants, tels que des maladies hormonales, qui sont enceintes ou qui allaitent, de consulter leur m\u00e9decin avant de commencer une suppl\u00e9mentation avec ce produit.<\/p>\n\n\n\n<p>Il est important de respecter les doses indiqu\u00e9es, car un exc\u00e8s de principes actifs peut entra\u00eener des r\u00e9actions ind\u00e9sirables dans l&rsquo;organisme. Les <strong>contre-indications<\/strong> \u00e0 l&rsquo;utilisation de NuviaLab Meno sont les allergies aux ingr\u00e9dients du compl\u00e9ment et l&rsquo;\u00e2ge inf\u00e9rieur \u00e0 18 ans. En cas d&rsquo;effets ind\u00e9sirables, il est recommand\u00e9 d&rsquo;interrompre imm\u00e9diatement le traitement et de consulter un m\u00e9decin.<\/p>\n\n\n\n<p>Malgr\u00e9 les <strong>effets secondaires<\/strong> potentiels, de nombreuses femmes utilisent NuviaLab Meno et constatent des effets positifs dans la r\u00e9gulation des sympt\u00f4mes de la m\u00e9nopause. Il est essentiel de comprendre que chaque personne peut r\u00e9agir diff\u00e9remment aux suppl\u00e9ments, il est donc utile de surveiller votre sant\u00e9 et d&rsquo;adapter la suppl\u00e9mentation \u00e0 vos besoins individuels.<\/p>\n\n\n\n<p><\/p>\n","protected":false},"excerpt":{"rendered":"<p><strong>[date_countdown]<\/strong><\/p>\n<p><img decoding=\"async\" class=\"alignnone  wp-image-8427\" src=\"https:\/\/pharmacie-progres-cannes.fr\/pharmacie\/wp-content\/uploads\/2024\/10\/SAFE-PAY-300x88-1.png\" alt=\"SAFE-PAY-300x88\" width=\"164\" height=\"48\" \/><\/p>\n","protected":false},"featured_media":4395,"comment_status":"open","ping_status":"closed","template":"","meta":{"neve_meta_sidebar":"","neve_meta_container":"","neve_meta_enable_content_width":"","neve_meta_content_width":0,"neve_meta_title_alignment":"","neve_meta_author_avatar":"","neve_post_elements_order":"","neve_meta_disable_header":"","neve_meta_disable_footer":"","neve_meta_disable_title":"","neve_meta_reading_time":""},"product_brand":[],"product_cat":[16],"product_tag":[],"class_list":{"0":"post-4584","1":"product","2":"type-product","3":"status-publish","4":"has-post-thumbnail","6":"product_cat-sante-sexuelle","8":"first","9":"instock","10":"sale","11":"shipping-taxable","12":"product-type-external"},"yoast_head":"<!-- This site is optimized with the Yoast SEO plugin v27.3 - https:\/\/yoast.com\/product\/yoast-seo-wordpress\/ -->\n<title>NuviaLab Meno - Avis, Forum, Pharmacie, Effets, Prix -50% | Pharmacie-Progres-Pannes<\/title>\n<meta name=\"robots\" content=\"index, follow, max-snippet:-1, max-image-preview:large, max-video-preview:-1\" \/>\n<link rel=\"canonical\" href=\"https:\/\/pharmacie-progres-cannes.fr\/pharmacie\/supp\/nuvialab-meno\/\" \/>\n<meta property=\"og:locale\" content=\"fr_FR\" \/>\n<meta property=\"og:type\" content=\"article\" \/>\n<meta property=\"og:title\" content=\"NuviaLab Meno - Avis, Forum, Pharmacie, Effets, Prix -50% | Pharmacie-Progres-Pannes\" \/>\n<meta property=\"og:url\" content=\"https:\/\/pharmacie-progres-cannes.fr\/pharmacie\/supp\/nuvialab-meno\/\" \/>\n<meta property=\"og:site_name\" content=\"Pharmacie-Progres-Pannes\" \/>\n<meta property=\"article:modified_time\" content=\"2025-03-07T11:00:43+00:00\" \/>\n<meta property=\"og:image\" content=\"https:\/\/pharmacie-progres-cannes.fr\/pharmacie\/wp-content\/uploads\/2024\/10\/NuviaLab-Meno.jpg\" \/>\n\t<meta property=\"og:image:width\" content=\"768\" \/>\n\t<meta property=\"og:image:height\" content=\"768\" \/>\n\t<meta property=\"og:image:type\" content=\"image\/jpeg\" \/>\n<meta name=\"twitter:card\" content=\"summary_large_image\" \/>\n<meta name=\"twitter:description\" content=\"[date_countdown]\" \/>\n<meta name=\"twitter:label1\" content=\"Dur\u00e9e de lecture estim\u00e9e\" \/>\n\t<meta name=\"twitter:data1\" content=\"1 minute\" \/>\n<script type=\"application\/ld+json\" class=\"yoast-schema-graph\">{\"@context\":\"https:\\\/\\\/schema.org\",\"@graph\":[{\"@type\":\"WebPage\",\"@id\":\"https:\\\/\\\/pharmacie-progres-cannes.fr\\\/pharmacie\\\/supp\\\/nuvialab-meno\\\/\",\"url\":\"https:\\\/\\\/pharmacie-progres-cannes.fr\\\/pharmacie\\\/supp\\\/nuvialab-meno\\\/\",\"name\":\"NuviaLab Meno - Avis, Forum, Pharmacie, Effets, Prix -50% | Pharmacie-Progres-Pannes\",\"isPartOf\":{\"@id\":\"https:\\\/\\\/pharmacie-progres-cannes.fr\\\/pharmacie\\\/#website\"},\"primaryImageOfPage\":{\"@id\":\"https:\\\/\\\/pharmacie-progres-cannes.fr\\\/pharmacie\\\/supp\\\/nuvialab-meno\\\/#primaryimage\"},\"image\":{\"@id\":\"https:\\\/\\\/pharmacie-progres-cannes.fr\\\/pharmacie\\\/supp\\\/nuvialab-meno\\\/#primaryimage\"},\"thumbnailUrl\":\"https:\\\/\\\/pharmacie-progres-cannes.fr\\\/pharmacie\\\/wp-content\\\/uploads\\\/2024\\\/10\\\/NuviaLab-Meno.jpg\",\"datePublished\":\"2024-10-18T19:46:36+00:00\",\"dateModified\":\"2025-03-07T11:00:43+00:00\",\"breadcrumb\":{\"@id\":\"https:\\\/\\\/pharmacie-progres-cannes.fr\\\/pharmacie\\\/supp\\\/nuvialab-meno\\\/#breadcrumb\"},\"inLanguage\":\"fr-FR\",\"potentialAction\":[{\"@type\":\"ReadAction\",\"target\":[\"https:\\\/\\\/pharmacie-progres-cannes.fr\\\/pharmacie\\\/supp\\\/nuvialab-meno\\\/\"]}]},{\"@type\":\"ImageObject\",\"inLanguage\":\"fr-FR\",\"@id\":\"https:\\\/\\\/pharmacie-progres-cannes.fr\\\/pharmacie\\\/supp\\\/nuvialab-meno\\\/#primaryimage\",\"url\":\"https:\\\/\\\/pharmacie-progres-cannes.fr\\\/pharmacie\\\/wp-content\\\/uploads\\\/2024\\\/10\\\/NuviaLab-Meno.jpg\",\"contentUrl\":\"https:\\\/\\\/pharmacie-progres-cannes.fr\\\/pharmacie\\\/wp-content\\\/uploads\\\/2024\\\/10\\\/NuviaLab-Meno.jpg\",\"width\":768,\"height\":768},{\"@type\":\"BreadcrumbList\",\"@id\":\"https:\\\/\\\/pharmacie-progres-cannes.fr\\\/pharmacie\\\/supp\\\/nuvialab-meno\\\/#breadcrumb\",\"itemListElement\":[{\"@type\":\"ListItem\",\"position\":1,\"name\":\"Strona g\u0142\u00f3wna\",\"item\":\"https:\\\/\\\/pharmacie-progres-cannes.fr\\\/pharmacie\\\/\"},{\"@type\":\"ListItem\",\"position\":2,\"name\":\"farmaci\",\"item\":\"https:\\\/\\\/pharmacie-progres-cannes.fr\\\/pharmacie\\\/\"},{\"@type\":\"ListItem\",\"position\":3,\"name\":\"NuviaLab Meno\"}]},{\"@type\":\"WebSite\",\"@id\":\"https:\\\/\\\/pharmacie-progres-cannes.fr\\\/pharmacie\\\/#website\",\"url\":\"https:\\\/\\\/pharmacie-progres-cannes.fr\\\/pharmacie\\\/\",\"name\":\"Pharmacie-Progres-Pannes\",\"description\":\"\",\"potentialAction\":[{\"@type\":\"SearchAction\",\"target\":{\"@type\":\"EntryPoint\",\"urlTemplate\":\"https:\\\/\\\/pharmacie-progres-cannes.fr\\\/pharmacie\\\/?s={search_term_string}\"},\"query-input\":{\"@type\":\"PropertyValueSpecification\",\"valueRequired\":true,\"valueName\":\"search_term_string\"}}],\"inLanguage\":\"fr-FR\"}]}<\/script>\n<!-- \/ Yoast SEO plugin. -->","yoast_head_json":{"title":"NuviaLab Meno - Avis, Forum, Pharmacie, Effets, Prix -50% | Pharmacie-Progres-Pannes","robots":{"index":"index","follow":"follow","max-snippet":"max-snippet:-1","max-image-preview":"max-image-preview:large","max-video-preview":"max-video-preview:-1"},"canonical":"https:\/\/pharmacie-progres-cannes.fr\/pharmacie\/supp\/nuvialab-meno\/","og_locale":"fr_FR","og_type":"article","og_title":"NuviaLab Meno - Avis, Forum, Pharmacie, Effets, Prix -50% | Pharmacie-Progres-Pannes","og_url":"https:\/\/pharmacie-progres-cannes.fr\/pharmacie\/supp\/nuvialab-meno\/","og_site_name":"Pharmacie-Progres-Pannes","article_modified_time":"2025-03-07T11:00:43+00:00","og_image":[{"width":768,"height":768,"url":"https:\/\/pharmacie-progres-cannes.fr\/pharmacie\/wp-content\/uploads\/2024\/10\/NuviaLab-Meno.jpg","type":"image\/jpeg"}],"twitter_card":"summary_large_image","twitter_description":"[date_countdown]","twitter_misc":{"Dur\u00e9e de lecture estim\u00e9e":"1 minute"},"schema":{"@context":"https:\/\/schema.org","@graph":[{"@type":"WebPage","@id":"https:\/\/pharmacie-progres-cannes.fr\/pharmacie\/supp\/nuvialab-meno\/","url":"https:\/\/pharmacie-progres-cannes.fr\/pharmacie\/supp\/nuvialab-meno\/","name":"NuviaLab Meno - Avis, Forum, Pharmacie, Effets, Prix -50% | Pharmacie-Progres-Pannes","isPartOf":{"@id":"https:\/\/pharmacie-progres-cannes.fr\/pharmacie\/#website"},"primaryImageOfPage":{"@id":"https:\/\/pharmacie-progres-cannes.fr\/pharmacie\/supp\/nuvialab-meno\/#primaryimage"},"image":{"@id":"https:\/\/pharmacie-progres-cannes.fr\/pharmacie\/supp\/nuvialab-meno\/#primaryimage"},"thumbnailUrl":"https:\/\/pharmacie-progres-cannes.fr\/pharmacie\/wp-content\/uploads\/2024\/10\/NuviaLab-Meno.jpg","datePublished":"2024-10-18T19:46:36+00:00","dateModified":"2025-03-07T11:00:43+00:00","breadcrumb":{"@id":"https:\/\/pharmacie-progres-cannes.fr\/pharmacie\/supp\/nuvialab-meno\/#breadcrumb"},"inLanguage":"fr-FR","potentialAction":[{"@type":"ReadAction","target":["https:\/\/pharmacie-progres-cannes.fr\/pharmacie\/supp\/nuvialab-meno\/"]}]},{"@type":"ImageObject","inLanguage":"fr-FR","@id":"https:\/\/pharmacie-progres-cannes.fr\/pharmacie\/supp\/nuvialab-meno\/#primaryimage","url":"https:\/\/pharmacie-progres-cannes.fr\/pharmacie\/wp-content\/uploads\/2024\/10\/NuviaLab-Meno.jpg","contentUrl":"https:\/\/pharmacie-progres-cannes.fr\/pharmacie\/wp-content\/uploads\/2024\/10\/NuviaLab-Meno.jpg","width":768,"height":768},{"@type":"BreadcrumbList","@id":"https:\/\/pharmacie-progres-cannes.fr\/pharmacie\/supp\/nuvialab-meno\/#breadcrumb","itemListElement":[{"@type":"ListItem","position":1,"name":"Strona g\u0142\u00f3wna","item":"https:\/\/pharmacie-progres-cannes.fr\/pharmacie\/"},{"@type":"ListItem","position":2,"name":"farmaci","item":"https:\/\/pharmacie-progres-cannes.fr\/pharmacie\/"},{"@type":"ListItem","position":3,"name":"NuviaLab Meno"}]},{"@type":"WebSite","@id":"https:\/\/pharmacie-progres-cannes.fr\/pharmacie\/#website","url":"https:\/\/pharmacie-progres-cannes.fr\/pharmacie\/","name":"Pharmacie-Progres-Pannes","description":"","potentialAction":[{"@type":"SearchAction","target":{"@type":"EntryPoint","urlTemplate":"https:\/\/pharmacie-progres-cannes.fr\/pharmacie\/?s={search_term_string}"},"query-input":{"@type":"PropertyValueSpecification","valueRequired":true,"valueName":"search_term_string"}}],"inLanguage":"fr-FR"}]}},"_links":{"self":[{"href":"https:\/\/pharmacie-progres-cannes.fr\/pharmacie\/wp-json\/wp\/v2\/product\/4584","targetHints":{"allow":["GET"]}}],"collection":[{"href":"https:\/\/pharmacie-progres-cannes.fr\/pharmacie\/wp-json\/wp\/v2\/product"}],"about":[{"href":"https:\/\/pharmacie-progres-cannes.fr\/pharmacie\/wp-json\/wp\/v2\/types\/product"}],"replies":[{"embeddable":true,"href":"https:\/\/pharmacie-progres-cannes.fr\/pharmacie\/wp-json\/wp\/v2\/comments?post=4584"}],"wp:featuredmedia":[{"embeddable":true,"href":"https:\/\/pharmacie-progres-cannes.fr\/pharmacie\/wp-json\/wp\/v2\/media\/4395"}],"wp:attachment":[{"href":"https:\/\/pharmacie-progres-cannes.fr\/pharmacie\/wp-json\/wp\/v2\/media?parent=4584"}],"wp:term":[{"taxonomy":"product_brand","embeddable":true,"href":"https:\/\/pharmacie-progres-cannes.fr\/pharmacie\/wp-json\/wp\/v2\/product_brand?post=4584"},{"taxonomy":"product_cat","embeddable":true,"href":"https:\/\/pharmacie-progres-cannes.fr\/pharmacie\/wp-json\/wp\/v2\/product_cat?post=4584"},{"taxonomy":"product_tag","embeddable":true,"href":"https:\/\/pharmacie-progres-cannes.fr\/pharmacie\/wp-json\/wp\/v2\/product_tag?post=4584"}],"curies":[{"name":"wp","href":"https:\/\/api.w.org\/{rel}","templated":true}]}}