{"id":4574,"date":"2024-10-18T19:46:35","date_gmt":"2024-10-18T19:46:35","guid":{"rendered":"https:\/\/chirurgie-orthopedie-vannes.fr\/pharmacie\/?post_type=product&#038;p=4574"},"modified":"2025-03-17T18:42:10","modified_gmt":"2025-03-17T18:42:10","slug":"nuvialab-female-fertility","status":"publish","type":"product","link":"https:\/\/pharmacie-progres-cannes.fr\/pharmacie\/supp\/nuvialab-female-fertility\/","title":{"rendered":"NuviaLab Female Fertility"},"content":{"rendered":"\n<h2 class=\"wp-block-heading\">Qu&rsquo;est-ce que NuviaLab Female Fertility et comment fonctionne-t-il ?<\/h2>\n\n\n\n<p>NuviaLab Female Fertility est un <em>compl\u00e9ment alimentaire<\/em> qui est de plus en plus reconnu comme un soutien naturel \u00e0 la fertilit\u00e9 f\u00e9minine. La formule agit gr\u00e2ce \u00e0 l&rsquo;effet synergique de 19 ingr\u00e9dients soigneusement s\u00e9lectionn\u00e9s, dont des extraits de plantes, des vitamines et des min\u00e9raux. Elle soutient efficacement les processus reproductifs et hormonaux naturels de l&rsquo;organisme f\u00e9minin.<\/p>\n\n\n\n<p>Un aspect cl\u00e9 de NuviaLab est l&rsquo;am\u00e9lioration de l&rsquo;\u00e9quilibre hormonal, qui est essentiel pour la sant\u00e9 reproductive. Il convient de noter la teneur en acide folique, qui est essentiel pour le d\u00e9veloppement normal des cellules et les processus de division cellulaire. L&rsquo;<b>utilisation<\/b> r\u00e9guli\u00e8re du compl\u00e9ment \u00e0 la dose recommand\u00e9e d&rsquo;une g\u00e9lule par jour peut influencer positivement les chances de conception.<\/p>\n\n\n\n<p>L&rsquo;extrait d&rsquo;orme blanc favorise l&rsquo;ovulation, ce qui augmente les possibilit\u00e9s de grossesse. L&rsquo;extrait de tr\u00e8fle rouge, quant \u00e0 lui, favorise un \u00e9quilibre hormonal sain, essentiel \u00e0 un cycle menstruel normal. NuviaLab Female Fertility renforce en outre le syst\u00e8me immunitaire, cr\u00e9ant ainsi des conditions favorables \u00e0 la conception et au d\u00e9veloppement d&rsquo;un b\u00e9b\u00e9 en bonne sant\u00e9. La r\u00e9gularit\u00e9 dans l&rsquo;utilisation de la formule est la cl\u00e9 de son efficacit\u00e9.<\/p>\n\n\n\n<p>La suppl\u00e9mentation NuviaLab Female Fertility vise non seulement \u00e0 augmenter les chances de conception naturelle, mais aussi \u00e0 am\u00e9liorer le bien-\u00eatre g\u00e9n\u00e9ral. La teneur en vitamines et en min\u00e9raux contribue \u00e0 r\u00e9duire la sensation de fatigue, ce qui peut avoir un impact positif sur l&rsquo;\u00e9tat des femmes qui essaient d&rsquo;avoir un enfant.<\/p>\n\n\n\n<h2 class=\"wp-block-heading\">Avantages de NuviaLab Fertilit\u00e9 f\u00e9minine &#8211; Effets<\/h2>\n\n\n\n<p><b>L&rsquo;utilisation de<\/b> NuviaLab Female Fertility a un certain nombre d&rsquo;effets b\u00e9n\u00e9fiques qui peuvent avoir un impact significatif sur <b>la sant\u00e9 des femmes<\/b>. Cette formule favorise l&rsquo;\u00e9quilibre hormonal dans l&rsquo;organisme, ce qui est crucial dans le processus de recherche d&rsquo;un enfant. L&rsquo;utilisation de ce compl\u00e9ment conduit souvent \u00e0 une am\u00e9lioration de la qualit\u00e9 du cycle menstruel et \u00e0 une augmentation notable des sympt\u00f4mes ovulatoires, ce qui est important pour toute personne planifiant une grossesse.<\/p>\n\n\n\n<p><b>Les ingr\u00e9dients naturels<\/b> contenus dans NuviaLab Female Fertility, notamment l&rsquo;acide folique, la vitamine E et l&rsquo;extrait de grenade, jouent un r\u00f4le important dans le soutien de la sant\u00e9 ovarienne. Une <b>utilisation<\/b> r\u00e9guli\u00e8re peut augmenter les chances de conception, ce qui se traduit par une meilleure fertilit\u00e9. Les <b>utilisatrices<\/b> soulignent souvent une am\u00e9lioration g\u00e9n\u00e9rale du bien-\u00eatre et une plus grande \u00e9nergie, ce qui a un impact positif sur les processus reproductifs et la qualit\u00e9 de vie dans son ensemble.<\/p>\n\n\n\n<p>De nombreux clients rapportent que NuviaLab Female Fertility a contribu\u00e9 \u00e0 am\u00e9liorer leur sant\u00e9 reproductive. Le compl\u00e9ment contient 19 ingr\u00e9dients naturels qui agissent en synergie pour soutenir la sant\u00e9 f\u00e9minine. Lorsqu&rsquo;il est pris r\u00e9guli\u00e8rement, il peut non seulement aider \u00e0 soutenir la fertilit\u00e9, mais aussi l&rsquo;activit\u00e9 sexuelle naturelle, ce qui renforce encore les <b>avantages<\/b> associ\u00e9s \u00e0 son utilisation.<\/p>\n\n\n\n<h2 class=\"wp-block-heading\">Comment utiliser NuviaLab Female Fertility ? &#8211; Dosage<\/h2>\n\n\n\n<p>NuviaLab Female Fertility est un <b>suppl\u00e9ment de soutien \u00e0 la fertilit\u00e9<\/b> f\u00e9minine qui peut \u00eatre utilis\u00e9 pour am\u00e9liorer la fonction reproductive et l&rsquo;\u00e9quilibre hormonal. Selon les instructions de dosage, il est recommand\u00e9 de prendre deux g\u00e9lules par jour. Il est conseill\u00e9 de prendre la premi\u00e8re g\u00e9lule le matin et la seconde le soir, de pr\u00e9f\u00e9rence au cours d&rsquo;un repas, ce qui augmente l&rsquo;absorption des ingr\u00e9dients.<\/p>\n\n\n\n<p>L&rsquo;utilisation r\u00e9guli\u00e8re de NuviaLab Female Fertility est essentielle pour obtenir des r\u00e9sultats optimaux. Veuillez noter que les recommandations de dosage peuvent varier en fonction des besoins individuels de l&rsquo;organisme. Le fabricant sugg\u00e8re de consulter votre m\u00e9decin avant de commencer la suppl\u00e9mentation, en particulier pour les femmes ayant des probl\u00e8mes de sant\u00e9 existants ou prenant d&rsquo;autres m\u00e9dicaments.<\/p>\n\n\n\n<figure class=\"wp-block-table\"><table class=\"has-fixed-layout\"><tbody><tr><th>Dosage recommand\u00e9<\/th><th>Horaires d&rsquo;accueil<\/th><th>Commentaires<\/th><\/tr><tr><td>2 g\u00e9lules par jour<\/td><td>1 apr\u00e8s le petit-d\u00e9jeuner, 1 apr\u00e8s le d\u00eener<\/td><td>A prendre au cours du repas<\/td><\/tr><tr><td>Consultation d&rsquo;un m\u00e9decin<\/td><td>Avant de commencer la suppl\u00e9mentation<\/td><td>En cas de probl\u00e8mes de sant\u00e9<\/td><\/tr><\/tbody><\/table><\/figure>\n\n\n\n<p>Il convient de mentionner que les <b>effets de ce<\/b> compl\u00e9ment peuvent varier d&rsquo;une femme \u00e0 l&rsquo;autre. Selon certains avis d&rsquo;utilisateurs, NuviaLab Female Fertility a contribu\u00e9 \u00e0 am\u00e9liorer la r\u00e9gularit\u00e9 du cycle menstruel et la sant\u00e9 mentale en g\u00e9n\u00e9ral. En plus de soutenir la fertilit\u00e9, le compl\u00e9ment peut \u00e9galement aider \u00e0 r\u00e9duire les niveaux de stress et \u00e0 am\u00e9liorer la qualit\u00e9 du sommeil.<\/p>\n\n\n\n<h2 class=\"wp-block-heading\">NuviaLab Female Fertility &#8211; Avis des utilisateurs, forum &#8211; Que disent les utilisateurs ?<\/h2>\n\n\n\n<p><b>Les avis d&rsquo;<\/b> utilisateurs sur NuviaLab Female Fertility peuvent fournir des informations pr\u00e9cieuses pour les personnes qui cherchent \u00e0 r\u00e9soudre des probl\u00e8mes de fertilit\u00e9. De nombreuses femmes partagent leurs exp\u00e9riences sur les <b>forums<\/b>, ce qui permet de mieux comprendre l&rsquo;efficacit\u00e9 de ce compl\u00e9ment.<\/p>\n\n\n\n<p>Kasia note qu&rsquo;elle se sent beaucoup mieux depuis qu&rsquo;elle a commenc\u00e9 \u00e0 utiliser NuviaLab. Elle mentionne une am\u00e9lioration de la r\u00e9gularit\u00e9 du cycle et l&rsquo;att\u00e9nuation des sympt\u00f4mes d\u00e9sagr\u00e9ables. Son commentaire enthousiaste souligne la valeur du compl\u00e9ment pour les femmes qui essaient d&rsquo;avoir un enfant.<\/p>\n\n\n\n<p>Anne souligne l&rsquo;importance de la stabilit\u00e9 \u00e9motionnelle et physique qu&rsquo;elle a acquise gr\u00e2ce \u00e0 NuviaLab. Les <b>commentaires<\/b> r\u00e9guliers <b>des<\/b> utilisateurs indiquent que le compl\u00e9ment a un effet positif sur la sant\u00e9 hormonale, ce qui est crucial lorsqu&rsquo;on essaie d&rsquo;avoir une descendance.<\/p>\n\n\n\n<p>Eve, qui utilise \u00e9galement NuviaLab, souligne que la r\u00e9gularit\u00e9 de son cycle s&rsquo;est am\u00e9lior\u00e9e et que son bien-\u00eatre g\u00e9n\u00e9ral s&rsquo;est nettement am\u00e9lior\u00e9. Les <b>forums de discussion<\/b> sur son exp\u00e9rience aident d&rsquo;autres femmes \u00e0 comprendre le r\u00f4le du compl\u00e9ment dans leurs efforts pour tomber enceinte.<\/p>\n\n\n\n<figure class=\"wp-block-table\"><table class=\"has-fixed-layout\"><tbody><tr><th>Utilisateur<\/th><th>Opinions<\/th><\/tr><tr><td>Kasia<\/td><td>Am\u00e9lioration de la r\u00e9gularit\u00e9 du cycle, arr\u00eat des sympt\u00f4mes d\u00e9sagr\u00e9ables.<\/td><\/tr><tr><td>Ania<\/td><td>Stabilit\u00e9 \u00e9motionnelle et physique, am\u00e9lioration de la sant\u00e9 hormonale.<\/td><\/tr><tr><td>Ewa<\/td><td>Am\u00e9lioration du bien-\u00eatre, r\u00e9gularit\u00e9 du cycle, soutien dans la recherche d&rsquo;un enfant.<\/td><\/tr><\/tbody><\/table><\/figure>\n\n\n\n<p>Dans l&rsquo;ensemble, les <b>avis des<\/b> <b>forums<\/b> <b>sur<\/b> NuviaLab Female Fertility sont positifs, ce qui peut \u00eatre un facteur important pour les femmes qui envisagent de l&rsquo;utiliser. La prise de conscience du soutien offert par ce compl\u00e9ment revient souvent dans les exp\u00e9riences des utilisatrices, ce qui en fait une option int\u00e9ressante pour celles qui luttent contre des probl\u00e8mes de fertilit\u00e9.<\/p>\n\n\n\n<h2 class=\"wp-block-heading\">Composition de NuviaLab Female Fertility &#8211; Analyse des ingr\u00e9dients<\/h2>\n\n\n\n<p>NuviaLab Female Fertility contient <em>19 ingr\u00e9dients soigneusement s\u00e9lectionn\u00e9s<\/em> pour soutenir la <b>sant\u00e9 reproductive<\/b> f\u00e9minine. Sa <strong>formulation<\/strong> met l&rsquo;accent sur l&rsquo;utilisation d&rsquo;<strong>ingr\u00e9dients naturels<\/strong> tels que l&rsquo;extrait de racine de maca et l&rsquo;extrait de vigne, dont les propri\u00e9t\u00e9s soutiennent la fonction ovarienne et am\u00e9liorent la qualit\u00e9 des ovules.<\/p>\n\n\n\n<p>La vitamine D joue un r\u00f4le cl\u00e9 dans la sant\u00e9 reproductive et l&rsquo;acide folique est essentiel pour la pr\u00e9vention des malformations f\u0153tales. La vitamine E prot\u00e8ge les ovules des dommages oxydatifs, ce qui est important pour leur qualit\u00e9. L&rsquo;<strong>analyse<\/strong> r\u00e9guli\u00e8re <strong>de<\/strong> ces ingr\u00e9dients et leurs effets b\u00e9n\u00e9fiques sur l&rsquo;organisme font de ce compl\u00e9ment un \u00e9l\u00e9ment indispensable de l&rsquo;alimentation des femmes souhaitant avoir un enfant.<\/p>\n\n\n\n<p>La prise d&rsquo;une g\u00e9lule par jour, de pr\u00e9f\u00e9rence au cours d&rsquo;un repas, augmente l&rsquo;efficacit\u00e9 de NuviaLab Female Fertility. <b>Les ingr\u00e9dients naturels<\/b> font que le compl\u00e9ment est bien absorb\u00e9 par l&rsquo;organisme, ce qui est important pour maintenir l&rsquo;\u00e9quilibre hormonal et am\u00e9liorer la fonction ovarienne.<\/p>\n\n\n\n<h2 class=\"wp-block-heading\">O\u00f9 acheter et combien co\u00fbte NuviaLab Female Fertility &#8211; prix<\/h2>\n\n\n\n<p>En achetant NuviaLab Female Fertility sur le site officiel du fabricant, vous \u00eates assur\u00e9 de recevoir le produit original au meilleur prix. De plus, de nombreuses promotions vous permettent d&rsquo;\u00e9conomiser jusqu&rsquo;\u00e0 50% de la valeur du produit.<\/p>\n\n\n\n<p>Il est inutile de chercher NuviaLab Female Fertility dans les pharmacies ou sur les plateformes d&rsquo;achat populaires &#8211; le produit n&rsquo;est disponible qu&rsquo;en ligne. Ce mode de vente garantit un contr\u00f4le total de la qualit\u00e9 et de la s\u00e9curit\u00e9 du produit.<\/p>\n\n\n\n<p>Les <b>effets du<\/b> compl\u00e9ment peuvent \u00eatre perceptibles apr\u00e8s plusieurs mois de prise r\u00e9guli\u00e8re. De nombreuses utilisatrices font \u00e9tat de changements positifs dans leur cycle menstruel et d&rsquo;une am\u00e9lioration de leur fertilit\u00e9 apr\u00e8s avoir commenc\u00e9 \u00e0 prendre le compl\u00e9ment NuviaLab Female Fertility.<\/p>\n\n\n\n<h2 class=\"wp-block-heading\">NuviaLab Female Fertility &#8211; Effets secondaires et contre-indications &#8211; Est-ce s\u00fbr ?<\/h2>\n\n\n\n<p>NuviaLab Female Fertility est consid\u00e9r\u00e9 comme un <b>compl\u00e9ment alimentaire<\/b> <strong>s\u00fbr<\/strong> pour le soutien de la <b>fertilit\u00e9 f\u00e9minine<\/b>, mais comme tout produit, il peut provoquer des <strong>effets secondaires<\/strong>. Les r\u00e9actions du corps varient, il est donc important de consulter votre m\u00e9decin avant de commencer la suppl\u00e9mentation, en particulier si vous souffrez d&rsquo;une maladie chronique ou si vous \u00eates allergique aux ingr\u00e9dients du produit.<\/p>\n\n\n\n<p>Pour NuviaLab Female Fertility, les <b>utilisateurs<\/b> doivent \u00eatre conscients des <strong>contre-indications<\/strong> possibles. En g\u00e9n\u00e9ral, le produit est bien tol\u00e9r\u00e9, mais dans certaines situations, des r\u00e9actions allergiques telles que des \u00e9ruptions cutan\u00e9es ou des d\u00e9mangeaisons peuvent se produire. Il est essentiel de surveiller votre bien-\u00eatre &#8211; si des sympt\u00f4mes inqui\u00e9tants apparaissent, arr\u00eatez l&rsquo;utilisation du produit et contactez imm\u00e9diatement votre m\u00e9decin.<\/p>\n\n\n\n<p>En conclusion, bien que NuviaLab Female Fertility soit consid\u00e9r\u00e9 comme un produit offrant des <b>avantages<\/b> aux femmes planifiant une grossesse, la <b>s\u00e9curit\u00e9<\/b> doit \u00eatre une priorit\u00e9. L&rsquo;attention port\u00e9e aux <b>effets secondaires<\/b> potentiels et la consultation d&rsquo;un sp\u00e9cialiste sont des \u00e9tapes cl\u00e9s pour garantir la sant\u00e9 et l&rsquo;efficacit\u00e9 de la suppl\u00e9mentation.<\/p>\n","protected":false},"excerpt":{"rendered":"<p><strong>[date_countdown]<\/strong><\/p>\n<p><img decoding=\"async\" class=\"alignnone  wp-image-8427\" src=\"https:\/\/pharmacie-progres-cannes.fr\/pharmacie\/wp-content\/uploads\/2024\/10\/SAFE-PAY-300x88-1.png\" alt=\"SAFE-PAY-300x88\" width=\"164\" height=\"48\" \/><\/p>\n","protected":false},"featured_media":4376,"comment_status":"open","ping_status":"closed","template":"","meta":{"neve_meta_sidebar":"","neve_meta_container":"","neve_meta_enable_content_width":"","neve_meta_content_width":0,"neve_meta_title_alignment":"","neve_meta_author_avatar":"","neve_post_elements_order":"","neve_meta_disable_header":"","neve_meta_disable_footer":"","neve_meta_disable_title":"","neve_meta_reading_time":""},"product_brand":[],"product_cat":[16],"product_tag":[],"class_list":{"0":"post-4574","1":"product","2":"type-product","3":"status-publish","4":"has-post-thumbnail","6":"product_cat-sante-sexuelle","8":"first","9":"instock","10":"sale","11":"shipping-taxable","12":"product-type-external"},"yoast_head":"<!-- This site is optimized with the Yoast SEO plugin v27.3 - https:\/\/yoast.com\/product\/yoast-seo-wordpress\/ -->\n<title>NuviaLab Female Fertility - Avis, Forum, Pharmacie, Effets, Prix -50% | Pharmacie-Progres-Pannes<\/title>\n<meta name=\"robots\" content=\"index, follow, max-snippet:-1, max-image-preview:large, max-video-preview:-1\" \/>\n<link rel=\"canonical\" href=\"https:\/\/pharmacie-progres-cannes.fr\/pharmacie\/supp\/nuvialab-female-fertility\/\" \/>\n<meta property=\"og:locale\" content=\"fr_FR\" \/>\n<meta property=\"og:type\" content=\"article\" \/>\n<meta property=\"og:title\" content=\"NuviaLab Female Fertility - Avis, Forum, Pharmacie, Effets, Prix -50% | Pharmacie-Progres-Pannes\" \/>\n<meta property=\"og:url\" content=\"https:\/\/pharmacie-progres-cannes.fr\/pharmacie\/supp\/nuvialab-female-fertility\/\" \/>\n<meta property=\"og:site_name\" content=\"Pharmacie-Progres-Pannes\" \/>\n<meta property=\"article:modified_time\" content=\"2025-03-17T18:42:10+00:00\" \/>\n<meta property=\"og:image\" content=\"https:\/\/pharmacie-progres-cannes.fr\/pharmacie\/wp-content\/uploads\/2024\/10\/NuviaLab-Female-Fertility.jpg\" \/>\n\t<meta property=\"og:image:width\" content=\"768\" \/>\n\t<meta property=\"og:image:height\" content=\"768\" \/>\n\t<meta property=\"og:image:type\" content=\"image\/jpeg\" \/>\n<meta name=\"twitter:card\" content=\"summary_large_image\" \/>\n<meta name=\"twitter:description\" content=\"[date_countdown]\" \/>\n<meta name=\"twitter:label1\" content=\"Dur\u00e9e de lecture estim\u00e9e\" \/>\n\t<meta name=\"twitter:data1\" content=\"1 minute\" \/>\n<script type=\"application\/ld+json\" class=\"yoast-schema-graph\">{\"@context\":\"https:\\\/\\\/schema.org\",\"@graph\":[{\"@type\":\"WebPage\",\"@id\":\"https:\\\/\\\/pharmacie-progres-cannes.fr\\\/pharmacie\\\/supp\\\/nuvialab-female-fertility\\\/\",\"url\":\"https:\\\/\\\/pharmacie-progres-cannes.fr\\\/pharmacie\\\/supp\\\/nuvialab-female-fertility\\\/\",\"name\":\"NuviaLab Female Fertility - Avis, Forum, Pharmacie, Effets, Prix -50% | Pharmacie-Progres-Pannes\",\"isPartOf\":{\"@id\":\"https:\\\/\\\/pharmacie-progres-cannes.fr\\\/pharmacie\\\/#website\"},\"primaryImageOfPage\":{\"@id\":\"https:\\\/\\\/pharmacie-progres-cannes.fr\\\/pharmacie\\\/supp\\\/nuvialab-female-fertility\\\/#primaryimage\"},\"image\":{\"@id\":\"https:\\\/\\\/pharmacie-progres-cannes.fr\\\/pharmacie\\\/supp\\\/nuvialab-female-fertility\\\/#primaryimage\"},\"thumbnailUrl\":\"https:\\\/\\\/pharmacie-progres-cannes.fr\\\/pharmacie\\\/wp-content\\\/uploads\\\/2024\\\/10\\\/NuviaLab-Female-Fertility.jpg\",\"datePublished\":\"2024-10-18T19:46:35+00:00\",\"dateModified\":\"2025-03-17T18:42:10+00:00\",\"breadcrumb\":{\"@id\":\"https:\\\/\\\/pharmacie-progres-cannes.fr\\\/pharmacie\\\/supp\\\/nuvialab-female-fertility\\\/#breadcrumb\"},\"inLanguage\":\"fr-FR\",\"potentialAction\":[{\"@type\":\"ReadAction\",\"target\":[\"https:\\\/\\\/pharmacie-progres-cannes.fr\\\/pharmacie\\\/supp\\\/nuvialab-female-fertility\\\/\"]}]},{\"@type\":\"ImageObject\",\"inLanguage\":\"fr-FR\",\"@id\":\"https:\\\/\\\/pharmacie-progres-cannes.fr\\\/pharmacie\\\/supp\\\/nuvialab-female-fertility\\\/#primaryimage\",\"url\":\"https:\\\/\\\/pharmacie-progres-cannes.fr\\\/pharmacie\\\/wp-content\\\/uploads\\\/2024\\\/10\\\/NuviaLab-Female-Fertility.jpg\",\"contentUrl\":\"https:\\\/\\\/pharmacie-progres-cannes.fr\\\/pharmacie\\\/wp-content\\\/uploads\\\/2024\\\/10\\\/NuviaLab-Female-Fertility.jpg\",\"width\":768,\"height\":768},{\"@type\":\"BreadcrumbList\",\"@id\":\"https:\\\/\\\/pharmacie-progres-cannes.fr\\\/pharmacie\\\/supp\\\/nuvialab-female-fertility\\\/#breadcrumb\",\"itemListElement\":[{\"@type\":\"ListItem\",\"position\":1,\"name\":\"Strona g\u0142\u00f3wna\",\"item\":\"https:\\\/\\\/pharmacie-progres-cannes.fr\\\/pharmacie\\\/\"},{\"@type\":\"ListItem\",\"position\":2,\"name\":\"farmaci\",\"item\":\"https:\\\/\\\/pharmacie-progres-cannes.fr\\\/pharmacie\\\/\"},{\"@type\":\"ListItem\",\"position\":3,\"name\":\"NuviaLab Female Fertility\"}]},{\"@type\":\"WebSite\",\"@id\":\"https:\\\/\\\/pharmacie-progres-cannes.fr\\\/pharmacie\\\/#website\",\"url\":\"https:\\\/\\\/pharmacie-progres-cannes.fr\\\/pharmacie\\\/\",\"name\":\"Pharmacie-Progres-Pannes\",\"description\":\"\",\"potentialAction\":[{\"@type\":\"SearchAction\",\"target\":{\"@type\":\"EntryPoint\",\"urlTemplate\":\"https:\\\/\\\/pharmacie-progres-cannes.fr\\\/pharmacie\\\/?s={search_term_string}\"},\"query-input\":{\"@type\":\"PropertyValueSpecification\",\"valueRequired\":true,\"valueName\":\"search_term_string\"}}],\"inLanguage\":\"fr-FR\"}]}<\/script>\n<!-- \/ Yoast SEO plugin. -->","yoast_head_json":{"title":"NuviaLab Female Fertility - Avis, Forum, Pharmacie, Effets, Prix -50% | Pharmacie-Progres-Pannes","robots":{"index":"index","follow":"follow","max-snippet":"max-snippet:-1","max-image-preview":"max-image-preview:large","max-video-preview":"max-video-preview:-1"},"canonical":"https:\/\/pharmacie-progres-cannes.fr\/pharmacie\/supp\/nuvialab-female-fertility\/","og_locale":"fr_FR","og_type":"article","og_title":"NuviaLab Female Fertility - Avis, Forum, Pharmacie, Effets, Prix -50% | Pharmacie-Progres-Pannes","og_url":"https:\/\/pharmacie-progres-cannes.fr\/pharmacie\/supp\/nuvialab-female-fertility\/","og_site_name":"Pharmacie-Progres-Pannes","article_modified_time":"2025-03-17T18:42:10+00:00","og_image":[{"width":768,"height":768,"url":"https:\/\/pharmacie-progres-cannes.fr\/pharmacie\/wp-content\/uploads\/2024\/10\/NuviaLab-Female-Fertility.jpg","type":"image\/jpeg"}],"twitter_card":"summary_large_image","twitter_description":"[date_countdown]","twitter_misc":{"Dur\u00e9e de lecture estim\u00e9e":"1 minute"},"schema":{"@context":"https:\/\/schema.org","@graph":[{"@type":"WebPage","@id":"https:\/\/pharmacie-progres-cannes.fr\/pharmacie\/supp\/nuvialab-female-fertility\/","url":"https:\/\/pharmacie-progres-cannes.fr\/pharmacie\/supp\/nuvialab-female-fertility\/","name":"NuviaLab Female Fertility - Avis, Forum, Pharmacie, Effets, Prix -50% | Pharmacie-Progres-Pannes","isPartOf":{"@id":"https:\/\/pharmacie-progres-cannes.fr\/pharmacie\/#website"},"primaryImageOfPage":{"@id":"https:\/\/pharmacie-progres-cannes.fr\/pharmacie\/supp\/nuvialab-female-fertility\/#primaryimage"},"image":{"@id":"https:\/\/pharmacie-progres-cannes.fr\/pharmacie\/supp\/nuvialab-female-fertility\/#primaryimage"},"thumbnailUrl":"https:\/\/pharmacie-progres-cannes.fr\/pharmacie\/wp-content\/uploads\/2024\/10\/NuviaLab-Female-Fertility.jpg","datePublished":"2024-10-18T19:46:35+00:00","dateModified":"2025-03-17T18:42:10+00:00","breadcrumb":{"@id":"https:\/\/pharmacie-progres-cannes.fr\/pharmacie\/supp\/nuvialab-female-fertility\/#breadcrumb"},"inLanguage":"fr-FR","potentialAction":[{"@type":"ReadAction","target":["https:\/\/pharmacie-progres-cannes.fr\/pharmacie\/supp\/nuvialab-female-fertility\/"]}]},{"@type":"ImageObject","inLanguage":"fr-FR","@id":"https:\/\/pharmacie-progres-cannes.fr\/pharmacie\/supp\/nuvialab-female-fertility\/#primaryimage","url":"https:\/\/pharmacie-progres-cannes.fr\/pharmacie\/wp-content\/uploads\/2024\/10\/NuviaLab-Female-Fertility.jpg","contentUrl":"https:\/\/pharmacie-progres-cannes.fr\/pharmacie\/wp-content\/uploads\/2024\/10\/NuviaLab-Female-Fertility.jpg","width":768,"height":768},{"@type":"BreadcrumbList","@id":"https:\/\/pharmacie-progres-cannes.fr\/pharmacie\/supp\/nuvialab-female-fertility\/#breadcrumb","itemListElement":[{"@type":"ListItem","position":1,"name":"Strona g\u0142\u00f3wna","item":"https:\/\/pharmacie-progres-cannes.fr\/pharmacie\/"},{"@type":"ListItem","position":2,"name":"farmaci","item":"https:\/\/pharmacie-progres-cannes.fr\/pharmacie\/"},{"@type":"ListItem","position":3,"name":"NuviaLab Female Fertility"}]},{"@type":"WebSite","@id":"https:\/\/pharmacie-progres-cannes.fr\/pharmacie\/#website","url":"https:\/\/pharmacie-progres-cannes.fr\/pharmacie\/","name":"Pharmacie-Progres-Pannes","description":"","potentialAction":[{"@type":"SearchAction","target":{"@type":"EntryPoint","urlTemplate":"https:\/\/pharmacie-progres-cannes.fr\/pharmacie\/?s={search_term_string}"},"query-input":{"@type":"PropertyValueSpecification","valueRequired":true,"valueName":"search_term_string"}}],"inLanguage":"fr-FR"}]}},"_links":{"self":[{"href":"https:\/\/pharmacie-progres-cannes.fr\/pharmacie\/wp-json\/wp\/v2\/product\/4574","targetHints":{"allow":["GET"]}}],"collection":[{"href":"https:\/\/pharmacie-progres-cannes.fr\/pharmacie\/wp-json\/wp\/v2\/product"}],"about":[{"href":"https:\/\/pharmacie-progres-cannes.fr\/pharmacie\/wp-json\/wp\/v2\/types\/product"}],"replies":[{"embeddable":true,"href":"https:\/\/pharmacie-progres-cannes.fr\/pharmacie\/wp-json\/wp\/v2\/comments?post=4574"}],"wp:featuredmedia":[{"embeddable":true,"href":"https:\/\/pharmacie-progres-cannes.fr\/pharmacie\/wp-json\/wp\/v2\/media\/4376"}],"wp:attachment":[{"href":"https:\/\/pharmacie-progres-cannes.fr\/pharmacie\/wp-json\/wp\/v2\/media?parent=4574"}],"wp:term":[{"taxonomy":"product_brand","embeddable":true,"href":"https:\/\/pharmacie-progres-cannes.fr\/pharmacie\/wp-json\/wp\/v2\/product_brand?post=4574"},{"taxonomy":"product_cat","embeddable":true,"href":"https:\/\/pharmacie-progres-cannes.fr\/pharmacie\/wp-json\/wp\/v2\/product_cat?post=4574"},{"taxonomy":"product_tag","embeddable":true,"href":"https:\/\/pharmacie-progres-cannes.fr\/pharmacie\/wp-json\/wp\/v2\/product_tag?post=4574"}],"curies":[{"name":"wp","href":"https:\/\/api.w.org\/{rel}","templated":true}]}}