{"id":4565,"date":"2024-10-18T19:46:26","date_gmt":"2024-10-18T19:46:26","guid":{"rendered":"https:\/\/chirurgie-orthopedie-vannes.fr\/pharmacie\/?post_type=product&#038;p=4565"},"modified":"2025-03-07T11:14:13","modified_gmt":"2025-03-07T11:14:13","slug":"member-xxl","status":"publish","type":"product","link":"https:\/\/pharmacie-progres-cannes.fr\/pharmacie\/supp\/member-xxl\/","title":{"rendered":"Member XXL"},"content":{"rendered":"\n<h2 class=\"wp-block-heading\">Qu&rsquo;est-ce que le Membre XXL et comment fonctionne-t-il ?<\/h2>\n\n\n\n<p><b>Member XXL<\/b> est un <b>compl\u00e9ment alimentaire<\/b> innovant con\u00e7u pour favoriser la masculinit\u00e9 des hommes et am\u00e9liorer la qualit\u00e9 de leur vie sexuelle. Son <b>action<\/b> est bas\u00e9e sur des ingr\u00e9dients naturels tels que des extraits de plantes, des vitamines et des min\u00e9raux pour soutenir l&rsquo;organisme en termes d&rsquo;agrandissement du p\u00e9nis et d&rsquo;am\u00e9lioration de la puissance. Un \u00e9l\u00e9ment cl\u00e9 de l&rsquo;action de Member XXL est l&rsquo;augmentation du flux sanguin vers le p\u00e9nis par un processus connu sous le nom de vasodilatation.<\/p>\n\n\n\n<p><b>Ce compl\u00e9ment alimentaire<\/b> est con\u00e7u pour aider les hommes \u00e0 obtenir des \u00e9rections plus dures et plus durables, ce qui affecte consid\u00e9rablement la qualit\u00e9 de la vie sexuelle. Ses <b>ingr\u00e9dients<\/b> comprennent entre autres le Tribulus Terrestris, la L-Arginine et le Maca, qui non seulement favorisent le d\u00e9veloppement des tissus, mais peuvent \u00e9galement augmenter les niveaux de testost\u00e9rone et la libido. Les effets <b>de<\/b> Member XXL sont perceptibles apr\u00e8s quelques semaines d&rsquo;utilisation, et <b>les effets<\/b> sont visibles en cas de traitement r\u00e9gulier pendant au moins 4 \u00e0 5 mois.<\/p>\n\n\n\n<p>De nombreux utilisateurs font \u00e9tat d&rsquo;une am\u00e9lioration de leur masculinit\u00e9 et de leur bien-\u00eatre g\u00e9n\u00e9ral, ce qui fait de Member XXL une solution efficace pour ceux qui cherchent \u00e0 am\u00e9liorer leur vie intime.<\/p>\n\n\n\n<h2 class=\"wp-block-heading\">Quels sont les effets de l&rsquo;utilisation de Member XXL ?<\/h2>\n\n\n\n<p>L&rsquo;utilisation de Member XXL a un certain nombre d&rsquo;<em>effets<\/em> qui sont perceptibles en peu de temps. Apr\u00e8s seulement quelques semaines, les <b>utilisateurs<\/b> peuvent remarquer <em>une am\u00e9lioration de la puissance<\/em>, ce qui se traduit par une confiance et une satisfaction accrues dans la sph\u00e8re intime.<\/p>\n\n\n\n<p>L&rsquo;un des principaux r\u00e9sultats est l&rsquo;<em>\u00e9largissement du p\u00e9nis<\/em> au repos et pendant l&rsquo;\u00e9rection. La prise r\u00e9guli\u00e8re du compl\u00e9ment peut conduire \u00e0 des \u00e9rections de meilleure qualit\u00e9, ce qui est un \u00e9l\u00e9ment important d&rsquo;une vie sexuelle r\u00e9ussie. De nombreuses personnes font \u00e9galement \u00e9tat d&rsquo;une augmentation de la libido et d&rsquo;une meilleure r\u00e9ponse aux stimuli sexuels, ce qui a un impact positif sur les relations intimes.<\/p>\n\n\n\n<p>La <b>formulation<\/b> naturelle de Member XXL, dont les <b>ingr\u00e9dients<\/b> comprennent la L-arginine, le fenugrec, le palmier et d&rsquo;autres plantes, garantit que <b>les effets<\/b> sont obtenus sans risque d&rsquo;effets secondaires. Une augmentation de la confiance au lit est une opinion fr\u00e9quente chez les hommes qui ont opt\u00e9 pour ce compl\u00e9ment. Les effets de Member XXL affectent le bien-\u00eatre total, ce qui peut am\u00e9liorer la qualit\u00e9 de vie \u00e0 diff\u00e9rents niveaux.<\/p>\n\n\n\n<h2 class=\"wp-block-heading\">Dosage de Member XXL &#8211; Comment l&rsquo;utiliser ?<\/h2>\n\n\n\n<p>La <b>posologie<\/b> recommand\u00e9e de Member XXL est de deux g\u00e9lules par jour. Une capsule doit \u00eatre prise avant le d\u00e9jeuner et l&rsquo;autre avant le d\u00eener. Afin de maximiser les effets du compl\u00e9ment, il est important de boire des quantit\u00e9s suffisantes d&rsquo;eau et de suivre un r\u00e9gime alimentaire \u00e9quilibr\u00e9 et riche en prot\u00e9ines pendant le traitement. Les <b>ingr\u00e9dients<\/b> naturels contenus dans Member XXL ont un effet global sur l&rsquo;organisme, stimulant la production de testost\u00e9rone, ce qui se traduit par une am\u00e9lioration de la qualit\u00e9 de l&rsquo;\u00e9rection et une augmentation de la libido.<\/p>\n\n\n\n<p>L&rsquo;utilisation r\u00e9guli\u00e8re du compl\u00e9ment est essentielle pour obtenir des r\u00e9sultats optimaux. Apr\u00e8s environ 3 semaines d&rsquo;utilisation, vous pouvez commencer \u00e0 remarquer les premiers r\u00e9sultats, y compris une augmentation de la longueur et de la circonf\u00e9rence du p\u00e9nis. Il est recommand\u00e9 que le traitement complet dure au moins 3 \u00e0 4 mois, ce qui permet une augmentation de 4 cm de la longueur et de 1,5 cm de la circonf\u00e9rence du p\u00e9nis.<\/p>\n\n\n\n<figure class=\"wp-block-table\"><table class=\"has-fixed-layout\"><tbody><tr><th>P\u00e9riode d&rsquo;application<\/th><th>Augmentation de la longueur<\/th><\/tr><tr><td>1 mois<\/td><td>~1 cm<\/td><\/tr><tr><td>2 mois<\/td><td>~2 cm<\/td><\/tr><tr><td>3 mois<\/td><td>~4 cm<\/td><\/tr><tr><td>6 mois<\/td><td>~6 cm<\/td><\/tr><\/tbody><\/table><\/figure>\n\n\n\n<p>Il est important de ne pas d\u00e9passer la dose recommand\u00e9e de Member XXL, car cela peut entra\u00eener des effets secondaires ind\u00e9sirables. Lorsque toutes les recommandations sont suivies et utilis\u00e9es r\u00e9guli\u00e8rement, les <b>utilisateurs<\/b> rapportent souvent des effets positifs tels que des sensations plus intenses pendant les rapports sexuels et des \u00e9rections plus fortes. N&rsquo;oubliez pas d&rsquo;utiliser chaque suppl\u00e9ment conform\u00e9ment aux recommandations du fabricant.<\/p>\n\n\n\n<h2 class=\"wp-block-heading\">Commentaires sur le membre XXL &#8211; Que disent les utilisateurs dans les forums ?<\/h2>\n\n\n\n<p>De nombreuses personnes qui utilisent Member XXL partagent leurs exp\u00e9riences sur les forums en ligne. Les <b>commentaires des<\/b> utilisateurs tournent souvent autour des effets positifs de l&rsquo;utilisation de ce compl\u00e9ment. Les r\u00e9sultats des \u00e9tudes cliniques confirment que 88% des hommes ont \u00e9t\u00e9 satisfaits des r\u00e9sultats, ce qui peut augmenter consid\u00e9rablement la confiance dans le produit.<\/p>\n\n\n\n<blockquote class=\"wp-block-quote is-layout-flow wp-block-quote-is-layout-flow\">\n<p><em>\u00ab\u00a0J&rsquo;ai commenc\u00e9 avec beaucoup de scepticisme, mais apr\u00e8s 3 semaines, j&rsquo;ai remarqu\u00e9 une am\u00e9lioration significative. Les \u00e9rections sont devenues plus fermes et ma libido a augment\u00e9. Je recommanderais ce produit \u00e0 tous les hommes qui ont des probl\u00e8mes similaires.<\/em> &#8211; Utilisateur Marek<\/p>\n<\/blockquote>\n\n\n\n<p>Certains hommes, bien que satisfaits, esp\u00e9raient des r\u00e9sultats plus importants. 12 % des participants \u00e0 l&rsquo;\u00e9tude ont trouv\u00e9 les effets satisfaisants, mais esp\u00e9raient de meilleurs r\u00e9sultats. Dans les forums, les utilisateurs mentionnent souvent une augmentation moyenne de la longueur du p\u00e9nis de 5 cm et une augmentation maximale possible atteignant 10 cm.<\/p>\n\n\n\n<blockquote class=\"wp-block-quote is-layout-flow wp-block-quote-is-layout-flow\">\n<p><em>\u00ab\u00a0J&rsquo;utilise Member XXL depuis deux mois. J&rsquo;ai non seulement remarqu\u00e9 une augmentation de la taille, mais aussi un meilleur contr\u00f4le de l&rsquo;\u00e9rection. Ma partenaire a \u00e9galement remarqu\u00e9 une diff\u00e9rence.<\/em> &#8211; Utilisateur Thomas<\/p>\n<\/blockquote>\n\n\n\n<p>De nombreux utilisateurs soulignent les effets imm\u00e9diats, qui devraient \u00eatre visibles apr\u00e8s 2 \u00e0 3 semaines de prise r\u00e9guli\u00e8re. Cette rapidit\u00e9 d&rsquo;<b>action<\/b> encourage les nouveaux hommes \u00e0 essayer Member XXL. De nombreux avis positifs peuvent \u00eatre trouv\u00e9s sur diff\u00e9rents forums, qui peuvent attester de l&rsquo;efficacit\u00e9 de ce suppl\u00e9ment.<\/p>\n\n\n\n<blockquote class=\"wp-block-quote is-layout-flow wp-block-quote-is-layout-flow\">\n<p><em>\u00ab\u00a0Au d\u00e9but, je pensais qu&rsquo;il s&rsquo;agissait d&rsquo;un autre suppl\u00e9ment miracle, mais il fonctionne vraiment. Ma vie sexuelle s&rsquo;est consid\u00e9rablement am\u00e9lior\u00e9e et ma confiance en moi a augment\u00e9.\u00a0\u00bb<\/em> &#8211; Utilisateur Slawomir<\/p>\n<\/blockquote>\n\n\n\n<h2 class=\"wp-block-heading\">Membre XXL &#8211; Composition &#8211; Que contient-il ?<\/h2>\n\n\n\n<p>Member XXL contient un m\u00e9lange soigneusement s\u00e9lectionn\u00e9 d&rsquo;ingr\u00e9dients naturels con\u00e7us pour soutenir la sant\u00e9 sexuelle masculine. Parmi ces ingr\u00e9dients, on trouve<\/p>\n\n\n\n<figure class=\"wp-block-table\"><table class=\"has-fixed-layout\"><tbody><tr><th>Composant<\/th><th>Propri\u00e9t\u00e9s<\/th><th>Concentration par portion<\/th><\/tr><tr><td>L-Arginine<\/td><td>Am\u00e9liore la circulation sanguine, ce qui peut am\u00e9liorer la qualit\u00e9 des \u00e9rections.<\/td><td>200 mg<\/td><\/tr><tr><td>Extrait de fenugrec<\/td><td>Il favorise la libido et a un effet b\u00e9n\u00e9fique sur l&rsquo;\u00e9quilibre hormonal.<\/td><td>200 mg<\/td><\/tr><tr><td>Extrait de palmier nain<\/td><td>Il peut favoriser la sant\u00e9 de la prostate et des hormones m\u00e2les.<\/td><td>200 mg<\/td><\/tr><tr><td>Extrait de racine de ginseng<\/td><td>Am\u00e9liore les performances et l&rsquo;\u00e9nergie globale.<\/td><td>100 mg<\/td><\/tr><tr><td>Extrait de fruit de Schizandra<\/td><td>Il contribue \u00e0 r\u00e9duire le stress et \u00e0 am\u00e9liorer le bien-\u00eatre.<\/td><td>100 mg<\/td><\/tr><tr><td>Extrait de poivre noir<\/td><td>Favorise l&rsquo;absorption des nutriments par l&rsquo;organisme.<\/td><td>2 mg<\/td><\/tr><tr><td>Zinc<\/td><td>Favorise la fonction immunitaire et la sant\u00e9 sexuelle.<\/td><td>10 mg<\/td><\/tr><tr><td>Vitamine E<\/td><td>Il agit comme un antioxydant, prot\u00e9geant les cellules des dommages.<\/td><td>12 mg<\/td><\/tr><tr><td>Vitamine B6<\/td><td>Favorise le m\u00e9tabolisme des prot\u00e9ines et la production d&rsquo;hormones.<\/td><td>1,4 mg<\/td><\/tr><\/tbody><\/table><\/figure>\n\n\n\n<p>Chaque ingr\u00e9dient de Member XXL agit en synergie, ce qui contribue \u00e0 l&rsquo;efficacit\u00e9 globale du compl\u00e9ment. Une utilisation r\u00e9guli\u00e8re permet d&rsquo;obtenir des r\u00e9sultats apr\u00e8s quelques semaines seulement. <b>La composition du<\/b> produit a un effet positif sur la libido et la qualit\u00e9 de l&rsquo;\u00e9rection, ce qui permet aux hommes de gagner en confiance.<\/p>\n\n\n\n<h2 class=\"wp-block-heading\">O\u00f9 acheter Member XXL &#8211; prix<\/h2>\n\n\n\n<p>Member XXL n&rsquo;est pas disponible dans les pharmacies, les drogueries ou sur les plateformes de vente populaires. Il n&rsquo;est vendu que sur le site web officiel, ce qui est une d\u00e9cision d\u00e9lib\u00e9r\u00e9e du fabricant d&rsquo;\u00e9liminer les contrefa\u00e7ons et les interm\u00e9diaires qui gonflent les prix. Si vous trouvez une offre pour ce produit ailleurs, il s&rsquo;agit presque certainement d&rsquo;une contrefa\u00e7on, qui n&rsquo;a peut-\u00eatre rien \u00e0 voir avec la composition originale.<\/p>\n\n\n\n<h2 class=\"wp-block-heading\">Member XXL &#8211; Effets secondaires et contre-indications &#8211; Est-ce s\u00fbr ?<\/h2>\n\n\n\n<p>Member XXL est un compl\u00e9ment alimentaire formul\u00e9 \u00e0 partir d&rsquo;ingr\u00e9dients naturels. La <b>s\u00e9curit\u00e9 de ce<\/b> produit a \u00e9t\u00e9 soulign\u00e9e par les fabricants, qui assurent que l&rsquo;utilisation de Member XXL est g\u00e9n\u00e9ralement exempte d&rsquo;effets secondaires. Toutefois, les personnes prenant des anticoagulants ou ayant d&rsquo;autres probl\u00e8mes de sant\u00e9 doivent consulter un m\u00e9decin avant de commencer le traitement pour discuter des <b>contre-indications<\/b> potentielles.<\/p>\n\n\n\n<p>Bien que les r\u00e9actions allergiques aux <b>ingr\u00e9dients des<\/b> suppl\u00e9ments soient rares, la prudence est de mise. Avec une attention appropri\u00e9e et des indications m\u00e9dicales, nous pouvons consid\u00e9rer que l&rsquo;utilisation de Member XXL est relativement s\u00fbre. Avec une utilisation r\u00e9guli\u00e8re, les patients obtiennent des r\u00e9sultats qui non seulement am\u00e9liorent la <b>s\u00e9curit\u00e9 d&rsquo;<\/b> utilisation, mais affectent \u00e9galement leur confiance et leur satisfaction sexuelle.<\/p>\n","protected":false},"excerpt":{"rendered":"<p><strong>[date_countdown]<\/strong><\/p>\n<p><img decoding=\"async\" class=\"alignnone  wp-image-8427\" src=\"https:\/\/pharmacie-progres-cannes.fr\/pharmacie\/wp-content\/uploads\/2024\/10\/SAFE-PAY-300x88-1.png\" alt=\"SAFE-PAY-300x88\" width=\"164\" height=\"48\" \/><\/p>\n","protected":false},"featured_media":4000,"comment_status":"open","ping_status":"closed","template":"","meta":{"neve_meta_sidebar":"","neve_meta_container":"","neve_meta_enable_content_width":"","neve_meta_content_width":0,"neve_meta_title_alignment":"","neve_meta_author_avatar":"","neve_post_elements_order":"","neve_meta_disable_header":"","neve_meta_disable_footer":"","neve_meta_disable_title":"","neve_meta_reading_time":""},"product_brand":[],"product_cat":[16],"product_tag":[],"class_list":{"0":"post-4565","1":"product","2":"type-product","3":"status-publish","4":"has-post-thumbnail","6":"product_cat-sante-sexuelle","8":"first","9":"instock","10":"sale","11":"shipping-taxable","12":"product-type-external"},"yoast_head":"<!-- This site is optimized with the Yoast SEO plugin v27.3 - https:\/\/yoast.com\/product\/yoast-seo-wordpress\/ -->\n<title>Member XXL - Avis, Forum, Pharmacie, Effets, Prix -50% | Pharmacie-Progres-Pannes<\/title>\n<meta name=\"robots\" content=\"index, follow, max-snippet:-1, max-image-preview:large, max-video-preview:-1\" \/>\n<link rel=\"canonical\" href=\"https:\/\/pharmacie-progres-cannes.fr\/pharmacie\/supp\/member-xxl\/\" \/>\n<meta property=\"og:locale\" content=\"fr_FR\" \/>\n<meta property=\"og:type\" content=\"article\" \/>\n<meta property=\"og:title\" content=\"Member XXL - Avis, Forum, Pharmacie, Effets, Prix -50% | Pharmacie-Progres-Pannes\" \/>\n<meta property=\"og:url\" content=\"https:\/\/pharmacie-progres-cannes.fr\/pharmacie\/supp\/member-xxl\/\" \/>\n<meta property=\"og:site_name\" content=\"Pharmacie-Progres-Pannes\" \/>\n<meta property=\"article:modified_time\" content=\"2025-03-07T11:14:13+00:00\" \/>\n<meta property=\"og:image\" content=\"https:\/\/pharmacie-progres-cannes.fr\/pharmacie\/wp-content\/uploads\/2024\/10\/Member-XXL.jpg\" \/>\n\t<meta property=\"og:image:width\" content=\"768\" \/>\n\t<meta property=\"og:image:height\" content=\"768\" \/>\n\t<meta property=\"og:image:type\" content=\"image\/jpeg\" \/>\n<meta name=\"twitter:card\" content=\"summary_large_image\" \/>\n<meta name=\"twitter:description\" content=\"[date_countdown]\" \/>\n<meta name=\"twitter:label1\" content=\"Dur\u00e9e de lecture estim\u00e9e\" \/>\n\t<meta name=\"twitter:data1\" content=\"1 minute\" \/>\n<script type=\"application\/ld+json\" class=\"yoast-schema-graph\">{\"@context\":\"https:\\\/\\\/schema.org\",\"@graph\":[{\"@type\":\"WebPage\",\"@id\":\"https:\\\/\\\/pharmacie-progres-cannes.fr\\\/pharmacie\\\/supp\\\/member-xxl\\\/\",\"url\":\"https:\\\/\\\/pharmacie-progres-cannes.fr\\\/pharmacie\\\/supp\\\/member-xxl\\\/\",\"name\":\"Member XXL - Avis, Forum, Pharmacie, Effets, Prix -50% | Pharmacie-Progres-Pannes\",\"isPartOf\":{\"@id\":\"https:\\\/\\\/pharmacie-progres-cannes.fr\\\/pharmacie\\\/#website\"},\"primaryImageOfPage\":{\"@id\":\"https:\\\/\\\/pharmacie-progres-cannes.fr\\\/pharmacie\\\/supp\\\/member-xxl\\\/#primaryimage\"},\"image\":{\"@id\":\"https:\\\/\\\/pharmacie-progres-cannes.fr\\\/pharmacie\\\/supp\\\/member-xxl\\\/#primaryimage\"},\"thumbnailUrl\":\"https:\\\/\\\/pharmacie-progres-cannes.fr\\\/pharmacie\\\/wp-content\\\/uploads\\\/2024\\\/10\\\/Member-XXL.jpg\",\"datePublished\":\"2024-10-18T19:46:26+00:00\",\"dateModified\":\"2025-03-07T11:14:13+00:00\",\"breadcrumb\":{\"@id\":\"https:\\\/\\\/pharmacie-progres-cannes.fr\\\/pharmacie\\\/supp\\\/member-xxl\\\/#breadcrumb\"},\"inLanguage\":\"fr-FR\",\"potentialAction\":[{\"@type\":\"ReadAction\",\"target\":[\"https:\\\/\\\/pharmacie-progres-cannes.fr\\\/pharmacie\\\/supp\\\/member-xxl\\\/\"]}]},{\"@type\":\"ImageObject\",\"inLanguage\":\"fr-FR\",\"@id\":\"https:\\\/\\\/pharmacie-progres-cannes.fr\\\/pharmacie\\\/supp\\\/member-xxl\\\/#primaryimage\",\"url\":\"https:\\\/\\\/pharmacie-progres-cannes.fr\\\/pharmacie\\\/wp-content\\\/uploads\\\/2024\\\/10\\\/Member-XXL.jpg\",\"contentUrl\":\"https:\\\/\\\/pharmacie-progres-cannes.fr\\\/pharmacie\\\/wp-content\\\/uploads\\\/2024\\\/10\\\/Member-XXL.jpg\",\"width\":768,\"height\":768},{\"@type\":\"BreadcrumbList\",\"@id\":\"https:\\\/\\\/pharmacie-progres-cannes.fr\\\/pharmacie\\\/supp\\\/member-xxl\\\/#breadcrumb\",\"itemListElement\":[{\"@type\":\"ListItem\",\"position\":1,\"name\":\"Strona g\u0142\u00f3wna\",\"item\":\"https:\\\/\\\/pharmacie-progres-cannes.fr\\\/pharmacie\\\/\"},{\"@type\":\"ListItem\",\"position\":2,\"name\":\"farmaci\",\"item\":\"https:\\\/\\\/pharmacie-progres-cannes.fr\\\/pharmacie\\\/\"},{\"@type\":\"ListItem\",\"position\":3,\"name\":\"Member XXL\"}]},{\"@type\":\"WebSite\",\"@id\":\"https:\\\/\\\/pharmacie-progres-cannes.fr\\\/pharmacie\\\/#website\",\"url\":\"https:\\\/\\\/pharmacie-progres-cannes.fr\\\/pharmacie\\\/\",\"name\":\"Pharmacie-Progres-Pannes\",\"description\":\"\",\"potentialAction\":[{\"@type\":\"SearchAction\",\"target\":{\"@type\":\"EntryPoint\",\"urlTemplate\":\"https:\\\/\\\/pharmacie-progres-cannes.fr\\\/pharmacie\\\/?s={search_term_string}\"},\"query-input\":{\"@type\":\"PropertyValueSpecification\",\"valueRequired\":true,\"valueName\":\"search_term_string\"}}],\"inLanguage\":\"fr-FR\"}]}<\/script>\n<!-- \/ Yoast SEO plugin. -->","yoast_head_json":{"title":"Member XXL - Avis, Forum, Pharmacie, Effets, Prix -50% | Pharmacie-Progres-Pannes","robots":{"index":"index","follow":"follow","max-snippet":"max-snippet:-1","max-image-preview":"max-image-preview:large","max-video-preview":"max-video-preview:-1"},"canonical":"https:\/\/pharmacie-progres-cannes.fr\/pharmacie\/supp\/member-xxl\/","og_locale":"fr_FR","og_type":"article","og_title":"Member XXL - Avis, Forum, Pharmacie, Effets, Prix -50% | Pharmacie-Progres-Pannes","og_url":"https:\/\/pharmacie-progres-cannes.fr\/pharmacie\/supp\/member-xxl\/","og_site_name":"Pharmacie-Progres-Pannes","article_modified_time":"2025-03-07T11:14:13+00:00","og_image":[{"width":768,"height":768,"url":"https:\/\/pharmacie-progres-cannes.fr\/pharmacie\/wp-content\/uploads\/2024\/10\/Member-XXL.jpg","type":"image\/jpeg"}],"twitter_card":"summary_large_image","twitter_description":"[date_countdown]","twitter_misc":{"Dur\u00e9e de lecture estim\u00e9e":"1 minute"},"schema":{"@context":"https:\/\/schema.org","@graph":[{"@type":"WebPage","@id":"https:\/\/pharmacie-progres-cannes.fr\/pharmacie\/supp\/member-xxl\/","url":"https:\/\/pharmacie-progres-cannes.fr\/pharmacie\/supp\/member-xxl\/","name":"Member XXL - Avis, Forum, Pharmacie, Effets, Prix -50% | Pharmacie-Progres-Pannes","isPartOf":{"@id":"https:\/\/pharmacie-progres-cannes.fr\/pharmacie\/#website"},"primaryImageOfPage":{"@id":"https:\/\/pharmacie-progres-cannes.fr\/pharmacie\/supp\/member-xxl\/#primaryimage"},"image":{"@id":"https:\/\/pharmacie-progres-cannes.fr\/pharmacie\/supp\/member-xxl\/#primaryimage"},"thumbnailUrl":"https:\/\/pharmacie-progres-cannes.fr\/pharmacie\/wp-content\/uploads\/2024\/10\/Member-XXL.jpg","datePublished":"2024-10-18T19:46:26+00:00","dateModified":"2025-03-07T11:14:13+00:00","breadcrumb":{"@id":"https:\/\/pharmacie-progres-cannes.fr\/pharmacie\/supp\/member-xxl\/#breadcrumb"},"inLanguage":"fr-FR","potentialAction":[{"@type":"ReadAction","target":["https:\/\/pharmacie-progres-cannes.fr\/pharmacie\/supp\/member-xxl\/"]}]},{"@type":"ImageObject","inLanguage":"fr-FR","@id":"https:\/\/pharmacie-progres-cannes.fr\/pharmacie\/supp\/member-xxl\/#primaryimage","url":"https:\/\/pharmacie-progres-cannes.fr\/pharmacie\/wp-content\/uploads\/2024\/10\/Member-XXL.jpg","contentUrl":"https:\/\/pharmacie-progres-cannes.fr\/pharmacie\/wp-content\/uploads\/2024\/10\/Member-XXL.jpg","width":768,"height":768},{"@type":"BreadcrumbList","@id":"https:\/\/pharmacie-progres-cannes.fr\/pharmacie\/supp\/member-xxl\/#breadcrumb","itemListElement":[{"@type":"ListItem","position":1,"name":"Strona g\u0142\u00f3wna","item":"https:\/\/pharmacie-progres-cannes.fr\/pharmacie\/"},{"@type":"ListItem","position":2,"name":"farmaci","item":"https:\/\/pharmacie-progres-cannes.fr\/pharmacie\/"},{"@type":"ListItem","position":3,"name":"Member XXL"}]},{"@type":"WebSite","@id":"https:\/\/pharmacie-progres-cannes.fr\/pharmacie\/#website","url":"https:\/\/pharmacie-progres-cannes.fr\/pharmacie\/","name":"Pharmacie-Progres-Pannes","description":"","potentialAction":[{"@type":"SearchAction","target":{"@type":"EntryPoint","urlTemplate":"https:\/\/pharmacie-progres-cannes.fr\/pharmacie\/?s={search_term_string}"},"query-input":{"@type":"PropertyValueSpecification","valueRequired":true,"valueName":"search_term_string"}}],"inLanguage":"fr-FR"}]}},"_links":{"self":[{"href":"https:\/\/pharmacie-progres-cannes.fr\/pharmacie\/wp-json\/wp\/v2\/product\/4565","targetHints":{"allow":["GET"]}}],"collection":[{"href":"https:\/\/pharmacie-progres-cannes.fr\/pharmacie\/wp-json\/wp\/v2\/product"}],"about":[{"href":"https:\/\/pharmacie-progres-cannes.fr\/pharmacie\/wp-json\/wp\/v2\/types\/product"}],"replies":[{"embeddable":true,"href":"https:\/\/pharmacie-progres-cannes.fr\/pharmacie\/wp-json\/wp\/v2\/comments?post=4565"}],"wp:featuredmedia":[{"embeddable":true,"href":"https:\/\/pharmacie-progres-cannes.fr\/pharmacie\/wp-json\/wp\/v2\/media\/4000"}],"wp:attachment":[{"href":"https:\/\/pharmacie-progres-cannes.fr\/pharmacie\/wp-json\/wp\/v2\/media?parent=4565"}],"wp:term":[{"taxonomy":"product_brand","embeddable":true,"href":"https:\/\/pharmacie-progres-cannes.fr\/pharmacie\/wp-json\/wp\/v2\/product_brand?post=4565"},{"taxonomy":"product_cat","embeddable":true,"href":"https:\/\/pharmacie-progres-cannes.fr\/pharmacie\/wp-json\/wp\/v2\/product_cat?post=4565"},{"taxonomy":"product_tag","embeddable":true,"href":"https:\/\/pharmacie-progres-cannes.fr\/pharmacie\/wp-json\/wp\/v2\/product_tag?post=4565"}],"curies":[{"name":"wp","href":"https:\/\/api.w.org\/{rel}","templated":true}]}}