{"id":4564,"date":"2024-10-18T19:46:26","date_gmt":"2024-10-18T19:46:26","guid":{"rendered":"https:\/\/chirurgie-orthopedie-vannes.fr\/pharmacie\/?post_type=product&#038;p=4564"},"modified":"2025-03-17T18:41:23","modified_gmt":"2025-03-17T18:41:23","slug":"nutrigo-lab-burner","status":"publish","type":"product","link":"https:\/\/pharmacie-progres-cannes.fr\/pharmacie\/supp\/nutrigo-lab-burner\/","title":{"rendered":"Nutrigo Lab Burner"},"content":{"rendered":"\n<h2 class=\"wp-block-heading\">Qu&rsquo;est-ce que Nutrigo Lab Burner et comment fonctionne-t-il ?<\/h2>\n\n\n\n<p><b>Nutrigo Lab Burner<\/b> est un <b>compl\u00e9ment<\/b> alimentaire efficace qui favorise la perte de poids de plusieurs fa\u00e7ons. Son <em>action<\/em> est bas\u00e9e sur une combinaison unique d&rsquo;ingr\u00e9dients naturels qui augmentent la thermogen\u00e8se et acc\u00e9l\u00e8rent le m\u00e9tabolisme. L&rsquo;organisme est ainsi en mesure d&rsquo;intensifier la combustion des graisses, ce qui favorise consid\u00e9rablement les <b>effets de la<\/b> perte de poids.<\/p>\n\n\n\n<p>Le <b>compl\u00e9ment<\/b> contribue \u00e9galement \u00e0 r\u00e9duire l&rsquo;app\u00e9tit, ce qui facilite le contr\u00f4le de l&rsquo;apport calorique. Des ingr\u00e9dients tels que le Sinterol\u00ae Xpur, l&rsquo;extrait de garcinia cambogia et l&rsquo;extrait de framboise proprement dit soutiennent efficacement l&rsquo;organisme dans le processus de perte de poids. Nutrigo Lab Burner est un compl\u00e9ment destin\u00e9 aux personnes qui souhaitent obtenir les r\u00e9sultats souhait\u00e9s en mati\u00e8re de perte de poids, y compris les athl\u00e8tes professionnels et les adeptes de l&rsquo;activit\u00e9 physique.<\/p>\n\n\n\n<p>Il convient de noter que les \u00e9tudes indiquent la possibilit\u00e9 de perdre jusqu&rsquo;\u00e0 9 kg en un mois, soit plus de 2 kg de plus que les r\u00e9sultats obtenus par les athl\u00e8tes qui r\u00e9duisent leur poids sans le suppl\u00e9ment. Nutrigo Lab Burner, en tant que solution innovante de perte de poids, devient de plus en plus populaire parmi ceux qui recherchent un soutien efficace \u00e0 la perte de poids.<\/p>\n\n\n\n<h2 class=\"wp-block-heading\">Avantages de Nutrigo Lab Burner &#8211; Effets<\/h2>\n\n\n\n<p><b>L&rsquo;utilisation de<\/b> Nutrigo Lab Burner pr\u00e9sente de nombreux <b>avantages<\/b> notables pour ceux qui souhaitent r\u00e9duire la graisse corporelle et am\u00e9liorer leur condition physique g\u00e9n\u00e9rale. Ce compl\u00e9ment est particuli\u00e8rement destin\u00e9 aux personnes actives, telles que les athl\u00e8tes, qui ont besoin d&rsquo;un soutien pour la r\u00e9g\u00e9n\u00e9ration musculaire et l&rsquo;optimisation des performances physiques.<\/p>\n\n\n\n<p>L&rsquo;un des effets les plus importants de Nutrigo Lab Burner est l&rsquo;am\u00e9lioration du m\u00e9tabolisme, qui permet de br\u00fbler plus efficacement les calories. Des ingr\u00e9dients cl\u00e9s tels que la Garcinia Cambogia et l&rsquo;extrait de th\u00e9 vert contribuent \u00e0 inhiber la production de graisse et \u00e0 stabiliser le taux de sucre dans le sang, ce qui est important pour la perte de poids.<\/p>\n\n\n\n<p>L&rsquo;<b>utilisation<\/b> r\u00e9guli\u00e8re <b>de<\/b> ce suppl\u00e9ment est associ\u00e9e \u00e0 l&rsquo;\u00e9limination des toxines de l&rsquo;organisme et \u00e0 l&rsquo;am\u00e9lioration de la sant\u00e9 intestinale, ce qui favorise une digestion saine. En cons\u00e9quence, on peut s&rsquo;attendre \u00e0 une r\u00e9duction significative du poids corporel, ainsi qu&rsquo;\u00e0 une augmentation des niveaux d&rsquo;\u00e9nergie, ce qui a un impact positif sur le bien-\u00eatre g\u00e9n\u00e9ral.<\/p>\n\n\n\n<figure class=\"wp-block-table\"><table class=\"has-fixed-layout\"><tbody><tr><th>Avantages<\/th><th>Description<\/th><\/tr><tr><td><b>R\u00e9duction de la graisse<\/b><\/td><td>Une perte de poids significative gr\u00e2ce \u00e0 un m\u00e9tabolisme actif et \u00e0 des ingr\u00e9dients qui favorisent la combustion des graisses.<\/td><\/tr><tr><td>Am\u00e9lioration de la condition physique<\/td><td>Et augmenter l&rsquo;\u00e9nergie et l&rsquo;endurance pendant l&rsquo;entra\u00eenement gr\u00e2ce \u00e0 des ingr\u00e9dients naturels.<\/td><\/tr><tr><td>R\u00e9gulation de l&rsquo;app\u00e9tit<\/td><td>Des extraits de plantes pour r\u00e9duire le grignotage, ce qui favorise le maintien de l&rsquo;alimentation.<\/td><\/tr><tr><td>Soutien \u00e0 une digestion saine<\/td><td>Am\u00e9liorer la sant\u00e9 intestinale et \u00e9liminer les toxines pour favoriser la perte de poids.<\/td><\/tr><\/tbody><\/table><\/figure>\n\n\n\n<p>Les <b>utilisateurs<\/b> se disent souvent satisfaits des effets de Nutrigo Lab Burner, ce qui en fait un choix int\u00e9ressant pour ceux qui s&rsquo;efforcent d&rsquo;adopter un mode de vie sain. L&rsquo;<b>utilisation<\/b> r\u00e9guli\u00e8re <b>de<\/b> ce compl\u00e9ment peut conduire \u00e0 des am\u00e9liorations non seulement au niveau de l&rsquo;apparence, mais aussi au niveau du bien-\u00eatre mental.<\/p>\n\n\n\n<h2 class=\"wp-block-heading\">Dosage de Nutrigo Lab Burner &#8211; Comment l&rsquo;utiliser ?<\/h2>\n\n\n\n<p>Pour obtenir les meilleurs r\u00e9sultats avec le compl\u00e9ment Nutrigo Lab Burner, il est essentiel de suivre les instructions de la notice. La <em>posologie<\/em> typique de ce compl\u00e9ment est de 2 g\u00e9lules par jour. Il est recommand\u00e9 de prendre une g\u00e9lule le matin et l&rsquo;autre le soir, de pr\u00e9f\u00e9rence environ 30 minutes avant un repas. Cela permettra d&rsquo;augmenter l&rsquo;efficacit\u00e9 du compl\u00e9ment et de soutenir son <b>action<\/b> dans la r\u00e9duction de la graisse corporelle.<\/p>\n\n\n\n<p>Nutrigo Lab Burner contient 60 g\u00e9lules par paquet, ce qui est suffisant pour un mois si l&rsquo;on suit les recommandations. La prise r\u00e9guli\u00e8re du compl\u00e9ment, associ\u00e9e \u00e0 un r\u00e9gime alimentaire adapt\u00e9 et \u00e0 une activit\u00e9 physique, est susceptible d&rsquo;apporter les <b>r\u00e9sultats<\/b> escompt\u00e9s. Les \u00e9l\u00e9ments actifs entrant dans la composition du compl\u00e9ment aident \u00e0 stabiliser la glyc\u00e9mie et \u00e0 r\u00e9duire la sensation de faim. En outre, les utilisateurs constatent une am\u00e9lioration des performances physiques et une augmentation de l&rsquo;\u00e9nergie pendant l&rsquo;entra\u00eenement.<\/p>\n\n\n\n<p>En cas de doute sur l&rsquo;utilisation ou le <em>dosage de<\/em> Nutrigo Lab Burner, il est recommand\u00e9 de consulter un m\u00e9decin ou un nutritionniste, en particulier pour les personnes \u00e2g\u00e9es de moins de 18 ans. Les <b>utilisateurs<\/b> doivent se rappeler d&rsquo;adapter l&rsquo;<em>utilisation du<\/em> compl\u00e9ment aux besoins de leur corps afin de b\u00e9n\u00e9ficier pleinement de ses propri\u00e9t\u00e9s.<\/p>\n\n\n\n<h2 class=\"wp-block-heading\">Nutrigo Lab Burner &#8211; Avis et critiques &#8211; Que disent les utilisateurs ?<\/h2>\n\n\n\n<p><b>Les avis sur<\/b> Nutrigo Lab Burner sugg\u00e8rent qu&rsquo;il s&rsquo;agit de l&rsquo;un des compl\u00e9ments les plus efficaces pour favoriser la r\u00e9duction des graisses. Les <b>utilisateurs<\/b> remarquent des <b>effets<\/b> positifs apr\u00e8s seulement quelques semaines d&rsquo;utilisation. De nombreux avis soulignent la rapidit\u00e9 avec laquelle les graisses sont br\u00fbl\u00e9es, ce qui est l&rsquo;un des principaux atouts de ce produit. Les clients d\u00e9crivent leurs exp\u00e9riences de mani\u00e8re vari\u00e9e, ce qui permet une analyse large de ses performances.<\/p>\n\n\n\n<blockquote class=\"wp-block-quote is-layout-flow wp-block-quote-is-layout-flow\">\n<p>\u00ab\u00a0Apr\u00e8s avoir utilis\u00e9 Nutrigo Lab Burner, j&rsquo;ai remarqu\u00e9 une am\u00e9lioration significative de mon m\u00e9tabolisme. Mon humeur s&rsquo;est \u00e9galement am\u00e9lior\u00e9e et les effets du r\u00e9gime sont devenus visibles beaucoup plus rapidement.\u00a0\u00bb &#8211; Utilisateur satisfait<\/p>\n<\/blockquote>\n\n\n\n<p>De nombreux utilisateurs soulignent que le compl\u00e9ment r\u00e9duit l&rsquo;app\u00e9tit et acc\u00e9l\u00e8re le m\u00e9tabolisme des glucides. <b>Les commentaires<\/b> portant sur ces aspects soulignent <b>les avantages des<\/b> ingr\u00e9dients naturels tels que l&rsquo;extrait de framboise et le SINETROL\u00ae Xpur. En outre, les clients confirment que Nutrigo Lab Burner aide \u00e0 maintenir une glyc\u00e9mie optimale, ce qui est important pour les personnes actives qui pratiquent r\u00e9guli\u00e8rement un sport.<\/p>\n\n\n\n<figure class=\"wp-block-table\"><table class=\"has-fixed-layout\"><tbody><tr><th>Utilisateur<\/th><th>Description de l&rsquo;exp\u00e9rience<\/th><th>Effets observ\u00e9s<\/th><\/tr><tr><td>Anna<\/td><td>Am\u00e9lioration du bien-\u00eatre apr\u00e8s l&rsquo;application<\/td><td>Perdre des kilos plus rapidement<\/td><\/tr><tr><td>Pierre<\/td><td>Augmentation de l&rsquo;\u00e9nergie dans la vie quotidienne<\/td><td>Effets visibles de la perte de poids<\/td><\/tr><tr><td>Kasia<\/td><td>Une meilleure sant\u00e9 intestinale<\/td><td>Aide \u00e0 la perte de poids<\/td><\/tr><\/tbody><\/table><\/figure>\n\n\n\n<p>La vari\u00e9t\u00e9 des avis sur Nutrigo Lab Burner d\u00e9montre l&rsquo;impact significatif des performances et des ingr\u00e9dients du compl\u00e9ment sur les r\u00e9sultats. De nombreux utilisateurs recommandent une utilisation r\u00e9guli\u00e8re du compl\u00e9ment en combinaison avec un r\u00e9gime alimentaire sain et une activit\u00e9 physique pour des r\u00e9sultats encore meilleurs. Nutrigo Lab Burner a donc gagn\u00e9 une popularit\u00e9 consid\u00e9rable sur le march\u00e9 des br\u00fbleurs de graisse, ce qui en fait un choix int\u00e9ressant pour ceux qui souhaitent r\u00e9duire la graisse corporelle de mani\u00e8re naturelle et efficace.<\/p>\n\n\n\n<h2 class=\"wp-block-heading\">Nutrigo Lab Burner &#8211; Composition &#8211; Analyse des ingr\u00e9dients<\/h2>\n\n\n\n<p>Nutrigo Lab Burner est un compl\u00e9ment alimentaire soigneusement <b>formul\u00e9<\/b> pour favoriser la r\u00e9duction des graisses. Ses principaux ingr\u00e9dients sont l&rsquo;extrait de th\u00e9 vert, l&rsquo;extrait d&rsquo;orange am\u00e8re et le poivre de Cayenne. L&rsquo;extrait de th\u00e9 vert poss\u00e8de des propri\u00e9t\u00e9s thermog\u00e9niques qui acc\u00e9l\u00e8rent la combustion des graisses. Gr\u00e2ce \u00e0 l&rsquo;action synergique des ingr\u00e9dients, le compl\u00e9ment peut augmenter de mani\u00e8re significative l&rsquo;efficacit\u00e9 de l&rsquo;intensification des processus m\u00e9taboliques.<\/p>\n\n\n\n<p>Nutrigo Lab Burner contient \u00e9galement de la L-carnitine et des c\u00e9tones de framboise, qui transportent les acides gras vers les mitochondries pour favoriser la combustion des graisses. En outre, le curcuma et le Sinetrol, un extrait d&rsquo;agrumes brevet\u00e9, ont un effet positif sur le m\u00e9tabolisme, et la pr\u00e9sence de chrome r\u00e9gule la glyc\u00e9mie, ce qui est particuli\u00e8rement important pour les personnes qui contr\u00f4lent leur poids.<\/p>\n\n\n\n<p>L&rsquo;<b>analyse des ingr\u00e9dients<\/b> montre que Nutrigo Lab Burner est un produit \u00e0 base d&rsquo;ingr\u00e9dients naturels, ce qui en fait un choix s\u00fbr pour ceux qui souhaitent une r\u00e9duction efficace des graisses. Les utilisateurs remarquent souvent des am\u00e9liorations non seulement sur le plan physique, mais aussi sur le plan du bien-\u00eatre g\u00e9n\u00e9ral et de l&rsquo;\u00e9nergie. Ce produit est disponible en paquets de 60 g\u00e9lules, ce qui est suffisant pour un mois de traitement \u00e0 la dose recommand\u00e9e.<\/p>\n\n\n\n<h2 class=\"wp-block-heading\">Prix de Nutrigo Lab Burner &#8211; O\u00f9 acheter ?<\/h2>\n\n\n\n<p>Pour b\u00e9n\u00e9ficier de r\u00e9ductions int\u00e9ressantes sur Nutrigo Lab Burner, visitez le site officiel du fabricant. Des promotions r\u00e9guli\u00e8res vous permettent d&rsquo;\u00e9conomiser jusqu&rsquo;\u00e0 50 %, ce qui rend votre achat encore plus int\u00e9ressant.<\/p>\n\n\n\n<p>Ne perdez pas votre temps \u00e0 chercher Nutrigo Lab Burner dans les pharmacies ou les drogueries &#8211; le produit n&rsquo;y est pas disponible. Seul l&rsquo;achat direct en ligne garantit la meilleure qualit\u00e9 et la s\u00e9curit\u00e9 totale de la transaction.<\/p>\n\n\n\n<p>Il convient \u00e9galement de noter le d\u00e9lai d&rsquo;exp\u00e9dition des commandes, qui varie de 1 \u00e0 3 jours. Une v\u00e9rification r\u00e9guli\u00e8re des prix et des offres sur le site du fabricant peut permettre de r\u00e9aliser des \u00e9conomies suppl\u00e9mentaires pour ceux qui envisagent d&rsquo;acheter Nutrigo Lab Burner.<\/p>\n\n\n\n<h2 class=\"wp-block-heading\">Effets secondaires potentiels et contre-indications de Nutrigo Lab Burner<\/h2>\n\n\n\n<p>L&rsquo;utilisation de Nutrigo Lab Burner peut \u00eatre associ\u00e9e \u00e0 certains <strong>effets secondaires<\/strong>, qu&rsquo;il convient de garder \u00e0 l&rsquo;esprit. Les probl\u00e8mes gastro-intestinaux tels que les ballonnements et les douleurs abdominales figurent parmi les plaintes les plus fr\u00e9quemment signal\u00e9es. Les personnes ayant un syst\u00e8me digestif sensible doivent \u00eatre particuli\u00e8rement prudentes avant de commencer la suppl\u00e9mentation. La prise de doses plus \u00e9lev\u00e9es de caf\u00e9ine, pr\u00e9sente dans la formule, peut entra\u00eener des effets secondaires tels que l&rsquo;insomnie et des tremblements des mains.<\/p>\n\n\n\n<p>Les <b>contre-indications<\/b> \u00e0 l&rsquo;utilisation de Nutrigo Lab Burner comprennent les conditions m\u00e9dicales graves telles que les maladies intestinales, ainsi que la grossesse et l&rsquo;allaitement. Les personnes souffrant d&rsquo;hypotension et celles qui prennent des anticoagulants doivent consulter leur m\u00e9decin. Il convient de souligner que l&rsquo;<b>innocuit\u00e9 du<\/b> compl\u00e9ment est cruciale et qu&rsquo;il est donc essentiel de respecter les recommandations en mati\u00e8re de dosage.<\/p>\n\n\n\n<p>En conclusion, il est tr\u00e8s important que les personnes ayant d\u00e9j\u00e0 des probl\u00e8mes de sant\u00e9 consultent un sp\u00e9cialiste avant de commencer \u00e0 utiliser Nutrigo Lab Burner. Malgr\u00e9 les nombreuses critiques positives, la <b>s\u00e9curit\u00e9<\/b> et la r\u00e9action du corps au suppl\u00e9ment devraient toujours \u00eatre la priorit\u00e9 de chaque utilisateur.<\/p>\n","protected":false},"excerpt":{"rendered":"<p><strong>[date_countdown]<\/strong><\/p>\n<p><img decoding=\"async\" class=\"alignnone  wp-image-8427\" src=\"https:\/\/pharmacie-progres-cannes.fr\/pharmacie\/wp-content\/uploads\/2024\/10\/SAFE-PAY-300x88-1.png\" alt=\"SAFE-PAY-300x88\" width=\"164\" height=\"48\" \/><\/p>\n","protected":false},"featured_media":4571,"comment_status":"open","ping_status":"closed","template":"","meta":{"neve_meta_sidebar":"","neve_meta_container":"","neve_meta_enable_content_width":"","neve_meta_content_width":0,"neve_meta_title_alignment":"","neve_meta_author_avatar":"","neve_post_elements_order":"","neve_meta_disable_header":"","neve_meta_disable_footer":"","neve_meta_disable_title":"","neve_meta_reading_time":""},"product_brand":[],"product_cat":[15],"product_tag":[],"class_list":{"0":"post-4564","1":"product","2":"type-product","3":"status-publish","4":"has-post-thumbnail","6":"product_cat-perte-de-poids","8":"first","9":"instock","10":"sale","11":"shipping-taxable","12":"product-type-external"},"yoast_head":"<!-- This site is optimized with the Yoast SEO plugin v27.4 - https:\/\/yoast.com\/product\/yoast-seo-wordpress\/ -->\n<title>Nutrigo Lab Burner - Avis, Forum, Pharmacie, Effets, Prix -50% | Pharmacie-Progres-Pannes<\/title>\n<meta name=\"robots\" content=\"index, follow, max-snippet:-1, max-image-preview:large, max-video-preview:-1\" \/>\n<link rel=\"canonical\" href=\"https:\/\/pharmacie-progres-cannes.fr\/pharmacie\/supp\/nutrigo-lab-burner\/\" \/>\n<meta property=\"og:locale\" content=\"fr_FR\" \/>\n<meta property=\"og:type\" content=\"article\" \/>\n<meta property=\"og:title\" content=\"Nutrigo Lab Burner - Avis, Forum, Pharmacie, Effets, Prix -50% | Pharmacie-Progres-Pannes\" \/>\n<meta property=\"og:url\" content=\"https:\/\/pharmacie-progres-cannes.fr\/pharmacie\/supp\/nutrigo-lab-burner\/\" \/>\n<meta property=\"og:site_name\" content=\"Pharmacie-Progres-Pannes\" \/>\n<meta property=\"article:modified_time\" content=\"2025-03-17T18:41:23+00:00\" \/>\n<meta property=\"og:image\" content=\"https:\/\/pharmacie-progres-cannes.fr\/pharmacie\/wp-content\/uploads\/2024\/10\/Nutrigo-Lab-Burner.jpg\" \/>\n\t<meta property=\"og:image:width\" content=\"768\" \/>\n\t<meta property=\"og:image:height\" content=\"768\" \/>\n\t<meta property=\"og:image:type\" content=\"image\/jpeg\" \/>\n<meta name=\"twitter:card\" content=\"summary_large_image\" \/>\n<meta name=\"twitter:description\" content=\"[date_countdown]\" \/>\n<meta name=\"twitter:label1\" content=\"Dur\u00e9e de lecture estim\u00e9e\" \/>\n\t<meta name=\"twitter:data1\" content=\"1 minute\" \/>\n<script type=\"application\/ld+json\" class=\"yoast-schema-graph\">{\"@context\":\"https:\\\/\\\/schema.org\",\"@graph\":[{\"@type\":\"WebPage\",\"@id\":\"https:\\\/\\\/pharmacie-progres-cannes.fr\\\/pharmacie\\\/supp\\\/nutrigo-lab-burner\\\/\",\"url\":\"https:\\\/\\\/pharmacie-progres-cannes.fr\\\/pharmacie\\\/supp\\\/nutrigo-lab-burner\\\/\",\"name\":\"Nutrigo Lab Burner - Avis, Forum, Pharmacie, Effets, Prix -50% | Pharmacie-Progres-Pannes\",\"isPartOf\":{\"@id\":\"https:\\\/\\\/pharmacie-progres-cannes.fr\\\/pharmacie\\\/#website\"},\"primaryImageOfPage\":{\"@id\":\"https:\\\/\\\/pharmacie-progres-cannes.fr\\\/pharmacie\\\/supp\\\/nutrigo-lab-burner\\\/#primaryimage\"},\"image\":{\"@id\":\"https:\\\/\\\/pharmacie-progres-cannes.fr\\\/pharmacie\\\/supp\\\/nutrigo-lab-burner\\\/#primaryimage\"},\"thumbnailUrl\":\"https:\\\/\\\/pharmacie-progres-cannes.fr\\\/pharmacie\\\/wp-content\\\/uploads\\\/2024\\\/10\\\/Nutrigo-Lab-Burner.jpg\",\"datePublished\":\"2024-10-18T19:46:26+00:00\",\"dateModified\":\"2025-03-17T18:41:23+00:00\",\"breadcrumb\":{\"@id\":\"https:\\\/\\\/pharmacie-progres-cannes.fr\\\/pharmacie\\\/supp\\\/nutrigo-lab-burner\\\/#breadcrumb\"},\"inLanguage\":\"fr-FR\",\"potentialAction\":[{\"@type\":\"ReadAction\",\"target\":[\"https:\\\/\\\/pharmacie-progres-cannes.fr\\\/pharmacie\\\/supp\\\/nutrigo-lab-burner\\\/\"]}]},{\"@type\":\"ImageObject\",\"inLanguage\":\"fr-FR\",\"@id\":\"https:\\\/\\\/pharmacie-progres-cannes.fr\\\/pharmacie\\\/supp\\\/nutrigo-lab-burner\\\/#primaryimage\",\"url\":\"https:\\\/\\\/pharmacie-progres-cannes.fr\\\/pharmacie\\\/wp-content\\\/uploads\\\/2024\\\/10\\\/Nutrigo-Lab-Burner.jpg\",\"contentUrl\":\"https:\\\/\\\/pharmacie-progres-cannes.fr\\\/pharmacie\\\/wp-content\\\/uploads\\\/2024\\\/10\\\/Nutrigo-Lab-Burner.jpg\",\"width\":768,\"height\":768},{\"@type\":\"BreadcrumbList\",\"@id\":\"https:\\\/\\\/pharmacie-progres-cannes.fr\\\/pharmacie\\\/supp\\\/nutrigo-lab-burner\\\/#breadcrumb\",\"itemListElement\":[{\"@type\":\"ListItem\",\"position\":1,\"name\":\"Strona g\u0142\u00f3wna\",\"item\":\"https:\\\/\\\/pharmacie-progres-cannes.fr\\\/pharmacie\\\/\"},{\"@type\":\"ListItem\",\"position\":2,\"name\":\"farmaci\",\"item\":\"https:\\\/\\\/pharmacie-progres-cannes.fr\\\/pharmacie\\\/\"},{\"@type\":\"ListItem\",\"position\":3,\"name\":\"Nutrigo Lab Burner\"}]},{\"@type\":\"WebSite\",\"@id\":\"https:\\\/\\\/pharmacie-progres-cannes.fr\\\/pharmacie\\\/#website\",\"url\":\"https:\\\/\\\/pharmacie-progres-cannes.fr\\\/pharmacie\\\/\",\"name\":\"Pharmacie-Progres-Pannes\",\"description\":\"\",\"potentialAction\":[{\"@type\":\"SearchAction\",\"target\":{\"@type\":\"EntryPoint\",\"urlTemplate\":\"https:\\\/\\\/pharmacie-progres-cannes.fr\\\/pharmacie\\\/?s={search_term_string}\"},\"query-input\":{\"@type\":\"PropertyValueSpecification\",\"valueRequired\":true,\"valueName\":\"search_term_string\"}}],\"inLanguage\":\"fr-FR\"}]}<\/script>\n<!-- \/ Yoast SEO plugin. -->","yoast_head_json":{"title":"Nutrigo Lab Burner - Avis, Forum, Pharmacie, Effets, Prix -50% | Pharmacie-Progres-Pannes","robots":{"index":"index","follow":"follow","max-snippet":"max-snippet:-1","max-image-preview":"max-image-preview:large","max-video-preview":"max-video-preview:-1"},"canonical":"https:\/\/pharmacie-progres-cannes.fr\/pharmacie\/supp\/nutrigo-lab-burner\/","og_locale":"fr_FR","og_type":"article","og_title":"Nutrigo Lab Burner - Avis, Forum, Pharmacie, Effets, Prix -50% | Pharmacie-Progres-Pannes","og_url":"https:\/\/pharmacie-progres-cannes.fr\/pharmacie\/supp\/nutrigo-lab-burner\/","og_site_name":"Pharmacie-Progres-Pannes","article_modified_time":"2025-03-17T18:41:23+00:00","og_image":[{"width":768,"height":768,"url":"https:\/\/pharmacie-progres-cannes.fr\/pharmacie\/wp-content\/uploads\/2024\/10\/Nutrigo-Lab-Burner.jpg","type":"image\/jpeg"}],"twitter_card":"summary_large_image","twitter_description":"[date_countdown]","twitter_misc":{"Dur\u00e9e de lecture estim\u00e9e":"1 minute"},"schema":{"@context":"https:\/\/schema.org","@graph":[{"@type":"WebPage","@id":"https:\/\/pharmacie-progres-cannes.fr\/pharmacie\/supp\/nutrigo-lab-burner\/","url":"https:\/\/pharmacie-progres-cannes.fr\/pharmacie\/supp\/nutrigo-lab-burner\/","name":"Nutrigo Lab Burner - Avis, Forum, Pharmacie, Effets, Prix -50% | Pharmacie-Progres-Pannes","isPartOf":{"@id":"https:\/\/pharmacie-progres-cannes.fr\/pharmacie\/#website"},"primaryImageOfPage":{"@id":"https:\/\/pharmacie-progres-cannes.fr\/pharmacie\/supp\/nutrigo-lab-burner\/#primaryimage"},"image":{"@id":"https:\/\/pharmacie-progres-cannes.fr\/pharmacie\/supp\/nutrigo-lab-burner\/#primaryimage"},"thumbnailUrl":"https:\/\/pharmacie-progres-cannes.fr\/pharmacie\/wp-content\/uploads\/2024\/10\/Nutrigo-Lab-Burner.jpg","datePublished":"2024-10-18T19:46:26+00:00","dateModified":"2025-03-17T18:41:23+00:00","breadcrumb":{"@id":"https:\/\/pharmacie-progres-cannes.fr\/pharmacie\/supp\/nutrigo-lab-burner\/#breadcrumb"},"inLanguage":"fr-FR","potentialAction":[{"@type":"ReadAction","target":["https:\/\/pharmacie-progres-cannes.fr\/pharmacie\/supp\/nutrigo-lab-burner\/"]}]},{"@type":"ImageObject","inLanguage":"fr-FR","@id":"https:\/\/pharmacie-progres-cannes.fr\/pharmacie\/supp\/nutrigo-lab-burner\/#primaryimage","url":"https:\/\/pharmacie-progres-cannes.fr\/pharmacie\/wp-content\/uploads\/2024\/10\/Nutrigo-Lab-Burner.jpg","contentUrl":"https:\/\/pharmacie-progres-cannes.fr\/pharmacie\/wp-content\/uploads\/2024\/10\/Nutrigo-Lab-Burner.jpg","width":768,"height":768},{"@type":"BreadcrumbList","@id":"https:\/\/pharmacie-progres-cannes.fr\/pharmacie\/supp\/nutrigo-lab-burner\/#breadcrumb","itemListElement":[{"@type":"ListItem","position":1,"name":"Strona g\u0142\u00f3wna","item":"https:\/\/pharmacie-progres-cannes.fr\/pharmacie\/"},{"@type":"ListItem","position":2,"name":"farmaci","item":"https:\/\/pharmacie-progres-cannes.fr\/pharmacie\/"},{"@type":"ListItem","position":3,"name":"Nutrigo Lab Burner"}]},{"@type":"WebSite","@id":"https:\/\/pharmacie-progres-cannes.fr\/pharmacie\/#website","url":"https:\/\/pharmacie-progres-cannes.fr\/pharmacie\/","name":"Pharmacie-Progres-Pannes","description":"","potentialAction":[{"@type":"SearchAction","target":{"@type":"EntryPoint","urlTemplate":"https:\/\/pharmacie-progres-cannes.fr\/pharmacie\/?s={search_term_string}"},"query-input":{"@type":"PropertyValueSpecification","valueRequired":true,"valueName":"search_term_string"}}],"inLanguage":"fr-FR"}]}},"_links":{"self":[{"href":"https:\/\/pharmacie-progres-cannes.fr\/pharmacie\/wp-json\/wp\/v2\/product\/4564","targetHints":{"allow":["GET"]}}],"collection":[{"href":"https:\/\/pharmacie-progres-cannes.fr\/pharmacie\/wp-json\/wp\/v2\/product"}],"about":[{"href":"https:\/\/pharmacie-progres-cannes.fr\/pharmacie\/wp-json\/wp\/v2\/types\/product"}],"replies":[{"embeddable":true,"href":"https:\/\/pharmacie-progres-cannes.fr\/pharmacie\/wp-json\/wp\/v2\/comments?post=4564"}],"wp:featuredmedia":[{"embeddable":true,"href":"https:\/\/pharmacie-progres-cannes.fr\/pharmacie\/wp-json\/wp\/v2\/media\/4571"}],"wp:attachment":[{"href":"https:\/\/pharmacie-progres-cannes.fr\/pharmacie\/wp-json\/wp\/v2\/media?parent=4564"}],"wp:term":[{"taxonomy":"product_brand","embeddable":true,"href":"https:\/\/pharmacie-progres-cannes.fr\/pharmacie\/wp-json\/wp\/v2\/product_brand?post=4564"},{"taxonomy":"product_cat","embeddable":true,"href":"https:\/\/pharmacie-progres-cannes.fr\/pharmacie\/wp-json\/wp\/v2\/product_cat?post=4564"},{"taxonomy":"product_tag","embeddable":true,"href":"https:\/\/pharmacie-progres-cannes.fr\/pharmacie\/wp-json\/wp\/v2\/product_tag?post=4564"}],"curies":[{"name":"wp","href":"https:\/\/api.w.org\/{rel}","templated":true}]}}