{"id":4562,"date":"2024-10-18T19:46:26","date_gmt":"2024-10-18T19:46:26","guid":{"rendered":"https:\/\/chirurgie-orthopedie-vannes.fr\/pharmacie\/?post_type=product&#038;p=4562"},"modified":"2025-03-07T11:15:20","modified_gmt":"2025-03-07T11:15:20","slug":"matcha-extreme","status":"publish","type":"product","link":"https:\/\/pharmacie-progres-cannes.fr\/pharmacie\/supp\/matcha-extreme\/","title":{"rendered":"Matcha Extreme"},"content":{"rendered":"\n<h2 class=\"wp-block-heading\">Qu&rsquo;est-ce que le Matcha Extreme et comment fonctionne-t-il ?<\/h2>\n\n\n\n<p><b>Matcha Extreme<\/b> est un <em>compl\u00e9ment alimentaire<\/em> destin\u00e9 aux personnes souhaitant favoriser la perte de poids. Son <em>action<\/em> repose sur les propri\u00e9t\u00e9s naturelles du th\u00e9 vert en poudre, connu pour ses nombreux <b>bienfaits pour<\/b> la sant\u00e9. Gr\u00e2ce \u00e0 des principes actifs tels que l&rsquo;EGCG, Matcha Extreme contribue \u00e0 acc\u00e9l\u00e9rer le m\u00e9tabolisme et \u00e0 br\u00fbler les graisses.<\/p>\n\n\n\n<p>Outre ses propri\u00e9t\u00e9s amaigrissantes, le Matcha Extreme <b>contribue<\/b> \u00e9galement \u00e0 la d\u00e9toxification de l&rsquo;organisme et \u00e0 la r\u00e9duction de l&rsquo;app\u00e9tit. La consommation r\u00e9guli\u00e8re de ce <em>compl\u00e9ment alimentaire<\/em> peut donc contribuer au maintien d&rsquo;un poids sain et \u00e0 l&rsquo;am\u00e9lioration du bien-\u00eatre g\u00e9n\u00e9ral. Gr\u00e2ce \u00e0 sa teneur en nutriments importants, Matcha Extreme apporte un soutien \u00e0 ceux qui aspirent \u00e0 un mode de vie \u00e9quilibr\u00e9 et \u00e0 une alimentation saine.<\/p>\n\n\n\n<h2 class=\"wp-block-heading\">Les bienfaits du Matcha Extreme &#8211; Effets<\/h2>\n\n\n\n<p>L<b>&lsquo;utilisation de<\/b> Matcha Extreme pr\u00e9sente de nombreux <em>avantages<\/em> pour les personnes souhaitant <em>perdre du poids<\/em>. Ce compl\u00e9ment, qui contient de la poudre de th\u00e9 vert matcha, agit en augmentant le m\u00e9tabolisme, ce qui permet de br\u00fbler plus efficacement les graisses. Riche en cat\u00e9chines, notamment en EGCG, il favorise la thermogen\u00e8se et donc la perte de poids.<\/p>\n\n\n\n<p>Les <b>effets du<\/b> Matcha Extreme ne sont pas seulement ressentis par les personnes souhaitant perdre du poids. Nombreux sont ceux qui font \u00e9tat d&rsquo;<em>un regain d&rsquo;\u00e9nergie<\/em>, ce qui leur permet de mener un mode de vie actif. Les <b>utilisateurs<\/b> constatent \u00e9galement un meilleur contr\u00f4le de l&rsquo;app\u00e9tit. L&rsquo;extrait de figue de Barbarie, pr\u00e9sent dans la formule, a un effet diur\u00e9tique, qui contribue \u00e0 \u00e9liminer efficacement l&rsquo;eau exc\u00e9dentaire de l&rsquo;organisme et \u00e0 r\u00e9duire le volume corporel.<\/p>\n\n\n\n<p>L&rsquo;apport de Matcha Extreme dans l&rsquo;alimentation peut contribuer \u00e0 une am\u00e9lioration g\u00e9n\u00e9rale du bien-\u00eatre gr\u00e2ce \u00e0 ses effets d\u00e9toxifiants. Une <b>utilisation<\/b> r\u00e9guli\u00e8re peut avoir des effets positifs \u00e0 long terme. Il convient de noter que ce produit b\u00e9n\u00e9ficie d&rsquo;un excellent retour d&rsquo;exp\u00e9rience de la part des utilisateurs, qui reconnaissent son efficacit\u00e9 et ses effets b\u00e9n\u00e9fiques sur la sant\u00e9 et la forme.<\/p>\n\n\n\n<h2 class=\"wp-block-heading\">Comment utiliser Matcha Extreme &#8211; Mode d&#8217;emploi et posologie<\/h2>\n\n\n\n<p>L&rsquo;utilisation de Matcha Extreme est essentielle pour obtenir les meilleurs r\u00e9sultats. Le fabricant recommande de prendre une capsule du compl\u00e9ment alimentaire par jour. Le meilleur moment pour le faire est le matin, et il est conseill\u00e9 d&rsquo;avaler la capsule avec un verre d&rsquo;eau. Ce mode de dosage favorise une prise r\u00e9guli\u00e8re, ce qui est important pour maintenir un niveau constant de principes actifs dans l&rsquo;organisme.<\/p>\n\n\n\n<p>Pour ceux qui souhaitent intensifier les <b>effets du<\/b> Matcha Extreme, il est n\u00e9cessaire non seulement de respecter la posologie recommand\u00e9e, mais aussi de veiller \u00e0 une alimentation saine et de pratiquer une activit\u00e9 physique. Une bonne alimentation et une activit\u00e9 physique r\u00e9guli\u00e8re influencent positivement l&rsquo;efficacit\u00e9 du compl\u00e9ment alimentaire, ce qui contribue \u00e0 de meilleurs r\u00e9sultats en mati\u00e8re de perte de poids.<\/p>\n\n\n\n<p>Il est \u00e9galement conseill\u00e9 de consulter un m\u00e9decin avant de commencer \u00e0 prendre un suppl\u00e9ment, en particulier pour les personnes qui prennent d\u00e9j\u00e0 d&rsquo;autres m\u00e9dicaments ou compl\u00e9ments alimentaires. Cette d\u00e9marche permet d&rsquo;\u00e9viter les interactions potentielles et de garantir la s\u00e9curit\u00e9 du produit.<\/p>\n\n\n\n<h2 class=\"wp-block-heading\">Matcha Extreme &#8211; Avis des utilisateurs, forum &#8211; Que disent les utilisateurs ?<\/h2>\n\n\n\n<p>Les <b>commentaires des<\/b> utilisateurs sur Matcha Extreme sont mitig\u00e9s, comme en t\u00e9moignent les nombreux fils de discussion sur le <b>forum<\/b> sant\u00e9. Certains <b>utilisateurs<\/b> notent des <b>r\u00e9sultats<\/b> rapides, tels qu&rsquo;une augmentation de l&rsquo;\u00e9nergie et une perte de poids. Kasia, une utilisatrice, mentionne que l&rsquo;application du compl\u00e9ment l&rsquo;a aid\u00e9e \u00e0 perdre 5 kg en un mois et a \u00e9galement am\u00e9lior\u00e9 son bien-\u00eatre dans sa vie quotidienne.<\/p>\n\n\n\n<p>Marek a remarqu\u00e9 que Matcha Extreme \u00e9tait efficace pour r\u00e9duire son app\u00e9tit, ce qui a contribu\u00e9 \u00e0 faciliter la perte de poids. Les <b>r\u00e9actions<\/b> positives <b>des<\/b> utilisateurs montrent que les corps r\u00e9agissent diff\u00e9remment aux compl\u00e9ments alimentaires. Anita, qui utilise fr\u00e9quemment le <b>forum<\/b>, souligne que la d\u00e9sintoxication de son corps apr\u00e8s l&rsquo;utilisation de Matcha Extreme a eu un effet positif sur son bien-\u00eatre.<\/p>\n\n\n\n<p>Ces <b>effets<\/b> vari\u00e9s sont le reflet des exp\u00e9riences individuelles des utilisateurs, ce qui ne manque pas d&rsquo;attirer l&rsquo;attention des acheteurs potentiels. Les recommandations sur le <b>forum<\/b> peuvent aider d&rsquo;autres personnes \u00e0 d\u00e9cider si le Matcha Extreme est le <b>compl\u00e9ment alimentaire<\/b> qui leur convient.<\/p>\n\n\n\n<h2 class=\"wp-block-heading\">Composition du Matcha Extreme &#8211; Que contient-il ?<\/h2>\n\n\n\n<p>Matcha Extreme est un <b>compl\u00e9ment alimentaire<\/b> qui se distingue par sa composition soigneusement s\u00e9lectionn\u00e9e \u00e0 base d&rsquo;ingr\u00e9dients naturels. L&rsquo;\u00e9l\u00e9ment principal de cette formule est le th\u00e9 vert matcha, riche en antioxydants. Le matcha a la capacit\u00e9 d&rsquo;acc\u00e9l\u00e9rer le processus de combustion des graisses et peut favoriser la d\u00e9sintoxication de l&rsquo;organisme.<\/p>\n\n\n\n<p>Outre le matcha, la <b>formule<\/b> du compl\u00e9ment comprend plusieurs autres ingr\u00e9dients qui favorisent la perte de poids. Le guarana, ajout\u00e9 \u00e0 la formule, agit comme un stimulant et peut am\u00e9liorer les niveaux d&rsquo;\u00e9nergie, ce qui est important en cas d&rsquo;exercice physique intensif. Le caf\u00e9 vert, quant \u00e0 lui, favorise le processus de r\u00e9duction des graisses, ce qui peut encore renforcer la silhouette.<\/p>\n\n\n\n<figure class=\"wp-block-table\"><table class=\"has-fixed-layout\"><tbody><tr><th>Composant<\/th><th>Action<\/th><\/tr><tr><td>Matcha<\/td><td>Acc\u00e9l\u00e8re la combustion des graisses, riche en antioxydants<\/td><\/tr><tr><td>Guarana<\/td><td>Stimule, augmente le niveau d&rsquo;\u00e9nergie<\/td><\/tr><tr><td>Caf\u00e9 vert<\/td><td>Favorise la r\u00e9duction des graisses<\/td><\/tr><tr><td>Vitamines et min\u00e9raux<\/td><td>Renforcer l&rsquo;\u00e9tat de sant\u00e9 g\u00e9n\u00e9ral<\/td><\/tr><\/tbody><\/table><\/figure>\n\n\n\n<p><b>Les ingr\u00e9dients naturels<\/b> contenus dans Matcha Extreme favorisent non seulement la perte de poids, mais aussi le bien-\u00eatre et un mode de vie actif. Lisez toujours la formulation exacte d&rsquo;un produit avant de commencer la suppl\u00e9mentation afin de vous assurer qu&rsquo;il est adapt\u00e9 \u00e0 vos besoins de sant\u00e9 individuels.<\/p>\n\n\n\n<h2 class=\"wp-block-heading\">Prix du Matcha Extreme &#8211; O\u00f9 acheter ?<\/h2>\n\n\n\n<p>Matcha Extreme est un compl\u00e9ment qui ne peut \u00eatre achet\u00e9 que sur le site officiel du fabricant. <b>Le prix de ce<\/b> produit est variable et d\u00e9pend des promotions en cours et des formules disponibles. Une consultation r\u00e9guli\u00e8re du site du fabricant permet de se tenir au courant des derni\u00e8res offres et r\u00e9ductions, ce qui peut r\u00e9duire de mani\u00e8re significative le co\u00fbt total de l&rsquo;achat. Il convient de rappeler que le compl\u00e9ment n&rsquo;est pas disponible en pharmacie ni sur les plateformes de vente, ce qui fait de l&rsquo;achat en ligne la seule option possible.<\/p>\n\n\n\n<p>Le Matcha Extreme est propos\u00e9 sous forme de forfaits pour r\u00e9pondre aux besoins des clients les plus divers, le choix du forfait s&rsquo;av\u00e9rant souvent plus avantageux financi\u00e8rement. Les personnes int\u00e9ress\u00e9es peuvent ainsi choisir l&rsquo;option qui correspond le mieux \u00e0 leurs besoins. Investir dans ce compl\u00e9ment est un pas vers une meilleure sant\u00e9, et son utilisation r\u00e9guli\u00e8re peut apporter de nombreux <b>avantages<\/b>, notamment une am\u00e9lioration du m\u00e9tabolisme et une augmentation de l&rsquo;\u00e9nergie.<\/p>\n\n\n\n<h2 class=\"wp-block-heading\">Effets secondaires potentiels et contre-indications du Matcha Extreme<\/h2>\n\n\n\n<p>Avant de prendre le compl\u00e9ment alimentaire Matcha Extreme, il est important de demander l&rsquo;avis d&rsquo;un m\u00e9decin, en particulier si vous avez des probl\u00e8mes de sant\u00e9 ou si vous prenez d&rsquo;autres m\u00e9dicaments. Des <b>effets secondaires<\/b> potentiels tels que des maux de t\u00eate, des naus\u00e9es ou des probl\u00e8mes gastro-intestinaux peuvent survenir chez certaines personnes. Il est donc conseill\u00e9 de surveiller les r\u00e9actions de votre corps lors de l&rsquo;utilisation de ce produit.<\/p>\n\n\n\n<p>Les personnes allergiques aux ingr\u00e9dients contenus dans le Matcha Extreme, ainsi que les femmes enceintes et celles qui allaitent, devraient \u00e9viter de l&rsquo;utiliser. Les personnes souffrant de maladies cardiaques, d&rsquo;hypertension, d&rsquo;hyperthyro\u00efdie et d&rsquo;autres probl\u00e8mes de sant\u00e9 graves sont \u00e9galement <b>contre-indiqu\u00e9es<\/b>. L&rsquo;utilisation du compl\u00e9ment doit toujours \u00eatre pr\u00e9c\u00e9d\u00e9e d&rsquo;une consultation avec un m\u00e9decin afin d&rsquo;\u00e9viter des effets ind\u00e9sirables sur la sant\u00e9.<\/p>\n\n\n\n<p>En cas de sympt\u00f4mes inqui\u00e9tants, il est conseill\u00e9 d&rsquo;arr\u00eater imm\u00e9diatement la prise de Matcha Extreme et de demander l&rsquo;avis d&rsquo;un professionnel. Une approche responsable de la suppl\u00e9mentation vous permettra de profiter des possibilit\u00e9s offertes par ce <b>compl\u00e9ment alimentaire<\/b> non seulement de mani\u00e8re efficace, mais aussi en toute s\u00e9curit\u00e9.<\/p>\n","protected":false},"excerpt":{"rendered":"<p><strong>[date_countdown]<\/strong><\/p>\n<p><img decoding=\"async\" class=\"alignnone  wp-image-8427\" src=\"https:\/\/pharmacie-progres-cannes.fr\/pharmacie\/wp-content\/uploads\/2024\/10\/SAFE-PAY-300x88-1.png\" alt=\"SAFE-PAY-300x88\" width=\"164\" height=\"48\" \/><\/p>\n","protected":false},"featured_media":4375,"comment_status":"open","ping_status":"closed","template":"","meta":{"neve_meta_sidebar":"","neve_meta_container":"","neve_meta_enable_content_width":"","neve_meta_content_width":0,"neve_meta_title_alignment":"","neve_meta_author_avatar":"","neve_post_elements_order":"","neve_meta_disable_header":"","neve_meta_disable_footer":"","neve_meta_disable_title":"","neve_meta_reading_time":""},"product_brand":[],"product_cat":[15],"product_tag":[],"class_list":{"0":"post-4562","1":"product","2":"type-product","3":"status-publish","4":"has-post-thumbnail","6":"product_cat-perte-de-poids","8":"first","9":"instock","10":"sale","11":"shipping-taxable","12":"product-type-external"},"yoast_head":"<!-- This site is optimized with the Yoast SEO plugin v27.4 - https:\/\/yoast.com\/product\/yoast-seo-wordpress\/ -->\n<title>Matcha Extreme - Avis, Forum, Pharmacie, Effets, Prix -50% | Pharmacie-Progres-Pannes<\/title>\n<meta name=\"robots\" content=\"index, follow, max-snippet:-1, max-image-preview:large, max-video-preview:-1\" \/>\n<link rel=\"canonical\" href=\"https:\/\/pharmacie-progres-cannes.fr\/pharmacie\/supp\/matcha-extreme\/\" \/>\n<meta property=\"og:locale\" content=\"fr_FR\" \/>\n<meta property=\"og:type\" content=\"article\" \/>\n<meta property=\"og:title\" content=\"Matcha Extreme - Avis, Forum, Pharmacie, Effets, Prix -50% | Pharmacie-Progres-Pannes\" \/>\n<meta property=\"og:url\" content=\"https:\/\/pharmacie-progres-cannes.fr\/pharmacie\/supp\/matcha-extreme\/\" \/>\n<meta property=\"og:site_name\" content=\"Pharmacie-Progres-Pannes\" \/>\n<meta property=\"article:modified_time\" content=\"2025-03-07T11:15:20+00:00\" \/>\n<meta property=\"og:image\" content=\"https:\/\/pharmacie-progres-cannes.fr\/pharmacie\/wp-content\/uploads\/2024\/10\/Matcha-Extreme.jpg\" \/>\n\t<meta property=\"og:image:width\" content=\"768\" \/>\n\t<meta property=\"og:image:height\" content=\"768\" \/>\n\t<meta property=\"og:image:type\" content=\"image\/jpeg\" \/>\n<meta name=\"twitter:card\" content=\"summary_large_image\" \/>\n<meta name=\"twitter:description\" content=\"[date_countdown]\" \/>\n<meta name=\"twitter:label1\" content=\"Dur\u00e9e de lecture estim\u00e9e\" \/>\n\t<meta name=\"twitter:data1\" content=\"1 minute\" \/>\n<script type=\"application\/ld+json\" class=\"yoast-schema-graph\">{\"@context\":\"https:\\\/\\\/schema.org\",\"@graph\":[{\"@type\":\"WebPage\",\"@id\":\"https:\\\/\\\/pharmacie-progres-cannes.fr\\\/pharmacie\\\/supp\\\/matcha-extreme\\\/\",\"url\":\"https:\\\/\\\/pharmacie-progres-cannes.fr\\\/pharmacie\\\/supp\\\/matcha-extreme\\\/\",\"name\":\"Matcha Extreme - Avis, Forum, Pharmacie, Effets, Prix -50% | Pharmacie-Progres-Pannes\",\"isPartOf\":{\"@id\":\"https:\\\/\\\/pharmacie-progres-cannes.fr\\\/pharmacie\\\/#website\"},\"primaryImageOfPage\":{\"@id\":\"https:\\\/\\\/pharmacie-progres-cannes.fr\\\/pharmacie\\\/supp\\\/matcha-extreme\\\/#primaryimage\"},\"image\":{\"@id\":\"https:\\\/\\\/pharmacie-progres-cannes.fr\\\/pharmacie\\\/supp\\\/matcha-extreme\\\/#primaryimage\"},\"thumbnailUrl\":\"https:\\\/\\\/pharmacie-progres-cannes.fr\\\/pharmacie\\\/wp-content\\\/uploads\\\/2024\\\/10\\\/Matcha-Extreme.jpg\",\"datePublished\":\"2024-10-18T19:46:26+00:00\",\"dateModified\":\"2025-03-07T11:15:20+00:00\",\"breadcrumb\":{\"@id\":\"https:\\\/\\\/pharmacie-progres-cannes.fr\\\/pharmacie\\\/supp\\\/matcha-extreme\\\/#breadcrumb\"},\"inLanguage\":\"fr-FR\",\"potentialAction\":[{\"@type\":\"ReadAction\",\"target\":[\"https:\\\/\\\/pharmacie-progres-cannes.fr\\\/pharmacie\\\/supp\\\/matcha-extreme\\\/\"]}]},{\"@type\":\"ImageObject\",\"inLanguage\":\"fr-FR\",\"@id\":\"https:\\\/\\\/pharmacie-progres-cannes.fr\\\/pharmacie\\\/supp\\\/matcha-extreme\\\/#primaryimage\",\"url\":\"https:\\\/\\\/pharmacie-progres-cannes.fr\\\/pharmacie\\\/wp-content\\\/uploads\\\/2024\\\/10\\\/Matcha-Extreme.jpg\",\"contentUrl\":\"https:\\\/\\\/pharmacie-progres-cannes.fr\\\/pharmacie\\\/wp-content\\\/uploads\\\/2024\\\/10\\\/Matcha-Extreme.jpg\",\"width\":768,\"height\":768},{\"@type\":\"BreadcrumbList\",\"@id\":\"https:\\\/\\\/pharmacie-progres-cannes.fr\\\/pharmacie\\\/supp\\\/matcha-extreme\\\/#breadcrumb\",\"itemListElement\":[{\"@type\":\"ListItem\",\"position\":1,\"name\":\"Strona g\u0142\u00f3wna\",\"item\":\"https:\\\/\\\/pharmacie-progres-cannes.fr\\\/pharmacie\\\/\"},{\"@type\":\"ListItem\",\"position\":2,\"name\":\"farmaci\",\"item\":\"https:\\\/\\\/pharmacie-progres-cannes.fr\\\/pharmacie\\\/\"},{\"@type\":\"ListItem\",\"position\":3,\"name\":\"Matcha Extreme\"}]},{\"@type\":\"WebSite\",\"@id\":\"https:\\\/\\\/pharmacie-progres-cannes.fr\\\/pharmacie\\\/#website\",\"url\":\"https:\\\/\\\/pharmacie-progres-cannes.fr\\\/pharmacie\\\/\",\"name\":\"Pharmacie-Progres-Pannes\",\"description\":\"\",\"potentialAction\":[{\"@type\":\"SearchAction\",\"target\":{\"@type\":\"EntryPoint\",\"urlTemplate\":\"https:\\\/\\\/pharmacie-progres-cannes.fr\\\/pharmacie\\\/?s={search_term_string}\"},\"query-input\":{\"@type\":\"PropertyValueSpecification\",\"valueRequired\":true,\"valueName\":\"search_term_string\"}}],\"inLanguage\":\"fr-FR\"}]}<\/script>\n<!-- \/ Yoast SEO plugin. -->","yoast_head_json":{"title":"Matcha Extreme - Avis, Forum, Pharmacie, Effets, Prix -50% | Pharmacie-Progres-Pannes","robots":{"index":"index","follow":"follow","max-snippet":"max-snippet:-1","max-image-preview":"max-image-preview:large","max-video-preview":"max-video-preview:-1"},"canonical":"https:\/\/pharmacie-progres-cannes.fr\/pharmacie\/supp\/matcha-extreme\/","og_locale":"fr_FR","og_type":"article","og_title":"Matcha Extreme - Avis, Forum, Pharmacie, Effets, Prix -50% | Pharmacie-Progres-Pannes","og_url":"https:\/\/pharmacie-progres-cannes.fr\/pharmacie\/supp\/matcha-extreme\/","og_site_name":"Pharmacie-Progres-Pannes","article_modified_time":"2025-03-07T11:15:20+00:00","og_image":[{"width":768,"height":768,"url":"https:\/\/pharmacie-progres-cannes.fr\/pharmacie\/wp-content\/uploads\/2024\/10\/Matcha-Extreme.jpg","type":"image\/jpeg"}],"twitter_card":"summary_large_image","twitter_description":"[date_countdown]","twitter_misc":{"Dur\u00e9e de lecture estim\u00e9e":"1 minute"},"schema":{"@context":"https:\/\/schema.org","@graph":[{"@type":"WebPage","@id":"https:\/\/pharmacie-progres-cannes.fr\/pharmacie\/supp\/matcha-extreme\/","url":"https:\/\/pharmacie-progres-cannes.fr\/pharmacie\/supp\/matcha-extreme\/","name":"Matcha Extreme - Avis, Forum, Pharmacie, Effets, Prix -50% | Pharmacie-Progres-Pannes","isPartOf":{"@id":"https:\/\/pharmacie-progres-cannes.fr\/pharmacie\/#website"},"primaryImageOfPage":{"@id":"https:\/\/pharmacie-progres-cannes.fr\/pharmacie\/supp\/matcha-extreme\/#primaryimage"},"image":{"@id":"https:\/\/pharmacie-progres-cannes.fr\/pharmacie\/supp\/matcha-extreme\/#primaryimage"},"thumbnailUrl":"https:\/\/pharmacie-progres-cannes.fr\/pharmacie\/wp-content\/uploads\/2024\/10\/Matcha-Extreme.jpg","datePublished":"2024-10-18T19:46:26+00:00","dateModified":"2025-03-07T11:15:20+00:00","breadcrumb":{"@id":"https:\/\/pharmacie-progres-cannes.fr\/pharmacie\/supp\/matcha-extreme\/#breadcrumb"},"inLanguage":"fr-FR","potentialAction":[{"@type":"ReadAction","target":["https:\/\/pharmacie-progres-cannes.fr\/pharmacie\/supp\/matcha-extreme\/"]}]},{"@type":"ImageObject","inLanguage":"fr-FR","@id":"https:\/\/pharmacie-progres-cannes.fr\/pharmacie\/supp\/matcha-extreme\/#primaryimage","url":"https:\/\/pharmacie-progres-cannes.fr\/pharmacie\/wp-content\/uploads\/2024\/10\/Matcha-Extreme.jpg","contentUrl":"https:\/\/pharmacie-progres-cannes.fr\/pharmacie\/wp-content\/uploads\/2024\/10\/Matcha-Extreme.jpg","width":768,"height":768},{"@type":"BreadcrumbList","@id":"https:\/\/pharmacie-progres-cannes.fr\/pharmacie\/supp\/matcha-extreme\/#breadcrumb","itemListElement":[{"@type":"ListItem","position":1,"name":"Strona g\u0142\u00f3wna","item":"https:\/\/pharmacie-progres-cannes.fr\/pharmacie\/"},{"@type":"ListItem","position":2,"name":"farmaci","item":"https:\/\/pharmacie-progres-cannes.fr\/pharmacie\/"},{"@type":"ListItem","position":3,"name":"Matcha Extreme"}]},{"@type":"WebSite","@id":"https:\/\/pharmacie-progres-cannes.fr\/pharmacie\/#website","url":"https:\/\/pharmacie-progres-cannes.fr\/pharmacie\/","name":"Pharmacie-Progres-Pannes","description":"","potentialAction":[{"@type":"SearchAction","target":{"@type":"EntryPoint","urlTemplate":"https:\/\/pharmacie-progres-cannes.fr\/pharmacie\/?s={search_term_string}"},"query-input":{"@type":"PropertyValueSpecification","valueRequired":true,"valueName":"search_term_string"}}],"inLanguage":"fr-FR"}]}},"_links":{"self":[{"href":"https:\/\/pharmacie-progres-cannes.fr\/pharmacie\/wp-json\/wp\/v2\/product\/4562","targetHints":{"allow":["GET"]}}],"collection":[{"href":"https:\/\/pharmacie-progres-cannes.fr\/pharmacie\/wp-json\/wp\/v2\/product"}],"about":[{"href":"https:\/\/pharmacie-progres-cannes.fr\/pharmacie\/wp-json\/wp\/v2\/types\/product"}],"replies":[{"embeddable":true,"href":"https:\/\/pharmacie-progres-cannes.fr\/pharmacie\/wp-json\/wp\/v2\/comments?post=4562"}],"wp:featuredmedia":[{"embeddable":true,"href":"https:\/\/pharmacie-progres-cannes.fr\/pharmacie\/wp-json\/wp\/v2\/media\/4375"}],"wp:attachment":[{"href":"https:\/\/pharmacie-progres-cannes.fr\/pharmacie\/wp-json\/wp\/v2\/media?parent=4562"}],"wp:term":[{"taxonomy":"product_brand","embeddable":true,"href":"https:\/\/pharmacie-progres-cannes.fr\/pharmacie\/wp-json\/wp\/v2\/product_brand?post=4562"},{"taxonomy":"product_cat","embeddable":true,"href":"https:\/\/pharmacie-progres-cannes.fr\/pharmacie\/wp-json\/wp\/v2\/product_cat?post=4562"},{"taxonomy":"product_tag","embeddable":true,"href":"https:\/\/pharmacie-progres-cannes.fr\/pharmacie\/wp-json\/wp\/v2\/product_tag?post=4562"}],"curies":[{"name":"wp","href":"https:\/\/api.w.org\/{rel}","templated":true}]}}