{"id":4561,"date":"2024-10-18T19:46:26","date_gmt":"2024-10-18T19:46:26","guid":{"rendered":"https:\/\/chirurgie-orthopedie-vannes.fr\/pharmacie\/?post_type=product&#038;p=4561"},"modified":"2025-03-09T12:01:59","modified_gmt":"2025-03-09T12:01:59","slug":"mass-extreme","status":"publish","type":"product","link":"https:\/\/pharmacie-progres-cannes.fr\/pharmacie\/supp\/mass-extreme\/","title":{"rendered":"Mass Extreme"},"content":{"rendered":"\n<h2 class=\"wp-block-heading\">Qu&rsquo;est-ce que Mass Extreme et comment fonctionne-t-il ?<\/h2>\n\n\n\n<p>Mass Extreme est un <b>compl\u00e9ment alimentaire<\/b> innovant qui favorise la construction musculaire et acc\u00e9l\u00e8re les processus anaboliques dans l&rsquo;organisme. Son <b>action<\/b> repose sur l&rsquo;augmentation de la production de testost\u00e9rone, ce qui favorise une croissance efficace de la masse musculaire. Gr\u00e2ce \u00e0 une formule unique contenant des <b>ingr\u00e9dients<\/b> tels que l&rsquo;extrait de fenugrec et l&rsquo;acide D-aspartique, ce <b>compl\u00e9ment<\/b> contribue au d\u00e9veloppement intensif du tissu musculaire en peu de temps.<\/p>\n\n\n\n<p>L&rsquo;<b>utilisation<\/b> r\u00e9guli\u00e8re de Mass Extreme entra\u00eene des <b>effets<\/b> positifs sous la forme d&rsquo;une augmentation de l&rsquo;endurance et d&rsquo;une meilleure r\u00e9cup\u00e9ration apr\u00e8s l&rsquo;exercice. <b>Les utilisateurs<\/b> soulignent souvent que <b>le compl\u00e9ment<\/b> ne favorise pas seulement la construction musculaire, mais qu&rsquo;il r\u00e9duit \u00e9galement la graisse corporelle, ce qui am\u00e9liore la d\u00e9finition du corps.<\/p>\n\n\n\n<ul class=\"wp-block-list\">\n<li><em>Augmentation rapide de la masse musculaire<\/em> en quelques semaines d&rsquo;utilisation.<\/li>\n\n\n\n<li>Augmentation de l&rsquo;endurance pendant l&rsquo;entra\u00eenement.<\/li>\n\n\n\n<li>Des ingr\u00e9dients de haute qualit\u00e9, avec un risque minimal d&rsquo;effets secondaires.<\/li>\n\n\n\n<li>Am\u00e9liorer la r\u00e9cup\u00e9ration musculaire apr\u00e8s un exercice intense.<\/li>\n<\/ul>\n\n\n\n<p>La disponibilit\u00e9 de Mass Extreme dans les magasins et les pharmacies en ligne souligne sa popularit\u00e9 parmi les culturistes et les personnes physiquement actives. Il est essentiel de demander l&rsquo;avis d&rsquo;un expert et de v\u00e9rifier la cr\u00e9dibilit\u00e9 du d\u00e9taillant avant d&rsquo;acheter le suppl\u00e9ment pour s&rsquo;assurer de son efficacit\u00e9 et de sa <b>s\u00e9curit\u00e9<\/b>. Le <b>suppl\u00e9ment<\/b> est de plus en plus reconnu pour ses <b>effets<\/b>, devenant le choix pr\u00e9f\u00e9r\u00e9 de ceux qui souhaitent obtenir de meilleurs r\u00e9sultats \u00e0 l&rsquo;entra\u00eenement.<\/p>\n\n\n\n<h2 class=\"wp-block-heading\">Effets de masse extr\u00eames<\/h2>\n\n\n\n<p>L<b>&lsquo;utilisation de<\/b> Mass Extreme peut avoir un certain nombre d&rsquo;effets positifs qui contribuent \u00e0 une construction musculaire efficace. <b>Les utilisateurs<\/b> rapportent souvent des augmentations significatives de la force, ce qui rend les s\u00e9ances d&rsquo;entra\u00eenement plus intenses. L&rsquo;augmentation de la force de 147 % et la possibilit\u00e9 d&rsquo;effectuer des exercices 30 % plus intenses font partie des principaux avantages de la suppl\u00e9mentation.<\/p>\n\n\n\n<p>Les r\u00e9sultats de l&rsquo;utilisation de Mass Extreme montrent que l&rsquo;augmentation possible du tissu musculaire peut atteindre 2,5 kg en 3 mois. Les utilisateurs du suppl\u00e9ment constatent souvent une r\u00e9cup\u00e9ration acc\u00e9l\u00e9r\u00e9e apr\u00e8s l&rsquo;entra\u00eenement et une diminution de la fatigue musculaire. Ces effets sont visibles apr\u00e8s 1 \u00e0 3 mois d&rsquo;utilisation r\u00e9guli\u00e8re, ce qui fait de ce compl\u00e9ment un outil extr\u00eamement efficace dans le processus de prise de masse.<\/p>\n\n\n\n<p>Il convient \u00e9galement de noter quelques points importants concernant l&rsquo;utilisation de Mass Extreme :<\/p>\n\n\n\n<ul class=\"wp-block-list\">\n<li>La dur\u00e9e minimale d&rsquo;application pour des r\u00e9sultats optimaux est de 3 mois.<\/li>\n\n\n\n<li>La dose recommand\u00e9e est de 2 g\u00e9lules deux fois par jour pour garantir des r\u00e9sultats constants.<\/li>\n\n\n\n<li>La quantit\u00e9 d&rsquo;eau \u00e0 boire par jour est d&rsquo;au moins 2 litres.<\/li>\n\n\n\n<li>Le risque d&rsquo;effets ind\u00e9sirables est n\u00e9gligeable, ce qui constitue une <b>s\u00e9curit\u00e9<\/b> suppl\u00e9mentaire.<\/li>\n<\/ul>\n\n\n\n<p>Mass Extreme, qui est un suppl\u00e9ment \u00e0 base d&rsquo;ingr\u00e9dients naturels, est tr\u00e8s populaire parmi ceux qui souhaitent augmenter les effets de leurs s\u00e9ances d&rsquo;entra\u00eenement. Une garantie de satisfaction de 90 jours et la possibilit\u00e9 de le retourner augmentent encore l&rsquo;attrait de ce produit dans le contexte de la suppl\u00e9mentation pour <b>la prise de poids<\/b>.<\/p>\n\n\n\n<figure class=\"wp-block-table\"><table class=\"has-fixed-layout\"><tbody><tr><th>Effet<\/th><th>Description<\/th><\/tr><tr><td>Augmentation de la force<\/td><td>Jusqu&rsquo;\u00e0 147 % en cas d&rsquo;utilisation r\u00e9guli\u00e8re<\/td><\/tr><tr><td>Croissance du tissu musculaire<\/td><td>Jusqu&rsquo;\u00e0 2,5 kg en 3 mois<\/td><\/tr><tr><td>Intensit\u00e9 de l&rsquo;entra\u00eenement<\/td><td>30 % d&rsquo;exercices plus intenses<\/td><\/tr><tr><td>Nombre de r\u00e9p\u00e9titions<\/td><td>Augmenter jusqu&rsquo;\u00e0 4 fois par exercice<\/td><\/tr><tr><td>R\u00e9g\u00e9n\u00e9ration<\/td><td>Acc\u00e9l\u00e9ration post-entra\u00eenement<\/td><\/tr><\/tbody><\/table><\/figure>\n\n\n\n<h2 class=\"wp-block-heading\">Comment utiliser correctement Mass Extreme &#8211; Dosage<\/h2>\n\n\n\n<p>Le <b>dosage<\/b> correct de Mass Extreme joue un r\u00f4le cl\u00e9 dans l&rsquo;obtention des r\u00e9sultats souhait\u00e9s. La <b>posologie<\/b> recommand\u00e9e est de 2 g\u00e9lules par jour, \u00e0 prendre au moment des repas. L&rsquo;\u00e9laboration d&rsquo;un plan d&rsquo;utilisation du compl\u00e9ment alimentaire \u00e0 un rythme adapt\u00e9 aux normes d&rsquo;activit\u00e9 individuelles permettra d&rsquo;augmenter l&rsquo;efficacit\u00e9 de la suppl\u00e9mentation. Un paquet de Mass Extreme contient 30 portions, ce qui signifie qu&rsquo;il est suffisant pour un mois d&rsquo;utilisation r\u00e9guli\u00e8re.<\/p>\n\n\n\n<p>La r\u00e9gularit\u00e9 de la prise des g\u00e9lules est tr\u00e8s importante. Les <b>utilisateurs<\/b> remarquent souvent que les effets sont visibles apr\u00e8s une courte p\u00e9riode d&rsquo;utilisation. Ces changements positifs comprennent non seulement une augmentation de la masse musculaire, mais aussi une am\u00e9lioration de la performance physique globale. <b>Le compl\u00e9ment alimentaire<\/b> Mass Extreme est compos\u00e9 d&rsquo;ingr\u00e9dients actifs qui soutiennent les processus anaboliques, ce qui contribue au d\u00e9veloppement de la masse musculaire et \u00e0 une r\u00e9cup\u00e9ration plus rapide apr\u00e8s un exercice intensif.<\/p>\n\n\n\n<p>Il est conseill\u00e9 de consulter votre m\u00e9decin avant de commencer \u00e0 l&rsquo;utiliser, en particulier si vous avez des probl\u00e8mes de sant\u00e9 ou des allergies aux <b>ingr\u00e9dients<\/b>. Des utilisateurs ont \u00e9galement signal\u00e9 que certaines personnes pouvaient ressentir des effets secondaires tels que des maux de t\u00eate ou des probl\u00e8mes d&rsquo;estomac. Pour obtenir les meilleurs r\u00e9sultats, il est essentiel de faire preuve de prudence et de suivre les recommandations en mati\u00e8re de dosage et d&rsquo;utilisation.<\/p>\n\n\n\n<h2 class=\"wp-block-heading\">Mass Extreme &#8211; Avis des utilisateurs, forum &#8211; Que disent les utilisateurs ?<\/h2>\n\n\n\n<p>Les <b>avis des<\/b> utilisateurs de Mass Extreme apparaissent sur de nombreux forums en ligne, o\u00f9 les consommateurs partagent leurs exp\u00e9riences avec le compl\u00e9ment. L&rsquo;augmentation de la demande de compl\u00e9ments alimentaires est de plus en plus \u00e9vidente et les fabricants s&rsquo;efforcent de r\u00e9pondre aux attentes des clients. Souvent, des commentaires positifs sur Mass Extreme peuvent \u00eatre trouv\u00e9s sur les sites Web et les forums, ce qui peut influencer la d\u00e9cision d&rsquo;achat des utilisateurs potentiels.<\/p>\n\n\n\n<p>Bien que les <b>avis<\/b> positifs soient inh\u00e9rents au marketing, il vaut la peine de rechercher des avis provenant d&rsquo;un plus grand nombre de sources. Les \u00e9l\u00e9ments actifs des compl\u00e9ments tels que Mass Extreme ne sont souvent pas d\u00e9crits en d\u00e9tail en termes de quantit\u00e9. Cela peut soulever des questions quant \u00e0 l&rsquo;efficacit\u00e9 et \u00e0 l&rsquo;authenticit\u00e9 des affirmations du fabricant. Il existe des rapports selon lesquels Mass Extreme peut aider \u00e0 d\u00e9velopper une masse musculaire importante en peu de temps, mais ces affirmations n\u00e9cessitent une analyse plus approfondie.<\/p>\n\n\n\n<p>Il est int\u00e9ressant de noter que de nombreuses personnes sur les forums indiquent qu&rsquo;une <b>prise de poids<\/b> rapide est un effet de l&rsquo;utilisation de Mass Extreme. Il est important de se rappeler qu&rsquo;une augmentation de la masse corporelle ne signifie pas toujours une augmentation de la masse musculaire. Les recommandations d&rsquo;achat d&rsquo;un suppl\u00e9ment doivent \u00eatre bas\u00e9es sur des informations provenant de sources fiables et sur l&rsquo;avis d&rsquo;experts en culturisme. Il est conseill\u00e9 d&rsquo;utiliser les forums o\u00f9 les utilisateurs partagent leurs exp\u00e9riences r\u00e9elles afin de prendre une d\u00e9cision \u00e9clair\u00e9e avant d&rsquo;acheter un suppl\u00e9ment.<\/p>\n\n\n\n<h2 class=\"wp-block-heading\">Mass Extreme &#8211; Composition &#8211; Que contient-il ?<\/h2>\n\n\n\n<p>Mass Extreme est un compl\u00e9ment alimentaire con\u00e7u pour ceux qui souhaitent augmenter leur masse musculaire et am\u00e9liorer l&rsquo;efficacit\u00e9 de leur organisme. La formule contient un m\u00e9lange d&rsquo;ingr\u00e9dients soigneusement s\u00e9lectionn\u00e9s qui soutiennent les processus anaboliques. Les ingr\u00e9dients cl\u00e9s comprennent des prot\u00e9ines \u00e0 haute valeur biologique, des acides amin\u00e9s \u00e0 cha\u00eene ramifi\u00e9e BCAA, de la cr\u00e9atine, ainsi que des vitamines et des min\u00e9raux. Une <b>composition<\/b> aussi diversifi\u00e9e garantit une <b>action<\/b> efficace, contribuant \u00e0 l&rsquo;augmentation de la masse musculaire et \u00e0 une r\u00e9cup\u00e9ration plus rapide.<\/p>\n\n\n\n<figure class=\"wp-block-table\"><table class=\"has-fixed-layout\"><tbody><tr><th>Composant<\/th><th>Objectif<\/th><th>Exemples d&rsquo;avantages<\/th><\/tr><tr><td>Prot\u00e9ines<\/td><td><b>Structure musculaire<\/b><\/td><td>Augmentation de la masse musculaire<\/td><\/tr><tr><td>Acides amin\u00e9s BCAA<\/td><td>Aide \u00e0 la r\u00e9g\u00e9n\u00e9ration<\/td><td>R\u00e9duction de la fatigue, r\u00e9cup\u00e9ration plus rapide<\/td><\/tr><tr><td>Cr\u00e9atine<\/td><td>Augmentation de la force<\/td><td>Meilleure performance, plus de r\u00e9p\u00e9titions<\/td><\/tr><tr><td>Vitamines et min\u00e9raux<\/td><td>Soutien au corps<\/td><td>Bon fonctionnement<\/td><\/tr><\/tbody><\/table><\/figure>\n\n\n\n<p>L&rsquo;<b>utilisation<\/b> r\u00e9guli\u00e8re <b>de<\/b> Mass Extreme peut contribuer \u00e0 une am\u00e9lioration significative des performances athl\u00e9tiques. La <b>posologie<\/b> recommand\u00e9e est de 2 g\u00e9lules par jour, \u00e0 prendre de pr\u00e9f\u00e9rence au cours d&rsquo;un repas. Le compl\u00e9ment alimentaire Mass Extreme est destin\u00e9 aussi bien aux d\u00e9butants qu&rsquo;aux athl\u00e8tes confirm\u00e9s qui souhaitent obtenir de meilleurs r\u00e9sultats dans leur entra\u00eenement.<\/p>\n\n\n\n<h2 class=\"wp-block-heading\">Prix Mass Extreme &#8211; O\u00f9 acheter ?<\/h2>\n\n\n\n<p>Sur le site officiel du fabricant, vous trouverez des avis authentiques de clients qui ont r\u00e9ellement utilis\u00e9 Mass Extreme et partag\u00e9 leurs exp\u00e9riences. Sur d&rsquo;autres sites, vous trouverez souvent de faux avis destin\u00e9s \u00e0 vous encourager \u00e0 acheter de faux produits. En choisissant d&rsquo;acheter directement aupr\u00e8s du fabricant, vous avez acc\u00e8s \u00e0 des avis authentiques et l&rsquo;assurance que le produit fonctionne comme il le promet.<\/p>\n\n\n\n<h2 class=\"wp-block-heading\">Mass Extreme &#8211; Effets secondaires et contre-indications<\/h2>\n\n\n\n<p>L&rsquo;utilisation du compl\u00e9ment alimentaire Mass Extreme est associ\u00e9e \u00e0 certains <strong>effets secondaires<\/strong>, qui m\u00e9ritent d&rsquo;\u00eatre pris en compte avant de commencer la suppl\u00e9mentation. Parmi les probl\u00e8mes possibles figurent les maux de t\u00eate et les troubles gastriques. Les personnes sensibles \u00e0 certains ingr\u00e9dients actifs peuvent pr\u00e9senter des <strong>r\u00e9actions allergiques<\/strong>, d&rsquo;o\u00f9 la n\u00e9cessit\u00e9 de faire preuve de prudence lors de l&rsquo;utilisation de ce compl\u00e9ment.<\/p>\n\n\n\n<p>Les personnes souffrant de probl\u00e8mes de sant\u00e9, tels que des troubles r\u00e9naux ou cardiaques, ainsi que celles qui prennent d&rsquo;autres m\u00e9dicaments, doivent absolument consulter un m\u00e9decin avant d&rsquo;inclure Mass Extreme dans leur r\u00e9gime alimentaire. Ces <b>contre-indications<\/b> sont essentielles pour garantir la <strong>s\u00e9curit\u00e9<\/strong> lors de l&rsquo;utilisation de produits de <b>renforcement de la masse musculaire<\/b>.<\/p>\n\n\n\n<p>Il convient \u00e9galement de rappeler que les compl\u00e9ments alimentaires, dont Mass Extreme, ne doivent pas se substituer \u00e0 une alimentation saine et vari\u00e9e. Veiller au bon \u00e9quilibre des nutriments et \u00e0 la r\u00e9gularit\u00e9 des repas sont les principes de base qui doivent \u00eatre appliqu\u00e9s en parall\u00e8le de la suppl\u00e9mentation.<\/p>\n","protected":false},"excerpt":{"rendered":"<p><strong>[date_countdown]<\/strong><\/p>\n<p><img decoding=\"async\" class=\"alignnone  wp-image-8427\" src=\"https:\/\/pharmacie-progres-cannes.fr\/pharmacie\/wp-content\/uploads\/2024\/10\/SAFE-PAY-300x88-1.png\" alt=\"SAFE-PAY-300x88\" width=\"164\" height=\"48\" \/><\/p>\n","protected":false},"featured_media":4374,"comment_status":"open","ping_status":"closed","template":"","meta":{"neve_meta_sidebar":"","neve_meta_container":"","neve_meta_enable_content_width":"","neve_meta_content_width":0,"neve_meta_title_alignment":"","neve_meta_author_avatar":"","neve_post_elements_order":"","neve_meta_disable_header":"","neve_meta_disable_footer":"","neve_meta_disable_title":"","neve_meta_reading_time":""},"product_brand":[],"product_cat":[15],"product_tag":[],"class_list":{"0":"post-4561","1":"product","2":"type-product","3":"status-publish","4":"has-post-thumbnail","6":"product_cat-perte-de-poids","8":"first","9":"instock","10":"sale","11":"shipping-taxable","12":"product-type-external"},"yoast_head":"<!-- This site is optimized with the Yoast SEO plugin v27.4 - https:\/\/yoast.com\/product\/yoast-seo-wordpress\/ -->\n<title>Mass Extreme - Avis, Forum, Pharmacie, Effets, Prix -50% | Pharmacie-Progres-Pannes<\/title>\n<meta name=\"robots\" content=\"index, follow, max-snippet:-1, max-image-preview:large, max-video-preview:-1\" \/>\n<link rel=\"canonical\" href=\"https:\/\/pharmacie-progres-cannes.fr\/pharmacie\/supp\/mass-extreme\/\" \/>\n<meta property=\"og:locale\" content=\"fr_FR\" \/>\n<meta property=\"og:type\" content=\"article\" \/>\n<meta property=\"og:title\" content=\"Mass Extreme - Avis, Forum, Pharmacie, Effets, Prix -50% | Pharmacie-Progres-Pannes\" \/>\n<meta property=\"og:url\" content=\"https:\/\/pharmacie-progres-cannes.fr\/pharmacie\/supp\/mass-extreme\/\" \/>\n<meta property=\"og:site_name\" content=\"Pharmacie-Progres-Pannes\" \/>\n<meta property=\"article:modified_time\" content=\"2025-03-09T12:01:59+00:00\" \/>\n<meta property=\"og:image\" content=\"https:\/\/pharmacie-progres-cannes.fr\/pharmacie\/wp-content\/uploads\/2024\/10\/Mass-Extreme.jpg\" \/>\n\t<meta property=\"og:image:width\" content=\"768\" \/>\n\t<meta property=\"og:image:height\" content=\"768\" \/>\n\t<meta property=\"og:image:type\" content=\"image\/jpeg\" \/>\n<meta name=\"twitter:card\" content=\"summary_large_image\" \/>\n<meta name=\"twitter:description\" content=\"[date_countdown]\" \/>\n<meta name=\"twitter:label1\" content=\"Dur\u00e9e de lecture estim\u00e9e\" \/>\n\t<meta name=\"twitter:data1\" content=\"1 minute\" \/>\n<script type=\"application\/ld+json\" class=\"yoast-schema-graph\">{\"@context\":\"https:\\\/\\\/schema.org\",\"@graph\":[{\"@type\":\"WebPage\",\"@id\":\"https:\\\/\\\/pharmacie-progres-cannes.fr\\\/pharmacie\\\/supp\\\/mass-extreme\\\/\",\"url\":\"https:\\\/\\\/pharmacie-progres-cannes.fr\\\/pharmacie\\\/supp\\\/mass-extreme\\\/\",\"name\":\"Mass Extreme - Avis, Forum, Pharmacie, Effets, Prix -50% | Pharmacie-Progres-Pannes\",\"isPartOf\":{\"@id\":\"https:\\\/\\\/pharmacie-progres-cannes.fr\\\/pharmacie\\\/#website\"},\"primaryImageOfPage\":{\"@id\":\"https:\\\/\\\/pharmacie-progres-cannes.fr\\\/pharmacie\\\/supp\\\/mass-extreme\\\/#primaryimage\"},\"image\":{\"@id\":\"https:\\\/\\\/pharmacie-progres-cannes.fr\\\/pharmacie\\\/supp\\\/mass-extreme\\\/#primaryimage\"},\"thumbnailUrl\":\"https:\\\/\\\/pharmacie-progres-cannes.fr\\\/pharmacie\\\/wp-content\\\/uploads\\\/2024\\\/10\\\/Mass-Extreme.jpg\",\"datePublished\":\"2024-10-18T19:46:26+00:00\",\"dateModified\":\"2025-03-09T12:01:59+00:00\",\"breadcrumb\":{\"@id\":\"https:\\\/\\\/pharmacie-progres-cannes.fr\\\/pharmacie\\\/supp\\\/mass-extreme\\\/#breadcrumb\"},\"inLanguage\":\"fr-FR\",\"potentialAction\":[{\"@type\":\"ReadAction\",\"target\":[\"https:\\\/\\\/pharmacie-progres-cannes.fr\\\/pharmacie\\\/supp\\\/mass-extreme\\\/\"]}]},{\"@type\":\"ImageObject\",\"inLanguage\":\"fr-FR\",\"@id\":\"https:\\\/\\\/pharmacie-progres-cannes.fr\\\/pharmacie\\\/supp\\\/mass-extreme\\\/#primaryimage\",\"url\":\"https:\\\/\\\/pharmacie-progres-cannes.fr\\\/pharmacie\\\/wp-content\\\/uploads\\\/2024\\\/10\\\/Mass-Extreme.jpg\",\"contentUrl\":\"https:\\\/\\\/pharmacie-progres-cannes.fr\\\/pharmacie\\\/wp-content\\\/uploads\\\/2024\\\/10\\\/Mass-Extreme.jpg\",\"width\":768,\"height\":768},{\"@type\":\"BreadcrumbList\",\"@id\":\"https:\\\/\\\/pharmacie-progres-cannes.fr\\\/pharmacie\\\/supp\\\/mass-extreme\\\/#breadcrumb\",\"itemListElement\":[{\"@type\":\"ListItem\",\"position\":1,\"name\":\"Strona g\u0142\u00f3wna\",\"item\":\"https:\\\/\\\/pharmacie-progres-cannes.fr\\\/pharmacie\\\/\"},{\"@type\":\"ListItem\",\"position\":2,\"name\":\"farmaci\",\"item\":\"https:\\\/\\\/pharmacie-progres-cannes.fr\\\/pharmacie\\\/\"},{\"@type\":\"ListItem\",\"position\":3,\"name\":\"Mass Extreme\"}]},{\"@type\":\"WebSite\",\"@id\":\"https:\\\/\\\/pharmacie-progres-cannes.fr\\\/pharmacie\\\/#website\",\"url\":\"https:\\\/\\\/pharmacie-progres-cannes.fr\\\/pharmacie\\\/\",\"name\":\"Pharmacie-Progres-Pannes\",\"description\":\"\",\"potentialAction\":[{\"@type\":\"SearchAction\",\"target\":{\"@type\":\"EntryPoint\",\"urlTemplate\":\"https:\\\/\\\/pharmacie-progres-cannes.fr\\\/pharmacie\\\/?s={search_term_string}\"},\"query-input\":{\"@type\":\"PropertyValueSpecification\",\"valueRequired\":true,\"valueName\":\"search_term_string\"}}],\"inLanguage\":\"fr-FR\"}]}<\/script>\n<!-- \/ Yoast SEO plugin. -->","yoast_head_json":{"title":"Mass Extreme - Avis, Forum, Pharmacie, Effets, Prix -50% | Pharmacie-Progres-Pannes","robots":{"index":"index","follow":"follow","max-snippet":"max-snippet:-1","max-image-preview":"max-image-preview:large","max-video-preview":"max-video-preview:-1"},"canonical":"https:\/\/pharmacie-progres-cannes.fr\/pharmacie\/supp\/mass-extreme\/","og_locale":"fr_FR","og_type":"article","og_title":"Mass Extreme - Avis, Forum, Pharmacie, Effets, Prix -50% | Pharmacie-Progres-Pannes","og_url":"https:\/\/pharmacie-progres-cannes.fr\/pharmacie\/supp\/mass-extreme\/","og_site_name":"Pharmacie-Progres-Pannes","article_modified_time":"2025-03-09T12:01:59+00:00","og_image":[{"width":768,"height":768,"url":"https:\/\/pharmacie-progres-cannes.fr\/pharmacie\/wp-content\/uploads\/2024\/10\/Mass-Extreme.jpg","type":"image\/jpeg"}],"twitter_card":"summary_large_image","twitter_description":"[date_countdown]","twitter_misc":{"Dur\u00e9e de lecture estim\u00e9e":"1 minute"},"schema":{"@context":"https:\/\/schema.org","@graph":[{"@type":"WebPage","@id":"https:\/\/pharmacie-progres-cannes.fr\/pharmacie\/supp\/mass-extreme\/","url":"https:\/\/pharmacie-progres-cannes.fr\/pharmacie\/supp\/mass-extreme\/","name":"Mass Extreme - Avis, Forum, Pharmacie, Effets, Prix -50% | Pharmacie-Progres-Pannes","isPartOf":{"@id":"https:\/\/pharmacie-progres-cannes.fr\/pharmacie\/#website"},"primaryImageOfPage":{"@id":"https:\/\/pharmacie-progres-cannes.fr\/pharmacie\/supp\/mass-extreme\/#primaryimage"},"image":{"@id":"https:\/\/pharmacie-progres-cannes.fr\/pharmacie\/supp\/mass-extreme\/#primaryimage"},"thumbnailUrl":"https:\/\/pharmacie-progres-cannes.fr\/pharmacie\/wp-content\/uploads\/2024\/10\/Mass-Extreme.jpg","datePublished":"2024-10-18T19:46:26+00:00","dateModified":"2025-03-09T12:01:59+00:00","breadcrumb":{"@id":"https:\/\/pharmacie-progres-cannes.fr\/pharmacie\/supp\/mass-extreme\/#breadcrumb"},"inLanguage":"fr-FR","potentialAction":[{"@type":"ReadAction","target":["https:\/\/pharmacie-progres-cannes.fr\/pharmacie\/supp\/mass-extreme\/"]}]},{"@type":"ImageObject","inLanguage":"fr-FR","@id":"https:\/\/pharmacie-progres-cannes.fr\/pharmacie\/supp\/mass-extreme\/#primaryimage","url":"https:\/\/pharmacie-progres-cannes.fr\/pharmacie\/wp-content\/uploads\/2024\/10\/Mass-Extreme.jpg","contentUrl":"https:\/\/pharmacie-progres-cannes.fr\/pharmacie\/wp-content\/uploads\/2024\/10\/Mass-Extreme.jpg","width":768,"height":768},{"@type":"BreadcrumbList","@id":"https:\/\/pharmacie-progres-cannes.fr\/pharmacie\/supp\/mass-extreme\/#breadcrumb","itemListElement":[{"@type":"ListItem","position":1,"name":"Strona g\u0142\u00f3wna","item":"https:\/\/pharmacie-progres-cannes.fr\/pharmacie\/"},{"@type":"ListItem","position":2,"name":"farmaci","item":"https:\/\/pharmacie-progres-cannes.fr\/pharmacie\/"},{"@type":"ListItem","position":3,"name":"Mass Extreme"}]},{"@type":"WebSite","@id":"https:\/\/pharmacie-progres-cannes.fr\/pharmacie\/#website","url":"https:\/\/pharmacie-progres-cannes.fr\/pharmacie\/","name":"Pharmacie-Progres-Pannes","description":"","potentialAction":[{"@type":"SearchAction","target":{"@type":"EntryPoint","urlTemplate":"https:\/\/pharmacie-progres-cannes.fr\/pharmacie\/?s={search_term_string}"},"query-input":{"@type":"PropertyValueSpecification","valueRequired":true,"valueName":"search_term_string"}}],"inLanguage":"fr-FR"}]}},"_links":{"self":[{"href":"https:\/\/pharmacie-progres-cannes.fr\/pharmacie\/wp-json\/wp\/v2\/product\/4561","targetHints":{"allow":["GET"]}}],"collection":[{"href":"https:\/\/pharmacie-progres-cannes.fr\/pharmacie\/wp-json\/wp\/v2\/product"}],"about":[{"href":"https:\/\/pharmacie-progres-cannes.fr\/pharmacie\/wp-json\/wp\/v2\/types\/product"}],"replies":[{"embeddable":true,"href":"https:\/\/pharmacie-progres-cannes.fr\/pharmacie\/wp-json\/wp\/v2\/comments?post=4561"}],"wp:featuredmedia":[{"embeddable":true,"href":"https:\/\/pharmacie-progres-cannes.fr\/pharmacie\/wp-json\/wp\/v2\/media\/4374"}],"wp:attachment":[{"href":"https:\/\/pharmacie-progres-cannes.fr\/pharmacie\/wp-json\/wp\/v2\/media?parent=4561"}],"wp:term":[{"taxonomy":"product_brand","embeddable":true,"href":"https:\/\/pharmacie-progres-cannes.fr\/pharmacie\/wp-json\/wp\/v2\/product_brand?post=4561"},{"taxonomy":"product_cat","embeddable":true,"href":"https:\/\/pharmacie-progres-cannes.fr\/pharmacie\/wp-json\/wp\/v2\/product_cat?post=4561"},{"taxonomy":"product_tag","embeddable":true,"href":"https:\/\/pharmacie-progres-cannes.fr\/pharmacie\/wp-json\/wp\/v2\/product_tag?post=4561"}],"curies":[{"name":"wp","href":"https:\/\/api.w.org\/{rel}","templated":true}]}}