{"id":4557,"date":"2024-10-18T19:46:26","date_gmt":"2024-10-18T19:46:26","guid":{"rendered":"https:\/\/chirurgie-orthopedie-vannes.fr\/pharmacie\/?post_type=product&#038;p=4557"},"modified":"2025-03-09T11:59:28","modified_gmt":"2025-03-09T11:59:28","slug":"keto-actives","status":"publish","type":"product","link":"https:\/\/pharmacie-progres-cannes.fr\/pharmacie\/supp\/keto-actives\/","title":{"rendered":"Keto Actives"},"content":{"rendered":"\n<h2 class=\"wp-block-heading\">Qu&rsquo;est-ce que Keto Actives et comment fonctionne-t-il ?<\/h2>\n\n\n\n<p><b>Keto<\/b> Actives est un <em>compl\u00e9ment alimentaire<\/em> destin\u00e9 aux personnes qui suivent un r\u00e9gime c\u00e9tog\u00e8ne. Son <em>action<\/em> se concentre sur le soutien des processus de perte de poids en acc\u00e9l\u00e9rant l&rsquo;induction de la c\u00e9tose, qui conduit \u00e0 l&rsquo;utilisation du tissu adipeux comme principale source d&rsquo;\u00e9nergie. Avec des ingr\u00e9dients cl\u00e9s tels que ForsLean\u00ae et Clarinol\u00ae, le produit vise \u00e0 am\u00e9liorer le m\u00e9tabolisme et \u00e0 r\u00e9guler l&rsquo;app\u00e9tit.<\/p>\n\n\n\n<p>En outre, la caf\u00e9ine anhydre naturelle contenue dans <b>Keto Actives<\/b> augmente les niveaux d&rsquo;\u00e9nergie, ce qui est extr\u00eamement b\u00e9n\u00e9fique pendant le processus de <em>perte de poids<\/em>. Les <b>utilisateurs<\/b> peuvent s&rsquo;attendre \u00e0 ce que l&rsquo;<b>utilisation<\/b> r\u00e9guli\u00e8re <b>de<\/b> cette formule r\u00e9duise le volume corporel en br\u00fblant consciemment les graisses stock\u00e9es. D&rsquo;autres ingr\u00e9dients, tels que l&rsquo;extrait de fruit d&rsquo;orange am\u00e8re et l&rsquo;extrait de poivre noir, activent les processus m\u00e9taboliques, favorisant ainsi l&rsquo;efficacit\u00e9 du r\u00e9gime <em>c\u00e9to<\/em>.<\/p>\n\n\n\n<p><b>Keto Actives<\/b> se distingue des autres compl\u00e9ments gr\u00e2ce \u00e0 sa composition unique d&rsquo;ingr\u00e9dients naturels, ce qui en fait un soutien efficace dans la lutte contre les kilos superflus. Les <b>utilisateurs<\/b> qui recherchent des solutions efficaces pour <b>perdre du poids<\/b> peuvent accorder une attention particuli\u00e8re \u00e0 cette formule, qui constitue un \u00e9l\u00e9ment pr\u00e9cieux de leur r\u00e9gime alimentaire.<\/p>\n\n\n\n<h2 class=\"wp-block-heading\">Effets de Keto Actives<\/h2>\n\n\n\n<p><b>Keto Actives<\/b> est un <b>compl\u00e9ment alimentaire<\/b> qui peut produire des <b>r\u00e9sultats<\/b> notables en mati\u00e8re de perte de poids. Avec une utilisation r\u00e9guli\u00e8re, les utilisateurs remarquent souvent une r\u00e9duction de la graisse corporelle et une augmentation des niveaux d&rsquo;\u00e9nergie. Les ingr\u00e9dients actifs tels que la forskoline et le CLA favorisent la r\u00e9duction des graisses, tandis que la caf\u00e9ine naturelle augmente les niveaux d&rsquo;\u00e9nergie, ce qui facilite les activit\u00e9s quotidiennes.<\/p>\n\n\n\n<p>En outre, des ingr\u00e9dients tels que la capsa\u00efcine de l&rsquo;extrait de piment peuvent augmenter la thermogen\u00e8se, ce qui permet de br\u00fbler davantage de calories. L&rsquo;ingr\u00e9dient cl\u00e9 BHB (b\u00eata-hydroxybutyrate) aide le corps \u00e0 atteindre un \u00e9tat de c\u00e9tose, o\u00f9 les graisses deviennent la principale source d&rsquo;\u00e9nergie. Les utilisateurs signalent souvent que <b>le suppl\u00e9ment<\/b> augmente l&rsquo;endurance et facilite le maintien d&rsquo;un r\u00e9gime pauvre en glucides.<\/p>\n\n\n\n<p><b>Les effets de<\/b> Keto Actives sont visibles d\u00e8s quelques semaines, et une utilisation r\u00e9guli\u00e8re du compl\u00e9ment favorise la poursuite de la perte de poids. Les personnes qui utilisent ce compl\u00e9ment initialement d\u00e9di\u00e9 au r\u00e9gime c\u00e9tog\u00e8ne font \u00e9tat d&rsquo;une am\u00e9lioration de l&rsquo;humeur et d&rsquo;une plus grande concentration. Une p\u00e9riode d&rsquo;utilisation moyenne de 30 jours peut conduire \u00e0 des changements significatifs de la silhouette, ce qui fait de Keto Actives un choix populaire parmi ceux qui visent une perte de poids efficace.<\/p>\n\n\n\n<h2 class=\"wp-block-heading\">Comment utiliser Keto Actives &#8211; Mode d&#8217;emploi et posologie<\/h2>\n\n\n\n<p>La <b>posologie<\/b> recommand\u00e9e de Keto Actives est d&rsquo;une g\u00e9lule par jour, \u00e0 prendre avant les repas et \u00e0 boire avec beaucoup d&rsquo;eau. La combinaison avec un r\u00e9gime alimentaire adapt\u00e9 et une activit\u00e9 physique est la cl\u00e9 de l&rsquo;efficacit\u00e9 de la suppl\u00e9mentation. Les utilisateurs doivent respecter les indications de la notice afin de maximiser le potentiel du produit.<\/p>\n\n\n\n<p>La <b>suppl\u00e9mentation<\/b> devrait durer environ 30 jours, avec la possibilit\u00e9 de continuer en fonction des besoins individuels. Il est important de surveiller le bien-\u00eatre et les effets, ce qui peut conduire \u00e0 d&rsquo;\u00e9ventuels changements dans le r\u00e9gime d&rsquo;utilisation.<\/p>\n\n\n\n<figure class=\"wp-block-table\"><table class=\"has-fixed-layout\"><tbody><tr><th>\u00c9l\u00e9ment<\/th><th>Informations<\/th><\/tr><tr><td><b>Dosage<\/b> recommand\u00e9<\/td><td>1 g\u00e9lule par jour avant le repas<\/td><\/tr><tr><td>Dur\u00e9e du traitement<\/td><td>30 jours<\/td><\/tr><tr><td>Emballage<\/td><td>60 g\u00e9lules (suffisant pour un mois)<\/td><\/tr><tr><td>Ingr\u00e9dients actifs<\/td><td><b>Ingr\u00e9dients naturels<\/b>, ForsLean\u00ae, CLA<\/td><\/tr><tr><td><b>S\u00e9curit\u00e9<\/b><\/td><td>Ne convient pas aux enfants, aux femmes enceintes et aux personnes souffrant d&rsquo;allergies.<\/td><\/tr><tr><td><b>Effets secondaires<\/b> potentiels<\/td><td>Indigestion, douleurs abdominales (rares cas)<\/td><\/tr><\/tbody><\/table><\/figure>\n\n\n\n<p>Il est utile de rappeler que l <b>&lsquo;utilisation de<\/b> Keto Actives en combinaison avec un r\u00e9gime c\u00e9tog\u00e8ne adapt\u00e9 et une activit\u00e9 physique r\u00e9guli\u00e8re peut acc\u00e9l\u00e9rer de mani\u00e8re significative l&rsquo;obtention des effets d\u00e9sir\u00e9s. Cette approche augmente l&rsquo;efficacit\u00e9 du compl\u00e9ment et permet un meilleur suivi des changements dans l&rsquo;organisme.<\/p>\n\n\n\n<h2 class=\"wp-block-heading\">Keto Actives reviews &#8211; Que disent les utilisateurs sur les forums ?<\/h2>\n\n\n\n<p>Les <b>avis<\/b> sur Keto Actives sont vari\u00e9s, et on peut en trouver de nombreux sur les forums de discussion et dans les revues. Alors que certains utilisateurs louent les effets du compl\u00e9ment, beaucoup expriment leur scepticisme quant \u00e0 son efficacit\u00e9. Certains <b>avis<\/b> indiquent que les <b>avis<\/b> positifs peuvent \u00eatre r\u00e9dig\u00e9s par des personnes associ\u00e9es au fabricant, ce qui soul\u00e8ve des questions quant \u00e0 leur authenticit\u00e9.<\/p>\n\n\n\n<p>Les utilisateurs remarquent que le produit a \u00e9t\u00e9 lanc\u00e9 en Pologne en 2017 et que sa publicit\u00e9 a consid\u00e9rablement augment\u00e9 depuis 2020. De nombreuses critiques n\u00e9gatives apparaissent notamment sur les plateformes de m\u00e9dias sociaux. Les conseils sur les remplacements pour les r\u00e9gimes efficaces sont accueillis par des commentaires positifs de personnes qui n&rsquo;ont pas connu les r\u00e9sultats escompt\u00e9s.<\/p>\n\n\n\n<p>Certains utilisateurs, comme un membre du <b>forum<\/b>, partagent leurs exp\u00e9riences, qui ne sont pas toujours encourageantes. Par exemple, apr\u00e8s deux mois d&rsquo;utilisation de Keto Actives, ils n&rsquo;ont pas remarqu\u00e9 de changements significatifs, malgr\u00e9 le respect de la dose sugg\u00e9r\u00e9e. A noter \u00e9galement que certaines personnes ayant investi dans le r\u00e9gime se plaignent d&rsquo;une automaticit\u00e9 non invit\u00e9e \u00e0 renouveler leur abonnement.<\/p>\n\n\n\n<h2 class=\"wp-block-heading\">Composition de Keto Actives &#8211; Analyse des ingr\u00e9dients<\/h2>\n\n\n\n<p>Keto Actives est un <b>compl\u00e9ment alimentaire<\/b> con\u00e7u pour favoriser la perte de poids. Sa <em>formulation<\/em> est bas\u00e9e sur des <em>ingr\u00e9dients naturels<\/em> soigneusement s\u00e9lectionn\u00e9s pour am\u00e9liorer le m\u00e9tabolisme et soutenir l&rsquo;organisme dans l&rsquo;atteinte de l&rsquo;objectif de c\u00e9tose. L <b>&lsquo;analyse de<\/b> ces ingr\u00e9dients montre comment chacun contribue \u00e0 l&rsquo;efficacit\u00e9 du compl\u00e9ment.<\/p>\n\n\n\n<ul class=\"wp-block-list\">\n<li>L&rsquo;<strong>huile MCT<\/strong> &#8211; favorise la production de corps c\u00e9toniques, ce qui favorise la <em>combustion des graisses<\/em>.<\/li>\n\n\n\n<li><strong>Extrait de baies d&rsquo;a\u00e7a\u00ef<\/strong> &#8211; fournit des antioxydants qui soutiennent le m\u00e9tabolisme g\u00e9n\u00e9ral de l&rsquo;organisme.<\/li>\n\n\n\n<li><strong>Les fibres de pomme<\/strong> &#8211; ont un effet positif sur la sensation de sati\u00e9t\u00e9 et am\u00e9liorent les processus digestifs.<\/li>\n\n\n\n<li>Les<strong>c\u00e9tones exog\u00e8nes<\/strong> &#8211; facilitent l&rsquo;entr\u00e9e rapide en c\u00e9tose, un \u00e9l\u00e9ment cl\u00e9 du r\u00e9gime c\u00e9tog\u00e8ne.<\/li>\n<\/ul>\n\n\n\n<p>Un <b>suppl\u00e9ment<\/b> ainsi formul\u00e9, Keto Actives fournit un excellent soutien dans la qu\u00eate d&rsquo;une perte de poids saine, et son <em>analyse des<\/em> ingr\u00e9dients montre l&rsquo;action synergique profonde des composants individuels. Comprendre quels <em>ingr\u00e9dients naturels<\/em> ont \u00e9t\u00e9 utilis\u00e9s dans cette formule est la cl\u00e9 pour atteindre les r\u00e9sultats souhait\u00e9s.<\/p>\n\n\n\n<h2 class=\"wp-block-heading\">Prix de Keto Actives &#8211; O\u00f9 acheter ?<\/h2>\n\n\n\n<p>Keto Actives est un <b>compl\u00e9ment alimentaire<\/b> qui n&rsquo;est pas disponible dans les pharmacies stationnaires ou les boutiques en ligne. L&rsquo;id\u00e9al est de l&rsquo;acheter sur <em>le site officiel du fabricant<\/em>. Cette solution garantit l&rsquo;originalit\u00e9 du produit et la possibilit\u00e9 de b\u00e9n\u00e9ficier des promotions en cours.<\/p>\n\n\n\n<p>Pour que votre achat soit pratique et s\u00fbr, il est conseill\u00e9 de surveiller le site Web du fabricant, car il peut y avoir diverses offres promotionnelles. Cela vous donnera acc\u00e8s \u00e0 des conditions d&rsquo;achat favorables et vous assurera que vous achetez des produits <em>Keto Actives<\/em> authentiques.<\/p>\n\n\n\n<h2 class=\"wp-block-heading\">Keto Actives &#8211; Effets secondaires et contre-indications &#8211; Est-il s\u00fbr ?<\/h2>\n\n\n\n<p>Keto Actives est g\u00e9n\u00e9ralement consid\u00e9r\u00e9 comme un <b>compl\u00e9ment<\/b> alimentaire s\u00fbr, mais comme tout produit, il peut provoquer des <b>effets secondaires<\/b> chez certaines personnes. Les probl\u00e8mes signal\u00e9s comprennent des maux de t\u00eate, des probl\u00e8mes d&rsquo;estomac et des vertiges, en particulier en cas d&rsquo;utilisation excessive. Les personnes souffrant de certaines conditions m\u00e9dicales, ainsi que les femmes enceintes, devraient envisager de consulter un m\u00e9decin avant de commencer la suppl\u00e9mentation afin de s&rsquo;assurer d&rsquo;une <b>s\u00e9curit\u00e9<\/b> totale.<\/p>\n\n\n\n<p>Il est important de surveiller les r\u00e9actions de votre corps lorsque vous utilisez Keto Actives. Le corps de chacun r\u00e9agit diff\u00e9remment, ce qui signifie qu&rsquo;il est important de surveiller tout effet ind\u00e9sirable. Bien que le produit contienne des <b>ingr\u00e9dients naturels<\/b>, des r\u00e9actions allergiques sont possibles et peuvent se produire chez les personnes allergiques \u00e0 l&rsquo;un des ingr\u00e9dients.<\/p>\n\n\n\n<p>N&rsquo;oubliez pas que la consultation d&rsquo;un sp\u00e9cialiste est une \u00e9tape cl\u00e9, surtout si vous prenez d&rsquo;autres m\u00e9dicaments ou si vous avez des probl\u00e8mes de sant\u00e9 chroniques. En veillant \u00e0 votre propre <b>s\u00e9curit\u00e9<\/b>, vous pourrez profiter des bienfaits de Keto Actives et de ses effets positifs sur la <b>perte<\/b> et le contr\u00f4le du poids.<\/p>\n","protected":false},"excerpt":{"rendered":"<p><strong>[date_countdown]<\/strong><\/p>\n<p><img decoding=\"async\" class=\"alignnone  wp-image-8427\" src=\"https:\/\/pharmacie-progres-cannes.fr\/pharmacie\/wp-content\/uploads\/2024\/10\/SAFE-PAY-300x88-1.png\" alt=\"SAFE-PAY-300x88\" width=\"164\" height=\"48\" \/><\/p>\n","protected":false},"featured_media":3995,"comment_status":"open","ping_status":"closed","template":"","meta":{"neve_meta_sidebar":"","neve_meta_container":"","neve_meta_enable_content_width":"","neve_meta_content_width":0,"neve_meta_title_alignment":"","neve_meta_author_avatar":"","neve_post_elements_order":"","neve_meta_disable_header":"","neve_meta_disable_footer":"","neve_meta_disable_title":"","neve_meta_reading_time":""},"product_brand":[],"product_cat":[15],"product_tag":[],"class_list":{"0":"post-4557","1":"product","2":"type-product","3":"status-publish","4":"has-post-thumbnail","6":"product_cat-perte-de-poids","8":"first","9":"instock","10":"sale","11":"shipping-taxable","12":"product-type-external"},"yoast_head":"<!-- This site is optimized with the Yoast SEO plugin v27.4 - https:\/\/yoast.com\/product\/yoast-seo-wordpress\/ -->\n<title>Keto Actives - Avis, Forum, Pharmacie, Effets, Prix -50% | Pharmacie-Progres-Pannes<\/title>\n<meta name=\"robots\" content=\"index, follow, max-snippet:-1, max-image-preview:large, max-video-preview:-1\" \/>\n<link rel=\"canonical\" href=\"https:\/\/pharmacie-progres-cannes.fr\/pharmacie\/supp\/keto-actives\/\" \/>\n<meta property=\"og:locale\" content=\"fr_FR\" \/>\n<meta property=\"og:type\" content=\"article\" \/>\n<meta property=\"og:title\" content=\"Keto Actives - Avis, Forum, Pharmacie, Effets, Prix -50% | Pharmacie-Progres-Pannes\" \/>\n<meta property=\"og:url\" content=\"https:\/\/pharmacie-progres-cannes.fr\/pharmacie\/supp\/keto-actives\/\" \/>\n<meta property=\"og:site_name\" content=\"Pharmacie-Progres-Pannes\" \/>\n<meta property=\"article:modified_time\" content=\"2025-03-09T11:59:28+00:00\" \/>\n<meta property=\"og:image\" content=\"https:\/\/pharmacie-progres-cannes.fr\/pharmacie\/wp-content\/uploads\/2024\/10\/Keto-Actives.jpg\" \/>\n\t<meta property=\"og:image:width\" content=\"768\" \/>\n\t<meta property=\"og:image:height\" content=\"768\" \/>\n\t<meta property=\"og:image:type\" content=\"image\/jpeg\" \/>\n<meta name=\"twitter:card\" content=\"summary_large_image\" \/>\n<meta name=\"twitter:description\" content=\"[date_countdown]\" \/>\n<meta name=\"twitter:label1\" content=\"Dur\u00e9e de lecture estim\u00e9e\" \/>\n\t<meta name=\"twitter:data1\" content=\"7 minutes\" \/>\n<script type=\"application\/ld+json\" class=\"yoast-schema-graph\">{\"@context\":\"https:\\\/\\\/schema.org\",\"@graph\":[{\"@type\":\"WebPage\",\"@id\":\"https:\\\/\\\/pharmacie-progres-cannes.fr\\\/pharmacie\\\/supp\\\/keto-actives\\\/\",\"url\":\"https:\\\/\\\/pharmacie-progres-cannes.fr\\\/pharmacie\\\/supp\\\/keto-actives\\\/\",\"name\":\"Keto Actives - Avis, Forum, Pharmacie, Effets, Prix -50% | Pharmacie-Progres-Pannes\",\"isPartOf\":{\"@id\":\"https:\\\/\\\/pharmacie-progres-cannes.fr\\\/pharmacie\\\/#website\"},\"primaryImageOfPage\":{\"@id\":\"https:\\\/\\\/pharmacie-progres-cannes.fr\\\/pharmacie\\\/supp\\\/keto-actives\\\/#primaryimage\"},\"image\":{\"@id\":\"https:\\\/\\\/pharmacie-progres-cannes.fr\\\/pharmacie\\\/supp\\\/keto-actives\\\/#primaryimage\"},\"thumbnailUrl\":\"https:\\\/\\\/pharmacie-progres-cannes.fr\\\/pharmacie\\\/wp-content\\\/uploads\\\/2024\\\/10\\\/Keto-Actives.jpg\",\"datePublished\":\"2024-10-18T19:46:26+00:00\",\"dateModified\":\"2025-03-09T11:59:28+00:00\",\"breadcrumb\":{\"@id\":\"https:\\\/\\\/pharmacie-progres-cannes.fr\\\/pharmacie\\\/supp\\\/keto-actives\\\/#breadcrumb\"},\"inLanguage\":\"fr-FR\",\"potentialAction\":[{\"@type\":\"ReadAction\",\"target\":[\"https:\\\/\\\/pharmacie-progres-cannes.fr\\\/pharmacie\\\/supp\\\/keto-actives\\\/\"]}]},{\"@type\":\"ImageObject\",\"inLanguage\":\"fr-FR\",\"@id\":\"https:\\\/\\\/pharmacie-progres-cannes.fr\\\/pharmacie\\\/supp\\\/keto-actives\\\/#primaryimage\",\"url\":\"https:\\\/\\\/pharmacie-progres-cannes.fr\\\/pharmacie\\\/wp-content\\\/uploads\\\/2024\\\/10\\\/Keto-Actives.jpg\",\"contentUrl\":\"https:\\\/\\\/pharmacie-progres-cannes.fr\\\/pharmacie\\\/wp-content\\\/uploads\\\/2024\\\/10\\\/Keto-Actives.jpg\",\"width\":768,\"height\":768},{\"@type\":\"BreadcrumbList\",\"@id\":\"https:\\\/\\\/pharmacie-progres-cannes.fr\\\/pharmacie\\\/supp\\\/keto-actives\\\/#breadcrumb\",\"itemListElement\":[{\"@type\":\"ListItem\",\"position\":1,\"name\":\"Strona g\u0142\u00f3wna\",\"item\":\"https:\\\/\\\/pharmacie-progres-cannes.fr\\\/pharmacie\\\/\"},{\"@type\":\"ListItem\",\"position\":2,\"name\":\"farmaci\",\"item\":\"https:\\\/\\\/pharmacie-progres-cannes.fr\\\/pharmacie\\\/\"},{\"@type\":\"ListItem\",\"position\":3,\"name\":\"Keto Actives\"}]},{\"@type\":\"WebSite\",\"@id\":\"https:\\\/\\\/pharmacie-progres-cannes.fr\\\/pharmacie\\\/#website\",\"url\":\"https:\\\/\\\/pharmacie-progres-cannes.fr\\\/pharmacie\\\/\",\"name\":\"Pharmacie-Progres-Pannes\",\"description\":\"\",\"potentialAction\":[{\"@type\":\"SearchAction\",\"target\":{\"@type\":\"EntryPoint\",\"urlTemplate\":\"https:\\\/\\\/pharmacie-progres-cannes.fr\\\/pharmacie\\\/?s={search_term_string}\"},\"query-input\":{\"@type\":\"PropertyValueSpecification\",\"valueRequired\":true,\"valueName\":\"search_term_string\"}}],\"inLanguage\":\"fr-FR\"}]}<\/script>\n<!-- \/ Yoast SEO plugin. -->","yoast_head_json":{"title":"Keto Actives - Avis, Forum, Pharmacie, Effets, Prix -50% | Pharmacie-Progres-Pannes","robots":{"index":"index","follow":"follow","max-snippet":"max-snippet:-1","max-image-preview":"max-image-preview:large","max-video-preview":"max-video-preview:-1"},"canonical":"https:\/\/pharmacie-progres-cannes.fr\/pharmacie\/supp\/keto-actives\/","og_locale":"fr_FR","og_type":"article","og_title":"Keto Actives - Avis, Forum, Pharmacie, Effets, Prix -50% | Pharmacie-Progres-Pannes","og_url":"https:\/\/pharmacie-progres-cannes.fr\/pharmacie\/supp\/keto-actives\/","og_site_name":"Pharmacie-Progres-Pannes","article_modified_time":"2025-03-09T11:59:28+00:00","og_image":[{"width":768,"height":768,"url":"https:\/\/pharmacie-progres-cannes.fr\/pharmacie\/wp-content\/uploads\/2024\/10\/Keto-Actives.jpg","type":"image\/jpeg"}],"twitter_card":"summary_large_image","twitter_description":"[date_countdown]","twitter_misc":{"Dur\u00e9e de lecture estim\u00e9e":"7 minutes"},"schema":{"@context":"https:\/\/schema.org","@graph":[{"@type":"WebPage","@id":"https:\/\/pharmacie-progres-cannes.fr\/pharmacie\/supp\/keto-actives\/","url":"https:\/\/pharmacie-progres-cannes.fr\/pharmacie\/supp\/keto-actives\/","name":"Keto Actives - Avis, Forum, Pharmacie, Effets, Prix -50% | Pharmacie-Progres-Pannes","isPartOf":{"@id":"https:\/\/pharmacie-progres-cannes.fr\/pharmacie\/#website"},"primaryImageOfPage":{"@id":"https:\/\/pharmacie-progres-cannes.fr\/pharmacie\/supp\/keto-actives\/#primaryimage"},"image":{"@id":"https:\/\/pharmacie-progres-cannes.fr\/pharmacie\/supp\/keto-actives\/#primaryimage"},"thumbnailUrl":"https:\/\/pharmacie-progres-cannes.fr\/pharmacie\/wp-content\/uploads\/2024\/10\/Keto-Actives.jpg","datePublished":"2024-10-18T19:46:26+00:00","dateModified":"2025-03-09T11:59:28+00:00","breadcrumb":{"@id":"https:\/\/pharmacie-progres-cannes.fr\/pharmacie\/supp\/keto-actives\/#breadcrumb"},"inLanguage":"fr-FR","potentialAction":[{"@type":"ReadAction","target":["https:\/\/pharmacie-progres-cannes.fr\/pharmacie\/supp\/keto-actives\/"]}]},{"@type":"ImageObject","inLanguage":"fr-FR","@id":"https:\/\/pharmacie-progres-cannes.fr\/pharmacie\/supp\/keto-actives\/#primaryimage","url":"https:\/\/pharmacie-progres-cannes.fr\/pharmacie\/wp-content\/uploads\/2024\/10\/Keto-Actives.jpg","contentUrl":"https:\/\/pharmacie-progres-cannes.fr\/pharmacie\/wp-content\/uploads\/2024\/10\/Keto-Actives.jpg","width":768,"height":768},{"@type":"BreadcrumbList","@id":"https:\/\/pharmacie-progres-cannes.fr\/pharmacie\/supp\/keto-actives\/#breadcrumb","itemListElement":[{"@type":"ListItem","position":1,"name":"Strona g\u0142\u00f3wna","item":"https:\/\/pharmacie-progres-cannes.fr\/pharmacie\/"},{"@type":"ListItem","position":2,"name":"farmaci","item":"https:\/\/pharmacie-progres-cannes.fr\/pharmacie\/"},{"@type":"ListItem","position":3,"name":"Keto Actives"}]},{"@type":"WebSite","@id":"https:\/\/pharmacie-progres-cannes.fr\/pharmacie\/#website","url":"https:\/\/pharmacie-progres-cannes.fr\/pharmacie\/","name":"Pharmacie-Progres-Pannes","description":"","potentialAction":[{"@type":"SearchAction","target":{"@type":"EntryPoint","urlTemplate":"https:\/\/pharmacie-progres-cannes.fr\/pharmacie\/?s={search_term_string}"},"query-input":{"@type":"PropertyValueSpecification","valueRequired":true,"valueName":"search_term_string"}}],"inLanguage":"fr-FR"}]}},"_links":{"self":[{"href":"https:\/\/pharmacie-progres-cannes.fr\/pharmacie\/wp-json\/wp\/v2\/product\/4557","targetHints":{"allow":["GET"]}}],"collection":[{"href":"https:\/\/pharmacie-progres-cannes.fr\/pharmacie\/wp-json\/wp\/v2\/product"}],"about":[{"href":"https:\/\/pharmacie-progres-cannes.fr\/pharmacie\/wp-json\/wp\/v2\/types\/product"}],"replies":[{"embeddable":true,"href":"https:\/\/pharmacie-progres-cannes.fr\/pharmacie\/wp-json\/wp\/v2\/comments?post=4557"}],"wp:featuredmedia":[{"embeddable":true,"href":"https:\/\/pharmacie-progres-cannes.fr\/pharmacie\/wp-json\/wp\/v2\/media\/3995"}],"wp:attachment":[{"href":"https:\/\/pharmacie-progres-cannes.fr\/pharmacie\/wp-json\/wp\/v2\/media?parent=4557"}],"wp:term":[{"taxonomy":"product_brand","embeddable":true,"href":"https:\/\/pharmacie-progres-cannes.fr\/pharmacie\/wp-json\/wp\/v2\/product_brand?post=4557"},{"taxonomy":"product_cat","embeddable":true,"href":"https:\/\/pharmacie-progres-cannes.fr\/pharmacie\/wp-json\/wp\/v2\/product_cat?post=4557"},{"taxonomy":"product_tag","embeddable":true,"href":"https:\/\/pharmacie-progres-cannes.fr\/pharmacie\/wp-json\/wp\/v2\/product_tag?post=4557"}],"curies":[{"name":"wp","href":"https:\/\/api.w.org\/{rel}","templated":true}]}}