{"id":4556,"date":"2024-10-18T19:46:26","date_gmt":"2024-10-18T19:46:26","guid":{"rendered":"https:\/\/chirurgie-orthopedie-vannes.fr\/pharmacie\/?post_type=product&#038;p=4556"},"modified":"2025-03-09T11:57:53","modified_gmt":"2025-03-09T11:57:53","slug":"green-barley-plus","status":"publish","type":"product","link":"https:\/\/pharmacie-progres-cannes.fr\/pharmacie\/supp\/green-barley-plus\/","title":{"rendered":"Green Barley Plus"},"content":{"rendered":"\n<h2 class=\"wp-block-heading\">Qu&rsquo;est-ce que Green Barley Plus et comment fonctionne-t-il ?<\/h2>\n\n\n\n<p><b>Green Barley Plus<\/b> est un <b>compl\u00e9ment alimentaire<\/b> naturel con\u00e7u pour les personnes souhaitant adopter un mode de vie sain et perdre du poids de mani\u00e8re efficace. Le produit contient de l&rsquo;extrait d&rsquo;orge vert et du Garcinia cambogia, des ingr\u00e9dients biologiques connus pour leurs propri\u00e9t\u00e9s stimulant le m\u00e9tabolisme. L <b>&lsquo;action de<\/b> Green Barley Plus est d&rsquo;acc\u00e9l\u00e9rer le processus de combustion des graisses, ce qui est crucial pour le contr\u00f4le du poids.<\/p>\n\n\n\n<p>Le compl\u00e9ment aide \u00e9galement \u00e0 r\u00e9duire l&rsquo;app\u00e9tit, ce qui peut contribuer \u00e0 r\u00e9duire l&rsquo;apport calorique. En r\u00e8gle g\u00e9n\u00e9rale, <b>les effets de<\/b> Green Barley Plus deviennent perceptibles au bout d&rsquo;un mois environ, et une prise r\u00e9guli\u00e8re vous permettra de progresser davantage dans la perte de poids. L&#8217;emballage du produit contient 60 g\u00e9lules, ce qui est suffisant pour un mois d&rsquo;utilisation. La posologie recommand\u00e9e est de 2 g\u00e9lules par jour avant les repas, de pr\u00e9f\u00e9rence 30 minutes avant.<\/p>\n\n\n\n<p>Il est int\u00e9ressant de noter que la plupart des utilisateurs font \u00e9tat d&rsquo;une am\u00e9lioration significative de leurs activit\u00e9s physiques quotidiennes apr\u00e8s seulement deux mois d&rsquo;utilisation. Green Barley Plus devient ainsi, non seulement un \u00e9l\u00e9ment d&rsquo;un r\u00e9gime alimentaire, mais aussi un pas vers un meilleur bien-\u00eatre et une meilleure sant\u00e9 de l&rsquo;ensemble du corps.<\/p>\n\n\n\n<h2 class=\"wp-block-heading\">Quels sont les effets de Green Barley Plus ?<\/h2>\n\n\n\n<p><b>Les effets de<\/b> Green Barley Plus peuvent \u00eatre impressionnants, notamment en termes de perte de poids. Les <b>utilisateurs<\/b> rapportent souvent une perte de poids de 4 \u00e0 5 kg au cours des 1 \u00e0 2 premiers mois d&rsquo;utilisation. La prise r\u00e9guli\u00e8re de ce compl\u00e9ment alimentaire peut conduire \u00e0 une perte allant jusqu&rsquo;\u00e0 7 kg par mois. Il convient toutefois de noter que l&rsquo;efficacit\u00e9 du compl\u00e9ment d\u00e9pend des pr\u00e9dispositions individuelles et du mode de vie, ce qui signifie que les r\u00e9sultats peuvent varier.<\/p>\n\n\n\n<p>Les premiers effets de Green Barley Plus sont perceptibles apr\u00e8s quelques semaines seulement. Pour obtenir des r\u00e9sultats optimaux, il est essentiel de combiner la suppl\u00e9mentation avec une alimentation \u00e9quilibr\u00e9e et une activit\u00e9 physique. Le produit favorise la digestion, ce qui peut contribuer \u00e0 une diminution de la faim, ainsi qu&rsquo;\u00e0 une am\u00e9lioration du bien-\u00eatre g\u00e9n\u00e9ral et de l&rsquo;\u00e9nergie.<\/p>\n\n\n\n<p>Green Barley Plus contient des <b>ingr\u00e9dients naturels<\/b>, ce qui r\u00e9duit le risque d&rsquo;effets secondaires. Pour les personnes qui prennent le compl\u00e9ment apr\u00e8s une p\u00e9riode d&rsquo;inactivit\u00e9 prolong\u00e9e, un d\u00e9lai suppl\u00e9mentaire peut \u00eatre n\u00e9cessaire pour r\u00e9tablir le fonctionnement normal de l&rsquo;organisme. Les effets peuvent \u00eatre encore plus prononc\u00e9s en cas d&rsquo;utilisation prolong\u00e9e, qui est recommand\u00e9e jusqu&rsquo;\u00e0 3 mois d&rsquo;affil\u00e9e.<\/p>\n\n\n\n<p><b>Le compl\u00e9ment alimentaire<\/b> Green Barley Plus associe les propri\u00e9t\u00e9s de l&rsquo;orge vert et du Garcinia Cambogia, ce qui renforce ses <b>effets<\/b> sur la perte de poids et la sant\u00e9 de la peau. Gr\u00e2ce \u00e0 sa teneur \u00e9lev\u00e9e en fibres, ce produit favorise le m\u00e9tabolisme et la sant\u00e9 intestinale, ce qui contribue \u00e0 de meilleurs r\u00e9sultats en mati\u00e8re de perte de poids.<\/p>\n\n\n\n<h2 class=\"wp-block-heading\">Comment utiliser Green Barley Plus ? &#8211; Dosage<\/h2>\n\n\n\n<p>L&rsquo;<b>utilisation de<\/b> Green Barley Plus implique un dosage recommand\u00e9 de 2 g\u00e9lules par jour. Les g\u00e9lules doivent \u00eatre prises au cours d&rsquo;un repas, avec beaucoup d&rsquo;eau. Il est important de ne pas d\u00e9passer ce dosage sans consulter votre m\u00e9decin, surtout si vous prenez d&rsquo;autres m\u00e9dicaments ou si vous avez des probl\u00e8mes de sant\u00e9.<\/p>\n\n\n\n<p>Il est conseill\u00e9 de s&rsquo;assurer que le produit est adapt\u00e9 \u00e0 vos besoins de sant\u00e9 individuels avant de commencer \u00e0 l&rsquo;utiliser. La date de p\u00e9remption du compl\u00e9ment est le dernier jour du mois concern\u00e9, \u00e0 v\u00e9rifier sur l&#8217;emballage. Un <b>dosage<\/b> r\u00e9gulier et un apport hydrique suffisant contribuent \u00e0 l&rsquo;efficacit\u00e9 du compl\u00e9ment alimentaire Green Barley Plus.<\/p>\n\n\n\n<h2 class=\"wp-block-heading\">Green Barley Plus &#8211; Avis et critiques &#8211; Que disent les utilisateurs ?<\/h2>\n\n\n\n<p><b>Les avis sur<\/b> Green Barley Plus soulignent les nombreux effets positifs de son utilisation. <b>Les utilisateurs<\/b> soulignent souvent que le compl\u00e9ment a \u00e9t\u00e9 efficace pour les aider \u00e0 perdre du poids. En particulier, de nombreux avis mettent l&rsquo;accent sur sa capacit\u00e9 \u00e0 r\u00e9duire l&rsquo;app\u00e9tit et \u00e0 faciliter la d\u00e9sintoxication de l&rsquo;organisme. L&rsquo;exp\u00e9rience d&rsquo;une utilisatrice qui a remarqu\u00e9 une am\u00e9lioration significative de l&rsquo;\u00e9tat de sa peau, ainsi qu&rsquo;une r\u00e9duction de l&rsquo;apparence de la cellulite, en est un bon exemple.<\/p>\n\n\n\n<p>Beaucoup d&rsquo;hommes et de femmes constatent une augmentation de leur \u00e9nergie, ce qui les incite \u00e0 pratiquer davantage d&rsquo;activit\u00e9s physiques. Cela favorise \u00e0 son tour la perte de poids. Les avis font \u00e9galement \u00e9tat d&rsquo;une am\u00e9lioration de la sant\u00e9 des cheveux et des ongles, ce qui est important pour les personnes soucieuses de l&rsquo;esth\u00e9tique.<\/p>\n\n\n\n<ul class=\"wp-block-list\">\n<li><b>Commentaires<\/b> positifs des utilisateurs sur les effets de la d\u00e9sintoxication.<\/li>\n\n\n\n<li>Une augmentation des niveaux d&rsquo;\u00e9nergie, qui encourage la pratique r\u00e9guli\u00e8re d&rsquo;une activit\u00e9 physique.<\/li>\n\n\n\n<li>La <b>composition<\/b> naturelle de Green Barley Plus est un \u00e9l\u00e9ment important dans les commentaires.<\/li>\n\n\n\n<li>R\u00e9sultats notables dans la r\u00e9duction de la cellulite et l&rsquo;am\u00e9lioration de l&rsquo;\u00e9lasticit\u00e9 de la peau.<\/li>\n<\/ul>\n\n\n\n<p>Malgr\u00e9 les nombreux points positifs, les <b>utilisateurs<\/b> soulignent que les effets du compl\u00e9ment ne sont pas imm\u00e9diats. Il est essentiel de combiner l&rsquo;utilisation de Green Barley Plus avec un r\u00e9gime alimentaire appropri\u00e9 et une activit\u00e9 physique pour obtenir des r\u00e9sultats optimaux. En fin de compte, la grande majorit\u00e9 des <em>commentaires<\/em> sur le produit reste positive, refl\u00e9tant une note moyenne \u00e9lev\u00e9e de 4,95 sur 5.<\/p>\n\n\n\n<h2 class=\"wp-block-heading\">Green Barley Plus &#8211; Composition &#8211; Que contient-il ?<\/h2>\n\n\n\n<p>Green Barley Plus est un compl\u00e9ment alimentaire qui se distingue par sa composition soigneusement s\u00e9lectionn\u00e9e \u00e0 base d&rsquo;ingr\u00e9dients naturels. L&rsquo;\u00e9l\u00e9ment principal est l&rsquo;extrait d&rsquo;orge vert, consid\u00e9r\u00e9 comme un superaliment. Cette orge est riche en fibres, ce qui contribue \u00e0 une meilleure digestion et \u00e0 une sensation de sati\u00e9t\u00e9 accrue. Il contient \u00e9galement de nombreuses vitamines et min\u00e9raux tels que B, C, E, b\u00eata-carot\u00e8ne, magn\u00e9sium, zinc, calcium et fer.<\/p>\n\n\n\n<p>Outre l&rsquo;orge verte, <b>la composition de<\/b> Green Barley Plus est compl\u00e9t\u00e9e par un extrait de Garcinia Cambogia, qui favorise le m\u00e9tabolisme des graisses et l&rsquo;utilisation de l&rsquo;\u00e9nergie. La vitamine C contenue dans la formulation de ce compl\u00e9ment alimentaire contribue \u00e0 la production de collag\u00e8ne, ce qui am\u00e9liore l&rsquo;\u00e9lasticit\u00e9 de la peau. La vitamine E agit comme un antioxydant, contribuant \u00e0 la r\u00e9g\u00e9n\u00e9ration des cellules et \u00e0 la r\u00e9duction du stress oxydatif.<\/p>\n\n\n\n<p>La teneur \u00e9lev\u00e9e en antioxydants de Green Barley Plus favorise l&rsquo;absorption des vitamines et ralentit le vieillissement des cellules. En outre, l&rsquo;<b>utilisation<\/b> r\u00e9guli\u00e8re de cette formule peut avoir un effet positif sur l&rsquo;\u00e9tat des cheveux et des ongles en leur apportant des nutriments essentiels. <b>Les ingr\u00e9dients naturels<\/b> ont des propri\u00e9t\u00e9s d\u00e9toxifiantes, contribuant \u00e0 am\u00e9liorer le bien-\u00eatre g\u00e9n\u00e9ral en \u00e9liminant les toxines et les d\u00e9chets de l&rsquo;organisme.<\/p>\n\n\n\n<p>La dose recommand\u00e9e est g\u00e9n\u00e9ralement de deux g\u00e9lules par jour, \u00e0 prendre avant les repas avec beaucoup d&rsquo;eau. Green Barley Plus est produit aux Etats-Unis \u00e0 partir de cultures s\u00e9lectionn\u00e9es, ce qui garantit la haute qualit\u00e9 de ce compl\u00e9ment alimentaire. Il est conseill\u00e9 de n&rsquo;acheter que sur le site officiel, qui garantit l&rsquo;absence de contrefa\u00e7ons et d&rsquo;ingr\u00e9dients inconnus.<\/p>\n\n\n\n<h2 class=\"wp-block-heading\">O\u00f9 acheter Green Barley Plus &#8211; prix<\/h2>\n\n\n\n<p>Green Barley Plus ne peut \u00eatre achet\u00e9 que sur le site <em>officiel du fabricant<\/em>. En choisissant cette option, les clients ont la garantie d&rsquo;obtenir le produit original et d&rsquo;avoir acc\u00e8s \u00e0 l&rsquo;assistance client\u00e8le. Les prix varient en fonction des promotions en cours, c&rsquo;est pourquoi il convient de consulter r\u00e9guli\u00e8rement le site web pour obtenir les informations les plus r\u00e9centes sur les <em>prix<\/em>.<\/p>\n\n\n\n<p>Le fabricant propose des remises int\u00e9ressantes, telles que 50 % de r\u00e9duction pour l&rsquo;achat de 6 bo\u00eetes, ce qui permet de r\u00e9aliser d&rsquo;importantes \u00e9conomies. Pour l&rsquo;achat de deux bo\u00eetes, la troisi\u00e8me bo\u00eete peut \u00eatre re\u00e7ue gratuitement, ce qui en fait une option favorable pour ceux qui pr\u00e9voient une <b>utilisation<\/b> \u00e0 long terme de <em>Green Barley Plus.<\/em><\/p>\n\n\n\n<p>Chaque bo\u00eete contient 60 g\u00e9lules, soit une cure d&rsquo;un mois \u00e0 raison de 2 g\u00e9lules par jour. Une utilisation r\u00e9guli\u00e8re pendant 3 mois permet aux utilisateurs de perdre entre 4 et 14 kilos, ce qui rend ce compl\u00e9ment alimentaire tr\u00e8s populaire aupr\u00e8s des personnes souhaitant r\u00e9duire leur poids.<\/p>\n\n\n\n<h2 class=\"wp-block-heading\">Green Barley Plus &#8211; Effets secondaires et contre-indications<\/h2>\n\n\n\n<p>L&rsquo;utilisation du compl\u00e9ment alimentaire Green Barley Plus, bien que populaire aupr\u00e8s des personnes souhaitant perdre du poids, peut \u00eatre associ\u00e9e \u00e0 certains <strong>effets secondaires<\/strong>. Bien que le produit soit bien tol\u00e9r\u00e9 par la majorit\u00e9 des utilisateurs, des r\u00e9actions individuelles telles que des maux de t\u00eate, des naus\u00e9es ou des maux d&rsquo;estomac peuvent parfois se produire. En g\u00e9n\u00e9ral, ces sympt\u00f4mes sont l\u00e9gers et disparaissent d&rsquo;eux-m\u00eames, mais il est important d&rsquo;\u00eatre attentif \u00e0 tout changement d&rsquo;humeur.<\/p>\n\n\n\n<p>Il est toujours conseill\u00e9 de consulter votre m\u00e9decin avant de commencer une suppl\u00e9mentation en Green Barley Plus, surtout si vous prenez des m\u00e9dicaments ou si vous avez des <strong>contre-indications de<\/strong> sant\u00e9 existantes. Il convient \u00e9galement de ne pas d\u00e9passer la dose recommand\u00e9e, soit 2 g\u00e9lules par jour, afin de minimiser le risque d&rsquo;effets secondaires.<\/p>\n\n\n\n<p>En conclusion, Green Barley Plus est un compl\u00e9ment alimentaire qui peut soutenir efficacement la perte de poids, mais il faut toujours faire preuve de prudence et \u00eatre conscient des effets secondaires et des contre-indications potentiels. Une approche appropri\u00e9e de la suppl\u00e9mentation am\u00e9liorera la s\u00e9curit\u00e9 et le confort.<\/p>\n\n\n\n<p><\/p>\n","protected":false},"excerpt":{"rendered":"<p><strong>[date_countdown]<\/strong><\/p>\n<p><img decoding=\"async\" class=\"alignnone  wp-image-8427\" src=\"https:\/\/pharmacie-progres-cannes.fr\/pharmacie\/wp-content\/uploads\/2024\/10\/SAFE-PAY-300x88-1.png\" alt=\"SAFE-PAY-300x88\" width=\"164\" height=\"48\" \/><\/p>\n","protected":false},"featured_media":3996,"comment_status":"open","ping_status":"closed","template":"","meta":{"neve_meta_sidebar":"","neve_meta_container":"","neve_meta_enable_content_width":"","neve_meta_content_width":0,"neve_meta_title_alignment":"","neve_meta_author_avatar":"","neve_post_elements_order":"","neve_meta_disable_header":"","neve_meta_disable_footer":"","neve_meta_disable_title":"","neve_meta_reading_time":""},"product_brand":[],"product_cat":[15],"product_tag":[],"class_list":{"0":"post-4556","1":"product","2":"type-product","3":"status-publish","4":"has-post-thumbnail","6":"product_cat-perte-de-poids","8":"first","9":"instock","10":"sale","11":"shipping-taxable","12":"product-type-external"},"yoast_head":"<!-- This site is optimized with the Yoast SEO plugin v27.4 - https:\/\/yoast.com\/product\/yoast-seo-wordpress\/ -->\n<title>Green Barley Plus - Avis, Forum, Pharmacie, Effets, Prix -50% | Pharmacie-Progres-Pannes<\/title>\n<meta name=\"robots\" content=\"index, follow, max-snippet:-1, max-image-preview:large, max-video-preview:-1\" \/>\n<link rel=\"canonical\" href=\"https:\/\/pharmacie-progres-cannes.fr\/pharmacie\/supp\/green-barley-plus\/\" \/>\n<meta property=\"og:locale\" content=\"fr_FR\" \/>\n<meta property=\"og:type\" content=\"article\" \/>\n<meta property=\"og:title\" content=\"Green Barley Plus - Avis, Forum, Pharmacie, Effets, Prix -50% | Pharmacie-Progres-Pannes\" \/>\n<meta property=\"og:url\" content=\"https:\/\/pharmacie-progres-cannes.fr\/pharmacie\/supp\/green-barley-plus\/\" \/>\n<meta property=\"og:site_name\" content=\"Pharmacie-Progres-Pannes\" \/>\n<meta property=\"article:modified_time\" content=\"2025-03-09T11:57:53+00:00\" \/>\n<meta property=\"og:image\" content=\"https:\/\/pharmacie-progres-cannes.fr\/pharmacie\/wp-content\/uploads\/2024\/10\/Green-Barley-Plus.jpg\" \/>\n\t<meta property=\"og:image:width\" content=\"768\" \/>\n\t<meta property=\"og:image:height\" content=\"768\" \/>\n\t<meta property=\"og:image:type\" content=\"image\/jpeg\" \/>\n<meta name=\"twitter:card\" content=\"summary_large_image\" \/>\n<meta name=\"twitter:description\" content=\"[date_countdown]\" \/>\n<meta name=\"twitter:label1\" content=\"Dur\u00e9e de lecture estim\u00e9e\" \/>\n\t<meta name=\"twitter:data1\" content=\"1 minute\" \/>\n<script type=\"application\/ld+json\" class=\"yoast-schema-graph\">{\"@context\":\"https:\\\/\\\/schema.org\",\"@graph\":[{\"@type\":\"WebPage\",\"@id\":\"https:\\\/\\\/pharmacie-progres-cannes.fr\\\/pharmacie\\\/supp\\\/green-barley-plus\\\/\",\"url\":\"https:\\\/\\\/pharmacie-progres-cannes.fr\\\/pharmacie\\\/supp\\\/green-barley-plus\\\/\",\"name\":\"Green Barley Plus - Avis, Forum, Pharmacie, Effets, Prix -50% | Pharmacie-Progres-Pannes\",\"isPartOf\":{\"@id\":\"https:\\\/\\\/pharmacie-progres-cannes.fr\\\/pharmacie\\\/#website\"},\"primaryImageOfPage\":{\"@id\":\"https:\\\/\\\/pharmacie-progres-cannes.fr\\\/pharmacie\\\/supp\\\/green-barley-plus\\\/#primaryimage\"},\"image\":{\"@id\":\"https:\\\/\\\/pharmacie-progres-cannes.fr\\\/pharmacie\\\/supp\\\/green-barley-plus\\\/#primaryimage\"},\"thumbnailUrl\":\"https:\\\/\\\/pharmacie-progres-cannes.fr\\\/pharmacie\\\/wp-content\\\/uploads\\\/2024\\\/10\\\/Green-Barley-Plus.jpg\",\"datePublished\":\"2024-10-18T19:46:26+00:00\",\"dateModified\":\"2025-03-09T11:57:53+00:00\",\"breadcrumb\":{\"@id\":\"https:\\\/\\\/pharmacie-progres-cannes.fr\\\/pharmacie\\\/supp\\\/green-barley-plus\\\/#breadcrumb\"},\"inLanguage\":\"fr-FR\",\"potentialAction\":[{\"@type\":\"ReadAction\",\"target\":[\"https:\\\/\\\/pharmacie-progres-cannes.fr\\\/pharmacie\\\/supp\\\/green-barley-plus\\\/\"]}]},{\"@type\":\"ImageObject\",\"inLanguage\":\"fr-FR\",\"@id\":\"https:\\\/\\\/pharmacie-progres-cannes.fr\\\/pharmacie\\\/supp\\\/green-barley-plus\\\/#primaryimage\",\"url\":\"https:\\\/\\\/pharmacie-progres-cannes.fr\\\/pharmacie\\\/wp-content\\\/uploads\\\/2024\\\/10\\\/Green-Barley-Plus.jpg\",\"contentUrl\":\"https:\\\/\\\/pharmacie-progres-cannes.fr\\\/pharmacie\\\/wp-content\\\/uploads\\\/2024\\\/10\\\/Green-Barley-Plus.jpg\",\"width\":768,\"height\":768},{\"@type\":\"BreadcrumbList\",\"@id\":\"https:\\\/\\\/pharmacie-progres-cannes.fr\\\/pharmacie\\\/supp\\\/green-barley-plus\\\/#breadcrumb\",\"itemListElement\":[{\"@type\":\"ListItem\",\"position\":1,\"name\":\"Strona g\u0142\u00f3wna\",\"item\":\"https:\\\/\\\/pharmacie-progres-cannes.fr\\\/pharmacie\\\/\"},{\"@type\":\"ListItem\",\"position\":2,\"name\":\"farmaci\",\"item\":\"https:\\\/\\\/pharmacie-progres-cannes.fr\\\/pharmacie\\\/\"},{\"@type\":\"ListItem\",\"position\":3,\"name\":\"Green Barley Plus\"}]},{\"@type\":\"WebSite\",\"@id\":\"https:\\\/\\\/pharmacie-progres-cannes.fr\\\/pharmacie\\\/#website\",\"url\":\"https:\\\/\\\/pharmacie-progres-cannes.fr\\\/pharmacie\\\/\",\"name\":\"Pharmacie-Progres-Pannes\",\"description\":\"\",\"potentialAction\":[{\"@type\":\"SearchAction\",\"target\":{\"@type\":\"EntryPoint\",\"urlTemplate\":\"https:\\\/\\\/pharmacie-progres-cannes.fr\\\/pharmacie\\\/?s={search_term_string}\"},\"query-input\":{\"@type\":\"PropertyValueSpecification\",\"valueRequired\":true,\"valueName\":\"search_term_string\"}}],\"inLanguage\":\"fr-FR\"}]}<\/script>\n<!-- \/ Yoast SEO plugin. -->","yoast_head_json":{"title":"Green Barley Plus - Avis, Forum, Pharmacie, Effets, Prix -50% | Pharmacie-Progres-Pannes","robots":{"index":"index","follow":"follow","max-snippet":"max-snippet:-1","max-image-preview":"max-image-preview:large","max-video-preview":"max-video-preview:-1"},"canonical":"https:\/\/pharmacie-progres-cannes.fr\/pharmacie\/supp\/green-barley-plus\/","og_locale":"fr_FR","og_type":"article","og_title":"Green Barley Plus - Avis, Forum, Pharmacie, Effets, Prix -50% | Pharmacie-Progres-Pannes","og_url":"https:\/\/pharmacie-progres-cannes.fr\/pharmacie\/supp\/green-barley-plus\/","og_site_name":"Pharmacie-Progres-Pannes","article_modified_time":"2025-03-09T11:57:53+00:00","og_image":[{"width":768,"height":768,"url":"https:\/\/pharmacie-progres-cannes.fr\/pharmacie\/wp-content\/uploads\/2024\/10\/Green-Barley-Plus.jpg","type":"image\/jpeg"}],"twitter_card":"summary_large_image","twitter_description":"[date_countdown]","twitter_misc":{"Dur\u00e9e de lecture estim\u00e9e":"1 minute"},"schema":{"@context":"https:\/\/schema.org","@graph":[{"@type":"WebPage","@id":"https:\/\/pharmacie-progres-cannes.fr\/pharmacie\/supp\/green-barley-plus\/","url":"https:\/\/pharmacie-progres-cannes.fr\/pharmacie\/supp\/green-barley-plus\/","name":"Green Barley Plus - Avis, Forum, Pharmacie, Effets, Prix -50% | Pharmacie-Progres-Pannes","isPartOf":{"@id":"https:\/\/pharmacie-progres-cannes.fr\/pharmacie\/#website"},"primaryImageOfPage":{"@id":"https:\/\/pharmacie-progres-cannes.fr\/pharmacie\/supp\/green-barley-plus\/#primaryimage"},"image":{"@id":"https:\/\/pharmacie-progres-cannes.fr\/pharmacie\/supp\/green-barley-plus\/#primaryimage"},"thumbnailUrl":"https:\/\/pharmacie-progres-cannes.fr\/pharmacie\/wp-content\/uploads\/2024\/10\/Green-Barley-Plus.jpg","datePublished":"2024-10-18T19:46:26+00:00","dateModified":"2025-03-09T11:57:53+00:00","breadcrumb":{"@id":"https:\/\/pharmacie-progres-cannes.fr\/pharmacie\/supp\/green-barley-plus\/#breadcrumb"},"inLanguage":"fr-FR","potentialAction":[{"@type":"ReadAction","target":["https:\/\/pharmacie-progres-cannes.fr\/pharmacie\/supp\/green-barley-plus\/"]}]},{"@type":"ImageObject","inLanguage":"fr-FR","@id":"https:\/\/pharmacie-progres-cannes.fr\/pharmacie\/supp\/green-barley-plus\/#primaryimage","url":"https:\/\/pharmacie-progres-cannes.fr\/pharmacie\/wp-content\/uploads\/2024\/10\/Green-Barley-Plus.jpg","contentUrl":"https:\/\/pharmacie-progres-cannes.fr\/pharmacie\/wp-content\/uploads\/2024\/10\/Green-Barley-Plus.jpg","width":768,"height":768},{"@type":"BreadcrumbList","@id":"https:\/\/pharmacie-progres-cannes.fr\/pharmacie\/supp\/green-barley-plus\/#breadcrumb","itemListElement":[{"@type":"ListItem","position":1,"name":"Strona g\u0142\u00f3wna","item":"https:\/\/pharmacie-progres-cannes.fr\/pharmacie\/"},{"@type":"ListItem","position":2,"name":"farmaci","item":"https:\/\/pharmacie-progres-cannes.fr\/pharmacie\/"},{"@type":"ListItem","position":3,"name":"Green Barley Plus"}]},{"@type":"WebSite","@id":"https:\/\/pharmacie-progres-cannes.fr\/pharmacie\/#website","url":"https:\/\/pharmacie-progres-cannes.fr\/pharmacie\/","name":"Pharmacie-Progres-Pannes","description":"","potentialAction":[{"@type":"SearchAction","target":{"@type":"EntryPoint","urlTemplate":"https:\/\/pharmacie-progres-cannes.fr\/pharmacie\/?s={search_term_string}"},"query-input":{"@type":"PropertyValueSpecification","valueRequired":true,"valueName":"search_term_string"}}],"inLanguage":"fr-FR"}]}},"_links":{"self":[{"href":"https:\/\/pharmacie-progres-cannes.fr\/pharmacie\/wp-json\/wp\/v2\/product\/4556","targetHints":{"allow":["GET"]}}],"collection":[{"href":"https:\/\/pharmacie-progres-cannes.fr\/pharmacie\/wp-json\/wp\/v2\/product"}],"about":[{"href":"https:\/\/pharmacie-progres-cannes.fr\/pharmacie\/wp-json\/wp\/v2\/types\/product"}],"replies":[{"embeddable":true,"href":"https:\/\/pharmacie-progres-cannes.fr\/pharmacie\/wp-json\/wp\/v2\/comments?post=4556"}],"wp:featuredmedia":[{"embeddable":true,"href":"https:\/\/pharmacie-progres-cannes.fr\/pharmacie\/wp-json\/wp\/v2\/media\/3996"}],"wp:attachment":[{"href":"https:\/\/pharmacie-progres-cannes.fr\/pharmacie\/wp-json\/wp\/v2\/media?parent=4556"}],"wp:term":[{"taxonomy":"product_brand","embeddable":true,"href":"https:\/\/pharmacie-progres-cannes.fr\/pharmacie\/wp-json\/wp\/v2\/product_brand?post=4556"},{"taxonomy":"product_cat","embeddable":true,"href":"https:\/\/pharmacie-progres-cannes.fr\/pharmacie\/wp-json\/wp\/v2\/product_cat?post=4556"},{"taxonomy":"product_tag","embeddable":true,"href":"https:\/\/pharmacie-progres-cannes.fr\/pharmacie\/wp-json\/wp\/v2\/product_tag?post=4556"}],"curies":[{"name":"wp","href":"https:\/\/api.w.org\/{rel}","templated":true}]}}