{"id":4555,"date":"2024-10-18T19:46:26","date_gmt":"2024-10-18T19:46:26","guid":{"rendered":"https:\/\/chirurgie-orthopedie-vannes.fr\/pharmacie\/?post_type=product&#038;p=4555"},"modified":"2025-03-17T17:27:28","modified_gmt":"2025-03-17T17:27:28","slug":"green-coffee-5k","status":"publish","type":"product","link":"https:\/\/pharmacie-progres-cannes.fr\/pharmacie\/supp\/green-coffee-5k\/","title":{"rendered":"Green Coffee 5K"},"content":{"rendered":"\n<h2 class=\"wp-block-heading\">Qu&rsquo;est-ce que le caf\u00e9 vert 5K et comment fonctionne-t-il ?<\/h2>\n\n\n\n<p><b>Green Coffee 5K<\/b> est un <b>compl\u00e9ment alimentaire<\/b> moderne \u00e0 base d&rsquo;extrait de caf\u00e9 vert, de plus en plus populaire parmi les personnes qui recherchent des m\u00e9thodes efficaces pour soutenir la r\u00e9duction du poids. Le principal ingr\u00e9dient actif de ce compl\u00e9ment est l&rsquo;<b>acide chlorog\u00e9nique<\/b>, un compos\u00e9 naturel qui joue un r\u00f4le cl\u00e9 dans les processus m\u00e9taboliques de l&rsquo;organisme.<\/p>\n\n\n\n<p><b>Les effets du<\/b> caf\u00e9 vert 5K comprennent plusieurs aspects importants. Tout d&rsquo;abord, l&rsquo;<b>acide chlorog\u00e9nique<\/b> contribue \u00e0 abaisser les niveaux de glucose sanguin et d&rsquo;insuline. Cette <b>action<\/b> a pour effet de r\u00e9duire l&rsquo;app\u00e9tit, ce qui peut se traduire par une diminution de la consommation d&rsquo;en-cas malsains. L&rsquo;<b>extrait de caf\u00e9 vert<\/b> peut transformer les graisses en \u00e9nergie, ce qui est extr\u00eamement b\u00e9n\u00e9fique pour les personnes en surpoids et ob\u00e8ses. Des \u00e9tudes ont d\u00e9montr\u00e9 que la perte de poids peut atteindre 10 % en cas d&rsquo;utilisation r\u00e9guli\u00e8re de ce compl\u00e9ment.<\/p>\n\n\n\n<p>Une g\u00e9lule de Green Coffee 5K contient 250 mg d&rsquo;extrait de caf\u00e9 vert, correspondant \u00e0 50 mg d&rsquo;acide chlorog\u00e9nique. L&rsquo;effet de cette forme de suppl\u00e9mentation peut acc\u00e9l\u00e9rer le m\u00e9tabolisme de 11 %, ce qui favorise une combustion plus efficace des calories. Les utilisateurs remarquent souvent une am\u00e9lioration significative des niveaux d&rsquo;\u00e9nergie, ce qui se traduit par de meilleures performances pendant les s\u00e9ances d&rsquo;entra\u00eenement.<\/p>\n\n\n\n<p>Green Coffee 5K est une solution efficace pour les personnes souhaitant r\u00e9duire leur poids corporel, am\u00e9liorer leur forme physique et lutter contre l&rsquo;effet yo-yo apr\u00e8s un r\u00e9gime. Chaque bo\u00eete contient 60 g\u00e9lules, soit un mois de traitement, \u00e0 raison de deux comprim\u00e9s par jour.<\/p>\n\n\n\n<h2 class=\"wp-block-heading\">Quels sont les effets du caf\u00e9 vert 5K ?<\/h2>\n\n\n\n<p><b>L&rsquo;utilisation de<\/b> Green Coffee 5K peut apporter des <b>r\u00e9sultats<\/b> visibles en mati\u00e8re de perte de poids. <b>Le suppl\u00e9ment<\/b> contient 5 000 mg d&rsquo;extrait de caf\u00e9 vert par portion, ce qui contribue \u00e0 acc\u00e9l\u00e9rer le m\u00e9tabolisme. Par cons\u00e9quent, les utilisateurs peuvent br\u00fbler des calories de mani\u00e8re efficace. De nombreuses personnes, dont Anna87, font \u00e9tat d&rsquo;une r\u00e9duction de poids efficace, avec une perte moyenne de 8 kg en quelques semaines. En outre, le caf\u00e9 vert 5K aide \u00e0 r\u00e9duire l&rsquo;app\u00e9tit, ce qui est un \u00e9l\u00e9ment cl\u00e9 dans le processus de perte de poids.<\/p>\n\n\n\n<p>L&rsquo;<b>acide chlorog\u00e9nique<\/b>, pr\u00e9sent dans le caf\u00e9 vert, ralentit l&rsquo;absorption du glucose, ce qui peut emp\u00eacher l&rsquo;accumulation d&rsquo;exc\u00e8s de graisse dans l&rsquo;organisme. Les utilisateurs rapportent que l&rsquo;<b>utilisation<\/b> r\u00e9guli\u00e8re <b>du<\/b> compl\u00e9ment permet d&rsquo;am\u00e9liorer l&rsquo;apparence de la peau et d&rsquo;accro\u00eetre le bien-\u00eatre g\u00e9n\u00e9ral, ainsi que l&rsquo;\u00e9nergie. Les <b>effets sur<\/b> la sant\u00e9 comprennent la r\u00e9gulation du glucose et l&rsquo;am\u00e9lioration du profil lipidique.<\/p>\n\n\n\n<p>Les <b>avis des<\/b> utilisateurs tiennent compte du fait que le caf\u00e9 vert 5K peut r\u00e9duire le risque d&rsquo;effet yo-yo apr\u00e8s le traitement, ce qui augmente encore son attrait en tant que soutien \u00e0 la perte de poids. Gr\u00e2ce \u00e0 une utilisation r\u00e9guli\u00e8re de ce compl\u00e9ment, de nombreuses personnes font \u00e9tat d&rsquo;une am\u00e9lioration de leur \u00e9tat de sant\u00e9 g\u00e9n\u00e9ral.<\/p>\n\n\n\n<h2 class=\"wp-block-heading\">Comment utiliser correctement le caf\u00e9 vert 5K &#8211; Dosage<\/h2>\n\n\n\n<p>Le <b>dosage<\/b> correct <b>de<\/b> Green Coffee 5K est un \u00e9l\u00e9ment cl\u00e9 dans l&rsquo;utilisation efficace de ce compl\u00e9ment alimentaire. La dose recommand\u00e9e est d&rsquo;une g\u00e9lule \u00e0 prendre deux fois par jour, toujours avant les repas. Il convient de noter que la quantit\u00e9 optimale est d&rsquo;environ 500 mg par jour, ce qui a \u00e9t\u00e9 confirm\u00e9 par des \u00e9tudes cliniques. <b>Le compl\u00e9ment<\/b> est enrichi d&rsquo;ingr\u00e9dients tels que la vitamine B6, le chrome et l&rsquo;acide chlorog\u00e9nique, qui favorisent le m\u00e9tabolisme et la combustion des graisses.<\/p>\n\n\n\n<p>Les personnes qui envisagent de commencer \u00e0 prendre du caf\u00e9 vert 5K devraient consulter un m\u00e9decin ou un nutritionniste. Cette d\u00e9marche permettra d&rsquo;adapter le <b>dosage<\/b> aux besoins de l&rsquo;organisme, en particulier pour les personnes qui limitent leur consommation de caf\u00e9ine. Selon l&rsquo;\u00e9tude, 98 % des volontaires n&rsquo;ont pas eu faim apr\u00e8s avoir pris le suppl\u00e9ment, ce qui peut favoriser la perte de poids.<\/p>\n\n\n\n<figure class=\"wp-block-table\"><table class=\"has-fixed-layout\"><tbody><tr><th>Param\u00e8tres<\/th><th>Donn\u00e9es<\/th><\/tr><tr><td><b>Dosage<\/b> optimal<\/td><td>500 mg par jour (2 g\u00e9lules)<\/td><\/tr><tr><td>Perte de poids moyenne des utilisateurs<\/td><td>15 kg<\/td><\/tr><tr><td>Temps d&rsquo;application des effets<\/td><td>Au moins quelques semaines<\/td><\/tr><tr><td><b>Effets secondaires<\/b><\/td><td>Troubles gastro-intestinaux (en cas de d\u00e9passement de la dose)<\/td><\/tr><tr><td><b>Contre-indications<\/b><\/td><td>Femmes enceintes et allaitantes, enfants de moins de 18 ans.<\/td><\/tr><\/tbody><\/table><\/figure>\n\n\n\n<p>L&rsquo;<b>utilisation<\/b> r\u00e9guli\u00e8re <b>de<\/b> Green Coffee 5K peut conduire \u00e0 une am\u00e9lioration du m\u00e9tabolisme et de l&rsquo;efficacit\u00e9 de la combustion des calories. Il convient de rappeler que les <b>effets de la<\/b> prise du compl\u00e9ment peuvent varier en fonction des conditions corporelles individuelles. En appliquant les <b>conseils<\/b> ci-dessus, il est possible d&rsquo;obtenir des r\u00e9sultats optimaux en mati\u00e8re de perte de poids.<\/p>\n\n\n\n<h2 class=\"wp-block-heading\">Exp\u00e9riences et commentaires des utilisateurs de Green Coffee 5K &#8211; quels sont les commentaires ?<\/h2>\n\n\n\n<p>Les <b>avis sur le<\/b> compl\u00e9ment alimentaire Green Coffee 5K sont de plus en plus reconnus par les utilisateurs. De nombreuses personnes partagent des <em>exp\u00e9riences<\/em> positives qui attestent de l&rsquo;efficacit\u00e9 du produit. Un exemple est le rapport d&rsquo;un utilisateur qui a constat\u00e9 une perte de poids visible apr\u00e8s seulement deux mois d&rsquo;utilisation, ce qui souligne l&rsquo;importance de la r\u00e9gularit\u00e9 dans la prise de ce compl\u00e9ment. Les utilisateurs soulignent une am\u00e9lioration de leur bien-\u00eatre g\u00e9n\u00e9ral et un gain d&rsquo;\u00e9nergie, comme le confirment de nombreux <em>avis<\/em>.<\/p>\n\n\n\n<p>L&rsquo;expert en sant\u00e9 note que les 5 000 mg d&rsquo;extrait de caf\u00e9 vert par capsule de Green Coffee 5K ont un effet positif sur le contr\u00f4le de l&rsquo;app\u00e9tit et peuvent am\u00e9liorer le m\u00e9tabolisme. Les utilisateurs sont heureux de souligner que les <em>commentaires d&rsquo;<\/em> autres clients montrent que le <b>suppl\u00e9ment<\/b> soutient un r\u00e9gime alimentaire sain et qu&rsquo;une utilisation r\u00e9guli\u00e8re peut conduire \u00e0 une r\u00e9duction de poids efficace.<\/p>\n\n\n\n<figure class=\"wp-block-table\"><table class=\"has-fixed-layout\"><tbody><tr><th>Nom et \u00e2ge<\/th><th>Exp\u00e9rience<\/th><th>Opinions<\/th><\/tr><tr><td>Kasia, 32 ans<\/td><td>5 kg en moins en 2 mois<\/td><td>Je me sens mieux et j&rsquo;ai plus d&rsquo;\u00e9nergie.<\/td><\/tr><tr><td>Marek, 29 ans<\/td><td>Am\u00e9lioration du contr\u00f4le de l&rsquo;app\u00e9tit<\/td><td>Ma glyc\u00e9mie s&rsquo;est am\u00e9lior\u00e9e.<\/td><\/tr><tr><td>Aneta, 41 ans<\/td><td>R\u00e9duction du poids et am\u00e9lioration de la condition physique<\/td><td>C&rsquo;est un bon choix pour les personnes en surpoids.<\/td><\/tr><\/tbody><\/table><\/figure>\n\n\n\n<p>En conclusion, les <em>avis sur<\/em> le caf\u00e9 vert 5K montrent une tendance positive chez les utilisateurs, qui remarquent non seulement des changements de poids, mais aussi des am\u00e9liorations de leur \u00e9tat de sant\u00e9 g\u00e9n\u00e9ral. Les ingr\u00e9dients utilis\u00e9s, tels que l&rsquo;acide chlorog\u00e9nique et la vitamine B6, soutiennent les processus m\u00e9taboliques, ce qui contribue aux effets positifs. La prise r\u00e9guli\u00e8re des g\u00e9lules et les <em>exp\u00e9riences<\/em> positives rendent le produit tr\u00e8s populaire en tant que <b>compl\u00e9ment alimentaire<\/b> efficace.<\/p>\n\n\n\n<h2 class=\"wp-block-heading\">Caf\u00e9 Vert 5K &#8211; Composition &#8211; Analyse des ingr\u00e9dients<\/h2>\n\n\n\n<p>Green Coffee 5K est un compl\u00e9ment qui se distingue sur le march\u00e9 gr\u00e2ce \u00e0 ses ingr\u00e9dients, dont l&rsquo;extrait de caf\u00e9 vert. Chaque g\u00e9lule contient 5000 mg de ce puissant extrait, ce qui en fait l&rsquo;un des compl\u00e9ments les plus puissants de sa cat\u00e9gorie. L&rsquo;<b>analyse des<\/b> ingr\u00e9dients montre que l&rsquo;\u00e9l\u00e9ment principal est l&rsquo;acide chlorog\u00e9nique, qui joue un r\u00f4le cl\u00e9 dans la r\u00e9gulation du m\u00e9tabolisme et le soutien \u00e0 la perte de poids.<\/p>\n\n\n\n<p>Pour 5 000 mg d&rsquo;extrait, on trouve jusqu&rsquo;\u00e0 50 mg d&rsquo;acide chlorog\u00e9nique, qui contribue \u00e0 r\u00e9duire l&rsquo;absorption du glucose et \u00e0 procurer une sensation de sati\u00e9t\u00e9 durable. L&rsquo;utilisation r\u00e9guli\u00e8re de Green Coffee 5K permet d&rsquo;obtenir des r\u00e9sultats notables, les utilisateurs rapportant une perte de poids allant jusqu&rsquo;\u00e0 3 kg par mois. Le produit apporte de nombreux nutriments tels que le magn\u00e9sium, les polyph\u00e9nols, les vitamines B, l&rsquo;acide folique et la vitamine C.<\/p>\n\n\n\n<p>Une dose journali\u00e8re de 400 \u00e0 800 mg d&rsquo;acide chlorog\u00e9nique est recommand\u00e9e, r\u00e9partie en 2 \u00e0 3 prises. Le caf\u00e9 vert 5K est exempt d&rsquo;additifs artificiels et de conservateurs, ce qui en fait un soutien naturel pour les personnes souhaitant r\u00e9duire leur poids. Outre les propri\u00e9t\u00e9s antioxydantes de l&rsquo;acide chlorog\u00e9nique, le suppl\u00e9ment soutient \u00e9galement les fonctions c\u00e9r\u00e9brales et nettoie l&rsquo;organisme.<\/p>\n\n\n\n<p>Lorsque vous d\u00e9cidez d&rsquo;inclure le caf\u00e9 vert 5K dans votre r\u00e9gime alimentaire, il vaut la peine de le combiner avec un mode de vie sain, ce qui augmentera encore l&rsquo;efficacit\u00e9 du suppl\u00e9ment. Une activit\u00e9 physique r\u00e9guli\u00e8re et le maintien d&rsquo;un bon \u00e9quilibre \u00e9nerg\u00e9tique sont encourag\u00e9s, ce qui, associ\u00e9 \u00e0 ce suppl\u00e9ment, donne les meilleurs r\u00e9sultats dans le processus de perte de poids.<\/p>\n\n\n\n<h2 class=\"wp-block-heading\">O\u00f9 acheter et combien co\u00fbte le caf\u00e9 vert 5K &#8211; prix<\/h2>\n\n\n\n<p>Le caf\u00e9 vert 5K ne peut \u00eatre achet\u00e9 que sur <em>le site officiel du fabricant<\/em>. Cette forme d&rsquo;achat garantit l&rsquo;authenticit\u00e9 du produit et \u00e9limine le risque d&rsquo;acheter des contrefa\u00e7ons. Les prix de Green Coffee 5K peuvent varier en fonction des promotions, il est donc utile de v\u00e9rifier r\u00e9guli\u00e8rement l&rsquo;offre sur le site.<\/p>\n\n\n\n<p>Le prix du caf\u00e9 vert 5K est variable et d\u00e9pend de la promotion en cours. L&rsquo;achat direct aupr\u00e8s du <em>fabricant officiel<\/em> s&rsquo;accompagne souvent d&rsquo;avantages suppl\u00e9mentaires, tels que la livraison gratuite ou une garantie de satisfaction. Les d\u00e9lais de livraison des commandes varient de 1 \u00e0 3 jours ouvrables, ce qui rend le processus rapide et pratique.<\/p>\n\n\n\n<p>Il convient de noter que le produit n&rsquo;est pas disponible dans les pharmacies stationnaires. Il est donc essentiel de savoir <em>o\u00f9 acheter le<\/em> caf\u00e9 vert 5K afin d&rsquo;obtenir le suppl\u00e9ment original de soutien \u00e0 la <b>perte de poids<\/b>.<\/p>\n\n\n\n<h2 class=\"wp-block-heading\">Effets secondaires potentiels et contre-indications du caf\u00e9 vert 5K<\/h2>\n\n\n\n<p>Le caf\u00e9 vert 5K, bien que consid\u00e9r\u00e9 comme un <b>compl\u00e9ment<\/b> alimentaire <b>naturel<\/b>, peut \u00eatre associ\u00e9 \u00e0 certains effets secondaires. Les utilisateurs rapportent parfois des sympt\u00f4mes tels que des maux de t\u00eate, des probl\u00e8mes digestifs ou des troubles du sommeil, surtout en cas de consommation excessive. Les personnes sensibles \u00e0 la caf\u00e9ine doivent aborder son utilisation avec prudence, en tenant compte des probl\u00e8mes de sant\u00e9 potentiels.<\/p>\n\n\n\n<p>Il convient \u00e9galement de noter <b>les contre-indications<\/b> \u00e0 l&rsquo;utilisation du caf\u00e9 vert 5K. Ce compl\u00e9ment est d\u00e9conseill\u00e9 aux femmes enceintes et \u00e0 celles qui allaitent. En outre, les personnes \u00e2g\u00e9es de moins de 18 ans et celles qui sont allergiques aux ingr\u00e9dients doivent \u00e9galement s&rsquo;abstenir de le prendre. Il est toujours conseill\u00e9 de consulter un m\u00e9decin avant de commencer une suppl\u00e9mentation afin de s&rsquo;assurer que le produit est adapt\u00e9 \u00e0 l&rsquo;individu.<\/p>\n\n\n\n<p>En fin de compte, si le caf\u00e9 vert 5K peut contribuer \u00e0 la perte de poids, il ne remplace pas un mode de vie sain. Une bonne alimentation et une activit\u00e9 physique r\u00e9guli\u00e8re restent la cl\u00e9 pour obtenir des r\u00e9sultats durables en mati\u00e8re de perte de poids. Une consultation avec un sp\u00e9cialiste peut aider \u00e0 \u00e9valuer la s\u00e9curit\u00e9 et l&rsquo;efficacit\u00e9 de ce suppl\u00e9ment dans votre cas particulier.<\/p>\n","protected":false},"excerpt":{"rendered":"<p><strong>[date_countdown]<\/strong><\/p>\n<p><img decoding=\"async\" class=\"alignnone  wp-image-8427\" src=\"https:\/\/pharmacie-progres-cannes.fr\/pharmacie\/wp-content\/uploads\/2024\/10\/SAFE-PAY-300x88-1.png\" alt=\"SAFE-PAY-300x88\" width=\"164\" height=\"48\" \/><\/p>\n","protected":false},"featured_media":4570,"comment_status":"open","ping_status":"closed","template":"","meta":{"neve_meta_sidebar":"","neve_meta_container":"","neve_meta_enable_content_width":"","neve_meta_content_width":0,"neve_meta_title_alignment":"","neve_meta_author_avatar":"","neve_post_elements_order":"","neve_meta_disable_header":"","neve_meta_disable_footer":"","neve_meta_disable_title":"","neve_meta_reading_time":""},"product_brand":[],"product_cat":[15],"product_tag":[],"class_list":{"0":"post-4555","1":"product","2":"type-product","3":"status-publish","4":"has-post-thumbnail","6":"product_cat-perte-de-poids","8":"first","9":"instock","10":"sale","11":"shipping-taxable","12":"product-type-external"},"yoast_head":"<!-- This site is optimized with the Yoast SEO plugin v27.4 - https:\/\/yoast.com\/product\/yoast-seo-wordpress\/ -->\n<title>Green Coffee 5K - Avis, Forum, Pharmacie, Effets, Prix -50% | Pharmacie-Progres-Pannes<\/title>\n<meta name=\"robots\" content=\"index, follow, max-snippet:-1, max-image-preview:large, max-video-preview:-1\" \/>\n<link rel=\"canonical\" href=\"https:\/\/pharmacie-progres-cannes.fr\/pharmacie\/supp\/green-coffee-5k\/\" \/>\n<meta property=\"og:locale\" content=\"fr_FR\" \/>\n<meta property=\"og:type\" content=\"article\" \/>\n<meta property=\"og:title\" content=\"Green Coffee 5K - Avis, Forum, Pharmacie, Effets, Prix -50% | Pharmacie-Progres-Pannes\" \/>\n<meta property=\"og:url\" content=\"https:\/\/pharmacie-progres-cannes.fr\/pharmacie\/supp\/green-coffee-5k\/\" \/>\n<meta property=\"og:site_name\" content=\"Pharmacie-Progres-Pannes\" \/>\n<meta property=\"article:modified_time\" content=\"2025-03-17T17:27:28+00:00\" \/>\n<meta property=\"og:image\" content=\"https:\/\/pharmacie-progres-cannes.fr\/pharmacie\/wp-content\/uploads\/2024\/10\/Green-Coffee-5K.jpg\" \/>\n\t<meta property=\"og:image:width\" content=\"768\" \/>\n\t<meta property=\"og:image:height\" content=\"768\" \/>\n\t<meta property=\"og:image:type\" content=\"image\/jpeg\" \/>\n<meta name=\"twitter:card\" content=\"summary_large_image\" \/>\n<meta name=\"twitter:description\" content=\"[date_countdown]\" \/>\n<meta name=\"twitter:label1\" content=\"Dur\u00e9e de lecture estim\u00e9e\" \/>\n\t<meta name=\"twitter:data1\" content=\"9 minutes\" \/>\n<script type=\"application\/ld+json\" class=\"yoast-schema-graph\">{\"@context\":\"https:\\\/\\\/schema.org\",\"@graph\":[{\"@type\":\"WebPage\",\"@id\":\"https:\\\/\\\/pharmacie-progres-cannes.fr\\\/pharmacie\\\/supp\\\/green-coffee-5k\\\/\",\"url\":\"https:\\\/\\\/pharmacie-progres-cannes.fr\\\/pharmacie\\\/supp\\\/green-coffee-5k\\\/\",\"name\":\"Green Coffee 5K - Avis, Forum, Pharmacie, Effets, Prix -50% | Pharmacie-Progres-Pannes\",\"isPartOf\":{\"@id\":\"https:\\\/\\\/pharmacie-progres-cannes.fr\\\/pharmacie\\\/#website\"},\"primaryImageOfPage\":{\"@id\":\"https:\\\/\\\/pharmacie-progres-cannes.fr\\\/pharmacie\\\/supp\\\/green-coffee-5k\\\/#primaryimage\"},\"image\":{\"@id\":\"https:\\\/\\\/pharmacie-progres-cannes.fr\\\/pharmacie\\\/supp\\\/green-coffee-5k\\\/#primaryimage\"},\"thumbnailUrl\":\"https:\\\/\\\/pharmacie-progres-cannes.fr\\\/pharmacie\\\/wp-content\\\/uploads\\\/2024\\\/10\\\/Green-Coffee-5K.jpg\",\"datePublished\":\"2024-10-18T19:46:26+00:00\",\"dateModified\":\"2025-03-17T17:27:28+00:00\",\"breadcrumb\":{\"@id\":\"https:\\\/\\\/pharmacie-progres-cannes.fr\\\/pharmacie\\\/supp\\\/green-coffee-5k\\\/#breadcrumb\"},\"inLanguage\":\"fr-FR\",\"potentialAction\":[{\"@type\":\"ReadAction\",\"target\":[\"https:\\\/\\\/pharmacie-progres-cannes.fr\\\/pharmacie\\\/supp\\\/green-coffee-5k\\\/\"]}]},{\"@type\":\"ImageObject\",\"inLanguage\":\"fr-FR\",\"@id\":\"https:\\\/\\\/pharmacie-progres-cannes.fr\\\/pharmacie\\\/supp\\\/green-coffee-5k\\\/#primaryimage\",\"url\":\"https:\\\/\\\/pharmacie-progres-cannes.fr\\\/pharmacie\\\/wp-content\\\/uploads\\\/2024\\\/10\\\/Green-Coffee-5K.jpg\",\"contentUrl\":\"https:\\\/\\\/pharmacie-progres-cannes.fr\\\/pharmacie\\\/wp-content\\\/uploads\\\/2024\\\/10\\\/Green-Coffee-5K.jpg\",\"width\":768,\"height\":768},{\"@type\":\"BreadcrumbList\",\"@id\":\"https:\\\/\\\/pharmacie-progres-cannes.fr\\\/pharmacie\\\/supp\\\/green-coffee-5k\\\/#breadcrumb\",\"itemListElement\":[{\"@type\":\"ListItem\",\"position\":1,\"name\":\"Strona g\u0142\u00f3wna\",\"item\":\"https:\\\/\\\/pharmacie-progres-cannes.fr\\\/pharmacie\\\/\"},{\"@type\":\"ListItem\",\"position\":2,\"name\":\"farmaci\",\"item\":\"https:\\\/\\\/pharmacie-progres-cannes.fr\\\/pharmacie\\\/\"},{\"@type\":\"ListItem\",\"position\":3,\"name\":\"Green Coffee 5K\"}]},{\"@type\":\"WebSite\",\"@id\":\"https:\\\/\\\/pharmacie-progres-cannes.fr\\\/pharmacie\\\/#website\",\"url\":\"https:\\\/\\\/pharmacie-progres-cannes.fr\\\/pharmacie\\\/\",\"name\":\"Pharmacie-Progres-Pannes\",\"description\":\"\",\"potentialAction\":[{\"@type\":\"SearchAction\",\"target\":{\"@type\":\"EntryPoint\",\"urlTemplate\":\"https:\\\/\\\/pharmacie-progres-cannes.fr\\\/pharmacie\\\/?s={search_term_string}\"},\"query-input\":{\"@type\":\"PropertyValueSpecification\",\"valueRequired\":true,\"valueName\":\"search_term_string\"}}],\"inLanguage\":\"fr-FR\"}]}<\/script>\n<!-- \/ Yoast SEO plugin. -->","yoast_head_json":{"title":"Green Coffee 5K - Avis, Forum, Pharmacie, Effets, Prix -50% | Pharmacie-Progres-Pannes","robots":{"index":"index","follow":"follow","max-snippet":"max-snippet:-1","max-image-preview":"max-image-preview:large","max-video-preview":"max-video-preview:-1"},"canonical":"https:\/\/pharmacie-progres-cannes.fr\/pharmacie\/supp\/green-coffee-5k\/","og_locale":"fr_FR","og_type":"article","og_title":"Green Coffee 5K - Avis, Forum, Pharmacie, Effets, Prix -50% | Pharmacie-Progres-Pannes","og_url":"https:\/\/pharmacie-progres-cannes.fr\/pharmacie\/supp\/green-coffee-5k\/","og_site_name":"Pharmacie-Progres-Pannes","article_modified_time":"2025-03-17T17:27:28+00:00","og_image":[{"width":768,"height":768,"url":"https:\/\/pharmacie-progres-cannes.fr\/pharmacie\/wp-content\/uploads\/2024\/10\/Green-Coffee-5K.jpg","type":"image\/jpeg"}],"twitter_card":"summary_large_image","twitter_description":"[date_countdown]","twitter_misc":{"Dur\u00e9e de lecture estim\u00e9e":"9 minutes"},"schema":{"@context":"https:\/\/schema.org","@graph":[{"@type":"WebPage","@id":"https:\/\/pharmacie-progres-cannes.fr\/pharmacie\/supp\/green-coffee-5k\/","url":"https:\/\/pharmacie-progres-cannes.fr\/pharmacie\/supp\/green-coffee-5k\/","name":"Green Coffee 5K - Avis, Forum, Pharmacie, Effets, Prix -50% | Pharmacie-Progres-Pannes","isPartOf":{"@id":"https:\/\/pharmacie-progres-cannes.fr\/pharmacie\/#website"},"primaryImageOfPage":{"@id":"https:\/\/pharmacie-progres-cannes.fr\/pharmacie\/supp\/green-coffee-5k\/#primaryimage"},"image":{"@id":"https:\/\/pharmacie-progres-cannes.fr\/pharmacie\/supp\/green-coffee-5k\/#primaryimage"},"thumbnailUrl":"https:\/\/pharmacie-progres-cannes.fr\/pharmacie\/wp-content\/uploads\/2024\/10\/Green-Coffee-5K.jpg","datePublished":"2024-10-18T19:46:26+00:00","dateModified":"2025-03-17T17:27:28+00:00","breadcrumb":{"@id":"https:\/\/pharmacie-progres-cannes.fr\/pharmacie\/supp\/green-coffee-5k\/#breadcrumb"},"inLanguage":"fr-FR","potentialAction":[{"@type":"ReadAction","target":["https:\/\/pharmacie-progres-cannes.fr\/pharmacie\/supp\/green-coffee-5k\/"]}]},{"@type":"ImageObject","inLanguage":"fr-FR","@id":"https:\/\/pharmacie-progres-cannes.fr\/pharmacie\/supp\/green-coffee-5k\/#primaryimage","url":"https:\/\/pharmacie-progres-cannes.fr\/pharmacie\/wp-content\/uploads\/2024\/10\/Green-Coffee-5K.jpg","contentUrl":"https:\/\/pharmacie-progres-cannes.fr\/pharmacie\/wp-content\/uploads\/2024\/10\/Green-Coffee-5K.jpg","width":768,"height":768},{"@type":"BreadcrumbList","@id":"https:\/\/pharmacie-progres-cannes.fr\/pharmacie\/supp\/green-coffee-5k\/#breadcrumb","itemListElement":[{"@type":"ListItem","position":1,"name":"Strona g\u0142\u00f3wna","item":"https:\/\/pharmacie-progres-cannes.fr\/pharmacie\/"},{"@type":"ListItem","position":2,"name":"farmaci","item":"https:\/\/pharmacie-progres-cannes.fr\/pharmacie\/"},{"@type":"ListItem","position":3,"name":"Green Coffee 5K"}]},{"@type":"WebSite","@id":"https:\/\/pharmacie-progres-cannes.fr\/pharmacie\/#website","url":"https:\/\/pharmacie-progres-cannes.fr\/pharmacie\/","name":"Pharmacie-Progres-Pannes","description":"","potentialAction":[{"@type":"SearchAction","target":{"@type":"EntryPoint","urlTemplate":"https:\/\/pharmacie-progres-cannes.fr\/pharmacie\/?s={search_term_string}"},"query-input":{"@type":"PropertyValueSpecification","valueRequired":true,"valueName":"search_term_string"}}],"inLanguage":"fr-FR"}]}},"_links":{"self":[{"href":"https:\/\/pharmacie-progres-cannes.fr\/pharmacie\/wp-json\/wp\/v2\/product\/4555","targetHints":{"allow":["GET"]}}],"collection":[{"href":"https:\/\/pharmacie-progres-cannes.fr\/pharmacie\/wp-json\/wp\/v2\/product"}],"about":[{"href":"https:\/\/pharmacie-progres-cannes.fr\/pharmacie\/wp-json\/wp\/v2\/types\/product"}],"replies":[{"embeddable":true,"href":"https:\/\/pharmacie-progres-cannes.fr\/pharmacie\/wp-json\/wp\/v2\/comments?post=4555"}],"wp:featuredmedia":[{"embeddable":true,"href":"https:\/\/pharmacie-progres-cannes.fr\/pharmacie\/wp-json\/wp\/v2\/media\/4570"}],"wp:attachment":[{"href":"https:\/\/pharmacie-progres-cannes.fr\/pharmacie\/wp-json\/wp\/v2\/media?parent=4555"}],"wp:term":[{"taxonomy":"product_brand","embeddable":true,"href":"https:\/\/pharmacie-progres-cannes.fr\/pharmacie\/wp-json\/wp\/v2\/product_brand?post=4555"},{"taxonomy":"product_cat","embeddable":true,"href":"https:\/\/pharmacie-progres-cannes.fr\/pharmacie\/wp-json\/wp\/v2\/product_cat?post=4555"},{"taxonomy":"product_tag","embeddable":true,"href":"https:\/\/pharmacie-progres-cannes.fr\/pharmacie\/wp-json\/wp\/v2\/product_tag?post=4555"}],"curies":[{"name":"wp","href":"https:\/\/api.w.org\/{rel}","templated":true}]}}