{"id":4551,"date":"2024-10-18T19:46:26","date_gmt":"2024-10-18T19:46:26","guid":{"rendered":"https:\/\/chirurgie-orthopedie-vannes.fr\/pharmacie\/?post_type=product&#038;p=4551"},"modified":"2025-03-09T11:56:54","modified_gmt":"2025-03-09T11:56:54","slug":"gigantx","status":"publish","type":"product","link":"https:\/\/pharmacie-progres-cannes.fr\/pharmacie\/supp\/gigantx\/","title":{"rendered":"GigantX"},"content":{"rendered":"\n<h2 class=\"wp-block-heading\">Qu&rsquo;est-ce que GigantX et comment fonctionne-t-il ?<\/h2>\n\n\n\n<p><b>GigantX<\/b> est un <b>compl\u00e9ment alimentaire<\/b> innovant sp\u00e9cialement con\u00e7u pour les hommes qui souhaitent am\u00e9liorer leur <b>vie sexuelle<\/b> et augmenter leur confiance dans la chambre \u00e0 coucher. Le compl\u00e9ment est id\u00e9al pour ceux qui ont des probl\u00e8mes d&rsquo;\u00e9rection et pour ceux qui veulent pr\u00e9venir les difficult\u00e9s de puissance. Son <b>action<\/b> est centr\u00e9e sur l&rsquo;am\u00e9lioration de la circulation et l&rsquo;optimisation de la qualit\u00e9 de l&rsquo;\u00e9rection.<\/p>\n\n\n\n<p>Les principaux ingr\u00e9dients des g\u00e9lules sont l&rsquo;extrait de macis, l&rsquo;extrait de ginseng et le Tribulus terrestris. L&rsquo;extrait de macis a un effet positif sur la <b>circulation<\/b> sanguine, ce qui am\u00e9liore consid\u00e9rablement la qualit\u00e9 des \u00e9rections. L&rsquo;extrait de ginseng augmente la libido et am\u00e9liore la condition physique, ce qui renforce l&rsquo;<b>effet du<\/b> compl\u00e9ment. Le Tribulus terrestris, quant \u00e0 lui, stimule la production de testost\u00e9rone, contribuant ainsi \u00e0 l&rsquo;augmentation du d\u00e9sir sexuel.<\/p>\n\n\n\n<p>L&rsquo;<b>utilisation<\/b> r\u00e9guli\u00e8re de <b>GigantX<\/b> g\u00e9n\u00e8re une s\u00e9rie de b\u00e9n\u00e9fices. <b>Les utilisateurs<\/b> signalent une <b>augmentation<\/b> notable <b>de la taille du p\u00e9nis<\/b>, tant pendant l&rsquo;\u00e9rection qu&rsquo;au repos. L <b>&lsquo;am\u00e9lioration des \u00e9rections<\/b> et l&rsquo;augmentation de la libido sont des avantages suppl\u00e9mentaires qui attirent l&rsquo;attention des clients potentiels. Le compl\u00e9ment agit \u00e9galement pour \u00e9liminer les probl\u00e8mes d&rsquo;\u00e9jaculation pr\u00e9coce, renfor\u00e7ant ainsi la satisfaction de la vie intime.<\/p>\n\n\n\n<p>Il convient de noter que GigantX est disponible en ligne, ce qui r\u00e9duit consid\u00e9rablement le risque d&rsquo;acheter des produits non originaux. Le d\u00e9lai de livraison en Pologne est de 3 \u00e0 4 jours ouvrables, et le fabricant propose r\u00e9guli\u00e8rement des promotions, ce qui rend certainement ce compl\u00e9ment plus accessible \u00e0 un large \u00e9ventail d&rsquo;hommes.<\/p>\n\n\n\n<h2 class=\"wp-block-heading\">GiantX &#8211; effets<\/h2>\n\n\n\n<p>L&rsquo;<b>utilisation<\/b> r\u00e9guli\u00e8re de GigantX produit des <b>r\u00e9sultats<\/b> visibles qui affectent de mani\u00e8re significative la qualit\u00e9 de la vie intime des utilisateurs. Le principal r\u00e9sultat est l&rsquo;<em>augmentation de la taille du p\u00e9nis<\/em>, rendue possible par l&rsquo;am\u00e9lioration de la circulation sanguine. Des ingr\u00e9dients tels que la L-arginine et le ginseng contribuent \u00e0 une <em>am\u00e9lioration<\/em> significative <em>de l&rsquo;\u00e9rection<\/em>, ce qui a un effet positif sur la satisfaction sexuelle. Les <b>utilisateurs<\/b> remarquent \u00e9galement une augmentation de l&rsquo;endurance, ce qui leur permet d&rsquo;avoir des <b>exp\u00e9riences<\/b> plus longues et plus satisfaisantes.<\/p>\n\n\n\n<p>GigantX am\u00e9liore non seulement les aspects physiques, mais aussi la libido gr\u00e2ce \u00e0 l&rsquo;utilisation d&rsquo;aphrodisiaques naturels. Il convient de mentionner que pour de nombreux utilisateurs, les <b>effets<\/b> sont perceptibles apr\u00e8s quelques semaines d&rsquo;utilisation r\u00e9guli\u00e8re, ce qui fait de ce suppl\u00e9ment une option attrayante pour ceux qui cherchent \u00e0 am\u00e9liorer leur vie intime. Gr\u00e2ce \u00e0 sa formulation soign\u00e9e, GigantX gagne en popularit\u00e9 tant en Pologne que sur le march\u00e9 international, ce qui prouve son efficacit\u00e9 et sa haute qualit\u00e9.<\/p>\n\n\n\n<h2 class=\"wp-block-heading\">Comment utiliser correctement GigantX &#8211; Dosage<\/h2>\n\n\n\n<p>Pour maximiser l&rsquo;<b>efficacit\u00e9 du<\/b> compl\u00e9ment, il est important de suivre le mode d&#8217;emploi appropri\u00e9. GigantX doit \u00eatre pris sous forme de deux comprim\u00e9s par jour &#8211; un le matin et un le soir. Il est recommand\u00e9 de prendre le premier comprim\u00e9 environ une demi-heure apr\u00e8s le repas du matin. Le deuxi\u00e8me comprim\u00e9 doit \u00eatre pris au plus tard \u00e0 18 heures.<\/p>\n\n\n\n<p>La <b>prise de<\/b> GigantX pendant au moins un mois produit des r\u00e9sultats visibles en termes d&rsquo;am\u00e9lioration de la qualit\u00e9 de l&rsquo;\u00e9rection et d&rsquo;augmentation de la longueur du p\u00e9nis, comme le confirment les <b>utilisateurs<\/b>. Un <b>dosage<\/b> r\u00e9gulier est essentiel pour obtenir de meilleurs r\u00e9sultats, et les hommes qui ont pris le suppl\u00e9ment pendant une p\u00e9riode plus longue ont signal\u00e9 une augmentation significative de la satisfaction sexuelle.<\/p>\n\n\n\n<p>Il convient de rappeler que GigantX est destin\u00e9 aux hommes de plus de 18 ans. Il est d\u00e9conseill\u00e9 aux personnes souffrant d&rsquo;une maladie de la prostate, d&rsquo;un cancer, de probl\u00e8mes cardiaques ou d&rsquo;ob\u00e9sit\u00e9. Les utilisateurs doivent \u00e9galement \u00eatre conscients de la possibilit\u00e9 d&rsquo;effets secondaires l\u00e9gers, tels que l&rsquo;inconfort digestif. Enfin, une utilisation syst\u00e9matique et \u00e0 long terme permet d&rsquo;obtenir les meilleurs r\u00e9sultats.<\/p>\n\n\n\n<h2 class=\"wp-block-heading\">GigantX &#8211; Avis des utilisateurs, forum &#8211; Que disent les utilisateurs ?<\/h2>\n\n\n\n<p>Dans les <b>forums d&rsquo;<\/b> utilisateurs, vous pouvez trouver un large \u00e9ventail d&rsquo;opinions sur GigantX. De nombreuses personnes partagent leurs <em>exp\u00e9riences<\/em>, qui montrent l&rsquo;impact positif du compl\u00e9ment sur leur <b>vie sexuelle<\/b>.<\/p>\n\n\n\n<blockquote class=\"wp-block-quote is-layout-flow wp-block-quote-is-layout-flow\">\n<p>Anna : \u00ab\u00a0Apr\u00e8s quelques semaines d&rsquo;utilisation, j&rsquo;ai remarqu\u00e9 une am\u00e9lioration significative de ma vie intime. Les \u00e9rections sont plus fortes et mon partenaire l&rsquo;a \u00e9galement remarqu\u00e9. Je le recommande sans h\u00e9siter !\u00a0\u00bb<\/p>\n<\/blockquote>\n\n\n\n<p>Un autre utilisateur, Tomasz, souligne dans son <em>feedback<\/em>que \u00ab\u00a0J&rsquo;ai utilis\u00e9 plusieurs compl\u00e9ments, mais GigantX a apport\u00e9 les meilleurs r\u00e9sultats. Ma libido a augment\u00e9 et la dur\u00e9e des rapports sexuels s&rsquo;est allong\u00e9e. \u00c7a marche vraiment !\u00a0\u00bb<\/p>\n\n\n\n<blockquote class=\"wp-block-quote is-layout-flow wp-block-quote-is-layout-flow\">\n<p>Marek : \u00ab\u00a0J&rsquo;\u00e9tais sceptique \u00e0 propos des compl\u00e9ments alimentaires, mais GigantX a chang\u00e9 mon attitude. Les \u00e9rections sont plus fortes et je me sens plus confiant dans la chambre \u00e0 coucher. Je suis heureux des r\u00e9sultats.<\/p>\n<\/blockquote>\n\n\n\n<p><b>Les commentaires<\/b> <b>du forum<\/b> indiquent que GigantX a un effet positif sur les hommes de tous \u00e2ges, leur apportant non seulement des avantages physiques mais aussi mentaux li\u00e9s \u00e0 l&rsquo;am\u00e9lioration de la puissance. Les utilisateurs font \u00e9galement l&rsquo;\u00e9loge de l&rsquo;absence d&rsquo;effets secondaires signal\u00e9s, soulignant la <b>s\u00e9curit\u00e9 de<\/b> ce suppl\u00e9ment.<\/p>\n\n\n\n<h2 class=\"wp-block-heading\">GiantX &#8211; Composition<\/h2>\n\n\n\n<p><b>La formulation de<\/b> GigantX est un m\u00e9lange soigneusement formul\u00e9 d&rsquo;ingr\u00e9dients naturels con\u00e7us pour am\u00e9liorer la performance de la sant\u00e9 sexuelle. Ce compl\u00e9ment ne contient que des <em>ingr\u00e9dients naturels<\/em>, ce qui attire l&rsquo;attention des hommes \u00e0 la recherche de moyens efficaces pour soutenir leur puissance.<\/p>\n\n\n\n<figure class=\"wp-block-table\"><table class=\"has-fixed-layout\"><tbody><tr><th>Composant<\/th><th>Fonction<\/th><\/tr><tr><td>Extrait de fruit de macis<\/td><td>Il agit comme un aphrodisiaque naturel en stimulant la production de testost\u00e9rone.<\/td><\/tr><tr><td>Extrait de ginseng<\/td><td>Am\u00e9liore la <b>circulation sanguine<\/b>, favorisant ainsi une meilleure \u00e9rection.<\/td><\/tr><tr><td>L-arginine<\/td><td>Favorise la production d&rsquo;oxyde nitrique, augmentant ainsi le flux sanguin.<\/td><\/tr><tr><td>Maca<\/td><td>Am\u00e9liore la fertilit\u00e9 et l&rsquo;<b>endurance<\/b> sexuelle.<\/td><\/tr><tr><td>Extrait de poivre noir<\/td><td>Am\u00e9liore l&rsquo;absorption des autres ingr\u00e9dients.<\/td><\/tr><\/tbody><\/table><\/figure>\n\n\n\n<p>Le compl\u00e9ment GigantX est tr\u00e8s <em>efficace<\/em> gr\u00e2ce \u00e0 l&rsquo;action synergique de ses ingr\u00e9dients. Une utilisation r\u00e9guli\u00e8re peut conduire \u00e0 des effets notables, tels qu&rsquo;une confiance accrue et une meilleure qualit\u00e9 d&rsquo;\u00e9rection. Il convient de noter que le dosage id\u00e9al est de deux g\u00e9lules par jour, ce qui permet d&rsquo;obtenir les meilleurs r\u00e9sultats et la plus grande satisfaction de l&rsquo;utilisateur.<\/p>\n\n\n\n<h2 class=\"wp-block-heading\">O\u00f9 acheter et combien co\u00fbte GigantX &#8211; prix<\/h2>\n\n\n\n<p>Lorsque l&rsquo;on ach\u00e8te des produits sur Internet, il est facile de tomber sur des escrocs qui proposent des contrefa\u00e7ons ou qui n&rsquo;envoient pas les produits command\u00e9s. Le site officiel du fabricant est le seul endroit o\u00f9 vous pouvez avoir la garantie que le GigantX achet\u00e9 vous parviendra intact et que le processus d&rsquo;achat se d\u00e9roulera sans probl\u00e8me. Cela ne vaut pas la peine de risquer de perdre votre argent &#8211; choisissez une source s\u00fbre et fiable.<\/p>\n\n\n\n<h2 class=\"wp-block-heading\">GigantX &#8211; Effets secondaires et contre-indications &#8211; Est-il s\u00fbr ?<\/h2>\n\n\n\n<p>Lorsque l&rsquo;on envisage d&rsquo;utiliser GigantX, il convient d&rsquo;accorder une attention particuli\u00e8re \u00e0 la <b>s\u00e9curit\u00e9 de<\/b> ce compl\u00e9ment alimentaire. Bien qu&rsquo;il soit g\u00e9n\u00e9ralement consid\u00e9r\u00e9 comme s\u00fbr pour les hommes en bonne sant\u00e9, il existe certaines <b>contre-indications<\/b>. Les personnes allergiques aux composants du produit, ainsi que celles souffrant de probl\u00e8mes cardiovasculaires ou d&rsquo;affections r\u00e9nales et h\u00e9patiques graves, doivent \u00e9viter d&rsquo;utiliser GigantX. Il est toujours conseill\u00e9 de consulter un m\u00e9decin avant de commencer une suppl\u00e9mentation, surtout en cas de maladie chronique.<\/p>\n\n\n\n<p>Les utilisateurs doivent savoir que, comme pour tous les compl\u00e9ments alimentaires, certains <b>effets secondaires<\/b> sont possibles. Bien que les <b>ingr\u00e9dients naturels<\/b> tels que l&rsquo;extrait de ginseng et la L-arginine soient destin\u00e9s \u00e0 minimiser les risques, il est important de surveiller la r\u00e9action de l&rsquo;organisme. L&rsquo;utilisation r\u00e9guli\u00e8re de GigantX peut conduire \u00e0 des am\u00e9liorations visibles de la puissance, mais il y a toujours la possibilit\u00e9 de r\u00e9actions individuelles qui valent la peine d&rsquo;\u00eatre observ\u00e9es.<\/p>\n\n\n\n<p>En conclusion, l&rsquo;approche la plus responsable de l&rsquo;utilisation de GigantX est de suivre strictement les instructions et d&rsquo;\u00eatre attentif \u00e0 tout sympt\u00f4me. Ce n&rsquo;est qu&rsquo;ainsi que vous pourrez r\u00e9aliser tout le potentiel du compl\u00e9ment et profiter de ses avantages, tout en prenant soin de votre sant\u00e9 et de votre <b>s\u00e9curit\u00e9<\/b>.<\/p>\n\n\n\n<p><\/p>\n","protected":false},"excerpt":{"rendered":"<p><strong>[date_countdown]<\/strong><\/p>\n<p><img decoding=\"async\" class=\"alignnone  wp-image-8427\" src=\"https:\/\/pharmacie-progres-cannes.fr\/pharmacie\/wp-content\/uploads\/2024\/10\/SAFE-PAY-300x88-1.png\" alt=\"SAFE-PAY-300x88\" width=\"164\" height=\"48\" \/><\/p>\n","protected":false},"featured_media":3992,"comment_status":"open","ping_status":"closed","template":"","meta":{"neve_meta_sidebar":"","neve_meta_container":"","neve_meta_enable_content_width":"","neve_meta_content_width":0,"neve_meta_title_alignment":"","neve_meta_author_avatar":"","neve_post_elements_order":"","neve_meta_disable_header":"","neve_meta_disable_footer":"","neve_meta_disable_title":"","neve_meta_reading_time":""},"product_brand":[],"product_cat":[16],"product_tag":[],"class_list":{"0":"post-4551","1":"product","2":"type-product","3":"status-publish","4":"has-post-thumbnail","6":"product_cat-sante-sexuelle","8":"first","9":"instock","10":"sale","11":"shipping-taxable","12":"product-type-external"},"yoast_head":"<!-- This site is optimized with the Yoast SEO plugin v27.3 - https:\/\/yoast.com\/product\/yoast-seo-wordpress\/ -->\n<title>GigantX - Avis, Forum, Pharmacie, Effets, Prix -50% | Pharmacie-Progres-Pannes<\/title>\n<meta name=\"robots\" content=\"index, follow, max-snippet:-1, max-image-preview:large, max-video-preview:-1\" \/>\n<link rel=\"canonical\" href=\"https:\/\/pharmacie-progres-cannes.fr\/pharmacie\/supp\/gigantx\/\" \/>\n<meta property=\"og:locale\" content=\"fr_FR\" \/>\n<meta property=\"og:type\" content=\"article\" \/>\n<meta property=\"og:title\" content=\"GigantX - Avis, Forum, Pharmacie, Effets, Prix -50% | Pharmacie-Progres-Pannes\" \/>\n<meta property=\"og:url\" content=\"https:\/\/pharmacie-progres-cannes.fr\/pharmacie\/supp\/gigantx\/\" \/>\n<meta property=\"og:site_name\" content=\"Pharmacie-Progres-Pannes\" \/>\n<meta property=\"article:modified_time\" content=\"2025-03-09T11:56:54+00:00\" \/>\n<meta property=\"og:image\" content=\"https:\/\/pharmacie-progres-cannes.fr\/pharmacie\/wp-content\/uploads\/2024\/10\/GigantX.jpg\" \/>\n\t<meta property=\"og:image:width\" content=\"768\" \/>\n\t<meta property=\"og:image:height\" content=\"768\" \/>\n\t<meta property=\"og:image:type\" content=\"image\/jpeg\" \/>\n<meta name=\"twitter:card\" content=\"summary_large_image\" \/>\n<meta name=\"twitter:description\" content=\"[date_countdown]\" \/>\n<meta name=\"twitter:label1\" content=\"Dur\u00e9e de lecture estim\u00e9e\" \/>\n\t<meta name=\"twitter:data1\" content=\"1 minute\" \/>\n<script type=\"application\/ld+json\" class=\"yoast-schema-graph\">{\"@context\":\"https:\\\/\\\/schema.org\",\"@graph\":[{\"@type\":\"WebPage\",\"@id\":\"https:\\\/\\\/pharmacie-progres-cannes.fr\\\/pharmacie\\\/supp\\\/gigantx\\\/\",\"url\":\"https:\\\/\\\/pharmacie-progres-cannes.fr\\\/pharmacie\\\/supp\\\/gigantx\\\/\",\"name\":\"GigantX - Avis, Forum, Pharmacie, Effets, Prix -50% | Pharmacie-Progres-Pannes\",\"isPartOf\":{\"@id\":\"https:\\\/\\\/pharmacie-progres-cannes.fr\\\/pharmacie\\\/#website\"},\"primaryImageOfPage\":{\"@id\":\"https:\\\/\\\/pharmacie-progres-cannes.fr\\\/pharmacie\\\/supp\\\/gigantx\\\/#primaryimage\"},\"image\":{\"@id\":\"https:\\\/\\\/pharmacie-progres-cannes.fr\\\/pharmacie\\\/supp\\\/gigantx\\\/#primaryimage\"},\"thumbnailUrl\":\"https:\\\/\\\/pharmacie-progres-cannes.fr\\\/pharmacie\\\/wp-content\\\/uploads\\\/2024\\\/10\\\/GigantX.jpg\",\"datePublished\":\"2024-10-18T19:46:26+00:00\",\"dateModified\":\"2025-03-09T11:56:54+00:00\",\"breadcrumb\":{\"@id\":\"https:\\\/\\\/pharmacie-progres-cannes.fr\\\/pharmacie\\\/supp\\\/gigantx\\\/#breadcrumb\"},\"inLanguage\":\"fr-FR\",\"potentialAction\":[{\"@type\":\"ReadAction\",\"target\":[\"https:\\\/\\\/pharmacie-progres-cannes.fr\\\/pharmacie\\\/supp\\\/gigantx\\\/\"]}]},{\"@type\":\"ImageObject\",\"inLanguage\":\"fr-FR\",\"@id\":\"https:\\\/\\\/pharmacie-progres-cannes.fr\\\/pharmacie\\\/supp\\\/gigantx\\\/#primaryimage\",\"url\":\"https:\\\/\\\/pharmacie-progres-cannes.fr\\\/pharmacie\\\/wp-content\\\/uploads\\\/2024\\\/10\\\/GigantX.jpg\",\"contentUrl\":\"https:\\\/\\\/pharmacie-progres-cannes.fr\\\/pharmacie\\\/wp-content\\\/uploads\\\/2024\\\/10\\\/GigantX.jpg\",\"width\":768,\"height\":768},{\"@type\":\"BreadcrumbList\",\"@id\":\"https:\\\/\\\/pharmacie-progres-cannes.fr\\\/pharmacie\\\/supp\\\/gigantx\\\/#breadcrumb\",\"itemListElement\":[{\"@type\":\"ListItem\",\"position\":1,\"name\":\"Strona g\u0142\u00f3wna\",\"item\":\"https:\\\/\\\/pharmacie-progres-cannes.fr\\\/pharmacie\\\/\"},{\"@type\":\"ListItem\",\"position\":2,\"name\":\"farmaci\",\"item\":\"https:\\\/\\\/pharmacie-progres-cannes.fr\\\/pharmacie\\\/\"},{\"@type\":\"ListItem\",\"position\":3,\"name\":\"GigantX\"}]},{\"@type\":\"WebSite\",\"@id\":\"https:\\\/\\\/pharmacie-progres-cannes.fr\\\/pharmacie\\\/#website\",\"url\":\"https:\\\/\\\/pharmacie-progres-cannes.fr\\\/pharmacie\\\/\",\"name\":\"Pharmacie-Progres-Pannes\",\"description\":\"\",\"potentialAction\":[{\"@type\":\"SearchAction\",\"target\":{\"@type\":\"EntryPoint\",\"urlTemplate\":\"https:\\\/\\\/pharmacie-progres-cannes.fr\\\/pharmacie\\\/?s={search_term_string}\"},\"query-input\":{\"@type\":\"PropertyValueSpecification\",\"valueRequired\":true,\"valueName\":\"search_term_string\"}}],\"inLanguage\":\"fr-FR\"}]}<\/script>\n<!-- \/ Yoast SEO plugin. -->","yoast_head_json":{"title":"GigantX - Avis, Forum, Pharmacie, Effets, Prix -50% | Pharmacie-Progres-Pannes","robots":{"index":"index","follow":"follow","max-snippet":"max-snippet:-1","max-image-preview":"max-image-preview:large","max-video-preview":"max-video-preview:-1"},"canonical":"https:\/\/pharmacie-progres-cannes.fr\/pharmacie\/supp\/gigantx\/","og_locale":"fr_FR","og_type":"article","og_title":"GigantX - Avis, Forum, Pharmacie, Effets, Prix -50% | Pharmacie-Progres-Pannes","og_url":"https:\/\/pharmacie-progres-cannes.fr\/pharmacie\/supp\/gigantx\/","og_site_name":"Pharmacie-Progres-Pannes","article_modified_time":"2025-03-09T11:56:54+00:00","og_image":[{"width":768,"height":768,"url":"https:\/\/pharmacie-progres-cannes.fr\/pharmacie\/wp-content\/uploads\/2024\/10\/GigantX.jpg","type":"image\/jpeg"}],"twitter_card":"summary_large_image","twitter_description":"[date_countdown]","twitter_misc":{"Dur\u00e9e de lecture estim\u00e9e":"1 minute"},"schema":{"@context":"https:\/\/schema.org","@graph":[{"@type":"WebPage","@id":"https:\/\/pharmacie-progres-cannes.fr\/pharmacie\/supp\/gigantx\/","url":"https:\/\/pharmacie-progres-cannes.fr\/pharmacie\/supp\/gigantx\/","name":"GigantX - Avis, Forum, Pharmacie, Effets, Prix -50% | Pharmacie-Progres-Pannes","isPartOf":{"@id":"https:\/\/pharmacie-progres-cannes.fr\/pharmacie\/#website"},"primaryImageOfPage":{"@id":"https:\/\/pharmacie-progres-cannes.fr\/pharmacie\/supp\/gigantx\/#primaryimage"},"image":{"@id":"https:\/\/pharmacie-progres-cannes.fr\/pharmacie\/supp\/gigantx\/#primaryimage"},"thumbnailUrl":"https:\/\/pharmacie-progres-cannes.fr\/pharmacie\/wp-content\/uploads\/2024\/10\/GigantX.jpg","datePublished":"2024-10-18T19:46:26+00:00","dateModified":"2025-03-09T11:56:54+00:00","breadcrumb":{"@id":"https:\/\/pharmacie-progres-cannes.fr\/pharmacie\/supp\/gigantx\/#breadcrumb"},"inLanguage":"fr-FR","potentialAction":[{"@type":"ReadAction","target":["https:\/\/pharmacie-progres-cannes.fr\/pharmacie\/supp\/gigantx\/"]}]},{"@type":"ImageObject","inLanguage":"fr-FR","@id":"https:\/\/pharmacie-progres-cannes.fr\/pharmacie\/supp\/gigantx\/#primaryimage","url":"https:\/\/pharmacie-progres-cannes.fr\/pharmacie\/wp-content\/uploads\/2024\/10\/GigantX.jpg","contentUrl":"https:\/\/pharmacie-progres-cannes.fr\/pharmacie\/wp-content\/uploads\/2024\/10\/GigantX.jpg","width":768,"height":768},{"@type":"BreadcrumbList","@id":"https:\/\/pharmacie-progres-cannes.fr\/pharmacie\/supp\/gigantx\/#breadcrumb","itemListElement":[{"@type":"ListItem","position":1,"name":"Strona g\u0142\u00f3wna","item":"https:\/\/pharmacie-progres-cannes.fr\/pharmacie\/"},{"@type":"ListItem","position":2,"name":"farmaci","item":"https:\/\/pharmacie-progres-cannes.fr\/pharmacie\/"},{"@type":"ListItem","position":3,"name":"GigantX"}]},{"@type":"WebSite","@id":"https:\/\/pharmacie-progres-cannes.fr\/pharmacie\/#website","url":"https:\/\/pharmacie-progres-cannes.fr\/pharmacie\/","name":"Pharmacie-Progres-Pannes","description":"","potentialAction":[{"@type":"SearchAction","target":{"@type":"EntryPoint","urlTemplate":"https:\/\/pharmacie-progres-cannes.fr\/pharmacie\/?s={search_term_string}"},"query-input":{"@type":"PropertyValueSpecification","valueRequired":true,"valueName":"search_term_string"}}],"inLanguage":"fr-FR"}]}},"_links":{"self":[{"href":"https:\/\/pharmacie-progres-cannes.fr\/pharmacie\/wp-json\/wp\/v2\/product\/4551","targetHints":{"allow":["GET"]}}],"collection":[{"href":"https:\/\/pharmacie-progres-cannes.fr\/pharmacie\/wp-json\/wp\/v2\/product"}],"about":[{"href":"https:\/\/pharmacie-progres-cannes.fr\/pharmacie\/wp-json\/wp\/v2\/types\/product"}],"replies":[{"embeddable":true,"href":"https:\/\/pharmacie-progres-cannes.fr\/pharmacie\/wp-json\/wp\/v2\/comments?post=4551"}],"wp:featuredmedia":[{"embeddable":true,"href":"https:\/\/pharmacie-progres-cannes.fr\/pharmacie\/wp-json\/wp\/v2\/media\/3992"}],"wp:attachment":[{"href":"https:\/\/pharmacie-progres-cannes.fr\/pharmacie\/wp-json\/wp\/v2\/media?parent=4551"}],"wp:term":[{"taxonomy":"product_brand","embeddable":true,"href":"https:\/\/pharmacie-progres-cannes.fr\/pharmacie\/wp-json\/wp\/v2\/product_brand?post=4551"},{"taxonomy":"product_cat","embeddable":true,"href":"https:\/\/pharmacie-progres-cannes.fr\/pharmacie\/wp-json\/wp\/v2\/product_cat?post=4551"},{"taxonomy":"product_tag","embeddable":true,"href":"https:\/\/pharmacie-progres-cannes.fr\/pharmacie\/wp-json\/wp\/v2\/product_tag?post=4551"}],"curies":[{"name":"wp","href":"https:\/\/api.w.org\/{rel}","templated":true}]}}