{"id":4543,"date":"2024-10-18T19:46:25","date_gmt":"2024-10-18T19:46:25","guid":{"rendered":"https:\/\/chirurgie-orthopedie-vannes.fr\/pharmacie\/?post_type=product&#038;p=4543"},"modified":"2025-02-25T15:46:27","modified_gmt":"2025-02-25T15:46:27","slug":"expansil-cream","status":"publish","type":"product","link":"https:\/\/pharmacie-progres-cannes.fr\/pharmacie\/supp\/expansil-cream\/","title":{"rendered":"Expansil Cream"},"content":{"rendered":"\n<h2 class=\"wp-block-heading\">Qu&rsquo;est-ce que la Expansil Cream et comment agit-elle ?<\/h2>\n\n\n\n<p><b>Expansil Cream<\/b> est une formulation moderne sous forme de pommade, con\u00e7ue pour augmenter le potentiel sexuel et favoriser l&rsquo;\u00e9largissement naturel du p\u00e9nis. <b>Comment fonctionne Expansil Cr\u00e8me<\/b>? Elle am\u00e9liore la circulation sanguine dans la zone intime, ce qui permet d&rsquo;obtenir des \u00e9rections de meilleure qualit\u00e9 et une plus grande satisfaction sexuelle.<\/p>\n\n\n\n<p>Les principes actifs de la formule, dont l&rsquo;huile de rose musqu\u00e9e et les feuilles de ginkgo biloba, soutiennent la fonction sexuelle et contribuent \u00e0 l&rsquo;am\u00e9lioration de la libido. Les utilisateurs rapportent souvent des effets positifs lors d&rsquo;une utilisation r\u00e9guli\u00e8re, ce qui confirme l&rsquo;efficacit\u00e9 de ce compl\u00e9ment alimentaire. <b>Les effets<\/b> peuvent \u00eatre observ\u00e9s en seulement deux \u00e0 trois mois, ce qui en fait une solution accessible pour ceux qui luttent contre des probl\u00e8mes de puissance.<\/p>\n\n\n\n<p>Pour de meilleurs r\u00e9sultats, il est recommand\u00e9 d&rsquo;<b>appliquer la<\/b> cr\u00e8me au moins une fois par jour, en utilisant une technique de massage jusqu&rsquo;\u00e0 ce que la substance soit enti\u00e8rement absorb\u00e9e par la peau. L&rsquo;utilisation r\u00e9guli\u00e8re de ce produit peut avoir un impact significatif sur la qualit\u00e9 de votre vie sexuelle, ainsi que sur votre confiance dans l&rsquo;activit\u00e9 sexuelle.<\/p>\n\n\n\n<h2 class=\"wp-block-heading\">Expansil Cream &#8211; effets<\/h2>\n\n\n\n<p><b>Les effets de la<\/b> Expansil Cream peuvent inclure une augmentation de la taille du p\u00e9nis et une am\u00e9lioration de la qualit\u00e9 de l&rsquo;\u00e9rection. De nombreuses personnes appr\u00e9cient l&rsquo;<b>effet de<\/b> ce produit et remarquent les premiers r\u00e9sultats apr\u00e8s seulement 2 \u00e0 3 semaines d&rsquo;utilisation r\u00e9guli\u00e8re. Dans les commentaires, les utilisateurs soulignent que l&rsquo;augmentation moyenne de la longueur du p\u00e9nis est d&rsquo;environ 3 cm, ce qui affecte consid\u00e9rablement leur confiance en soi et leur satisfaction sexuelle.<\/p>\n\n\n\n<p>En plus de l&rsquo;\u00e9largissement, l&rsquo;<b>utilisation de la<\/b> Expansil Cream peut am\u00e9liorer la libido et la satisfaction intime globale. Les utilisateurs font souvent \u00e9tat de meilleures performances dans la chambre \u00e0 coucher, avec des \u00e9rections plus fortes et plus durables. L&rsquo;utilisation r\u00e9guli\u00e8re <b>du<\/b> produit, conform\u00e9ment aux instructions, permet d&rsquo;obtenir les meilleurs r\u00e9sultats, qui peuvent durer plus longtemps.<\/p>\n\n\n\n<figure class=\"wp-block-table\"><table class=\"has-fixed-layout\"><tbody><tr><th>Effet<\/th><th>Le temps de l&rsquo;avis<\/th><th>Augmentation de la longueur moyenne (cm)<\/th><th>Revue des utilisateurs<\/th><\/tr><tr><td><b>Agrandissement du p\u00e9nis<\/b><\/td><td>2-3 semaines<\/td><td>3<\/td><td>Positif<\/td><\/tr><tr><td>Am\u00e9lioration de la qualit\u00e9 de l&rsquo;\u00e9rection<\/td><td>1 semaine<\/td><td>&#8211;<\/td><td>Tr\u00e8s positif<\/td><\/tr><tr><td>Augmentation de la libido<\/td><td>Imm\u00e9diate<\/td><td>&#8211;<\/td><td>Positif<\/td><\/tr><tr><td>Plaisir per\u00e7u<\/td><td>Imm\u00e9diatement apr\u00e8s l&rsquo;utilisation<\/td><td>&#8211;<\/td><td>Haut<\/td><\/tr><\/tbody><\/table><\/figure>\n\n\n\n<p>La plupart des utilisateurs sont tr\u00e8s satisfaits des effets de la Expansil Cream, comme en t\u00e9moignent les nombreux avis positifs. Le produit, gr\u00e2ce \u00e0 ses ingr\u00e9dients naturels, contribue \u00e0 une am\u00e9lioration significative de la circulation dans la zone g\u00e9nitale, ce qui favorise une meilleure fonction sexuelle. L&rsquo;utilisation r\u00e9guli\u00e8re du produit se traduit par des b\u00e9n\u00e9fices \u00e0 long terme, tant physiques que psychologiques, ce qui fait d&rsquo;Expansil Cream un choix int\u00e9ressant pour les hommes qui cherchent \u00e0 am\u00e9liorer leur exp\u00e9rience intime.<\/p>\n\n\n\n<h2 class=\"wp-block-heading\">Comment utiliser Expansil Cream ? &#8211; Dosage et recommandations<\/h2>\n\n\n\n<p>L<b>&lsquo;application de la<\/b> Expansil Cream doit suivre les recommandations exactes du fabricant. Il est essentiel que la zone du p\u00e9nis soit lav\u00e9e d\u00e8s le d\u00e9part pour garantir une meilleure absorption du produit. La cr\u00e8me doit \u00eatre appliqu\u00e9e par un l\u00e9ger massage pour maximiser son efficacit\u00e9.<\/p>\n\n\n\n<p>Le <b>dosage<\/b> optimal est g\u00e9n\u00e9ralement de 1 \u00e0 2 applications par jour. Une application r\u00e9guli\u00e8re est essentielle pour obtenir des r\u00e9sultats, qui sont g\u00e9n\u00e9ralement visibles au bout de quelques semaines. Les utilisateurs soulignent qu&rsquo;une application r\u00e9guli\u00e8re augmente l&rsquo;\u00e9lasticit\u00e9 des tissus et am\u00e9liore la microcirculation, ce qui favorise \u00e0 la fois l&rsquo;\u00e9largissement du p\u00e9nis et l&rsquo;am\u00e9lioration de la qualit\u00e9 de l&rsquo;\u00e9rection.<\/p>\n\n\n\n<blockquote class=\"wp-block-quote is-layout-flow wp-block-quote-is-layout-flow\">\n<p>\u00ab\u00a0Apr\u00e8s quelques semaines d&rsquo;utilisation r\u00e9guli\u00e8re, je constate une am\u00e9lioration significative de la taille et de la qualit\u00e9 de mes \u00e9rections.<\/p>\n<\/blockquote>\n\n\n\n<p>En cas de r\u00e9action allergique ou d&rsquo;irritation, il est recommand\u00e9 d&rsquo;arr\u00eater imm\u00e9diatement l&rsquo;utilisation et de consulter un m\u00e9decin. Pour les personnes ayant des probl\u00e8mes de sant\u00e9, il est \u00e9galement conseill\u00e9 de consulter un professionnel avant de commencer le traitement.<\/p>\n\n\n\n<figure class=\"wp-block-table\"><table class=\"has-fixed-layout\"><tbody><tr><th>Recommandations d&rsquo;utilisation<\/th><th>Dosage<\/th><\/tr><tr><td>Masser habilement la peau<\/td><td>1 \u00e0 2 fois par jour<\/td><\/tr><tr><td>Nettoyage minutieux de la zone avant l&rsquo;application<\/td><td>Quotidiennement<\/td><\/tr><tr><td>Consultation d&rsquo;un m\u00e9decin en cas de r\u00e9actions n\u00e9gatives<\/td><td>Avant l&rsquo;utilisation<\/td><\/tr><\/tbody><\/table><\/figure>\n\n\n\n<p>Veuillez noter que <b>les effets de la<\/b> Expansil Cream peuvent varier en fonction des caract\u00e9ristiques corporelles de chacun. Avec un r\u00e9gime d&rsquo;application appropri\u00e9, des am\u00e9liorations significatives de la taille du p\u00e9nis et de la qualit\u00e9 de la vie sexuelle sont possibles.<\/p>\n\n\n\n<h2 class=\"wp-block-heading\">Expansil Cream &#8211; Avis des utilisateurs, forum &#8211; Que disent les utilisateurs ?<\/h2>\n\n\n\n<p>Les <b>avis des<\/b> utilisateurs de la Expansil Cream sont g\u00e9n\u00e9ralement tr\u00e8s positifs. De nombreux commentaires favorables dans divers forums et revues attestent de l&rsquo;efficacit\u00e9 de cette pr\u00e9paration. Les utilisateurs soulignent qu&rsquo;ils ont remarqu\u00e9 une am\u00e9lioration significative de leur vie intime.<\/p>\n\n\n\n<ul class=\"wp-block-list\">\n<li><em>\u00ab\u00a0Apr\u00e8s quelques semaines d&rsquo;utilisation de la Expansil Cream, j&rsquo;ai constat\u00e9 les premiers effets. L&rsquo;\u00e9rection est devenue plus durable et mon humeur est devenue plus confiante.\u00a0\u00bb<\/em><\/li>\n\n\n\n<li><em>\u00ab\u00a0Excellent produit ! Les \u00e9piphanies sont visibles en peu de temps et l&rsquo;application est facile et agr\u00e9able.\u00a0\u00bb<\/em><\/li>\n\n\n\n<li><em>\u00ab\u00a0Je ne m&rsquo;attendais pas \u00e0 des r\u00e9sultats aussi rapides. Je le recommande vraiment \u00e0 d&rsquo;autres personnes !\u00a0\u00bb<\/em><\/li>\n<\/ul>\n\n\n\n<p>Il convient de noter que, malgr\u00e9 les avis positifs, les effets peuvent varier en fonction des pr\u00e9dispositions individuelles. L&rsquo;utilisation r\u00e9guli\u00e8re du produit semble \u00eatre la cl\u00e9 pour obtenir les r\u00e9sultats souhait\u00e9s, comme le soulignent souvent les utilisateurs sur les forums de discussion.<\/p>\n\n\n\n<figure class=\"wp-block-table\"><table class=\"has-fixed-layout\"><tbody><tr><th>Aspect<\/th><th>Revue des utilisateurs<\/th><\/tr><tr><td>Efficacit\u00e9<\/td><td>90 % d&rsquo;avis positifs<\/td><\/tr><tr><td>Facilit\u00e9 d&rsquo;application<\/td><td>82% trouvent qu&rsquo;il est facile \u00e0 appliquer<\/td><\/tr><tr><td>R\u00e9sultats attendus<\/td><td>75 % des utilisateurs ont constat\u00e9 des r\u00e9sultats rapides<\/td><\/tr><\/tbody><\/table><\/figure>\n\n\n\n<p>En conclusion, les <b>commentaires des<\/b> utilisateurs sur le <b>forum<\/b> et dans les revues montrent que la Expansil Cream peut \u00eatre une solution efficace pour ceux qui souhaitent am\u00e9liorer la qualit\u00e9 de leur vie intime.<\/p>\n\n\n\n<h2 class=\"wp-block-heading\">Expansil Cream &#8211; Composition &#8211; Analyse des ingr\u00e9dients<\/h2>\n\n\n\n<p>Expansil Cream est un produit bas\u00e9 sur une composition soigneusement s\u00e9lectionn\u00e9e d&rsquo;ingr\u00e9dients naturels qui contribuent \u00e0 son efficacit\u00e9. Le r\u00f4le principal dans la formulation est jou\u00e9 par l&rsquo;extrait de ginseng, connu pour ses effets positifs sur la circulation. La formule contient \u00e9galement de la L-arginine, qui favorise l&rsquo;\u00e9rection et am\u00e9liore les performances sexuelles de l&rsquo;homme.<\/p>\n\n\n\n<p>D&rsquo;autres <em>ingr\u00e9dients naturels<\/em> qui contribuent \u00e0 l&rsquo;efficacit\u00e9 de la Expansil Cream m\u00e9ritent d&rsquo;\u00eatre signal\u00e9s :<\/p>\n\n\n\n<ul class=\"wp-block-list\">\n<li><em>Ginkgo biloba<\/em> &#8211; connu pour am\u00e9liorer la circulation, ce qui est essentiel pour la qualit\u00e9 de la vie sexuelle.<\/li>\n\n\n\n<li>L&rsquo;<em>huile de graines de rose musqu\u00e9e<\/em> contient de la vitamine C, qui favorise la production de collag\u00e8ne et l&rsquo;\u00e9lasticit\u00e9 des vaisseaux sanguins.<\/li>\n\n\n\n<li><em>Arnica montana<\/em> &#8211; riche en flavono\u00efdes, favorise l&rsquo;am\u00e9lioration du flux sanguin et de la force \u00e9rectile.<\/li>\n\n\n\n<li><em>Aloe vera<\/em> &#8211; b\u00e9n\u00e9fique pour la peau, favorise l&rsquo;oxyg\u00e9nation des cellules et le renforcement des fibres de collag\u00e8ne.<\/li>\n\n\n\n<li><em>Huile de feuilles de menthe poivr\u00e9e<\/em> &#8211; connue pour ses propri\u00e9t\u00e9s stimulantes b\u00e9n\u00e9fiques pour la sant\u00e9 masculine.<\/li>\n<\/ul>\n\n\n\n<p>Chaque ingr\u00e9dient de la Expansil Cream a une fonction importante dans l&rsquo;am\u00e9lioration de la <em>sant\u00e9 sexuelle<\/em> et du bien-\u00eatre g\u00e9n\u00e9ral des hommes, et une <em>analyse<\/em> appropri\u00e9e <em>des ingr\u00e9dients<\/em> peut aider \u00e0 comprendre comment le produit soutient ses <b>effets<\/b>.<\/p>\n\n\n\n<h2 class=\"wp-block-heading\">O\u00f9 acheter Expansil Cream &#8211; prix<\/h2>\n\n\n\n<p>La Expansil Cream ne peut \u00eatre achet\u00e9e que sur <em>le site officiel du fabricant<\/em>. Le produit n&rsquo;est pas disponible dans les pharmacies stationnaires ni sur les plateformes de vente populaires, ce qui garantit une plus grande <b>s\u00e9curit\u00e9<\/b> et authenticit\u00e9 d&rsquo;achat.<\/p>\n\n\n\n<p>Il vaut la peine de visiter r\u00e9guli\u00e8rement le site <em>officiel du fabricant<\/em> pour profiter de promotions attrayantes. Acheter directement aupr\u00e8s du fabricant permet non seulement de garantir l&rsquo;authenticit\u00e9 du produit, mais aussi de minimiser le risque d&rsquo;\u00eatre confront\u00e9 \u00e0 des produits contrefaits.<\/p>\n\n\n\n<h2 class=\"wp-block-heading\">Expansil Cream &#8211; Effets secondaires et contre-indications &#8211; Est-ce s\u00fbr ?<\/h2>\n\n\n\n<p>La Expansil Cream, formul\u00e9e \u00e0 partir d&rsquo;ingr\u00e9dients 100 % naturels, est g\u00e9n\u00e9ralement consid\u00e9r\u00e9e comme un produit s\u00fbr. Sa formule naturelle minimise le risque d&rsquo;effets secondaires, ce qui en fait une alternative \u00e0 d&rsquo;autres compl\u00e9ments plus agressifs. Les ingr\u00e9dients cl\u00e9s, tels que la racine de ginseng et la L-arginine, sont connus pour leurs effets positifs sur l&rsquo;am\u00e9lioration de la circulation sanguine et de la fonction sexuelle.<\/p>\n\n\n\n<p>Cependant, comme pour tout suppl\u00e9ment, il peut y avoir des <b>effets secondaires<\/b> potentiels. Les personnes allergiques \u00e0 l&rsquo;un des ingr\u00e9dients doivent faire preuve de prudence. Les <b>contre-indications<\/b> s&rsquo;appliquent \u00e9galement aux personnes souffrant de certains troubles m\u00e9dicaux, tels que des probl\u00e8mes cardiaques ou endocriniens, qui n\u00e9cessitent une consultation pr\u00e9alable avec un m\u00e9decin avant de commencer \u00e0 prendre Expansil Cream. Les utilisateurs doivent \u00eatre conscients que la <b>s\u00e9curit\u00e9<\/b> doit toujours primer.<\/p>\n\n\n\n<p>Dans l&rsquo;ensemble, l&rsquo;utilisation r\u00e9guli\u00e8re d&rsquo;Expansil Cream, telle que recommand\u00e9e, acc\u00e9l\u00e8re les effets positifs tels que l&rsquo;augmentation de la libido ou l&rsquo;am\u00e9lioration de la qualit\u00e9 de l&rsquo;\u00e9rection, maximisant ainsi les avantages de ce suppl\u00e9ment. Bien qu&rsquo;il ait \u00e9t\u00e9 confirm\u00e9 que le produit ne provoque pas d&rsquo;accoutumance ou de r\u00e9actions allergiques, chaque utilisateur doit faire preuve de prudence et consulter un m\u00e9decin en cas de doute.<\/p>\n","protected":false},"excerpt":{"rendered":"<p><strong>[date_countdown]<\/strong><\/p>\n<p><img decoding=\"async\" class=\"alignnone  wp-image-8427\" src=\"https:\/\/pharmacie-progres-cannes.fr\/pharmacie\/wp-content\/uploads\/2024\/10\/SAFE-PAY-300x88-1.png\" alt=\"SAFE-PAY-300x88\" width=\"164\" height=\"48\" \/><\/p>\n","protected":false},"featured_media":3989,"comment_status":"open","ping_status":"closed","template":"","meta":{"neve_meta_sidebar":"","neve_meta_container":"","neve_meta_enable_content_width":"","neve_meta_content_width":0,"neve_meta_title_alignment":"","neve_meta_author_avatar":"","neve_post_elements_order":"","neve_meta_disable_header":"","neve_meta_disable_footer":"","neve_meta_disable_title":"","neve_meta_reading_time":""},"product_brand":[],"product_cat":[16],"product_tag":[],"class_list":{"0":"post-4543","1":"product","2":"type-product","3":"status-publish","4":"has-post-thumbnail","6":"product_cat-sante-sexuelle","8":"first","9":"instock","10":"sale","11":"shipping-taxable","12":"product-type-external"},"yoast_head":"<!-- This site is optimized with the Yoast SEO plugin v27.3 - https:\/\/yoast.com\/product\/yoast-seo-wordpress\/ -->\n<title>Expansil Cream - Avis, Forum, Pharmacie, Effets, Prix -50% | Pharmacie-Progres-Pannes<\/title>\n<meta name=\"robots\" content=\"index, follow, max-snippet:-1, max-image-preview:large, max-video-preview:-1\" \/>\n<link rel=\"canonical\" href=\"https:\/\/pharmacie-progres-cannes.fr\/pharmacie\/supp\/expansil-cream\/\" \/>\n<meta property=\"og:locale\" content=\"fr_FR\" \/>\n<meta property=\"og:type\" content=\"article\" \/>\n<meta property=\"og:title\" content=\"Expansil Cream - Avis, Forum, Pharmacie, Effets, Prix -50% | Pharmacie-Progres-Pannes\" \/>\n<meta property=\"og:url\" content=\"https:\/\/pharmacie-progres-cannes.fr\/pharmacie\/supp\/expansil-cream\/\" \/>\n<meta property=\"og:site_name\" content=\"Pharmacie-Progres-Pannes\" \/>\n<meta property=\"article:modified_time\" content=\"2025-02-25T15:46:27+00:00\" \/>\n<meta property=\"og:image\" content=\"https:\/\/pharmacie-progres-cannes.fr\/pharmacie\/wp-content\/uploads\/2024\/10\/Expansil-Cream.jpg\" \/>\n\t<meta property=\"og:image:width\" content=\"768\" \/>\n\t<meta property=\"og:image:height\" content=\"768\" \/>\n\t<meta property=\"og:image:type\" content=\"image\/jpeg\" \/>\n<meta name=\"twitter:card\" content=\"summary_large_image\" \/>\n<meta name=\"twitter:description\" content=\"[date_countdown]\" \/>\n<meta name=\"twitter:label1\" content=\"Dur\u00e9e de lecture estim\u00e9e\" \/>\n\t<meta name=\"twitter:data1\" content=\"8 minutes\" \/>\n<script type=\"application\/ld+json\" class=\"yoast-schema-graph\">{\"@context\":\"https:\\\/\\\/schema.org\",\"@graph\":[{\"@type\":\"WebPage\",\"@id\":\"https:\\\/\\\/pharmacie-progres-cannes.fr\\\/pharmacie\\\/supp\\\/expansil-cream\\\/\",\"url\":\"https:\\\/\\\/pharmacie-progres-cannes.fr\\\/pharmacie\\\/supp\\\/expansil-cream\\\/\",\"name\":\"Expansil Cream - Avis, Forum, Pharmacie, Effets, Prix -50% | Pharmacie-Progres-Pannes\",\"isPartOf\":{\"@id\":\"https:\\\/\\\/pharmacie-progres-cannes.fr\\\/pharmacie\\\/#website\"},\"primaryImageOfPage\":{\"@id\":\"https:\\\/\\\/pharmacie-progres-cannes.fr\\\/pharmacie\\\/supp\\\/expansil-cream\\\/#primaryimage\"},\"image\":{\"@id\":\"https:\\\/\\\/pharmacie-progres-cannes.fr\\\/pharmacie\\\/supp\\\/expansil-cream\\\/#primaryimage\"},\"thumbnailUrl\":\"https:\\\/\\\/pharmacie-progres-cannes.fr\\\/pharmacie\\\/wp-content\\\/uploads\\\/2024\\\/10\\\/Expansil-Cream.jpg\",\"datePublished\":\"2024-10-18T19:46:25+00:00\",\"dateModified\":\"2025-02-25T15:46:27+00:00\",\"breadcrumb\":{\"@id\":\"https:\\\/\\\/pharmacie-progres-cannes.fr\\\/pharmacie\\\/supp\\\/expansil-cream\\\/#breadcrumb\"},\"inLanguage\":\"fr-FR\",\"potentialAction\":[{\"@type\":\"ReadAction\",\"target\":[\"https:\\\/\\\/pharmacie-progres-cannes.fr\\\/pharmacie\\\/supp\\\/expansil-cream\\\/\"]}]},{\"@type\":\"ImageObject\",\"inLanguage\":\"fr-FR\",\"@id\":\"https:\\\/\\\/pharmacie-progres-cannes.fr\\\/pharmacie\\\/supp\\\/expansil-cream\\\/#primaryimage\",\"url\":\"https:\\\/\\\/pharmacie-progres-cannes.fr\\\/pharmacie\\\/wp-content\\\/uploads\\\/2024\\\/10\\\/Expansil-Cream.jpg\",\"contentUrl\":\"https:\\\/\\\/pharmacie-progres-cannes.fr\\\/pharmacie\\\/wp-content\\\/uploads\\\/2024\\\/10\\\/Expansil-Cream.jpg\",\"width\":768,\"height\":768},{\"@type\":\"BreadcrumbList\",\"@id\":\"https:\\\/\\\/pharmacie-progres-cannes.fr\\\/pharmacie\\\/supp\\\/expansil-cream\\\/#breadcrumb\",\"itemListElement\":[{\"@type\":\"ListItem\",\"position\":1,\"name\":\"Strona g\u0142\u00f3wna\",\"item\":\"https:\\\/\\\/pharmacie-progres-cannes.fr\\\/pharmacie\\\/\"},{\"@type\":\"ListItem\",\"position\":2,\"name\":\"farmaci\",\"item\":\"https:\\\/\\\/pharmacie-progres-cannes.fr\\\/pharmacie\\\/\"},{\"@type\":\"ListItem\",\"position\":3,\"name\":\"Expansil Cream\"}]},{\"@type\":\"WebSite\",\"@id\":\"https:\\\/\\\/pharmacie-progres-cannes.fr\\\/pharmacie\\\/#website\",\"url\":\"https:\\\/\\\/pharmacie-progres-cannes.fr\\\/pharmacie\\\/\",\"name\":\"Pharmacie-Progres-Pannes\",\"description\":\"\",\"potentialAction\":[{\"@type\":\"SearchAction\",\"target\":{\"@type\":\"EntryPoint\",\"urlTemplate\":\"https:\\\/\\\/pharmacie-progres-cannes.fr\\\/pharmacie\\\/?s={search_term_string}\"},\"query-input\":{\"@type\":\"PropertyValueSpecification\",\"valueRequired\":true,\"valueName\":\"search_term_string\"}}],\"inLanguage\":\"fr-FR\"}]}<\/script>\n<!-- \/ Yoast SEO plugin. -->","yoast_head_json":{"title":"Expansil Cream - Avis, Forum, Pharmacie, Effets, Prix -50% | Pharmacie-Progres-Pannes","robots":{"index":"index","follow":"follow","max-snippet":"max-snippet:-1","max-image-preview":"max-image-preview:large","max-video-preview":"max-video-preview:-1"},"canonical":"https:\/\/pharmacie-progres-cannes.fr\/pharmacie\/supp\/expansil-cream\/","og_locale":"fr_FR","og_type":"article","og_title":"Expansil Cream - Avis, Forum, Pharmacie, Effets, Prix -50% | Pharmacie-Progres-Pannes","og_url":"https:\/\/pharmacie-progres-cannes.fr\/pharmacie\/supp\/expansil-cream\/","og_site_name":"Pharmacie-Progres-Pannes","article_modified_time":"2025-02-25T15:46:27+00:00","og_image":[{"width":768,"height":768,"url":"https:\/\/pharmacie-progres-cannes.fr\/pharmacie\/wp-content\/uploads\/2024\/10\/Expansil-Cream.jpg","type":"image\/jpeg"}],"twitter_card":"summary_large_image","twitter_description":"[date_countdown]","twitter_misc":{"Dur\u00e9e de lecture estim\u00e9e":"8 minutes"},"schema":{"@context":"https:\/\/schema.org","@graph":[{"@type":"WebPage","@id":"https:\/\/pharmacie-progres-cannes.fr\/pharmacie\/supp\/expansil-cream\/","url":"https:\/\/pharmacie-progres-cannes.fr\/pharmacie\/supp\/expansil-cream\/","name":"Expansil Cream - Avis, Forum, Pharmacie, Effets, Prix -50% | Pharmacie-Progres-Pannes","isPartOf":{"@id":"https:\/\/pharmacie-progres-cannes.fr\/pharmacie\/#website"},"primaryImageOfPage":{"@id":"https:\/\/pharmacie-progres-cannes.fr\/pharmacie\/supp\/expansil-cream\/#primaryimage"},"image":{"@id":"https:\/\/pharmacie-progres-cannes.fr\/pharmacie\/supp\/expansil-cream\/#primaryimage"},"thumbnailUrl":"https:\/\/pharmacie-progres-cannes.fr\/pharmacie\/wp-content\/uploads\/2024\/10\/Expansil-Cream.jpg","datePublished":"2024-10-18T19:46:25+00:00","dateModified":"2025-02-25T15:46:27+00:00","breadcrumb":{"@id":"https:\/\/pharmacie-progres-cannes.fr\/pharmacie\/supp\/expansil-cream\/#breadcrumb"},"inLanguage":"fr-FR","potentialAction":[{"@type":"ReadAction","target":["https:\/\/pharmacie-progres-cannes.fr\/pharmacie\/supp\/expansil-cream\/"]}]},{"@type":"ImageObject","inLanguage":"fr-FR","@id":"https:\/\/pharmacie-progres-cannes.fr\/pharmacie\/supp\/expansil-cream\/#primaryimage","url":"https:\/\/pharmacie-progres-cannes.fr\/pharmacie\/wp-content\/uploads\/2024\/10\/Expansil-Cream.jpg","contentUrl":"https:\/\/pharmacie-progres-cannes.fr\/pharmacie\/wp-content\/uploads\/2024\/10\/Expansil-Cream.jpg","width":768,"height":768},{"@type":"BreadcrumbList","@id":"https:\/\/pharmacie-progres-cannes.fr\/pharmacie\/supp\/expansil-cream\/#breadcrumb","itemListElement":[{"@type":"ListItem","position":1,"name":"Strona g\u0142\u00f3wna","item":"https:\/\/pharmacie-progres-cannes.fr\/pharmacie\/"},{"@type":"ListItem","position":2,"name":"farmaci","item":"https:\/\/pharmacie-progres-cannes.fr\/pharmacie\/"},{"@type":"ListItem","position":3,"name":"Expansil Cream"}]},{"@type":"WebSite","@id":"https:\/\/pharmacie-progres-cannes.fr\/pharmacie\/#website","url":"https:\/\/pharmacie-progres-cannes.fr\/pharmacie\/","name":"Pharmacie-Progres-Pannes","description":"","potentialAction":[{"@type":"SearchAction","target":{"@type":"EntryPoint","urlTemplate":"https:\/\/pharmacie-progres-cannes.fr\/pharmacie\/?s={search_term_string}"},"query-input":{"@type":"PropertyValueSpecification","valueRequired":true,"valueName":"search_term_string"}}],"inLanguage":"fr-FR"}]}},"_links":{"self":[{"href":"https:\/\/pharmacie-progres-cannes.fr\/pharmacie\/wp-json\/wp\/v2\/product\/4543","targetHints":{"allow":["GET"]}}],"collection":[{"href":"https:\/\/pharmacie-progres-cannes.fr\/pharmacie\/wp-json\/wp\/v2\/product"}],"about":[{"href":"https:\/\/pharmacie-progres-cannes.fr\/pharmacie\/wp-json\/wp\/v2\/types\/product"}],"replies":[{"embeddable":true,"href":"https:\/\/pharmacie-progres-cannes.fr\/pharmacie\/wp-json\/wp\/v2\/comments?post=4543"}],"wp:featuredmedia":[{"embeddable":true,"href":"https:\/\/pharmacie-progres-cannes.fr\/pharmacie\/wp-json\/wp\/v2\/media\/3989"}],"wp:attachment":[{"href":"https:\/\/pharmacie-progres-cannes.fr\/pharmacie\/wp-json\/wp\/v2\/media?parent=4543"}],"wp:term":[{"taxonomy":"product_brand","embeddable":true,"href":"https:\/\/pharmacie-progres-cannes.fr\/pharmacie\/wp-json\/wp\/v2\/product_brand?post=4543"},{"taxonomy":"product_cat","embeddable":true,"href":"https:\/\/pharmacie-progres-cannes.fr\/pharmacie\/wp-json\/wp\/v2\/product_cat?post=4543"},{"taxonomy":"product_tag","embeddable":true,"href":"https:\/\/pharmacie-progres-cannes.fr\/pharmacie\/wp-json\/wp\/v2\/product_tag?post=4543"}],"curies":[{"name":"wp","href":"https:\/\/api.w.org\/{rel}","templated":true}]}}