{"id":4542,"date":"2024-10-18T19:46:25","date_gmt":"2024-10-18T19:46:25","guid":{"rendered":"https:\/\/chirurgie-orthopedie-vannes.fr\/pharmacie\/?post_type=product&#038;p=4542"},"modified":"2025-03-17T18:36:51","modified_gmt":"2025-03-17T18:36:51","slug":"eron-plus","status":"publish","type":"product","link":"https:\/\/pharmacie-progres-cannes.fr\/pharmacie\/supp\/eron-plus\/","title":{"rendered":"Eron Plus"},"content":{"rendered":"\n<h2 class=\"wp-block-heading\">Qu&rsquo;est-ce qu&rsquo;Eron Plus et comment fonctionne-t-il ?<\/h2>\n\n\n\n<p>Eron Plus est un <b>compl\u00e9ment<\/b> naturel qui soutient la sant\u00e9 sexuelle masculine. Son <em>action<\/em> se concentre sur l&rsquo;am\u00e9lioration de la qualit\u00e9 des \u00e9rections et l&rsquo;augmentation de la <b>libido<\/b>, ce qui est important pour de nombreux hommes. Les statistiques montrent que 16 % des hommes \u00e2g\u00e9s de 20 \u00e0 75 ans souffrent de troubles de l&rsquo;\u00e9rection. Parmi eux, 22 % ont moins de 40 ans et 49 % ont entre 41 et 70 ans.<\/p>\n\n\n\n<p>Eron Plus agit en augmentant le flux sanguin vers le p\u00e9nis, ce qui contribue \u00e0 une \u00e9rection durable. L&rsquo;<b>utilisation<\/b> r\u00e9guli\u00e8re de ce compl\u00e9ment peut produire des effets notables en l&rsquo;espace de deux semaines seulement. En outre, Eron Plus peut augmenter la dur\u00e9e des rapports sexuels d&rsquo;une demi-heure, ce qui ne manquera pas d&rsquo;avoir un impact sur la satisfaction sexuelle.<\/p>\n\n\n\n<p><b>Le compl\u00e9ment<\/b> est compos\u00e9 d&rsquo;ingr\u00e9dients naturels, ce qui le rend sans danger pour la sant\u00e9. Il convient d&rsquo;ajouter que le produit a un <b>effet<\/b> \u00e0 long terme, contrairement aux m\u00e9dicaments \u00e0 base de sild\u00e9nafil, qui ont g\u00e9n\u00e9ralement un <b>effet<\/b> \u00e0 court terme. Eron Plus est disponible sans ordonnance, ce qui le rend facile \u00e0 acheter.<\/p>\n\n\n\n<h2 class=\"wp-block-heading\">Effets d&rsquo;Eron Plus<\/h2>\n\n\n\n<p><b>Les effets d&rsquo;Eron Plus<\/b> peuvent affecter de mani\u00e8re significative la vie intime des utilisateurs. L&rsquo;<b>utilisation<\/b> r\u00e9guli\u00e8re <b>du<\/b> produit entra\u00eene une am\u00e9lioration de la qualit\u00e9 des \u00e9rections et une augmentation de la <b>libido<\/b>. Les hommes remarquent que leur <b>puissance<\/b> augmente, ce qui se traduit par une plus grande satisfaction dans l&rsquo;activit\u00e9 sexuelle. Gr\u00e2ce \u00e0 des ingr\u00e9dients naturels tels que le ginseng cor\u00e9en et la racine de maca, Eron Plus am\u00e9liore la force \u00e9rectile et l&rsquo;endurance sexuelle.<\/p>\n\n\n\n<p>De nombreuses personnes soulignent les <b>effets<\/b> notables <b>d&rsquo;Eron Plus<\/b> apr\u00e8s une courte p\u00e9riode d&rsquo;utilisation. En cas de traitement r\u00e9gulier, <b>le compl\u00e9ment<\/b> favorise \u00e0 la fois l&rsquo;\u00e9nergie et le bien-\u00eatre g\u00e9n\u00e9ral, ce qui a un effet positif sur les relations entre partenaires. En outre, une bonne hydratation du corps (au moins 2 litres d&rsquo;eau par jour) renforce <b>les effets du<\/b> produit.<\/p>\n\n\n\n<p>Les <b>utilisateurs<\/b> ressentent souvent un d\u00e9sir accru d&rsquo;activit\u00e9 sexuelle, et certains d\u00e9clarent pouvoir avoir des rapports sexuels multiples sans devoir faire de longues pauses. <b>Les effets d&rsquo;Eron Plus<\/b> se traduisent \u00e9galement par une augmentation de la dur\u00e9e des rapports sexuels, qui peut atteindre 30 minutes. Une <b>utilisation<\/b> r\u00e9guli\u00e8re peut am\u00e9liorer durablement la qualit\u00e9 de la vie sexuelle.<\/p>\n\n\n\n<h2 class=\"wp-block-heading\">Comment utiliser correctement Eron Plus &#8211; Dosage<\/h2>\n\n\n\n<p>L&rsquo;utilisation d&rsquo;Eron Plus n\u00e9cessite le respect de quelques principes cl\u00e9s afin d&rsquo;obtenir des r\u00e9sultats optimaux. <b>Dosage Eron Plus<\/b> recommande de prendre deux g\u00e9lules par jour, en buvant beaucoup d&rsquo;eau. Il est recommand\u00e9 de prendre les g\u00e9lules environ 30 minutes avant un repas. Une utilisation r\u00e9guli\u00e8re pendant au moins 30 jours est n\u00e9cessaire pour maximiser les effets du compl\u00e9ment.<\/p>\n\n\n\n<p>Il est important que chaque utilisateur observe ses r\u00e9actions \u00e0 la pr\u00e9paration, car les r\u00e9sultats peuvent varier en fonction des caract\u00e9ristiques corporelles individuelles. Il convient \u00e9galement de rappeler que la sulfatation de la pr\u00e9paration ne doit pas d\u00e9passer la dose recommand\u00e9e. Le compl\u00e9ment peut contribuer \u00e0 am\u00e9liorer la qualit\u00e9 de la vie sexuelle, mais les effets de son utilisation deviennent souvent perceptibles apr\u00e8s quelques semaines d&rsquo;utilisation r\u00e9guli\u00e8re.<\/p>\n\n\n\n<p>Pour les personnes qui pr\u00e9voient une activit\u00e9 sexuelle, Eron Plus Before offre une autre possibilit\u00e9 de dosage. Dans ce cas, il est recommand\u00e9 de prendre 2 \u00e0 4 g\u00e9lules environ 30 minutes avant le rapport sexuel pr\u00e9vu. De cette mani\u00e8re, le compl\u00e9ment <b>agit<\/b> rapidement.<\/p>\n\n\n\n<h2 class=\"wp-block-heading\">Eron Plus &#8211; Avis des utilisateurs, forum &#8211; Que disent les utilisateurs ?<\/h2>\n\n\n\n<p>Les <b>avis sur Eron Plus<\/b> apparaissent dans de nombreuses discussions sur divers forums en ligne, o\u00f9 les <b>utilisateurs<\/b> partagent leurs exp\u00e9riences. Beaucoup de ces avis soulignent les effets positifs de l&rsquo;utilisation de ce compl\u00e9ment. <b>Les utilisateurs<\/b> remarquent non seulement une am\u00e9lioration de la qualit\u00e9 de leurs \u00e9rections, mais aussi une augmentation de la libido, ce qui contribue \u00e0 un meilleur sentiment d&rsquo;intimit\u00e9.<\/p>\n\n\n\n<p>Dans un post, une personne souligne que \u00ab\u00a0apr\u00e8s une semaine d&rsquo;utilisation d&rsquo;Eron Plus, j&rsquo;ai senti une diff\u00e9rence significative dans la qualit\u00e9 de mes \u00e9rections\u00a0\u00bb. Un autre utilisateur d\u00e9clare que \u00ab\u00a0Eron Plus fonctionne vraiment et mes probl\u00e8mes d&rsquo;\u00e9rection ont disparu\u00a0\u00bb. De tels commentaires confirment l&rsquo;efficacit\u00e9 du produit et encouragent les gens \u00e0 l&rsquo;essayer.<\/p>\n\n\n\n<p>Outre les effets physiques, Eron Plus influence \u00e9galement le bien-\u00eatre mental des utilisateurs. \u00ab\u00a0Gr\u00e2ce \u00e0 Eron Plus, j&rsquo;ai plus d&rsquo;\u00e9nergie et la volont\u00e9 de faire des choses\u00a0\u00bb, est l&rsquo;une des opinions les plus populaires parmi les hommes qui utilisent ce suppl\u00e9ment. Il convient de noter que les <b>avis sur Eron Plus<\/b> indiquent que les changements positifs sont perceptibles apr\u00e8s seulement quelques jours d&rsquo;utilisation.<\/p>\n\n\n\n<figure class=\"wp-block-table\"><table class=\"has-fixed-layout\"><tbody><tr><th>Utilisateur<\/th><th>Avis<\/th><th>Effet<\/th><\/tr><tr><td>Tomasz<\/td><td>Eron Plus a am\u00e9lior\u00e9 la qualit\u00e9 de mes \u00e9rections. Je le recommande vivement.<\/td><td>Une plus grande confiance en soi<\/td><\/tr><tr><td>Marek<\/td><td>J&rsquo;\u00e9tais sceptique au d\u00e9but, mais Eron Plus fonctionne vraiment.<\/td><td>Augmentation de la libido, arr\u00eat des probl\u00e8mes d&rsquo;\u00e9rection<\/td><\/tr><tr><td>Pierre<\/td><td>Gr\u00e2ce \u00e0 Eron Plus, ma vie intime s&rsquo;est consid\u00e9rablement am\u00e9lior\u00e9e.<\/td><td>Plus d&rsquo;\u00e9nergie et de volont\u00e9 d&rsquo;agir<\/td><\/tr><\/tbody><\/table><\/figure>\n\n\n\n<p>Les commentaires des utilisateurs d&rsquo;Eron Plus indiquent sans \u00e9quivoque sa grande efficacit\u00e9 et son impact positif sur la vie sexuelle. <b>Les forums<\/b> sont remplis de recommandations positives, ce qui signifie qu&rsquo;Eron Plus gagne de plus en plus la confiance des hommes \u00e0 la recherche d&rsquo;un soutien \u00e0 l&rsquo;\u00e9rection et \u00e0 la libido.<\/p>\n\n\n\n<h2 class=\"wp-block-heading\">Eron Plus &#8211; Composition<\/h2>\n\n\n\n<p><b>La composition d&rsquo;Eron Plus<\/b> est bas\u00e9e sur des ingr\u00e9dients naturels soigneusement s\u00e9lectionn\u00e9s et con\u00e7us pour soutenir la sant\u00e9 masculine. L&rsquo;\u00e9l\u00e9ment cl\u00e9 est la L-arginine, qui se transforme en oxyde nitrique, contribuant ainsi \u00e0 am\u00e9liorer la circulation sanguine. Cette action peut \u00eatre particuli\u00e8rement b\u00e9n\u00e9fique pour les hommes ayant des probl\u00e8mes d&rsquo;\u00e9rection.<\/p>\n\n\n\n<p>Le compl\u00e9ment comprend \u00e9galement de l&rsquo;extrait de racine de maca, reconnu pour ses propri\u00e9t\u00e9s d&rsquo;am\u00e9lioration de la libido et du sperme. Le ginseng cor\u00e9en, qui est un aphrodisiaque bien connu depuis des si\u00e8cles, joue \u00e9galement un r\u00f4le important dans la formule d&rsquo;Eron Plus, en influen\u00e7ant positivement les pr\u00e9dispositions sexuelles et en r\u00e9duisant le stress.<\/p>\n\n\n\n<p>En outre, Eron Plus contient des ingr\u00e9dients tels que l&rsquo;extrait de macis, qui peut soutenir la production de testost\u00e9rone, et le fenugrec, qui aide \u00e0 traiter les causes de la dysfonction \u00e9rectile. Chacun de ces ingr\u00e9dients naturels est tr\u00e8s appr\u00e9ci\u00e9 pour ses propri\u00e9t\u00e9s, ce qui fait d&rsquo;Eron Plus un compl\u00e9ment int\u00e9ressant sur le march\u00e9.<\/p>\n\n\n\n<figure class=\"wp-block-table\"><table class=\"has-fixed-layout\"><tbody><tr><th>Composant<\/th><th>Action<\/th><\/tr><tr><td>L-arginine<\/td><td>Am\u00e9liore le flux sanguin vers le p\u00e9nis<\/td><\/tr><tr><td>Extrait de racine de maca<\/td><td>Augmente la libido, am\u00e9liore la qualit\u00e9 du sperme<\/td><\/tr><tr><td>Ginseng cor\u00e9en<\/td><td>Am\u00e9liore les pr\u00e9dispositions sexuelles, r\u00e9duit le stress<\/td><\/tr><tr><td>Extrait de macis<\/td><td>Favorise la production de testost\u00e9rone<\/td><\/tr><tr><td>Fenugrec<\/td><td>Elimine les causes de la dysfonction \u00e9rectile<\/td><\/tr><\/tbody><\/table><\/figure>\n\n\n\n<p>L&rsquo;utilisation r\u00e9guli\u00e8re du compl\u00e9ment Eron Plus \u00e0 base d&rsquo;ingr\u00e9dients naturels peut conduire \u00e0 des am\u00e9liorations notables de la puissance et de la satisfaction sexuelle. Gr\u00e2ce \u00e0 une formulation soign\u00e9e, on peut s&rsquo;attendre \u00e0 des effets durables, ce qui fait de ce produit une solution int\u00e9ressante pour les hommes qui souhaitent am\u00e9liorer leur vie intime.<\/p>\n\n\n\n<h2 class=\"wp-block-heading\">O\u00f9 acheter et combien co\u00fbte Eron Plus &#8211; prix<\/h2>\n\n\n\n<p>Des promotions sont r\u00e9guli\u00e8rement propos\u00e9es, par exemple 50 % de r\u00e9duction sur le site web du fabricant. Les utilisateurs profitent souvent d&rsquo;offres telles que \u00ab\u00a0deux achats, un gratuit\u00a0\u00bb. Il est donc conseill\u00e9 de v\u00e9rifier r\u00e9guli\u00e8rement les promotions disponibles sur le site web afin de tirer le meilleur parti de votre achat. Eron Plus n&rsquo;est pas disponible dans les pharmacies stationnaires ni sur les march\u00e9s en ligne populaires.<\/p>\n\n\n\n<p>De nombreuses personnes qui ont utilis\u00e9 le produit ont remarqu\u00e9 une am\u00e9lioration significative de la qualit\u00e9 de leur vie sexuelle, ce qui fait que la question de savoir <em>o\u00f9 acheter Eron Plus<\/em> est fr\u00e9quente. Il est essentiel de rappeler que les achats autoris\u00e9s garantissent non seulement la qualit\u00e9, mais aussi la s\u00e9curit\u00e9 du suppl\u00e9ment.<\/p>\n\n\n\n<h2 class=\"wp-block-heading\">Eron Plus &#8211; Effets secondaires et contre-indications<\/h2>\n\n\n\n<p>Eron Plus est consid\u00e9r\u00e9 comme un produit g\u00e9n\u00e9ralement s\u00fbr pour les hommes. Cependant, comme tout <b>compl\u00e9ment alimentaire<\/b>, il peut \u00eatre associ\u00e9 \u00e0 certains effets secondaires. Les r\u00e9actions les plus fr\u00e9quemment signal\u00e9es sont des troubles gastriques mineurs, qui peuvent survenir, en particulier au d\u00e9but du traitement. Les utilisateurs ayant des ant\u00e9c\u00e9dents d&rsquo;allergies doivent se m\u00e9fier tout particuli\u00e8rement des ingr\u00e9dients contenus dans Eron Plus et \u00e9viter de le prendre s&rsquo;ils ont une r\u00e9action positive \u00e0 l&rsquo;un d&rsquo;entre eux.<\/p>\n\n\n\n<p>L&rsquo;utilisation d&rsquo;Eron Plus par des personnes de moins de 18 ans et par des femmes enceintes ou allaitantes est \u00e9galement une contre-indication importante. Il est conseill\u00e9 de consulter votre m\u00e9decin avant de commencer le traitement, surtout si vous prenez d&rsquo;autres m\u00e9dicaments ou si vous souffrez de maladies chroniques, afin d&rsquo;\u00e9viter d&rsquo;\u00e9ventuelles interactions. Un suivi r\u00e9gulier de la r\u00e9action de l&rsquo;organisme \u00e0 la pr\u00e9paration est une bonne pratique pour \u00e9valuer si le compl\u00e9ment est adapt\u00e9 \u00e0 l&rsquo;individu.<\/p>\n\n\n\n<p>En outre, il est important de se rappeler que la consommation d&rsquo;alcool et d&rsquo;aliments gras peut affecter l&rsquo;efficacit\u00e9 d&rsquo;Eron Plus, et qu&rsquo;il est donc recommand\u00e9 de les limiter pendant l&rsquo;utilisation. Compte tenu des informations ci-dessus, Eron Plus peut \u00eatre b\u00e9n\u00e9fique, mais il convient d&rsquo;\u00eatre prudent et de conna\u00eetre les effets secondaires et les contre-indications potentiels.<\/p>\n","protected":false},"excerpt":{"rendered":"<p><strong>[date_countdown]<\/strong><\/p>\n<p><img decoding=\"async\" class=\"alignnone  wp-image-8427\" src=\"https:\/\/pharmacie-progres-cannes.fr\/pharmacie\/wp-content\/uploads\/2024\/10\/SAFE-PAY-300x88-1.png\" alt=\"SAFE-PAY-300x88\" width=\"164\" height=\"48\" \/><\/p>\n","protected":false},"featured_media":3988,"comment_status":"open","ping_status":"closed","template":"","meta":{"neve_meta_sidebar":"","neve_meta_container":"","neve_meta_enable_content_width":"","neve_meta_content_width":0,"neve_meta_title_alignment":"","neve_meta_author_avatar":"","neve_post_elements_order":"","neve_meta_disable_header":"","neve_meta_disable_footer":"","neve_meta_disable_title":"","neve_meta_reading_time":""},"product_brand":[],"product_cat":[16],"product_tag":[],"class_list":{"0":"post-4542","1":"product","2":"type-product","3":"status-publish","4":"has-post-thumbnail","6":"product_cat-sante-sexuelle","8":"first","9":"instock","10":"sale","11":"shipping-taxable","12":"product-type-external"},"yoast_head":"<!-- This site is optimized with the Yoast SEO plugin v27.3 - https:\/\/yoast.com\/product\/yoast-seo-wordpress\/ -->\n<title>Eron Plus - Avis, Forum, Pharmacie, Effets, Prix -50% | Pharmacie-Progres-Pannes<\/title>\n<meta name=\"robots\" content=\"index, follow, max-snippet:-1, max-image-preview:large, max-video-preview:-1\" \/>\n<link rel=\"canonical\" href=\"https:\/\/pharmacie-progres-cannes.fr\/pharmacie\/supp\/eron-plus\/\" \/>\n<meta property=\"og:locale\" content=\"fr_FR\" \/>\n<meta property=\"og:type\" content=\"article\" \/>\n<meta property=\"og:title\" content=\"Eron Plus - Avis, Forum, Pharmacie, Effets, Prix -50% | Pharmacie-Progres-Pannes\" \/>\n<meta property=\"og:url\" content=\"https:\/\/pharmacie-progres-cannes.fr\/pharmacie\/supp\/eron-plus\/\" \/>\n<meta property=\"og:site_name\" content=\"Pharmacie-Progres-Pannes\" \/>\n<meta property=\"article:modified_time\" content=\"2025-03-17T18:36:51+00:00\" \/>\n<meta property=\"og:image\" content=\"https:\/\/pharmacie-progres-cannes.fr\/pharmacie\/wp-content\/uploads\/2024\/10\/Eron-Plus.jpg\" \/>\n\t<meta property=\"og:image:width\" content=\"768\" \/>\n\t<meta property=\"og:image:height\" content=\"768\" \/>\n\t<meta property=\"og:image:type\" content=\"image\/jpeg\" \/>\n<meta name=\"twitter:card\" content=\"summary_large_image\" \/>\n<meta name=\"twitter:description\" content=\"[date_countdown]\" \/>\n<meta name=\"twitter:label1\" content=\"Dur\u00e9e de lecture estim\u00e9e\" \/>\n\t<meta name=\"twitter:data1\" content=\"1 minute\" \/>\n<script type=\"application\/ld+json\" class=\"yoast-schema-graph\">{\"@context\":\"https:\\\/\\\/schema.org\",\"@graph\":[{\"@type\":\"WebPage\",\"@id\":\"https:\\\/\\\/pharmacie-progres-cannes.fr\\\/pharmacie\\\/supp\\\/eron-plus\\\/\",\"url\":\"https:\\\/\\\/pharmacie-progres-cannes.fr\\\/pharmacie\\\/supp\\\/eron-plus\\\/\",\"name\":\"Eron Plus - Avis, Forum, Pharmacie, Effets, Prix -50% | Pharmacie-Progres-Pannes\",\"isPartOf\":{\"@id\":\"https:\\\/\\\/pharmacie-progres-cannes.fr\\\/pharmacie\\\/#website\"},\"primaryImageOfPage\":{\"@id\":\"https:\\\/\\\/pharmacie-progres-cannes.fr\\\/pharmacie\\\/supp\\\/eron-plus\\\/#primaryimage\"},\"image\":{\"@id\":\"https:\\\/\\\/pharmacie-progres-cannes.fr\\\/pharmacie\\\/supp\\\/eron-plus\\\/#primaryimage\"},\"thumbnailUrl\":\"https:\\\/\\\/pharmacie-progres-cannes.fr\\\/pharmacie\\\/wp-content\\\/uploads\\\/2024\\\/10\\\/Eron-Plus.jpg\",\"datePublished\":\"2024-10-18T19:46:25+00:00\",\"dateModified\":\"2025-03-17T18:36:51+00:00\",\"breadcrumb\":{\"@id\":\"https:\\\/\\\/pharmacie-progres-cannes.fr\\\/pharmacie\\\/supp\\\/eron-plus\\\/#breadcrumb\"},\"inLanguage\":\"fr-FR\",\"potentialAction\":[{\"@type\":\"ReadAction\",\"target\":[\"https:\\\/\\\/pharmacie-progres-cannes.fr\\\/pharmacie\\\/supp\\\/eron-plus\\\/\"]}]},{\"@type\":\"ImageObject\",\"inLanguage\":\"fr-FR\",\"@id\":\"https:\\\/\\\/pharmacie-progres-cannes.fr\\\/pharmacie\\\/supp\\\/eron-plus\\\/#primaryimage\",\"url\":\"https:\\\/\\\/pharmacie-progres-cannes.fr\\\/pharmacie\\\/wp-content\\\/uploads\\\/2024\\\/10\\\/Eron-Plus.jpg\",\"contentUrl\":\"https:\\\/\\\/pharmacie-progres-cannes.fr\\\/pharmacie\\\/wp-content\\\/uploads\\\/2024\\\/10\\\/Eron-Plus.jpg\",\"width\":768,\"height\":768},{\"@type\":\"BreadcrumbList\",\"@id\":\"https:\\\/\\\/pharmacie-progres-cannes.fr\\\/pharmacie\\\/supp\\\/eron-plus\\\/#breadcrumb\",\"itemListElement\":[{\"@type\":\"ListItem\",\"position\":1,\"name\":\"Strona g\u0142\u00f3wna\",\"item\":\"https:\\\/\\\/pharmacie-progres-cannes.fr\\\/pharmacie\\\/\"},{\"@type\":\"ListItem\",\"position\":2,\"name\":\"farmaci\",\"item\":\"https:\\\/\\\/pharmacie-progres-cannes.fr\\\/pharmacie\\\/\"},{\"@type\":\"ListItem\",\"position\":3,\"name\":\"Eron Plus\"}]},{\"@type\":\"WebSite\",\"@id\":\"https:\\\/\\\/pharmacie-progres-cannes.fr\\\/pharmacie\\\/#website\",\"url\":\"https:\\\/\\\/pharmacie-progres-cannes.fr\\\/pharmacie\\\/\",\"name\":\"Pharmacie-Progres-Pannes\",\"description\":\"\",\"potentialAction\":[{\"@type\":\"SearchAction\",\"target\":{\"@type\":\"EntryPoint\",\"urlTemplate\":\"https:\\\/\\\/pharmacie-progres-cannes.fr\\\/pharmacie\\\/?s={search_term_string}\"},\"query-input\":{\"@type\":\"PropertyValueSpecification\",\"valueRequired\":true,\"valueName\":\"search_term_string\"}}],\"inLanguage\":\"fr-FR\"}]}<\/script>\n<!-- \/ Yoast SEO plugin. -->","yoast_head_json":{"title":"Eron Plus - Avis, Forum, Pharmacie, Effets, Prix -50% | Pharmacie-Progres-Pannes","robots":{"index":"index","follow":"follow","max-snippet":"max-snippet:-1","max-image-preview":"max-image-preview:large","max-video-preview":"max-video-preview:-1"},"canonical":"https:\/\/pharmacie-progres-cannes.fr\/pharmacie\/supp\/eron-plus\/","og_locale":"fr_FR","og_type":"article","og_title":"Eron Plus - Avis, Forum, Pharmacie, Effets, Prix -50% | Pharmacie-Progres-Pannes","og_url":"https:\/\/pharmacie-progres-cannes.fr\/pharmacie\/supp\/eron-plus\/","og_site_name":"Pharmacie-Progres-Pannes","article_modified_time":"2025-03-17T18:36:51+00:00","og_image":[{"width":768,"height":768,"url":"https:\/\/pharmacie-progres-cannes.fr\/pharmacie\/wp-content\/uploads\/2024\/10\/Eron-Plus.jpg","type":"image\/jpeg"}],"twitter_card":"summary_large_image","twitter_description":"[date_countdown]","twitter_misc":{"Dur\u00e9e de lecture estim\u00e9e":"1 minute"},"schema":{"@context":"https:\/\/schema.org","@graph":[{"@type":"WebPage","@id":"https:\/\/pharmacie-progres-cannes.fr\/pharmacie\/supp\/eron-plus\/","url":"https:\/\/pharmacie-progres-cannes.fr\/pharmacie\/supp\/eron-plus\/","name":"Eron Plus - Avis, Forum, Pharmacie, Effets, Prix -50% | Pharmacie-Progres-Pannes","isPartOf":{"@id":"https:\/\/pharmacie-progres-cannes.fr\/pharmacie\/#website"},"primaryImageOfPage":{"@id":"https:\/\/pharmacie-progres-cannes.fr\/pharmacie\/supp\/eron-plus\/#primaryimage"},"image":{"@id":"https:\/\/pharmacie-progres-cannes.fr\/pharmacie\/supp\/eron-plus\/#primaryimage"},"thumbnailUrl":"https:\/\/pharmacie-progres-cannes.fr\/pharmacie\/wp-content\/uploads\/2024\/10\/Eron-Plus.jpg","datePublished":"2024-10-18T19:46:25+00:00","dateModified":"2025-03-17T18:36:51+00:00","breadcrumb":{"@id":"https:\/\/pharmacie-progres-cannes.fr\/pharmacie\/supp\/eron-plus\/#breadcrumb"},"inLanguage":"fr-FR","potentialAction":[{"@type":"ReadAction","target":["https:\/\/pharmacie-progres-cannes.fr\/pharmacie\/supp\/eron-plus\/"]}]},{"@type":"ImageObject","inLanguage":"fr-FR","@id":"https:\/\/pharmacie-progres-cannes.fr\/pharmacie\/supp\/eron-plus\/#primaryimage","url":"https:\/\/pharmacie-progres-cannes.fr\/pharmacie\/wp-content\/uploads\/2024\/10\/Eron-Plus.jpg","contentUrl":"https:\/\/pharmacie-progres-cannes.fr\/pharmacie\/wp-content\/uploads\/2024\/10\/Eron-Plus.jpg","width":768,"height":768},{"@type":"BreadcrumbList","@id":"https:\/\/pharmacie-progres-cannes.fr\/pharmacie\/supp\/eron-plus\/#breadcrumb","itemListElement":[{"@type":"ListItem","position":1,"name":"Strona g\u0142\u00f3wna","item":"https:\/\/pharmacie-progres-cannes.fr\/pharmacie\/"},{"@type":"ListItem","position":2,"name":"farmaci","item":"https:\/\/pharmacie-progres-cannes.fr\/pharmacie\/"},{"@type":"ListItem","position":3,"name":"Eron Plus"}]},{"@type":"WebSite","@id":"https:\/\/pharmacie-progres-cannes.fr\/pharmacie\/#website","url":"https:\/\/pharmacie-progres-cannes.fr\/pharmacie\/","name":"Pharmacie-Progres-Pannes","description":"","potentialAction":[{"@type":"SearchAction","target":{"@type":"EntryPoint","urlTemplate":"https:\/\/pharmacie-progres-cannes.fr\/pharmacie\/?s={search_term_string}"},"query-input":{"@type":"PropertyValueSpecification","valueRequired":true,"valueName":"search_term_string"}}],"inLanguage":"fr-FR"}]}},"_links":{"self":[{"href":"https:\/\/pharmacie-progres-cannes.fr\/pharmacie\/wp-json\/wp\/v2\/product\/4542","targetHints":{"allow":["GET"]}}],"collection":[{"href":"https:\/\/pharmacie-progres-cannes.fr\/pharmacie\/wp-json\/wp\/v2\/product"}],"about":[{"href":"https:\/\/pharmacie-progres-cannes.fr\/pharmacie\/wp-json\/wp\/v2\/types\/product"}],"replies":[{"embeddable":true,"href":"https:\/\/pharmacie-progres-cannes.fr\/pharmacie\/wp-json\/wp\/v2\/comments?post=4542"}],"wp:featuredmedia":[{"embeddable":true,"href":"https:\/\/pharmacie-progres-cannes.fr\/pharmacie\/wp-json\/wp\/v2\/media\/3988"}],"wp:attachment":[{"href":"https:\/\/pharmacie-progres-cannes.fr\/pharmacie\/wp-json\/wp\/v2\/media?parent=4542"}],"wp:term":[{"taxonomy":"product_brand","embeddable":true,"href":"https:\/\/pharmacie-progres-cannes.fr\/pharmacie\/wp-json\/wp\/v2\/product_brand?post=4542"},{"taxonomy":"product_cat","embeddable":true,"href":"https:\/\/pharmacie-progres-cannes.fr\/pharmacie\/wp-json\/wp\/v2\/product_cat?post=4542"},{"taxonomy":"product_tag","embeddable":true,"href":"https:\/\/pharmacie-progres-cannes.fr\/pharmacie\/wp-json\/wp\/v2\/product_tag?post=4542"}],"curies":[{"name":"wp","href":"https:\/\/api.w.org\/{rel}","templated":true}]}}