{"id":4529,"date":"2024-10-18T19:46:20","date_gmt":"2024-10-18T19:46:20","guid":{"rendered":"https:\/\/chirurgie-orthopedie-vannes.fr\/pharmacie\/?post_type=product&#038;p=4529"},"modified":"2025-03-09T11:16:58","modified_gmt":"2025-03-09T11:16:58","slug":"titanodrol","status":"publish","type":"product","link":"https:\/\/pharmacie-progres-cannes.fr\/pharmacie\/supp\/titanodrol\/","title":{"rendered":"Titanodrol"},"content":{"rendered":"\n<h2 class=\"wp-block-heading\">Qu&rsquo;est-ce que le Titanodrol et comment fonctionne-t-il ?<\/h2>\n\n\n\n<p><b>Le Titanodrol<\/b> est un <em>compl\u00e9ment alimentaire<\/em> avanc\u00e9 qui a acquis une certaine notori\u00e9t\u00e9 aupr\u00e8s de ceux qui cherchent \u00e0 augmenter leur masse musculaire et leur force. Il est bas\u00e9 sur des ingr\u00e9dients naturels et son <em>action<\/em> va au-del\u00e0 des formules standard disponibles sur le march\u00e9. L&rsquo;utilisation r\u00e9guli\u00e8re de Titanodrol soutient l&rsquo;organisme \u00e0 bien des \u00e9gards, ce qui permet d&rsquo;am\u00e9liorer les performances et l&rsquo;efficacit\u00e9 de l&rsquo;entra\u00eenement.<\/p>\n\n\n\n<p><b>Comment fonctionne<\/b> Titanodrol ? <b>Le compl\u00e9ment<\/b> agit sur l&rsquo;organisme en <em>stimulant la<\/em> production de testost\u00e9rone et d&rsquo;hormone de croissance, qui joue un r\u00f4le cl\u00e9 dans la croissance musculaire. Les utilisateurs rapportent des <b>effets<\/b> notables sous la forme d&rsquo;une augmentation de la force et de la capacit\u00e9 \u00e0 soulever des poids plus lourds. Le Titanodrol contribue \u00e9galement \u00e0 r\u00e9duire le temps de r\u00e9cup\u00e9ration apr\u00e8s un exercice intense, ce qui permet de s&rsquo;entra\u00eener plus souvent et d&rsquo;<b>obtenir de<\/b> meilleurs <b>r\u00e9sultats.<\/b> C&rsquo;est pourquoi il est recommand\u00e9 aux athl\u00e8tes amateurs et professionnels.<\/p>\n\n\n\n<p>A noter que le Titanodrol soutient \u00e9galement le m\u00e9tabolisme et le taux de synth\u00e8se des prot\u00e9ines musculaires, ce qui constitue un atout suppl\u00e9mentaire dans le processus de construction de la masse musculaire. Gr\u00e2ce \u00e0 des ingr\u00e9dients tels que l&rsquo;<em>acide D-aspartique<\/em> et la <em>b\u00eata-alanine<\/em>, ce <b>compl\u00e9ment<\/b> a le potentiel d&rsquo;am\u00e9liorer les performances physiques et de r\u00e9duire la fatigue.<\/p>\n\n\n\n<h2 class=\"wp-block-heading\">Effets du Titanodrol<\/h2>\n\n\n\n<p>L&rsquo;utilisation du compl\u00e9ment Titanodrol produit une vari\u00e9t\u00e9 d&rsquo;<em>effets<\/em> qui attirent l&rsquo;attention de nombreux athl\u00e8tes et amateurs de fitness. L&rsquo;objectif principal de ce <em>suppl\u00e9ment<\/em> est de soutenir la croissance de la masse musculaire et d&rsquo;augmenter la force, comme le confirment les <em>r\u00e9sultats<\/em> positifs <em>de<\/em> nombreux utilisateurs.<\/p>\n\n\n\n<p>L&rsquo;un des aspects les plus importants du Titanodrol est sa <b>composition<\/b>, qui contient de l&rsquo;acide D-aspartique. Cette substance favorise la production d&rsquo;hormone de croissance naturelle et de testost\u00e9rone, ce qui contribue \u00e0 am\u00e9liorer les performances physiques. Les utilisateurs font \u00e9tat d&rsquo;excellents <b>r\u00e9sultats<\/b>, notamment :<\/p>\n\n\n\n<ul class=\"wp-block-list\">\n<li>Prise de masse musculaire<\/li>\n\n\n\n<li><b>R\u00e9sistance<\/b> et performance accrues<\/li>\n\n\n\n<li>Am\u00e9liorer la r\u00e9cup\u00e9ration apr\u00e8s l&rsquo;exercice<\/li>\n\n\n\n<li>Augmentation des niveaux d&rsquo;\u00e9nergie<\/li>\n<\/ul>\n\n\n\n<p>Des ingr\u00e9dients uniques tels que la b\u00eata-alanine et la L-arginine contribuent \u00e9galement \u00e0 am\u00e9liorer les <em>performances de<\/em> l&rsquo;entra\u00eenement. La b\u00eata-alanine retarde l&rsquo;apparition de la fatigue et la L-arginine am\u00e9liore le flux sanguin, ce qui favorise la performance de l&rsquo;exercice.<\/p>\n\n\n\n<p>Les statistiques r\u00e9v\u00e8lent toutefois des <b>avis<\/b> partag\u00e9s parmi les utilisateurs quant \u00e0 l&rsquo;efficacit\u00e9 du Titanodrol. En fait, les \u00ab\u00a0points d&rsquo;interrogation\u00a0\u00bb concernant les r\u00e9sultats de la prise de ce <em>suppl\u00e9ment<\/em> peuvent indiquer la nature un peu plus complexe des effets produits par ce produit. Cela a \u00e9t\u00e9 confirm\u00e9 par les utilisateurs qui ont constat\u00e9 des diff\u00e9rences au niveau des performances et de la r\u00e9cup\u00e9ration, malgr\u00e9 la qualit\u00e9 sup\u00e9rieure des ingr\u00e9dients.<\/p>\n\n\n\n<figure class=\"wp-block-table\"><table class=\"has-fixed-layout\"><tbody><tr><th>Effet<\/th><th>Prestations attendues<\/th><th>Des observations r\u00e9alistes<\/th><\/tr><tr><td>Augmentation de la masse musculaire<\/td><td>Oui<\/td><td>Am\u00e9liorations partielles<\/td><\/tr><tr><td>Am\u00e9lioration de la r\u00e9g\u00e9n\u00e9ration<\/td><td>Oui<\/td><td>Des r\u00e9sultats diff\u00e9renci\u00e9s<\/td><\/tr><tr><td>R\u00e9duire les sensations de fatigue<\/td><td>Oui<\/td><td>Des niveaux de fatigue l\u00e9g\u00e8rement inf\u00e9rieurs<\/td><\/tr><tr><td>Augmentation de la force<\/td><td>Oui<\/td><td>Une augmentation parfois perceptible<\/td><\/tr><\/tbody><\/table><\/figure>\n\n\n\n<p>La note de 4,95 \u00e9toiles sur 5 attribu\u00e9e au Titanodrol est surprenante, mais l&rsquo;<b>exp\u00e9rience des<\/b> utilisateurs montre que <em>les effets<\/em> peuvent varier en fonction des pr\u00e9dispositions individuelles. Chaque corps r\u00e9agit diff\u00e9remment, ce qui ne se traduit pas toujours par les <b>r\u00e9sultats<\/b> escompt\u00e9s. Il est ind\u00e9niable que ce <em>suppl\u00e9ment<\/em> suscite beaucoup d&rsquo;int\u00e9r\u00eat chez les personnes qui souhaitent am\u00e9liorer leurs performances athl\u00e9tiques.<\/p>\n\n\n\n<h2 class=\"wp-block-heading\">Comment utiliser Titanodrol &#8211; Mode d&#8217;emploi et posologie<\/h2>\n\n\n\n<p>L&rsquo;utilisation du Titanodrol n\u00e9cessite le respect de certaines r\u00e8gles qui renforcent l&rsquo;efficacit\u00e9 du compl\u00e9ment. Pour obtenir les meilleurs r\u00e9sultats, il est important de savoir <b>comment utiliser<\/b> ce produit. La posologie recommand\u00e9e est de 1 \u00e0 2 comprim\u00e9s par jour, de pr\u00e9f\u00e9rence au cours d&rsquo;un repas.<\/p>\n\n\n\n<p>Voici quelques points cl\u00e9s sur le dosage du Titanodrol :<\/p>\n\n\n\n<ul class=\"wp-block-list\">\n<li><em>R\u00e9gularit\u00e9 :<\/em> <b>le suppl\u00e9ment<\/b> doit \u00eatre pris r\u00e9guli\u00e8rement, m\u00eame les jours de non-entra\u00eenement. Une prise r\u00e9guli\u00e8re permet de maximiser les <b>effets<\/b>.<\/li>\n\n\n\n<li><em>Ne pas d\u00e9passer la dose :<\/em> \u00c9vitez de d\u00e9passer la dose recommand\u00e9e, car cela peut entra\u00eener des effets ind\u00e9sirables.<\/li>\n\n\n\n<li><em>Dur\u00e9e du traitement :<\/em> La dur\u00e9e optimale d&rsquo;utilisation du Titanodrol est d&rsquo;au moins 30 jours.<\/li>\n<\/ul>\n\n\n\n<p>Gr\u00e2ce \u00e0 ces recommandations, les utilisateurs peuvent maximiser les avantages du dosage de Titanodrol et am\u00e9liorer leur force et leurs performances. N&rsquo;oubliez pas de toujours suivre les instructions afin de r\u00e9duire au maximum le risque de complications et d&rsquo;obtenir les r\u00e9sultats souhait\u00e9s.<\/p>\n\n\n\n<h2 class=\"wp-block-heading\">Exp\u00e9riences et avis des utilisateurs de Titanodrol &#8211; quels sont les avis ?<\/h2>\n\n\n\n<p><b>Les avis sur le<\/b> Titanodrol indiquent qu&rsquo;il est tr\u00e8s efficace pour soutenir la croissance de la masse musculaire. De nombreuses personnes partagent des exp\u00e9riences positives sur son utilisation. Les utilisateurs soulignent que le suppl\u00e9ment acc\u00e9l\u00e8re la r\u00e9cup\u00e9ration apr\u00e8s l&rsquo;entra\u00eenement et augmente les niveaux d&rsquo;\u00e9nergie, ce qui a un impact significatif sur la performance de l&rsquo;exercice.<\/p>\n\n\n\n<p>Exemples de commentaires :<\/p>\n\n\n\n<ul class=\"wp-block-list\">\n<li><em>Thomas, 28 ans :<\/em> \u00ab\u00a0J&rsquo;ai utilis\u00e9 le Titanodrol pendant 2 mois. J&rsquo;ai \u00e9t\u00e9 surpris par l&rsquo;effet &#8211; j&rsquo;ai r\u00e9ussi \u00e0 prendre du poids et \u00e0 am\u00e9liorer mes performances \u00e0 l&rsquo;entra\u00eenement.\u00a0\u00bb<\/li>\n\n\n\n<li><em>Catherine, 32 ans, a d\u00e9clar\u00e9 : \u00ab\u00a0Le Titanodrol a am\u00e9lior\u00e9 mon r\u00e9tablissement :<\/em> \u00ab\u00a0Le Titanodrol a am\u00e9lior\u00e9 ma r\u00e9cup\u00e9ration. Je me sens pleine d&rsquo;\u00e9nergie, ce qui a un effet positif sur mes entra\u00eenements\u00a0\u00bb.<\/li>\n\n\n\n<li><em>Marek, 24 ans, a d\u00e9clar\u00e9 : \u00ab\u00a0Je n&rsquo;ai pas remarqu\u00e9 de r\u00e9sultats spectaculaires :<\/em> \u00ab\u00a0Je n&rsquo;ai pas constat\u00e9 de r\u00e9sultats spectaculaires, mais le compl\u00e9ment n&rsquo;a pas eu d&rsquo;effets secondaires, ce qui est un grand avantage.\u00a0\u00bb<\/li>\n<\/ul>\n\n\n\n<p>Il convient de noter que les r\u00e9sultats peuvent varier en fonction des pr\u00e9dispositions individuelles des utilisateurs. L&rsquo;utilisation r\u00e9guli\u00e8re de Titanodrol acc\u00e9l\u00e8re sensiblement le d\u00e9veloppement de la masse musculaire et am\u00e9liore l&rsquo;efficacit\u00e9 des s\u00e9ances d&rsquo;entra\u00eenement. Les personnes qui prennent ce compl\u00e9ment louent \u00e9galement son absence d&rsquo;effets secondaires, ce qui fait de Titanodrol un choix s\u00fbr.<\/p>\n\n\n\n<h2 class=\"wp-block-heading\">Titanodrol &#8211; Composition &#8211; Analyse des ingr\u00e9dients<\/h2>\n\n\n\n<p>Titanodrol est un <b>compl\u00e9ment alimentaire<\/b> qui contient des <em>ingr\u00e9dients<\/em> soigneusement s\u00e9lectionn\u00e9s pour soutenir le processus de construction de la masse musculaire. En <em>analysant<\/em> sa composition, il est possible de distinguer plusieurs \u00e9l\u00e9ments cl\u00e9s qui contribuent \u00e0 son efficacit\u00e9.<\/p>\n\n\n\n<ul class=\"wp-block-list\">\n<li><strong>DAA (acide aspartique<\/strong> ) &#8211; Augmente les niveaux de testost\u00e9rone, ce qui peut conduire \u00e0 une meilleure prise de masse musculaire.<\/li>\n\n\n\n<li><strong>B\u00eata-alanine<\/strong> &#8211; Am\u00e9liore les performances lors d&rsquo;un entra\u00eenement intensif.<\/li>\n\n\n\n<li><strong>Th\u00e9 vert<\/strong> &#8211; Contient des polyph\u00e9nols et des cat\u00e9chines qui acc\u00e9l\u00e8rent la combustion des graisses et augmentent la sati\u00e9t\u00e9.<\/li>\n\n\n\n<li><strong>Extrait de Garcinia cambogia<\/strong> &#8211; Contient de l&rsquo;acide HCA, qui supprime l&rsquo;app\u00e9tit et aide \u00e0 contr\u00f4ler l&rsquo;apport calorique.<\/li>\n\n\n\n<li><strong>L-carnitine<\/strong> &#8211; Favorise la combustion des graisses et augmente l&rsquo;\u00e9nergie, ce qui se traduit par une force physique accrue.<\/li>\n\n\n\n<li><strong>Piment de Cayenne<\/strong> &#8211; Poss\u00e8de des propri\u00e9t\u00e9s thermog\u00e9niques qui augmentent la combustion des calories et r\u00e9duisent l&rsquo;app\u00e9tit.<\/li>\n<\/ul>\n\n\n\n<p>La combinaison de ces <em>ingr\u00e9dients<\/em> signifie que Titanodrol favorise non seulement la prise de masse musculaire, mais aussi la r\u00e9duction de la graisse corporelle, ce qui en fait un soutien efficace pour les athl\u00e8tes et les adeptes du fitness.<\/p>\n\n\n\n<p>Une <b>analyse<\/b> minutieuse <b>de la<\/b> <em>composition<\/em> du Titanodrol indique qu&rsquo;il est d&rsquo;origine naturelle, ce qui en fait un choix s\u00fbr et efficace pour ceux qui envisagent d&rsquo;augmenter leur masse musculaire et d&rsquo;am\u00e9liorer leurs performances.<\/p>\n\n\n\n<h2 class=\"wp-block-heading\">O\u00f9 acheter et quel est le prix du Titanodrol ?<\/h2>\n\n\n\n<p>Vous cherchez Titanodrol au prix le plus bas ? Achetez exclusivement sur le site officiel du fabricant, o\u00f9 des promotions et des offres sp\u00e9ciales apparaissent r\u00e9guli\u00e8rement. Le fabricant veille \u00e0 ce que les clients puissent b\u00e9n\u00e9ficier de remises int\u00e9ressantes, telles que des remises pour la premi\u00e8re commande, des promotions saisonni\u00e8res ou des forfaits pour les commandes plus importantes. Vous pouvez ainsi \u00e9conomiser de l&rsquo;argent sur votre achat tout en \u00e9tant s\u00fbr d&rsquo;obtenir le produit original.<\/p>\n\n\n\n<h2 class=\"wp-block-heading\">Effets secondaires potentiels et contre-indications du Titanodrol<\/h2>\n\n\n\n<p>Lors de l&rsquo;utilisation du Titanodrol, bien qu&rsquo;il soit bas\u00e9 sur des ingr\u00e9dients naturels, des <b>effets secondaires<\/b> peuvent survenir. Parmi les plus fr\u00e9quemment signal\u00e9s figurent les naus\u00e9es, les maux de t\u00eate et les troubles du sommeil, en particulier si la dose recommand\u00e9e est d\u00e9pass\u00e9e. Les utilisateurs doivent garder \u00e0 l&rsquo;esprit que les r\u00e9actions subtiles de l&rsquo;organisme au suppl\u00e9ment peuvent varier et que leur intensit\u00e9 peut d\u00e9pendre de la sensibilit\u00e9 individuelle.<\/p>\n\n\n\n<p>En termes de contre-indications, le Titanodrol est d\u00e9conseill\u00e9 aux personnes de moins de 18 ans, aux femmes enceintes ou allaitantes. Les personnes ayant des ant\u00e9c\u00e9dents d&rsquo;allergies doivent faire preuve d&rsquo;une attention particuli\u00e8re afin d&rsquo;\u00e9viter les r\u00e9actions allergiques potentielles. Il est conseill\u00e9 de consulter son m\u00e9decin avant de commencer la suppl\u00e9mentation, ce qui minimisera le risque d&rsquo;effets ind\u00e9sirables.<\/p>\n\n\n\n<p>Afin d&rsquo;exploiter pleinement le potentiel du Titanodrol et de minimiser les risques li\u00e9s \u00e0 son utilisation, il est important de respecter les recommandations en mati\u00e8re de dosage. Les utilisateurs doivent \u00eatre conscients que, malgr\u00e9 les effets positifs, une utilisation inappropri\u00e9e peut entra\u00eener des effets secondaires et que leur sant\u00e9 doit toujours \u00eatre une priorit\u00e9.<\/p>\n","protected":false},"excerpt":{"rendered":"<p><strong>[date_countdown]<\/strong><\/p>\n<p><img decoding=\"async\" class=\"alignnone  wp-image-8427\" src=\"https:\/\/pharmacie-progres-cannes.fr\/pharmacie\/wp-content\/uploads\/2024\/10\/SAFE-PAY-300x88-1.png\" alt=\"SAFE-PAY-300x88\" width=\"164\" height=\"48\" \/><\/p>\n","protected":false},"featured_media":3985,"comment_status":"open","ping_status":"closed","template":"","meta":{"neve_meta_sidebar":"","neve_meta_container":"","neve_meta_enable_content_width":"","neve_meta_content_width":0,"neve_meta_title_alignment":"","neve_meta_author_avatar":"","neve_post_elements_order":"","neve_meta_disable_header":"","neve_meta_disable_footer":"","neve_meta_disable_title":"","neve_meta_reading_time":""},"product_brand":[],"product_cat":[15],"product_tag":[],"class_list":{"0":"post-4529","1":"product","2":"type-product","3":"status-publish","4":"has-post-thumbnail","6":"product_cat-perte-de-poids","8":"first","9":"instock","10":"sale","11":"shipping-taxable","12":"product-type-external"},"yoast_head":"<!-- This site is optimized with the Yoast SEO plugin v27.4 - https:\/\/yoast.com\/product\/yoast-seo-wordpress\/ -->\n<title>Titanodrol - Avis, Forum, Pharmacie, Effets, Prix -50% | Pharmacie-Progres-Pannes<\/title>\n<meta name=\"robots\" content=\"index, follow, max-snippet:-1, max-image-preview:large, max-video-preview:-1\" \/>\n<link rel=\"canonical\" href=\"https:\/\/pharmacie-progres-cannes.fr\/pharmacie\/supp\/titanodrol\/\" \/>\n<meta property=\"og:locale\" content=\"fr_FR\" \/>\n<meta property=\"og:type\" content=\"article\" \/>\n<meta property=\"og:title\" content=\"Titanodrol - Avis, Forum, Pharmacie, Effets, Prix -50% | Pharmacie-Progres-Pannes\" \/>\n<meta property=\"og:url\" content=\"https:\/\/pharmacie-progres-cannes.fr\/pharmacie\/supp\/titanodrol\/\" \/>\n<meta property=\"og:site_name\" content=\"Pharmacie-Progres-Pannes\" \/>\n<meta property=\"article:modified_time\" content=\"2025-03-09T11:16:58+00:00\" \/>\n<meta property=\"og:image\" content=\"https:\/\/pharmacie-progres-cannes.fr\/pharmacie\/wp-content\/uploads\/2024\/10\/Titanodrol.jpg\" \/>\n\t<meta property=\"og:image:width\" content=\"768\" \/>\n\t<meta property=\"og:image:height\" content=\"768\" \/>\n\t<meta property=\"og:image:type\" content=\"image\/jpeg\" \/>\n<meta name=\"twitter:card\" content=\"summary_large_image\" \/>\n<meta name=\"twitter:description\" content=\"[date_countdown]\" \/>\n<meta name=\"twitter:label1\" content=\"Dur\u00e9e de lecture estim\u00e9e\" \/>\n\t<meta name=\"twitter:data1\" content=\"1 minute\" \/>\n<script type=\"application\/ld+json\" class=\"yoast-schema-graph\">{\"@context\":\"https:\\\/\\\/schema.org\",\"@graph\":[{\"@type\":\"WebPage\",\"@id\":\"https:\\\/\\\/pharmacie-progres-cannes.fr\\\/pharmacie\\\/supp\\\/titanodrol\\\/\",\"url\":\"https:\\\/\\\/pharmacie-progres-cannes.fr\\\/pharmacie\\\/supp\\\/titanodrol\\\/\",\"name\":\"Titanodrol - Avis, Forum, Pharmacie, Effets, Prix -50% | Pharmacie-Progres-Pannes\",\"isPartOf\":{\"@id\":\"https:\\\/\\\/pharmacie-progres-cannes.fr\\\/pharmacie\\\/#website\"},\"primaryImageOfPage\":{\"@id\":\"https:\\\/\\\/pharmacie-progres-cannes.fr\\\/pharmacie\\\/supp\\\/titanodrol\\\/#primaryimage\"},\"image\":{\"@id\":\"https:\\\/\\\/pharmacie-progres-cannes.fr\\\/pharmacie\\\/supp\\\/titanodrol\\\/#primaryimage\"},\"thumbnailUrl\":\"https:\\\/\\\/pharmacie-progres-cannes.fr\\\/pharmacie\\\/wp-content\\\/uploads\\\/2024\\\/10\\\/Titanodrol.jpg\",\"datePublished\":\"2024-10-18T19:46:20+00:00\",\"dateModified\":\"2025-03-09T11:16:58+00:00\",\"breadcrumb\":{\"@id\":\"https:\\\/\\\/pharmacie-progres-cannes.fr\\\/pharmacie\\\/supp\\\/titanodrol\\\/#breadcrumb\"},\"inLanguage\":\"fr-FR\",\"potentialAction\":[{\"@type\":\"ReadAction\",\"target\":[\"https:\\\/\\\/pharmacie-progres-cannes.fr\\\/pharmacie\\\/supp\\\/titanodrol\\\/\"]}]},{\"@type\":\"ImageObject\",\"inLanguage\":\"fr-FR\",\"@id\":\"https:\\\/\\\/pharmacie-progres-cannes.fr\\\/pharmacie\\\/supp\\\/titanodrol\\\/#primaryimage\",\"url\":\"https:\\\/\\\/pharmacie-progres-cannes.fr\\\/pharmacie\\\/wp-content\\\/uploads\\\/2024\\\/10\\\/Titanodrol.jpg\",\"contentUrl\":\"https:\\\/\\\/pharmacie-progres-cannes.fr\\\/pharmacie\\\/wp-content\\\/uploads\\\/2024\\\/10\\\/Titanodrol.jpg\",\"width\":768,\"height\":768},{\"@type\":\"BreadcrumbList\",\"@id\":\"https:\\\/\\\/pharmacie-progres-cannes.fr\\\/pharmacie\\\/supp\\\/titanodrol\\\/#breadcrumb\",\"itemListElement\":[{\"@type\":\"ListItem\",\"position\":1,\"name\":\"Strona g\u0142\u00f3wna\",\"item\":\"https:\\\/\\\/pharmacie-progres-cannes.fr\\\/pharmacie\\\/\"},{\"@type\":\"ListItem\",\"position\":2,\"name\":\"farmaci\",\"item\":\"https:\\\/\\\/pharmacie-progres-cannes.fr\\\/pharmacie\\\/\"},{\"@type\":\"ListItem\",\"position\":3,\"name\":\"Titanodrol\"}]},{\"@type\":\"WebSite\",\"@id\":\"https:\\\/\\\/pharmacie-progres-cannes.fr\\\/pharmacie\\\/#website\",\"url\":\"https:\\\/\\\/pharmacie-progres-cannes.fr\\\/pharmacie\\\/\",\"name\":\"Pharmacie-Progres-Pannes\",\"description\":\"\",\"potentialAction\":[{\"@type\":\"SearchAction\",\"target\":{\"@type\":\"EntryPoint\",\"urlTemplate\":\"https:\\\/\\\/pharmacie-progres-cannes.fr\\\/pharmacie\\\/?s={search_term_string}\"},\"query-input\":{\"@type\":\"PropertyValueSpecification\",\"valueRequired\":true,\"valueName\":\"search_term_string\"}}],\"inLanguage\":\"fr-FR\"}]}<\/script>\n<!-- \/ Yoast SEO plugin. -->","yoast_head_json":{"title":"Titanodrol - Avis, Forum, Pharmacie, Effets, Prix -50% | Pharmacie-Progres-Pannes","robots":{"index":"index","follow":"follow","max-snippet":"max-snippet:-1","max-image-preview":"max-image-preview:large","max-video-preview":"max-video-preview:-1"},"canonical":"https:\/\/pharmacie-progres-cannes.fr\/pharmacie\/supp\/titanodrol\/","og_locale":"fr_FR","og_type":"article","og_title":"Titanodrol - Avis, Forum, Pharmacie, Effets, Prix -50% | Pharmacie-Progres-Pannes","og_url":"https:\/\/pharmacie-progres-cannes.fr\/pharmacie\/supp\/titanodrol\/","og_site_name":"Pharmacie-Progres-Pannes","article_modified_time":"2025-03-09T11:16:58+00:00","og_image":[{"width":768,"height":768,"url":"https:\/\/pharmacie-progres-cannes.fr\/pharmacie\/wp-content\/uploads\/2024\/10\/Titanodrol.jpg","type":"image\/jpeg"}],"twitter_card":"summary_large_image","twitter_description":"[date_countdown]","twitter_misc":{"Dur\u00e9e de lecture estim\u00e9e":"1 minute"},"schema":{"@context":"https:\/\/schema.org","@graph":[{"@type":"WebPage","@id":"https:\/\/pharmacie-progres-cannes.fr\/pharmacie\/supp\/titanodrol\/","url":"https:\/\/pharmacie-progres-cannes.fr\/pharmacie\/supp\/titanodrol\/","name":"Titanodrol - Avis, Forum, Pharmacie, Effets, Prix -50% | Pharmacie-Progres-Pannes","isPartOf":{"@id":"https:\/\/pharmacie-progres-cannes.fr\/pharmacie\/#website"},"primaryImageOfPage":{"@id":"https:\/\/pharmacie-progres-cannes.fr\/pharmacie\/supp\/titanodrol\/#primaryimage"},"image":{"@id":"https:\/\/pharmacie-progres-cannes.fr\/pharmacie\/supp\/titanodrol\/#primaryimage"},"thumbnailUrl":"https:\/\/pharmacie-progres-cannes.fr\/pharmacie\/wp-content\/uploads\/2024\/10\/Titanodrol.jpg","datePublished":"2024-10-18T19:46:20+00:00","dateModified":"2025-03-09T11:16:58+00:00","breadcrumb":{"@id":"https:\/\/pharmacie-progres-cannes.fr\/pharmacie\/supp\/titanodrol\/#breadcrumb"},"inLanguage":"fr-FR","potentialAction":[{"@type":"ReadAction","target":["https:\/\/pharmacie-progres-cannes.fr\/pharmacie\/supp\/titanodrol\/"]}]},{"@type":"ImageObject","inLanguage":"fr-FR","@id":"https:\/\/pharmacie-progres-cannes.fr\/pharmacie\/supp\/titanodrol\/#primaryimage","url":"https:\/\/pharmacie-progres-cannes.fr\/pharmacie\/wp-content\/uploads\/2024\/10\/Titanodrol.jpg","contentUrl":"https:\/\/pharmacie-progres-cannes.fr\/pharmacie\/wp-content\/uploads\/2024\/10\/Titanodrol.jpg","width":768,"height":768},{"@type":"BreadcrumbList","@id":"https:\/\/pharmacie-progres-cannes.fr\/pharmacie\/supp\/titanodrol\/#breadcrumb","itemListElement":[{"@type":"ListItem","position":1,"name":"Strona g\u0142\u00f3wna","item":"https:\/\/pharmacie-progres-cannes.fr\/pharmacie\/"},{"@type":"ListItem","position":2,"name":"farmaci","item":"https:\/\/pharmacie-progres-cannes.fr\/pharmacie\/"},{"@type":"ListItem","position":3,"name":"Titanodrol"}]},{"@type":"WebSite","@id":"https:\/\/pharmacie-progres-cannes.fr\/pharmacie\/#website","url":"https:\/\/pharmacie-progres-cannes.fr\/pharmacie\/","name":"Pharmacie-Progres-Pannes","description":"","potentialAction":[{"@type":"SearchAction","target":{"@type":"EntryPoint","urlTemplate":"https:\/\/pharmacie-progres-cannes.fr\/pharmacie\/?s={search_term_string}"},"query-input":{"@type":"PropertyValueSpecification","valueRequired":true,"valueName":"search_term_string"}}],"inLanguage":"fr-FR"}]}},"_links":{"self":[{"href":"https:\/\/pharmacie-progres-cannes.fr\/pharmacie\/wp-json\/wp\/v2\/product\/4529","targetHints":{"allow":["GET"]}}],"collection":[{"href":"https:\/\/pharmacie-progres-cannes.fr\/pharmacie\/wp-json\/wp\/v2\/product"}],"about":[{"href":"https:\/\/pharmacie-progres-cannes.fr\/pharmacie\/wp-json\/wp\/v2\/types\/product"}],"replies":[{"embeddable":true,"href":"https:\/\/pharmacie-progres-cannes.fr\/pharmacie\/wp-json\/wp\/v2\/comments?post=4529"}],"wp:featuredmedia":[{"embeddable":true,"href":"https:\/\/pharmacie-progres-cannes.fr\/pharmacie\/wp-json\/wp\/v2\/media\/3985"}],"wp:attachment":[{"href":"https:\/\/pharmacie-progres-cannes.fr\/pharmacie\/wp-json\/wp\/v2\/media?parent=4529"}],"wp:term":[{"taxonomy":"product_brand","embeddable":true,"href":"https:\/\/pharmacie-progres-cannes.fr\/pharmacie\/wp-json\/wp\/v2\/product_brand?post=4529"},{"taxonomy":"product_cat","embeddable":true,"href":"https:\/\/pharmacie-progres-cannes.fr\/pharmacie\/wp-json\/wp\/v2\/product_cat?post=4529"},{"taxonomy":"product_tag","embeddable":true,"href":"https:\/\/pharmacie-progres-cannes.fr\/pharmacie\/wp-json\/wp\/v2\/product_tag?post=4529"}],"curies":[{"name":"wp","href":"https:\/\/api.w.org\/{rel}","templated":true}]}}