{"id":4520,"date":"2024-10-18T19:46:19","date_gmt":"2024-10-18T19:46:19","guid":{"rendered":"https:\/\/chirurgie-orthopedie-vannes.fr\/pharmacie\/?post_type=product&#038;p=4520"},"modified":"2025-03-09T11:09:05","modified_gmt":"2025-03-09T11:09:05","slug":"slimdropico","status":"publish","type":"product","link":"https:\/\/pharmacie-progres-cannes.fr\/pharmacie\/supp\/slimdropico\/","title":{"rendered":"Slimdropico"},"content":{"rendered":"\n<h2 class=\"wp-block-heading\">Qu&rsquo;est-ce que Slimdropico et comment fonctionne-t-il ?<\/h2>\n\n\n\n<p>Slimdropico est un compl\u00e9ment innovant sous forme liquide qui est facilement absorb\u00e9 par l&rsquo;organisme, ce qui le rend plus efficace que les comprim\u00e9s traditionnels. L&rsquo;<b>action de Slimdropico<\/b> repose sur quatre m\u00e9canismes cl\u00e9s. Tout d&rsquo;abord, le compl\u00e9ment bloque efficacement l&rsquo;absorption des graisses. Deuxi\u00e8mement, il acc\u00e9l\u00e8re la combustion des graisses corporelles existantes. Troisi\u00e8mement, il r\u00e9duit l&rsquo;app\u00e9tit, limitant ainsi l&rsquo;apport calorique excessif. Quatri\u00e8mement, Slimdropico facilite la digestion, am\u00e9liorant ainsi le m\u00e9tabolisme de l&rsquo;organisme.<\/p>\n\n\n\n<p>Les ingr\u00e9dients de Slimdropico comprennent des extraits naturels qui ont un impact positif sur la perte de poids. L&rsquo;extrait de yerba mate est l&rsquo;un des ingr\u00e9dients les plus importants, confirm\u00e9 par une \u00e9tude clinique de 2015, qui a montr\u00e9 son effet sur la r\u00e9duction du poids et la r\u00e9duction de la graisse corporelle. Le gingembre favorise le bon fonctionnement du syst\u00e8me digestif et contribue \u00e0 la r\u00e9duction des lipides. De son c\u00f4t\u00e9, la racine de liv\u00e8che facilite l&rsquo;\u00e9limination des toxines, ce qui soutient indirectement l <b>&lsquo;action de Slimdropico<\/b> dans le cadre de la perte de poids. En outre, des plantes telles que le pissenlit et la sauge am\u00e9liorent les r\u00e9sultats li\u00e9s au poids corporel et \u00e0 la sant\u00e9 m\u00e9tabolique.<\/p>\n\n\n\n<p>Avec un m\u00e9canisme unique autour de la perte de poids et des ingr\u00e9dients soigneusement s\u00e9lectionn\u00e9s, Slimdropico peut vous aider \u00e0 atteindre vos objectifs de perte de poids et \u00e0 am\u00e9liorer votre bien-\u00eatre.<\/p>\n\n\n\n<h2 class=\"wp-block-heading\">Effets de Slimdropico<\/h2>\n\n\n\n<p>L&rsquo;utilisation de Slimdropico contribue \u00e0 une <em>r\u00e9duction<\/em> significative <em>du poids<\/em>, avec des r\u00e9sultats allant de 3 \u00e0 10 kg, en fonction des besoins individuels de l&rsquo;utilisateur. Les gouttes acc\u00e9l\u00e8rent efficacement la <em>combustion des graisses<\/em> et inhibent les fringales, ce qui entra\u00eene une r\u00e9duction de l&rsquo;apport calorique. Les utilisateurs remarquent une am\u00e9lioration notable de leur bien-\u00eatre gr\u00e2ce \u00e0 une meilleure digestion et \u00e0 l&rsquo;\u00e9limination des ballonnements.<\/p>\n\n\n\n<p>La formule contient des <b>ingr\u00e9dients naturels<\/b> tels que le <em>yerba mate<\/em>, le <em>gingembre<\/em> et le <em>pissenlit<\/em> pour favoriser <em>l&rsquo;am\u00e9lioration du m\u00e9tabolisme<\/em>. Le yerba mate bloque l&rsquo;activit\u00e9 de la lipase pancr\u00e9atique, ce qui peut r\u00e9duire l&rsquo;accumulation de graisse dans les tissus corporels. Le gingembre est connu pour sa capacit\u00e9 \u00e0 r\u00e9duire les envies de grignoter, en particulier les collations malsaines, ce qui contribue \u00e0 une perte de poids plus rapide.<\/p>\n\n\n\n<p>Les tests effectu\u00e9s sur le produit confirment son efficacit\u00e9 et sa <b>s\u00e9curit\u00e9<\/b>. Les patients utilisant Slimdropico rapportent une am\u00e9lioration significative de la r\u00e9gulation de l&rsquo;app\u00e9tit et une <em>r\u00e9duction<\/em> notable <em>du poids<\/em> apr\u00e8s une utilisation r\u00e9guli\u00e8re. <b>Les effets de Slimdropico<\/b> ne se limitent pas \u00e0 la perte de poids, mais se traduisent \u00e9galement par une am\u00e9lioration du bien-\u00eatre et une augmentation du niveau d&rsquo;\u00e9nergie gr\u00e2ce \u00e0 l&rsquo;action des ingr\u00e9dients de soutien digestif.<\/p>\n\n\n\n<h2 class=\"wp-block-heading\">Comment utiliser correctement Slimdropico &#8211; Posologie<\/h2>\n\n\n\n<p>Lors de l&rsquo;utilisation correcte de Slimdropico, il est essentiel de respecter le bon dosage. Selon les recommandations du fabricant, il faut prendre <em>20 gouttes par<\/em> jour. Pour maximiser les effets, les gouttes doivent \u00eatre dissoutes dans de <em>l&rsquo;eau ou du jus<\/em>. Il est \u00e9galement recommand\u00e9 d&rsquo;agiter le flacon avant utilisation. Cela permet de bien m\u00e9langer les <b>ingr\u00e9dients<\/b> actifs, ce qui influe sur l&rsquo;efficacit\u00e9 de l&rsquo;application des gouttes.<\/p>\n\n\n\n<p>En plus du dosage principal, le <em>dosage de Slimdropico<\/em> peut \u00eatre ajust\u00e9 au fur et \u00e0 mesure de l&rsquo;\u00e9volution du processus de perte de poids. Une fois le poids d\u00e9sir\u00e9 atteint, des doses plus faibles peuvent \u00eatre utilis\u00e9es, favorisant ainsi le maintien des effets. La pipette de pr\u00e9cision fournie avec le produit permet un dosage pr\u00e9cis, indispensable pour obtenir les r\u00e9sultats souhait\u00e9s.<\/p>\n\n\n\n<ul class=\"wp-block-list\">\n<li>20 gouttes par jour<\/li>\n\n\n\n<li>Dissoudre dans de l&rsquo;eau ou du jus<\/li>\n\n\n\n<li>Injecter avant utilisation<\/li>\n\n\n\n<li>Possibilit\u00e9 de r\u00e9duire le dosage une fois l&rsquo;objectif atteint<\/li>\n<\/ul>\n\n\n\n<p>L&rsquo;<em>application<\/em> r\u00e9guli\u00e8re <em>des gouttes<\/em> Slimdropico soutient le processus de r\u00e9duction du poids et aide \u00e0 maintenir la sensation de sati\u00e9t\u00e9. L&rsquo;efficacit\u00e9 du produit d\u00e9pend de son application correcte, il est donc utile de suivre les instructions de la notice. L&rsquo;action des gouttes, combin\u00e9e \u00e0 la possibilit\u00e9 d&rsquo;adapter individuellement le dosage, fait de Slimdropico un choix int\u00e9ressant pour les personnes qui souhaitent r\u00e9duire efficacement leur poids.<\/p>\n\n\n\n<h2 class=\"wp-block-heading\">Slimdropico &#8211; Avis et critiques &#8211; Que disent les utilisateurs ?<\/h2>\n\n\n\n<p>Les avis sur <b>Slimdropico<\/b> sont mitig\u00e9s, mais de nombreux avis d&rsquo;utilisateurs soulignent l&rsquo;efficacit\u00e9 de ce compl\u00e9ment dans la perte de poids. La note d&rsquo;efficacit\u00e9 de Slimdropico est de 9,3\/10, ce qui le place bien au-dessus des autres produits du march\u00e9 comme Idealica (6,1\/10) et Eco Slim (6,0\/10).<\/p>\n\n\n\n<p>Parmi les clients qui ont utilis\u00e9 Slimdropico, nombreux sont ceux qui ont remarqu\u00e9 les <b>effets<\/b> positifs <b>de l&rsquo;utilisation<\/b>. Des exemples d&rsquo;exp\u00e9riences d&rsquo;utilisateurs montrent comment il change leur vie :<\/p>\n\n\n\n<ul class=\"wp-block-list\">\n<li><em>Anna :<\/em> Depuis que j&rsquo;ai commenc\u00e9 le traitement, j&rsquo;ai remarqu\u00e9 une diminution de mon app\u00e9tit. J&rsquo;ai perdu 8 kg en un mois.<\/li>\n\n\n\n<li><em>Christopher :<\/em> J&rsquo;\u00e9tais sceptique \u00e0 propos des compl\u00e9ments alimentaires, mais les r\u00e9sultats ont mis fin \u00e0 mes incertitudes. J&rsquo;ai perdu 6 kg au cours du premier mois.<\/li>\n\n\n\n<li><em>Monica :<\/em> Slimdropico m&rsquo;a aid\u00e9e \u00e0 combattre mes envies de sucreries, ce qui m&rsquo;a permis de perdre du poids plus facilement.<\/li>\n<\/ul>\n\n\n\n<p>De nombreux avis d&rsquo;utilisateurs mettent l&rsquo;accent sur la r\u00e9duction de l&rsquo;app\u00e9tit et l&rsquo;acc\u00e9l\u00e9ration du m\u00e9tabolisme. <b>Les effets de l&rsquo;utilisation<\/b> peuvent \u00eatre remarqu\u00e9s apr\u00e8s seulement quelques jours, ce qui augmente la motivation \u00e0 poursuivre le traitement. De plus, <b>les ingr\u00e9dients naturels de<\/b> Slimdropico semblent r\u00e9duire le risque d&rsquo;allergies chez les personnes sensibles.<\/p>\n\n\n\n<p><b>Les avis sur Slimdropico<\/b> montrent qu&rsquo;il s&rsquo;agit d&rsquo;une alternative pratique aux comprim\u00e9s traditionnels, qui peuvent parfois \u00eatre difficiles \u00e0 avaler. Les clients appr\u00e9cient ce compl\u00e9ment pour son efficacit\u00e9 et ses effets secondaires, qui sont g\u00e9n\u00e9ralement absents lorsque la dose recommand\u00e9e est respect\u00e9e.<\/p>\n\n\n\n<h2 class=\"wp-block-heading\">Slimdropico &#8211; Composition &#8211; Que contient-il ?<\/h2>\n\n\n\n<p>Slimdropico est un produit qui utilise des <em>ingr\u00e9dients naturels<\/em> pour favoriser la perte de poids. Sa <em>formulation Slimdropico<\/em> est bas\u00e9e sur des extraits de plantes dont les bienfaits pour l&rsquo;organisme ont \u00e9t\u00e9 d\u00e9montr\u00e9s. Voici le d\u00e9tail des ingr\u00e9dients pr\u00e9sents dans chaque portion journali\u00e8re :<\/p>\n\n\n\n<figure class=\"wp-block-table\"><table class=\"has-fixed-layout\"><tbody><tr><th>Composant<\/th><th>Quantit\u00e9 par portion journali\u00e8re (20 gouttes)<\/th><th>Extrait de plante (DER 20:1)<\/th><\/tr><tr><td>Extrait des feuilles du houx<\/td><td>40 mg<\/td><td>800 mg<\/td><\/tr><tr><td>Extrait de rhizome de gingembre<\/td><td>20 mg<\/td><td>400 mg<\/td><\/tr><tr><td>Extrait de feuille de menthe poivr\u00e9e<\/td><td>10 mg<\/td><td>200 mg<\/td><\/tr><tr><td>Extrait de racine de liv\u00e8che<\/td><td>10 mg<\/td><td>200 mg<\/td><\/tr><tr><td>Extrait d&rsquo;herbe et de racine de pissenlit<\/td><td>10 mg<\/td><td>200 mg<\/td><\/tr><tr><td>Extrait d&rsquo;herbe de violette<\/td><td>10 mg<\/td><td>200 mg<\/td><\/tr><tr><td>Extrait de feuille de sauge<\/td><td>10 mg<\/td><td>200 mg<\/td><\/tr><\/tbody><\/table><\/figure>\n\n\n\n<p>Chacun des <em>extraits de plantes<\/em> contenus dans la formulation de Slimdropico agit en synergie pour r\u00e9duire la graisse corporelle et faciliter la digestion. Une utilisation r\u00e9guli\u00e8re du produit peut entra\u00eener une sensation de plus grande sati\u00e9t\u00e9 et une suppression de l&rsquo;app\u00e9tit. La formule comprend \u00e9galement des substances telles que la caf\u00e9ine, qui acc\u00e9l\u00e8re le m\u00e9tabolisme. Le contenu d&rsquo;un sachet est de 50 ml et la dose recommand\u00e9e est de 20 gouttes par jour dissoutes dans de l&rsquo;eau ou du jus.<\/p>\n\n\n\n<h2 class=\"wp-block-heading\">O\u00f9 acheter et quel est le prix de Slimdropico ?<\/h2>\n\n\n\n<p>Slimdropico ne peut \u00eatre achet\u00e9 que sur le site web du fabricant, ce qui garantit son authenticit\u00e9 et son efficacit\u00e9. Le fabricant organise souvent des promotions qui comprennent des r\u00e9ductions sur les articles individuels, des forfaits avantageux pour les commandes plus importantes et des livraisons gratuites. Il vaut la peine de suivre r\u00e9guli\u00e8rement le site pour ne pas manquer l&rsquo;occasion d&rsquo;acheter au meilleur prix.<\/p>\n\n\n\n<h2 class=\"wp-block-heading\">Slimdropico &#8211; Effets secondaires et contre-indications &#8211; Est-il s\u00fbr ?<\/h2>\n\n\n\n<p>Slimdropico, gr\u00e2ce \u00e0 sa composition naturelle, est consid\u00e9r\u00e9 comme une pr\u00e9paration s\u00fbre pour soutenir la perte de poids. N\u00e9anmoins, il convient de pr\u00eater attention aux <strong>contre-indications<\/strong> sp\u00e9cifiques de son utilisation. Le produit est d\u00e9conseill\u00e9 aux femmes enceintes et allaitantes, ainsi qu&rsquo;aux personnes allergiques \u00e0 l&rsquo;un des ingr\u00e9dients contenus dans le produit.<\/p>\n\n\n\n<p>Il est important de toujours consulter votre m\u00e9decin avant de commencer une suppl\u00e9mentation en Slimdropico afin d&rsquo;\u00e9viter d&rsquo;\u00e9ventuels <strong>effets secondaires<\/strong> et interactions avec d&rsquo;autres m\u00e9dicaments. <b>La s\u00e9curit\u00e9 de<\/b> ce produit doit \u00eatre une priorit\u00e9, en particulier pour les personnes ayant d\u00e9j\u00e0 des probl\u00e8mes de sant\u00e9.<\/p>\n\n\n\n<p>En conclusion, bien que Slimdropico soit souvent lou\u00e9 pour son efficacit\u00e9 dans la r\u00e9duction du poids et le contr\u00f4le de l&rsquo;app\u00e9tit, il est conseill\u00e9 de lire attentivement ses ingr\u00e9dients et de consulter son m\u00e9decin pour s&rsquo;assurer d&rsquo;une <strong>s\u00e9curit\u00e9<\/strong> optimale avant de commencer le traitement.<\/p>\n","protected":false},"excerpt":{"rendered":"<p><strong>[date_countdown]<\/strong><\/p>\n<p><img decoding=\"async\" class=\"alignnone  wp-image-8427\" src=\"https:\/\/pharmacie-progres-cannes.fr\/pharmacie\/wp-content\/uploads\/2024\/10\/SAFE-PAY-300x88-1.png\" alt=\"SAFE-PAY-300x88\" width=\"164\" height=\"48\" \/><\/p>\n","protected":false},"featured_media":3954,"comment_status":"open","ping_status":"closed","template":"","meta":{"neve_meta_sidebar":"","neve_meta_container":"","neve_meta_enable_content_width":"","neve_meta_content_width":0,"neve_meta_title_alignment":"","neve_meta_author_avatar":"","neve_post_elements_order":"","neve_meta_disable_header":"","neve_meta_disable_footer":"","neve_meta_disable_title":"","neve_meta_reading_time":""},"product_brand":[],"product_cat":[15],"product_tag":[],"class_list":{"0":"post-4520","1":"product","2":"type-product","3":"status-publish","4":"has-post-thumbnail","6":"product_cat-perte-de-poids","8":"first","9":"instock","10":"sale","11":"shipping-taxable","12":"product-type-external"},"yoast_head":"<!-- This site is optimized with the Yoast SEO plugin v27.4 - https:\/\/yoast.com\/product\/yoast-seo-wordpress\/ -->\n<title>Slimdropico - Avis, Forum, Pharmacie, Effets, Prix -50% | Pharmacie-Progres-Pannes<\/title>\n<meta name=\"robots\" content=\"index, follow, max-snippet:-1, max-image-preview:large, max-video-preview:-1\" \/>\n<link rel=\"canonical\" href=\"https:\/\/pharmacie-progres-cannes.fr\/pharmacie\/supp\/slimdropico\/\" \/>\n<meta property=\"og:locale\" content=\"fr_FR\" \/>\n<meta property=\"og:type\" content=\"article\" \/>\n<meta property=\"og:title\" content=\"Slimdropico - Avis, Forum, Pharmacie, Effets, Prix -50% | Pharmacie-Progres-Pannes\" \/>\n<meta property=\"og:url\" content=\"https:\/\/pharmacie-progres-cannes.fr\/pharmacie\/supp\/slimdropico\/\" \/>\n<meta property=\"og:site_name\" content=\"Pharmacie-Progres-Pannes\" \/>\n<meta property=\"article:modified_time\" content=\"2025-03-09T11:09:05+00:00\" \/>\n<meta property=\"og:image\" content=\"https:\/\/pharmacie-progres-cannes.fr\/pharmacie\/wp-content\/uploads\/2024\/10\/SLIMDROPICO.jpg\" \/>\n\t<meta property=\"og:image:width\" content=\"768\" \/>\n\t<meta property=\"og:image:height\" content=\"768\" \/>\n\t<meta property=\"og:image:type\" content=\"image\/jpeg\" \/>\n<meta name=\"twitter:card\" content=\"summary_large_image\" \/>\n<meta name=\"twitter:description\" content=\"[date_countdown]\" \/>\n<meta name=\"twitter:label1\" content=\"Dur\u00e9e de lecture estim\u00e9e\" \/>\n\t<meta name=\"twitter:data1\" content=\"1 minute\" \/>\n<script type=\"application\/ld+json\" class=\"yoast-schema-graph\">{\"@context\":\"https:\\\/\\\/schema.org\",\"@graph\":[{\"@type\":\"WebPage\",\"@id\":\"https:\\\/\\\/pharmacie-progres-cannes.fr\\\/pharmacie\\\/supp\\\/slimdropico\\\/\",\"url\":\"https:\\\/\\\/pharmacie-progres-cannes.fr\\\/pharmacie\\\/supp\\\/slimdropico\\\/\",\"name\":\"Slimdropico - Avis, Forum, Pharmacie, Effets, Prix -50% | Pharmacie-Progres-Pannes\",\"isPartOf\":{\"@id\":\"https:\\\/\\\/pharmacie-progres-cannes.fr\\\/pharmacie\\\/#website\"},\"primaryImageOfPage\":{\"@id\":\"https:\\\/\\\/pharmacie-progres-cannes.fr\\\/pharmacie\\\/supp\\\/slimdropico\\\/#primaryimage\"},\"image\":{\"@id\":\"https:\\\/\\\/pharmacie-progres-cannes.fr\\\/pharmacie\\\/supp\\\/slimdropico\\\/#primaryimage\"},\"thumbnailUrl\":\"https:\\\/\\\/pharmacie-progres-cannes.fr\\\/pharmacie\\\/wp-content\\\/uploads\\\/2024\\\/10\\\/SLIMDROPICO.jpg\",\"datePublished\":\"2024-10-18T19:46:19+00:00\",\"dateModified\":\"2025-03-09T11:09:05+00:00\",\"breadcrumb\":{\"@id\":\"https:\\\/\\\/pharmacie-progres-cannes.fr\\\/pharmacie\\\/supp\\\/slimdropico\\\/#breadcrumb\"},\"inLanguage\":\"fr-FR\",\"potentialAction\":[{\"@type\":\"ReadAction\",\"target\":[\"https:\\\/\\\/pharmacie-progres-cannes.fr\\\/pharmacie\\\/supp\\\/slimdropico\\\/\"]}]},{\"@type\":\"ImageObject\",\"inLanguage\":\"fr-FR\",\"@id\":\"https:\\\/\\\/pharmacie-progres-cannes.fr\\\/pharmacie\\\/supp\\\/slimdropico\\\/#primaryimage\",\"url\":\"https:\\\/\\\/pharmacie-progres-cannes.fr\\\/pharmacie\\\/wp-content\\\/uploads\\\/2024\\\/10\\\/SLIMDROPICO.jpg\",\"contentUrl\":\"https:\\\/\\\/pharmacie-progres-cannes.fr\\\/pharmacie\\\/wp-content\\\/uploads\\\/2024\\\/10\\\/SLIMDROPICO.jpg\",\"width\":768,\"height\":768},{\"@type\":\"BreadcrumbList\",\"@id\":\"https:\\\/\\\/pharmacie-progres-cannes.fr\\\/pharmacie\\\/supp\\\/slimdropico\\\/#breadcrumb\",\"itemListElement\":[{\"@type\":\"ListItem\",\"position\":1,\"name\":\"Strona g\u0142\u00f3wna\",\"item\":\"https:\\\/\\\/pharmacie-progres-cannes.fr\\\/pharmacie\\\/\"},{\"@type\":\"ListItem\",\"position\":2,\"name\":\"farmaci\",\"item\":\"https:\\\/\\\/pharmacie-progres-cannes.fr\\\/pharmacie\\\/\"},{\"@type\":\"ListItem\",\"position\":3,\"name\":\"Slimdropico\"}]},{\"@type\":\"WebSite\",\"@id\":\"https:\\\/\\\/pharmacie-progres-cannes.fr\\\/pharmacie\\\/#website\",\"url\":\"https:\\\/\\\/pharmacie-progres-cannes.fr\\\/pharmacie\\\/\",\"name\":\"Pharmacie-Progres-Pannes\",\"description\":\"\",\"potentialAction\":[{\"@type\":\"SearchAction\",\"target\":{\"@type\":\"EntryPoint\",\"urlTemplate\":\"https:\\\/\\\/pharmacie-progres-cannes.fr\\\/pharmacie\\\/?s={search_term_string}\"},\"query-input\":{\"@type\":\"PropertyValueSpecification\",\"valueRequired\":true,\"valueName\":\"search_term_string\"}}],\"inLanguage\":\"fr-FR\"}]}<\/script>\n<!-- \/ Yoast SEO plugin. -->","yoast_head_json":{"title":"Slimdropico - Avis, Forum, Pharmacie, Effets, Prix -50% | Pharmacie-Progres-Pannes","robots":{"index":"index","follow":"follow","max-snippet":"max-snippet:-1","max-image-preview":"max-image-preview:large","max-video-preview":"max-video-preview:-1"},"canonical":"https:\/\/pharmacie-progres-cannes.fr\/pharmacie\/supp\/slimdropico\/","og_locale":"fr_FR","og_type":"article","og_title":"Slimdropico - Avis, Forum, Pharmacie, Effets, Prix -50% | Pharmacie-Progres-Pannes","og_url":"https:\/\/pharmacie-progres-cannes.fr\/pharmacie\/supp\/slimdropico\/","og_site_name":"Pharmacie-Progres-Pannes","article_modified_time":"2025-03-09T11:09:05+00:00","og_image":[{"width":768,"height":768,"url":"https:\/\/pharmacie-progres-cannes.fr\/pharmacie\/wp-content\/uploads\/2024\/10\/SLIMDROPICO.jpg","type":"image\/jpeg"}],"twitter_card":"summary_large_image","twitter_description":"[date_countdown]","twitter_misc":{"Dur\u00e9e de lecture estim\u00e9e":"1 minute"},"schema":{"@context":"https:\/\/schema.org","@graph":[{"@type":"WebPage","@id":"https:\/\/pharmacie-progres-cannes.fr\/pharmacie\/supp\/slimdropico\/","url":"https:\/\/pharmacie-progres-cannes.fr\/pharmacie\/supp\/slimdropico\/","name":"Slimdropico - Avis, Forum, Pharmacie, Effets, Prix -50% | Pharmacie-Progres-Pannes","isPartOf":{"@id":"https:\/\/pharmacie-progres-cannes.fr\/pharmacie\/#website"},"primaryImageOfPage":{"@id":"https:\/\/pharmacie-progres-cannes.fr\/pharmacie\/supp\/slimdropico\/#primaryimage"},"image":{"@id":"https:\/\/pharmacie-progres-cannes.fr\/pharmacie\/supp\/slimdropico\/#primaryimage"},"thumbnailUrl":"https:\/\/pharmacie-progres-cannes.fr\/pharmacie\/wp-content\/uploads\/2024\/10\/SLIMDROPICO.jpg","datePublished":"2024-10-18T19:46:19+00:00","dateModified":"2025-03-09T11:09:05+00:00","breadcrumb":{"@id":"https:\/\/pharmacie-progres-cannes.fr\/pharmacie\/supp\/slimdropico\/#breadcrumb"},"inLanguage":"fr-FR","potentialAction":[{"@type":"ReadAction","target":["https:\/\/pharmacie-progres-cannes.fr\/pharmacie\/supp\/slimdropico\/"]}]},{"@type":"ImageObject","inLanguage":"fr-FR","@id":"https:\/\/pharmacie-progres-cannes.fr\/pharmacie\/supp\/slimdropico\/#primaryimage","url":"https:\/\/pharmacie-progres-cannes.fr\/pharmacie\/wp-content\/uploads\/2024\/10\/SLIMDROPICO.jpg","contentUrl":"https:\/\/pharmacie-progres-cannes.fr\/pharmacie\/wp-content\/uploads\/2024\/10\/SLIMDROPICO.jpg","width":768,"height":768},{"@type":"BreadcrumbList","@id":"https:\/\/pharmacie-progres-cannes.fr\/pharmacie\/supp\/slimdropico\/#breadcrumb","itemListElement":[{"@type":"ListItem","position":1,"name":"Strona g\u0142\u00f3wna","item":"https:\/\/pharmacie-progres-cannes.fr\/pharmacie\/"},{"@type":"ListItem","position":2,"name":"farmaci","item":"https:\/\/pharmacie-progres-cannes.fr\/pharmacie\/"},{"@type":"ListItem","position":3,"name":"Slimdropico"}]},{"@type":"WebSite","@id":"https:\/\/pharmacie-progres-cannes.fr\/pharmacie\/#website","url":"https:\/\/pharmacie-progres-cannes.fr\/pharmacie\/","name":"Pharmacie-Progres-Pannes","description":"","potentialAction":[{"@type":"SearchAction","target":{"@type":"EntryPoint","urlTemplate":"https:\/\/pharmacie-progres-cannes.fr\/pharmacie\/?s={search_term_string}"},"query-input":{"@type":"PropertyValueSpecification","valueRequired":true,"valueName":"search_term_string"}}],"inLanguage":"fr-FR"}]}},"_links":{"self":[{"href":"https:\/\/pharmacie-progres-cannes.fr\/pharmacie\/wp-json\/wp\/v2\/product\/4520","targetHints":{"allow":["GET"]}}],"collection":[{"href":"https:\/\/pharmacie-progres-cannes.fr\/pharmacie\/wp-json\/wp\/v2\/product"}],"about":[{"href":"https:\/\/pharmacie-progres-cannes.fr\/pharmacie\/wp-json\/wp\/v2\/types\/product"}],"replies":[{"embeddable":true,"href":"https:\/\/pharmacie-progres-cannes.fr\/pharmacie\/wp-json\/wp\/v2\/comments?post=4520"}],"wp:featuredmedia":[{"embeddable":true,"href":"https:\/\/pharmacie-progres-cannes.fr\/pharmacie\/wp-json\/wp\/v2\/media\/3954"}],"wp:attachment":[{"href":"https:\/\/pharmacie-progres-cannes.fr\/pharmacie\/wp-json\/wp\/v2\/media?parent=4520"}],"wp:term":[{"taxonomy":"product_brand","embeddable":true,"href":"https:\/\/pharmacie-progres-cannes.fr\/pharmacie\/wp-json\/wp\/v2\/product_brand?post=4520"},{"taxonomy":"product_cat","embeddable":true,"href":"https:\/\/pharmacie-progres-cannes.fr\/pharmacie\/wp-json\/wp\/v2\/product_cat?post=4520"},{"taxonomy":"product_tag","embeddable":true,"href":"https:\/\/pharmacie-progres-cannes.fr\/pharmacie\/wp-json\/wp\/v2\/product_tag?post=4520"}],"curies":[{"name":"wp","href":"https:\/\/api.w.org\/{rel}","templated":true}]}}