{"id":4519,"date":"2024-10-18T19:46:19","date_gmt":"2024-10-18T19:46:19","guid":{"rendered":"https:\/\/chirurgie-orthopedie-vannes.fr\/pharmacie\/?post_type=product&#038;p=4519"},"modified":"2025-03-09T12:00:32","modified_gmt":"2025-03-09T12:00:32","slug":"keto-core","status":"publish","type":"product","link":"https:\/\/pharmacie-progres-cannes.fr\/pharmacie\/supp\/keto-core\/","title":{"rendered":"Keto Core"},"content":{"rendered":"\n<h2 class=\"wp-block-heading\">Qu&rsquo;est-ce que Keto Core et comment fonctionne-t-il ?<\/h2>\n\n\n\n<p><b>Keto Core<\/b> est un <em>suppl\u00e9ment c\u00e9tog\u00e8ne<\/em> con\u00e7u pour les personnes qui suivent un r\u00e9gime c\u00e9tog\u00e8ne. Sa formule unique est bas\u00e9e sur des extraits naturels de plantes qui aident l&rsquo;organisme \u00e0 atteindre un \u00e9tat de c\u00e9tose. <b>Keto Core agit<\/b> en acc\u00e9l\u00e9rant le m\u00e9tabolisme et en \u00e9liminant la sensation de faim, ce qui est essentiel dans le processus de perte de poids.<\/p>\n\n\n\n<p>La formule contient notamment de l&rsquo;extrait de feuilles de houx du Paraguay, de l&rsquo;extrait de rhizome de gingembre et d&rsquo;autres ingr\u00e9dients qui favorisent la digestion. Gr\u00e2ce \u00e0 eux, Keto Core favorise non seulement la <b>perte de poids<\/b>, mais am\u00e9liore \u00e9galement le bien-\u00eatre g\u00e9n\u00e9ral. <b>Qu&rsquo;est-ce que Keto Core<\/b>? Il s&rsquo;agit d&rsquo;un produit qui vous permet d&rsquo;entrer plus efficacement en c\u00e9tose en modifiant m\u00eame l\u00e9g\u00e8rement votre alimentation.<\/p>\n\n\n\n<p>Le <b>dosage<\/b> recommand\u00e9 est de 20 gouttes par jour, \u00e0 dissoudre dans 200 ml d&rsquo;eau. Ce <b>dosage<\/b> rend l&rsquo;<em>action de Keto Core<\/em> rapide et efficace, ce qui fait de ce compl\u00e9ment une solution pratique pour ceux qui recherchent un soutien pendant leur r\u00e9gime. Gr\u00e2ce \u00e0 sa composition unique d&rsquo;ingr\u00e9dients, Keto Core se distingue des autres suppl\u00e9ments sur le march\u00e9, ce qui en fait un choix id\u00e9al pour tous ceux qui cherchent \u00e0 atteindre la silhouette de leurs r\u00eaves.<\/p>\n\n\n\n<h2 class=\"wp-block-heading\">Quels sont les effets de l&rsquo;utilisation de Keto Core ?<\/h2>\n\n\n\n<p>Les personnes qui utilisent Keto Core remarquent souvent des <b>r\u00e9sultats<\/b> significatifs dans leur processus de perte de poids. <b>Les r\u00e9sultats de l&rsquo;utilisation de Keto Core<\/b> montrent une r\u00e9duction de la graisse corporelle, en particulier dans les r\u00e9gions de l&rsquo;abdomen et des cuisses. Ces <b>effets<\/b> commencent \u00e0 se manifester apr\u00e8s quelques semaines d&rsquo;utilisation r\u00e9guli\u00e8re.<\/p>\n\n\n\n<p>Les ingr\u00e9dients naturels contenus dans les gouttes favorisent une meilleure sant\u00e9 en acc\u00e9l\u00e9rant le m\u00e9tabolisme et en permettant la combustion des graisses comme principale source d&rsquo;\u00e9nergie. En outre, de nombreuses personnes remarquent une augmentation de l&rsquo;\u00e9nergie, ce qui se traduit par un meilleur sentiment de bien-\u00eatre et une plus grande productivit\u00e9 dans les activit\u00e9s quotidiennes. Les <b>effets sur<\/b> la sant\u00e9 comprennent une meilleure digestion, une r\u00e9duction de l&rsquo;app\u00e9tit et une r\u00e9gularisation du taux de sucre dans le sang.<\/p>\n\n\n\n<p>Le tableau ci-dessous pr\u00e9sente les principaux effets de Keto Core et leur impact sur la <b>sant\u00e9<\/b> et la <b>perte de poids<\/b>:<\/p>\n\n\n\n<figure class=\"wp-block-table\"><table class=\"has-fixed-layout\"><tbody><tr><th>Effet<\/th><th>Description<\/th><\/tr><tr><td>Une perte de poids plus rapide<\/td><td>R\u00e9duire l&rsquo;exc\u00e8s de graisse corporelle dans un laps de temps plus court.<\/td><\/tr><tr><td>Augmentation de l&rsquo;\u00e9nergie<\/td><td>Une augmentation des niveaux d&rsquo;\u00e9nergie, qui se r\u00e9percute sur l&rsquo;activit\u00e9 quotidienne.<\/td><\/tr><tr><td>R\u00e9duction de l&rsquo;app\u00e9tit<\/td><td>Des ingr\u00e9dients naturels r\u00e9duisent la sensation de faim.<\/td><\/tr><tr><td>Am\u00e9liorer la digestion<\/td><td>Soutien des processus digestifs et am\u00e9lioration du p\u00e9ristaltisme intestinal.<\/td><\/tr><tr><td>R\u00e9gularisation de la glyc\u00e9mie<\/td><td>Stabilise le glucose dans l&rsquo;organisme, ce qui a un effet sur la <b>sant\u00e9<\/b> g\u00e9n\u00e9rale.<\/td><\/tr><\/tbody><\/table><\/figure>\n\n\n\n<p>Les effets de Keto Core sont attribu\u00e9s \u00e0 l&rsquo;action synergique des ingr\u00e9dients actifs, qui soutiennent le corps dans le processus de d\u00e9sintoxication et am\u00e9liorent le bien-\u00eatre g\u00e9n\u00e9ral. Les personnes qui optent pour cette forme de soutien \u00e0 la perte de poids peuvent donc s&rsquo;attendre \u00e0 des r\u00e9sultats r\u00e9els et satisfaisants.<\/p>\n\n\n\n<h2 class=\"wp-block-heading\">Dosage de Keto Core &#8211; Comment l&rsquo;utiliser ?<\/h2>\n\n\n\n<p>Pour obtenir des r\u00e9sultats optimaux, le <b>dosage de<\/b> Keto Core doit \u00eatre effectu\u00e9 conform\u00e9ment aux recommandations de la notice. La dose standard est de <em>20 gouttes une fois par jour<\/em>, qui doivent \u00eatre dissoutes dans <em>200 ml d&rsquo;eau ou de jus<\/em> avant d&rsquo;\u00eatre consomm\u00e9es. La r\u00e9gularit\u00e9 et l&rsquo;<b>application<\/b> correcte sont essentielles pour obtenir les r\u00e9sultats souhait\u00e9s.<\/p>\n\n\n\n<p>Lorsque vous vous demandez <b>comment utiliser Keto Core<\/b>, il est important de ne pas d\u00e9passer la dose recommand\u00e9e. Conservez le produit dans un endroit sec, \u00e0 temp\u00e9rature ambiante, \u00e0 l&rsquo;abri des sources de lumi\u00e8re et des enfants en bas \u00e2ge. L&rsquo;anti-r\u00e9glementation du r\u00e9gime c\u00e9tog\u00e8ne implique que le d\u00e9passement des normes autoris\u00e9es peut conduire \u00e0 des effets ind\u00e9sirables, il convient donc d&rsquo;\u00eatre prudent.<\/p>\n\n\n\n<figure class=\"wp-block-table\"><table class=\"has-fixed-layout\"><tbody><tr><th>Phase de candidature<\/th><th>Temps de r\u00e9ponse<\/th><th>Dosage recommand\u00e9<\/th><\/tr><tr><td>Phase initiale<\/td><td>\u00c0 partir de 30 minutes<\/td><td>20 gouttes<\/td><\/tr><tr><td>Phase de maintenance<\/td><td>3-4 semaines<\/td><td>20 gouttes<\/td><\/tr><\/tbody><\/table><\/figure>\n\n\n\n<p>Les utilisateurs remarquent souvent que les effets de l&rsquo;utilisation apparaissent apr\u00e8s quelques semaines. L&rsquo;<b>utilisation<\/b> r\u00e9guli\u00e8re <b>des<\/b> gouttes peut contribuer \u00e0 minimiser les sympt\u00f4mes typiques de la grippe c\u00e9tog\u00e8ne et \u00e0 faciliter la transition vers un r\u00e9gime c\u00e9tog\u00e8ne. Ces mesures favorisent une perte de poids rapide, ce qui est une excellente motivation pour ceux qui souhaitent am\u00e9liorer leur humeur et leur silhouette.<\/p>\n\n\n\n<h2 class=\"wp-block-heading\">Exp\u00e9riences et commentaires des utilisateurs de Keto Core &#8211; quels sont les commentaires ?<\/h2>\n\n\n\n<p>Les <b>commentaires sur<\/b> Keto Core comprennent souvent des <b>exp\u00e9riences<\/b> positives <b>d&rsquo;utilisateurs<\/b> qui ont commenc\u00e9 \u00e0 utiliser le suppl\u00e9ment dans leur perte de poids. Anna, une utilisatrice, a rapport\u00e9 une diff\u00e9rence significative dans la fa\u00e7on dont elle se sentait apr\u00e8s un mois d&rsquo;utilisation. En particulier, l&rsquo;am\u00e9lioration de la digestion et la r\u00e9duction de plusieurs kilos augmentent son niveau d&rsquo;\u00e9nergie au quotidien.<\/p>\n\n\n\n<p>Michael a constat\u00e9 des r\u00e9sultats visibles apr\u00e8s seulement une semaine, ce qui l&rsquo;a incit\u00e9 \u00e0 recommander Keto Core \u00e0 d&rsquo;autres personnes. Son <b>exp\u00e9rience d&rsquo;utilisateur<\/b> montre que le suppl\u00e9ment soutient efficacement la r\u00e9duction des graisses et am\u00e9liore le bien-\u00eatre g\u00e9n\u00e9ral. Il est int\u00e9ressant de noter que 100% des utilisateurs ont rapport\u00e9 des r\u00e9sultats positifs de perte de poids d\u00e8s la premi\u00e8re semaine.<\/p>\n\n\n\n<p>Karolina a admis que son scepticisme \u00e0 l&rsquo;\u00e9gard des suppl\u00e9ments a \u00e9t\u00e9 dissip\u00e9 gr\u00e2ce \u00e0 Keto Core. Elle a appr\u00e9ci\u00e9 la simplicit\u00e9 d&rsquo;utilisation et les r\u00e9sultats qu&rsquo;elle a constat\u00e9s en peu de temps. De nombreuses personnes qui ont partag\u00e9 leurs avis sur Keto Core ont indiqu\u00e9 une r\u00e9duction de l&rsquo;app\u00e9tit et une am\u00e9lioration du m\u00e9tabolisme, ce qui facilite le suivi d&rsquo;un r\u00e9gime c\u00e9tog\u00e8ne.<\/p>\n\n\n\n<p>En effet, l&rsquo;exp\u00e9rience des utilisateurs montre que ce produit est tr\u00e8s efficace. Environ 70 % des avis en ligne sont positifs, ce qui souligne sa popularit\u00e9. Pour ceux qui souhaitent perdre du poids, Keto Core semble \u00eatre une solution attrayante, en particulier dans le contexte de la forme pratique des gouttes et des ingr\u00e9dients naturels qui affectent le processus de c\u00e9tose.<\/p>\n\n\n\n<h2 class=\"wp-block-heading\">Composition de Keto Core &#8211; Analyse des ingr\u00e9dients<\/h2>\n\n\n\n<p><b>La composition de<\/b> Keto Core est bas\u00e9e sur sept extraits naturels de plantes qui favorisent la perte de poids et influencent le m\u00e9tabolisme. Les principaux ingr\u00e9dients sont : le houx, le rhizome de gingembre, les feuilles de menthe poivr\u00e9e, la racine de liv\u00e8che, l&rsquo;herbe et la racine de pissenlit, l&rsquo;herbe de violette et les feuilles de sauge. L&rsquo;<em>analyse des ingr\u00e9dients<\/em> montre \u00e9galement que le houx a un effet positif sur la perte de poids, comme l&rsquo;a confirm\u00e9 une \u00e9tude clinique de 2015.<\/p>\n\n\n\n<p>Le rhizome de gingembre augmente de mani\u00e8re significative la thermogen\u00e8se, ce qui permet de br\u00fbler davantage de calories. Il r\u00e9duit \u00e9galement les taux de lipides, ce qui est b\u00e9n\u00e9fique pour les personnes souhaitant r\u00e9duire leur masse graisseuse. En outre, le pissenlit r\u00e9duit les taux de triglyc\u00e9rides et de cholest\u00e9rol, ce qui favorise la <b>sant\u00e9<\/b> cardiovasculaire pendant la perte de poids. Les probiotiques contenus dans Keto Core favorisent la sant\u00e9 intestinale, ce qui est extr\u00eamement important pour les personnes qui suivent un r\u00e9gime c\u00e9tog\u00e8ne.<\/p>\n\n\n\n<p>La formulation en gouttes de Keto Core le rend facile \u00e0 <b>utiliser<\/b>, en particulier pour les personnes qui peuvent avoir des difficult\u00e9s \u00e0 absorber les nutriments des aliments. L&rsquo;utilisation r\u00e9guli\u00e8re de ce compl\u00e9ment peut contribuer \u00e0 r\u00e9duire les envies de glucides, ce qui est important dans le cadre d&rsquo;un r\u00e9gime c\u00e9tog\u00e8ne restrictif.<\/p>\n\n\n\n<h2 class=\"wp-block-heading\">Prix de Keto Core &#8211; O\u00f9 acheter ?<\/h2>\n\n\n\n<p>L&rsquo;achat de Keto Core n&rsquo;est possible que sur le <em>site officiel du fabricant<\/em>. Il vaut la peine de visiter ce portail r\u00e9guli\u00e8rement, car les prix peuvent varier en fonction des promotions disponibles. La haute qualit\u00e9 du produit s&rsquo;accompagne souvent d&rsquo;offres exclusives que l&rsquo;on ne trouve que sur le site du fabricant.<\/p>\n\n\n\n<p>Le produit n&rsquo;est pas vendu dans les pharmacies ou autres points de vente, ce qui fait du <em>site officiel du fabricant le<\/em> seul endroit o\u00f9 acheter Keto Core. Des r\u00e9ductions y sont souvent disponibles, ce qui vous permet d&rsquo;acheter le suppl\u00e9ment \u00e0 un <em>prix<\/em> avantageux.<\/p>\n\n\n\n<p>Savoir <b>o\u00f9 acheter<\/b> Keto Core est essentiel pour assurer la s\u00e9curit\u00e9 de votre transaction et obtenir un produit de qualit\u00e9. Investir dans ce suppl\u00e9ment sur le site web du fabricant garantit l&rsquo;authenticit\u00e9 et le soutien total du r\u00e9gime c\u00e9tog\u00e8ne.<\/p>\n\n\n\n<h2 class=\"wp-block-heading\">Keto Core &#8211; Effets secondaires et contre-indications<\/h2>\n\n\n\n<p>Keto Core est un compl\u00e9ment alimentaire populaire destin\u00e9 \u00e0 soutenir les personnes qui suivent un r\u00e9gime c\u00e9tog\u00e8ne. Bien que le produit soit g\u00e9n\u00e9ralement consid\u00e9r\u00e9 comme s\u00fbr, certains utilisateurs peuvent ressentir des <strong>effets secondaires<\/strong>. Les effets les plus fr\u00e9quemment signal\u00e9s sont la fatigue, les maux de t\u00eate, les naus\u00e9es et la mauvaise haleine, connue sous le nom de grippe c\u00e9tog\u00e8ne. Ces r\u00e9actions sont g\u00e9n\u00e9ralement temporaires, mais il vaut la peine de s&rsquo;y pr\u00e9parer avant de commencer le traitement.<\/p>\n\n\n\n<p>L&rsquo;identification des \u00e9ventuelles <strong>contre-indications<\/strong> est \u00e9galement un aspect important. Les personnes souffrant d&rsquo;allergies aux ingr\u00e9dients d&rsquo;un suppl\u00e9ment devraient l&rsquo;\u00e9viter. En outre, les personnes souffrant de maladies chroniques, telles que les maladies r\u00e9nales, devraient consulter leur m\u00e9decin avant de commencer \u00e0 prendre des compl\u00e9ments alimentaires. Lobm met \u00e9galement en garde les femmes enceintes, qui devraient \u00e9viter tous les compl\u00e9ments alimentaires sans avoir pr\u00e9alablement consult\u00e9 un professionnel.<\/p>\n\n\n\n<p>Outre les <strong>effets secondaires<\/strong> possibles, il convient de garder \u00e0 l&rsquo;esprit qu&rsquo;<b>un r\u00e9gime c\u00e9tog\u00e8ne<\/b> peut entra\u00eener des carences en nutriments et qu&rsquo;une suppl\u00e9mentation en \u00e9lectrolytes peut s&rsquo;av\u00e9rer n\u00e9cessaire pour garantir une <strong>utilisation s\u00fbre<\/strong>. Il est \u00e9galement conseill\u00e9 d&rsquo;analyser son \u00e9tat de sant\u00e9 g\u00e9n\u00e9ral avant d&rsquo;opter pour une suppl\u00e9mentation avec un produit tel que Keto Core afin d&rsquo;\u00e9viter d&rsquo;\u00e9ventuelles complications.<\/p>\n","protected":false},"excerpt":{"rendered":"<p><strong>[date_countdown]<\/strong><\/p>\n<p><img decoding=\"async\" class=\"alignnone  wp-image-8427\" src=\"https:\/\/pharmacie-progres-cannes.fr\/pharmacie\/wp-content\/uploads\/2024\/10\/SAFE-PAY-300x88-1.png\" alt=\"SAFE-PAY-300x88\" width=\"164\" height=\"48\" \/><\/p>\n","protected":false},"featured_media":3953,"comment_status":"open","ping_status":"closed","template":"","meta":{"neve_meta_sidebar":"","neve_meta_container":"","neve_meta_enable_content_width":"","neve_meta_content_width":0,"neve_meta_title_alignment":"","neve_meta_author_avatar":"","neve_post_elements_order":"","neve_meta_disable_header":"","neve_meta_disable_footer":"","neve_meta_disable_title":"","neve_meta_reading_time":""},"product_brand":[],"product_cat":[15],"product_tag":[],"class_list":{"0":"post-4519","1":"product","2":"type-product","3":"status-publish","4":"has-post-thumbnail","6":"product_cat-perte-de-poids","8":"first","9":"instock","10":"sale","11":"shipping-taxable","12":"product-type-external"},"yoast_head":"<!-- This site is optimized with the Yoast SEO plugin v27.4 - https:\/\/yoast.com\/product\/yoast-seo-wordpress\/ -->\n<title>Keto Core - Avis, Forum, Pharmacie, Effets, Prix -50% | Pharmacie-Progres-Pannes<\/title>\n<meta name=\"robots\" content=\"index, follow, max-snippet:-1, max-image-preview:large, max-video-preview:-1\" \/>\n<link rel=\"canonical\" href=\"https:\/\/pharmacie-progres-cannes.fr\/pharmacie\/supp\/keto-core\/\" \/>\n<meta property=\"og:locale\" content=\"fr_FR\" \/>\n<meta property=\"og:type\" content=\"article\" \/>\n<meta property=\"og:title\" content=\"Keto Core - Avis, Forum, Pharmacie, Effets, Prix -50% | Pharmacie-Progres-Pannes\" \/>\n<meta property=\"og:url\" content=\"https:\/\/pharmacie-progres-cannes.fr\/pharmacie\/supp\/keto-core\/\" \/>\n<meta property=\"og:site_name\" content=\"Pharmacie-Progres-Pannes\" \/>\n<meta property=\"article:modified_time\" content=\"2025-03-09T12:00:32+00:00\" \/>\n<meta property=\"og:image\" content=\"https:\/\/pharmacie-progres-cannes.fr\/pharmacie\/wp-content\/uploads\/2024\/10\/KETO-CORE.jpg\" \/>\n\t<meta property=\"og:image:width\" content=\"768\" \/>\n\t<meta property=\"og:image:height\" content=\"768\" \/>\n\t<meta property=\"og:image:type\" content=\"image\/jpeg\" \/>\n<meta name=\"twitter:card\" content=\"summary_large_image\" \/>\n<meta name=\"twitter:description\" content=\"[date_countdown]\" \/>\n<meta name=\"twitter:label1\" content=\"Dur\u00e9e de lecture estim\u00e9e\" \/>\n\t<meta name=\"twitter:data1\" content=\"1 minute\" \/>\n<script type=\"application\/ld+json\" class=\"yoast-schema-graph\">{\"@context\":\"https:\\\/\\\/schema.org\",\"@graph\":[{\"@type\":\"WebPage\",\"@id\":\"https:\\\/\\\/pharmacie-progres-cannes.fr\\\/pharmacie\\\/supp\\\/keto-core\\\/\",\"url\":\"https:\\\/\\\/pharmacie-progres-cannes.fr\\\/pharmacie\\\/supp\\\/keto-core\\\/\",\"name\":\"Keto Core - Avis, Forum, Pharmacie, Effets, Prix -50% | Pharmacie-Progres-Pannes\",\"isPartOf\":{\"@id\":\"https:\\\/\\\/pharmacie-progres-cannes.fr\\\/pharmacie\\\/#website\"},\"primaryImageOfPage\":{\"@id\":\"https:\\\/\\\/pharmacie-progres-cannes.fr\\\/pharmacie\\\/supp\\\/keto-core\\\/#primaryimage\"},\"image\":{\"@id\":\"https:\\\/\\\/pharmacie-progres-cannes.fr\\\/pharmacie\\\/supp\\\/keto-core\\\/#primaryimage\"},\"thumbnailUrl\":\"https:\\\/\\\/pharmacie-progres-cannes.fr\\\/pharmacie\\\/wp-content\\\/uploads\\\/2024\\\/10\\\/KETO-CORE.jpg\",\"datePublished\":\"2024-10-18T19:46:19+00:00\",\"dateModified\":\"2025-03-09T12:00:32+00:00\",\"breadcrumb\":{\"@id\":\"https:\\\/\\\/pharmacie-progres-cannes.fr\\\/pharmacie\\\/supp\\\/keto-core\\\/#breadcrumb\"},\"inLanguage\":\"fr-FR\",\"potentialAction\":[{\"@type\":\"ReadAction\",\"target\":[\"https:\\\/\\\/pharmacie-progres-cannes.fr\\\/pharmacie\\\/supp\\\/keto-core\\\/\"]}]},{\"@type\":\"ImageObject\",\"inLanguage\":\"fr-FR\",\"@id\":\"https:\\\/\\\/pharmacie-progres-cannes.fr\\\/pharmacie\\\/supp\\\/keto-core\\\/#primaryimage\",\"url\":\"https:\\\/\\\/pharmacie-progres-cannes.fr\\\/pharmacie\\\/wp-content\\\/uploads\\\/2024\\\/10\\\/KETO-CORE.jpg\",\"contentUrl\":\"https:\\\/\\\/pharmacie-progres-cannes.fr\\\/pharmacie\\\/wp-content\\\/uploads\\\/2024\\\/10\\\/KETO-CORE.jpg\",\"width\":768,\"height\":768},{\"@type\":\"BreadcrumbList\",\"@id\":\"https:\\\/\\\/pharmacie-progres-cannes.fr\\\/pharmacie\\\/supp\\\/keto-core\\\/#breadcrumb\",\"itemListElement\":[{\"@type\":\"ListItem\",\"position\":1,\"name\":\"Strona g\u0142\u00f3wna\",\"item\":\"https:\\\/\\\/pharmacie-progres-cannes.fr\\\/pharmacie\\\/\"},{\"@type\":\"ListItem\",\"position\":2,\"name\":\"farmaci\",\"item\":\"https:\\\/\\\/pharmacie-progres-cannes.fr\\\/pharmacie\\\/\"},{\"@type\":\"ListItem\",\"position\":3,\"name\":\"Keto Core\"}]},{\"@type\":\"WebSite\",\"@id\":\"https:\\\/\\\/pharmacie-progres-cannes.fr\\\/pharmacie\\\/#website\",\"url\":\"https:\\\/\\\/pharmacie-progres-cannes.fr\\\/pharmacie\\\/\",\"name\":\"Pharmacie-Progres-Pannes\",\"description\":\"\",\"potentialAction\":[{\"@type\":\"SearchAction\",\"target\":{\"@type\":\"EntryPoint\",\"urlTemplate\":\"https:\\\/\\\/pharmacie-progres-cannes.fr\\\/pharmacie\\\/?s={search_term_string}\"},\"query-input\":{\"@type\":\"PropertyValueSpecification\",\"valueRequired\":true,\"valueName\":\"search_term_string\"}}],\"inLanguage\":\"fr-FR\"}]}<\/script>\n<!-- \/ Yoast SEO plugin. -->","yoast_head_json":{"title":"Keto Core - Avis, Forum, Pharmacie, Effets, Prix -50% | Pharmacie-Progres-Pannes","robots":{"index":"index","follow":"follow","max-snippet":"max-snippet:-1","max-image-preview":"max-image-preview:large","max-video-preview":"max-video-preview:-1"},"canonical":"https:\/\/pharmacie-progres-cannes.fr\/pharmacie\/supp\/keto-core\/","og_locale":"fr_FR","og_type":"article","og_title":"Keto Core - Avis, Forum, Pharmacie, Effets, Prix -50% | Pharmacie-Progres-Pannes","og_url":"https:\/\/pharmacie-progres-cannes.fr\/pharmacie\/supp\/keto-core\/","og_site_name":"Pharmacie-Progres-Pannes","article_modified_time":"2025-03-09T12:00:32+00:00","og_image":[{"width":768,"height":768,"url":"https:\/\/pharmacie-progres-cannes.fr\/pharmacie\/wp-content\/uploads\/2024\/10\/KETO-CORE.jpg","type":"image\/jpeg"}],"twitter_card":"summary_large_image","twitter_description":"[date_countdown]","twitter_misc":{"Dur\u00e9e de lecture estim\u00e9e":"1 minute"},"schema":{"@context":"https:\/\/schema.org","@graph":[{"@type":"WebPage","@id":"https:\/\/pharmacie-progres-cannes.fr\/pharmacie\/supp\/keto-core\/","url":"https:\/\/pharmacie-progres-cannes.fr\/pharmacie\/supp\/keto-core\/","name":"Keto Core - Avis, Forum, Pharmacie, Effets, Prix -50% | Pharmacie-Progres-Pannes","isPartOf":{"@id":"https:\/\/pharmacie-progres-cannes.fr\/pharmacie\/#website"},"primaryImageOfPage":{"@id":"https:\/\/pharmacie-progres-cannes.fr\/pharmacie\/supp\/keto-core\/#primaryimage"},"image":{"@id":"https:\/\/pharmacie-progres-cannes.fr\/pharmacie\/supp\/keto-core\/#primaryimage"},"thumbnailUrl":"https:\/\/pharmacie-progres-cannes.fr\/pharmacie\/wp-content\/uploads\/2024\/10\/KETO-CORE.jpg","datePublished":"2024-10-18T19:46:19+00:00","dateModified":"2025-03-09T12:00:32+00:00","breadcrumb":{"@id":"https:\/\/pharmacie-progres-cannes.fr\/pharmacie\/supp\/keto-core\/#breadcrumb"},"inLanguage":"fr-FR","potentialAction":[{"@type":"ReadAction","target":["https:\/\/pharmacie-progres-cannes.fr\/pharmacie\/supp\/keto-core\/"]}]},{"@type":"ImageObject","inLanguage":"fr-FR","@id":"https:\/\/pharmacie-progres-cannes.fr\/pharmacie\/supp\/keto-core\/#primaryimage","url":"https:\/\/pharmacie-progres-cannes.fr\/pharmacie\/wp-content\/uploads\/2024\/10\/KETO-CORE.jpg","contentUrl":"https:\/\/pharmacie-progres-cannes.fr\/pharmacie\/wp-content\/uploads\/2024\/10\/KETO-CORE.jpg","width":768,"height":768},{"@type":"BreadcrumbList","@id":"https:\/\/pharmacie-progres-cannes.fr\/pharmacie\/supp\/keto-core\/#breadcrumb","itemListElement":[{"@type":"ListItem","position":1,"name":"Strona g\u0142\u00f3wna","item":"https:\/\/pharmacie-progres-cannes.fr\/pharmacie\/"},{"@type":"ListItem","position":2,"name":"farmaci","item":"https:\/\/pharmacie-progres-cannes.fr\/pharmacie\/"},{"@type":"ListItem","position":3,"name":"Keto Core"}]},{"@type":"WebSite","@id":"https:\/\/pharmacie-progres-cannes.fr\/pharmacie\/#website","url":"https:\/\/pharmacie-progres-cannes.fr\/pharmacie\/","name":"Pharmacie-Progres-Pannes","description":"","potentialAction":[{"@type":"SearchAction","target":{"@type":"EntryPoint","urlTemplate":"https:\/\/pharmacie-progres-cannes.fr\/pharmacie\/?s={search_term_string}"},"query-input":{"@type":"PropertyValueSpecification","valueRequired":true,"valueName":"search_term_string"}}],"inLanguage":"fr-FR"}]}},"_links":{"self":[{"href":"https:\/\/pharmacie-progres-cannes.fr\/pharmacie\/wp-json\/wp\/v2\/product\/4519","targetHints":{"allow":["GET"]}}],"collection":[{"href":"https:\/\/pharmacie-progres-cannes.fr\/pharmacie\/wp-json\/wp\/v2\/product"}],"about":[{"href":"https:\/\/pharmacie-progres-cannes.fr\/pharmacie\/wp-json\/wp\/v2\/types\/product"}],"replies":[{"embeddable":true,"href":"https:\/\/pharmacie-progres-cannes.fr\/pharmacie\/wp-json\/wp\/v2\/comments?post=4519"}],"wp:featuredmedia":[{"embeddable":true,"href":"https:\/\/pharmacie-progres-cannes.fr\/pharmacie\/wp-json\/wp\/v2\/media\/3953"}],"wp:attachment":[{"href":"https:\/\/pharmacie-progres-cannes.fr\/pharmacie\/wp-json\/wp\/v2\/media?parent=4519"}],"wp:term":[{"taxonomy":"product_brand","embeddable":true,"href":"https:\/\/pharmacie-progres-cannes.fr\/pharmacie\/wp-json\/wp\/v2\/product_brand?post=4519"},{"taxonomy":"product_cat","embeddable":true,"href":"https:\/\/pharmacie-progres-cannes.fr\/pharmacie\/wp-json\/wp\/v2\/product_cat?post=4519"},{"taxonomy":"product_tag","embeddable":true,"href":"https:\/\/pharmacie-progres-cannes.fr\/pharmacie\/wp-json\/wp\/v2\/product_tag?post=4519"}],"curies":[{"name":"wp","href":"https:\/\/api.w.org\/{rel}","templated":true}]}}