{"id":4515,"date":"2024-10-18T19:46:19","date_gmt":"2024-10-18T19:46:19","guid":{"rendered":"https:\/\/chirurgie-orthopedie-vannes.fr\/pharmacie\/?post_type=product&#038;p=4515"},"modified":"2025-03-17T17:25:49","modified_gmt":"2025-03-17T17:25:49","slug":"hai-matcha","status":"publish","type":"product","link":"https:\/\/pharmacie-progres-cannes.fr\/pharmacie\/supp\/hai-matcha\/","title":{"rendered":"Hai Matcha"},"content":{"rendered":"\n<h2 class=\"wp-block-heading\">Qu&rsquo;est-ce que le Hai Matcha et comment fonctionne-t-il ?<\/h2>\n\n\n\n<p><b>Hai Matcha<\/b> est un <b>suppl\u00e9ment de perte de poids<\/b> qui combine la poudre de th\u00e9 vert matcha et d&rsquo;autres <b>ingr\u00e9dients actifs<\/b> tels que la spiruline. <b>Qu&rsquo;est-ce que Hai Matcha<\/b>? Il s&rsquo;agit d&rsquo;une formule qui acc\u00e9l\u00e8re le m\u00e9tabolisme et soutient les processus de d\u00e9sintoxication de l&rsquo;organisme. Gr\u00e2ce \u00e0 sa teneur \u00e9lev\u00e9e en antioxydants, il a \u00e9galement un effet b\u00e9n\u00e9fique sur l&rsquo;\u00e9tat g\u00e9n\u00e9ral de l&rsquo;organisme et augmente les niveaux d&rsquo;\u00e9nergie.<\/p>\n\n\n\n<p><b>Comment fonctionne le matcha<\/b>? La consommation r\u00e9guli\u00e8re de cette boisson peut favoriser la perte de poids en acc\u00e9l\u00e9rant la combustion des graisses. La L-th\u00e9anine contenue dans le matcha a un effet relaxant et r\u00e9duit le stress, ce qui est important pour la perte de poids. En outre, la forte concentration de chlorophylle, de vitamines et de min\u00e9raux dans le matcha am\u00e9liore le bien-\u00eatre g\u00e9n\u00e9ral et peut avoir un effet sur la r\u00e9duction de la tension art\u00e9rielle.<\/p>\n\n\n\n<p>Gr\u00e2ce \u00e0 la combinaison unique d&rsquo;ingr\u00e9dients actifs, les effets de <b>Hai Matcha<\/b> peuvent produire des r\u00e9sultats notables en peu de temps. Les utilisateurs qui choisissent de boire ce compl\u00e9ment r\u00e9guli\u00e8rement constatent souvent une perte de poids et une am\u00e9lioration de la concentration. Sa teneur en 16 vitamines et min\u00e9raux apporte un soutien complet \u00e0 l&rsquo;organisme, ce qui en fait un choix int\u00e9ressant pour les personnes \u00e0 la recherche de solutions alimentaires saines.<\/p>\n\n\n\n<h2 class=\"wp-block-heading\">Hai Matcha &#8211; effets de l&rsquo;utilisation<\/h2>\n\n\n\n<p>La consommation r\u00e9guli\u00e8re d&rsquo;effets Hai Matcha peut apporter une s\u00e9rie d&rsquo;avantages pour la sant\u00e9 qui attirent l&rsquo;attention des personnes soucieuses de leur sant\u00e9 et de celles qui cherchent \u00e0 perdre du poids. Les utilisateurs remarquent souvent une am\u00e9lioration significative de leur humeur et une augmentation de leur \u00e9nergie, qui se traduit par une activit\u00e9 quotidienne. De nombreuses personnes soulignent qu&rsquo;apr\u00e8s un mois d&rsquo;utilisation, ce <b>compl\u00e9ment alimentaire<\/b> a contribu\u00e9 \u00e0 la perte de poids, avec des r\u00e9sultats allant jusqu&rsquo;\u00e0 5 kg.<\/p>\n\n\n\n<p>L&rsquo;un des principaux effets est l&rsquo;acc\u00e9l\u00e9ration du m\u00e9tabolisme, qui peut m\u00eame se produire au repos. Des ingr\u00e9dients tels que la vitamine C, la vitamine B6 et les compos\u00e9s naturels du matcha, comme les cat\u00e9chines, soutiennent non seulement les processus m\u00e9taboliques, mais am\u00e9liorent \u00e9galement la sant\u00e9 g\u00e9n\u00e9rale de l&rsquo;organisme. La spiruline et les prot\u00e9ines de soja contribuent en outre \u00e0 maintenir un sentiment de sati\u00e9t\u00e9, ce qui favorise la r\u00e9duction de l&rsquo;apport calorique et la <b>perte de poids<\/b>.<\/p>\n\n\n\n<p>Les utilisateurs ont \u00e9galement fait \u00e9tat d&rsquo;une augmentation significative de la concentration, ce qui fait de Hai Matcha un soutien id\u00e9al pour les personnes ayant un mode de vie actif et les \u00e9tudiants qui ont besoin d&rsquo;am\u00e9liorer leurs performances mentales. Gr\u00e2ce \u00e0 tous ces effets, ce <b>compl\u00e9ment alimentaire<\/b> devient de plus en plus populaire et suscite des r\u00e9actions positives de la part de ceux qui l&rsquo;utilisent.<\/p>\n\n\n\n<h2 class=\"wp-block-heading\">Comment utiliser correctement Hai Matcha &#8211; Dosage<\/h2>\n\n\n\n<p>Pour profiter au maximum des bienfaits du Matcha Hai, il est essentiel de le doser correctement. Il est recommand\u00e9 de <b>pr\u00e9parer la boisson<\/b> avec 15 grammes de poudre pour 300 ml d&rsquo;eau. Ce <b>dosage de Hai Matcha<\/b> permet d&rsquo;obtenir la bonne concentration de principes actifs, ce qui se traduit par de meilleurs r\u00e9sultats.<\/p>\n\n\n\n<p><b>Comment utiliser<\/b> cette boisson ? Faites d&rsquo;abord bouillir l&rsquo;eau, puis refroidissez-la jusqu&rsquo;\u00e0 environ 80\u00b0C. Verser l&rsquo;eau ainsi pr\u00e9par\u00e9e dans une casserole et ajouter la poudre de matcha. Ensuite, \u00e0 l&rsquo;aide d&rsquo;un fouet ou d&rsquo;un shaker, m\u00e9langez bien les ingr\u00e9dients pour obtenir une consistance homog\u00e8ne. Une utilisation syst\u00e9matique est indispensable pour constater les effets positifs.<\/p>\n\n\n\n<p>Il convient de mentionner que le meilleur moment pour boire la boisson est le matin ou le d\u00e9but de l&rsquo;apr\u00e8s-midi. Cela donne de l&rsquo;\u00e9nergie au corps pour toute la journ\u00e9e. La consommation r\u00e9guli\u00e8re de Hai Matcha favorise l&rsquo;am\u00e9lioration du m\u00e9tabolisme et du bien-\u00eatre g\u00e9n\u00e9ral.<\/p>\n\n\n\n<figure class=\"wp-block-table\"><table class=\"has-fixed-layout\"><tbody><tr><th>Pr\u00e9paration de la boisson<\/th><th>Dosage<\/th><th>Volume d&rsquo;eau<\/th><\/tr><tr><td>Version plus faible (Usucha)<\/td><td>1,7 g<\/td><td>75 ml<\/td><\/tr><tr><td>Version plus forte (Koicha)<\/td><td>3,7 g<\/td><td>40 ml<\/td><\/tr><tr><td>Dosage standard<\/td><td>15 g<\/td><td>300 ml<\/td><\/tr><\/tbody><\/table><\/figure>\n\n\n\n<p>La <b>pr\u00e9paration<\/b> correcte <b>de la boisson<\/b> et son dosage sont essentiels pour obtenir les effets souhait\u00e9s. La consommation r\u00e9guli\u00e8re de Hai Matcha peut avoir un effet b\u00e9n\u00e9fique sur l&rsquo;humeur et les performances.<\/p>\n\n\n\n<h2 class=\"wp-block-heading\">Hai Matcha &#8211; Avis et critiques &#8211; Que disent les utilisateurs ?<\/h2>\n\n\n\n<p>Les utilisateurs de Hai Matcha font part de nombreuses <em>exp\u00e9riences<\/em> positives qui soulignent l&rsquo;efficacit\u00e9 du compl\u00e9ment. Un nombre important de personnes note une am\u00e9lioration notable de l&rsquo;\u00e9nergie apr\u00e8s une utilisation r\u00e9guli\u00e8re de ce produit. De nombreux <em>commentaires<\/em> font \u00e9tat d&rsquo;une r\u00e9duction de la faim, ce qui permet de mieux contr\u00f4ler l&rsquo;app\u00e9tit.<\/p>\n\n\n\n<p>Parmi les avis sur Hai Matcha, on trouve des opinions qui confirment une am\u00e9lioration du m\u00e9tabolisme. Les utilisateurs indiquent que, gr\u00e2ce \u00e0 ce compl\u00e9ment, ils ont r\u00e9duit leurs kilos superflus sans effet yo-yo, un probl\u00e8me courant dans la perte de poids. D&rsquo;autres <em>avis<\/em> font \u00e9galement \u00e9tat d&rsquo;une am\u00e9lioration de la qualit\u00e9 de la peau et du bien-\u00eatre g\u00e9n\u00e9ral.<\/p>\n\n\n\n<p>Il convient de noter que le produit a re\u00e7u une note \u00e9lev\u00e9e sur les plateformes d&rsquo;\u00e9valuation des compl\u00e9ments alimentaires, ce qui confirme sa popularit\u00e9 et son impact positif sur la sant\u00e9. Les personnes en surpoids et ob\u00e8ses, en particulier, attirent l&rsquo;attention sur ses propri\u00e9t\u00e9s favorisant la perte de poids. L&rsquo;utilisation r\u00e9guli\u00e8re de Hai Matcha apporte les r\u00e9sultats escompt\u00e9s, comme le confirment de nombreux <em>avis<\/em> et t\u00e9moignages sur <em>Hai Matcha<\/em>.<\/p>\n\n\n\n<figure class=\"wp-block-table\"><table class=\"has-fixed-layout\"><tbody><tr><th>Utilisateur<\/th><th>Exp\u00e9rience<\/th><th>L&rsquo;\u00e9valuation<\/th><\/tr><tr><td>Kasia<\/td><td>Am\u00e9lioration de l&rsquo;\u00e9nergie et r\u00e9duction de la faim<\/td><td>9\/10<\/td><\/tr><tr><td>Marcin<\/td><td>Am\u00e9lioration du m\u00e9tabolisme, perte de poids<\/td><td>8\/10<\/td><\/tr><tr><td>Anna<\/td><td>Am\u00e9lioration de l&rsquo;humeur, r\u00e9duction du stress<\/td><td>9\/10<\/td><\/tr><\/tbody><\/table><\/figure>\n\n\n\n<h2 class=\"wp-block-heading\">Composition du Matcha Hai &#8211; Analyse des ingr\u00e9dients<\/h2>\n\n\n\n<p>Hai Matcha est un <b>compl\u00e9ment alimentaire<\/b> bas\u00e9 sur la <em>composition<\/em> unique <em>du Hai Matcha<\/em>, qui apporte \u00e0 l&rsquo;organisme des <em>principes actifs<\/em> et une <em>valeur nutritionnelle<\/em> de grande valeur. Chaque portion de 15 g contient un ensemble riche d&rsquo;ingr\u00e9dients qui stimulent le m\u00e9tabolisme. L&rsquo;ingr\u00e9dient cl\u00e9 est la poudre de <b>th\u00e9<\/b> vert <b>matcha<\/b>, qui repr\u00e9sente jusqu&rsquo;\u00e0 200 mg par portion. L&rsquo;extrait de matcha est une source connue d&rsquo;antioxydants qui favorisent les processus de combustion des graisses, ce qui peut contribuer \u00e0 la perte de poids.<\/p>\n\n\n\n<p>Il contient \u00e9galement des prot\u00e9ines de soja et de la spiruline, qui constitue une source compl\u00e8te de prot\u00e9ines, enrichissant ainsi le compl\u00e9ment d&rsquo;une <b>valeur nutritionnelle<\/b> suppl\u00e9mentaire. La spiruline est riche en vitamines et min\u00e9raux, dont les vitamines E, C, B6 et B12. Ces <b>ingr\u00e9dients actifs<\/b> contribuent au renforcement de l&rsquo;organisme et \u00e0 la d\u00e9sintoxication, tandis que l&rsquo;action du chardon marie contribue \u00e0 la sant\u00e9 du foie.<\/p>\n\n\n\n<p>La naringine et l&rsquo;EGCG sont pr\u00e9sents dans la formulation, ce qui augmente l&rsquo;efficacit\u00e9 de la formule. Les <b>valeurs nutritionnelles de<\/b> Hai Matcha comprennent \u00e9galement la teneur en polyph\u00e9nols, en cat\u00e9chines et en L-th\u00e9anine, qui ont un effet significatif sur l&rsquo;humeur et la r\u00e9duction du stress. Avec une composition diversifi\u00e9e comprenant 16 vitamines et min\u00e9raux et 22 autres <b>ingr\u00e9dients actifs<\/b>, le produit peut \u00eatre un soutien efficace dans le r\u00e9gime alimentaire quotidien.<\/p>\n\n\n\n<h2 class=\"wp-block-heading\">O\u00f9 acheter et combien co\u00fbte Hai Matcha &#8211; prix<\/h2>\n\n\n\n<p>Hai Matcha n&rsquo;est disponible que sur le <em>site officiel du fabricant<\/em>, ce qui offre aux utilisateurs la garantie d&rsquo;acheter le produit original. Un aspect int\u00e9ressant est la possibilit\u00e9 de profiter de <em>promotions<\/em> qui peuvent r\u00e9duire le prix final jusqu&rsquo;\u00e0 50 %. Une telle r\u00e9duction rend l&rsquo;<em>achat de Hai Matcha<\/em> plus attrayant. Les utilisateurs doivent noter que le produit n&rsquo;est pas disponible dans les pharmacies stationnaires, ce qui fait du site web officiel le seul endroit o\u00f9 ce suppl\u00e9ment peut \u00eatre achet\u00e9.<\/p>\n\n\n\n<p>Le d\u00e9lai d&rsquo;exp\u00e9dition des commandes est compris entre 1 et 3 jours, bien que certains consommateurs aient signal\u00e9 des retards pouvant aller jusqu&rsquo;\u00e0 1 ou 2 jours de plus que pr\u00e9vu. Malgr\u00e9 ces difficult\u00e9s potentielles, la disponibilit\u00e9 des promotions et les prix attractifs rendent l&rsquo;achat de Hai Matcha en ligne tr\u00e8s populaire.<\/p>\n\n\n\n<h2 class=\"wp-block-heading\">Hai Matcha &#8211; Effets secondaires et contre-indications<\/h2>\n\n\n\n<p>Malgr\u00e9 ses nombreux bienfaits pour la sant\u00e9, il est important d&rsquo;utiliser le Hai Matcha avec prudence. Les <b>effets secondaires du Hai Matcha<\/b> peuvent \u00eatre des douleurs abdominales, des indigestions et des naus\u00e9es, surtout en cas de consommation excessive. Les personnes sensibles \u00e0 la caf\u00e9ine, pr\u00e9sente dans le matcha, peuvent ressentir de l&rsquo;irritabilit\u00e9 et des probl\u00e8mes de concentration, ce qui constitue une contre-indication importante en termes de s\u00e9curit\u00e9 d&rsquo;utilisation.<\/p>\n\n\n\n<p>Les femmes enceintes, les m\u00e8res allaitantes et les enfants doivent \u00e9viter de consommer le produit en raison du risque de surstimulation et de r\u00e9actions allergiques. Le d\u00e9passement r\u00e9gulier de la dose recommand\u00e9e de 1 \u00e0 2 cuill\u00e8res \u00e0 caf\u00e9 par jour peut entra\u00eener des maux de t\u00eate et, dans les cas extr\u00eames, des troubles h\u00e9patiques et r\u00e9naux. C&rsquo;est pourquoi il est n\u00e9cessaire de consulter un m\u00e9decin avant de commencer la suppl\u00e9mentation.<\/p>\n\n\n\n<p>Les personnes souffrant de calculs r\u00e9naux, de goutte et de troubles rhumatismaux devraient \u00e9viter de consommer du matcha, en raison de sa teneur \u00e9lev\u00e9e en oxalate. L&rsquo;utilisation mod\u00e9r\u00e9e du produit, telle qu&rsquo;elle est recommand\u00e9e, vous permettra de profiter de ses effets salutaires avec un risque minimal d&rsquo;effets secondaires.<\/p>\n","protected":false},"excerpt":{"rendered":"<p><strong>[date_countdown]<\/strong><\/p>\n<p><img decoding=\"async\" class=\"alignnone  wp-image-8427\" src=\"https:\/\/pharmacie-progres-cannes.fr\/pharmacie\/wp-content\/uploads\/2024\/10\/SAFE-PAY-300x88-1.png\" alt=\"SAFE-PAY-300x88\" width=\"164\" height=\"48\" \/><\/p>\n","protected":false},"featured_media":3948,"comment_status":"open","ping_status":"closed","template":"","meta":{"neve_meta_sidebar":"","neve_meta_container":"","neve_meta_enable_content_width":"","neve_meta_content_width":0,"neve_meta_title_alignment":"","neve_meta_author_avatar":"","neve_post_elements_order":"","neve_meta_disable_header":"","neve_meta_disable_footer":"","neve_meta_disable_title":"","neve_meta_reading_time":""},"product_brand":[],"product_cat":[15],"product_tag":[],"class_list":{"0":"post-4515","1":"product","2":"type-product","3":"status-publish","4":"has-post-thumbnail","6":"product_cat-perte-de-poids","8":"first","9":"instock","10":"sale","11":"shipping-taxable","12":"product-type-external"},"yoast_head":"<!-- This site is optimized with the Yoast SEO plugin v27.4 - https:\/\/yoast.com\/product\/yoast-seo-wordpress\/ -->\n<title>Hai Matcha - Avis, Forum, Pharmacie, Effets, Prix -50% | Pharmacie-Progres-Pannes<\/title>\n<meta name=\"robots\" content=\"index, follow, max-snippet:-1, max-image-preview:large, max-video-preview:-1\" \/>\n<link rel=\"canonical\" href=\"https:\/\/pharmacie-progres-cannes.fr\/pharmacie\/supp\/hai-matcha\/\" \/>\n<meta property=\"og:locale\" content=\"fr_FR\" \/>\n<meta property=\"og:type\" content=\"article\" \/>\n<meta property=\"og:title\" content=\"Hai Matcha - Avis, Forum, Pharmacie, Effets, Prix -50% | Pharmacie-Progres-Pannes\" \/>\n<meta property=\"og:url\" content=\"https:\/\/pharmacie-progres-cannes.fr\/pharmacie\/supp\/hai-matcha\/\" \/>\n<meta property=\"og:site_name\" content=\"Pharmacie-Progres-Pannes\" \/>\n<meta property=\"article:modified_time\" content=\"2025-03-17T17:25:49+00:00\" \/>\n<meta property=\"og:image\" content=\"https:\/\/pharmacie-progres-cannes.fr\/pharmacie\/wp-content\/uploads\/2024\/10\/HAI-MATCHA.jpg\" \/>\n\t<meta property=\"og:image:width\" content=\"768\" \/>\n\t<meta property=\"og:image:height\" content=\"768\" \/>\n\t<meta property=\"og:image:type\" content=\"image\/jpeg\" \/>\n<meta name=\"twitter:card\" content=\"summary_large_image\" \/>\n<meta name=\"twitter:description\" content=\"[date_countdown]\" \/>\n<meta name=\"twitter:label1\" content=\"Dur\u00e9e de lecture estim\u00e9e\" \/>\n\t<meta name=\"twitter:data1\" content=\"1 minute\" \/>\n<script type=\"application\/ld+json\" class=\"yoast-schema-graph\">{\"@context\":\"https:\\\/\\\/schema.org\",\"@graph\":[{\"@type\":\"WebPage\",\"@id\":\"https:\\\/\\\/pharmacie-progres-cannes.fr\\\/pharmacie\\\/supp\\\/hai-matcha\\\/\",\"url\":\"https:\\\/\\\/pharmacie-progres-cannes.fr\\\/pharmacie\\\/supp\\\/hai-matcha\\\/\",\"name\":\"Hai Matcha - Avis, Forum, Pharmacie, Effets, Prix -50% | Pharmacie-Progres-Pannes\",\"isPartOf\":{\"@id\":\"https:\\\/\\\/pharmacie-progres-cannes.fr\\\/pharmacie\\\/#website\"},\"primaryImageOfPage\":{\"@id\":\"https:\\\/\\\/pharmacie-progres-cannes.fr\\\/pharmacie\\\/supp\\\/hai-matcha\\\/#primaryimage\"},\"image\":{\"@id\":\"https:\\\/\\\/pharmacie-progres-cannes.fr\\\/pharmacie\\\/supp\\\/hai-matcha\\\/#primaryimage\"},\"thumbnailUrl\":\"https:\\\/\\\/pharmacie-progres-cannes.fr\\\/pharmacie\\\/wp-content\\\/uploads\\\/2024\\\/10\\\/HAI-MATCHA.jpg\",\"datePublished\":\"2024-10-18T19:46:19+00:00\",\"dateModified\":\"2025-03-17T17:25:49+00:00\",\"breadcrumb\":{\"@id\":\"https:\\\/\\\/pharmacie-progres-cannes.fr\\\/pharmacie\\\/supp\\\/hai-matcha\\\/#breadcrumb\"},\"inLanguage\":\"fr-FR\",\"potentialAction\":[{\"@type\":\"ReadAction\",\"target\":[\"https:\\\/\\\/pharmacie-progres-cannes.fr\\\/pharmacie\\\/supp\\\/hai-matcha\\\/\"]}]},{\"@type\":\"ImageObject\",\"inLanguage\":\"fr-FR\",\"@id\":\"https:\\\/\\\/pharmacie-progres-cannes.fr\\\/pharmacie\\\/supp\\\/hai-matcha\\\/#primaryimage\",\"url\":\"https:\\\/\\\/pharmacie-progres-cannes.fr\\\/pharmacie\\\/wp-content\\\/uploads\\\/2024\\\/10\\\/HAI-MATCHA.jpg\",\"contentUrl\":\"https:\\\/\\\/pharmacie-progres-cannes.fr\\\/pharmacie\\\/wp-content\\\/uploads\\\/2024\\\/10\\\/HAI-MATCHA.jpg\",\"width\":768,\"height\":768},{\"@type\":\"BreadcrumbList\",\"@id\":\"https:\\\/\\\/pharmacie-progres-cannes.fr\\\/pharmacie\\\/supp\\\/hai-matcha\\\/#breadcrumb\",\"itemListElement\":[{\"@type\":\"ListItem\",\"position\":1,\"name\":\"Strona g\u0142\u00f3wna\",\"item\":\"https:\\\/\\\/pharmacie-progres-cannes.fr\\\/pharmacie\\\/\"},{\"@type\":\"ListItem\",\"position\":2,\"name\":\"farmaci\",\"item\":\"https:\\\/\\\/pharmacie-progres-cannes.fr\\\/pharmacie\\\/\"},{\"@type\":\"ListItem\",\"position\":3,\"name\":\"Hai Matcha\"}]},{\"@type\":\"WebSite\",\"@id\":\"https:\\\/\\\/pharmacie-progres-cannes.fr\\\/pharmacie\\\/#website\",\"url\":\"https:\\\/\\\/pharmacie-progres-cannes.fr\\\/pharmacie\\\/\",\"name\":\"Pharmacie-Progres-Pannes\",\"description\":\"\",\"potentialAction\":[{\"@type\":\"SearchAction\",\"target\":{\"@type\":\"EntryPoint\",\"urlTemplate\":\"https:\\\/\\\/pharmacie-progres-cannes.fr\\\/pharmacie\\\/?s={search_term_string}\"},\"query-input\":{\"@type\":\"PropertyValueSpecification\",\"valueRequired\":true,\"valueName\":\"search_term_string\"}}],\"inLanguage\":\"fr-FR\"}]}<\/script>\n<!-- \/ Yoast SEO plugin. -->","yoast_head_json":{"title":"Hai Matcha - Avis, Forum, Pharmacie, Effets, Prix -50% | Pharmacie-Progres-Pannes","robots":{"index":"index","follow":"follow","max-snippet":"max-snippet:-1","max-image-preview":"max-image-preview:large","max-video-preview":"max-video-preview:-1"},"canonical":"https:\/\/pharmacie-progres-cannes.fr\/pharmacie\/supp\/hai-matcha\/","og_locale":"fr_FR","og_type":"article","og_title":"Hai Matcha - Avis, Forum, Pharmacie, Effets, Prix -50% | Pharmacie-Progres-Pannes","og_url":"https:\/\/pharmacie-progres-cannes.fr\/pharmacie\/supp\/hai-matcha\/","og_site_name":"Pharmacie-Progres-Pannes","article_modified_time":"2025-03-17T17:25:49+00:00","og_image":[{"width":768,"height":768,"url":"https:\/\/pharmacie-progres-cannes.fr\/pharmacie\/wp-content\/uploads\/2024\/10\/HAI-MATCHA.jpg","type":"image\/jpeg"}],"twitter_card":"summary_large_image","twitter_description":"[date_countdown]","twitter_misc":{"Dur\u00e9e de lecture estim\u00e9e":"1 minute"},"schema":{"@context":"https:\/\/schema.org","@graph":[{"@type":"WebPage","@id":"https:\/\/pharmacie-progres-cannes.fr\/pharmacie\/supp\/hai-matcha\/","url":"https:\/\/pharmacie-progres-cannes.fr\/pharmacie\/supp\/hai-matcha\/","name":"Hai Matcha - Avis, Forum, Pharmacie, Effets, Prix -50% | Pharmacie-Progres-Pannes","isPartOf":{"@id":"https:\/\/pharmacie-progres-cannes.fr\/pharmacie\/#website"},"primaryImageOfPage":{"@id":"https:\/\/pharmacie-progres-cannes.fr\/pharmacie\/supp\/hai-matcha\/#primaryimage"},"image":{"@id":"https:\/\/pharmacie-progres-cannes.fr\/pharmacie\/supp\/hai-matcha\/#primaryimage"},"thumbnailUrl":"https:\/\/pharmacie-progres-cannes.fr\/pharmacie\/wp-content\/uploads\/2024\/10\/HAI-MATCHA.jpg","datePublished":"2024-10-18T19:46:19+00:00","dateModified":"2025-03-17T17:25:49+00:00","breadcrumb":{"@id":"https:\/\/pharmacie-progres-cannes.fr\/pharmacie\/supp\/hai-matcha\/#breadcrumb"},"inLanguage":"fr-FR","potentialAction":[{"@type":"ReadAction","target":["https:\/\/pharmacie-progres-cannes.fr\/pharmacie\/supp\/hai-matcha\/"]}]},{"@type":"ImageObject","inLanguage":"fr-FR","@id":"https:\/\/pharmacie-progres-cannes.fr\/pharmacie\/supp\/hai-matcha\/#primaryimage","url":"https:\/\/pharmacie-progres-cannes.fr\/pharmacie\/wp-content\/uploads\/2024\/10\/HAI-MATCHA.jpg","contentUrl":"https:\/\/pharmacie-progres-cannes.fr\/pharmacie\/wp-content\/uploads\/2024\/10\/HAI-MATCHA.jpg","width":768,"height":768},{"@type":"BreadcrumbList","@id":"https:\/\/pharmacie-progres-cannes.fr\/pharmacie\/supp\/hai-matcha\/#breadcrumb","itemListElement":[{"@type":"ListItem","position":1,"name":"Strona g\u0142\u00f3wna","item":"https:\/\/pharmacie-progres-cannes.fr\/pharmacie\/"},{"@type":"ListItem","position":2,"name":"farmaci","item":"https:\/\/pharmacie-progres-cannes.fr\/pharmacie\/"},{"@type":"ListItem","position":3,"name":"Hai Matcha"}]},{"@type":"WebSite","@id":"https:\/\/pharmacie-progres-cannes.fr\/pharmacie\/#website","url":"https:\/\/pharmacie-progres-cannes.fr\/pharmacie\/","name":"Pharmacie-Progres-Pannes","description":"","potentialAction":[{"@type":"SearchAction","target":{"@type":"EntryPoint","urlTemplate":"https:\/\/pharmacie-progres-cannes.fr\/pharmacie\/?s={search_term_string}"},"query-input":{"@type":"PropertyValueSpecification","valueRequired":true,"valueName":"search_term_string"}}],"inLanguage":"fr-FR"}]}},"_links":{"self":[{"href":"https:\/\/pharmacie-progres-cannes.fr\/pharmacie\/wp-json\/wp\/v2\/product\/4515","targetHints":{"allow":["GET"]}}],"collection":[{"href":"https:\/\/pharmacie-progres-cannes.fr\/pharmacie\/wp-json\/wp\/v2\/product"}],"about":[{"href":"https:\/\/pharmacie-progres-cannes.fr\/pharmacie\/wp-json\/wp\/v2\/types\/product"}],"replies":[{"embeddable":true,"href":"https:\/\/pharmacie-progres-cannes.fr\/pharmacie\/wp-json\/wp\/v2\/comments?post=4515"}],"wp:featuredmedia":[{"embeddable":true,"href":"https:\/\/pharmacie-progres-cannes.fr\/pharmacie\/wp-json\/wp\/v2\/media\/3948"}],"wp:attachment":[{"href":"https:\/\/pharmacie-progres-cannes.fr\/pharmacie\/wp-json\/wp\/v2\/media?parent=4515"}],"wp:term":[{"taxonomy":"product_brand","embeddable":true,"href":"https:\/\/pharmacie-progres-cannes.fr\/pharmacie\/wp-json\/wp\/v2\/product_brand?post=4515"},{"taxonomy":"product_cat","embeddable":true,"href":"https:\/\/pharmacie-progres-cannes.fr\/pharmacie\/wp-json\/wp\/v2\/product_cat?post=4515"},{"taxonomy":"product_tag","embeddable":true,"href":"https:\/\/pharmacie-progres-cannes.fr\/pharmacie\/wp-json\/wp\/v2\/product_tag?post=4515"}],"curies":[{"name":"wp","href":"https:\/\/api.w.org\/{rel}","templated":true}]}}