{"id":4512,"date":"2024-10-18T19:46:19","date_gmt":"2024-10-18T19:46:19","guid":{"rendered":"https:\/\/chirurgie-orthopedie-vannes.fr\/pharmacie\/?post_type=product&#038;p=4512"},"modified":"2025-03-09T11:18:11","modified_gmt":"2025-03-09T11:18:11","slug":"stimido","status":"publish","type":"product","link":"https:\/\/pharmacie-progres-cannes.fr\/pharmacie\/supp\/stimido\/","title":{"rendered":"Stimido"},"content":{"rendered":"\n<h2 class=\"wp-block-heading\">Qu&rsquo;est-ce que Stimido et comment fonctionne-t-il ?<\/h2>\n\n\n\n<p>Stimido est un <em>compl\u00e9ment alimentaire<\/em> qui soutient les fonctions cognitives, en se concentrant sur l&rsquo;augmentation des performances de la m\u00e9moire et de la concentration. Son <em>action<\/em> repose sur une synergie d&rsquo;actifs soigneusement s\u00e9lectionn\u00e9s et comprend des substances telles que la L-arginine, des vitamines B et des extraits de plantes.<\/p>\n\n\n\n<p>Ces ingr\u00e9dients naturels sont con\u00e7us pour am\u00e9liorer la circulation sanguine au niveau du cerveau, ce qui se traduit par de meilleures performances mentales. L&rsquo;utilisation r\u00e9guli\u00e8re de Stimido peut aider \u00e0 augmenter sensiblement les capacit\u00e9s cognitives. Une \u00e9tude pilote a confirm\u00e9 l&rsquo;efficacit\u00e9 de ce <em>compl\u00e9ment alimentaire<\/em> dans l&rsquo;am\u00e9lioration de la sant\u00e9 mentale et physique globale des utilisateurs.<\/p>\n\n\n\n<p>Les utilisateurs se tournent de plus en plus vers un <em>compl\u00e9ment alimentaire<\/em> tel que Stimido, en raison de ses ingr\u00e9dients naturels et de l&rsquo;absence d&rsquo;effets secondaires connus. Une utilisation r\u00e9guli\u00e8re et conforme aux instructions peut contribuer \u00e0 am\u00e9liorer les fonctions cognitives et le bien-\u00eatre g\u00e9n\u00e9ral.<\/p>\n\n\n\n<h2 class=\"wp-block-heading\">Effets de Stimido<\/h2>\n\n\n\n<p>Des <b>am\u00e9liorations<\/b> extr\u00eames <b>de la m\u00e9moire<\/b> et de la concentration sont parmi les <em>effets<\/em> les plus remarquables <em>du<\/em> compl\u00e9ment alimentaire <em>Stimido<\/em>. Gr\u00e2ce \u00e0 des ingr\u00e9dients soigneusement s\u00e9lectionn\u00e9s, les utilisateurs font \u00e9tat d&rsquo;une augmentation significative de leur capacit\u00e9 d&rsquo;attention et d&rsquo;une meilleure m\u00e9morisation des informations. La prise r\u00e9guli\u00e8re de <em>Stimido<\/em> produit des <b>effets<\/b> qui sont perceptibles apr\u00e8s quelques jours seulement.<\/p>\n\n\n\n<p>De nombreux avis positifs confirment que l&rsquo;utilisation de ce compl\u00e9ment alimentaire est b\u00e9n\u00e9fique pour le fonctionnement quotidien. Les clients indiquent que l <em>&lsquo;am\u00e9lioration de leur m\u00e9moire<\/em> leur permet de mieux g\u00e9rer les situations n\u00e9cessitant une concentration intense. La combinaison unique d&rsquo;ingr\u00e9dients actifs augmente l&rsquo;efficacit\u00e9 des fonctions c\u00e9r\u00e9brales, ce qui a un impact positif sur la qualit\u00e9 de vie.<\/p>\n\n\n\n<p>Il est important de veiller au bon <b>dosage de<\/b> <em>Stimido<\/em>, qui peut influencer de mani\u00e8re significative les r\u00e9sultats obtenus. L&rsquo;utilisation r\u00e9guli\u00e8re et constante du compl\u00e9ment alimentaire favorise non seulement la <b>m\u00e9moire<\/b>, mais aussi la sant\u00e9 mentale globale des utilisateurs.<\/p>\n\n\n\n<h2 class=\"wp-block-heading\">Comment utiliser Stimido ? &#8211; Dosage<\/h2>\n\n\n\n<p>Stimido est un <b>compl\u00e9ment alimentaire<\/b> qui permet de soutenir significativement la concentration et la <b>m\u00e9moire.<\/b> Il est recommand\u00e9 de prendre <em>deux g\u00e9lules par jour<\/em>, de pr\u00e9f\u00e9rence le matin et le soir. Les g\u00e9lules doivent \u00eatre prises avec beaucoup d&rsquo;eau pour faciliter l&rsquo;absorption. La cl\u00e9 de l&rsquo;utilisation de Stimido est de le prendre r\u00e9guli\u00e8rement pour obtenir des r\u00e9sultats optimaux. Il est bon de rappeler que le <b>dosage<\/b> ne doit pas d\u00e9passer la dose journali\u00e8re recommand\u00e9e et que le compl\u00e9ment ne remplace pas un r\u00e9gime alimentaire vari\u00e9.<\/p>\n\n\n\n<p>Voici des informations d\u00e9taill\u00e9es sur l <strong>&lsquo;utilisation de<\/strong> Stimido :<\/p>\n\n\n\n<ul class=\"wp-block-list\">\n<li><b>Dosage<\/b>: 2 g\u00e9lules par jour<\/li>\n\n\n\n<li>Moment optimal de la prise : matin et soir<\/li>\n\n\n\n<li>Boire beaucoup d&rsquo;eau<\/li>\n\n\n\n<li>Ne jamais d\u00e9passer la dose recommand\u00e9e<\/li>\n\n\n\n<li>Ne pas prendre le compl\u00e9ment comme substitut d&rsquo;un r\u00e9gime alimentaire vari\u00e9<\/li>\n<\/ul>\n\n\n\n<p>L&rsquo;utilisation et le dosage corrects de Stimido sont essentiels pour obtenir les r\u00e9sultats souhait\u00e9s et am\u00e9liorer le bien-\u00eatre g\u00e9n\u00e9ral. La r\u00e9gularit\u00e9 et le respect des recommandations d&rsquo;utilisation contribuent \u00e0 l&rsquo;efficacit\u00e9 de ce compl\u00e9ment.<\/p>\n\n\n\n<h2 class=\"wp-block-heading\">Exp\u00e9riences et avis des utilisateurs de Stimido &#8211; quels sont les avis ?<\/h2>\n\n\n\n<p>Les <b>avis sur<\/b> Stimido sont majoritairement positifs. De nombreux utilisateurs font part de leurs <em>exp\u00e9riences d&rsquo;<\/em> am\u00e9lioration de la concentration et du bien-\u00eatre g\u00e9n\u00e9ral, ce qui t\u00e9moigne de l&rsquo;efficacit\u00e9 du compl\u00e9ment. Une vari\u00e9t\u00e9 d&rsquo;avis peut \u00eatre trouv\u00e9e sur les forums en ligne, ce qui d\u00e9montre clairement la satisfaction de ceux qui utilisent le produit.<\/p>\n\n\n\n<blockquote class=\"wp-block-quote is-layout-flow wp-block-quote-is-layout-flow\">\n<p>\u00ab\u00a0J&rsquo;utilise Stimido depuis un mois et j&rsquo;ai remarqu\u00e9 une am\u00e9lioration significative de ma concentration. J&rsquo;avais des probl\u00e8mes de concentration \u00e0 l&rsquo;\u00e9cole et maintenant c&rsquo;est beaucoup mieux. Je le recommande \u00e0 tous ceux qui ont un probl\u00e8me similaire.\u00a0\u00bb &#8211; Anna<\/p>\n<\/blockquote>\n\n\n\n<p>Un autre utilisateur, Thomas, a partag\u00e9 son opinion sur les effets de Stimido : \u00ab\u00a0Depuis que je prends Stimido, je me sens plus stimul\u00e9 et plus \u00e9nergique. J&rsquo;ai l&rsquo;impression d&rsquo;avoir les id\u00e9es plus claires. Le produit fonctionne, je suis satisfait\u00a0\u00bb. De telles <em>exp\u00e9riences d&rsquo;utilisateurs<\/em> confirment que le compl\u00e9ment peut avoir un impact positif sur les performances quotidiennes.<\/p>\n\n\n\n<blockquote class=\"wp-block-quote is-layout-flow wp-block-quote-is-layout-flow\">\n<p>\u00ab\u00a0Je pensais que mes probl\u00e8mes de m\u00e9moire \u00e9taient li\u00e9s au stress, mais depuis que j&rsquo;utilise Stimido, j&rsquo;ai remarqu\u00e9 une am\u00e9lioration. Je peux me concentrer sur mon travail et je n&rsquo;oublie pas les t\u00e2ches importantes.\u00a0\u00bb &#8211; Martyna<\/p>\n<\/blockquote>\n\n\n\n<p>Dans l&rsquo;ensemble, les avis sur Stimido indiquent que le compl\u00e9ment peut \u00eatre utile pour am\u00e9liorer les fonctions cognitives. Malgr\u00e9 quelques cas rapport\u00e9s d&rsquo;effets secondaires d\u00e9sagr\u00e9ables, tels que des douleurs abdominales ou des vertiges, les utilisateurs soulignent g\u00e9n\u00e9ralement son innocuit\u00e9, \u00e0 condition de ne pas \u00eatre allergiques aux ingr\u00e9dients qu&rsquo;il contient. Cela encourage ceux qui recherchent des moyens naturels pour soutenir la m\u00e9moire et la concentration \u00e0 essayer Stimido.<\/p>\n\n\n\n<h2 class=\"wp-block-heading\">Composition de Stimido &#8211; Que contient-il ?<\/h2>\n\n\n\n<p>Stimido est un <b>compl\u00e9ment alimentaire<\/b> qui se distingue par sa formule soigneusement \u00e9labor\u00e9e avec 17 ingr\u00e9dients actifs. Les <em>ingr\u00e9dients<\/em> cl\u00e9s sont la L-arginine, la vitamine C, la vitamine E et des extraits de plantes comme le guarana, le ginseng et la maca. Chacun de ces ingr\u00e9dients am\u00e9liore les fonctions c\u00e9r\u00e9brales, favorise la circulation sanguine et r\u00e9duit la sensation de fatigue.<\/p>\n\n\n\n<p>Les propri\u00e9t\u00e9s des diff\u00e9rents composants peuvent \u00eatre pr\u00e9sent\u00e9es sous forme de tableau :<\/p>\n\n\n\n<figure class=\"wp-block-table\"><table class=\"has-fixed-layout\"><tbody><tr><th>Composant<\/th><th>Propri\u00e9t\u00e9s<\/th><th>R\u00f4le dans Stimido<\/th><\/tr><tr><td>L-arginine<\/td><td>Augmente le flux sanguin<\/td><td>Am\u00e9liore l&rsquo;irrigation sanguine du cerveau<\/td><\/tr><tr><td>Vitamine C<\/td><td>Agit comme un antioxydant<\/td><td>Favorise l&rsquo;immunit\u00e9<\/td><\/tr><tr><td>Vitamine E<\/td><td>Favorise la r\u00e9g\u00e9n\u00e9ration cellulaire<\/td><td>Prot\u00e8ge les structures neuronales du cerveau<\/td><\/tr><tr><td>Guarana<\/td><td>Source d&rsquo;\u00e9nergie naturelle<\/td><td>R\u00e9duit la sensation de fatigue<\/td><\/tr><tr><td>Ginseng<\/td><td>Adaptog\u00e8ne, r\u00e9duit le stress<\/td><td>Favorise la concentration<\/td><\/tr><tr><td>Maca<\/td><td>Am\u00e9lioration des performances<\/td><td>Augmente l&rsquo;\u00e9nergie et la vitalit\u00e9<\/td><\/tr><\/tbody><\/table><\/figure>\n\n\n\n<p>La formule de Stimido a \u00e9t\u00e9 con\u00e7ue pour offrir une <b>action<\/b> synergique de tous les ingr\u00e9dients. Ainsi, les utilisateurs peuvent compter sur un soutien complet de leurs fonctions cognitives et de leurs performances globales. La bonne combinaison d&rsquo;ingr\u00e9dients, y compris leurs quantit\u00e9s et leurs propri\u00e9t\u00e9s, fait de <em>Stimido<\/em> un compl\u00e9ment pr\u00e9cieux \u00e0 l&rsquo;alimentation quotidienne.<\/p>\n\n\n\n<h2 class=\"wp-block-heading\">O\u00f9 acheter Stimido &#8211; prix<\/h2>\n\n\n\n<p>Si vous voulez acheter Stimido, vous devez vous rappeler qu&rsquo;il n&rsquo;est disponible que sur le site web du fabricant. C&rsquo;est le seul endroit o\u00f9 vous avez la garantie d&rsquo;acheter le produit original. Le fabricant organise souvent des promotions, qui peuvent inclure des r\u00e9ductions de prix, des livraisons gratuites ou des paquets suppl\u00e9mentaires gratuits. Vous avez ainsi la possibilit\u00e9 de faire un achat encore plus avantageux.<\/p>\n\n\n\n<h2 class=\"wp-block-heading\">Effets secondaires potentiels et contre-indications \u00e0 l&rsquo;utilisation de Stimido<\/h2>\n\n\n\n<p>Stimido, bien que contenant des ingr\u00e9dients naturels, peut provoquer des <b>effets secondaires<\/b>. Les sympt\u00f4mes les plus fr\u00e9quemment rapport\u00e9s sont les maux de t\u00eate et les probl\u00e8mes d&rsquo;estomac, qui peuvent survenir chez certains utilisateurs. Il est donc important de toujours suivre les recommandations de dosage, ce qui peut aider \u00e0 minimiser le risque de ces effets ind\u00e9sirables.<\/p>\n\n\n\n<p>Parall\u00e8lement, il existe d&rsquo;importantes <b>contre-indications<\/b> \u00e0 l&rsquo;utilisation de Stimido. Ce suppl\u00e9ment est d\u00e9conseill\u00e9 aux enfants, aux femmes enceintes et aux m\u00e8res qui allaitent. Les personnes qui prennent d&rsquo;autres m\u00e9dicaments devraient consulter leur m\u00e9decin avant de commencer la suppl\u00e9mentation, en particulier si elles souffrent de maladies cardiaques ou de troubles hormonaux.<\/p>\n\n\n\n<p>En cas d&rsquo;apparition de sympt\u00f4mes n\u00e9gatifs, il est conseill\u00e9 d&rsquo;interrompre imm\u00e9diatement l&rsquo;utilisation du produit et de consulter un professionnel. Bien que de nombreuses personnes remarquent des <b>effets<\/b> positifs apr\u00e8s avoir utilis\u00e9 Stimido, une approche responsable de la suppl\u00e9mentation est la cl\u00e9 de la s\u00e9curit\u00e9 et de l&rsquo;efficacit\u00e9.<\/p>\n","protected":false},"excerpt":{"rendered":"<p><strong>[date_countdown]<\/strong><\/p>\n<p><img decoding=\"async\" class=\"alignnone  wp-image-8427\" src=\"https:\/\/pharmacie-progres-cannes.fr\/pharmacie\/wp-content\/uploads\/2024\/10\/SAFE-PAY-300x88-1.png\" alt=\"SAFE-PAY-300x88\" width=\"164\" height=\"48\" \/><\/p>\n","protected":false},"featured_media":3945,"comment_status":"open","ping_status":"closed","template":"","meta":{"neve_meta_sidebar":"","neve_meta_container":"","neve_meta_enable_content_width":"","neve_meta_content_width":0,"neve_meta_title_alignment":"","neve_meta_author_avatar":"","neve_post_elements_order":"","neve_meta_disable_header":"","neve_meta_disable_footer":"","neve_meta_disable_title":"","neve_meta_reading_time":""},"product_brand":[],"product_cat":[16],"product_tag":[],"class_list":{"0":"post-4512","1":"product","2":"type-product","3":"status-publish","4":"has-post-thumbnail","6":"product_cat-sante-sexuelle","8":"first","9":"instock","10":"sale","11":"shipping-taxable","12":"product-type-external"},"yoast_head":"<!-- This site is optimized with the Yoast SEO plugin v27.3 - https:\/\/yoast.com\/product\/yoast-seo-wordpress\/ -->\n<title>Stimido - Avis, Forum, Pharmacie, Effets, Prix -50% | Pharmacie-Progres-Pannes<\/title>\n<meta name=\"robots\" content=\"index, follow, max-snippet:-1, max-image-preview:large, max-video-preview:-1\" \/>\n<link rel=\"canonical\" href=\"https:\/\/pharmacie-progres-cannes.fr\/pharmacie\/supp\/stimido\/\" \/>\n<meta property=\"og:locale\" content=\"fr_FR\" \/>\n<meta property=\"og:type\" content=\"article\" \/>\n<meta property=\"og:title\" content=\"Stimido - Avis, Forum, Pharmacie, Effets, Prix -50% | Pharmacie-Progres-Pannes\" \/>\n<meta property=\"og:url\" content=\"https:\/\/pharmacie-progres-cannes.fr\/pharmacie\/supp\/stimido\/\" \/>\n<meta property=\"og:site_name\" content=\"Pharmacie-Progres-Pannes\" \/>\n<meta property=\"article:modified_time\" content=\"2025-03-09T11:18:11+00:00\" \/>\n<meta property=\"og:image\" content=\"https:\/\/pharmacie-progres-cannes.fr\/pharmacie\/wp-content\/uploads\/2024\/10\/STIMIDO.jpg\" \/>\n\t<meta property=\"og:image:width\" content=\"768\" \/>\n\t<meta property=\"og:image:height\" content=\"768\" \/>\n\t<meta property=\"og:image:type\" content=\"image\/jpeg\" \/>\n<meta name=\"twitter:card\" content=\"summary_large_image\" \/>\n<meta name=\"twitter:description\" content=\"[date_countdown]\" \/>\n<meta name=\"twitter:label1\" content=\"Dur\u00e9e de lecture estim\u00e9e\" \/>\n\t<meta name=\"twitter:data1\" content=\"1 minute\" \/>\n<script type=\"application\/ld+json\" class=\"yoast-schema-graph\">{\"@context\":\"https:\\\/\\\/schema.org\",\"@graph\":[{\"@type\":\"WebPage\",\"@id\":\"https:\\\/\\\/pharmacie-progres-cannes.fr\\\/pharmacie\\\/supp\\\/stimido\\\/\",\"url\":\"https:\\\/\\\/pharmacie-progres-cannes.fr\\\/pharmacie\\\/supp\\\/stimido\\\/\",\"name\":\"Stimido - Avis, Forum, Pharmacie, Effets, Prix -50% | Pharmacie-Progres-Pannes\",\"isPartOf\":{\"@id\":\"https:\\\/\\\/pharmacie-progres-cannes.fr\\\/pharmacie\\\/#website\"},\"primaryImageOfPage\":{\"@id\":\"https:\\\/\\\/pharmacie-progres-cannes.fr\\\/pharmacie\\\/supp\\\/stimido\\\/#primaryimage\"},\"image\":{\"@id\":\"https:\\\/\\\/pharmacie-progres-cannes.fr\\\/pharmacie\\\/supp\\\/stimido\\\/#primaryimage\"},\"thumbnailUrl\":\"https:\\\/\\\/pharmacie-progres-cannes.fr\\\/pharmacie\\\/wp-content\\\/uploads\\\/2024\\\/10\\\/STIMIDO.jpg\",\"datePublished\":\"2024-10-18T19:46:19+00:00\",\"dateModified\":\"2025-03-09T11:18:11+00:00\",\"breadcrumb\":{\"@id\":\"https:\\\/\\\/pharmacie-progres-cannes.fr\\\/pharmacie\\\/supp\\\/stimido\\\/#breadcrumb\"},\"inLanguage\":\"fr-FR\",\"potentialAction\":[{\"@type\":\"ReadAction\",\"target\":[\"https:\\\/\\\/pharmacie-progres-cannes.fr\\\/pharmacie\\\/supp\\\/stimido\\\/\"]}]},{\"@type\":\"ImageObject\",\"inLanguage\":\"fr-FR\",\"@id\":\"https:\\\/\\\/pharmacie-progres-cannes.fr\\\/pharmacie\\\/supp\\\/stimido\\\/#primaryimage\",\"url\":\"https:\\\/\\\/pharmacie-progres-cannes.fr\\\/pharmacie\\\/wp-content\\\/uploads\\\/2024\\\/10\\\/STIMIDO.jpg\",\"contentUrl\":\"https:\\\/\\\/pharmacie-progres-cannes.fr\\\/pharmacie\\\/wp-content\\\/uploads\\\/2024\\\/10\\\/STIMIDO.jpg\",\"width\":768,\"height\":768},{\"@type\":\"BreadcrumbList\",\"@id\":\"https:\\\/\\\/pharmacie-progres-cannes.fr\\\/pharmacie\\\/supp\\\/stimido\\\/#breadcrumb\",\"itemListElement\":[{\"@type\":\"ListItem\",\"position\":1,\"name\":\"Strona g\u0142\u00f3wna\",\"item\":\"https:\\\/\\\/pharmacie-progres-cannes.fr\\\/pharmacie\\\/\"},{\"@type\":\"ListItem\",\"position\":2,\"name\":\"farmaci\",\"item\":\"https:\\\/\\\/pharmacie-progres-cannes.fr\\\/pharmacie\\\/\"},{\"@type\":\"ListItem\",\"position\":3,\"name\":\"Stimido\"}]},{\"@type\":\"WebSite\",\"@id\":\"https:\\\/\\\/pharmacie-progres-cannes.fr\\\/pharmacie\\\/#website\",\"url\":\"https:\\\/\\\/pharmacie-progres-cannes.fr\\\/pharmacie\\\/\",\"name\":\"Pharmacie-Progres-Pannes\",\"description\":\"\",\"potentialAction\":[{\"@type\":\"SearchAction\",\"target\":{\"@type\":\"EntryPoint\",\"urlTemplate\":\"https:\\\/\\\/pharmacie-progres-cannes.fr\\\/pharmacie\\\/?s={search_term_string}\"},\"query-input\":{\"@type\":\"PropertyValueSpecification\",\"valueRequired\":true,\"valueName\":\"search_term_string\"}}],\"inLanguage\":\"fr-FR\"}]}<\/script>\n<!-- \/ Yoast SEO plugin. -->","yoast_head_json":{"title":"Stimido - Avis, Forum, Pharmacie, Effets, Prix -50% | Pharmacie-Progres-Pannes","robots":{"index":"index","follow":"follow","max-snippet":"max-snippet:-1","max-image-preview":"max-image-preview:large","max-video-preview":"max-video-preview:-1"},"canonical":"https:\/\/pharmacie-progres-cannes.fr\/pharmacie\/supp\/stimido\/","og_locale":"fr_FR","og_type":"article","og_title":"Stimido - Avis, Forum, Pharmacie, Effets, Prix -50% | Pharmacie-Progres-Pannes","og_url":"https:\/\/pharmacie-progres-cannes.fr\/pharmacie\/supp\/stimido\/","og_site_name":"Pharmacie-Progres-Pannes","article_modified_time":"2025-03-09T11:18:11+00:00","og_image":[{"width":768,"height":768,"url":"https:\/\/pharmacie-progres-cannes.fr\/pharmacie\/wp-content\/uploads\/2024\/10\/STIMIDO.jpg","type":"image\/jpeg"}],"twitter_card":"summary_large_image","twitter_description":"[date_countdown]","twitter_misc":{"Dur\u00e9e de lecture estim\u00e9e":"1 minute"},"schema":{"@context":"https:\/\/schema.org","@graph":[{"@type":"WebPage","@id":"https:\/\/pharmacie-progres-cannes.fr\/pharmacie\/supp\/stimido\/","url":"https:\/\/pharmacie-progres-cannes.fr\/pharmacie\/supp\/stimido\/","name":"Stimido - Avis, Forum, Pharmacie, Effets, Prix -50% | Pharmacie-Progres-Pannes","isPartOf":{"@id":"https:\/\/pharmacie-progres-cannes.fr\/pharmacie\/#website"},"primaryImageOfPage":{"@id":"https:\/\/pharmacie-progres-cannes.fr\/pharmacie\/supp\/stimido\/#primaryimage"},"image":{"@id":"https:\/\/pharmacie-progres-cannes.fr\/pharmacie\/supp\/stimido\/#primaryimage"},"thumbnailUrl":"https:\/\/pharmacie-progres-cannes.fr\/pharmacie\/wp-content\/uploads\/2024\/10\/STIMIDO.jpg","datePublished":"2024-10-18T19:46:19+00:00","dateModified":"2025-03-09T11:18:11+00:00","breadcrumb":{"@id":"https:\/\/pharmacie-progres-cannes.fr\/pharmacie\/supp\/stimido\/#breadcrumb"},"inLanguage":"fr-FR","potentialAction":[{"@type":"ReadAction","target":["https:\/\/pharmacie-progres-cannes.fr\/pharmacie\/supp\/stimido\/"]}]},{"@type":"ImageObject","inLanguage":"fr-FR","@id":"https:\/\/pharmacie-progres-cannes.fr\/pharmacie\/supp\/stimido\/#primaryimage","url":"https:\/\/pharmacie-progres-cannes.fr\/pharmacie\/wp-content\/uploads\/2024\/10\/STIMIDO.jpg","contentUrl":"https:\/\/pharmacie-progres-cannes.fr\/pharmacie\/wp-content\/uploads\/2024\/10\/STIMIDO.jpg","width":768,"height":768},{"@type":"BreadcrumbList","@id":"https:\/\/pharmacie-progres-cannes.fr\/pharmacie\/supp\/stimido\/#breadcrumb","itemListElement":[{"@type":"ListItem","position":1,"name":"Strona g\u0142\u00f3wna","item":"https:\/\/pharmacie-progres-cannes.fr\/pharmacie\/"},{"@type":"ListItem","position":2,"name":"farmaci","item":"https:\/\/pharmacie-progres-cannes.fr\/pharmacie\/"},{"@type":"ListItem","position":3,"name":"Stimido"}]},{"@type":"WebSite","@id":"https:\/\/pharmacie-progres-cannes.fr\/pharmacie\/#website","url":"https:\/\/pharmacie-progres-cannes.fr\/pharmacie\/","name":"Pharmacie-Progres-Pannes","description":"","potentialAction":[{"@type":"SearchAction","target":{"@type":"EntryPoint","urlTemplate":"https:\/\/pharmacie-progres-cannes.fr\/pharmacie\/?s={search_term_string}"},"query-input":{"@type":"PropertyValueSpecification","valueRequired":true,"valueName":"search_term_string"}}],"inLanguage":"fr-FR"}]}},"_links":{"self":[{"href":"https:\/\/pharmacie-progres-cannes.fr\/pharmacie\/wp-json\/wp\/v2\/product\/4512","targetHints":{"allow":["GET"]}}],"collection":[{"href":"https:\/\/pharmacie-progres-cannes.fr\/pharmacie\/wp-json\/wp\/v2\/product"}],"about":[{"href":"https:\/\/pharmacie-progres-cannes.fr\/pharmacie\/wp-json\/wp\/v2\/types\/product"}],"replies":[{"embeddable":true,"href":"https:\/\/pharmacie-progres-cannes.fr\/pharmacie\/wp-json\/wp\/v2\/comments?post=4512"}],"wp:featuredmedia":[{"embeddable":true,"href":"https:\/\/pharmacie-progres-cannes.fr\/pharmacie\/wp-json\/wp\/v2\/media\/3945"}],"wp:attachment":[{"href":"https:\/\/pharmacie-progres-cannes.fr\/pharmacie\/wp-json\/wp\/v2\/media?parent=4512"}],"wp:term":[{"taxonomy":"product_brand","embeddable":true,"href":"https:\/\/pharmacie-progres-cannes.fr\/pharmacie\/wp-json\/wp\/v2\/product_brand?post=4512"},{"taxonomy":"product_cat","embeddable":true,"href":"https:\/\/pharmacie-progres-cannes.fr\/pharmacie\/wp-json\/wp\/v2\/product_cat?post=4512"},{"taxonomy":"product_tag","embeddable":true,"href":"https:\/\/pharmacie-progres-cannes.fr\/pharmacie\/wp-json\/wp\/v2\/product_tag?post=4512"}],"curies":[{"name":"wp","href":"https:\/\/api.w.org\/{rel}","templated":true}]}}