{"id":4506,"date":"2024-10-18T19:46:19","date_gmt":"2024-10-18T19:46:19","guid":{"rendered":"https:\/\/chirurgie-orthopedie-vannes.fr\/pharmacie\/?post_type=product&#038;p=4506"},"modified":"2025-03-17T17:09:46","modified_gmt":"2025-03-17T17:09:46","slug":"novuvita-vir","status":"publish","type":"product","link":"https:\/\/pharmacie-progres-cannes.fr\/pharmacie\/supp\/novuvita-vir\/","title":{"rendered":"NovuVita Vir"},"content":{"rendered":"\n<h2 class=\"wp-block-heading\">Qu&rsquo;est-ce que NovuVita Vir et comment fonctionne-t-il ?<\/h2>\n\n\n\n<p><b>NovuVita Vir<\/b> est un <b>compl\u00e9ment alimentaire<\/b> avanc\u00e9 con\u00e7u pour soutenir la fertilit\u00e9 masculine. Son <b>action<\/b> repose sur une formule unique de vitamines et de min\u00e9raux, enrichie d&rsquo;ingr\u00e9dients cruciaux pour le bon fonctionnement du syst\u00e8me reproducteur. Gr\u00e2ce \u00e0 des substances telles que la L-carnitine et l&rsquo;acide folique Quatrefolic\u00ae, le compl\u00e9ment prot\u00e8ge efficacement les cellules du stress oxydatif et soutient la synth\u00e8se de l&rsquo;ADN.<\/p>\n\n\n\n<p>NovuVita Vir contient \u00e9galement de la coenzyme Q10 et divers extraits de plantes qui augmentent la qualit\u00e9 du sperme, ce qui peut se traduire par de meilleures chances de conception. L&rsquo;<b>utilisation<\/b> r\u00e9guli\u00e8re <b>de<\/b> ce compl\u00e9ment alimentaire contribue \u00e0 une meilleure sant\u00e9 globale et am\u00e9liore les param\u00e8tres du sperme.<\/p>\n\n\n\n<p>Les vitamines B6 et B12 interviennent dans la r\u00e9gulation de la s\u00e9cr\u00e9tion des hormones sexuelles, ce qui a un impact direct sur la fertilit\u00e9 masculine. Gr\u00e2ce \u00e0 la L-carnitine, NovuVita Vir am\u00e9liore non seulement la qualit\u00e9 du sperme, mais augmente \u00e9galement l&rsquo;\u00e9nergie, ce qui favorise une meilleure performance sexuelle. Les <b>utilisateurs<\/b> peuvent compter sur un soutien complet sur le chemin de la paternit\u00e9.<\/p>\n\n\n\n<h2 class=\"wp-block-heading\">Avantages de NovuVita Vir &#8211; Effets<\/h2>\n\n\n\n<p>La <b>prise de<\/b> NovuVita Vir pr\u00e9sente de nombreux <b>avantages<\/b>, notamment en termes de soutien \u00e0 la fertilit\u00e9 masculine. La prise r\u00e9guli\u00e8re de ce compl\u00e9ment peut augmenter les chances de conception jusqu&rsquo;\u00e0 <em>50 %<\/em>. Le compl\u00e9ment se distingue par sa formule innovante, dans laquelle des ingr\u00e9dients tels que le zinc et le s\u00e9l\u00e9nium, essentiels \u00e0 la production de spermatozo\u00efdes sains et \u00e0 l&rsquo;am\u00e9lioration de la qualit\u00e9 du sperme, jouent un r\u00f4le cl\u00e9.<\/p>\n\n\n\n<p><b>Les effets de<\/b> NovuVita Vir sont perceptibles apr\u00e8s quelques semaines de prise r\u00e9guli\u00e8re. Le compl\u00e9ment soutient la sant\u00e9 reproductive, ce qui affecte le nombre et la mobilit\u00e9 des spermatozo\u00efdes. De nombreuses personnes font \u00e9tat d&rsquo;une am\u00e9lioration significative de la qualit\u00e9 du sperme, ce qui se traduit par une augmentation des chances de concevoir un enfant. En outre, l&rsquo;<b>utilisation<\/b> r\u00e9guli\u00e8re <b>du<\/b> compl\u00e9ment aide \u00e0 maintenir des niveaux normaux de testost\u00e9rone, ce qui peut avoir un impact positif sur la libido.<\/p>\n\n\n\n<p>NovuVita Vir contient de l&rsquo;acide folique Quatrefolic\u00ae qui acc\u00e9l\u00e8re la spermatogen\u00e8se. La vitamine E joue un r\u00f4le protecteur en prot\u00e9geant les cellules des dommages caus\u00e9s par les radicaux libres. Une augmentation du bien-\u00eatre g\u00e9n\u00e9ral et une am\u00e9lioration des param\u00e8tres du sperme sont des <b>effets<\/b> qui peuvent apporter des am\u00e9liorations significatives \u00e0 la fertilit\u00e9 masculine.<\/p>\n\n\n\n<h2 class=\"wp-block-heading\">Comment utiliser NovuVita Vir &#8211; Mode d&#8217;emploi et posologie<\/h2>\n\n\n\n<p>L&rsquo;utilisation de <em>NovuVita Vir<\/em> n\u00e9cessite le respect de quelques consignes simples qui peuvent affecter de mani\u00e8re significative l&rsquo;efficacit\u00e9 du compl\u00e9ment alimentaire. La dose recommand\u00e9e est d&rsquo;une g\u00e9lule par jour, \u00e0 prendre apr\u00e8s un repas. Une utilisation r\u00e9guli\u00e8re de <em>NovuVita Vir<\/em> est indispensable pour obtenir les meilleurs r\u00e9sultats, notamment en ce qui concerne l&rsquo;am\u00e9lioration des param\u00e8tres du sperme.<\/p>\n\n\n\n<p>Il convient de pr\u00eater attention au mode de conservation du compl\u00e9ment. Il doit \u00eatre conserv\u00e9 dans un endroit sec, \u00e0 temp\u00e9rature ambiante, \u00e0 l&rsquo;abri de la lumi\u00e8re et hors de port\u00e9e des enfants. Le <b>dosage<\/b> et l&rsquo;utilisation correcte sont importants, en particulier dans le contexte de la sant\u00e9 du syst\u00e8me reproducteur masculin.<\/p>\n\n\n\n<p>En cas d&rsquo;inqui\u00e9tude ou d&rsquo;allergie aux ingr\u00e9dients, il vaut la peine de consulter votre m\u00e9decin avant de commencer \u00e0 le prendre. Soutenir l&rsquo;\u00e9quilibre hormonal est l&rsquo;un des objectifs de la prise de <em>NovuVita Vir<\/em>, qui peut contribuer \u00e0 un meilleur \u00e9tat de l&rsquo;ensemble du corps.<\/p>\n\n\n\n<h2 class=\"wp-block-heading\">NovuVita Vir avis &#8211; Que disent les utilisateurs dans les forums ?<\/h2>\n\n\n\n<p>Les <b>avis sur<\/b> NovuVita Vir sont positifs, les <b>utilisateurs<\/b> partageant leurs exp\u00e9riences sur les forums en ligne. De nombreuses personnes remarquent une am\u00e9lioration significative de leur qualit\u00e9 de vie apr\u00e8s avoir commenc\u00e9 une suppl\u00e9mentation avec ce produit. Par exemple, un utilisateur mentionne :<\/p>\n\n\n\n<blockquote class=\"wp-block-quote is-layout-flow wp-block-quote-is-layout-flow\">\n<p>\u00ab\u00a0Depuis que j&rsquo;utilise NovuVita Vir, j&rsquo;ai remarqu\u00e9 une am\u00e9lioration significative de la qualit\u00e9 de mon sperme. Je me sens mieux et j&rsquo;ai plus confiance en moi.<\/p>\n<\/blockquote>\n\n\n\n<p>Une autre personne, qui a d\u00e9j\u00e0 \u00e9t\u00e9 confront\u00e9e \u00e0 des probl\u00e8mes de fertilit\u00e9, d\u00e9clare<\/p>\n\n\n\n<blockquote class=\"wp-block-quote is-layout-flow wp-block-quote-is-layout-flow\">\n<p>\u00ab\u00a0J&rsquo;avais des probl\u00e8mes de fertilit\u00e9 et apr\u00e8s quelques mois d&rsquo;utilisation de NovuVita Vir, les tests ont montr\u00e9 une am\u00e9lioration. Je le recommande sans h\u00e9siter !\u00a0\u00bb<\/p>\n<\/blockquote>\n\n\n\n<p><b>Les commentaires des<\/b> utilisateurs soulignent la facilit\u00e9 d&rsquo;utilisation de ce compl\u00e9ment et son efficacit\u00e9. Une revue souligne que<\/p>\n\n\n\n<blockquote class=\"wp-block-quote is-layout-flow wp-block-quote-is-layout-flow\">\n<p>\u00ab\u00a0Le compl\u00e9ment est facile \u00e0 utiliser et la <b>formulation<\/b> semble vraiment efficace. J&rsquo;ai maintenant h\u00e2te d&rsquo;avoir un b\u00e9b\u00e9 !\u00a0\u00bb<\/p>\n<\/blockquote>\n\n\n\n<p>Sur des plateformes telles que les <b>forums<\/b>, de nombreux utilisateurs font \u00e9tat de leurs <b>exp\u00e9riences<\/b> positives avec NovuVita Vir, ce qui confirme sa popularit\u00e9 croissante et la confiance qu&rsquo;il inspire aux consommateurs.<\/p>\n\n\n\n<h2 class=\"wp-block-heading\">NovuVita Vir &#8211; Composition<\/h2>\n\n\n\n<p>NovuVita Vir est un <b>compl\u00e9ment alimentaire<\/b> qui contient une <em>formulation<\/em> unique pour soutenir la fertilit\u00e9 masculine. Sa formule contient des <em>ingr\u00e9dients actifs<\/em> d\u00e9velopp\u00e9s pour soutenir la sant\u00e9 reproductive. Ce produit contient une combinaison de <em>vitamines<\/em> et de <em>min\u00e9raux<\/em> qui jouent un r\u00f4le cl\u00e9 dans l&rsquo;am\u00e9lioration de la qualit\u00e9 du sperme.<\/p>\n\n\n\n<figure class=\"wp-block-table\"><table class=\"has-fixed-layout\"><tbody><tr><th>Composant<\/th><th>Type<\/th><th>Contenu<\/th><\/tr><tr><td>L-carnitine (tartrate de L-carnitine)<\/td><td>acide amin\u00e9<\/td><td>500 mg<\/td><\/tr><tr><td>Vitamine C<\/td><td>vitamine<\/td><td>100 mg<\/td><\/tr><tr><td>Coenzyme Q10<\/td><td>ingr\u00e9dient actif<\/td><td>30 mg<\/td><\/tr><tr><td>Extrait de carotte (10 % de b\u00eata-carot\u00e8ne)<\/td><td>antioxydant<\/td><td>50 mg<\/td><\/tr><tr><td>Zinc (gluconate de zinc)<\/td><td>min\u00e9ral<\/td><td>15 mg<\/td><\/tr><tr><td>S\u00e9l\u00e9nium (s\u00e9l\u00e9nate de sodium)<\/td><td>min\u00e9ral<\/td><td>200 \u00b5g<\/td><\/tr><tr><td>Vitamine B6<\/td><td>vitamine<\/td><td>18 mg<\/td><\/tr><tr><td>Vitamine B12<\/td><td>vitamine<\/td><td>25 \u00b5g<\/td><\/tr><tr><td>Vitamine E<\/td><td>vitamine<\/td><td>20 mg<\/td><\/tr><tr><td>Vitamine D<\/td><td>vitamine<\/td><td>50 \u00b5g<\/td><\/tr><tr><td>Acide folique (Quatrefolic\u00ae)<\/td><td>vitamine<\/td><td>600 \u00b5g<\/td><\/tr><\/tbody><\/table><\/figure>\n\n\n\n<p>Gr\u00e2ce \u00e0 l&rsquo;acide folique innovant Quatrefolic\u00ae, <em>NovuVita Vir<\/em> augmente la biodisponibilit\u00e9 des <em>principes actifs<\/em>. La <b>posologie<\/b> recommand\u00e9e est d&rsquo;une g\u00e9lule par jour, ce qui fournit une dose optimale de <em>vitamines<\/em> et de <em>min\u00e9raux<\/em> n\u00e9cessaires aux hommes. Il est conseill\u00e9 de consulter votre m\u00e9decin avant de commencer une suppl\u00e9mentation afin de l&rsquo;adapter \u00e0 vos besoins de sant\u00e9 individuels.<\/p>\n\n\n\n<h2 class=\"wp-block-heading\">Prix de NovuVita Vir &#8211; O\u00f9 acheter ?<\/h2>\n\n\n\n<p>NovuVita Vir n&rsquo;est pas disponible dans les pharmacies d&rsquo;officine, il est donc important de savoir <em>o\u00f9 l&rsquo;acheter<\/em>. NovuVita Vir est uniquement disponible sur le site officiel du fabricant, ce qui garantit son originalit\u00e9 et sa haute qualit\u00e9. Les clients peuvent profiter de nombreuses promotions allant jusqu&rsquo;\u00e0 -50%, ce qui rend l&rsquo;achat de NovuVita Vir encore plus attractif.<\/p>\n\n\n\n<p>Pour \u00e9viter les contrefa\u00e7ons et les sources non v\u00e9rifi\u00e9es, il est conseill\u00e9 d&rsquo;acheter NovuVita Vir directement aupr\u00e8s du fabricant. Les papeteries, les pharmacies et les plateformes de commerce \u00e9lectronique ne stockent pas ce produit.<\/p>\n\n\n\n<h2 class=\"wp-block-heading\">NovuVita Vir &#8211; Effets secondaires et contre-indications<\/h2>\n\n\n\n<p>NovuVita Vir est un compl\u00e9ment alimentaire qui gagne en popularit\u00e9 parmi les hommes qui cherchent \u00e0 am\u00e9liorer leur fertilit\u00e9. Comme pour d&rsquo;autres compl\u00e9ments, il est important de comprendre les effets secondaires potentiels et les contre-indications associ\u00e9s \u00e0 son utilisation. Le compl\u00e9ment est consid\u00e9r\u00e9 comme s\u00fbr dans la plupart des cas, mais il faut savoir qu&rsquo;il ne doit pas \u00eatre utilis\u00e9 par les personnes pr\u00e9sentant une hypersensibilit\u00e9 \u00e0 l&rsquo;un des ingr\u00e9dients, ni par les femmes enceintes ou allaitantes.<\/p>\n\n\n\n<p>En cas d&rsquo;effets secondaires, tels que des r\u00e9actions allergiques, il est recommand\u00e9 d&rsquo;interrompre imm\u00e9diatement l&rsquo;utilisation du produit. Il est \u00e9galement essentiel de consulter un m\u00e9decin dans les situations inhabituelles afin de garantir la s\u00e9curit\u00e9. Les <b>utilisateurs<\/b> doivent \u00e9galement pr\u00eater une attention particuli\u00e8re aux <b>contre-indications<\/b>, qui, pour NovuVita Vir, incluent la question des maladies cardiovasculaires et d&rsquo;autres conditions m\u00e9dicales graves affectant la sant\u00e9 des hommes.<\/p>\n\n\n\n<p>Malgr\u00e9 ces restrictions, de nombreuses personnes utilisent NovuVita Vir avec des r\u00e9sultats positifs. Toutefois, comme pour tout compl\u00e9ment alimentaire, il est essentiel de respecter la posologie recommand\u00e9e et d&rsquo;\u00eatre conscient des effets secondaires possibles afin de maximiser les <b>avantages de<\/b> ce produit.<\/p>\n","protected":false},"excerpt":{"rendered":"<p><strong>[date_countdown]<\/strong><\/p>\n<p><img decoding=\"async\" class=\"alignnone  wp-image-8427\" src=\"https:\/\/pharmacie-progres-cannes.fr\/pharmacie\/wp-content\/uploads\/2024\/10\/SAFE-PAY-300x88-1.png\" alt=\"SAFE-PAY-300x88\" width=\"164\" height=\"48\" \/><\/p>\n","protected":false},"featured_media":4533,"comment_status":"open","ping_status":"closed","template":"","meta":{"neve_meta_sidebar":"","neve_meta_container":"","neve_meta_enable_content_width":"","neve_meta_content_width":0,"neve_meta_title_alignment":"","neve_meta_author_avatar":"","neve_post_elements_order":"","neve_meta_disable_header":"","neve_meta_disable_footer":"","neve_meta_disable_title":"","neve_meta_reading_time":""},"product_brand":[],"product_cat":[16],"product_tag":[],"class_list":{"0":"post-4506","1":"product","2":"type-product","3":"status-publish","4":"has-post-thumbnail","6":"product_cat-sante-sexuelle","8":"first","9":"instock","10":"sale","11":"shipping-taxable","12":"product-type-external"},"yoast_head":"<!-- This site is optimized with the Yoast SEO plugin v27.3 - https:\/\/yoast.com\/product\/yoast-seo-wordpress\/ -->\n<title>NovuVita Vir - Avis, Forum, Pharmacie, Effets, Prix -50% | Pharmacie-Progres-Pannes<\/title>\n<meta name=\"robots\" content=\"index, follow, max-snippet:-1, max-image-preview:large, max-video-preview:-1\" \/>\n<link rel=\"canonical\" href=\"https:\/\/pharmacie-progres-cannes.fr\/pharmacie\/supp\/novuvita-vir\/\" \/>\n<meta property=\"og:locale\" content=\"fr_FR\" \/>\n<meta property=\"og:type\" content=\"article\" \/>\n<meta property=\"og:title\" content=\"NovuVita Vir - Avis, Forum, Pharmacie, Effets, Prix -50% | Pharmacie-Progres-Pannes\" \/>\n<meta property=\"og:url\" content=\"https:\/\/pharmacie-progres-cannes.fr\/pharmacie\/supp\/novuvita-vir\/\" \/>\n<meta property=\"og:site_name\" content=\"Pharmacie-Progres-Pannes\" \/>\n<meta property=\"article:modified_time\" content=\"2025-03-17T17:09:46+00:00\" \/>\n<meta property=\"og:image\" content=\"https:\/\/pharmacie-progres-cannes.fr\/pharmacie\/wp-content\/uploads\/2024\/10\/NOVUVITA-VIR.jpg\" \/>\n\t<meta property=\"og:image:width\" content=\"768\" \/>\n\t<meta property=\"og:image:height\" content=\"768\" \/>\n\t<meta property=\"og:image:type\" content=\"image\/jpeg\" \/>\n<meta name=\"twitter:card\" content=\"summary_large_image\" \/>\n<meta name=\"twitter:description\" content=\"[date_countdown]\" \/>\n<meta name=\"twitter:label1\" content=\"Dur\u00e9e de lecture estim\u00e9e\" \/>\n\t<meta name=\"twitter:data1\" content=\"8 minutes\" \/>\n<script type=\"application\/ld+json\" class=\"yoast-schema-graph\">{\"@context\":\"https:\\\/\\\/schema.org\",\"@graph\":[{\"@type\":\"WebPage\",\"@id\":\"https:\\\/\\\/pharmacie-progres-cannes.fr\\\/pharmacie\\\/supp\\\/novuvita-vir\\\/\",\"url\":\"https:\\\/\\\/pharmacie-progres-cannes.fr\\\/pharmacie\\\/supp\\\/novuvita-vir\\\/\",\"name\":\"NovuVita Vir - Avis, Forum, Pharmacie, Effets, Prix -50% | Pharmacie-Progres-Pannes\",\"isPartOf\":{\"@id\":\"https:\\\/\\\/pharmacie-progres-cannes.fr\\\/pharmacie\\\/#website\"},\"primaryImageOfPage\":{\"@id\":\"https:\\\/\\\/pharmacie-progres-cannes.fr\\\/pharmacie\\\/supp\\\/novuvita-vir\\\/#primaryimage\"},\"image\":{\"@id\":\"https:\\\/\\\/pharmacie-progres-cannes.fr\\\/pharmacie\\\/supp\\\/novuvita-vir\\\/#primaryimage\"},\"thumbnailUrl\":\"https:\\\/\\\/pharmacie-progres-cannes.fr\\\/pharmacie\\\/wp-content\\\/uploads\\\/2024\\\/10\\\/NOVUVITA-VIR.jpg\",\"datePublished\":\"2024-10-18T19:46:19+00:00\",\"dateModified\":\"2025-03-17T17:09:46+00:00\",\"breadcrumb\":{\"@id\":\"https:\\\/\\\/pharmacie-progres-cannes.fr\\\/pharmacie\\\/supp\\\/novuvita-vir\\\/#breadcrumb\"},\"inLanguage\":\"fr-FR\",\"potentialAction\":[{\"@type\":\"ReadAction\",\"target\":[\"https:\\\/\\\/pharmacie-progres-cannes.fr\\\/pharmacie\\\/supp\\\/novuvita-vir\\\/\"]}]},{\"@type\":\"ImageObject\",\"inLanguage\":\"fr-FR\",\"@id\":\"https:\\\/\\\/pharmacie-progres-cannes.fr\\\/pharmacie\\\/supp\\\/novuvita-vir\\\/#primaryimage\",\"url\":\"https:\\\/\\\/pharmacie-progres-cannes.fr\\\/pharmacie\\\/wp-content\\\/uploads\\\/2024\\\/10\\\/NOVUVITA-VIR.jpg\",\"contentUrl\":\"https:\\\/\\\/pharmacie-progres-cannes.fr\\\/pharmacie\\\/wp-content\\\/uploads\\\/2024\\\/10\\\/NOVUVITA-VIR.jpg\",\"width\":768,\"height\":768},{\"@type\":\"BreadcrumbList\",\"@id\":\"https:\\\/\\\/pharmacie-progres-cannes.fr\\\/pharmacie\\\/supp\\\/novuvita-vir\\\/#breadcrumb\",\"itemListElement\":[{\"@type\":\"ListItem\",\"position\":1,\"name\":\"Strona g\u0142\u00f3wna\",\"item\":\"https:\\\/\\\/pharmacie-progres-cannes.fr\\\/pharmacie\\\/\"},{\"@type\":\"ListItem\",\"position\":2,\"name\":\"farmaci\",\"item\":\"https:\\\/\\\/pharmacie-progres-cannes.fr\\\/pharmacie\\\/\"},{\"@type\":\"ListItem\",\"position\":3,\"name\":\"NovuVita Vir\"}]},{\"@type\":\"WebSite\",\"@id\":\"https:\\\/\\\/pharmacie-progres-cannes.fr\\\/pharmacie\\\/#website\",\"url\":\"https:\\\/\\\/pharmacie-progres-cannes.fr\\\/pharmacie\\\/\",\"name\":\"Pharmacie-Progres-Pannes\",\"description\":\"\",\"potentialAction\":[{\"@type\":\"SearchAction\",\"target\":{\"@type\":\"EntryPoint\",\"urlTemplate\":\"https:\\\/\\\/pharmacie-progres-cannes.fr\\\/pharmacie\\\/?s={search_term_string}\"},\"query-input\":{\"@type\":\"PropertyValueSpecification\",\"valueRequired\":true,\"valueName\":\"search_term_string\"}}],\"inLanguage\":\"fr-FR\"}]}<\/script>\n<!-- \/ Yoast SEO plugin. -->","yoast_head_json":{"title":"NovuVita Vir - Avis, Forum, Pharmacie, Effets, Prix -50% | Pharmacie-Progres-Pannes","robots":{"index":"index","follow":"follow","max-snippet":"max-snippet:-1","max-image-preview":"max-image-preview:large","max-video-preview":"max-video-preview:-1"},"canonical":"https:\/\/pharmacie-progres-cannes.fr\/pharmacie\/supp\/novuvita-vir\/","og_locale":"fr_FR","og_type":"article","og_title":"NovuVita Vir - Avis, Forum, Pharmacie, Effets, Prix -50% | Pharmacie-Progres-Pannes","og_url":"https:\/\/pharmacie-progres-cannes.fr\/pharmacie\/supp\/novuvita-vir\/","og_site_name":"Pharmacie-Progres-Pannes","article_modified_time":"2025-03-17T17:09:46+00:00","og_image":[{"width":768,"height":768,"url":"https:\/\/pharmacie-progres-cannes.fr\/pharmacie\/wp-content\/uploads\/2024\/10\/NOVUVITA-VIR.jpg","type":"image\/jpeg"}],"twitter_card":"summary_large_image","twitter_description":"[date_countdown]","twitter_misc":{"Dur\u00e9e de lecture estim\u00e9e":"8 minutes"},"schema":{"@context":"https:\/\/schema.org","@graph":[{"@type":"WebPage","@id":"https:\/\/pharmacie-progres-cannes.fr\/pharmacie\/supp\/novuvita-vir\/","url":"https:\/\/pharmacie-progres-cannes.fr\/pharmacie\/supp\/novuvita-vir\/","name":"NovuVita Vir - Avis, Forum, Pharmacie, Effets, Prix -50% | Pharmacie-Progres-Pannes","isPartOf":{"@id":"https:\/\/pharmacie-progres-cannes.fr\/pharmacie\/#website"},"primaryImageOfPage":{"@id":"https:\/\/pharmacie-progres-cannes.fr\/pharmacie\/supp\/novuvita-vir\/#primaryimage"},"image":{"@id":"https:\/\/pharmacie-progres-cannes.fr\/pharmacie\/supp\/novuvita-vir\/#primaryimage"},"thumbnailUrl":"https:\/\/pharmacie-progres-cannes.fr\/pharmacie\/wp-content\/uploads\/2024\/10\/NOVUVITA-VIR.jpg","datePublished":"2024-10-18T19:46:19+00:00","dateModified":"2025-03-17T17:09:46+00:00","breadcrumb":{"@id":"https:\/\/pharmacie-progres-cannes.fr\/pharmacie\/supp\/novuvita-vir\/#breadcrumb"},"inLanguage":"fr-FR","potentialAction":[{"@type":"ReadAction","target":["https:\/\/pharmacie-progres-cannes.fr\/pharmacie\/supp\/novuvita-vir\/"]}]},{"@type":"ImageObject","inLanguage":"fr-FR","@id":"https:\/\/pharmacie-progres-cannes.fr\/pharmacie\/supp\/novuvita-vir\/#primaryimage","url":"https:\/\/pharmacie-progres-cannes.fr\/pharmacie\/wp-content\/uploads\/2024\/10\/NOVUVITA-VIR.jpg","contentUrl":"https:\/\/pharmacie-progres-cannes.fr\/pharmacie\/wp-content\/uploads\/2024\/10\/NOVUVITA-VIR.jpg","width":768,"height":768},{"@type":"BreadcrumbList","@id":"https:\/\/pharmacie-progres-cannes.fr\/pharmacie\/supp\/novuvita-vir\/#breadcrumb","itemListElement":[{"@type":"ListItem","position":1,"name":"Strona g\u0142\u00f3wna","item":"https:\/\/pharmacie-progres-cannes.fr\/pharmacie\/"},{"@type":"ListItem","position":2,"name":"farmaci","item":"https:\/\/pharmacie-progres-cannes.fr\/pharmacie\/"},{"@type":"ListItem","position":3,"name":"NovuVita Vir"}]},{"@type":"WebSite","@id":"https:\/\/pharmacie-progres-cannes.fr\/pharmacie\/#website","url":"https:\/\/pharmacie-progres-cannes.fr\/pharmacie\/","name":"Pharmacie-Progres-Pannes","description":"","potentialAction":[{"@type":"SearchAction","target":{"@type":"EntryPoint","urlTemplate":"https:\/\/pharmacie-progres-cannes.fr\/pharmacie\/?s={search_term_string}"},"query-input":{"@type":"PropertyValueSpecification","valueRequired":true,"valueName":"search_term_string"}}],"inLanguage":"fr-FR"}]}},"_links":{"self":[{"href":"https:\/\/pharmacie-progres-cannes.fr\/pharmacie\/wp-json\/wp\/v2\/product\/4506","targetHints":{"allow":["GET"]}}],"collection":[{"href":"https:\/\/pharmacie-progres-cannes.fr\/pharmacie\/wp-json\/wp\/v2\/product"}],"about":[{"href":"https:\/\/pharmacie-progres-cannes.fr\/pharmacie\/wp-json\/wp\/v2\/types\/product"}],"replies":[{"embeddable":true,"href":"https:\/\/pharmacie-progres-cannes.fr\/pharmacie\/wp-json\/wp\/v2\/comments?post=4506"}],"wp:featuredmedia":[{"embeddable":true,"href":"https:\/\/pharmacie-progres-cannes.fr\/pharmacie\/wp-json\/wp\/v2\/media\/4533"}],"wp:attachment":[{"href":"https:\/\/pharmacie-progres-cannes.fr\/pharmacie\/wp-json\/wp\/v2\/media?parent=4506"}],"wp:term":[{"taxonomy":"product_brand","embeddable":true,"href":"https:\/\/pharmacie-progres-cannes.fr\/pharmacie\/wp-json\/wp\/v2\/product_brand?post=4506"},{"taxonomy":"product_cat","embeddable":true,"href":"https:\/\/pharmacie-progres-cannes.fr\/pharmacie\/wp-json\/wp\/v2\/product_cat?post=4506"},{"taxonomy":"product_tag","embeddable":true,"href":"https:\/\/pharmacie-progres-cannes.fr\/pharmacie\/wp-json\/wp\/v2\/product_tag?post=4506"}],"curies":[{"name":"wp","href":"https:\/\/api.w.org\/{rel}","templated":true}]}}