{"id":4503,"date":"2024-10-18T19:46:19","date_gmt":"2024-10-18T19:46:19","guid":{"rendered":"https:\/\/chirurgie-orthopedie-vannes.fr\/pharmacie\/?post_type=product&#038;p=4503"},"modified":"2025-03-17T17:16:17","modified_gmt":"2025-03-17T17:16:17","slug":"slimmestar","status":"publish","type":"product","link":"https:\/\/pharmacie-progres-cannes.fr\/pharmacie\/supp\/slimmestar\/","title":{"rendered":"Slimmestar"},"content":{"rendered":"\n<h2 class=\"wp-block-heading\">Qu&rsquo;est-ce que Slimmestar et comment fonctionne-t-il ?<\/h2>\n\n\n\n<p>Slimmestar sont des <b>patchs amincissants<\/b> innovants qui visent \u00e0 favoriser la perte de poids. Leur <b>action<\/b> se concentre sur l&rsquo;acc\u00e9l\u00e9ration du m\u00e9tabolisme, ce qui contribue \u00e0 une combustion plus rapide des graisses. Les patchs contiennent des <b>ingr\u00e9dients naturels<\/b> tels que le <em>guarana<\/em> et la <em>caf\u00e9ine<\/em>, qui augmentent consid\u00e9rablement la thermogen\u00e8se dans le corps. L&rsquo;\u00e9limination des graisses est ainsi plus efficace, en particulier dans les r\u00e9gions difficiles \u00e0 sculpter, telles que le ventre et les cuisses.<\/p>\n\n\n\n<p>Lorsqu&rsquo;ils sont appliqu\u00e9s sur la peau, les principes actifs agissent d\u00e9j\u00e0 en quelques minutes. Slimmestar peut \u00eatre utilis\u00e9 en compl\u00e9ment d&rsquo;une alimentation saine et d&rsquo;une activit\u00e9 physique r\u00e9guli\u00e8re. De nombreuses personnes remarquent une am\u00e9lioration du confort digestif et une r\u00e9duction de l&rsquo;app\u00e9tit, ce qui favorise la <b>perte de poids.<\/b> Il s&rsquo;agit d&rsquo;un produit qui a re\u00e7u des commentaires positifs de la part d&rsquo;utilisateurs du monde entier, contribuant ainsi \u00e0 leur succ\u00e8s en mati\u00e8re de perte de poids.<\/p>\n\n\n\n<h2 class=\"wp-block-heading\">Quels sont les effets de Slimmestar ?<\/h2>\n\n\n\n<p><b>Les utilisateurs des<\/b> patchs Slimmestar font souvent \u00e9tat de <b>r\u00e9sultats<\/b> impressionnants dans le cadre du processus de perte de poids. En l&rsquo;espace d&rsquo;un mois d&rsquo;utilisation, de nombreuses personnes constatent une perte de poids allant jusqu&rsquo;\u00e0 6 kg, ce qui t\u00e9moigne de leur grande efficacit\u00e9 pour obtenir des r\u00e9sultats express. L&rsquo;<b>utilisation<\/b> r\u00e9guli\u00e8re <b>du<\/b> patch contribue \u00e0 une r\u00e9duction rapide de la circonf\u00e9rence corporelle et de la cellulite, ce qui est un \u00e9l\u00e9ment important de l&rsquo;am\u00e9lioration de l&rsquo;aspect de la peau.<\/p>\n\n\n\n<p>Les patchs Slimmestar fonctionnent jusqu&rsquo;\u00e0 24 heures par jour, ce qui permet une lib\u00e9ration continue des ingr\u00e9dients actifs. Leurs principaux ingr\u00e9dients sont la garcinia cambogia, le th\u00e9 vert et le guarana. Il est scientifiquement prouv\u00e9 que <b>ces<\/b> substances favorisent la <b>perte de poids<\/b>, comme le confirment les exp\u00e9riences positives de nombreux utilisateurs.<\/p>\n\n\n\n<p>Il convient de noter que les <b>effets de l&rsquo;<\/b> utilisation peuvent varier en fonction des caract\u00e9ristiques corporelles individuelles et du niveau d&rsquo;activit\u00e9 physique. L&rsquo;utilisation de Slimmestar ne favorise pas seulement la perte de poids, mais peut \u00e9galement am\u00e9liorer le bien-\u00eatre g\u00e9n\u00e9ral. Les personnes qui utilisent ces patchs constatent g\u00e9n\u00e9ralement une am\u00e9lioration du contr\u00f4le de l&rsquo;app\u00e9tit, ce qui r\u00e9duit le risque de grignotage incontr\u00f4l\u00e9.<\/p>\n\n\n\n<figure class=\"wp-block-table\"><table class=\"has-fixed-layout\"><tbody><tr><th>Effets<\/th><th>Description<\/th><\/tr><tr><td>Perte de poids<\/td><td>Possibilit\u00e9 de perdre jusqu&rsquo;\u00e0 6 kg en un mois d&rsquo;utilisation.<\/td><\/tr><tr><td>R\u00e9duction des circuits<\/td><td>R\u00e9duction de la circonf\u00e9rence corporelle en peu de temps.<\/td><\/tr><tr><td>R\u00e9duction de la cellulite<\/td><td>Am\u00e9lioration visible de l&rsquo;aspect de la peau.<\/td><\/tr><tr><td>Contr\u00f4le de l&rsquo;app\u00e9tit<\/td><td>Soutien \u00e0 la r\u00e9duction de la sensation de faim.<\/td><\/tr><\/tbody><\/table><\/figure>\n\n\n\n<p><b>L&rsquo;utilisation de<\/b> Slimmestar est une option int\u00e9ressante pour ceux qui souhaitent soutenir efficacement le processus de perte de poids et obtenir des r\u00e9sultats visibles en peu de temps. Il est \u00e9galement essentiel de maintenir un mode de vie sain, qui, combin\u00e9 au patch, peut produire des <b>r\u00e9sultats<\/b> encore meilleurs.<\/p>\n\n\n\n<h2 class=\"wp-block-heading\">Slimmestar dosage &#8211; Comment l&rsquo;utiliser ?<\/h2>\n\n\n\n<p>Pour obtenir des r\u00e9sultats optimaux avec les patchs Slimmestar, il est important de suivre les recommandations de dosage du fabricant. Les patchs doivent \u00eatre appliqu\u00e9s sur une peau propre et s\u00e8che pour garantir leur efficacit\u00e9. La <b>dose<\/b> recommand\u00e9e est de porter un patch pendant 12 heures maximum. Ne pas utiliser plus de cinq patchs par semaine.<\/p>\n\n\n\n<p>La r\u00e9gularit\u00e9 de l&rsquo;utilisation est essentielle. <b>Les utilisateurs<\/b> qui se sont tenus \u00e0 ces recommandations ont souvent fait \u00e9tat de r\u00e9sultats rapidement perceptibles en termes de r\u00e9duction des graisses et d&rsquo;am\u00e9lioration de l&rsquo;aspect de la peau. Gr\u00e2ce \u00e0 des ingr\u00e9dients naturels tels que le fucoidan, les patchs favorisent non seulement la perte de poids, mais contribuent \u00e9galement \u00e0 am\u00e9liorer l&rsquo;\u00e9lasticit\u00e9 et la fermet\u00e9 de la peau.<\/p>\n\n\n\n<p>Toute application doit tenir compte de la dur\u00e9e du port du patch et de la mani\u00e8re dont il est appliqu\u00e9. Les utilisateurs de Slimmestar doivent se rappeler qu&rsquo;ils doivent \u00e9viter de les appliquer sur des zones sujettes \u00e0 de fortes frictions, ce qui pourrait nuire \u00e0 leur efficacit\u00e9. L&rsquo;<b>utilisation<\/b> correcte <b>du<\/b> patch contribue de mani\u00e8re significative \u00e0 l&rsquo;obtention de r\u00e9sultats satisfaisants et \u00e0 la r\u00e9alisation des objectifs de perte de poids.<\/p>\n\n\n\n<h2 class=\"wp-block-heading\">Slimmestar &#8211; Avis des utilisateurs, forum &#8211; Que disent les utilisateurs ?<\/h2>\n\n\n\n<p>Les <b>r\u00e9actions des<\/b> utilisateurs du patch Slimmestar sont tr\u00e8s largement positives, ce qu&rsquo;il convient de noter en examinant leurs exp\u00e9riences sur le <b>forum<\/b>. De nombreuses personnes appr\u00e9cient la facilit\u00e9 d&rsquo;utilisation et les r\u00e9sultats obtenus gr\u00e2ce au patch. Les utilisateurs soulignent souvent qu&rsquo;ils ont remarqu\u00e9 des changements visibles en peu de temps, ce qui accro\u00eet leur satisfaction \u00e0 l&rsquo;\u00e9gard du produit.<\/p>\n\n\n\n<p>Le tableau ci-dessous pr\u00e9sente un \u00e9chantillon d&rsquo;<b>avis d&rsquo;<\/b> utilisateurs de Slimmestar concernant leur exp\u00e9rience :<\/p>\n\n\n\n<figure class=\"wp-block-table\"><table class=\"has-fixed-layout\"><tbody><tr><th>Nom<\/th><th>L&rsquo;\u00e2ge<\/th><th>Avis<\/th><\/tr><tr><td>Karolina<\/td><td>32<\/td><td>\u00ab\u00a0J&rsquo;utilise Slimmestar depuis trois mois et j&rsquo;ai constat\u00e9 une r\u00e9duction significative de mon poids et une am\u00e9lioration de l&rsquo;aspect de ma peau. J&rsquo;en suis ravie !\u00a0\u00bb<\/td><\/tr><tr><td>Aneta<\/td><td>28<\/td><td>\u00ab\u00a0Gr\u00e2ce \u00e0 Slimmestar, je contr\u00f4le mieux mon app\u00e9tit. Je recommande vivement ces patchs !\u00a0\u00bb<\/td><\/tr><tr><td>Magda<\/td><td>25<\/td><td>\u00ab\u00a0Slimmestar m&rsquo;a aid\u00e9e \u00e0 me d\u00e9barrasser de ma cellulite, ce qui a grandement am\u00e9lior\u00e9 ma confiance en moi.<\/td><\/tr><\/tbody><\/table><\/figure>\n\n\n\n<p>Les effets mentionn\u00e9s ci-dessus, tels que l&rsquo;am\u00e9lioration de l&rsquo;apparence de la peau et le contr\u00f4le de l&rsquo;app\u00e9tit, influencent la popularit\u00e9 croissante de Slimmestar parmi les utilisateurs. Le <b>forum<\/b> en ligne pr\u00e9sente une vari\u00e9t\u00e9 d&rsquo;opinions, indiquant des effets variables, mais le ton g\u00e9n\u00e9ral est positif. Les utilisateurs font l&rsquo;\u00e9loge non seulement des effets, mais aussi de la <b>composition<\/b> naturelle <b>du<\/b> patch, ce qui le rend attrayant pour les personnes soucieuses de leur sant\u00e9.<\/p>\n\n\n\n<h2 class=\"wp-block-heading\">Slimmestar &#8211; Composition &#8211; Que contient-il ?<\/h2>\n\n\n\n<p>Les patchs Slimmestar sont bas\u00e9s sur une <em>formule<\/em> unique qui utilise des <em>ingr\u00e9dients naturels<\/em> con\u00e7us pour aider \u00e0 la perte de poids. Les \u00e9l\u00e9ments cl\u00e9s de cette formule sont les suivants<\/p>\n\n\n\n<ul class=\"wp-block-list\">\n<li><strong>Caf\u00e9ine<\/strong>: stimule le <b>m\u00e9tabolisme<\/b> et favorise la combustion des graisses.<\/li>\n\n\n\n<li><strong>Extrait de ginkgo biloba<\/strong>: am\u00e9liore la circulation sanguine et soutient les processus m\u00e9taboliques.<\/li>\n\n\n\n<li><strong>Marron d&rsquo;Inde<\/strong>: r\u00e9duit les gonflements et favorise la circulation, ce qui a un effet positif sur l&rsquo;<em>action du<\/em> patch.<\/li>\n\n\n\n<li><strong>Huile de n\u00e9roli<\/strong>: am\u00e9liore l&rsquo;humeur et r\u00e9duit le stress, ce qui peut augmenter l&rsquo;efficacit\u00e9 de la perte de poids.<\/li>\n\n\n\n<li><strong>Acide hydroxycitrique<\/strong>: extrait du Garcinia cambogia, il coupe l&rsquo;app\u00e9tit et stimule l&rsquo;\u00e9limination des graisses et des sucres.<\/li>\n\n\n\n<li><strong>Capsa\u00efcine<\/strong>: acc\u00e9l\u00e8re le <b>m\u00e9tabolisme<\/b> et r\u00e9duit la faim.<\/li>\n\n\n\n<li><strong>L-carnitine<\/strong>: favorise la combustion des graisses, ce qui est essentiel pour obtenir les <em>r\u00e9sultats<\/em> souhait\u00e9s.<\/li>\n<\/ul>\n\n\n\n<p>Ces <em>ingr\u00e9dients naturels<\/em> agissent en synergie, ce qui contribue \u00e0 l&rsquo;efficacit\u00e9 de <b>Slimmestar.<\/b> L&rsquo;utilisation r\u00e9guli\u00e8re du patch assure une lib\u00e9ration continue des ingr\u00e9dients actifs, ce qui favorise la perte de poids jusqu&rsquo;\u00e0 12 heures par jour.<\/p>\n\n\n\n<h2 class=\"wp-block-heading\">Prix Slimmestar &#8211; O\u00f9 acheter ?<\/h2>\n\n\n\n<p>Si vous voulez acheter Slimmestar au meilleur prix et avoir une garantie d&rsquo;originalit\u00e9, il vaut la peine d&rsquo;acheter directement sur le site du fabricant. Il n&rsquo;y a que des promotions disponibles qui peuvent r\u00e9duire le co\u00fbt jusqu&rsquo;\u00e0 50%.<\/p>\n\n\n\n<p>Slimmestar n&rsquo;est pas disponible \u00e0 la vente en magasin ou sur les plateformes en ligne populaires. Commander directement aupr\u00e8s du fabricant est la seule option s\u00fbre.<\/p>\n\n\n\n<h2 class=\"wp-block-heading\">Slimmestar &#8211; Effets secondaires et contre-indications &#8211; S\u00e9curit\u00e9 d&#8217;emploi<\/h2>\n\n\n\n<p>Slimmestar est un produit qui se distingue par l&rsquo;utilisation d&rsquo;ingr\u00e9dients naturels, ce qui minimise consid\u00e9rablement le risque d&rsquo;effets secondaires. N\u00e9anmoins, pour la s\u00e9curit\u00e9 des utilisateurs, il existe certaines <b>contre-indications<\/b>. Les personnes allergiques \u00e0 certains ingr\u00e9dients doivent \u00e9viter d&rsquo;utiliser ces patchs afin de pr\u00e9venir d&rsquo;\u00e9ventuelles r\u00e9actions allergiques, qui peuvent survenir chez 50 % des personnes allergiques.<\/p>\n\n\n\n<p>Si vous ressentez des effets ind\u00e9sirables apr\u00e8s avoir utilis\u00e9 Slimmestar, il est recommand\u00e9 d&rsquo;arr\u00eater imm\u00e9diatement l&rsquo;utilisation du produit et de consulter votre m\u00e9decin. Bien que le produit soit g\u00e9n\u00e9ralement sans danger pour la plupart des utilisateurs, les personnes ayant des probl\u00e8mes de peau doivent faire preuve d&rsquo;une prudence particuli\u00e8re lors de son utilisation. Une surveillance r\u00e9guli\u00e8re des effets peut aider \u00e0 \u00e9viter d&rsquo;\u00e9ventuels effets secondaires.<\/p>\n\n\n\n<p>Il convient de noter que Slimmestar est certifi\u00e9 selon les normes de l&rsquo;Union europ\u00e9enne, ce qui confirme sa qualit\u00e9 et sa <b>s\u00e9curit\u00e9 d&rsquo;<\/b> utilisation. En cons\u00e9quence, de nombreuses personnes choisissent d&rsquo;essayer ce produit, b\u00e9n\u00e9ficiant d&rsquo;avis positifs et d&rsquo;une note \u00e9lev\u00e9e de 4,95 \u00e9toiles sur 5. Cela prouve que Slimmestar attire les utilisateurs qui appr\u00e9cient une approche naturelle de la perte de poids.<\/p>\n","protected":false},"excerpt":{"rendered":"<p><strong>[date_countdown]<\/strong><\/p>\n<p><img decoding=\"async\" class=\"alignnone  wp-image-8427\" src=\"https:\/\/pharmacie-progres-cannes.fr\/pharmacie\/wp-content\/uploads\/2024\/10\/SAFE-PAY-300x88-1.png\" alt=\"SAFE-PAY-300x88\" width=\"164\" height=\"48\" \/><\/p>\n","protected":false},"featured_media":3917,"comment_status":"open","ping_status":"closed","template":"","meta":{"neve_meta_sidebar":"","neve_meta_container":"","neve_meta_enable_content_width":"","neve_meta_content_width":0,"neve_meta_title_alignment":"","neve_meta_author_avatar":"","neve_post_elements_order":"","neve_meta_disable_header":"","neve_meta_disable_footer":"","neve_meta_disable_title":"","neve_meta_reading_time":""},"product_brand":[],"product_cat":[15],"product_tag":[],"class_list":{"0":"post-4503","1":"product","2":"type-product","3":"status-publish","4":"has-post-thumbnail","6":"product_cat-perte-de-poids","8":"first","9":"instock","10":"sale","11":"shipping-taxable","12":"product-type-external"},"yoast_head":"<!-- This site is optimized with the Yoast SEO plugin v27.4 - https:\/\/yoast.com\/product\/yoast-seo-wordpress\/ -->\n<title>Slimmestar - Avis, Forum, Pharmacie, Effets, Prix -50% | Pharmacie-Progres-Pannes<\/title>\n<meta name=\"robots\" content=\"index, follow, max-snippet:-1, max-image-preview:large, max-video-preview:-1\" \/>\n<link rel=\"canonical\" href=\"https:\/\/pharmacie-progres-cannes.fr\/pharmacie\/supp\/slimmestar\/\" \/>\n<meta property=\"og:locale\" content=\"fr_FR\" \/>\n<meta property=\"og:type\" content=\"article\" \/>\n<meta property=\"og:title\" content=\"Slimmestar - Avis, Forum, Pharmacie, Effets, Prix -50% | Pharmacie-Progres-Pannes\" \/>\n<meta property=\"og:url\" content=\"https:\/\/pharmacie-progres-cannes.fr\/pharmacie\/supp\/slimmestar\/\" \/>\n<meta property=\"og:site_name\" content=\"Pharmacie-Progres-Pannes\" \/>\n<meta property=\"article:modified_time\" content=\"2025-03-17T17:16:17+00:00\" \/>\n<meta property=\"og:image\" content=\"https:\/\/pharmacie-progres-cannes.fr\/pharmacie\/wp-content\/uploads\/2024\/10\/Slimmestar.png\" \/>\n\t<meta property=\"og:image:width\" content=\"768\" \/>\n\t<meta property=\"og:image:height\" content=\"768\" \/>\n\t<meta property=\"og:image:type\" content=\"image\/png\" \/>\n<meta name=\"twitter:card\" content=\"summary_large_image\" \/>\n<meta name=\"twitter:description\" content=\"[date_countdown]\" \/>\n<meta name=\"twitter:label1\" content=\"Dur\u00e9e de lecture estim\u00e9e\" \/>\n\t<meta name=\"twitter:data1\" content=\"1 minute\" \/>\n<script type=\"application\/ld+json\" class=\"yoast-schema-graph\">{\"@context\":\"https:\\\/\\\/schema.org\",\"@graph\":[{\"@type\":\"WebPage\",\"@id\":\"https:\\\/\\\/pharmacie-progres-cannes.fr\\\/pharmacie\\\/supp\\\/slimmestar\\\/\",\"url\":\"https:\\\/\\\/pharmacie-progres-cannes.fr\\\/pharmacie\\\/supp\\\/slimmestar\\\/\",\"name\":\"Slimmestar - Avis, Forum, Pharmacie, Effets, Prix -50% | Pharmacie-Progres-Pannes\",\"isPartOf\":{\"@id\":\"https:\\\/\\\/pharmacie-progres-cannes.fr\\\/pharmacie\\\/#website\"},\"primaryImageOfPage\":{\"@id\":\"https:\\\/\\\/pharmacie-progres-cannes.fr\\\/pharmacie\\\/supp\\\/slimmestar\\\/#primaryimage\"},\"image\":{\"@id\":\"https:\\\/\\\/pharmacie-progres-cannes.fr\\\/pharmacie\\\/supp\\\/slimmestar\\\/#primaryimage\"},\"thumbnailUrl\":\"https:\\\/\\\/pharmacie-progres-cannes.fr\\\/pharmacie\\\/wp-content\\\/uploads\\\/2024\\\/10\\\/Slimmestar.png\",\"datePublished\":\"2024-10-18T19:46:19+00:00\",\"dateModified\":\"2025-03-17T17:16:17+00:00\",\"breadcrumb\":{\"@id\":\"https:\\\/\\\/pharmacie-progres-cannes.fr\\\/pharmacie\\\/supp\\\/slimmestar\\\/#breadcrumb\"},\"inLanguage\":\"fr-FR\",\"potentialAction\":[{\"@type\":\"ReadAction\",\"target\":[\"https:\\\/\\\/pharmacie-progres-cannes.fr\\\/pharmacie\\\/supp\\\/slimmestar\\\/\"]}]},{\"@type\":\"ImageObject\",\"inLanguage\":\"fr-FR\",\"@id\":\"https:\\\/\\\/pharmacie-progres-cannes.fr\\\/pharmacie\\\/supp\\\/slimmestar\\\/#primaryimage\",\"url\":\"https:\\\/\\\/pharmacie-progres-cannes.fr\\\/pharmacie\\\/wp-content\\\/uploads\\\/2024\\\/10\\\/Slimmestar.png\",\"contentUrl\":\"https:\\\/\\\/pharmacie-progres-cannes.fr\\\/pharmacie\\\/wp-content\\\/uploads\\\/2024\\\/10\\\/Slimmestar.png\",\"width\":768,\"height\":768},{\"@type\":\"BreadcrumbList\",\"@id\":\"https:\\\/\\\/pharmacie-progres-cannes.fr\\\/pharmacie\\\/supp\\\/slimmestar\\\/#breadcrumb\",\"itemListElement\":[{\"@type\":\"ListItem\",\"position\":1,\"name\":\"Strona g\u0142\u00f3wna\",\"item\":\"https:\\\/\\\/pharmacie-progres-cannes.fr\\\/pharmacie\\\/\"},{\"@type\":\"ListItem\",\"position\":2,\"name\":\"farmaci\",\"item\":\"https:\\\/\\\/pharmacie-progres-cannes.fr\\\/pharmacie\\\/\"},{\"@type\":\"ListItem\",\"position\":3,\"name\":\"Slimmestar\"}]},{\"@type\":\"WebSite\",\"@id\":\"https:\\\/\\\/pharmacie-progres-cannes.fr\\\/pharmacie\\\/#website\",\"url\":\"https:\\\/\\\/pharmacie-progres-cannes.fr\\\/pharmacie\\\/\",\"name\":\"Pharmacie-Progres-Pannes\",\"description\":\"\",\"potentialAction\":[{\"@type\":\"SearchAction\",\"target\":{\"@type\":\"EntryPoint\",\"urlTemplate\":\"https:\\\/\\\/pharmacie-progres-cannes.fr\\\/pharmacie\\\/?s={search_term_string}\"},\"query-input\":{\"@type\":\"PropertyValueSpecification\",\"valueRequired\":true,\"valueName\":\"search_term_string\"}}],\"inLanguage\":\"fr-FR\"}]}<\/script>\n<!-- \/ Yoast SEO plugin. -->","yoast_head_json":{"title":"Slimmestar - Avis, Forum, Pharmacie, Effets, Prix -50% | Pharmacie-Progres-Pannes","robots":{"index":"index","follow":"follow","max-snippet":"max-snippet:-1","max-image-preview":"max-image-preview:large","max-video-preview":"max-video-preview:-1"},"canonical":"https:\/\/pharmacie-progres-cannes.fr\/pharmacie\/supp\/slimmestar\/","og_locale":"fr_FR","og_type":"article","og_title":"Slimmestar - Avis, Forum, Pharmacie, Effets, Prix -50% | Pharmacie-Progres-Pannes","og_url":"https:\/\/pharmacie-progres-cannes.fr\/pharmacie\/supp\/slimmestar\/","og_site_name":"Pharmacie-Progres-Pannes","article_modified_time":"2025-03-17T17:16:17+00:00","og_image":[{"width":768,"height":768,"url":"https:\/\/pharmacie-progres-cannes.fr\/pharmacie\/wp-content\/uploads\/2024\/10\/Slimmestar.png","type":"image\/png"}],"twitter_card":"summary_large_image","twitter_description":"[date_countdown]","twitter_misc":{"Dur\u00e9e de lecture estim\u00e9e":"1 minute"},"schema":{"@context":"https:\/\/schema.org","@graph":[{"@type":"WebPage","@id":"https:\/\/pharmacie-progres-cannes.fr\/pharmacie\/supp\/slimmestar\/","url":"https:\/\/pharmacie-progres-cannes.fr\/pharmacie\/supp\/slimmestar\/","name":"Slimmestar - Avis, Forum, Pharmacie, Effets, Prix -50% | Pharmacie-Progres-Pannes","isPartOf":{"@id":"https:\/\/pharmacie-progres-cannes.fr\/pharmacie\/#website"},"primaryImageOfPage":{"@id":"https:\/\/pharmacie-progres-cannes.fr\/pharmacie\/supp\/slimmestar\/#primaryimage"},"image":{"@id":"https:\/\/pharmacie-progres-cannes.fr\/pharmacie\/supp\/slimmestar\/#primaryimage"},"thumbnailUrl":"https:\/\/pharmacie-progres-cannes.fr\/pharmacie\/wp-content\/uploads\/2024\/10\/Slimmestar.png","datePublished":"2024-10-18T19:46:19+00:00","dateModified":"2025-03-17T17:16:17+00:00","breadcrumb":{"@id":"https:\/\/pharmacie-progres-cannes.fr\/pharmacie\/supp\/slimmestar\/#breadcrumb"},"inLanguage":"fr-FR","potentialAction":[{"@type":"ReadAction","target":["https:\/\/pharmacie-progres-cannes.fr\/pharmacie\/supp\/slimmestar\/"]}]},{"@type":"ImageObject","inLanguage":"fr-FR","@id":"https:\/\/pharmacie-progres-cannes.fr\/pharmacie\/supp\/slimmestar\/#primaryimage","url":"https:\/\/pharmacie-progres-cannes.fr\/pharmacie\/wp-content\/uploads\/2024\/10\/Slimmestar.png","contentUrl":"https:\/\/pharmacie-progres-cannes.fr\/pharmacie\/wp-content\/uploads\/2024\/10\/Slimmestar.png","width":768,"height":768},{"@type":"BreadcrumbList","@id":"https:\/\/pharmacie-progres-cannes.fr\/pharmacie\/supp\/slimmestar\/#breadcrumb","itemListElement":[{"@type":"ListItem","position":1,"name":"Strona g\u0142\u00f3wna","item":"https:\/\/pharmacie-progres-cannes.fr\/pharmacie\/"},{"@type":"ListItem","position":2,"name":"farmaci","item":"https:\/\/pharmacie-progres-cannes.fr\/pharmacie\/"},{"@type":"ListItem","position":3,"name":"Slimmestar"}]},{"@type":"WebSite","@id":"https:\/\/pharmacie-progres-cannes.fr\/pharmacie\/#website","url":"https:\/\/pharmacie-progres-cannes.fr\/pharmacie\/","name":"Pharmacie-Progres-Pannes","description":"","potentialAction":[{"@type":"SearchAction","target":{"@type":"EntryPoint","urlTemplate":"https:\/\/pharmacie-progres-cannes.fr\/pharmacie\/?s={search_term_string}"},"query-input":{"@type":"PropertyValueSpecification","valueRequired":true,"valueName":"search_term_string"}}],"inLanguage":"fr-FR"}]}},"_links":{"self":[{"href":"https:\/\/pharmacie-progres-cannes.fr\/pharmacie\/wp-json\/wp\/v2\/product\/4503","targetHints":{"allow":["GET"]}}],"collection":[{"href":"https:\/\/pharmacie-progres-cannes.fr\/pharmacie\/wp-json\/wp\/v2\/product"}],"about":[{"href":"https:\/\/pharmacie-progres-cannes.fr\/pharmacie\/wp-json\/wp\/v2\/types\/product"}],"replies":[{"embeddable":true,"href":"https:\/\/pharmacie-progres-cannes.fr\/pharmacie\/wp-json\/wp\/v2\/comments?post=4503"}],"wp:featuredmedia":[{"embeddable":true,"href":"https:\/\/pharmacie-progres-cannes.fr\/pharmacie\/wp-json\/wp\/v2\/media\/3917"}],"wp:attachment":[{"href":"https:\/\/pharmacie-progres-cannes.fr\/pharmacie\/wp-json\/wp\/v2\/media?parent=4503"}],"wp:term":[{"taxonomy":"product_brand","embeddable":true,"href":"https:\/\/pharmacie-progres-cannes.fr\/pharmacie\/wp-json\/wp\/v2\/product_brand?post=4503"},{"taxonomy":"product_cat","embeddable":true,"href":"https:\/\/pharmacie-progres-cannes.fr\/pharmacie\/wp-json\/wp\/v2\/product_cat?post=4503"},{"taxonomy":"product_tag","embeddable":true,"href":"https:\/\/pharmacie-progres-cannes.fr\/pharmacie\/wp-json\/wp\/v2\/product_tag?post=4503"}],"curies":[{"name":"wp","href":"https:\/\/api.w.org\/{rel}","templated":true}]}}