{"id":4489,"date":"2024-10-18T19:46:05","date_gmt":"2024-10-18T19:46:05","guid":{"rendered":"https:\/\/chirurgie-orthopedie-vannes.fr\/pharmacie\/?post_type=product&#038;p=4489"},"modified":"2025-02-25T15:44:11","modified_gmt":"2025-02-25T15:44:11","slug":"start-erotique","status":"publish","type":"product","link":"https:\/\/pharmacie-progres-cannes.fr\/pharmacie\/supp\/start-erotique\/","title":{"rendered":"Start Erotique"},"content":{"rendered":"<h2 class=\"wp-block-heading\">Qu&rsquo;est-ce que Start Erotique et comment fonctionne-t-il ?<\/h2>\n\n\n<p><b>Start Erotique<\/b> est un gel innovant con\u00e7u pour <em>am\u00e9liorer l&rsquo;\u00e9rection<\/em> chez l&rsquo;homme. Son <em>action<\/em> unique est bas\u00e9e sur l&rsquo;augmentation du flux sanguin dans les corps caverneux du p\u00e9nis. A base d&rsquo;ingr\u00e9dients naturels, le gel favorise la circulation et influence l&rsquo;\u00e9quilibre hormonal, conduisant \u00e0 une intensification des sensations sexuelles.<\/p>\n\n\n<p>Les premiers <b>r\u00e9sultats<\/b> sont perceptibles apr\u00e8s une semaine d&rsquo;utilisation. Il est recommand\u00e9 de l&rsquo;appliquer <em>30 minutes avant le rapport sexuel<\/em> pour obtenir un <b>effet<\/b> optimal en augmentant la circulation sanguine dans la r\u00e9gion pelvienne. Les tests d&rsquo;efficacit\u00e9 du produit indiquent qu&rsquo;il <b>fonctionne<\/b> de mani\u00e8re fiable, avec des <b>ingr\u00e9dients<\/b> tels que la L-arginine, l&rsquo;extrait de guarana et la racine de ginseng qui non seulement stimulent l&rsquo;<em>am\u00e9lioration des \u00e9rections<\/em>, mais contribuent \u00e9galement \u00e0 la performance sexuelle globale de l&rsquo;homme.<\/p>\n\n\n<h2 class=\"wp-block-heading\">Start Erotique &#8211; effets d&rsquo;utilisation<\/h2>\n\n\n<p>Start Erotique a gagn\u00e9 en popularit\u00e9 parmi les hommes souhaitant am\u00e9liorer leur vie sexuelle. <b>Les effets du<\/b> gel apportent des am\u00e9liorations significatives en termes de puissance et de confort intime global. De nombreuses personnes remarquent les <em>r\u00e9sultats<\/em>, qui peuvent inclure :<\/p>\n\n\n\n<ul class=\"wp-block-list\">\n<li>Obtenir une \u00e9rection plus rapidement, ce qui augmente la confiance dans les moments intimes.<\/li>\n\n\n\n<li>Augmentation de la dur\u00e9e des rapports sexuels, ce qui permet de satisfaire les deux partenaires.<\/li>\n\n\n\n<li>Des orgasmes plus intenses, affectant l&rsquo;exp\u00e9rience sexuelle globale.<\/li>\n<\/ul>\n\n\n<p>Une <b>utilisation<\/b> r\u00e9guli\u00e8re peut conduire \u00e0 une am\u00e9lioration significative de la qualit\u00e9 de la vie sexuelle, ressentie \u00e0 la fois par les hommes et leurs partenaires f\u00e9minines. <b>Les utilisateurs<\/b> soulignent que <b>les effets du<\/b> gel contribuent \u00e0 une meilleure relation de couple et \u00e0 une plus grande satisfaction de la vie intime.<\/p>\n\n\n<p><b>Des ingr\u00e9dients<\/b> actifs tels que l&rsquo;huile de cannelle et l&rsquo;extrait de guarana favorisent la circulation et l&rsquo;\u00e9nergie n\u00e9cessaires pour obtenir de meilleurs r\u00e9sultats. Start Erotique est donc une option int\u00e9ressante pour ceux qui ont des probl\u00e8mes de puissance.<\/p>\n\n\n<h2 class=\"wp-block-heading\">Comment utiliser correctement Start Erotique &#8211; Posologie<\/h2>\n\n\n<p>Un <b>dosage<\/b> correct <b>du<\/b> gel Start Erotique est essentiel pour obtenir des r\u00e9sultats optimaux. Il est recommand\u00e9 d&rsquo;<b>appliquer le<\/b> produit 15 \u00e0 20 minutes avant le rapport sexuel pr\u00e9vu. Pendant cette p\u00e9riode, le gel doit \u00eatre appliqu\u00e9 uniform\u00e9ment sur la peau g\u00e9nitale propre et s\u00e8che.<\/p>\n\n\n<p>Pour garantir une utilisation s\u00fbre et efficace, les <em>instructions<\/em> du fabricant doivent \u00eatre suivies \u00e0 la lettre. Ne d\u00e9passez pas la dose recommand\u00e9e, car les meilleurs <b>r\u00e9sultats<\/b> peuvent \u00eatre obtenus avec une <em>utilisation<\/em> r\u00e9guli\u00e8re et r\u00e9fl\u00e9chie.<\/p>\n\n\n<figure class=\"wp-block-table\"><table class=\"has-fixed-layout\"><tbody><tr><th>Aspect<\/th><th>Recommandations<\/th><\/tr><tr><td><b>Dosage<\/b><\/td><td>15-20 minutes avant le rapport sexuel<\/td><\/tr><tr><td>Utilisation de<\/td><td>Sur une peau propre et s\u00e8che<\/td><\/tr><tr><td>R\u00e9gularit\u00e9<\/td><td>Au moins une fois par jour<\/td><\/tr><tr><td><b>S\u00e9curit\u00e9<\/b><\/td><td>Observer les instructions<\/td><\/tr><tr><td>Effets<\/td><td>R\u00e9duction de 70% des probl\u00e8mes d&rsquo;\u00e9rection<\/td><\/tr><\/tbody><\/table><\/figure>\n\n\n<p>Le <em>dosage<\/em> correct et la pr\u00e9cision de l&rsquo;<em>application du<\/em> gel contribuent non seulement \u00e0 l&rsquo;am\u00e9lioration de la qualit\u00e9 de la vie sexuelle, mais aussi \u00e0 l&rsquo;augmentation de la production de testost\u00e9rone, ce qui est crucial dans le cadre des probl\u00e8mes \u00e9rectiles. Une utilisation r\u00e9guli\u00e8re donne des <b>r\u00e9sultats<\/b> visibles et confirme l&rsquo;efficacit\u00e9 du gel pour aider les hommes \u00e0 lutter contre ce type de dysfonctionnement.<\/p>\n\n\n<h2 class=\"wp-block-heading\">Start Erotique avis &#8211; Que disent les utilisateurs dans les forums ?<\/h2>\n\n\n<p>Les <b>avis sur<\/b> Start Erotique soulignent les exp\u00e9riences positives des utilisateurs, qui partagent souvent leurs avis sur les forums en ligne. Nombre d&rsquo;entre eux soulignent les effets visibles apr\u00e8s seulement quelques utilisations, ce qui a contribu\u00e9 \u00e0 la popularit\u00e9 croissante du produit.<\/p>\n\n\n<p><b>Les utilisateurs<\/b> d\u00e9crivent souvent comment l&rsquo;utilisation du gel a affect\u00e9 leur vie intime. Par exemple, certains commentaires sugg\u00e8rent une am\u00e9lioration significative de la qualit\u00e9 des \u00e9rections et une dur\u00e9e plus longue des rapports sexuels. Les avantages les plus fr\u00e9quemment cit\u00e9s sont les suivants :<\/p>\n\n\n\n<ul class=\"wp-block-list\">\n<li><em>Stabilit\u00e9 de l&rsquo;\u00e9rection :<\/em> <b>Les utilisateurs<\/b> soulignent que le gel rend les \u00e9rections plus s\u00fbres et plus durables.<\/li>\n\n\n\n<li><em>Augmentation de la satisfaction sexuelle :<\/em> De nombreuses personnes ont constat\u00e9 une am\u00e9lioration de la qualit\u00e9 de leur vie intime, ce qui est relativement souvent \u00e9voqu\u00e9 dans les forums.<\/li>\n\n\n\n<li><em>Meilleur contr\u00f4le des \u00e9rections :<\/em> Les utilisateurs rapportent qu&rsquo;avec l&rsquo;aide de Start Erotique, ils peuvent obtenir plusieurs \u00e9rections d&rsquo;affil\u00e9e, ce qui augmente leur confiance.<\/li>\n<\/ul>\n\n\n<p>Le tableau suivant r\u00e9sume certains des principaux avis sur Start Erotique provenant de divers forums :<\/p>\n\n\n<figure class=\"wp-block-table\"><table class=\"has-fixed-layout\"><tbody><tr><th>Nom<\/th><th>Description des avis<\/th><th>L&rsquo;\u00e9valuation<\/th><\/tr><tr><td>Marek<\/td><td>Apr\u00e8s avoir utilis\u00e9 le gel, j&rsquo;ai constat\u00e9 une am\u00e9lioration significative. Les \u00e9rections sont devenues plus stables et les jeux dans la chambre \u00e0 coucher n&rsquo;\u00e9taient plus stressants.<\/td><td>5\/5<\/td><\/tr><tr><td>Pierre<\/td><td>J&rsquo;\u00e9tais sceptique, mais apr\u00e8s quelques applications, j&rsquo;ai remarqu\u00e9 que ma vie sexuelle s&rsquo;\u00e9tait am\u00e9lior\u00e9e. Les \u00e9rections sont plus fortes et le plaisir est plus grand.<\/td><td>5\/5<\/td><\/tr><tr><td>Tomasz<\/td><td>Start Erotique fonctionne vraiment. J&rsquo;avais des doutes au d\u00e9but, mais les r\u00e9sultats ont d\u00e9pass\u00e9 mes attentes.<\/td><td>5\/5<\/td><\/tr><\/tbody><\/table><\/figure>\n\n\n<p>Il convient de noter que <b>les commentaires des<\/b> utilisateurs sont clairs : Start Erotique donne les r\u00e9sultats escompt\u00e9s, ce qui peut faire une diff\u00e9rence significative dans la vie intime. L&rsquo;ensemble des commentaires positifs dans les forums souligne l&rsquo;efficacit\u00e9 de ce produit dans l&rsquo;am\u00e9lioration de la qualit\u00e9 des \u00e9rections et de la satisfaction sexuelle.<\/p>\n\n\n<h2 class=\"wp-block-heading\">Composition de Start Erotique &#8211; Que contient-il ?<\/h2>\n\n\n<p>Le gel Start Erotique se caract\u00e9rise par sa composition unique, bas\u00e9e sur des ingr\u00e9dients actifs soigneusement s\u00e9lectionn\u00e9s. L&rsquo;aspect essentiel est la <b>mani\u00e8re dont<\/b> chacun d&rsquo;entre eux <b>agit<\/b> pour garantir des r\u00e9sultats optimaux. Gr\u00e2ce \u00e0 leurs propri\u00e9t\u00e9s, <b>les ingr\u00e9dients de<\/b> cette formule favorisent la circulation et am\u00e9liorent le confort.<\/p>\n\n\n<p>Start Erotique comprend <b>les<\/b> \u00e9l\u00e9ments suivants :<\/p>\n\n\n\n<ul class=\"wp-block-list\">\n<li><em>Extrait de ginseng<\/em> &#8211; connu pour ses propri\u00e9t\u00e9s d&rsquo;am\u00e9lioration de la libido et d&rsquo;augmentation de l&rsquo;\u00e9nergie sexuelle.<\/li>\n\n\n\n<li>Le<em>shit v\u00e9g\u00e9tal<\/em> &#8211; favorise la microcirculation, ce qui est essentiel pour am\u00e9liorer l&rsquo;\u00e9rection.<\/li>\n\n\n\n<li><em>Hydratants<\/em> &#8211; ils apportent un confort d&rsquo;application et minimisent le risque d&rsquo;irritation.<\/li>\n<\/ul>\n\n\n<p>L&rsquo;<b>innocuit\u00e9 de<\/b> ces ingr\u00e9dients signifie que le produit peut \u00eatre utilis\u00e9 par la plupart des hommes sans craindre d&rsquo;\u00e9ventuels effets secondaires. <b>La composition du<\/b> gel a \u00e9t\u00e9 \u00e9labor\u00e9e en tenant compte des solutions naturelles qui sont efficaces pour am\u00e9liorer les performances sexuelles.<\/p>\n\n\n<h2 class=\"wp-block-heading\">Prix Start Erotique &#8211; O\u00f9 acheter ?<\/h2>\n\n\n<p><b>Le prix de<\/b> Start Erotique peut varier en fonction de l&rsquo;offre choisie. Pour \u00eatre s\u00fbr de l&rsquo;authenticit\u00e9 du produit, il est pr\u00e9f\u00e9rable d&rsquo;acheter directement aupr\u00e8s du fabricant officiel. C&rsquo;est le seul endroit o\u00f9 vous pouvez trouver les promotions en cours, qui vous permettent parfois d&rsquo;obtenir une r\u00e9duction de 50 %.<\/p>\n\n\n<p>Start Erotique n&rsquo;est pas disponible dans les pharmacies stationnaires, ce qui fait de l&rsquo;achat en ligne une option pratique et discr\u00e8te. Il est utile de rappeler que la disponibilit\u00e9 des produits promotionnels peut \u00eatre limit\u00e9e, il est donc pr\u00e9f\u00e9rable de ne pas retarder la d\u00e9cision d&rsquo;achat.<\/p>\n\n\n\n<ul class=\"wp-block-list\">\n<li><em>Fabricant officiel<\/em> &#8211; la meilleure source d&rsquo;information et la garantie de l&rsquo;originalit\u00e9.<\/li>\n\n\n\n<li>En vente libre &#8211; un moyen facile d&rsquo;acheter du gel.<\/li>\n\n\n\n<li><b>O\u00f9 acheter<\/b> &#8211; uniquement sur le site web du fabricant et aupr\u00e8s des distributeurs agr\u00e9\u00e9s.<\/li>\n<\/ul>\n\n\n<p>L&rsquo;utilisation r\u00e9guli\u00e8re de Start Erotique peut contribuer \u00e0 des effets durables qui am\u00e9liorent la qualit\u00e9 de la vie intime, et les commentaires des utilisateurs indiquent une augmentation significative de la confiance et de la satisfaction sexuelle.<\/p>\n\n\n<h2 class=\"wp-block-heading\">Start Erotique &#8211; Effets secondaires potentiels et contre-indications d&rsquo;utilisation<\/h2>\n\n\n<p>Start Erotique est g\u00e9n\u00e9ralement consid\u00e9r\u00e9 comme un produit s\u00fbr \u00e0 utiliser, cependant, comme tout suppl\u00e9ment, il n&rsquo;est pas exempt d&rsquo;effets secondaires potentiels. Certains utilisateurs peuvent pr\u00e9senter des r\u00e9actions allergiques, des irritations cutan\u00e9es et des vertiges. Il convient de garder \u00e0 l&rsquo;esprit que les personnes extr\u00eamement sensibles peuvent \u00eatre plus sujettes \u00e0 ces effets secondaires.<\/p>\n\n\n<p>Les personnes souffrant de maladies chroniques telles que le diab\u00e8te, l&rsquo;hypertension ou d&rsquo;autres troubles hormonaux doivent toujours consulter un m\u00e9decin avant de commencer le traitement. Les <b>contre-indications<\/b> s&rsquo;appliquent \u00e9galement aux personnes allergiques aux ingr\u00e9dients contenus dans la pr\u00e9paration. Il est extr\u00eamement important de lire la notice et de suivre scrupuleusement les instructions de dosage avant l&rsquo;utilisation.<\/p>\n\n\n<p>Il est \u00e9galement recommand\u00e9 \u00e0 chaque utilisateur de surveiller son bien-\u00eatre apr\u00e8s le d\u00e9but de l&rsquo;utilisation de Start Erotique afin d&rsquo;identifier rapidement tout <b>effet secondaire<\/b> \u00e9ventuel. La <b>s\u00e9curit\u00e9<\/b> doit toujours \u00eatre une priorit\u00e9 lors de l&rsquo;utilisation de ce type de produit et toute pr\u00e9occupation doit \u00eatre discut\u00e9e avec un professionnel comp\u00e9tent. La r\u00e9gularit\u00e9 de l&rsquo;utilisation et la prudence permettent de minimiser le risque d&rsquo;effets ind\u00e9sirables.<\/p>\n","protected":false},"excerpt":{"rendered":"<p><strong>[date_countdown]<\/strong><\/p>\n<p><img decoding=\"async\" class=\"alignnone  wp-image-8427\" src=\"https:\/\/pharmacie-progres-cannes.fr\/pharmacie\/wp-content\/uploads\/2024\/10\/SAFE-PAY-300x88-1.png\" alt=\"SAFE-PAY-300x88\" width=\"164\" height=\"48\" \/><\/p>\n","protected":false},"featured_media":3916,"comment_status":"open","ping_status":"closed","template":"","meta":{"neve_meta_sidebar":"","neve_meta_container":"","neve_meta_enable_content_width":"","neve_meta_content_width":0,"neve_meta_title_alignment":"","neve_meta_author_avatar":"","neve_post_elements_order":"","neve_meta_disable_header":"","neve_meta_disable_footer":"","neve_meta_disable_title":"","neve_meta_reading_time":""},"product_brand":[],"product_cat":[16],"product_tag":[],"class_list":{"0":"post-4489","1":"product","2":"type-product","3":"status-publish","4":"has-post-thumbnail","6":"product_cat-sante-sexuelle","8":"first","9":"instock","10":"sale","11":"shipping-taxable","12":"product-type-external"},"yoast_head":"<!-- This site is optimized with the Yoast SEO plugin v27.3 - https:\/\/yoast.com\/product\/yoast-seo-wordpress\/ -->\n<title>Start Erotique - Avis, Forum, Pharmacie, Effets, Prix -50% | Pharmacie-Progres-Pannes<\/title>\n<meta name=\"robots\" content=\"index, follow, max-snippet:-1, max-image-preview:large, max-video-preview:-1\" \/>\n<link rel=\"canonical\" href=\"https:\/\/pharmacie-progres-cannes.fr\/pharmacie\/supp\/start-erotique\/\" \/>\n<meta property=\"og:locale\" content=\"fr_FR\" \/>\n<meta property=\"og:type\" content=\"article\" \/>\n<meta property=\"og:title\" content=\"Start Erotique - Avis, Forum, Pharmacie, Effets, Prix -50% | Pharmacie-Progres-Pannes\" \/>\n<meta property=\"og:url\" content=\"https:\/\/pharmacie-progres-cannes.fr\/pharmacie\/supp\/start-erotique\/\" \/>\n<meta property=\"og:site_name\" content=\"Pharmacie-Progres-Pannes\" \/>\n<meta property=\"article:modified_time\" content=\"2025-02-25T15:44:11+00:00\" \/>\n<meta property=\"og:image\" content=\"https:\/\/pharmacie-progres-cannes.fr\/pharmacie\/wp-content\/uploads\/2024\/10\/Start-Erotique.jpg\" \/>\n\t<meta property=\"og:image:width\" content=\"768\" \/>\n\t<meta property=\"og:image:height\" content=\"768\" \/>\n\t<meta property=\"og:image:type\" content=\"image\/jpeg\" \/>\n<meta name=\"twitter:card\" content=\"summary_large_image\" \/>\n<meta name=\"twitter:description\" content=\"[date_countdown]\" \/>\n<meta name=\"twitter:label1\" content=\"Dur\u00e9e de lecture estim\u00e9e\" \/>\n\t<meta name=\"twitter:data1\" content=\"7 minutes\" \/>\n<script type=\"application\/ld+json\" class=\"yoast-schema-graph\">{\"@context\":\"https:\\\/\\\/schema.org\",\"@graph\":[{\"@type\":\"WebPage\",\"@id\":\"https:\\\/\\\/pharmacie-progres-cannes.fr\\\/pharmacie\\\/supp\\\/start-erotique\\\/\",\"url\":\"https:\\\/\\\/pharmacie-progres-cannes.fr\\\/pharmacie\\\/supp\\\/start-erotique\\\/\",\"name\":\"Start Erotique - Avis, Forum, Pharmacie, Effets, Prix -50% | Pharmacie-Progres-Pannes\",\"isPartOf\":{\"@id\":\"https:\\\/\\\/pharmacie-progres-cannes.fr\\\/pharmacie\\\/#website\"},\"primaryImageOfPage\":{\"@id\":\"https:\\\/\\\/pharmacie-progres-cannes.fr\\\/pharmacie\\\/supp\\\/start-erotique\\\/#primaryimage\"},\"image\":{\"@id\":\"https:\\\/\\\/pharmacie-progres-cannes.fr\\\/pharmacie\\\/supp\\\/start-erotique\\\/#primaryimage\"},\"thumbnailUrl\":\"https:\\\/\\\/pharmacie-progres-cannes.fr\\\/pharmacie\\\/wp-content\\\/uploads\\\/2024\\\/10\\\/Start-Erotique.jpg\",\"datePublished\":\"2024-10-18T19:46:05+00:00\",\"dateModified\":\"2025-02-25T15:44:11+00:00\",\"breadcrumb\":{\"@id\":\"https:\\\/\\\/pharmacie-progres-cannes.fr\\\/pharmacie\\\/supp\\\/start-erotique\\\/#breadcrumb\"},\"inLanguage\":\"fr-FR\",\"potentialAction\":[{\"@type\":\"ReadAction\",\"target\":[\"https:\\\/\\\/pharmacie-progres-cannes.fr\\\/pharmacie\\\/supp\\\/start-erotique\\\/\"]}]},{\"@type\":\"ImageObject\",\"inLanguage\":\"fr-FR\",\"@id\":\"https:\\\/\\\/pharmacie-progres-cannes.fr\\\/pharmacie\\\/supp\\\/start-erotique\\\/#primaryimage\",\"url\":\"https:\\\/\\\/pharmacie-progres-cannes.fr\\\/pharmacie\\\/wp-content\\\/uploads\\\/2024\\\/10\\\/Start-Erotique.jpg\",\"contentUrl\":\"https:\\\/\\\/pharmacie-progres-cannes.fr\\\/pharmacie\\\/wp-content\\\/uploads\\\/2024\\\/10\\\/Start-Erotique.jpg\",\"width\":768,\"height\":768},{\"@type\":\"BreadcrumbList\",\"@id\":\"https:\\\/\\\/pharmacie-progres-cannes.fr\\\/pharmacie\\\/supp\\\/start-erotique\\\/#breadcrumb\",\"itemListElement\":[{\"@type\":\"ListItem\",\"position\":1,\"name\":\"Strona g\u0142\u00f3wna\",\"item\":\"https:\\\/\\\/pharmacie-progres-cannes.fr\\\/pharmacie\\\/\"},{\"@type\":\"ListItem\",\"position\":2,\"name\":\"farmaci\",\"item\":\"https:\\\/\\\/pharmacie-progres-cannes.fr\\\/pharmacie\\\/\"},{\"@type\":\"ListItem\",\"position\":3,\"name\":\"Start Erotique\"}]},{\"@type\":\"WebSite\",\"@id\":\"https:\\\/\\\/pharmacie-progres-cannes.fr\\\/pharmacie\\\/#website\",\"url\":\"https:\\\/\\\/pharmacie-progres-cannes.fr\\\/pharmacie\\\/\",\"name\":\"Pharmacie-Progres-Pannes\",\"description\":\"\",\"potentialAction\":[{\"@type\":\"SearchAction\",\"target\":{\"@type\":\"EntryPoint\",\"urlTemplate\":\"https:\\\/\\\/pharmacie-progres-cannes.fr\\\/pharmacie\\\/?s={search_term_string}\"},\"query-input\":{\"@type\":\"PropertyValueSpecification\",\"valueRequired\":true,\"valueName\":\"search_term_string\"}}],\"inLanguage\":\"fr-FR\"}]}<\/script>\n<!-- \/ Yoast SEO plugin. -->","yoast_head_json":{"title":"Start Erotique - Avis, Forum, Pharmacie, Effets, Prix -50% | Pharmacie-Progres-Pannes","robots":{"index":"index","follow":"follow","max-snippet":"max-snippet:-1","max-image-preview":"max-image-preview:large","max-video-preview":"max-video-preview:-1"},"canonical":"https:\/\/pharmacie-progres-cannes.fr\/pharmacie\/supp\/start-erotique\/","og_locale":"fr_FR","og_type":"article","og_title":"Start Erotique - Avis, Forum, Pharmacie, Effets, Prix -50% | Pharmacie-Progres-Pannes","og_url":"https:\/\/pharmacie-progres-cannes.fr\/pharmacie\/supp\/start-erotique\/","og_site_name":"Pharmacie-Progres-Pannes","article_modified_time":"2025-02-25T15:44:11+00:00","og_image":[{"width":768,"height":768,"url":"https:\/\/pharmacie-progres-cannes.fr\/pharmacie\/wp-content\/uploads\/2024\/10\/Start-Erotique.jpg","type":"image\/jpeg"}],"twitter_card":"summary_large_image","twitter_description":"[date_countdown]","twitter_misc":{"Dur\u00e9e de lecture estim\u00e9e":"7 minutes"},"schema":{"@context":"https:\/\/schema.org","@graph":[{"@type":"WebPage","@id":"https:\/\/pharmacie-progres-cannes.fr\/pharmacie\/supp\/start-erotique\/","url":"https:\/\/pharmacie-progres-cannes.fr\/pharmacie\/supp\/start-erotique\/","name":"Start Erotique - Avis, Forum, Pharmacie, Effets, Prix -50% | Pharmacie-Progres-Pannes","isPartOf":{"@id":"https:\/\/pharmacie-progres-cannes.fr\/pharmacie\/#website"},"primaryImageOfPage":{"@id":"https:\/\/pharmacie-progres-cannes.fr\/pharmacie\/supp\/start-erotique\/#primaryimage"},"image":{"@id":"https:\/\/pharmacie-progres-cannes.fr\/pharmacie\/supp\/start-erotique\/#primaryimage"},"thumbnailUrl":"https:\/\/pharmacie-progres-cannes.fr\/pharmacie\/wp-content\/uploads\/2024\/10\/Start-Erotique.jpg","datePublished":"2024-10-18T19:46:05+00:00","dateModified":"2025-02-25T15:44:11+00:00","breadcrumb":{"@id":"https:\/\/pharmacie-progres-cannes.fr\/pharmacie\/supp\/start-erotique\/#breadcrumb"},"inLanguage":"fr-FR","potentialAction":[{"@type":"ReadAction","target":["https:\/\/pharmacie-progres-cannes.fr\/pharmacie\/supp\/start-erotique\/"]}]},{"@type":"ImageObject","inLanguage":"fr-FR","@id":"https:\/\/pharmacie-progres-cannes.fr\/pharmacie\/supp\/start-erotique\/#primaryimage","url":"https:\/\/pharmacie-progres-cannes.fr\/pharmacie\/wp-content\/uploads\/2024\/10\/Start-Erotique.jpg","contentUrl":"https:\/\/pharmacie-progres-cannes.fr\/pharmacie\/wp-content\/uploads\/2024\/10\/Start-Erotique.jpg","width":768,"height":768},{"@type":"BreadcrumbList","@id":"https:\/\/pharmacie-progres-cannes.fr\/pharmacie\/supp\/start-erotique\/#breadcrumb","itemListElement":[{"@type":"ListItem","position":1,"name":"Strona g\u0142\u00f3wna","item":"https:\/\/pharmacie-progres-cannes.fr\/pharmacie\/"},{"@type":"ListItem","position":2,"name":"farmaci","item":"https:\/\/pharmacie-progres-cannes.fr\/pharmacie\/"},{"@type":"ListItem","position":3,"name":"Start Erotique"}]},{"@type":"WebSite","@id":"https:\/\/pharmacie-progres-cannes.fr\/pharmacie\/#website","url":"https:\/\/pharmacie-progres-cannes.fr\/pharmacie\/","name":"Pharmacie-Progres-Pannes","description":"","potentialAction":[{"@type":"SearchAction","target":{"@type":"EntryPoint","urlTemplate":"https:\/\/pharmacie-progres-cannes.fr\/pharmacie\/?s={search_term_string}"},"query-input":{"@type":"PropertyValueSpecification","valueRequired":true,"valueName":"search_term_string"}}],"inLanguage":"fr-FR"}]}},"_links":{"self":[{"href":"https:\/\/pharmacie-progres-cannes.fr\/pharmacie\/wp-json\/wp\/v2\/product\/4489","targetHints":{"allow":["GET"]}}],"collection":[{"href":"https:\/\/pharmacie-progres-cannes.fr\/pharmacie\/wp-json\/wp\/v2\/product"}],"about":[{"href":"https:\/\/pharmacie-progres-cannes.fr\/pharmacie\/wp-json\/wp\/v2\/types\/product"}],"replies":[{"embeddable":true,"href":"https:\/\/pharmacie-progres-cannes.fr\/pharmacie\/wp-json\/wp\/v2\/comments?post=4489"}],"wp:featuredmedia":[{"embeddable":true,"href":"https:\/\/pharmacie-progres-cannes.fr\/pharmacie\/wp-json\/wp\/v2\/media\/3916"}],"wp:attachment":[{"href":"https:\/\/pharmacie-progres-cannes.fr\/pharmacie\/wp-json\/wp\/v2\/media?parent=4489"}],"wp:term":[{"taxonomy":"product_brand","embeddable":true,"href":"https:\/\/pharmacie-progres-cannes.fr\/pharmacie\/wp-json\/wp\/v2\/product_brand?post=4489"},{"taxonomy":"product_cat","embeddable":true,"href":"https:\/\/pharmacie-progres-cannes.fr\/pharmacie\/wp-json\/wp\/v2\/product_cat?post=4489"},{"taxonomy":"product_tag","embeddable":true,"href":"https:\/\/pharmacie-progres-cannes.fr\/pharmacie\/wp-json\/wp\/v2\/product_tag?post=4489"}],"curies":[{"name":"wp","href":"https:\/\/api.w.org\/{rel}","templated":true}]}}