{"id":4481,"date":"2024-10-18T19:46:05","date_gmt":"2024-10-18T19:46:05","guid":{"rendered":"https:\/\/chirurgie-orthopedie-vannes.fr\/pharmacie\/?post_type=product&#038;p=4481"},"modified":"2025-03-09T11:28:25","modified_gmt":"2025-03-09T11:28:25","slug":"audiovico","status":"publish","type":"product","link":"https:\/\/pharmacie-progres-cannes.fr\/pharmacie\/supp\/audiovico\/","title":{"rendered":"Audiovico"},"content":{"rendered":"\n<h2 class=\"wp-block-heading\">Qu&rsquo;est-ce qu&rsquo;Audiovico et comment fonctionne-t-il ?<\/h2>\n\n\n\n<p>Audiovico est un <b>compl\u00e9ment alimentaire<\/b> innovant con\u00e7u pour soutenir la sant\u00e9 auditive. Son <b>action<\/b> repose sur une synergie d&rsquo;ingr\u00e9dients naturels qui am\u00e9liorent la microcirculation au sein de l&rsquo;organe auditif. Les cellules auditives sont ainsi mieux oxyg\u00e9n\u00e9es, ce qui est essentiel \u00e0 leur bon fonctionnement.<\/p>\n\n\n\n<p>Les principaux ingr\u00e9dients actifs d&rsquo;Audiovico sont l&rsquo;extrait de feuille de ginkgo biloba, le zinc et les vitamines B6 et B12. L&rsquo;extrait de ginkgo biloba est connu pour ses propri\u00e9t\u00e9s <b>antiacouph\u00e8nes<\/b>, ce qui est particuli\u00e8rement important pour les personnes souffrant d&rsquo;acouph\u00e8nes. <b>Le compl\u00e9ment alimentaire<\/b> agit sur diff\u00e9rents aspects de la sant\u00e9 auditive, tout en contribuant \u00e0 la r\u00e9g\u00e9n\u00e9ration des cellules auditives et en renfor\u00e7ant les m\u00e9canismes de d\u00e9fense de l&rsquo;organisme.<\/p>\n\n\n\n<p>Apr\u00e8s deux semaines d&rsquo;utilisation, les patients font \u00e9tat d&rsquo;une am\u00e9lioration de 60 % de leur audition. La prise r\u00e9guli\u00e8re des g\u00e9lules peut augmenter de mani\u00e8re significative la qualit\u00e9 de vie des personnes souffrant de probl\u00e8mes auditifs, en r\u00e9duisant la sensibilit\u00e9 aux sons et en am\u00e9liorant la capacit\u00e9 \u00e0 les percevoir. Audiovico est un <b>compl\u00e9ment alimentaire<\/b> recommand\u00e9 \u00e0 toute personne d\u00e9sireuse de prendre soin de sa sant\u00e9 auditive.<\/p>\n\n\n\n<h2 class=\"wp-block-heading\">Effets d&rsquo;Audiovico<\/h2>\n\n\n\n<p>L&rsquo;utilisation r\u00e9guli\u00e8re d&rsquo;Audiovico a un certain nombre d&rsquo;<em>effets d&rsquo;application<\/em> qui peuvent am\u00e9liorer de mani\u00e8re significative la qualit\u00e9 de vie. L&rsquo;un des principaux r\u00e9sultats est l&rsquo;<em>am\u00e9lioration de la qualit\u00e9 de l&rsquo;audition<\/em>, en particulier pour les personnes ayant des difficult\u00e9s \u00e0 entendre dans diff\u00e9rents environnements. Gr\u00e2ce \u00e0 sa combinaison unique de vitamines et d&rsquo;extraits de plantes, Audiovico soutient les fonctions naturelles de l&rsquo;organe auditif et ses nutriments contribuent \u00e0 r\u00e9duire les <em>acouph\u00e8nes<\/em> d\u00e9sagr\u00e9ables.<\/p>\n\n\n\n<p>Les utilisateurs remarquent une am\u00e9lioration de leur capacit\u00e9 \u00e0 percevoir les sons graves et aigus apr\u00e8s plusieurs semaines d&rsquo;utilisation. Les \u00e9tudes montrent que les utilisateurs d&rsquo;Audiovico constatent une am\u00e9lioration significative de la <em>qualit\u00e9 de l&rsquo;audition<\/em>, ce qui fait de ce compl\u00e9ment une option int\u00e9ressante pour les personnes souffrant de probl\u00e8mes auditifs. Ils soulignent qu&rsquo;une utilisation r\u00e9guli\u00e8re peut \u00e9galement conduire \u00e0 une r\u00e9duction efficace des acouph\u00e8nes, ce qui rend la vie quotidienne nettement plus confortable. Toboggan est un must pour tous ceux qui cherchent \u00e0 am\u00e9liorer leur sant\u00e9 auditive.<\/p>\n\n\n\n<p>En fin de compte, Audiovico, avec sa formulation naturelle, minimise le risque d&rsquo;effets secondaires et constitue une forme s\u00fbre de soutien \u00e0 la sant\u00e9 auditive, en particulier dans une population vieillissante qui est de plus en plus confront\u00e9e \u00e0 des probl\u00e8mes de qualit\u00e9 de l&rsquo;audition.<\/p>\n\n\n\n<h2 class=\"wp-block-heading\">Comment utiliser Audiovico &#8211; Mode d&#8217;emploi et posologie<\/h2>\n\n\n\n<p>L&rsquo;utilisation correcte d&rsquo;Audiovico est cruciale pour obtenir des effets optimaux sur la sant\u00e9. Il est recommand\u00e9 d&rsquo;<em>utiliser Audiovico<\/em> en prenant deux g\u00e9lules par jour, de pr\u00e9f\u00e9rence \u00e0 jeun, en buvant beaucoup d&rsquo;eau. Ce <em>dosage<\/em> permet une meilleure absorption des principes actifs, ce qui favorise leur efficacit\u00e9. Il convient de pr\u00eater attention \u00e0 la <em>notice<\/em>, qui contient des informations d\u00e9taill\u00e9es sur les indications et les recommandations relatives \u00e0 la prise du compl\u00e9ment.<\/p>\n\n\n\n<p>La dose recommand\u00e9e ne doit pas \u00eatre d\u00e9pass\u00e9e, car cela pourrait avoir des effets n\u00e9fastes sur l&rsquo;organisme. Les personnes ayant des doutes devraient consulter leur m\u00e9decin avant de commencer la suppl\u00e9mentation. L&rsquo;utilisation r\u00e9guli\u00e8re du m\u00e9dicament, selon les recommandations, maximisera les propri\u00e9t\u00e9s b\u00e9n\u00e9fiques d&rsquo;Audiovico et am\u00e9liorera la <b>sant\u00e9 auditive<\/b>.<\/p>\n\n\n\n<h2 class=\"wp-block-heading\">Avis sur Audiovico &#8211; Que disent les utilisateurs dans les forums ?<\/h2>\n\n\n\n<p>Les <b>avis sur<\/b> Audiovico publi\u00e9s sur les forums en ligne font souvent \u00e9tat d&rsquo;<b>exp\u00e9riences<\/b> positives <b>de la part des utilisateurs<\/b>. Beaucoup d&rsquo;entre eux, y compris des personnes de plus de 18 ans ayant d\u00e9j\u00e0 souffert de probl\u00e8mes d&rsquo;audition ou d&rsquo;acouph\u00e8nes, ont remarqu\u00e9 une am\u00e9lioration significative de la qualit\u00e9 de l&rsquo;audition. L&rsquo;utilisation r\u00e9guli\u00e8re du compl\u00e9ment, comme le recommande le fabricant, donne des r\u00e9sultats apr\u00e8s quelques jours seulement.<\/p>\n\n\n\n<p>Gabriela, l&rsquo;une des utilisatrices d&rsquo;Audiovico, souligne que ses probl\u00e8mes d&rsquo;\u00e9coute dans la vie de tous les jours ont consid\u00e9rablement diminu\u00e9. Luke, quant \u00e0 lui, racontant son exp\u00e9rience sur le <b>forum<\/b>, mentionne le r\u00e9tablissement d&rsquo;un confort dans les situations sociales, ce qu&rsquo;il trouvait difficile auparavant. Magdalena rejoint les rangs des utilisateurs satisfaits en soulignant qu&rsquo;Audiovico lui a \u00e9galement permis d&rsquo;am\u00e9liorer la qualit\u00e9 de son sommeil.<\/p>\n\n\n\n<figure class=\"wp-block-table\"><table class=\"has-fixed-layout\"><tbody><tr><th>Utilisateur<\/th><th>Exp\u00e9rience<\/th><th>Description des effets<\/th><\/tr><tr><td>Gabriela<\/td><td>Positif<\/td><td><b>Am\u00e9lioration de la qualit\u00e9 de l&rsquo;audition<\/b>, diminution des <b>acouph\u00e8nes<\/b>.<\/td><\/tr><tr><td>Luc<\/td><td>Positif<\/td><td>Am\u00e9lioration de la communication en groupe, aisance dans les situations sociales.<\/td><\/tr><tr><td>Magdalena<\/td><td>Positif<\/td><td>Am\u00e9lioration de la qualit\u00e9 du sommeil, r\u00e9duction du bruit.<\/td><\/tr><\/tbody><\/table><\/figure>\n\n\n\n<p>En raison de l&rsquo;absence d&rsquo;effets secondaires signal\u00e9s, Audiovico a gagn\u00e9 la confiance des utilisateurs, qui soulignent sa <b>composition<\/b> naturelle et son efficacit\u00e9 dans la vie de tous les jours. De nombreuses personnes sur les forums notent que le compl\u00e9ment am\u00e9liore non seulement l&rsquo;audition, mais aussi la m\u00e9moire et la concentration, ce qui est extr\u00eamement important dans le monde d&rsquo;aujourd&rsquo;hui. Tous ces <b>avis<\/b> et <b>exp\u00e9riences d&rsquo;utilisateurs<\/b> montrent \u00e0 quel point le compl\u00e9ment peut faire la diff\u00e9rence dans leur vie quotidienne.<\/p>\n\n\n\n<h2 class=\"wp-block-heading\">Audiovico &#8211; Composition &#8211; Analyse des ingr\u00e9dients<\/h2>\n\n\n\n<p>La <b>composition d&rsquo;<\/b> Audiovico est bas\u00e9e sur des extraits naturels et des ingr\u00e9dients qui ont \u00e9t\u00e9 soigneusement s\u00e9lectionn\u00e9s pour soutenir la sant\u00e9 de l&rsquo;oreille et am\u00e9liorer la qualit\u00e9 de l&rsquo;audition. L&rsquo;extrait de feuille de ginkgo biloba est un \u00e9l\u00e9ment cl\u00e9, qui r\u00e9duirait l&rsquo;hypersensibilit\u00e9 auditive. En outre, le zinc contenu dans la formulation favorise la r\u00e9g\u00e9n\u00e9ration des cellules de l&rsquo;oreille, ce qui est important pour maintenir les performances auditives.<\/p>\n\n\n\n<p>Les vitamines B6 et B12 jouent un r\u00f4le important dans le renforcement du syst\u00e8me auditif. Elles agissent en synergie avec les autres ingr\u00e9dients, mettant en \u00e9vidence leur impact sur la qualit\u00e9 de l&rsquo;audition. De plus, l&rsquo;extrait de fleur de velours offre un <b>effet<\/b> protecteur, ce qui constitue un atout important dans l&rsquo;analyse des ingr\u00e9dients de ce compl\u00e9ment alimentaire.<\/p>\n\n\n\n<figure class=\"wp-block-table\"><table class=\"has-fixed-layout\"><tbody><tr><th>Composant<\/th><th>Action<\/th><\/tr><tr><td>Extrait de feuille de Ginkgo biloba<\/td><td>R\u00e9duction de l&rsquo;hypersensibilit\u00e9 auditive<\/td><\/tr><tr><td>Zinc<\/td><td>Favorise la r\u00e9g\u00e9n\u00e9ration des cellules de l&rsquo;oreille<\/td><\/tr><tr><td>Vitamines B6 et B12<\/td><td>Renforcer le syst\u00e8me auditif<\/td><\/tr><tr><td>Extrait de fleur de velours<\/td><td>Effet protecteur sur l&rsquo;audition<\/td><\/tr><\/tbody><\/table><\/figure>\n\n\n\n<p>L&rsquo;<b>analyse des ingr\u00e9dients d&rsquo;<\/b> Audiovico r\u00e9v\u00e8le leur <b>action<\/b> synergique, d\u00e9terminante pour l&rsquo;efficacit\u00e9 du compl\u00e9ment dans l&rsquo;am\u00e9lioration de la qualit\u00e9 de l&rsquo;audition et le maintien de la sant\u00e9 de l&rsquo;oreille. L&rsquo;utilisation r\u00e9guli\u00e8re de ces extraits peut contribuer \u00e0 r\u00e9duire les acouph\u00e8nes et \u00e0 am\u00e9liorer les performances globales du syst\u00e8me auditif.<\/p>\n\n\n\n<h2 class=\"wp-block-heading\">O\u00f9 acheter et quel est le prix d&rsquo;Audiovico ?<\/h2>\n\n\n\n<p>Lorsque vous achetez Audiovico directement sur le site du fabricant, vous avez acc\u00e8s \u00e0 un service client\u00e8le professionnel, qui se fera un plaisir de r\u00e9pondre \u00e0 toutes vos questions concernant votre commande, l&rsquo;utilisation du produit ou les promotions en cours. C&rsquo;est un avantage important, car de nombreuses personnes ont des doutes sur la composition, le dosage ou les effets de l&rsquo;utilisation, et le fait de contacter le fabricant vous permet d&rsquo;obtenir des informations fiables. Contrairement aux achats effectu\u00e9s sur des boutiques en ligne al\u00e9atoires, vous avez ici l&rsquo;assurance de b\u00e9n\u00e9ficier d&rsquo;une assistance compl\u00e8te \u00e0 chaque \u00e9tape de votre achat.<\/p>\n\n\n\n<h2 class=\"wp-block-heading\">Audiovico &#8211; Effets secondaires et contre-indications &#8211; Est-ce s\u00fbr ?<\/h2>\n\n\n\n<p>Audiovico est g\u00e9n\u00e9ralement consid\u00e9r\u00e9 comme un compl\u00e9ment alimentaire s\u00fbr. Cependant, comme tout produit, il peut provoquer certains <b>effets secondaires<\/b>. Les utilisateurs, en particulier ceux qui sont sensibles aux ingr\u00e9dients, peuvent pr\u00e9senter de l\u00e9g\u00e8res r\u00e9actions allergiques telles que des \u00e9ruptions cutan\u00e9es ou des maux d&rsquo;estomac. Il convient de noter que ces effets sont rares et qu&rsquo;ils tendent \u00e0 dispara\u00eetre apr\u00e8s l&rsquo;arr\u00eat de la prise du produit.<\/p>\n\n\n\n<p>Les <b>contre-indications<\/b> \u00e0 l&rsquo;utilisation d&rsquo;Audiovico ne sont pas non plus n\u00e9gligeables. Les personnes allergiques \u00e0 l&rsquo;un des ingr\u00e9dients du compl\u00e9ment, les femmes enceintes et allaitantes, ainsi que les personnes souffrant de maladies chroniques, devraient \u00e9viter de l&rsquo;utiliser sans avoir pr\u00e9alablement consult\u00e9 un m\u00e9decin. C&rsquo;est la seule fa\u00e7on d&rsquo;\u00e9valuer les risques et les avantages potentiels de la suppl\u00e9mentation.<\/p>\n\n\n\n<p>En termes de s\u00e9curit\u00e9, Audiovico se distingue par sa <b>composition<\/b> naturelle, qui minimise le risque d&rsquo;effets secondaires. Le produit ne contient aucun additif artificiel ou chimique, ce qui en fait un choix appropri\u00e9 pour ceux qui cherchent \u00e0 soutenir la sant\u00e9 auditive d&rsquo;une mani\u00e8re s\u00fbre et efficace. Toutefois, il est recommand\u00e9 \u00e0 chaque personne de consulter un sp\u00e9cialiste avant de commencer la suppl\u00e9mentation afin d&rsquo;ajuster la dose appropri\u00e9e \u00e0 ses besoins individuels.<\/p>\n","protected":false},"excerpt":{"rendered":"<p><strong>[date_countdown]<\/strong><\/p>\n<p><img decoding=\"async\" class=\"alignnone  wp-image-8427\" src=\"https:\/\/pharmacie-progres-cannes.fr\/pharmacie\/wp-content\/uploads\/2024\/10\/SAFE-PAY-300x88-1.png\" alt=\"SAFE-PAY-300x88\" width=\"164\" height=\"48\" \/><\/p>\n","protected":false},"featured_media":3908,"comment_status":"open","ping_status":"closed","template":"","meta":{"neve_meta_sidebar":"","neve_meta_container":"","neve_meta_enable_content_width":"","neve_meta_content_width":0,"neve_meta_title_alignment":"","neve_meta_author_avatar":"","neve_post_elements_order":"","neve_meta_disable_header":"","neve_meta_disable_footer":"","neve_meta_disable_title":"","neve_meta_reading_time":""},"product_brand":[],"product_cat":[18],"product_tag":[],"class_list":{"0":"post-4481","1":"product","2":"type-product","3":"status-publish","4":"has-post-thumbnail","6":"product_cat-sante","8":"first","9":"instock","10":"sale","11":"shipping-taxable","12":"product-type-external"},"yoast_head":"<!-- This site is optimized with the Yoast SEO plugin v27.3 - https:\/\/yoast.com\/product\/yoast-seo-wordpress\/ -->\n<title>Audiovico - Avis, Forum, Pharmacie, Effets, Prix -50% | Pharmacie-Progres-Pannes<\/title>\n<meta name=\"robots\" content=\"index, follow, max-snippet:-1, max-image-preview:large, max-video-preview:-1\" \/>\n<link rel=\"canonical\" href=\"https:\/\/pharmacie-progres-cannes.fr\/pharmacie\/supp\/audiovico\/\" \/>\n<meta property=\"og:locale\" content=\"fr_FR\" \/>\n<meta property=\"og:type\" content=\"article\" \/>\n<meta property=\"og:title\" content=\"Audiovico - Avis, Forum, Pharmacie, Effets, Prix -50% | Pharmacie-Progres-Pannes\" \/>\n<meta property=\"og:url\" content=\"https:\/\/pharmacie-progres-cannes.fr\/pharmacie\/supp\/audiovico\/\" \/>\n<meta property=\"og:site_name\" content=\"Pharmacie-Progres-Pannes\" \/>\n<meta property=\"article:modified_time\" content=\"2025-03-09T11:28:25+00:00\" \/>\n<meta property=\"og:image\" content=\"https:\/\/pharmacie-progres-cannes.fr\/pharmacie\/wp-content\/uploads\/2024\/10\/Audiovico.jpg\" \/>\n\t<meta property=\"og:image:width\" content=\"768\" \/>\n\t<meta property=\"og:image:height\" content=\"768\" \/>\n\t<meta property=\"og:image:type\" content=\"image\/jpeg\" \/>\n<meta name=\"twitter:card\" content=\"summary_large_image\" \/>\n<meta name=\"twitter:description\" content=\"[date_countdown]\" \/>\n<meta name=\"twitter:label1\" content=\"Dur\u00e9e de lecture estim\u00e9e\" \/>\n\t<meta name=\"twitter:data1\" content=\"7 minutes\" \/>\n<script type=\"application\/ld+json\" class=\"yoast-schema-graph\">{\"@context\":\"https:\\\/\\\/schema.org\",\"@graph\":[{\"@type\":\"WebPage\",\"@id\":\"https:\\\/\\\/pharmacie-progres-cannes.fr\\\/pharmacie\\\/supp\\\/audiovico\\\/\",\"url\":\"https:\\\/\\\/pharmacie-progres-cannes.fr\\\/pharmacie\\\/supp\\\/audiovico\\\/\",\"name\":\"Audiovico - Avis, Forum, Pharmacie, Effets, Prix -50% | Pharmacie-Progres-Pannes\",\"isPartOf\":{\"@id\":\"https:\\\/\\\/pharmacie-progres-cannes.fr\\\/pharmacie\\\/#website\"},\"primaryImageOfPage\":{\"@id\":\"https:\\\/\\\/pharmacie-progres-cannes.fr\\\/pharmacie\\\/supp\\\/audiovico\\\/#primaryimage\"},\"image\":{\"@id\":\"https:\\\/\\\/pharmacie-progres-cannes.fr\\\/pharmacie\\\/supp\\\/audiovico\\\/#primaryimage\"},\"thumbnailUrl\":\"https:\\\/\\\/pharmacie-progres-cannes.fr\\\/pharmacie\\\/wp-content\\\/uploads\\\/2024\\\/10\\\/Audiovico.jpg\",\"datePublished\":\"2024-10-18T19:46:05+00:00\",\"dateModified\":\"2025-03-09T11:28:25+00:00\",\"breadcrumb\":{\"@id\":\"https:\\\/\\\/pharmacie-progres-cannes.fr\\\/pharmacie\\\/supp\\\/audiovico\\\/#breadcrumb\"},\"inLanguage\":\"fr-FR\",\"potentialAction\":[{\"@type\":\"ReadAction\",\"target\":[\"https:\\\/\\\/pharmacie-progres-cannes.fr\\\/pharmacie\\\/supp\\\/audiovico\\\/\"]}]},{\"@type\":\"ImageObject\",\"inLanguage\":\"fr-FR\",\"@id\":\"https:\\\/\\\/pharmacie-progres-cannes.fr\\\/pharmacie\\\/supp\\\/audiovico\\\/#primaryimage\",\"url\":\"https:\\\/\\\/pharmacie-progres-cannes.fr\\\/pharmacie\\\/wp-content\\\/uploads\\\/2024\\\/10\\\/Audiovico.jpg\",\"contentUrl\":\"https:\\\/\\\/pharmacie-progres-cannes.fr\\\/pharmacie\\\/wp-content\\\/uploads\\\/2024\\\/10\\\/Audiovico.jpg\",\"width\":768,\"height\":768},{\"@type\":\"BreadcrumbList\",\"@id\":\"https:\\\/\\\/pharmacie-progres-cannes.fr\\\/pharmacie\\\/supp\\\/audiovico\\\/#breadcrumb\",\"itemListElement\":[{\"@type\":\"ListItem\",\"position\":1,\"name\":\"Strona g\u0142\u00f3wna\",\"item\":\"https:\\\/\\\/pharmacie-progres-cannes.fr\\\/pharmacie\\\/\"},{\"@type\":\"ListItem\",\"position\":2,\"name\":\"farmaci\",\"item\":\"https:\\\/\\\/pharmacie-progres-cannes.fr\\\/pharmacie\\\/\"},{\"@type\":\"ListItem\",\"position\":3,\"name\":\"Audiovico\"}]},{\"@type\":\"WebSite\",\"@id\":\"https:\\\/\\\/pharmacie-progres-cannes.fr\\\/pharmacie\\\/#website\",\"url\":\"https:\\\/\\\/pharmacie-progres-cannes.fr\\\/pharmacie\\\/\",\"name\":\"Pharmacie-Progres-Pannes\",\"description\":\"\",\"potentialAction\":[{\"@type\":\"SearchAction\",\"target\":{\"@type\":\"EntryPoint\",\"urlTemplate\":\"https:\\\/\\\/pharmacie-progres-cannes.fr\\\/pharmacie\\\/?s={search_term_string}\"},\"query-input\":{\"@type\":\"PropertyValueSpecification\",\"valueRequired\":true,\"valueName\":\"search_term_string\"}}],\"inLanguage\":\"fr-FR\"}]}<\/script>\n<!-- \/ Yoast SEO plugin. -->","yoast_head_json":{"title":"Audiovico - Avis, Forum, Pharmacie, Effets, Prix -50% | Pharmacie-Progres-Pannes","robots":{"index":"index","follow":"follow","max-snippet":"max-snippet:-1","max-image-preview":"max-image-preview:large","max-video-preview":"max-video-preview:-1"},"canonical":"https:\/\/pharmacie-progres-cannes.fr\/pharmacie\/supp\/audiovico\/","og_locale":"fr_FR","og_type":"article","og_title":"Audiovico - Avis, Forum, Pharmacie, Effets, Prix -50% | Pharmacie-Progres-Pannes","og_url":"https:\/\/pharmacie-progres-cannes.fr\/pharmacie\/supp\/audiovico\/","og_site_name":"Pharmacie-Progres-Pannes","article_modified_time":"2025-03-09T11:28:25+00:00","og_image":[{"width":768,"height":768,"url":"https:\/\/pharmacie-progres-cannes.fr\/pharmacie\/wp-content\/uploads\/2024\/10\/Audiovico.jpg","type":"image\/jpeg"}],"twitter_card":"summary_large_image","twitter_description":"[date_countdown]","twitter_misc":{"Dur\u00e9e de lecture estim\u00e9e":"7 minutes"},"schema":{"@context":"https:\/\/schema.org","@graph":[{"@type":"WebPage","@id":"https:\/\/pharmacie-progres-cannes.fr\/pharmacie\/supp\/audiovico\/","url":"https:\/\/pharmacie-progres-cannes.fr\/pharmacie\/supp\/audiovico\/","name":"Audiovico - Avis, Forum, Pharmacie, Effets, Prix -50% | Pharmacie-Progres-Pannes","isPartOf":{"@id":"https:\/\/pharmacie-progres-cannes.fr\/pharmacie\/#website"},"primaryImageOfPage":{"@id":"https:\/\/pharmacie-progres-cannes.fr\/pharmacie\/supp\/audiovico\/#primaryimage"},"image":{"@id":"https:\/\/pharmacie-progres-cannes.fr\/pharmacie\/supp\/audiovico\/#primaryimage"},"thumbnailUrl":"https:\/\/pharmacie-progres-cannes.fr\/pharmacie\/wp-content\/uploads\/2024\/10\/Audiovico.jpg","datePublished":"2024-10-18T19:46:05+00:00","dateModified":"2025-03-09T11:28:25+00:00","breadcrumb":{"@id":"https:\/\/pharmacie-progres-cannes.fr\/pharmacie\/supp\/audiovico\/#breadcrumb"},"inLanguage":"fr-FR","potentialAction":[{"@type":"ReadAction","target":["https:\/\/pharmacie-progres-cannes.fr\/pharmacie\/supp\/audiovico\/"]}]},{"@type":"ImageObject","inLanguage":"fr-FR","@id":"https:\/\/pharmacie-progres-cannes.fr\/pharmacie\/supp\/audiovico\/#primaryimage","url":"https:\/\/pharmacie-progres-cannes.fr\/pharmacie\/wp-content\/uploads\/2024\/10\/Audiovico.jpg","contentUrl":"https:\/\/pharmacie-progres-cannes.fr\/pharmacie\/wp-content\/uploads\/2024\/10\/Audiovico.jpg","width":768,"height":768},{"@type":"BreadcrumbList","@id":"https:\/\/pharmacie-progres-cannes.fr\/pharmacie\/supp\/audiovico\/#breadcrumb","itemListElement":[{"@type":"ListItem","position":1,"name":"Strona g\u0142\u00f3wna","item":"https:\/\/pharmacie-progres-cannes.fr\/pharmacie\/"},{"@type":"ListItem","position":2,"name":"farmaci","item":"https:\/\/pharmacie-progres-cannes.fr\/pharmacie\/"},{"@type":"ListItem","position":3,"name":"Audiovico"}]},{"@type":"WebSite","@id":"https:\/\/pharmacie-progres-cannes.fr\/pharmacie\/#website","url":"https:\/\/pharmacie-progres-cannes.fr\/pharmacie\/","name":"Pharmacie-Progres-Pannes","description":"","potentialAction":[{"@type":"SearchAction","target":{"@type":"EntryPoint","urlTemplate":"https:\/\/pharmacie-progres-cannes.fr\/pharmacie\/?s={search_term_string}"},"query-input":{"@type":"PropertyValueSpecification","valueRequired":true,"valueName":"search_term_string"}}],"inLanguage":"fr-FR"}]}},"_links":{"self":[{"href":"https:\/\/pharmacie-progres-cannes.fr\/pharmacie\/wp-json\/wp\/v2\/product\/4481","targetHints":{"allow":["GET"]}}],"collection":[{"href":"https:\/\/pharmacie-progres-cannes.fr\/pharmacie\/wp-json\/wp\/v2\/product"}],"about":[{"href":"https:\/\/pharmacie-progres-cannes.fr\/pharmacie\/wp-json\/wp\/v2\/types\/product"}],"replies":[{"embeddable":true,"href":"https:\/\/pharmacie-progres-cannes.fr\/pharmacie\/wp-json\/wp\/v2\/comments?post=4481"}],"wp:featuredmedia":[{"embeddable":true,"href":"https:\/\/pharmacie-progres-cannes.fr\/pharmacie\/wp-json\/wp\/v2\/media\/3908"}],"wp:attachment":[{"href":"https:\/\/pharmacie-progres-cannes.fr\/pharmacie\/wp-json\/wp\/v2\/media?parent=4481"}],"wp:term":[{"taxonomy":"product_brand","embeddable":true,"href":"https:\/\/pharmacie-progres-cannes.fr\/pharmacie\/wp-json\/wp\/v2\/product_brand?post=4481"},{"taxonomy":"product_cat","embeddable":true,"href":"https:\/\/pharmacie-progres-cannes.fr\/pharmacie\/wp-json\/wp\/v2\/product_cat?post=4481"},{"taxonomy":"product_tag","embeddable":true,"href":"https:\/\/pharmacie-progres-cannes.fr\/pharmacie\/wp-json\/wp\/v2\/product_tag?post=4481"}],"curies":[{"name":"wp","href":"https:\/\/api.w.org\/{rel}","templated":true}]}}