{"id":4480,"date":"2024-10-18T19:46:05","date_gmt":"2024-10-18T19:46:05","guid":{"rendered":"https:\/\/chirurgie-orthopedie-vannes.fr\/pharmacie\/?post_type=product&#038;p=4480"},"modified":"2025-03-09T11:22:37","modified_gmt":"2025-03-09T11:22:37","slug":"xtrasize","status":"publish","type":"product","link":"https:\/\/pharmacie-progres-cannes.fr\/pharmacie\/supp\/xtrasize\/","title":{"rendered":"Xtrasize"},"content":{"rendered":"\n<h2 class=\"wp-block-heading\">Qu&rsquo;est-ce que Xtrasize et comment fonctionne-t-il ?<\/h2>\n\n\n\n<p><b>La formule \u00e9prouv\u00e9e de<\/b><b>Xtrasize<\/b> est bas\u00e9e sur une combinaison d&rsquo;ingr\u00e9dients naturels tels que des herbes et des min\u00e9raux qui ont un effet b\u00e9n\u00e9fique sur la libido et la performance sexuelle globale.<\/p>\n\n\n\n<p>L&rsquo;utilisation r\u00e9guli\u00e8re de ce compl\u00e9ment alimentaire peut produire des r\u00e9sultats notables en peu de temps. Les r\u00e9sultats de ces \u00e9tudes sugg\u00e8rent que de nombreux hommes rapportent une augmentation marqu\u00e9e de la longueur sur une p\u00e9riode de 2 \u00e0 3 mois d&rsquo;utilisation. Les ingr\u00e9dients actifs de Xtrasize agissent en synergie, ce qui favorise non seulement l&rsquo;augmentation de la taille, mais aussi l&rsquo;am\u00e9lioration du confort des rapports sexuels. Les \u00e9tudes confirment son <b>innocuit\u00e9<\/b> et l&rsquo;absence d&rsquo;effets secondaires significatifs, ce qui fait de Xtrasize un choix int\u00e9ressant dans la cat\u00e9gorie des compl\u00e9ments alimentaires pour <b>l&rsquo;agrandissement du p\u00e9nis<\/b>.<\/p>\n\n\n\n<h2 class=\"wp-block-heading\">Xtrasize &#8211; effets<\/h2>\n\n\n\n<p>Les effets d&rsquo;Xtrasize sont perceptibles apr\u00e8s quelques semaines d&rsquo;utilisation r\u00e9guli\u00e8re. Les utilisateurs font \u00e9tat d&rsquo;<em>un \u00e9largissement du p\u00e9nis<\/em>, qui n&rsquo;est pas seulement li\u00e9 \u00e0 une am\u00e9lioration de l&rsquo;irrigation sanguine des tissus, mais aussi de leur \u00e9lasticit\u00e9. Les rapports indiquent qu&rsquo;apr\u00e8s deux mois d&rsquo;utilisation du compl\u00e9ment, il est possible d&rsquo;augmenter la longueur du p\u00e9nis jusqu&rsquo;\u00e0 2 cm. Apr\u00e8s six mois d&rsquo;utilisation, certains ont rapport\u00e9 une augmentation de 7,5 cm, confirmant <b>les effets d&rsquo;Xtrasize<\/b> comme une option attrayante pour les hommes qui cherchent \u00e0 am\u00e9liorer leur vie intime.<\/p>\n\n\n\n<p>Outre l&rsquo;<em>\u00e9largissement du p\u00e9nis<\/em>, le compl\u00e9ment favorise \u00e9galement l&rsquo;<em>am\u00e9lioration de la libido<\/em>. Les utilisateurs de Xtrasize \u00e9prouvent des sensations plus intenses pendant les rapports sexuels, ce qui se traduit par une plus grande satisfaction sexuelle. De nombreuses relations indiquent une augmentation de la confiance en soi et une am\u00e9lioration g\u00e9n\u00e9rale de la qualit\u00e9 de la vie intime. Bien que les effets puissent varier en fonction des caract\u00e9ristiques corporelles individuelles, la grande majorit\u00e9 des utilisateurs signalent des changements positifs.<\/p>\n\n\n\n<figure class=\"wp-block-table\"><table class=\"has-fixed-layout\"><tbody><tr><th>P\u00e9riode d&rsquo;application<\/th><th>Agrandissement potentiel du p\u00e9nis<\/th><th>Am\u00e9lioration de la libido<\/th><th>Satisfaction des utilisateurs<\/th><\/tr><tr><td>2 mois<\/td><td>jusqu&rsquo;\u00e0 2 cm<\/td><td>Une nette am\u00e9lioration<\/td><td>Haut<\/td><\/tr><tr><td>6 mois<\/td><td>jusqu&rsquo;\u00e0 7,5 cm<\/td><td>Sensations intenses<\/td><td>Tr\u00e8s \u00e9lev\u00e9<\/td><\/tr><\/tbody><\/table><\/figure>\n\n\n\n<p>L&rsquo;approche de l&rsquo;utilisation de <b>Xtrasize<\/b> montre que <b>les effets de Xtrasize<\/b> sont vari\u00e9s, ce qui devrait intriguer les hommes qui cherchent \u00e0 am\u00e9liorer leur sant\u00e9 sexuelle et leur satisfaction globale lors des rapports sexuels. Il convient de noter que 99 % des avis sur l&rsquo;ingr\u00e9dient racine de maca confirment ses effets positifs sur les niveaux de testost\u00e9rone, qui jouent \u00e9galement un r\u00f4le important dans les aspects de la puissance masculine.<\/p>\n\n\n\n<h2 class=\"wp-block-heading\">Comment utiliser Xtrasize ? &#8211; Dosage<\/h2>\n\n\n\n<p>Afin de b\u00e9n\u00e9ficier efficacement des propri\u00e9t\u00e9s d&rsquo;Xtrasize, il est important de suivre l&rsquo;utilisation d&rsquo;Xtrasize telle qu&rsquo;elle est recommand\u00e9e par le fabricant. Le <b>dosage<\/b> est essentiel pour obtenir les effets d\u00e9sir\u00e9s. Le fabricant recommande de prendre une g\u00e9lule par jour, en conseillant de boire beaucoup d&rsquo;eau, de pr\u00e9f\u00e9rence apr\u00e8s le petit-d\u00e9jeuner.<\/p>\n\n\n\n<p>Il est important d&rsquo;utiliser Xtrasize r\u00e9guli\u00e8rement. Il est recommand\u00e9 de prendre le compl\u00e9ment quotidiennement pour maximiser ses effets. Ne d\u00e9passez pas la dose recommand\u00e9e afin d&rsquo;\u00e9viter d&rsquo;\u00e9ventuels effets secondaires qui pourraient affecter votre sant\u00e9.<\/p>\n\n\n\n<p>Il convient de rappeler que pour optimiser les effets, il est \u00e9galement utile de veiller \u00e0 une alimentation \u00e9quilibr\u00e9e et \u00e0 un mode de vie sain. Ces \u00e9l\u00e9ments soutiennent non seulement le processus de dosage, mais peuvent \u00e9galement renforcer les effets du suppl\u00e9ment. Le <b>mode d&#8217;emploi<\/b> recommand\u00e9 comprend non seulement la prise r\u00e9guli\u00e8re des g\u00e9lules, mais aussi le fait de prendre soin de son \u00e9tat de sant\u00e9 g\u00e9n\u00e9ral, ce qui influencera certainement le r\u00e9sultat final.<\/p>\n\n\n\n<h2 class=\"wp-block-heading\">Xtrasize &#8211; Avis des utilisateurs, forum &#8211; Que disent les utilisateurs ?<\/h2>\n\n\n\n<p><b>Les commentaires sur Xtrasize<\/b> jouent un r\u00f4le important dans l&rsquo;\u00e9valuation de l&rsquo;efficacit\u00e9 du compl\u00e9ment. Sur les forums en ligne, les hommes sont impatients de partager leurs exp\u00e9riences sur la fa\u00e7on dont Xtrasize affecte leur vie. De nombreux avis d&rsquo;utilisateurs font \u00e9tat de changements positifs apr\u00e8s l&rsquo;utilisation du produit.<\/p>\n\n\n\n<ul class=\"wp-block-list\">\n<li><blockquote><p>\u00ab\u00a0Marek : Apr\u00e8s un mois d&rsquo;utilisation de Xtrasize, j&rsquo;ai remarqu\u00e9 une am\u00e9lioration significative non seulement de mes performances sexuelles mais aussi de ma confiance en moi. Je le recommande sans h\u00e9siter !\u00a0\u00bb<\/p><\/blockquote><\/li>\n\n\n\n<li><blockquote><p>\u00ab\u00a0Thomas : J&rsquo;\u00e9tais inquiet des effets, mais Xtrasize m&rsquo;a surpris positivement. Les \u00e9rections sont plus fortes et la taille du p\u00e9nis a augment\u00e9 !\u00a0\u00bb<\/p><\/blockquote><\/li>\n\n\n\n<li><blockquote><p>\u00ab\u00a0Peter : Apr\u00e8s avoir longtemps lutt\u00e9 contre un complexe, Xtrasize m&rsquo;a aid\u00e9 \u00e0 le surmonter. Je me sens mieux que jamais !<\/p><\/blockquote><\/li>\n<\/ul>\n\n\n\n<p>Gr\u00e2ce \u00e0 ces d\u00e9clarations, Xtrasize gagne en popularit\u00e9 aupr\u00e8s des hommes qui recherchent un soutien dans ce domaine sensible. Les utilisateurs du <b>forum<\/b> soulignent que l&rsquo;utilisation r\u00e9guli\u00e8re du compl\u00e9ment peut produire les r\u00e9sultats escompt\u00e9s. De nombreux utilisateurs d\u00e9clarent ressentir une augmentation de l&rsquo;\u00e9nergie et de l&rsquo;endurance, ce qui est \u00e9troitement li\u00e9 aux ingr\u00e9dients naturels contenus dans les g\u00e9lules.<\/p>\n\n\n\n<p><b>Les avis sur Xtrasize<\/b> montrent un effet cumulatif, avec des r\u00e9sultats visibles apr\u00e8s un mois d&rsquo;utilisation r\u00e9guli\u00e8re. L&rsquo;augmentation potentielle de la confiance en soi et l&rsquo;impact positif sur la vie intime sont particuli\u00e8rement appr\u00e9ci\u00e9s par les utilisateurs, comme le confirment leurs d\u00e9clarations sur les forums.<\/p>\n\n\n\n<h2 class=\"wp-block-heading\">Xtrasize &#8211; Composition<\/h2>\n\n\n\n<p><b>La composition de Xtrasize<\/b> est bas\u00e9e sur des ingr\u00e9dients naturels d&rsquo;origine v\u00e9g\u00e9tale qui soutiennent la masculinit\u00e9 et am\u00e9liorent les performances sexuelles. L <b>&lsquo;effet des ingr\u00e9dients<\/b> a \u00e9t\u00e9 confirm\u00e9 par des \u00e9tudes, ce qui fait de ce compl\u00e9ment une solution attrayante pour les hommes qui recherchent un soutien dans ce domaine.<\/p>\n\n\n\n<p>Parmi les ingr\u00e9dients naturels, on trouve<\/p>\n\n\n\n<ul class=\"wp-block-list\">\n<li><em>Extrait de racine de maca<\/em>: am\u00e9liore la libido et fournit de l&rsquo;\u00e9nergie.<\/li>\n\n\n\n<li><em>Ginseng<\/em>: connu pour ses propri\u00e9t\u00e9s favorisant l&rsquo;\u00e9rection.<\/li>\n\n\n\n<li><em>L-arginine<\/em>: contribue \u00e0 am\u00e9liorer la circulation sanguine.<\/li>\n\n\n\n<li><em>Vitamine E et antioxydants<\/em>: soutiennent la sant\u00e9 sexuelle.<\/li>\n<\/ul>\n\n\n\n<p>Tous ces ingr\u00e9dients ont un effet synergique qui se traduit par des effets positifs du suppl\u00e9ment Xtrasize. Chaque g\u00e9lule contient un m\u00e9lange soigneusement s\u00e9lectionn\u00e9 pour assurer un soutien optimal \u00e0 l&rsquo;organisme.<\/p>\n\n\n\n<figure class=\"wp-block-table\"><table class=\"has-fixed-layout\"><tbody><tr><th>Composant<\/th><th>Quantit\u00e9 par portion<\/th><th>Fonctionnement des ingr\u00e9dients<\/th><\/tr><tr><td>Extrait de racine de maca<\/td><td>60 mg<\/td><td>Am\u00e9liore la libido et l&rsquo;\u00e9nergie<\/td><\/tr><tr><td>Extrait de racine de ginseng<\/td><td>60 mg<\/td><td>Soutien \u00e0 l&rsquo;\u00e9rection<\/td><\/tr><tr><td>L-arginine<\/td><td>49,50 mg<\/td><td>Am\u00e9liore la circulation sanguine<\/td><\/tr><tr><td>Fruit du macis en poudre<\/td><td>130 mg<\/td><td>Soutenir la masculinit\u00e9<\/td><\/tr><tr><td>Extrait de fruit de palmier sabal<\/td><td>21,25 mg<\/td><td>Soutien hormonal<\/td><\/tr><tr><td>Poudre de racine de colchique<\/td><td>12,50 mg<\/td><td>Am\u00e9liore la libido<\/td><\/tr><tr><td>Poudre de graines de courge musqu\u00e9e<\/td><td>10 mg<\/td><td>Nutrition et soutien sexuel<\/td><\/tr><tr><td>Extrait de feuille d&rsquo;ortie<\/td><td>9,375 mg<\/td><td>Action stimulante<\/td><\/tr><\/tbody><\/table><\/figure>\n\n\n\n<p>Le suppl\u00e9ment Xtrasize, avec ses ingr\u00e9dients naturels soigneusement s\u00e9lectionn\u00e9s, est un bon choix pour les hommes qui souhaitent am\u00e9liorer leur vie sexuelle et augmenter leur confiance en eux. L&rsquo;utilisation r\u00e9guli\u00e8re du produit apporte des b\u00e9n\u00e9fices notables.<\/p>\n\n\n\n<h2 class=\"wp-block-heading\">O\u00f9 acheter et combien co\u00fbte Xtrasize &#8211; prix<\/h2>\n\n\n\n<p>Xtrasize n&rsquo;est pas disponible dans les pharmacies ou les papeteries, ce qui signifie que vous ne pouvez l&rsquo;acheter que sur le site web du fabricant. Vous avez ainsi la garantie d&rsquo;obtenir le produit original et vous pouvez profiter de nombreuses promotions. En consultant r\u00e9guli\u00e8rement le site, vous pourrez faire de bonnes affaires, notamment des remises en pourcentage, des remises group\u00e9es et des cadeaux.<\/p>\n\n\n\n<h2 class=\"wp-block-heading\">Xtrasize &#8211; Effets secondaires et contre-indications &#8211; S\u00e9curit\u00e9 d&#8217;emploi<\/h2>\n\n\n\n<p>Xtrasize est consid\u00e9r\u00e9 comme un <b>compl\u00e9ment alimentaire<\/b> s\u00fbr pour le soutien de la puissance. Cependant, comme tout produit, il peut provoquer des effets secondaires chez certains utilisateurs. Les effets secondaires signal\u00e9s comprennent, entre autres, de l\u00e9gers maux de t\u00eate et des probl\u00e8mes d&rsquo;estomac. Il est important que les personnes hypersensibles \u00e0 l&rsquo;un des ingr\u00e9dients \u00e9vitent d&rsquo;utiliser Xtrasize afin de minimiser le risque d&rsquo;effets ind\u00e9sirables.<\/p>\n\n\n\n<p>Avant de commencer la suppl\u00e9mentation en Xtrasize, il est conseill\u00e9 de consulter votre m\u00e9decin, en particulier pour les personnes ayant des probl\u00e8mes de sant\u00e9 existants qui peuvent entra\u00eener des contre-indications. La <b>s\u00e9curit\u00e9 d&rsquo;<\/b> utilisation est une priorit\u00e9 et il est essentiel de suivre les recommandations du fabricant. L&rsquo;utilisation responsable de ce suppl\u00e9ment peut contribuer \u00e0 \u00e9viter des probl\u00e8mes de sant\u00e9.<\/p>\n\n\n\n<p>Il convient \u00e9galement de noter que <b>les ingr\u00e9dients naturels<\/b> contenus dans Xtrasize peuvent ne pas \u00eatre suffisants pour tout le monde. Les personnes souffrant de probl\u00e8mes d&rsquo;\u00e9rection plus graves devraient envisager d&rsquo;autres m\u00e9thodes th\u00e9rapeutiques, telles que la consultation d&rsquo;un urologue. 90 % des m\u00e9decins estiment qu&rsquo;il est plus utile de s&rsquo;adresser \u00e0 un sp\u00e9cialiste que de compter uniquement sur les compl\u00e9ments alimentaires pour r\u00e9soudre les probl\u00e8mes d&rsquo;\u00e9rection.<\/p>\n","protected":false},"excerpt":{"rendered":"<p><strong>[date_countdown]<\/strong><\/p>\n<p><img decoding=\"async\" class=\"alignnone  wp-image-8427\" src=\"https:\/\/pharmacie-progres-cannes.fr\/pharmacie\/wp-content\/uploads\/2024\/10\/SAFE-PAY-300x88-1.png\" alt=\"SAFE-PAY-300x88\" width=\"164\" height=\"48\" \/><\/p>\n","protected":false},"featured_media":3907,"comment_status":"open","ping_status":"closed","template":"","meta":{"neve_meta_sidebar":"","neve_meta_container":"","neve_meta_enable_content_width":"","neve_meta_content_width":0,"neve_meta_title_alignment":"","neve_meta_author_avatar":"","neve_post_elements_order":"","neve_meta_disable_header":"","neve_meta_disable_footer":"","neve_meta_disable_title":"","neve_meta_reading_time":""},"product_brand":[],"product_cat":[16],"product_tag":[],"class_list":{"0":"post-4480","1":"product","2":"type-product","3":"status-publish","4":"has-post-thumbnail","6":"product_cat-sante-sexuelle","8":"first","9":"instock","10":"sale","11":"shipping-taxable","12":"product-type-external"},"yoast_head":"<!-- This site is optimized with the Yoast SEO plugin v27.3 - https:\/\/yoast.com\/product\/yoast-seo-wordpress\/ -->\n<title>Xtrasize - Avis, Forum, Pharmacie, Effets, Prix -50% | Pharmacie-Progres-Pannes<\/title>\n<meta name=\"robots\" content=\"index, follow, max-snippet:-1, max-image-preview:large, max-video-preview:-1\" \/>\n<link rel=\"canonical\" href=\"https:\/\/pharmacie-progres-cannes.fr\/pharmacie\/supp\/xtrasize\/\" \/>\n<meta property=\"og:locale\" content=\"fr_FR\" \/>\n<meta property=\"og:type\" content=\"article\" \/>\n<meta property=\"og:title\" content=\"Xtrasize - Avis, Forum, Pharmacie, Effets, Prix -50% | Pharmacie-Progres-Pannes\" \/>\n<meta property=\"og:url\" content=\"https:\/\/pharmacie-progres-cannes.fr\/pharmacie\/supp\/xtrasize\/\" \/>\n<meta property=\"og:site_name\" content=\"Pharmacie-Progres-Pannes\" \/>\n<meta property=\"article:modified_time\" content=\"2025-03-09T11:22:37+00:00\" \/>\n<meta property=\"og:image\" content=\"https:\/\/pharmacie-progres-cannes.fr\/pharmacie\/wp-content\/uploads\/2024\/10\/Xtrasize.jpg\" \/>\n\t<meta property=\"og:image:width\" content=\"768\" \/>\n\t<meta property=\"og:image:height\" content=\"768\" \/>\n\t<meta property=\"og:image:type\" content=\"image\/jpeg\" \/>\n<meta name=\"twitter:card\" content=\"summary_large_image\" \/>\n<meta name=\"twitter:description\" content=\"[date_countdown]\" \/>\n<meta name=\"twitter:label1\" content=\"Dur\u00e9e de lecture estim\u00e9e\" \/>\n\t<meta name=\"twitter:data1\" content=\"1 minute\" \/>\n<script type=\"application\/ld+json\" class=\"yoast-schema-graph\">{\"@context\":\"https:\\\/\\\/schema.org\",\"@graph\":[{\"@type\":\"WebPage\",\"@id\":\"https:\\\/\\\/pharmacie-progres-cannes.fr\\\/pharmacie\\\/supp\\\/xtrasize\\\/\",\"url\":\"https:\\\/\\\/pharmacie-progres-cannes.fr\\\/pharmacie\\\/supp\\\/xtrasize\\\/\",\"name\":\"Xtrasize - Avis, Forum, Pharmacie, Effets, Prix -50% | Pharmacie-Progres-Pannes\",\"isPartOf\":{\"@id\":\"https:\\\/\\\/pharmacie-progres-cannes.fr\\\/pharmacie\\\/#website\"},\"primaryImageOfPage\":{\"@id\":\"https:\\\/\\\/pharmacie-progres-cannes.fr\\\/pharmacie\\\/supp\\\/xtrasize\\\/#primaryimage\"},\"image\":{\"@id\":\"https:\\\/\\\/pharmacie-progres-cannes.fr\\\/pharmacie\\\/supp\\\/xtrasize\\\/#primaryimage\"},\"thumbnailUrl\":\"https:\\\/\\\/pharmacie-progres-cannes.fr\\\/pharmacie\\\/wp-content\\\/uploads\\\/2024\\\/10\\\/Xtrasize.jpg\",\"datePublished\":\"2024-10-18T19:46:05+00:00\",\"dateModified\":\"2025-03-09T11:22:37+00:00\",\"breadcrumb\":{\"@id\":\"https:\\\/\\\/pharmacie-progres-cannes.fr\\\/pharmacie\\\/supp\\\/xtrasize\\\/#breadcrumb\"},\"inLanguage\":\"fr-FR\",\"potentialAction\":[{\"@type\":\"ReadAction\",\"target\":[\"https:\\\/\\\/pharmacie-progres-cannes.fr\\\/pharmacie\\\/supp\\\/xtrasize\\\/\"]}]},{\"@type\":\"ImageObject\",\"inLanguage\":\"fr-FR\",\"@id\":\"https:\\\/\\\/pharmacie-progres-cannes.fr\\\/pharmacie\\\/supp\\\/xtrasize\\\/#primaryimage\",\"url\":\"https:\\\/\\\/pharmacie-progres-cannes.fr\\\/pharmacie\\\/wp-content\\\/uploads\\\/2024\\\/10\\\/Xtrasize.jpg\",\"contentUrl\":\"https:\\\/\\\/pharmacie-progres-cannes.fr\\\/pharmacie\\\/wp-content\\\/uploads\\\/2024\\\/10\\\/Xtrasize.jpg\",\"width\":768,\"height\":768},{\"@type\":\"BreadcrumbList\",\"@id\":\"https:\\\/\\\/pharmacie-progres-cannes.fr\\\/pharmacie\\\/supp\\\/xtrasize\\\/#breadcrumb\",\"itemListElement\":[{\"@type\":\"ListItem\",\"position\":1,\"name\":\"Strona g\u0142\u00f3wna\",\"item\":\"https:\\\/\\\/pharmacie-progres-cannes.fr\\\/pharmacie\\\/\"},{\"@type\":\"ListItem\",\"position\":2,\"name\":\"farmaci\",\"item\":\"https:\\\/\\\/pharmacie-progres-cannes.fr\\\/pharmacie\\\/\"},{\"@type\":\"ListItem\",\"position\":3,\"name\":\"Xtrasize\"}]},{\"@type\":\"WebSite\",\"@id\":\"https:\\\/\\\/pharmacie-progres-cannes.fr\\\/pharmacie\\\/#website\",\"url\":\"https:\\\/\\\/pharmacie-progres-cannes.fr\\\/pharmacie\\\/\",\"name\":\"Pharmacie-Progres-Pannes\",\"description\":\"\",\"potentialAction\":[{\"@type\":\"SearchAction\",\"target\":{\"@type\":\"EntryPoint\",\"urlTemplate\":\"https:\\\/\\\/pharmacie-progres-cannes.fr\\\/pharmacie\\\/?s={search_term_string}\"},\"query-input\":{\"@type\":\"PropertyValueSpecification\",\"valueRequired\":true,\"valueName\":\"search_term_string\"}}],\"inLanguage\":\"fr-FR\"}]}<\/script>\n<!-- \/ Yoast SEO plugin. -->","yoast_head_json":{"title":"Xtrasize - Avis, Forum, Pharmacie, Effets, Prix -50% | Pharmacie-Progres-Pannes","robots":{"index":"index","follow":"follow","max-snippet":"max-snippet:-1","max-image-preview":"max-image-preview:large","max-video-preview":"max-video-preview:-1"},"canonical":"https:\/\/pharmacie-progres-cannes.fr\/pharmacie\/supp\/xtrasize\/","og_locale":"fr_FR","og_type":"article","og_title":"Xtrasize - Avis, Forum, Pharmacie, Effets, Prix -50% | Pharmacie-Progres-Pannes","og_url":"https:\/\/pharmacie-progres-cannes.fr\/pharmacie\/supp\/xtrasize\/","og_site_name":"Pharmacie-Progres-Pannes","article_modified_time":"2025-03-09T11:22:37+00:00","og_image":[{"width":768,"height":768,"url":"https:\/\/pharmacie-progres-cannes.fr\/pharmacie\/wp-content\/uploads\/2024\/10\/Xtrasize.jpg","type":"image\/jpeg"}],"twitter_card":"summary_large_image","twitter_description":"[date_countdown]","twitter_misc":{"Dur\u00e9e de lecture estim\u00e9e":"1 minute"},"schema":{"@context":"https:\/\/schema.org","@graph":[{"@type":"WebPage","@id":"https:\/\/pharmacie-progres-cannes.fr\/pharmacie\/supp\/xtrasize\/","url":"https:\/\/pharmacie-progres-cannes.fr\/pharmacie\/supp\/xtrasize\/","name":"Xtrasize - Avis, Forum, Pharmacie, Effets, Prix -50% | Pharmacie-Progres-Pannes","isPartOf":{"@id":"https:\/\/pharmacie-progres-cannes.fr\/pharmacie\/#website"},"primaryImageOfPage":{"@id":"https:\/\/pharmacie-progres-cannes.fr\/pharmacie\/supp\/xtrasize\/#primaryimage"},"image":{"@id":"https:\/\/pharmacie-progres-cannes.fr\/pharmacie\/supp\/xtrasize\/#primaryimage"},"thumbnailUrl":"https:\/\/pharmacie-progres-cannes.fr\/pharmacie\/wp-content\/uploads\/2024\/10\/Xtrasize.jpg","datePublished":"2024-10-18T19:46:05+00:00","dateModified":"2025-03-09T11:22:37+00:00","breadcrumb":{"@id":"https:\/\/pharmacie-progres-cannes.fr\/pharmacie\/supp\/xtrasize\/#breadcrumb"},"inLanguage":"fr-FR","potentialAction":[{"@type":"ReadAction","target":["https:\/\/pharmacie-progres-cannes.fr\/pharmacie\/supp\/xtrasize\/"]}]},{"@type":"ImageObject","inLanguage":"fr-FR","@id":"https:\/\/pharmacie-progres-cannes.fr\/pharmacie\/supp\/xtrasize\/#primaryimage","url":"https:\/\/pharmacie-progres-cannes.fr\/pharmacie\/wp-content\/uploads\/2024\/10\/Xtrasize.jpg","contentUrl":"https:\/\/pharmacie-progres-cannes.fr\/pharmacie\/wp-content\/uploads\/2024\/10\/Xtrasize.jpg","width":768,"height":768},{"@type":"BreadcrumbList","@id":"https:\/\/pharmacie-progres-cannes.fr\/pharmacie\/supp\/xtrasize\/#breadcrumb","itemListElement":[{"@type":"ListItem","position":1,"name":"Strona g\u0142\u00f3wna","item":"https:\/\/pharmacie-progres-cannes.fr\/pharmacie\/"},{"@type":"ListItem","position":2,"name":"farmaci","item":"https:\/\/pharmacie-progres-cannes.fr\/pharmacie\/"},{"@type":"ListItem","position":3,"name":"Xtrasize"}]},{"@type":"WebSite","@id":"https:\/\/pharmacie-progres-cannes.fr\/pharmacie\/#website","url":"https:\/\/pharmacie-progres-cannes.fr\/pharmacie\/","name":"Pharmacie-Progres-Pannes","description":"","potentialAction":[{"@type":"SearchAction","target":{"@type":"EntryPoint","urlTemplate":"https:\/\/pharmacie-progres-cannes.fr\/pharmacie\/?s={search_term_string}"},"query-input":{"@type":"PropertyValueSpecification","valueRequired":true,"valueName":"search_term_string"}}],"inLanguage":"fr-FR"}]}},"_links":{"self":[{"href":"https:\/\/pharmacie-progres-cannes.fr\/pharmacie\/wp-json\/wp\/v2\/product\/4480","targetHints":{"allow":["GET"]}}],"collection":[{"href":"https:\/\/pharmacie-progres-cannes.fr\/pharmacie\/wp-json\/wp\/v2\/product"}],"about":[{"href":"https:\/\/pharmacie-progres-cannes.fr\/pharmacie\/wp-json\/wp\/v2\/types\/product"}],"replies":[{"embeddable":true,"href":"https:\/\/pharmacie-progres-cannes.fr\/pharmacie\/wp-json\/wp\/v2\/comments?post=4480"}],"wp:featuredmedia":[{"embeddable":true,"href":"https:\/\/pharmacie-progres-cannes.fr\/pharmacie\/wp-json\/wp\/v2\/media\/3907"}],"wp:attachment":[{"href":"https:\/\/pharmacie-progres-cannes.fr\/pharmacie\/wp-json\/wp\/v2\/media?parent=4480"}],"wp:term":[{"taxonomy":"product_brand","embeddable":true,"href":"https:\/\/pharmacie-progres-cannes.fr\/pharmacie\/wp-json\/wp\/v2\/product_brand?post=4480"},{"taxonomy":"product_cat","embeddable":true,"href":"https:\/\/pharmacie-progres-cannes.fr\/pharmacie\/wp-json\/wp\/v2\/product_cat?post=4480"},{"taxonomy":"product_tag","embeddable":true,"href":"https:\/\/pharmacie-progres-cannes.fr\/pharmacie\/wp-json\/wp\/v2\/product_tag?post=4480"}],"curies":[{"name":"wp","href":"https:\/\/api.w.org\/{rel}","templated":true}]}}