{"id":4479,"date":"2024-10-18T19:46:05","date_gmt":"2024-10-18T19:46:05","guid":{"rendered":"https:\/\/chirurgie-orthopedie-vannes.fr\/pharmacie\/?post_type=product&#038;p=4479"},"modified":"2025-03-09T11:23:49","modified_gmt":"2025-03-09T11:23:49","slug":"zytax","status":"publish","type":"product","link":"https:\/\/pharmacie-progres-cannes.fr\/pharmacie\/supp\/zytax\/","title":{"rendered":"Zytax"},"content":{"rendered":"\n<h2 class=\"wp-block-heading\">Qu&rsquo;est-ce que Zytax et comment fonctionne-t-il ?<\/h2>\n\n\n\n<p><b>Zytax<\/b> est un <b>compl\u00e9ment alimentaire<\/b> innovant, qui a \u00e9t\u00e9 d\u00e9velopp\u00e9 pour les hommes souhaitant am\u00e9liorer leur puissance. Le produit est bas\u00e9 exclusivement sur des ingr\u00e9dients naturels, ce qui rend son <em>action<\/em> s\u00fbre et efficace. Les principales propri\u00e9t\u00e9s de Zytax sont d&rsquo;augmenter le flux sanguin vers les organes g\u00e9nitaux, ce qui conduit \u00e0 une <em>am\u00e9lioration<\/em> significative <em>de la puissance<\/em>.<\/p>\n\n\n\n<p>Les utilisateurs de Zytax peuvent constater un certain nombre d&rsquo;<b>avantages<\/b> li\u00e9s \u00e0 son utilisation. Augmentation de la libido, am\u00e9lioration de la qualit\u00e9 des \u00e9rections et des performances corporelles globales sont autant d&rsquo;effets confirm\u00e9s par les hommes qui se tournent vers ce <em>compl\u00e9ment alimentaire<\/em>. Selon les \u00e9tudes, jusqu&rsquo;\u00e0 96% des hommes utilisant Zytax le recommandent \u00e0 d&rsquo;autres, ce qui prouve son efficacit\u00e9.<\/p>\n\n\n\n<p>Le produit doit \u00eatre pris \u00e0 raison de deux comprim\u00e9s par jour, ce qui permet d&rsquo;obtenir des performances sexuelles constantes et compl\u00e8tes. La dur\u00e9e d&rsquo;action de Zytax est d&rsquo;environ deux heures apr\u00e8s la prise, ce qui en fait une option pratique pour ceux qui pr\u00e9voient d&rsquo;\u00eatre sexuellement actifs. Zytax peut \u00eatre pris quotidiennement sans risque d&rsquo;effets secondaires, ce qui en fait une option int\u00e9ressante pour un grand nombre d&rsquo;hommes.<\/p>\n\n\n\n<h2 class=\"wp-block-heading\">Avantages de Zytax &#8211; Effets<\/h2>\n\n\n\n<p>Le <b>compl\u00e9ment alimentaire<\/b> Zytax pr\u00e9sente un certain nombre d&rsquo;<em>avantages<\/em> qui peuvent avoir un impact significatif sur la vie intime des hommes. Parmi les effets les plus importants, les utilisateurs notent :<\/p>\n\n\n\n<ul class=\"wp-block-list\">\n<li><em>Augmentation de la libido<\/em>, ce qui peut conduire \u00e0 un d\u00e9sir accru d&rsquo;activit\u00e9 sexuelle.<\/li>\n\n\n\n<li>Am\u00e9liorer <em>la qualit\u00e9 des \u00e9rections<\/em>, rendant les rapports sexuels plus satisfaisants.<\/li>\n\n\n\n<li>Augmentation de l&rsquo;\u00e9nergie et de l&rsquo;endurance pendant les gros plans, ce qui se traduit par une plus grande satisfaction.<\/li>\n<\/ul>\n\n\n\n<p>Gr\u00e2ce \u00e0 des ingr\u00e9dients naturels tels que la L-arginine et l&rsquo;extrait de racine de maca, Zytax a un effet b\u00e9n\u00e9fique sur la circulation sanguine, ce qui contribue \u00e0 am\u00e9liorer la <em>qualit\u00e9 de l&rsquo;\u00e9rection<\/em>. En outre, une <b>utilisation<\/b> r\u00e9guli\u00e8re favorise la sant\u00e9 de la prostate et a un effet positif sur la fertilit\u00e9.<\/p>\n\n\n\n<p>De nombreux utilisateurs font \u00e9tat d&rsquo;une confiance accrue et d&rsquo;un meilleur bien-\u00eatre sexuel apr\u00e8s avoir utilis\u00e9 Zytax, ce qui confirme l&rsquo;efficacit\u00e9 de ce compl\u00e9ment en termes d&rsquo;<em>augmentation de la libido<\/em> et d&rsquo;am\u00e9lioration de la performance sexuelle globale.<\/p>\n\n\n\n<h2 class=\"wp-block-heading\">Comment utiliser Zytax &#8211; Mode d&#8217;emploi et posologie<\/h2>\n\n\n\n<p>Pour obtenir les meilleurs <b>r\u00e9sultats<\/b>, Zytax doit \u00eatre pris selon les recommandations du fabricant. L&rsquo;\u00e9l\u00e9ment cl\u00e9 est le <b>dosage<\/b>, qui pr\u00e9conise la prise d&rsquo;une g\u00e9lule par jour. Il est optimal de prendre Zytax le matin, ce qui favorise une meilleure absorption des principes actifs.<\/p>\n\n\n\n<p>Les instructions de dosage doivent \u00eatre strictement respect\u00e9es afin d&rsquo;\u00e9viter une consommation excessive, qui peut entra\u00eener des effets secondaires. L&rsquo;<b>utilisation<\/b> r\u00e9guli\u00e8re <b>de<\/b> Zytax pendant au moins trois mois permet de constater des r\u00e9sultats significatifs.<\/p>\n\n\n\n<p>L&rsquo;\u00e9tude a r\u00e9v\u00e9l\u00e9 que 98% des patients ont signal\u00e9 une augmentation significative de leur libido et 96% ont eu des \u00e9rections plus fortes et plus durables. En outre, 97% des participants au test ont soulign\u00e9 une augmentation de l&rsquo;\u00e9nergie et une am\u00e9lioration de l&rsquo;humeur apr\u00e8s la prise de Zytax. Les ingr\u00e9dients contenus dans Zytax agissent pendant environ deux heures, ce qui permet une utilisation optimale de leurs propri\u00e9t\u00e9s.<\/p>\n\n\n\n<figure class=\"wp-block-table\"><table class=\"has-fixed-layout\"><tbody><tr><th>Date de la demande<\/th><th>Dosage<\/th><th>Effets<\/th><\/tr><tr><td>Quotidiennement<\/td><td>1 g\u00e9lule le matin<\/td><td><ol>\n<li>98% d&rsquo;augmentation de la libido<\/li>\n<li>96% d&rsquo;\u00e9rections plus fortes<\/li>\n<li>97% d&rsquo;am\u00e9lioration du bien-\u00eatre<\/li>\n<\/ol><\/td><\/tr><tr><td>Dur\u00e9e minimale d&rsquo;utilisation<\/td><td>3 mois<\/td><td><b>Effets<\/b> perceptibles<\/td><\/tr><\/tbody><\/table><\/figure>\n\n\n\n<h2 class=\"wp-block-heading\">Critiques de Zytax &#8211; Que disent les utilisateurs dans les forums ?<\/h2>\n\n\n\n<p>Les <b>avis sur<\/b> Zytax sur diff\u00e9rents forums en ligne sont majoritairement positifs. Les utilisateurs sont d\u00e9sireux de partager leurs exp\u00e9riences, indiquant une am\u00e9lioration significative de la qualit\u00e9 de la vie intime apr\u00e8s le d\u00e9but du traitement. <b>Les commentaires des utilisateurs<\/b> montrent que Zytax peut fournir les r\u00e9sultats escompt\u00e9s.<\/p>\n\n\n\n<blockquote class=\"wp-block-quote is-layout-flow wp-block-quote-is-layout-flow\">\n<p>\u00ab\u00a0Zytax m&rsquo;a vraiment aid\u00e9 \u00e0 am\u00e9liorer la qualit\u00e9 de ma vie intime. Apr\u00e8s quelques semaines d&rsquo;utilisation, j&rsquo;ai constat\u00e9 une am\u00e9lioration significative. J&rsquo;ai enfin confiance en moi au lit.<\/p>\n<\/blockquote>\n\n\n\n<blockquote class=\"wp-block-quote is-layout-flow wp-block-quote-is-layout-flow\">\n<p>\u00ab\u00a0J&rsquo;ai utilis\u00e9 Zytax pendant environ 3 mois. Depuis que je le prends, ma libido a augment\u00e9 et mes \u00e9rections sont bien meilleures. Je ne peux pas imaginer ma vie sans ce produit.<\/p>\n<\/blockquote>\n\n\n\n<blockquote class=\"wp-block-quote is-layout-flow wp-block-quote-is-layout-flow\">\n<p>\u00ab\u00a0Je suis impressionn\u00e9 par les r\u00e9sultats. Avant, je me sentais fatigu\u00e9e et je n&rsquo;avais pas envie de faire l&rsquo;amour. Zytax a chang\u00e9 cela et je profite maintenant de ma vie sexuelle.<\/p>\n<\/blockquote>\n\n\n\n<p>La participation active aux forums permet d&rsquo;avoir acc\u00e8s \u00e0 une vari\u00e9t\u00e9 d&rsquo;opinions. Les utilisateurs \u00e9changent souvent des conseils sur la posologie et l&rsquo;utilisation du compl\u00e9ment. De telles interactions confirment que la prise r\u00e9guli\u00e8re de Zytax peut avoir un impact positif sur la satisfaction intime. Parmi les meilleures critiques, de nombreuses personnes font \u00e9tat d&rsquo;une augmentation notable de la confiance en soi et d&rsquo;une am\u00e9lioration du bien-\u00eatre g\u00e9n\u00e9ral.<\/p>\n\n\n\n<figure class=\"wp-block-table\"><table class=\"has-fixed-layout\"><tbody><tr><th>Votre nom<\/th><th>Opinions<\/th><\/tr><tr><td>Marek<\/td><td>Aide \u00e0 am\u00e9liorer la qualit\u00e9 de la vie intime. J&rsquo;ai constat\u00e9 une am\u00e9lioration significative.<\/td><\/tr><tr><td>Tomasz<\/td><td>Ma libido a augment\u00e9 et mes \u00e9rections sont nettement meilleures.<\/td><\/tr><tr><td>Krzysztof<\/td><td>Apr\u00e8s Zytax, j&rsquo;appr\u00e9cie ma vie sexuelle. C&rsquo;est un grand changement.<\/td><\/tr><\/tbody><\/table><\/figure>\n\n\n\n<p>L&rsquo;atmosph\u00e8re g\u00e9n\u00e9rale des forums concernant Zytax est encourageante. De nombreuses personnes ayant eu des probl\u00e8mes intimes ont trouv\u00e9 du r\u00e9confort avec ce compl\u00e9ment. Cela souligne l&rsquo;importance de prendre en compte l&rsquo;avis d&rsquo;autres utilisateurs avant de d\u00e9cider d&rsquo;utiliser Zytax.<\/p>\n\n\n\n<h2 class=\"wp-block-heading\">Zytax &#8211; Composition &#8211; Que contient le produit ?<\/h2>\n\n\n\n<p>Zytax est un <b>compl\u00e9ment alimentaire<\/b> qui se distingue par sa <em>composition<\/em> unique \u00e0 base d&rsquo;<em>ingr\u00e9dients naturels<\/em>. Sa formule a \u00e9t\u00e9 con\u00e7ue pour am\u00e9liorer la fonction sexuelle des hommes et augmenter leurs performances. Les ingr\u00e9dients cl\u00e9s sont :<\/p>\n\n\n\n<ul class=\"wp-block-list\">\n<li><em>Extrait de racine de ginseng<\/em> &#8211; soutient la libido et fournit de l&rsquo;\u00e9nergie, ce qui contribue aux <em>effets<\/em> globaux <em>du<\/em> suppl\u00e9ment.<\/li>\n\n\n\n<li><em>Extrait de racine de maca<\/em> &#8211; a un effet tonique sur l&rsquo;organisme, augmentant les performances.<\/li>\n\n\n\n<li><em>Extrait de feuille de damiana<\/em> &#8211; connu pour ses effets positifs sur le d\u00e9sir sexuel, favorise la <b>qualit\u00e9 de l&rsquo;\u00e9rection<\/b>.<\/li>\n\n\n\n<li><em>Extrait de palmier sabal<\/em> &#8211; peut r\u00e9guler les niveaux de testost\u00e9rone, ce qui favorise la performance sexuelle masculine.<\/li>\n<\/ul>\n\n\n\n<p>La prise r\u00e9guli\u00e8re de Zytax entra\u00eene des <em>effets<\/em> mesurables dans la sph\u00e8re de la vie intime, ce qui incite de nombreuses personnes \u00e0 opter pour cette pr\u00e9paration. La combinaison de ces <em>ingr\u00e9dients naturels<\/em> fait de Zytax un soutien efficace dans la lutte contre les probl\u00e8mes d&rsquo;\u00e9rection et contribue \u00e0 am\u00e9liorer la qualit\u00e9 de la vie sexuelle.<\/p>\n\n\n\n<h2 class=\"wp-block-heading\">O\u00f9 acheter et combien co\u00fbte Zytax &#8211; prix<\/h2>\n\n\n\n<p>Zytax est disponible exclusivement sur le site officiel du fabricant, o\u00f9 des promotions int\u00e9ressantes sont souvent organis\u00e9es. Vous pouvez compter sur des remises avantageuses, une livraison gratuite et des avantages suppl\u00e9mentaires pour les commandes plus importantes. Pour ne pas rater les meilleures affaires, il vaut la peine de visiter r\u00e9guli\u00e8rement le site web et de v\u00e9rifier les offres actuelles.<\/p>\n\n\n\n<h2 class=\"wp-block-heading\">Zytax &#8211; Effets secondaires et contre-indications<\/h2>\n\n\n\n<p>Zytax est g\u00e9n\u00e9ralement consid\u00e9r\u00e9 comme un compl\u00e9ment alimentaire pr\u00e9sentant un niveau de s\u00e9curit\u00e9 \u00e9lev\u00e9, mais comme tout produit, il peut \u00eatre associ\u00e9 \u00e0 des effets secondaires potentiels. Il convient de noter que les personnes sensibles peuvent \u00eatre expos\u00e9es \u00e0 des r\u00e9actions allergiques aux ingr\u00e9dients du produit. Il est donc important pour les personnes sujettes aux allergies de se familiariser avec la composition du produit et de consulter un m\u00e9decin avant de commencer \u00e0 utiliser Zytax.<\/p>\n\n\n\n<p>Les <b>contre-indications<\/b> \u00e0 l&rsquo;utilisation de Zytax comprennent \u00e9galement les personnes souffrant de maladies chroniques telles que l&rsquo;hypertension ou les troubles cardiovasculaires. Dans de tels cas, un sp\u00e9cialiste devrait toujours \u00eatre consult\u00e9 pour s&rsquo;assurer que le suppl\u00e9ment est adapt\u00e9 aux besoins de sant\u00e9 individuels. Malgr\u00e9 des avis positifs et l&rsquo;absence de rapports d&rsquo;effets secondaires graves, toute anomalie lors de son utilisation devrait vous inciter \u00e0 arr\u00eater de le prendre et \u00e0 consulter votre m\u00e9decin.<\/p>\n\n\n\n<p>Pr\u00e9par\u00e9 exclusivement \u00e0 partir d&rsquo;ingr\u00e9dients naturels, Zytax minimise le risque d&rsquo;effets secondaires. N\u00e9anmoins, il convient de garder \u00e0 l&rsquo;esprit les r\u00e9actions individuelles de l&rsquo;organisme. C&rsquo;est pourquoi il est essentiel de respecter scrupuleusement les recommandations de dosage et de surveiller votre bien-\u00eatre pendant l&rsquo;utilisation du compl\u00e9ment pour profiter de son potentiel en toute s\u00e9curit\u00e9.<\/p>\n","protected":false},"excerpt":{"rendered":"<p><strong>[date_countdown]<\/strong><\/p>\n<p><img decoding=\"async\" class=\"alignnone  wp-image-8427\" src=\"https:\/\/pharmacie-progres-cannes.fr\/pharmacie\/wp-content\/uploads\/2024\/10\/SAFE-PAY-300x88-1.png\" alt=\"SAFE-PAY-300x88\" width=\"164\" height=\"48\" \/><\/p>\n","protected":false},"featured_media":3906,"comment_status":"open","ping_status":"closed","template":"","meta":{"neve_meta_sidebar":"","neve_meta_container":"","neve_meta_enable_content_width":"","neve_meta_content_width":0,"neve_meta_title_alignment":"","neve_meta_author_avatar":"","neve_post_elements_order":"","neve_meta_disable_header":"","neve_meta_disable_footer":"","neve_meta_disable_title":"","neve_meta_reading_time":""},"product_brand":[],"product_cat":[16],"product_tag":[],"class_list":{"0":"post-4479","1":"product","2":"type-product","3":"status-publish","4":"has-post-thumbnail","6":"product_cat-sante-sexuelle","8":"first","9":"instock","10":"sale","11":"shipping-taxable","12":"product-type-external"},"yoast_head":"<!-- This site is optimized with the Yoast SEO plugin v27.3 - https:\/\/yoast.com\/product\/yoast-seo-wordpress\/ -->\n<title>Zytax - Avis, Forum, Pharmacie, Effets, Prix -50% | Pharmacie-Progres-Pannes<\/title>\n<meta name=\"robots\" content=\"index, follow, max-snippet:-1, max-image-preview:large, max-video-preview:-1\" \/>\n<link rel=\"canonical\" href=\"https:\/\/pharmacie-progres-cannes.fr\/pharmacie\/supp\/zytax\/\" \/>\n<meta property=\"og:locale\" content=\"fr_FR\" \/>\n<meta property=\"og:type\" content=\"article\" \/>\n<meta property=\"og:title\" content=\"Zytax - Avis, Forum, Pharmacie, Effets, Prix -50% | Pharmacie-Progres-Pannes\" \/>\n<meta property=\"og:url\" content=\"https:\/\/pharmacie-progres-cannes.fr\/pharmacie\/supp\/zytax\/\" \/>\n<meta property=\"og:site_name\" content=\"Pharmacie-Progres-Pannes\" \/>\n<meta property=\"article:modified_time\" content=\"2025-03-09T11:23:49+00:00\" \/>\n<meta property=\"og:image\" content=\"https:\/\/pharmacie-progres-cannes.fr\/pharmacie\/wp-content\/uploads\/2024\/10\/Zytax.jpg\" \/>\n\t<meta property=\"og:image:width\" content=\"768\" \/>\n\t<meta property=\"og:image:height\" content=\"768\" \/>\n\t<meta property=\"og:image:type\" content=\"image\/jpeg\" \/>\n<meta name=\"twitter:card\" content=\"summary_large_image\" \/>\n<meta name=\"twitter:description\" content=\"[date_countdown]\" \/>\n<meta name=\"twitter:label1\" content=\"Dur\u00e9e de lecture estim\u00e9e\" \/>\n\t<meta name=\"twitter:data1\" content=\"1 minute\" \/>\n<script type=\"application\/ld+json\" class=\"yoast-schema-graph\">{\"@context\":\"https:\\\/\\\/schema.org\",\"@graph\":[{\"@type\":\"WebPage\",\"@id\":\"https:\\\/\\\/pharmacie-progres-cannes.fr\\\/pharmacie\\\/supp\\\/zytax\\\/\",\"url\":\"https:\\\/\\\/pharmacie-progres-cannes.fr\\\/pharmacie\\\/supp\\\/zytax\\\/\",\"name\":\"Zytax - Avis, Forum, Pharmacie, Effets, Prix -50% | Pharmacie-Progres-Pannes\",\"isPartOf\":{\"@id\":\"https:\\\/\\\/pharmacie-progres-cannes.fr\\\/pharmacie\\\/#website\"},\"primaryImageOfPage\":{\"@id\":\"https:\\\/\\\/pharmacie-progres-cannes.fr\\\/pharmacie\\\/supp\\\/zytax\\\/#primaryimage\"},\"image\":{\"@id\":\"https:\\\/\\\/pharmacie-progres-cannes.fr\\\/pharmacie\\\/supp\\\/zytax\\\/#primaryimage\"},\"thumbnailUrl\":\"https:\\\/\\\/pharmacie-progres-cannes.fr\\\/pharmacie\\\/wp-content\\\/uploads\\\/2024\\\/10\\\/Zytax.jpg\",\"datePublished\":\"2024-10-18T19:46:05+00:00\",\"dateModified\":\"2025-03-09T11:23:49+00:00\",\"breadcrumb\":{\"@id\":\"https:\\\/\\\/pharmacie-progres-cannes.fr\\\/pharmacie\\\/supp\\\/zytax\\\/#breadcrumb\"},\"inLanguage\":\"fr-FR\",\"potentialAction\":[{\"@type\":\"ReadAction\",\"target\":[\"https:\\\/\\\/pharmacie-progres-cannes.fr\\\/pharmacie\\\/supp\\\/zytax\\\/\"]}]},{\"@type\":\"ImageObject\",\"inLanguage\":\"fr-FR\",\"@id\":\"https:\\\/\\\/pharmacie-progres-cannes.fr\\\/pharmacie\\\/supp\\\/zytax\\\/#primaryimage\",\"url\":\"https:\\\/\\\/pharmacie-progres-cannes.fr\\\/pharmacie\\\/wp-content\\\/uploads\\\/2024\\\/10\\\/Zytax.jpg\",\"contentUrl\":\"https:\\\/\\\/pharmacie-progres-cannes.fr\\\/pharmacie\\\/wp-content\\\/uploads\\\/2024\\\/10\\\/Zytax.jpg\",\"width\":768,\"height\":768},{\"@type\":\"BreadcrumbList\",\"@id\":\"https:\\\/\\\/pharmacie-progres-cannes.fr\\\/pharmacie\\\/supp\\\/zytax\\\/#breadcrumb\",\"itemListElement\":[{\"@type\":\"ListItem\",\"position\":1,\"name\":\"Strona g\u0142\u00f3wna\",\"item\":\"https:\\\/\\\/pharmacie-progres-cannes.fr\\\/pharmacie\\\/\"},{\"@type\":\"ListItem\",\"position\":2,\"name\":\"farmaci\",\"item\":\"https:\\\/\\\/pharmacie-progres-cannes.fr\\\/pharmacie\\\/\"},{\"@type\":\"ListItem\",\"position\":3,\"name\":\"Zytax\"}]},{\"@type\":\"WebSite\",\"@id\":\"https:\\\/\\\/pharmacie-progres-cannes.fr\\\/pharmacie\\\/#website\",\"url\":\"https:\\\/\\\/pharmacie-progres-cannes.fr\\\/pharmacie\\\/\",\"name\":\"Pharmacie-Progres-Pannes\",\"description\":\"\",\"potentialAction\":[{\"@type\":\"SearchAction\",\"target\":{\"@type\":\"EntryPoint\",\"urlTemplate\":\"https:\\\/\\\/pharmacie-progres-cannes.fr\\\/pharmacie\\\/?s={search_term_string}\"},\"query-input\":{\"@type\":\"PropertyValueSpecification\",\"valueRequired\":true,\"valueName\":\"search_term_string\"}}],\"inLanguage\":\"fr-FR\"}]}<\/script>\n<!-- \/ Yoast SEO plugin. -->","yoast_head_json":{"title":"Zytax - Avis, Forum, Pharmacie, Effets, Prix -50% | Pharmacie-Progres-Pannes","robots":{"index":"index","follow":"follow","max-snippet":"max-snippet:-1","max-image-preview":"max-image-preview:large","max-video-preview":"max-video-preview:-1"},"canonical":"https:\/\/pharmacie-progres-cannes.fr\/pharmacie\/supp\/zytax\/","og_locale":"fr_FR","og_type":"article","og_title":"Zytax - Avis, Forum, Pharmacie, Effets, Prix -50% | Pharmacie-Progres-Pannes","og_url":"https:\/\/pharmacie-progres-cannes.fr\/pharmacie\/supp\/zytax\/","og_site_name":"Pharmacie-Progres-Pannes","article_modified_time":"2025-03-09T11:23:49+00:00","og_image":[{"width":768,"height":768,"url":"https:\/\/pharmacie-progres-cannes.fr\/pharmacie\/wp-content\/uploads\/2024\/10\/Zytax.jpg","type":"image\/jpeg"}],"twitter_card":"summary_large_image","twitter_description":"[date_countdown]","twitter_misc":{"Dur\u00e9e de lecture estim\u00e9e":"1 minute"},"schema":{"@context":"https:\/\/schema.org","@graph":[{"@type":"WebPage","@id":"https:\/\/pharmacie-progres-cannes.fr\/pharmacie\/supp\/zytax\/","url":"https:\/\/pharmacie-progres-cannes.fr\/pharmacie\/supp\/zytax\/","name":"Zytax - Avis, Forum, Pharmacie, Effets, Prix -50% | Pharmacie-Progres-Pannes","isPartOf":{"@id":"https:\/\/pharmacie-progres-cannes.fr\/pharmacie\/#website"},"primaryImageOfPage":{"@id":"https:\/\/pharmacie-progres-cannes.fr\/pharmacie\/supp\/zytax\/#primaryimage"},"image":{"@id":"https:\/\/pharmacie-progres-cannes.fr\/pharmacie\/supp\/zytax\/#primaryimage"},"thumbnailUrl":"https:\/\/pharmacie-progres-cannes.fr\/pharmacie\/wp-content\/uploads\/2024\/10\/Zytax.jpg","datePublished":"2024-10-18T19:46:05+00:00","dateModified":"2025-03-09T11:23:49+00:00","breadcrumb":{"@id":"https:\/\/pharmacie-progres-cannes.fr\/pharmacie\/supp\/zytax\/#breadcrumb"},"inLanguage":"fr-FR","potentialAction":[{"@type":"ReadAction","target":["https:\/\/pharmacie-progres-cannes.fr\/pharmacie\/supp\/zytax\/"]}]},{"@type":"ImageObject","inLanguage":"fr-FR","@id":"https:\/\/pharmacie-progres-cannes.fr\/pharmacie\/supp\/zytax\/#primaryimage","url":"https:\/\/pharmacie-progres-cannes.fr\/pharmacie\/wp-content\/uploads\/2024\/10\/Zytax.jpg","contentUrl":"https:\/\/pharmacie-progres-cannes.fr\/pharmacie\/wp-content\/uploads\/2024\/10\/Zytax.jpg","width":768,"height":768},{"@type":"BreadcrumbList","@id":"https:\/\/pharmacie-progres-cannes.fr\/pharmacie\/supp\/zytax\/#breadcrumb","itemListElement":[{"@type":"ListItem","position":1,"name":"Strona g\u0142\u00f3wna","item":"https:\/\/pharmacie-progres-cannes.fr\/pharmacie\/"},{"@type":"ListItem","position":2,"name":"farmaci","item":"https:\/\/pharmacie-progres-cannes.fr\/pharmacie\/"},{"@type":"ListItem","position":3,"name":"Zytax"}]},{"@type":"WebSite","@id":"https:\/\/pharmacie-progres-cannes.fr\/pharmacie\/#website","url":"https:\/\/pharmacie-progres-cannes.fr\/pharmacie\/","name":"Pharmacie-Progres-Pannes","description":"","potentialAction":[{"@type":"SearchAction","target":{"@type":"EntryPoint","urlTemplate":"https:\/\/pharmacie-progres-cannes.fr\/pharmacie\/?s={search_term_string}"},"query-input":{"@type":"PropertyValueSpecification","valueRequired":true,"valueName":"search_term_string"}}],"inLanguage":"fr-FR"}]}},"_links":{"self":[{"href":"https:\/\/pharmacie-progres-cannes.fr\/pharmacie\/wp-json\/wp\/v2\/product\/4479","targetHints":{"allow":["GET"]}}],"collection":[{"href":"https:\/\/pharmacie-progres-cannes.fr\/pharmacie\/wp-json\/wp\/v2\/product"}],"about":[{"href":"https:\/\/pharmacie-progres-cannes.fr\/pharmacie\/wp-json\/wp\/v2\/types\/product"}],"replies":[{"embeddable":true,"href":"https:\/\/pharmacie-progres-cannes.fr\/pharmacie\/wp-json\/wp\/v2\/comments?post=4479"}],"wp:featuredmedia":[{"embeddable":true,"href":"https:\/\/pharmacie-progres-cannes.fr\/pharmacie\/wp-json\/wp\/v2\/media\/3906"}],"wp:attachment":[{"href":"https:\/\/pharmacie-progres-cannes.fr\/pharmacie\/wp-json\/wp\/v2\/media?parent=4479"}],"wp:term":[{"taxonomy":"product_brand","embeddable":true,"href":"https:\/\/pharmacie-progres-cannes.fr\/pharmacie\/wp-json\/wp\/v2\/product_brand?post=4479"},{"taxonomy":"product_cat","embeddable":true,"href":"https:\/\/pharmacie-progres-cannes.fr\/pharmacie\/wp-json\/wp\/v2\/product_cat?post=4479"},{"taxonomy":"product_tag","embeddable":true,"href":"https:\/\/pharmacie-progres-cannes.fr\/pharmacie\/wp-json\/wp\/v2\/product_tag?post=4479"}],"curies":[{"name":"wp","href":"https:\/\/api.w.org\/{rel}","templated":true}]}}