{"id":4478,"date":"2024-10-18T19:46:05","date_gmt":"2024-10-18T19:46:05","guid":{"rendered":"https:\/\/chirurgie-orthopedie-vannes.fr\/pharmacie\/?post_type=product&#038;p=4478"},"modified":"2025-03-09T11:22:19","modified_gmt":"2025-03-09T11:22:19","slug":"vigrax","status":"publish","type":"product","link":"https:\/\/pharmacie-progres-cannes.fr\/pharmacie\/supp\/vigrax\/","title":{"rendered":"Vigrax"},"content":{"rendered":"\n<h2 class=\"wp-block-heading\">Qu&rsquo;est-ce que Vigrax et comment fonctionne-t-il ?<\/h2>\n\n\n\n<p><b>Vigrax<\/b> est un <b>compl\u00e9ment alimentaire<\/b> innovant destin\u00e9 aux hommes, qui am\u00e9liore significativement la <b>puissance.<\/b> Son <b>action<\/b> repose sur des ingr\u00e9dients naturels qui soutiennent les processus de l&rsquo;organisme li\u00e9s \u00e0 l&rsquo;\u00e9rection et \u00e0 la libido.<\/p>\n\n\n\n<p>Le principal ingr\u00e9dient de Vigrax est le macis qui, gr\u00e2ce \u00e0 la pr\u00e9sence de protodioscine, contribue \u00e0 augmenter les niveaux d&rsquo;oxyde nitrique dans le p\u00e9nis. Cela entra\u00eene une augmentation de la testost\u00e9rone et une am\u00e9lioration de la qualit\u00e9 de l&rsquo;\u00e9rection. Un autre ingr\u00e9dient important est le ginseng, qui soutient les performances g\u00e9n\u00e9rales de l&rsquo;organisme et am\u00e9liore la circulation sanguine, ce qui est crucial pour une r\u00e9ponse sexuelle satisfaisante.<\/p>\n\n\n\n<p>Le <b>compl\u00e9ment<\/b> a \u00e9t\u00e9 valid\u00e9 par de nombreuses \u00e9tudes scientifiques, ce qui en fait une option fiable pour les hommes de tous \u00e2ges, en particulier ceux qui ont des probl\u00e8mes d&rsquo;\u00e9rection. Les r\u00e9sultats de l&rsquo;utilisation de Vigrax peuvent varier, ce qui d\u00e9pend des caract\u00e9ristiques individuelles du corps, influen\u00e7ant la vitesse et la nature de l&rsquo;action du suppl\u00e9ment.<\/p>\n\n\n\n<p>L&rsquo;utilisation r\u00e9guli\u00e8re de Vigrax, \u00e0 la dose recommand\u00e9e d&rsquo;une g\u00e9lule deux fois par jour, contribue \u00e0 des effets durables. Les utilisateurs font souvent \u00e9tat d&rsquo;une am\u00e9lioration de leur bien-\u00eatre et d&rsquo;une plus grande confiance en eux. Il convient toutefois de garder \u00e0 l&rsquo;esprit les \u00e9ventuelles contre-indications li\u00e9es \u00e0 l&rsquo;allergie aux ingr\u00e9dients de la pr\u00e9paration et la n\u00e9cessit\u00e9 de consulter un m\u00e9decin si des probl\u00e8mes d&rsquo;\u00e9rection surviennent \u00e0 un \u00e2ge pr\u00e9coce.<\/p>\n\n\n\n<h2 class=\"wp-block-heading\">Quels sont les effets de l&rsquo;utilisation de Vigrax ?<\/h2>\n\n\n\n<p><b>L&rsquo;utilisation de<\/b> Vigrax a de nombreux effets positifs qui ont un impact significatif sur la puissance et la vie intime des utilisateurs. Parmi les principaux effets, les utilisateurs mentionnent souvent :<\/p>\n\n\n\n<ul class=\"wp-block-list\">\n<li><em>Augmentation de la libido<\/em> &#8211; de nombreux hommes font \u00e9tat d&rsquo;une am\u00e9lioration significative de leur vie sexuelle.<\/li>\n\n\n\n<li><em>Am\u00e9lioration de la qualit\u00e9 de l&rsquo;\u00e9rection<\/em> &#8211; L&rsquo;<b>utilisation de<\/b> Vigrax se traduit par des \u00e9rections plus fortes et plus durables.<\/li>\n\n\n\n<li><em>Une plus grande satisfaction dans la vie sexuelle<\/em> &#8211; de nombreuses personnes se sentent plus satisfaites de leurs relations intimes.<\/li>\n\n\n\n<li><em>R\u00e9duire le stress et am\u00e9liorer les performances g\u00e9n\u00e9rales<\/em> &#8211; une <b>utilisation<\/b> r\u00e9guli\u00e8re peut contribuer \u00e0 un meilleur sentiment de bien-\u00eatre.<\/li>\n<\/ul>\n\n\n\n<p><b>Les effets de<\/b> Vigrax sont perceptibles apr\u00e8s quelques semaines seulement, ce qui fait de ce <b>compl\u00e9ment<\/b> l&rsquo;un des choix les plus populaires sur le march\u00e9. Il est crucial non seulement pour am\u00e9liorer la <b>puissance<\/b>, mais aussi pour influencer la qualit\u00e9 de la vie extra-conjugale. En outre, ce produit aide les hommes \u00e0 r\u00e9soudre les probl\u00e8mes qui peuvent affecter leur vie sexuelle.<\/p>\n\n\n\n<h2 class=\"wp-block-heading\">Vigrax dosage &#8211; Comment l&rsquo;utiliser ?<\/h2>\n\n\n\n<p>Selon les recommandations du fabricant, la <b>posologie de<\/b> Vigrax consiste \u00e0 prendre <em>deux g\u00e9lules par jour<\/em>: une le matin et une le soir. Une telle <em>utilisation du<\/em> compl\u00e9ment permet une utilisation optimale de ses ingr\u00e9dients et l&rsquo;obtention efficace des r\u00e9sultats souhait\u00e9s. La prise du produit avant un repas peut favoriser une meilleure absorption des substances actives.<\/p>\n\n\n\n<p>La p\u00e9riode minimale de suppl\u00e9mentation pour des r\u00e9sultats <em>optimaux<\/em> est d&rsquo;<strong>au moins 3 mois<\/strong>. L&rsquo;utilisation r\u00e9guli\u00e8re de Vigrax contribue \u00e0 un retour complet \u00e0 l&rsquo;activit\u00e9 sexuelle en seulement <strong>7 jours<\/strong>. Les utilisateurs doivent \u00eatre conscients que <b>les effets de l&rsquo;<\/b> utilisation peuvent varier en fonction des pr\u00e9dispositions corporelles individuelles.<\/p>\n\n\n\n<p>En plus d&rsquo;une <em>utilisation<\/em> r\u00e9guli\u00e8re et du respect de la posologie, il est recommand\u00e9 d&rsquo;adopter un mode de vie sain, qui peut soutenir l&rsquo;effet de Vigrax. Les b\u00e9n\u00e9fices potentiels pour la sant\u00e9 devraient \u00eatre obtenus en prenant soin du r\u00e9gime alimentaire et de l&rsquo;activit\u00e9 physique.<\/p>\n\n\n\n<h2 class=\"wp-block-heading\">Vigrax &#8211; Avis et critiques &#8211; Que disent les utilisateurs ?<\/h2>\n\n\n\n<p>Les utilisateurs de Vigrax sont d\u00e9sireux de partager leurs exp\u00e9riences avec ce compl\u00e9ment. La note moyenne du produit dans les commentaires atteint 4,95 \u00e9toiles sur 5, ce qui indique une grande satisfaction des clients. Les <b>commentaires<\/b> soulignent les diff\u00e9rents effets qu&rsquo;ils ont remarqu\u00e9s apr\u00e8s avoir utilis\u00e9 Vigrax.<\/p>\n\n\n\n<blockquote class=\"wp-block-quote is-layout-flow wp-block-quote-is-layout-flow\">\n<p><em>Marek :<\/em> \u00ab\u00a0Apr\u00e8s avoir utilis\u00e9 Vigrax pendant plusieurs mois, je peux dire en toute confiance que ma vie intime s&rsquo;est am\u00e9lior\u00e9e. J&rsquo;ai gagn\u00e9 en confiance et les effets sont perceptibles tant sur le plan physique qu&rsquo;\u00e9motionnel.\u00a0\u00bb<\/p>\n<\/blockquote>\n\n\n\n<blockquote class=\"wp-block-quote is-layout-flow wp-block-quote-is-layout-flow\">\n<p><em>Jacek :<\/em> \u00ab\u00a0Dans mon cas, Vigrax a fonctionn\u00e9 mieux que je ne l&rsquo;esp\u00e9rais. Je ressens plus de vitalit\u00e9 et la qualit\u00e9 de l&rsquo;\u00e9rection elle-m\u00eame s&rsquo;est nettement am\u00e9lior\u00e9e. C&rsquo;est un <b>compl\u00e9ment<\/b> vraiment utile !\u00a0\u00bb<\/p>\n<\/blockquote>\n\n\n\n<blockquote class=\"wp-block-quote is-layout-flow wp-block-quote-is-layout-flow\">\n<p><em>Thomas :<\/em> \u00ab\u00a0J&rsquo;appr\u00e9cie particuli\u00e8rement le fait que Vigrax soit un compl\u00e9ment naturel. Apr\u00e8s l&rsquo;avoir utilis\u00e9 pendant un certain temps, j&rsquo;ai remarqu\u00e9 que non seulement mes capacit\u00e9s sexuelles se sont am\u00e9lior\u00e9es, mais aussi mon bien-\u00eatre au quotidien. Je le recommande vivement !\u00a0\u00bb<\/p>\n<\/blockquote>\n\n\n\n<p><b>Les avis sur<\/b> Vigrax font souvent \u00e9tat d&rsquo;une am\u00e9lioration de la puissance et d&rsquo;une augmentation de la libido. Les utilisateurs indiquent que l&rsquo;effet des substances actives telles que la L-arginine HCl et le ginseng contribue \u00e0 une meilleure qualit\u00e9 de vie sexuelle. 70% des personnes remarquent une nette am\u00e9lioration de leurs performances sexuelles par rapport \u00e0 leur \u00e9tat ant\u00e9rieur.<\/p>\n\n\n\n<p>Il convient \u00e9galement de noter quelques aspects qui peuvent \u00eatre pertinents pour certains utilisateurs. Bien que <b>les avis<\/b> soulignent les r\u00e9sultats positifs, certaines personnes restent sceptiques quant \u00e0 l&rsquo;efficacit\u00e9 globale de Vigrax. Les recommandations des utilisateurs et les <b>avis<\/b> en ligne peuvent \u00eatre utiles pour d\u00e9cider d&rsquo;acheter ou non ce compl\u00e9ment.<\/p>\n\n\n\n<h2 class=\"wp-block-heading\">Composition de Vigrax &#8211; Analyse des ingr\u00e9dients<\/h2>\n\n\n\n<p>Vigrax est con\u00e7u pour am\u00e9liorer la fonction sexuelle et augmenter la satisfaction dans la vie intime. Sa <em>composition<\/em> comprend une gamme d&rsquo;ingr\u00e9dients actifs naturels qui soutiennent l&rsquo;organisme de mani\u00e8re synergique.<\/p>\n\n\n\n<ul class=\"wp-block-list\">\n<li><em>L-arginine<\/em> &#8211; est un acide amin\u00e9 qui favorise la circulation sanguine, ce qui influe sur la qualit\u00e9 des \u00e9rections.<\/li>\n\n\n\n<li><em>Extrait de ginseng<\/em> &#8211; connu pour ses propri\u00e9t\u00e9s adaptog\u00e8nes, qui am\u00e9liore la vitalit\u00e9 et l&rsquo;\u00e9nergie.<\/li>\n\n\n\n<li><em>Zinc<\/em> &#8211; essentiel pour la production de testost\u00e9rone, qui est cruciale pour la potentialit\u00e9 masculine.<\/li>\n\n\n\n<li><em>Vitamine B6<\/em> &#8211; favorise le m\u00e9tabolisme hormonal et influence l&rsquo;humeur.<\/li>\n\n\n\n<li><em>Guarana<\/em> &#8211; un stimulant naturel qui augmente les niveaux d&rsquo;\u00e9nergie.<\/li>\n\n\n\n<li><em>Tarnin<\/em> &#8211; un compos\u00e9 qui provient \u00e9galement de la nature et qui soutient la fonction sexuelle.<\/li>\n<\/ul>\n\n\n\n<p><em>Une analyse des<\/em> ingr\u00e9dients montre que Vigrax est principalement bas\u00e9 sur des substances d&rsquo;origine v\u00e9g\u00e9tale, ce qui en fait un choix s\u00fbr pour les hommes de diff\u00e9rentes tranches d&rsquo;\u00e2ge. L&rsquo;utilisation \u00e0 long terme de ce compl\u00e9ment offre la possibilit\u00e9 d&rsquo;obtenir de meilleurs r\u00e9sultats, comme le confirment de nombreux <b>avis d&rsquo;<\/b> utilisateurs. L&rsquo;utilisation de 1 \u00e0 2 comprim\u00e9s par jour est recommand\u00e9e par les fabricants et les substances actives dans le corps, ce qui conduit \u00e0 une augmentation du d\u00e9sir sexuel.<\/p>\n\n\n\n<h2 class=\"wp-block-heading\">Prix de Vigrax &#8211; O\u00f9 acheter ?<\/h2>\n\n\n\n<p>Si vous cherchez Vigrax au meilleur prix, rendez-vous sur le site officiel du fabricant. C&rsquo;est le seul endroit o\u00f9 le produit est disponible et o\u00f9 vous pouvez trouver de nombreuses promotions. Le fabricant organise souvent des ventes saisonni\u00e8res et des offres sp\u00e9ciales qui incluent la livraison gratuite ou des paquets cadeaux suppl\u00e9mentaires.<\/p>\n\n\n\n<h2 class=\"wp-block-heading\">Vigrax &#8211; Effets secondaires et contre-indications &#8211; S\u00e9curit\u00e9 d&#8217;emploi<\/h2>\n\n\n\n<p>Vigrax, bien que g\u00e9n\u00e9ralement consid\u00e9r\u00e9 comme un compl\u00e9ment s\u00fbr, peut provoquer certains <b>effets secondaires<\/b>. Les plus courants sont les maux de t\u00eate, les vertiges et les troubles de la vue. Bien qu&rsquo;il s&rsquo;agisse de d\u00e9sagr\u00e9ments peu fr\u00e9quents, il est utile d&rsquo;y \u00eatre attentif et de surveiller votre bien-\u00eatre apr\u00e8s la prise du produit.<\/p>\n\n\n\n<p>Il est \u00e9galement important de tenir compte des <b>contre-indications<\/b> avant de commencer la suppl\u00e9mentation. Les personnes pr\u00e9sentant une hypersensibilit\u00e9 au sild\u00e9nafil, une maladie cardiovasculaire grave, un accident vasculaire c\u00e9r\u00e9bral ou un infarctus r\u00e9cent, ainsi que l&rsquo;hypotonie, doivent \u00e9viter de prendre Vigrax. Le compl\u00e9ment n&rsquo;est pas destin\u00e9 aux femmes ni aux patients de moins de 18 ans.<\/p>\n\n\n\n<p>Avant d&rsquo;utiliser Vigrax, il est toujours conseill\u00e9 de consulter un m\u00e9decin, qui pourra \u00e9valuer la <b>s\u00e9curit\u00e9 d&rsquo;<\/b> utilisation et adapter la dose aux besoins individuels du patient. Il convient de rappeler qu&rsquo;une bonne approche de la sant\u00e9 intime garantit de meilleurs r\u00e9sultats th\u00e9rapeutiques et minimise le risque d&rsquo;effets secondaires.<\/p>\n","protected":false},"excerpt":{"rendered":"<p><strong>[date_countdown]<\/strong><\/p>\n<p><img decoding=\"async\" class=\"alignnone  wp-image-8427\" src=\"https:\/\/pharmacie-progres-cannes.fr\/pharmacie\/wp-content\/uploads\/2024\/10\/SAFE-PAY-300x88-1.png\" alt=\"SAFE-PAY-300x88\" width=\"164\" height=\"48\" \/><\/p>\n","protected":false},"featured_media":3905,"comment_status":"open","ping_status":"closed","template":"","meta":{"neve_meta_sidebar":"","neve_meta_container":"","neve_meta_enable_content_width":"","neve_meta_content_width":0,"neve_meta_title_alignment":"","neve_meta_author_avatar":"","neve_post_elements_order":"","neve_meta_disable_header":"","neve_meta_disable_footer":"","neve_meta_disable_title":"","neve_meta_reading_time":""},"product_brand":[],"product_cat":[16],"product_tag":[],"class_list":{"0":"post-4478","1":"product","2":"type-product","3":"status-publish","4":"has-post-thumbnail","6":"product_cat-sante-sexuelle","8":"first","9":"instock","10":"sale","11":"shipping-taxable","12":"product-type-external"},"yoast_head":"<!-- This site is optimized with the Yoast SEO plugin v27.3 - https:\/\/yoast.com\/product\/yoast-seo-wordpress\/ -->\n<title>Vigrax - Avis, Forum, Pharmacie, Effets, Prix -50% | Pharmacie-Progres-Pannes<\/title>\n<meta name=\"robots\" content=\"index, follow, max-snippet:-1, max-image-preview:large, max-video-preview:-1\" \/>\n<link rel=\"canonical\" href=\"https:\/\/pharmacie-progres-cannes.fr\/pharmacie\/supp\/vigrax\/\" \/>\n<meta property=\"og:locale\" content=\"fr_FR\" \/>\n<meta property=\"og:type\" content=\"article\" \/>\n<meta property=\"og:title\" content=\"Vigrax - Avis, Forum, Pharmacie, Effets, Prix -50% | Pharmacie-Progres-Pannes\" \/>\n<meta property=\"og:url\" content=\"https:\/\/pharmacie-progres-cannes.fr\/pharmacie\/supp\/vigrax\/\" \/>\n<meta property=\"og:site_name\" content=\"Pharmacie-Progres-Pannes\" \/>\n<meta property=\"article:modified_time\" content=\"2025-03-09T11:22:19+00:00\" \/>\n<meta property=\"og:image\" content=\"https:\/\/pharmacie-progres-cannes.fr\/pharmacie\/wp-content\/uploads\/2024\/10\/Vigrax.jpg\" \/>\n\t<meta property=\"og:image:width\" content=\"768\" \/>\n\t<meta property=\"og:image:height\" content=\"768\" \/>\n\t<meta property=\"og:image:type\" content=\"image\/jpeg\" \/>\n<meta name=\"twitter:card\" content=\"summary_large_image\" \/>\n<meta name=\"twitter:description\" content=\"[date_countdown]\" \/>\n<meta name=\"twitter:label1\" content=\"Dur\u00e9e de lecture estim\u00e9e\" \/>\n\t<meta name=\"twitter:data1\" content=\"1 minute\" \/>\n<script type=\"application\/ld+json\" class=\"yoast-schema-graph\">{\"@context\":\"https:\\\/\\\/schema.org\",\"@graph\":[{\"@type\":\"WebPage\",\"@id\":\"https:\\\/\\\/pharmacie-progres-cannes.fr\\\/pharmacie\\\/supp\\\/vigrax\\\/\",\"url\":\"https:\\\/\\\/pharmacie-progres-cannes.fr\\\/pharmacie\\\/supp\\\/vigrax\\\/\",\"name\":\"Vigrax - Avis, Forum, Pharmacie, Effets, Prix -50% | Pharmacie-Progres-Pannes\",\"isPartOf\":{\"@id\":\"https:\\\/\\\/pharmacie-progres-cannes.fr\\\/pharmacie\\\/#website\"},\"primaryImageOfPage\":{\"@id\":\"https:\\\/\\\/pharmacie-progres-cannes.fr\\\/pharmacie\\\/supp\\\/vigrax\\\/#primaryimage\"},\"image\":{\"@id\":\"https:\\\/\\\/pharmacie-progres-cannes.fr\\\/pharmacie\\\/supp\\\/vigrax\\\/#primaryimage\"},\"thumbnailUrl\":\"https:\\\/\\\/pharmacie-progres-cannes.fr\\\/pharmacie\\\/wp-content\\\/uploads\\\/2024\\\/10\\\/Vigrax.jpg\",\"datePublished\":\"2024-10-18T19:46:05+00:00\",\"dateModified\":\"2025-03-09T11:22:19+00:00\",\"breadcrumb\":{\"@id\":\"https:\\\/\\\/pharmacie-progres-cannes.fr\\\/pharmacie\\\/supp\\\/vigrax\\\/#breadcrumb\"},\"inLanguage\":\"fr-FR\",\"potentialAction\":[{\"@type\":\"ReadAction\",\"target\":[\"https:\\\/\\\/pharmacie-progres-cannes.fr\\\/pharmacie\\\/supp\\\/vigrax\\\/\"]}]},{\"@type\":\"ImageObject\",\"inLanguage\":\"fr-FR\",\"@id\":\"https:\\\/\\\/pharmacie-progres-cannes.fr\\\/pharmacie\\\/supp\\\/vigrax\\\/#primaryimage\",\"url\":\"https:\\\/\\\/pharmacie-progres-cannes.fr\\\/pharmacie\\\/wp-content\\\/uploads\\\/2024\\\/10\\\/Vigrax.jpg\",\"contentUrl\":\"https:\\\/\\\/pharmacie-progres-cannes.fr\\\/pharmacie\\\/wp-content\\\/uploads\\\/2024\\\/10\\\/Vigrax.jpg\",\"width\":768,\"height\":768},{\"@type\":\"BreadcrumbList\",\"@id\":\"https:\\\/\\\/pharmacie-progres-cannes.fr\\\/pharmacie\\\/supp\\\/vigrax\\\/#breadcrumb\",\"itemListElement\":[{\"@type\":\"ListItem\",\"position\":1,\"name\":\"Strona g\u0142\u00f3wna\",\"item\":\"https:\\\/\\\/pharmacie-progres-cannes.fr\\\/pharmacie\\\/\"},{\"@type\":\"ListItem\",\"position\":2,\"name\":\"farmaci\",\"item\":\"https:\\\/\\\/pharmacie-progres-cannes.fr\\\/pharmacie\\\/\"},{\"@type\":\"ListItem\",\"position\":3,\"name\":\"Vigrax\"}]},{\"@type\":\"WebSite\",\"@id\":\"https:\\\/\\\/pharmacie-progres-cannes.fr\\\/pharmacie\\\/#website\",\"url\":\"https:\\\/\\\/pharmacie-progres-cannes.fr\\\/pharmacie\\\/\",\"name\":\"Pharmacie-Progres-Pannes\",\"description\":\"\",\"potentialAction\":[{\"@type\":\"SearchAction\",\"target\":{\"@type\":\"EntryPoint\",\"urlTemplate\":\"https:\\\/\\\/pharmacie-progres-cannes.fr\\\/pharmacie\\\/?s={search_term_string}\"},\"query-input\":{\"@type\":\"PropertyValueSpecification\",\"valueRequired\":true,\"valueName\":\"search_term_string\"}}],\"inLanguage\":\"fr-FR\"}]}<\/script>\n<!-- \/ Yoast SEO plugin. -->","yoast_head_json":{"title":"Vigrax - Avis, Forum, Pharmacie, Effets, Prix -50% | Pharmacie-Progres-Pannes","robots":{"index":"index","follow":"follow","max-snippet":"max-snippet:-1","max-image-preview":"max-image-preview:large","max-video-preview":"max-video-preview:-1"},"canonical":"https:\/\/pharmacie-progres-cannes.fr\/pharmacie\/supp\/vigrax\/","og_locale":"fr_FR","og_type":"article","og_title":"Vigrax - Avis, Forum, Pharmacie, Effets, Prix -50% | Pharmacie-Progres-Pannes","og_url":"https:\/\/pharmacie-progres-cannes.fr\/pharmacie\/supp\/vigrax\/","og_site_name":"Pharmacie-Progres-Pannes","article_modified_time":"2025-03-09T11:22:19+00:00","og_image":[{"width":768,"height":768,"url":"https:\/\/pharmacie-progres-cannes.fr\/pharmacie\/wp-content\/uploads\/2024\/10\/Vigrax.jpg","type":"image\/jpeg"}],"twitter_card":"summary_large_image","twitter_description":"[date_countdown]","twitter_misc":{"Dur\u00e9e de lecture estim\u00e9e":"1 minute"},"schema":{"@context":"https:\/\/schema.org","@graph":[{"@type":"WebPage","@id":"https:\/\/pharmacie-progres-cannes.fr\/pharmacie\/supp\/vigrax\/","url":"https:\/\/pharmacie-progres-cannes.fr\/pharmacie\/supp\/vigrax\/","name":"Vigrax - Avis, Forum, Pharmacie, Effets, Prix -50% | Pharmacie-Progres-Pannes","isPartOf":{"@id":"https:\/\/pharmacie-progres-cannes.fr\/pharmacie\/#website"},"primaryImageOfPage":{"@id":"https:\/\/pharmacie-progres-cannes.fr\/pharmacie\/supp\/vigrax\/#primaryimage"},"image":{"@id":"https:\/\/pharmacie-progres-cannes.fr\/pharmacie\/supp\/vigrax\/#primaryimage"},"thumbnailUrl":"https:\/\/pharmacie-progres-cannes.fr\/pharmacie\/wp-content\/uploads\/2024\/10\/Vigrax.jpg","datePublished":"2024-10-18T19:46:05+00:00","dateModified":"2025-03-09T11:22:19+00:00","breadcrumb":{"@id":"https:\/\/pharmacie-progres-cannes.fr\/pharmacie\/supp\/vigrax\/#breadcrumb"},"inLanguage":"fr-FR","potentialAction":[{"@type":"ReadAction","target":["https:\/\/pharmacie-progres-cannes.fr\/pharmacie\/supp\/vigrax\/"]}]},{"@type":"ImageObject","inLanguage":"fr-FR","@id":"https:\/\/pharmacie-progres-cannes.fr\/pharmacie\/supp\/vigrax\/#primaryimage","url":"https:\/\/pharmacie-progres-cannes.fr\/pharmacie\/wp-content\/uploads\/2024\/10\/Vigrax.jpg","contentUrl":"https:\/\/pharmacie-progres-cannes.fr\/pharmacie\/wp-content\/uploads\/2024\/10\/Vigrax.jpg","width":768,"height":768},{"@type":"BreadcrumbList","@id":"https:\/\/pharmacie-progres-cannes.fr\/pharmacie\/supp\/vigrax\/#breadcrumb","itemListElement":[{"@type":"ListItem","position":1,"name":"Strona g\u0142\u00f3wna","item":"https:\/\/pharmacie-progres-cannes.fr\/pharmacie\/"},{"@type":"ListItem","position":2,"name":"farmaci","item":"https:\/\/pharmacie-progres-cannes.fr\/pharmacie\/"},{"@type":"ListItem","position":3,"name":"Vigrax"}]},{"@type":"WebSite","@id":"https:\/\/pharmacie-progres-cannes.fr\/pharmacie\/#website","url":"https:\/\/pharmacie-progres-cannes.fr\/pharmacie\/","name":"Pharmacie-Progres-Pannes","description":"","potentialAction":[{"@type":"SearchAction","target":{"@type":"EntryPoint","urlTemplate":"https:\/\/pharmacie-progres-cannes.fr\/pharmacie\/?s={search_term_string}"},"query-input":{"@type":"PropertyValueSpecification","valueRequired":true,"valueName":"search_term_string"}}],"inLanguage":"fr-FR"}]}},"_links":{"self":[{"href":"https:\/\/pharmacie-progres-cannes.fr\/pharmacie\/wp-json\/wp\/v2\/product\/4478","targetHints":{"allow":["GET"]}}],"collection":[{"href":"https:\/\/pharmacie-progres-cannes.fr\/pharmacie\/wp-json\/wp\/v2\/product"}],"about":[{"href":"https:\/\/pharmacie-progres-cannes.fr\/pharmacie\/wp-json\/wp\/v2\/types\/product"}],"replies":[{"embeddable":true,"href":"https:\/\/pharmacie-progres-cannes.fr\/pharmacie\/wp-json\/wp\/v2\/comments?post=4478"}],"wp:featuredmedia":[{"embeddable":true,"href":"https:\/\/pharmacie-progres-cannes.fr\/pharmacie\/wp-json\/wp\/v2\/media\/3905"}],"wp:attachment":[{"href":"https:\/\/pharmacie-progres-cannes.fr\/pharmacie\/wp-json\/wp\/v2\/media?parent=4478"}],"wp:term":[{"taxonomy":"product_brand","embeddable":true,"href":"https:\/\/pharmacie-progres-cannes.fr\/pharmacie\/wp-json\/wp\/v2\/product_brand?post=4478"},{"taxonomy":"product_cat","embeddable":true,"href":"https:\/\/pharmacie-progres-cannes.fr\/pharmacie\/wp-json\/wp\/v2\/product_cat?post=4478"},{"taxonomy":"product_tag","embeddable":true,"href":"https:\/\/pharmacie-progres-cannes.fr\/pharmacie\/wp-json\/wp\/v2\/product_tag?post=4478"}],"curies":[{"name":"wp","href":"https:\/\/api.w.org\/{rel}","templated":true}]}}