{"id":4477,"date":"2024-10-18T19:46:05","date_gmt":"2024-10-18T19:46:05","guid":{"rendered":"https:\/\/chirurgie-orthopedie-vannes.fr\/pharmacie\/?post_type=product&#038;p=4477"},"modified":"2025-03-09T11:09:22","modified_gmt":"2025-03-09T11:09:22","slug":"somatodrol","status":"publish","type":"product","link":"https:\/\/pharmacie-progres-cannes.fr\/pharmacie\/supp\/somatodrol\/","title":{"rendered":"Somatodrol"},"content":{"rendered":"\n<h2 class=\"wp-block-heading\">Qu&rsquo;est-ce que le Somatodrol et comment fonctionne-t-il ?<\/h2>\n\n\n\n<p><b>Somatodrol<\/b> est un <b>compl\u00e9ment alimentaire<\/b> innovant destin\u00e9 aux personnes souhaitant augmenter leur masse musculaire et am\u00e9liorer leurs performances athl\u00e9tiques. Son <b>action<\/b> repose sur le soutien de la production naturelle d&rsquo;hormones anabolisantes telles que la testost\u00e9rone et l&rsquo;hormone de croissance. C&rsquo;est gr\u00e2ce \u00e0 elles qu&rsquo;il est possible d&rsquo;augmenter sensiblement la force et la masse musculaire. Les <b>principes<\/b> actifs contenus dans Somatodrol ont un effet positif sur les processus de r\u00e9g\u00e9n\u00e9ration musculaire apr\u00e8s un entra\u00eenement intensif.<\/p>\n\n\n\n<p>Le compl\u00e9ment favorise la s\u00e9cr\u00e9tion d&rsquo;hormones anabolisantes, ce qui acc\u00e9l\u00e8re le d\u00e9veloppement musculaire. Somatodrol contient de l&rsquo;arginine, qui augmente le flux sanguin, ce qui permet une meilleure oxyg\u00e9nation des muscles pendant l&rsquo;exercice. Le guarana, qui contient une source naturelle de caf\u00e9ine, apporte de l&rsquo;\u00e9nergie et am\u00e9liore la concentration, ce qui est crucial pendant l&rsquo;entra\u00eenement. En outre, la vitamine B12 soutient les processus m\u00e9taboliques, ce qui est important pour l&rsquo;efficacit\u00e9 des athl\u00e8tes.<\/p>\n\n\n\n<p>Dans le cas du Somatodrol, il est \u00e9galement important de noter que le fabricant recommande d&rsquo;<b>utiliser<\/b> le compl\u00e9ment pendant au moins 2 mois pour obtenir des r\u00e9sultats optimaux. <b>Les effets de<\/b> son action peuvent d\u00e9j\u00e0 \u00eatre perceptibles apr\u00e8s 1 \u00e0 2 mois d&rsquo;utilisation r\u00e9guli\u00e8re. Les personnes qui s&rsquo;entra\u00eenent intens\u00e9ment peuvent constater une am\u00e9lioration significative de leurs performances physiques et de l&rsquo;efficacit\u00e9 de leurs exercices, ce qui fait de Somatodrol un excellent soutien dans la poursuite de leur silhouette de r\u00eave.<\/p>\n\n\n\n<h2 class=\"wp-block-heading\">Effets du somatodrol<\/h2>\n\n\n\n<p><b>L&rsquo;utilisation du<\/b> Somatodrol peut avoir de nombreux <em>effets<\/em> positifs pour ceux qui souhaitent augmenter leur <em>masse musculaire<\/em>. <b>Les utilisateurs<\/b> soulignent souvent une augmentation significative de la force et de la masse musculaire en peu de temps. D\u00e8s 2 \u00e0 3 semaines, les premiers <em>r\u00e9sultats de l&rsquo;entra\u00eenement<\/em> sont visibles, ce qui incite \u00e0 poursuivre le travail sur soi. Il convient de mentionner que la <b>masse musculaire<\/b> moyenne augmente de 1,5 kg apr\u00e8s deux semaines d&rsquo;utilisation et que l&rsquo;on peut gagner jusqu&rsquo;\u00e0 7 kg en l&rsquo;espace de quatre mois.<\/p>\n\n\n\n<p>La prise r\u00e9guli\u00e8re du compl\u00e9ment acc\u00e9l\u00e8re la r\u00e9cup\u00e9ration post-exercice, ce qui permet des entra\u00eenements plus fr\u00e9quents et plus intenses. Les <b>utilisateurs<\/b> remarquent \u00e9galement une r\u00e9duction des crampes musculaires, ce qui augmente le confort de l&rsquo;entra\u00eenement. En outre, le Somatodrol soutient le processus de combustion des graisses, ce qui favorise une meilleure d\u00e9finition musculaire. Les utilisateurs du compl\u00e9ment remarquent \u00e9galement une am\u00e9lioration de leur humeur et de leur bien-\u00eatre, ce qui est important dans le cadre d&rsquo;un entra\u00eenement r\u00e9gulier.<\/p>\n\n\n\n<p>Gr\u00e2ce \u00e0 sa formule qui stimule la production naturelle de testost\u00e9rone et d&rsquo;hormone de croissance (HGH), Somatodrol favorise les processus anaboliques dans l&rsquo;organisme. <b>Les utilisateurs<\/b> signalent que <b>les effets<\/b> sont plus prononc\u00e9s lorsqu&rsquo;ils sont combin\u00e9s \u00e0 un r\u00e9gime alimentaire appropri\u00e9 et \u00e0 une activit\u00e9 physique r\u00e9guli\u00e8re. L&rsquo;\u00e9valuation moyenne du produit indique un niveau de 4,97\/5, confirmant sa popularit\u00e9 et son efficacit\u00e9 parmi les athl\u00e8tes et les personnes physiquement actives.<\/p>\n\n\n\n<figure class=\"wp-block-table\"><table class=\"has-fixed-layout\"><tbody><tr><th>P\u00e9riode d&rsquo;application<\/th><th>Gain moyen de masse musculaire<\/th><th>Augmentation de la force<\/th><th>Am\u00e9liorer la r\u00e9g\u00e9n\u00e9ration<\/th><\/tr><tr><td>2 semaines<\/td><td>1,5 kg<\/td><td>80%<\/td><td>30%<\/td><\/tr><tr><td>4 mois<\/td><td>7 kg<\/td><td>100%<\/td><td>50%<\/td><\/tr><tr><td>3 mois<\/td><td>14 kg (max.)<\/td><td>85%<\/td><td>40%<\/td><\/tr><\/tbody><\/table><\/figure>\n\n\n\n<h2 class=\"wp-block-heading\">Comment utiliser correctement Somatodrol &#8211; Posologie<\/h2>\n\n\n\n<p>Le somatodrol est un compl\u00e9ment alimentaire populaire qui soutient le processus de d\u00e9veloppement de la masse musculaire. Pour optimiser les r\u00e9sultats, il est important de respecter le bon dosage. Il est recommand\u00e9 de prendre 1 \u00e0 2 g\u00e9lules de Somatodrol deux fois par jour, de pr\u00e9f\u00e9rence avec beaucoup d&rsquo;eau.<\/p>\n\n\n\n<p>Ce <em>dosage<\/em> est essentiel pour obtenir les effets maximums du suppl\u00e9ment, tout en minimisant les <b>effets secondaires<\/b> potentiels. L&rsquo;<em>utilisation du<\/em> compl\u00e9ment avant et apr\u00e8s l&rsquo;entra\u00eenement aide \u00e0 soutenir le corps dans le processus de r\u00e9g\u00e9n\u00e9ration et de construction de la masse musculaire.<\/p>\n\n\n\n<p><b>Les ingr\u00e9dients<\/b> contenus dans Somatodrol, tels que la b\u00eata-alanine et l&rsquo;AAKG, agissent en synergie pour augmenter l&rsquo;<em>efficacit\u00e9<\/em> et acc\u00e9l\u00e9rer les r\u00e9sultats. L&rsquo;utilisation r\u00e9guli\u00e8re du compl\u00e9ment contribue \u00e0 une progression significative de l&rsquo;entra\u00eenement.<\/p>\n\n\n\n<figure class=\"wp-block-table\"><table class=\"has-fixed-layout\"><tbody><tr><th>Dosage<\/th><th>Heure de r\u00e9ception<\/th><th>Effets<\/th><\/tr><tr><td>1 \u00e0 2 g\u00e9lules<\/td><td>2 fois par jour<\/td><td><b>Augmentation de la masse musculaire<\/b><\/td><\/tr><tr><td>1 \u00e0 2 g\u00e9lules<\/td><td>Avant et apr\u00e8s la formation<\/td><td>R\u00e9g\u00e9n\u00e9ration du corps<\/td><\/tr><\/tbody><\/table><\/figure>\n\n\n\n<p>Le Somatodrol, lorsqu&rsquo;il est correctement dos\u00e9 et utilis\u00e9, peut am\u00e9liorer de mani\u00e8re significative les performances sportives et la forme physique en g\u00e9n\u00e9ral. Les utilisateurs remarquent souvent des changements positifs apr\u00e8s seulement quelques semaines d&rsquo;utilisation r\u00e9guli\u00e8re.<\/p>\n\n\n\n<h2 class=\"wp-block-heading\">Somatodrol &#8211; Avis des utilisateurs, forum &#8211; Que disent les utilisateurs ?<\/h2>\n\n\n\n<p>Les <b>commentaires des<\/b> utilisateurs de Somatodrol sont extr\u00eamement positifs, avec de nombreux rapports sur l&rsquo;am\u00e9lioration des r\u00e9sultats de l&rsquo;entra\u00eenement. De nombreuses personnes remarquent des <b>augmentations<\/b> significatives <b>de la masse musculaire<\/b> et de la force apr\u00e8s seulement quelques semaines d&rsquo;utilisation. Sur les <b>forums<\/b>, on peut trouver diverses exp\u00e9riences montrant les effets de l&rsquo;utilisation du compl\u00e9ment.<\/p>\n\n\n\n<blockquote class=\"wp-block-quote is-layout-flow wp-block-quote-is-layout-flow\">\n<p>\u00ab\u00a0J&rsquo;utilise Somatodrol depuis 2 mois. J&rsquo;ai r\u00e9ussi \u00e0 augmenter ma force de 10 kg ! Mes s\u00e9ances d&rsquo;entra\u00eenement sont devenues beaucoup plus intenses.\u00a0\u00bb<\/p>\n<\/blockquote>\n\n\n\n<p>Certains utilisateurs se trompent dans l&rsquo;interpr\u00e9tation des effets. Beaucoup pensent que le compl\u00e9ment permet un gain de masse musculaire de 12 kg en un mois, mais ces chiffres sont souvent sujets \u00e0 caution. Le <b>forum<\/b> souligne aussi souvent l&rsquo;importance d&rsquo;utiliser le Somatodrol en combinaison avec d&rsquo;autres compl\u00e9ments, comme la cr\u00e9atine ou la b\u00eata-alanine, ce qui influence encore plus les r\u00e9sultats obtenus.<\/p>\n\n\n\n<ul class=\"wp-block-list\">\n<li>Augmentation de la masse corporelle maigre de 0,5 kg apr\u00e8s 8 semaines.<\/li>\n\n\n\n<li>R\u00e9duction de la masse grasse d&rsquo;environ 10 % selon les utilisateurs.<\/li>\n\n\n\n<li>Une augmentation de 30% des niveaux de testost\u00e9rone et de 26% des niveaux d&rsquo;hormone de croissance HGH apr\u00e8s la prise de Somatodrol.<\/li>\n<\/ul>\n\n\n\n<p>Le <b>forum<\/b> contient \u00e9galement des <b>commentaires<\/b> sur les r\u00e9sultats escompt\u00e9s obtenus par d&rsquo;autres utilisateurs, qui peuvent \u00eatre dus \u00e0 divers facteurs tels que le mode de vie et l&rsquo;\u00e9tat de sant\u00e9. Il est important de savoir que tout le monde ne peut pas obtenir les m\u00eames r\u00e9sultats, car ceux-ci peuvent varier en fonction des pr\u00e9dispositions individuelles.<\/p>\n\n\n\n<p>En d\u00e9finitive, bien que les <b>avis d&rsquo;<\/b> utilisateurs <b>sur le<\/b> Somatodrol soient majoritairement positifs, il convient \u00e9galement d&rsquo;\u00eatre critique \u00e0 l&rsquo;\u00e9gard des t\u00e9moignages que nous rencontrons sur les forums. On peut mentionner le nombre croissant de personnes qui expriment des doutes sur l&rsquo;authenticit\u00e9 des avis et la manipulation fr\u00e9quente des opinions en ligne.<\/p>\n\n\n\n<h2 class=\"wp-block-heading\">Somatodrol &#8211; Composition &#8211; Que contient le produit ?<\/h2>\n\n\n\n<p>Somatodrol est un <b>compl\u00e9ment alimentaire<\/b> qui contient des <b>ingr\u00e9dients<\/b> soigneusement s\u00e9lectionn\u00e9s pour soutenir les effets anabolisants. L&rsquo;objectif principal de ces <em>ingr\u00e9dients<\/em> est d&rsquo;augmenter les niveaux de testost\u00e9rone et d&rsquo;acc\u00e9l\u00e9rer la prise de masse musculaire. Les ingr\u00e9dients contenus dans Somatodrol sont les suivants :<\/p>\n\n\n\n<figure class=\"wp-block-table\"><table class=\"has-fixed-layout\"><tbody><tr><th>Composant<\/th><th>Contenu par portion (2 capsules)<\/th><\/tr><tr><td>B\u00eata-alanine<\/td><td>400 mg<\/td><\/tr><tr><td>AAKG (alpha-c\u00e9toglutarate d&rsquo;arginine)<\/td><td>300 mg<\/td><\/tr><tr><td>Acide D-aspartique (DAA)<\/td><td>200 mg<\/td><\/tr><tr><td>Oxyde de zinc<\/td><td>6,6 mg (66,6 % RWS)<\/td><\/tr><tr><td>Extrait de poivre de Cayenne<\/td><td>90 mg (dont capsa\u00efcine : 0,2 mg)<\/td><\/tr><tr><td>Extrait de guarana<\/td><td>46 mg (dont caf\u00e9ine : 10 mg)<\/td><\/tr><tr><td>Caf\u00e9ine anhydre<\/td><td>30 mg<\/td><\/tr><tr><td>Niacine<\/td><td>6 mg (38% du RWS)<\/td><\/tr><tr><td>Vitamine B6<\/td><td>0,6 mg (44 % du RWS)<\/td><\/tr><tr><td>Vitamine B12<\/td><td>0,9 \u00b5g (36 % du RWS)<\/td><\/tr><\/tbody><\/table><\/figure>\n\n\n\n<p>Chaque <em>ingr\u00e9dient<\/em> de Somatodrol contribue \u00e0 l&rsquo;augmentation de la production d&rsquo;hormone de croissance (HGH) et \u00e0 l&rsquo;am\u00e9lioration globale des performances musculaires. L&rsquo;utilisation r\u00e9guli\u00e8re de ce <em>compl\u00e9ment alimentaire<\/em> \u00e0 la dose recommand\u00e9e, soit 1 \u00e0 2 g\u00e9lules deux fois par jour, permet d&rsquo;obtenir des r\u00e9sultats rapides sous la forme d&rsquo;une augmentation de la masse musculaire, d&rsquo;un accroissement de la force et d&rsquo;une r\u00e9cup\u00e9ration plus rapide apr\u00e8s des s\u00e9ances d&rsquo;entra\u00eenement intensives. Les utilisateurs soulignent \u00e9galement les effets positifs du Somatodrol sur la libido et les performances sexuelles.<\/p>\n\n\n\n<h2 class=\"wp-block-heading\">O\u00f9 acheter et quel est le prix du Somatodrol ?<\/h2>\n\n\n\n<p>Lorsque vous achetez Somatodrol sur le site officiel du fabricant, vous pouvez \u00eatre s\u00fbr que vous obtenez un produit original de la plus haute qualit\u00e9. En outre, le fabricant organise r\u00e9guli\u00e8rement des promotions attrayantes qui vous permettent d&rsquo;\u00e9conomiser sur votre achat. Vous pouvez b\u00e9n\u00e9ficier de r\u00e9ductions de prix, de forfaits promotionnels et de la livraison gratuite sous certaines conditions. Pour ne pas passer \u00e0 c\u00f4t\u00e9 des meilleures affaires, il vaut la peine de garder un \u0153il sur le site.<\/p>\n\n\n\n<h2 class=\"wp-block-heading\">Effets secondaires potentiels et contre-indications du Somatodrol<\/h2>\n\n\n\n<p>Bien qu&rsquo;il soit consid\u00e9r\u00e9 comme un suppl\u00e9ment ayant un profil de s\u00e9curit\u00e9 \u00e9lev\u00e9, le Somatodrol peut provoquer des <b>effets secondaires<\/b> qu&rsquo;il convient de surveiller. Certains utilisateurs peuvent pr\u00e9senter des sympt\u00f4mes tels que des maux de t\u00eate, des probl\u00e8mes gastro-intestinaux, ainsi qu&rsquo;une \u00e9l\u00e9vation du cholest\u00e9rol ou de la tension art\u00e9rielle. Il est donc important que les personnes qui choisissent d&rsquo;utiliser ce produit soient conscientes des risques potentiels et surveillent leur bien-\u00eatre.<\/p>\n\n\n\n<p>Les <b>contre-indications<\/b> \u00e0 l&rsquo;utilisation du Somatodrol comprennent les personnes allergiques aux ingr\u00e9dients contenus dans le suppl\u00e9ment, les femmes enceintes et les m\u00e8res qui allaitent. En outre, le suppl\u00e9ment n&rsquo;est pas recommand\u00e9 pour les personnes \u00e2g\u00e9es de moins de 21 ans ou pour les enfants. Les utilisateurs, en particulier les moins exp\u00e9riment\u00e9s, doivent faire preuve d&rsquo;une extr\u00eame prudence et envisager de consulter un m\u00e9decin avant de commencer la suppl\u00e9mentation.<\/p>\n\n\n\n<p>Il convient \u00e9galement de noter que lors de l&rsquo;utilisation du Somatodrol, il est important d&rsquo;\u00e9viter la consommation d&rsquo;alcool, de m\u00e9dicaments ou de substances psychoactives, qui peuvent augmenter le risque d&rsquo;effets secondaires. Prendre soin de sa sant\u00e9 et maintenir un mode de vie \u00e9quilibr\u00e9 pendant la suppl\u00e9mentation est essentiel pour obtenir des effets positifs et minimiser le risque d&rsquo;effets secondaires.<\/p>\n","protected":false},"excerpt":{"rendered":"<p><strong>[date_countdown]<\/strong><\/p>\n<p><img decoding=\"async\" class=\"alignnone  wp-image-8427\" src=\"https:\/\/pharmacie-progres-cannes.fr\/pharmacie\/wp-content\/uploads\/2024\/10\/SAFE-PAY-300x88-1.png\" alt=\"SAFE-PAY-300x88\" width=\"164\" height=\"48\" \/><\/p>\n","protected":false},"featured_media":3904,"comment_status":"open","ping_status":"closed","template":"","meta":{"neve_meta_sidebar":"","neve_meta_container":"","neve_meta_enable_content_width":"","neve_meta_content_width":0,"neve_meta_title_alignment":"","neve_meta_author_avatar":"","neve_post_elements_order":"","neve_meta_disable_header":"","neve_meta_disable_footer":"","neve_meta_disable_title":"","neve_meta_reading_time":""},"product_brand":[],"product_cat":[15],"product_tag":[],"class_list":{"0":"post-4477","1":"product","2":"type-product","3":"status-publish","4":"has-post-thumbnail","6":"product_cat-perte-de-poids","8":"first","9":"instock","10":"sale","11":"shipping-taxable","12":"product-type-external"},"yoast_head":"<!-- This site is optimized with the Yoast SEO plugin v27.4 - https:\/\/yoast.com\/product\/yoast-seo-wordpress\/ -->\n<title>Somatodrol - Avis, Forum, Pharmacie, Effets, Prix -50% | Pharmacie-Progres-Pannes<\/title>\n<meta name=\"robots\" content=\"index, follow, max-snippet:-1, max-image-preview:large, max-video-preview:-1\" \/>\n<link rel=\"canonical\" href=\"https:\/\/pharmacie-progres-cannes.fr\/pharmacie\/supp\/somatodrol\/\" \/>\n<meta property=\"og:locale\" content=\"fr_FR\" \/>\n<meta property=\"og:type\" content=\"article\" \/>\n<meta property=\"og:title\" content=\"Somatodrol - Avis, Forum, Pharmacie, Effets, Prix -50% | Pharmacie-Progres-Pannes\" \/>\n<meta property=\"og:url\" content=\"https:\/\/pharmacie-progres-cannes.fr\/pharmacie\/supp\/somatodrol\/\" \/>\n<meta property=\"og:site_name\" content=\"Pharmacie-Progres-Pannes\" \/>\n<meta property=\"article:modified_time\" content=\"2025-03-09T11:09:22+00:00\" \/>\n<meta property=\"og:image\" content=\"https:\/\/pharmacie-progres-cannes.fr\/pharmacie\/wp-content\/uploads\/2024\/10\/Somatodrol.jpg\" \/>\n\t<meta property=\"og:image:width\" content=\"768\" \/>\n\t<meta property=\"og:image:height\" content=\"768\" \/>\n\t<meta property=\"og:image:type\" content=\"image\/jpeg\" \/>\n<meta name=\"twitter:card\" content=\"summary_large_image\" \/>\n<meta name=\"twitter:description\" content=\"[date_countdown]\" \/>\n<meta name=\"twitter:label1\" content=\"Dur\u00e9e de lecture estim\u00e9e\" \/>\n\t<meta name=\"twitter:data1\" content=\"1 minute\" \/>\n<script type=\"application\/ld+json\" class=\"yoast-schema-graph\">{\"@context\":\"https:\\\/\\\/schema.org\",\"@graph\":[{\"@type\":\"WebPage\",\"@id\":\"https:\\\/\\\/pharmacie-progres-cannes.fr\\\/pharmacie\\\/supp\\\/somatodrol\\\/\",\"url\":\"https:\\\/\\\/pharmacie-progres-cannes.fr\\\/pharmacie\\\/supp\\\/somatodrol\\\/\",\"name\":\"Somatodrol - Avis, Forum, Pharmacie, Effets, Prix -50% | Pharmacie-Progres-Pannes\",\"isPartOf\":{\"@id\":\"https:\\\/\\\/pharmacie-progres-cannes.fr\\\/pharmacie\\\/#website\"},\"primaryImageOfPage\":{\"@id\":\"https:\\\/\\\/pharmacie-progres-cannes.fr\\\/pharmacie\\\/supp\\\/somatodrol\\\/#primaryimage\"},\"image\":{\"@id\":\"https:\\\/\\\/pharmacie-progres-cannes.fr\\\/pharmacie\\\/supp\\\/somatodrol\\\/#primaryimage\"},\"thumbnailUrl\":\"https:\\\/\\\/pharmacie-progres-cannes.fr\\\/pharmacie\\\/wp-content\\\/uploads\\\/2024\\\/10\\\/Somatodrol.jpg\",\"datePublished\":\"2024-10-18T19:46:05+00:00\",\"dateModified\":\"2025-03-09T11:09:22+00:00\",\"breadcrumb\":{\"@id\":\"https:\\\/\\\/pharmacie-progres-cannes.fr\\\/pharmacie\\\/supp\\\/somatodrol\\\/#breadcrumb\"},\"inLanguage\":\"fr-FR\",\"potentialAction\":[{\"@type\":\"ReadAction\",\"target\":[\"https:\\\/\\\/pharmacie-progres-cannes.fr\\\/pharmacie\\\/supp\\\/somatodrol\\\/\"]}]},{\"@type\":\"ImageObject\",\"inLanguage\":\"fr-FR\",\"@id\":\"https:\\\/\\\/pharmacie-progres-cannes.fr\\\/pharmacie\\\/supp\\\/somatodrol\\\/#primaryimage\",\"url\":\"https:\\\/\\\/pharmacie-progres-cannes.fr\\\/pharmacie\\\/wp-content\\\/uploads\\\/2024\\\/10\\\/Somatodrol.jpg\",\"contentUrl\":\"https:\\\/\\\/pharmacie-progres-cannes.fr\\\/pharmacie\\\/wp-content\\\/uploads\\\/2024\\\/10\\\/Somatodrol.jpg\",\"width\":768,\"height\":768},{\"@type\":\"BreadcrumbList\",\"@id\":\"https:\\\/\\\/pharmacie-progres-cannes.fr\\\/pharmacie\\\/supp\\\/somatodrol\\\/#breadcrumb\",\"itemListElement\":[{\"@type\":\"ListItem\",\"position\":1,\"name\":\"Strona g\u0142\u00f3wna\",\"item\":\"https:\\\/\\\/pharmacie-progres-cannes.fr\\\/pharmacie\\\/\"},{\"@type\":\"ListItem\",\"position\":2,\"name\":\"farmaci\",\"item\":\"https:\\\/\\\/pharmacie-progres-cannes.fr\\\/pharmacie\\\/\"},{\"@type\":\"ListItem\",\"position\":3,\"name\":\"Somatodrol\"}]},{\"@type\":\"WebSite\",\"@id\":\"https:\\\/\\\/pharmacie-progres-cannes.fr\\\/pharmacie\\\/#website\",\"url\":\"https:\\\/\\\/pharmacie-progres-cannes.fr\\\/pharmacie\\\/\",\"name\":\"Pharmacie-Progres-Pannes\",\"description\":\"\",\"potentialAction\":[{\"@type\":\"SearchAction\",\"target\":{\"@type\":\"EntryPoint\",\"urlTemplate\":\"https:\\\/\\\/pharmacie-progres-cannes.fr\\\/pharmacie\\\/?s={search_term_string}\"},\"query-input\":{\"@type\":\"PropertyValueSpecification\",\"valueRequired\":true,\"valueName\":\"search_term_string\"}}],\"inLanguage\":\"fr-FR\"}]}<\/script>\n<!-- \/ Yoast SEO plugin. -->","yoast_head_json":{"title":"Somatodrol - Avis, Forum, Pharmacie, Effets, Prix -50% | Pharmacie-Progres-Pannes","robots":{"index":"index","follow":"follow","max-snippet":"max-snippet:-1","max-image-preview":"max-image-preview:large","max-video-preview":"max-video-preview:-1"},"canonical":"https:\/\/pharmacie-progres-cannes.fr\/pharmacie\/supp\/somatodrol\/","og_locale":"fr_FR","og_type":"article","og_title":"Somatodrol - Avis, Forum, Pharmacie, Effets, Prix -50% | Pharmacie-Progres-Pannes","og_url":"https:\/\/pharmacie-progres-cannes.fr\/pharmacie\/supp\/somatodrol\/","og_site_name":"Pharmacie-Progres-Pannes","article_modified_time":"2025-03-09T11:09:22+00:00","og_image":[{"width":768,"height":768,"url":"https:\/\/pharmacie-progres-cannes.fr\/pharmacie\/wp-content\/uploads\/2024\/10\/Somatodrol.jpg","type":"image\/jpeg"}],"twitter_card":"summary_large_image","twitter_description":"[date_countdown]","twitter_misc":{"Dur\u00e9e de lecture estim\u00e9e":"1 minute"},"schema":{"@context":"https:\/\/schema.org","@graph":[{"@type":"WebPage","@id":"https:\/\/pharmacie-progres-cannes.fr\/pharmacie\/supp\/somatodrol\/","url":"https:\/\/pharmacie-progres-cannes.fr\/pharmacie\/supp\/somatodrol\/","name":"Somatodrol - Avis, Forum, Pharmacie, Effets, Prix -50% | Pharmacie-Progres-Pannes","isPartOf":{"@id":"https:\/\/pharmacie-progres-cannes.fr\/pharmacie\/#website"},"primaryImageOfPage":{"@id":"https:\/\/pharmacie-progres-cannes.fr\/pharmacie\/supp\/somatodrol\/#primaryimage"},"image":{"@id":"https:\/\/pharmacie-progres-cannes.fr\/pharmacie\/supp\/somatodrol\/#primaryimage"},"thumbnailUrl":"https:\/\/pharmacie-progres-cannes.fr\/pharmacie\/wp-content\/uploads\/2024\/10\/Somatodrol.jpg","datePublished":"2024-10-18T19:46:05+00:00","dateModified":"2025-03-09T11:09:22+00:00","breadcrumb":{"@id":"https:\/\/pharmacie-progres-cannes.fr\/pharmacie\/supp\/somatodrol\/#breadcrumb"},"inLanguage":"fr-FR","potentialAction":[{"@type":"ReadAction","target":["https:\/\/pharmacie-progres-cannes.fr\/pharmacie\/supp\/somatodrol\/"]}]},{"@type":"ImageObject","inLanguage":"fr-FR","@id":"https:\/\/pharmacie-progres-cannes.fr\/pharmacie\/supp\/somatodrol\/#primaryimage","url":"https:\/\/pharmacie-progres-cannes.fr\/pharmacie\/wp-content\/uploads\/2024\/10\/Somatodrol.jpg","contentUrl":"https:\/\/pharmacie-progres-cannes.fr\/pharmacie\/wp-content\/uploads\/2024\/10\/Somatodrol.jpg","width":768,"height":768},{"@type":"BreadcrumbList","@id":"https:\/\/pharmacie-progres-cannes.fr\/pharmacie\/supp\/somatodrol\/#breadcrumb","itemListElement":[{"@type":"ListItem","position":1,"name":"Strona g\u0142\u00f3wna","item":"https:\/\/pharmacie-progres-cannes.fr\/pharmacie\/"},{"@type":"ListItem","position":2,"name":"farmaci","item":"https:\/\/pharmacie-progres-cannes.fr\/pharmacie\/"},{"@type":"ListItem","position":3,"name":"Somatodrol"}]},{"@type":"WebSite","@id":"https:\/\/pharmacie-progres-cannes.fr\/pharmacie\/#website","url":"https:\/\/pharmacie-progres-cannes.fr\/pharmacie\/","name":"Pharmacie-Progres-Pannes","description":"","potentialAction":[{"@type":"SearchAction","target":{"@type":"EntryPoint","urlTemplate":"https:\/\/pharmacie-progres-cannes.fr\/pharmacie\/?s={search_term_string}"},"query-input":{"@type":"PropertyValueSpecification","valueRequired":true,"valueName":"search_term_string"}}],"inLanguage":"fr-FR"}]}},"_links":{"self":[{"href":"https:\/\/pharmacie-progres-cannes.fr\/pharmacie\/wp-json\/wp\/v2\/product\/4477","targetHints":{"allow":["GET"]}}],"collection":[{"href":"https:\/\/pharmacie-progres-cannes.fr\/pharmacie\/wp-json\/wp\/v2\/product"}],"about":[{"href":"https:\/\/pharmacie-progres-cannes.fr\/pharmacie\/wp-json\/wp\/v2\/types\/product"}],"replies":[{"embeddable":true,"href":"https:\/\/pharmacie-progres-cannes.fr\/pharmacie\/wp-json\/wp\/v2\/comments?post=4477"}],"wp:featuredmedia":[{"embeddable":true,"href":"https:\/\/pharmacie-progres-cannes.fr\/pharmacie\/wp-json\/wp\/v2\/media\/3904"}],"wp:attachment":[{"href":"https:\/\/pharmacie-progres-cannes.fr\/pharmacie\/wp-json\/wp\/v2\/media?parent=4477"}],"wp:term":[{"taxonomy":"product_brand","embeddable":true,"href":"https:\/\/pharmacie-progres-cannes.fr\/pharmacie\/wp-json\/wp\/v2\/product_brand?post=4477"},{"taxonomy":"product_cat","embeddable":true,"href":"https:\/\/pharmacie-progres-cannes.fr\/pharmacie\/wp-json\/wp\/v2\/product_cat?post=4477"},{"taxonomy":"product_tag","embeddable":true,"href":"https:\/\/pharmacie-progres-cannes.fr\/pharmacie\/wp-json\/wp\/v2\/product_tag?post=4477"}],"curies":[{"name":"wp","href":"https:\/\/api.w.org\/{rel}","templated":true}]}}