{"id":4472,"date":"2024-10-18T19:46:04","date_gmt":"2024-10-18T19:46:04","guid":{"rendered":"https:\/\/chirurgie-orthopedie-vannes.fr\/pharmacie\/?post_type=product&#038;p=4472"},"modified":"2025-03-07T11:12:23","modified_gmt":"2025-03-07T11:12:23","slug":"metadrol","status":"publish","type":"product","link":"https:\/\/pharmacie-progres-cannes.fr\/pharmacie\/supp\/metadrol\/","title":{"rendered":"Metadrol"},"content":{"rendered":"\n<h2 class=\"wp-block-heading\">Qu&rsquo;est-ce que Metadrol et comment fonctionne-t-il ?<\/h2>\n\n\n\n<p>Metadrol est un <b>compl\u00e9ment alimentaire<\/b> innovant, cr\u00e9\u00e9 pour les personnes souhaitant augmenter leur masse musculaire et am\u00e9liorer les r\u00e9sultats de leur entra\u00eenement. L <b>&lsquo;action de<\/b> Metadrol consiste \u00e0 intensifier les processus anaboliques, qui favorisent la <b>prise de masse<\/b> musculaire et am\u00e9liorent la r\u00e9g\u00e9n\u00e9ration apr\u00e8s l&rsquo;exercice. Gr\u00e2ce \u00e0 sa <em>composition<\/em> unique, bas\u00e9e sur des substances naturelles, la formule soutient efficacement l&rsquo;organisme lors de s\u00e9ances d&rsquo;entra\u00eenement intensives.<\/p>\n\n\n\n<p>Le <b>compl\u00e9ment alimentaire<\/b> Metadrol est con\u00e7u non seulement pour acc\u00e9l\u00e9rer la croissance de la masse musculaire, mais aussi pour augmenter les niveaux d&rsquo;\u00e9nergie n\u00e9cessaires pour effectuer des exercices lourds. Les utilisateurs peuvent s&rsquo;attendre \u00e0 voir les premiers <b>effets de<\/b> Metadrol apr\u00e8s environ 2 semaines d&rsquo;utilisation r\u00e9guli\u00e8re. Ceci est tout \u00e0 l&rsquo;avantage de ceux qui veulent voir les r\u00e9sultats de leurs efforts en salle de sport rapidement.<\/p>\n\n\n\n<p>Il convient de noter que Metadrol ne favorise pas seulement le d\u00e9veloppement de la masse musculaire. Gr\u00e2ce \u00e0 sa formule, ce compl\u00e9ment favorise \u00e9galement les processus de combustion des graisses, ce qui peut conduire \u00e0 une meilleure d\u00e9finition du corps. Avec une utilisation r\u00e9guli\u00e8re et un r\u00e9gime alimentaire appropri\u00e9, Metadrol peut apporter des changements mesurables dans l&rsquo;apparence et la performance physique.<\/p>\n\n\n\n<h2 class=\"wp-block-heading\">Quels sont les effets de l&rsquo;utilisation de Metadrol ?<\/h2>\n\n\n\n<p>Les utilisateurs de Metadrol rapportent souvent des <b>effets<\/b> notables apr\u00e8s une courte p\u00e9riode d&rsquo;utilisation. Les principaux r\u00e9sultats sont les suivants :<\/p>\n\n\n\n<ul class=\"wp-block-list\">\n<li><em>Les gains de masse<\/em> musculaire font de cette formule un choix populaire parmi ceux qui s&rsquo;entra\u00eenent intensivement.<\/li>\n\n\n\n<li>Am\u00e9lioration de la <em>force<\/em>, rendant l&rsquo;exercice plus facile et plus efficace.<\/li>\n\n\n\n<li>Une augmentation de l&rsquo;<em>efficacit\u00e9 de l&rsquo;<\/em> organisme, qui se traduit par une meilleure performance lors d&rsquo;un entra\u00eenement prolong\u00e9.<\/li>\n<\/ul>\n\n\n\n<p>L&rsquo;<b>utilisation<\/b> r\u00e9guli\u00e8re <b>de<\/b> Metadrol permet une r\u00e9cup\u00e9ration plus rapide apr\u00e8s l&rsquo;exercice. Les utilisateurs remarquent que leurs muscles sont plus souples, ce qui contribue \u00e0 une augmentation des performances globales. Le produit favorise \u00e9galement la r\u00e9duction de la graisse corporelle, ce qui a un effet b\u00e9n\u00e9fique sur la silhouette.<\/p>\n\n\n\n<p><b>Les effets de<\/b> Metadrol se manifestent g\u00e9n\u00e9ralement environ deux semaines apr\u00e8s le d\u00e9but de la suppl\u00e9mentation. Cependant, la r\u00e9gularit\u00e9 et le respect de la dose recommand\u00e9e sont essentiels pour permettre au suppl\u00e9ment d&rsquo;atteindre son potentiel optimal.<\/p>\n\n\n\n<h2 class=\"wp-block-heading\">Comment utiliser Metadrol ? &#8211; Dosage<\/h2>\n\n\n\n<p>Le <b>dosage<\/b> correct de Metadrol est essentiel pour obtenir des r\u00e9sultats satisfaisants. Il est recommand\u00e9 de prendre le compl\u00e9ment en suivant les instructions de la notice.<\/p>\n\n\n\n<p>La recommandation standard pour l&rsquo;utilisation est de prendre 2 g\u00e9lules par jour pour maximiser le potentiel du suppl\u00e9ment. Il est conseill\u00e9 de lire les recommandations du fabricant avant de commencer le traitement et de ne pas d\u00e9passer la dose recommand\u00e9e afin d&rsquo;\u00e9viter d&rsquo;\u00e9ventuels effets secondaires.<\/p>\n\n\n\n<p>La dur\u00e9e minimale d&rsquo;utilisation de Metadrol pour des r\u00e9sultats optimaux est de 3 mois. La dur\u00e9e de la pr\u00e9paration peut \u00eatre comprise entre 1 et 3 mois. Veillez \u00e0 consommer au moins 2 litres d&rsquo;eau par jour, ce qui favorise le bon fonctionnement de l&rsquo;organisme lors d&rsquo;un entra\u00eenement intensif.<\/p>\n\n\n\n<p>Metadrol doit \u00eatre pris apr\u00e8s un repas afin d&rsquo;augmenter l&rsquo;absorption des ingr\u00e9dients actifs. Il sera utile de suivre la r\u00e8gle empirique qui consiste \u00e0 l&rsquo;utiliser pendant un minimum de 8 semaines, puis de faire une pause de 4 \u00e0 5 semaines pour permettre \u00e0 l&rsquo;organisme de se reposer.<\/p>\n\n\n\n<p>Les personnes \u00e2g\u00e9es de moins de 16 ans, les femmes enceintes et les femmes qui allaitent ne doivent pas utiliser Metadrol. Les personnes allergiques aux ingr\u00e9dients du compl\u00e9ment peuvent pr\u00e9senter un risque de r\u00e9action allergique. L&rsquo;<b>utilisation<\/b> correcte <b>du<\/b> suppl\u00e9ment peut am\u00e9liorer l&rsquo;endurance, la force musculaire et la r\u00e9cup\u00e9ration.<\/p>\n\n\n\n<h2 class=\"wp-block-heading\">Exp\u00e9riences et commentaires des utilisateurs de Metadrol &#8211; quels sont les commentaires ?<\/h2>\n\n\n\n<p>Metadrol est reconnu par les utilisateurs qui partagent leurs <em>exp\u00e9riences<\/em> sur les forums de discussion. De nombreux avis indiquent que le compl\u00e9ment est tr\u00e8s efficace pour augmenter la masse musculaire. Les utilisateurs attribuent souvent \u00e0 Metadrol <strong>quatre \u00e0 cinq \u00e9toiles<\/strong> sur une \u00e9chelle de cinq \u00e9toiles, ce qui t\u00e9moigne de sa popularit\u00e9 et de la satisfaction des clients.<\/p>\n\n\n\n<p>Les donn\u00e9es montrent que les effets de Metadrol apparaissent dans les <strong>3 \u00e0 4 semaines de<\/strong> consommation r\u00e9guli\u00e8re. Les clients remarquent une am\u00e9lioration significative de leur entra\u00eenement et une augmentation du nombre de s\u00e9ries et de r\u00e9p\u00e9titions effectu\u00e9es. De nombreuses personnes utilisent ce compl\u00e9ment en combinaison avec un r\u00e9gime alimentaire appropri\u00e9, ce qui augmente son efficacit\u00e9.<\/p>\n\n\n\n<figure class=\"wp-block-table\"><table class=\"has-fixed-layout\"><tbody><tr><th>Effet<\/th><th>Temps de parole<\/th><th>\u00c9valuation des utilisateurs<\/th><\/tr><tr><td><b>Prise de masse<\/b> musculaire<\/td><td>3 &#8211; 4 semaines<\/td><td>4 &#8211; 5 \u00e9toiles<\/td><\/tr><tr><td>R\u00e9duction de la graisse<\/td><td>5 &#8211; 6 semaines<\/td><td>4 \u00e9toiles<\/td><\/tr><tr><td>Augmenter l&rsquo;\u00e9nergie<\/td><td>1 &#8211; 2 semaines<\/td><td>5 \u00e9toiles<\/td><\/tr><\/tbody><\/table><\/figure>\n\n\n\n<p>De nombreux utilisateurs notent que Metadrol aide \u00e0 r\u00e9duire la sensation de faim, ce qui favorise le processus de perte de poids. Le compl\u00e9ment s&rsquo;est av\u00e9r\u00e9 s\u00fbr et les <b>effets secondaires<\/b> n\u00e9gatifs sont rares. En cas d&rsquo;insatisfaction, il existe une option de remboursement, ce qui peut \u00eatre un avantage suppl\u00e9mentaire pour les nouveaux clients.<\/p>\n\n\n\n<p>Compte tenu de tous les <em>commentaires<\/em> et <em>\u00e9valuations<\/em> disponibles en ligne, Metadrol peut \u00eatre consid\u00e9r\u00e9 comme un suppl\u00e9ment qui favorise la <b>prise de masse<\/b> musculaire et a des effets positifs sur la sant\u00e9.<\/p>\n\n\n\n<h2 class=\"wp-block-heading\">Metadrol &#8211; Composition &#8211; Analyse des ingr\u00e9dients<\/h2>\n\n\n\n<p>Metadrol est un compl\u00e9ment alimentaire qui a \u00e9t\u00e9 d\u00e9velopp\u00e9 pour les personnes souhaitant augmenter leur masse musculaire. Il <em>contient des<\/em> ingr\u00e9dients soigneusement s\u00e9lectionn\u00e9s qui soutiennent les processus anaboliques dans l&rsquo;organisme. L&rsquo;ingr\u00e9dient principal est la formule HGRX-3 [2-Hydrxy-3-Methox 0H2], qui acc\u00e9l\u00e8re le processus de construction musculaire et am\u00e9liore les <b>performances de l&rsquo;<\/b> organisme, permettant ainsi un entra\u00eenement plus intensif.<\/p>\n\n\n\n<p><b>L&rsquo;analyse des<\/b> diff\u00e9rents ingr\u00e9dients de Metadrol r\u00e9v\u00e8le leur potentiel. Outre le HGRX-3, la formule contient des acides amin\u00e9s et des extraits de plantes tels que le Tribulus Terrestris. La caf\u00e9ine est un autre ingr\u00e9dient important qui renforce l&rsquo;efficacit\u00e9 des s\u00e9ances d&rsquo;entra\u00eenement et prolonge la dur\u00e9e de l&rsquo;exercice. L&rsquo;<b>utilisation<\/b> r\u00e9guli\u00e8re <b>de<\/b> Metadrol favorise non seulement le d\u00e9veloppement de la masse musculaire maigre, mais a \u00e9galement un effet sur la r\u00e9duction de la sensation d&rsquo;acidification apr\u00e8s un exercice intensif.<\/p>\n\n\n\n<p><b>La s\u00e9curit\u00e9 de<\/b> Metadrol est un \u00e9l\u00e9ment cl\u00e9. Le produit ne contient aucune substance nocive ou controvers\u00e9e, ce qui en fait un choix appropri\u00e9 pour les athl\u00e8tes masculins et f\u00e9minins. Chaque ingr\u00e9dient a fait l&rsquo;objet d&rsquo;\u00e9tudes cliniques appropri\u00e9es et les <b>commentaires<\/b> positifs <b>des<\/b> utilisateurs confirment son efficacit\u00e9 dans l&rsquo;augmentation de la masse musculaire et de la force. L&rsquo;<b>analyse des<\/b> ingr\u00e9dients de Metadrol permet de comprendre pleinement son action et son potentiel dans le processus de construction musculaire.<\/p>\n\n\n\n<h2 class=\"wp-block-heading\">O\u00f9 acheter et combien co\u00fbte Metadrol &#8211; prix<\/h2>\n\n\n\n<p>L&rsquo;achat de Metadrol sur le site officiel est simple et rapide. Il suffit de remplir le formulaire de commande, de s\u00e9lectionner le mode de paiement et d&rsquo;attendre la livraison. Le fabricant a veill\u00e9 \u00e0 ce que le processus d&rsquo;achat soit intuitif, sans complications inutiles. Dans d&rsquo;autres boutiques en ligne, le processus peut \u00eatre plus compliqu\u00e9 et, en plus, vous n&rsquo;\u00eates jamais s\u00fbr de recevoir le produit que vous avez command\u00e9.<\/p>\n\n\n\n<h2 class=\"wp-block-heading\">Metadrol &#8211; Effets secondaires et contre-indications &#8211; S\u00e9curit\u00e9 d&#8217;emploi<\/h2>\n\n\n\n<p>Le Metadrol est un compl\u00e9ment alimentaire tr\u00e8s appr\u00e9ci\u00e9 dans le monde du sport, mais les utilisateurs doivent conna\u00eetre ses donn\u00e9es de s\u00e9curit\u00e9. Bien que le produit soit formul\u00e9 dans un souci d&rsquo;efficacit\u00e9 et de s\u00e9curit\u00e9, il peut, comme tout compl\u00e9ment, provoquer des <strong>effets secondaires<\/strong>. Certaines personnes peuvent souffrir de maux de t\u00eate, de probl\u00e8mes d&rsquo;estomac et de r\u00e9actions allergiques aux ingr\u00e9dients actifs.<\/p>\n\n\n\n<p>Il est recommand\u00e9 aux personnes, en particulier celles qui souffrent de troubles m\u00e9dicaux existants ou qui prennent d&rsquo;autres m\u00e9dicaments, de consulter leur m\u00e9decin avant de commencer \u00e0 utiliser Metadrol. Il est \u00e9galement important que les personnes allergiques \u00e0 l&rsquo;un des ingr\u00e9dients \u00e9vitent ce suppl\u00e9ment. <b>Les contre-indications<\/b> de Metadrol sont principalement li\u00e9es \u00e0 une intol\u00e9rance individuelle aux ingr\u00e9dients.<\/p>\n\n\n\n<p>Malgr\u00e9 les <strong>contre-indications<\/strong> potentielles, Metadrol n&rsquo;a pas d&rsquo;effets secondaires graves observ\u00e9s lors des essais cliniques. Il est donc consid\u00e9r\u00e9 par de nombreux utilisateurs comme un compl\u00e9ment alimentaire s\u00fbr et efficace, contribuant \u00e0 l&rsquo;augmentation de la masse musculaire et \u00e0 l&rsquo;am\u00e9lioration des performances d&rsquo;entra\u00eenement.<\/p>\n","protected":false},"excerpt":{"rendered":"<p><strong>[date_countdown]<\/strong><\/p>\n<p><img decoding=\"async\" class=\"alignnone  wp-image-8427\" src=\"https:\/\/pharmacie-progres-cannes.fr\/pharmacie\/wp-content\/uploads\/2024\/10\/SAFE-PAY-300x88-1.png\" alt=\"SAFE-PAY-300x88\" width=\"164\" height=\"48\" \/><\/p>\n","protected":false},"featured_media":3900,"comment_status":"open","ping_status":"closed","template":"","meta":{"neve_meta_sidebar":"","neve_meta_container":"","neve_meta_enable_content_width":"","neve_meta_content_width":0,"neve_meta_title_alignment":"","neve_meta_author_avatar":"","neve_post_elements_order":"","neve_meta_disable_header":"","neve_meta_disable_footer":"","neve_meta_disable_title":"","neve_meta_reading_time":""},"product_brand":[],"product_cat":[15],"product_tag":[],"class_list":{"0":"post-4472","1":"product","2":"type-product","3":"status-publish","4":"has-post-thumbnail","6":"product_cat-perte-de-poids","8":"first","9":"instock","10":"sale","11":"shipping-taxable","12":"product-type-external"},"yoast_head":"<!-- This site is optimized with the Yoast SEO plugin v27.4 - https:\/\/yoast.com\/product\/yoast-seo-wordpress\/ -->\n<title>Metadrol - Avis, Forum, Pharmacie, Effets, Prix -50% | Pharmacie-Progres-Pannes<\/title>\n<meta name=\"robots\" content=\"index, follow, max-snippet:-1, max-image-preview:large, max-video-preview:-1\" \/>\n<link rel=\"canonical\" href=\"https:\/\/pharmacie-progres-cannes.fr\/pharmacie\/supp\/metadrol\/\" \/>\n<meta property=\"og:locale\" content=\"fr_FR\" \/>\n<meta property=\"og:type\" content=\"article\" \/>\n<meta property=\"og:title\" content=\"Metadrol - Avis, Forum, Pharmacie, Effets, Prix -50% | Pharmacie-Progres-Pannes\" \/>\n<meta property=\"og:url\" content=\"https:\/\/pharmacie-progres-cannes.fr\/pharmacie\/supp\/metadrol\/\" \/>\n<meta property=\"og:site_name\" content=\"Pharmacie-Progres-Pannes\" \/>\n<meta property=\"article:modified_time\" content=\"2025-03-07T11:12:23+00:00\" \/>\n<meta property=\"og:image\" content=\"https:\/\/pharmacie-progres-cannes.fr\/pharmacie\/wp-content\/uploads\/2024\/10\/Metadrol.jpg\" \/>\n\t<meta property=\"og:image:width\" content=\"768\" \/>\n\t<meta property=\"og:image:height\" content=\"768\" \/>\n\t<meta property=\"og:image:type\" content=\"image\/jpeg\" \/>\n<meta name=\"twitter:card\" content=\"summary_large_image\" \/>\n<meta name=\"twitter:description\" content=\"[date_countdown]\" \/>\n<meta name=\"twitter:label1\" content=\"Dur\u00e9e de lecture estim\u00e9e\" \/>\n\t<meta name=\"twitter:data1\" content=\"1 minute\" \/>\n<script type=\"application\/ld+json\" class=\"yoast-schema-graph\">{\"@context\":\"https:\\\/\\\/schema.org\",\"@graph\":[{\"@type\":\"WebPage\",\"@id\":\"https:\\\/\\\/pharmacie-progres-cannes.fr\\\/pharmacie\\\/supp\\\/metadrol\\\/\",\"url\":\"https:\\\/\\\/pharmacie-progres-cannes.fr\\\/pharmacie\\\/supp\\\/metadrol\\\/\",\"name\":\"Metadrol - Avis, Forum, Pharmacie, Effets, Prix -50% | Pharmacie-Progres-Pannes\",\"isPartOf\":{\"@id\":\"https:\\\/\\\/pharmacie-progres-cannes.fr\\\/pharmacie\\\/#website\"},\"primaryImageOfPage\":{\"@id\":\"https:\\\/\\\/pharmacie-progres-cannes.fr\\\/pharmacie\\\/supp\\\/metadrol\\\/#primaryimage\"},\"image\":{\"@id\":\"https:\\\/\\\/pharmacie-progres-cannes.fr\\\/pharmacie\\\/supp\\\/metadrol\\\/#primaryimage\"},\"thumbnailUrl\":\"https:\\\/\\\/pharmacie-progres-cannes.fr\\\/pharmacie\\\/wp-content\\\/uploads\\\/2024\\\/10\\\/Metadrol.jpg\",\"datePublished\":\"2024-10-18T19:46:04+00:00\",\"dateModified\":\"2025-03-07T11:12:23+00:00\",\"breadcrumb\":{\"@id\":\"https:\\\/\\\/pharmacie-progres-cannes.fr\\\/pharmacie\\\/supp\\\/metadrol\\\/#breadcrumb\"},\"inLanguage\":\"fr-FR\",\"potentialAction\":[{\"@type\":\"ReadAction\",\"target\":[\"https:\\\/\\\/pharmacie-progres-cannes.fr\\\/pharmacie\\\/supp\\\/metadrol\\\/\"]}]},{\"@type\":\"ImageObject\",\"inLanguage\":\"fr-FR\",\"@id\":\"https:\\\/\\\/pharmacie-progres-cannes.fr\\\/pharmacie\\\/supp\\\/metadrol\\\/#primaryimage\",\"url\":\"https:\\\/\\\/pharmacie-progres-cannes.fr\\\/pharmacie\\\/wp-content\\\/uploads\\\/2024\\\/10\\\/Metadrol.jpg\",\"contentUrl\":\"https:\\\/\\\/pharmacie-progres-cannes.fr\\\/pharmacie\\\/wp-content\\\/uploads\\\/2024\\\/10\\\/Metadrol.jpg\",\"width\":768,\"height\":768},{\"@type\":\"BreadcrumbList\",\"@id\":\"https:\\\/\\\/pharmacie-progres-cannes.fr\\\/pharmacie\\\/supp\\\/metadrol\\\/#breadcrumb\",\"itemListElement\":[{\"@type\":\"ListItem\",\"position\":1,\"name\":\"Strona g\u0142\u00f3wna\",\"item\":\"https:\\\/\\\/pharmacie-progres-cannes.fr\\\/pharmacie\\\/\"},{\"@type\":\"ListItem\",\"position\":2,\"name\":\"farmaci\",\"item\":\"https:\\\/\\\/pharmacie-progres-cannes.fr\\\/pharmacie\\\/\"},{\"@type\":\"ListItem\",\"position\":3,\"name\":\"Metadrol\"}]},{\"@type\":\"WebSite\",\"@id\":\"https:\\\/\\\/pharmacie-progres-cannes.fr\\\/pharmacie\\\/#website\",\"url\":\"https:\\\/\\\/pharmacie-progres-cannes.fr\\\/pharmacie\\\/\",\"name\":\"Pharmacie-Progres-Pannes\",\"description\":\"\",\"potentialAction\":[{\"@type\":\"SearchAction\",\"target\":{\"@type\":\"EntryPoint\",\"urlTemplate\":\"https:\\\/\\\/pharmacie-progres-cannes.fr\\\/pharmacie\\\/?s={search_term_string}\"},\"query-input\":{\"@type\":\"PropertyValueSpecification\",\"valueRequired\":true,\"valueName\":\"search_term_string\"}}],\"inLanguage\":\"fr-FR\"}]}<\/script>\n<!-- \/ Yoast SEO plugin. -->","yoast_head_json":{"title":"Metadrol - Avis, Forum, Pharmacie, Effets, Prix -50% | Pharmacie-Progres-Pannes","robots":{"index":"index","follow":"follow","max-snippet":"max-snippet:-1","max-image-preview":"max-image-preview:large","max-video-preview":"max-video-preview:-1"},"canonical":"https:\/\/pharmacie-progres-cannes.fr\/pharmacie\/supp\/metadrol\/","og_locale":"fr_FR","og_type":"article","og_title":"Metadrol - Avis, Forum, Pharmacie, Effets, Prix -50% | Pharmacie-Progres-Pannes","og_url":"https:\/\/pharmacie-progres-cannes.fr\/pharmacie\/supp\/metadrol\/","og_site_name":"Pharmacie-Progres-Pannes","article_modified_time":"2025-03-07T11:12:23+00:00","og_image":[{"width":768,"height":768,"url":"https:\/\/pharmacie-progres-cannes.fr\/pharmacie\/wp-content\/uploads\/2024\/10\/Metadrol.jpg","type":"image\/jpeg"}],"twitter_card":"summary_large_image","twitter_description":"[date_countdown]","twitter_misc":{"Dur\u00e9e de lecture estim\u00e9e":"1 minute"},"schema":{"@context":"https:\/\/schema.org","@graph":[{"@type":"WebPage","@id":"https:\/\/pharmacie-progres-cannes.fr\/pharmacie\/supp\/metadrol\/","url":"https:\/\/pharmacie-progres-cannes.fr\/pharmacie\/supp\/metadrol\/","name":"Metadrol - Avis, Forum, Pharmacie, Effets, Prix -50% | Pharmacie-Progres-Pannes","isPartOf":{"@id":"https:\/\/pharmacie-progres-cannes.fr\/pharmacie\/#website"},"primaryImageOfPage":{"@id":"https:\/\/pharmacie-progres-cannes.fr\/pharmacie\/supp\/metadrol\/#primaryimage"},"image":{"@id":"https:\/\/pharmacie-progres-cannes.fr\/pharmacie\/supp\/metadrol\/#primaryimage"},"thumbnailUrl":"https:\/\/pharmacie-progres-cannes.fr\/pharmacie\/wp-content\/uploads\/2024\/10\/Metadrol.jpg","datePublished":"2024-10-18T19:46:04+00:00","dateModified":"2025-03-07T11:12:23+00:00","breadcrumb":{"@id":"https:\/\/pharmacie-progres-cannes.fr\/pharmacie\/supp\/metadrol\/#breadcrumb"},"inLanguage":"fr-FR","potentialAction":[{"@type":"ReadAction","target":["https:\/\/pharmacie-progres-cannes.fr\/pharmacie\/supp\/metadrol\/"]}]},{"@type":"ImageObject","inLanguage":"fr-FR","@id":"https:\/\/pharmacie-progres-cannes.fr\/pharmacie\/supp\/metadrol\/#primaryimage","url":"https:\/\/pharmacie-progres-cannes.fr\/pharmacie\/wp-content\/uploads\/2024\/10\/Metadrol.jpg","contentUrl":"https:\/\/pharmacie-progres-cannes.fr\/pharmacie\/wp-content\/uploads\/2024\/10\/Metadrol.jpg","width":768,"height":768},{"@type":"BreadcrumbList","@id":"https:\/\/pharmacie-progres-cannes.fr\/pharmacie\/supp\/metadrol\/#breadcrumb","itemListElement":[{"@type":"ListItem","position":1,"name":"Strona g\u0142\u00f3wna","item":"https:\/\/pharmacie-progres-cannes.fr\/pharmacie\/"},{"@type":"ListItem","position":2,"name":"farmaci","item":"https:\/\/pharmacie-progres-cannes.fr\/pharmacie\/"},{"@type":"ListItem","position":3,"name":"Metadrol"}]},{"@type":"WebSite","@id":"https:\/\/pharmacie-progres-cannes.fr\/pharmacie\/#website","url":"https:\/\/pharmacie-progres-cannes.fr\/pharmacie\/","name":"Pharmacie-Progres-Pannes","description":"","potentialAction":[{"@type":"SearchAction","target":{"@type":"EntryPoint","urlTemplate":"https:\/\/pharmacie-progres-cannes.fr\/pharmacie\/?s={search_term_string}"},"query-input":{"@type":"PropertyValueSpecification","valueRequired":true,"valueName":"search_term_string"}}],"inLanguage":"fr-FR"}]}},"_links":{"self":[{"href":"https:\/\/pharmacie-progres-cannes.fr\/pharmacie\/wp-json\/wp\/v2\/product\/4472","targetHints":{"allow":["GET"]}}],"collection":[{"href":"https:\/\/pharmacie-progres-cannes.fr\/pharmacie\/wp-json\/wp\/v2\/product"}],"about":[{"href":"https:\/\/pharmacie-progres-cannes.fr\/pharmacie\/wp-json\/wp\/v2\/types\/product"}],"replies":[{"embeddable":true,"href":"https:\/\/pharmacie-progres-cannes.fr\/pharmacie\/wp-json\/wp\/v2\/comments?post=4472"}],"wp:featuredmedia":[{"embeddable":true,"href":"https:\/\/pharmacie-progres-cannes.fr\/pharmacie\/wp-json\/wp\/v2\/media\/3900"}],"wp:attachment":[{"href":"https:\/\/pharmacie-progres-cannes.fr\/pharmacie\/wp-json\/wp\/v2\/media?parent=4472"}],"wp:term":[{"taxonomy":"product_brand","embeddable":true,"href":"https:\/\/pharmacie-progres-cannes.fr\/pharmacie\/wp-json\/wp\/v2\/product_brand?post=4472"},{"taxonomy":"product_cat","embeddable":true,"href":"https:\/\/pharmacie-progres-cannes.fr\/pharmacie\/wp-json\/wp\/v2\/product_cat?post=4472"},{"taxonomy":"product_tag","embeddable":true,"href":"https:\/\/pharmacie-progres-cannes.fr\/pharmacie\/wp-json\/wp\/v2\/product_tag?post=4472"}],"curies":[{"name":"wp","href":"https:\/\/api.w.org\/{rel}","templated":true}]}}