{"id":4467,"date":"2024-10-18T19:46:04","date_gmt":"2024-10-18T19:46:04","guid":{"rendered":"https:\/\/chirurgie-orthopedie-vannes.fr\/pharmacie\/?post_type=product&#038;p=4467"},"modified":"2025-03-09T11:11:14","modified_gmt":"2025-03-09T11:11:14","slug":"spankadoo","status":"publish","type":"product","link":"https:\/\/pharmacie-progres-cannes.fr\/pharmacie\/supp\/spankadoo\/","title":{"rendered":"Spankadoo"},"content":{"rendered":"\n<h2 class=\"wp-block-heading\">Qu&rsquo;est-ce que Spankadoo et comment fonctionne-t-il ?<\/h2>\n\n\n\n<p><b>Spankadoo<\/b> est un <b>masturbateur de<\/b> pointe qui a \u00e9t\u00e9 con\u00e7u pour une action et une stimulation maximales de l&rsquo;utilisateur. Cet appareil est con\u00e7u pour augmenter le plaisir en ajustant le rythme et l&rsquo;intensit\u00e9 de la stimulation. Gr\u00e2ce \u00e0 sa forme ergonomique, le Spankadoo s&rsquo;adapte parfaitement au corps pour un plus grand confort d&rsquo;utilisation.<\/p>\n\n\n\n<p><b>Le masturbateur<\/b> peut \u00eatre utilis\u00e9 aussi bien dans l&rsquo;intimit\u00e9 qu&rsquo;avec un partenaire, ce qui ouvre aux utilisateurs de nombreuses possibilit\u00e9s d&rsquo;explorer le domaine sexuel. L&rsquo;utilisation du Spankadoo peut conduire \u00e0 une excitation accrue et \u00e0 des sensations plus intenses. Gr\u00e2ce \u00e0 la possibilit\u00e9 de r\u00e9glage manuel, chaque utilisateur peut adapter le fonctionnement de l&rsquo;appareil \u00e0 ses besoins personnels.<\/p>\n\n\n\n<p>Le Spankadoo est disponible en plusieurs variantes, ce qui vous permet de choisir le type de stimulation qui vous convient le mieux. Il existe des mod\u00e8les qui imitent le vagin, la bouche et l&rsquo;anus. Chacun peut donc y trouver son compte et adapter <b>l&rsquo;exp\u00e9rience<\/b> \u00e0 ses propres pr\u00e9f\u00e9rences.<\/p>\n\n\n\n<p>Les produits Spankadoo peuvent \u00eatre achet\u00e9s en lots promotionnels \u00e0 des prix int\u00e9ressants. Il convient \u00e9galement de noter la disponibilit\u00e9 d&rsquo;un gel lubrifiant, qui rend l&rsquo;utilisation du masturbateur beaucoup plus facile et confortable. Gr\u00e2ce \u00e0 toutes ces caract\u00e9ristiques, Spankadoo est devenu un choix populaire pour ceux qui recherchent des sensations sexuelles intenses.<\/p>\n\n\n\n<h2 class=\"wp-block-heading\">Quels sont les effets de l&rsquo;utilisation de Spankadoo ?<\/h2>\n\n\n\n<p><b>L&rsquo;utilisation de<\/b> Spankadoo a un certain nombre d&rsquo;effets positifs qui sont appr\u00e9ci\u00e9s par les utilisateurs. De nombreuses personnes soulignent une augmentation significative du <em>plaisir masculin<\/em> et une am\u00e9lioration significative de la qualit\u00e9 des \u00e9rections, et ce, peu de temps apr\u00e8s le d\u00e9but de l&rsquo;utilisation. L&rsquo;utilisation r\u00e9guli\u00e8re du masturbateur a une influence :<\/p>\n\n\n\n<ul class=\"wp-block-list\">\n<li><em>Meilleur contr\u00f4le de l&rsquo;<\/em> \u00e9jaculation &#8211; ce qui augmente la satisfaction lors des gros plans.<\/li>\n\n\n\n<li><em>Intensification des sensations<\/em> li\u00e9es \u00e0 l&rsquo;activit\u00e9 sexuelle.<\/li>\n\n\n\n<li>R\u00e9duction de la <em>tension<\/em> et du stress, ce qui favorise la relaxation.<\/li>\n\n\n\n<li>R\u00e9tablir la confiance sexuelle, ce qui a un impact positif sur les relations intimes.<\/li>\n<\/ul>\n\n\n\n<p>De nombreuses exp\u00e9riences d&rsquo;utilisateurs indiquent qu&rsquo;apr\u00e8s quelques semaines d&rsquo;utilisation de Spankadoo, des am\u00e9liorations de la qualit\u00e9 de l&rsquo;\u00e9rection et une augmentation du volume du p\u00e9nis peuvent \u00eatre constat\u00e9es. Ces <b>effets<\/b> sont li\u00e9s \u00e0 l&rsquo;utilisation syst\u00e9matique du dispositif, ce qui peut sugg\u00e9rer que la r\u00e9gularit\u00e9 est essentielle pour obtenir des r\u00e9sultats optimaux. Les <b>commentaires<\/b> des hommes font \u00e9tat d&rsquo;une augmentation de la confiance en soi et de la satisfaction dans leur vie intime, ce qui souligne directement l&rsquo;importance de Spankadoo dans la routine de sant\u00e9 quotidienne.<\/p>\n\n\n\n<h2 class=\"wp-block-heading\">Dosage de Spankadoo &#8211; Comment l&rsquo;utiliser ?<\/h2>\n\n\n\n<p>Le Spankadoo doit \u00eatre utilis\u00e9 conform\u00e9ment aux recommandations du <em>mode d&#8217;emploi<\/em>. Une \u00e9tape cl\u00e9 consiste \u00e0 appliquer une petite quantit\u00e9 de lubrifiant sur l&rsquo;appareil avant de l&rsquo;utiliser, ce qui am\u00e9liore consid\u00e9rablement l&rsquo;<b>exp\u00e9rience d&rsquo;<\/b> utilisation. Un <em>dosage<\/em> ad\u00e9quat contribue \u00e0 accro\u00eetre le confort et le plaisir lors de l&rsquo;utilisation du masturbateur.<\/p>\n\n\n\n<p>L&rsquo;appareil peut \u00eatre utilis\u00e9 dans diff\u00e9rentes positions, ce qui permet d&rsquo;adapter l&rsquo;<b>exp\u00e9rience<\/b> aux pr\u00e9f\u00e9rences de chacun. Il est important de contr\u00f4ler l&rsquo;<b>action du<\/b> Spankadoo par soi-m\u00eame ou avec le soutien d&rsquo;un partenaire pour assurer un niveau de confort maximal. L&rsquo;<em>utilisation du<\/em> masturbateur requiert de la prudence. En cas de sensations d\u00e9sagr\u00e9ables, cessez imm\u00e9diatement l&rsquo;utilisation.<\/p>\n\n\n\n<figure class=\"wp-block-table\"><table class=\"has-fixed-layout\"><tbody><tr><th>Stade<\/th><th>Description<\/th><\/tr><tr><td>1. pr\u00e9paration<\/td><td>Appliquer une petite quantit\u00e9 de lubrifiant sur le Spankadoo.<\/td><\/tr><tr><td>2. l&rsquo;<b>application<\/b><\/td><td>Utilisation dans une position confortable, en contr\u00f4lant l&rsquo;intensit\u00e9<\/td><\/tr><tr><td>3. attentes<\/td><td>Remarquez l&rsquo;am\u00e9lioration du confort et du plaisir<\/td><\/tr><tr><td>4. l&rsquo;arr\u00eat de l&rsquo;utilisation<\/td><td>Cesser rapidement l&rsquo;utilisation en cas d&rsquo;inconfort<\/td><\/tr><\/tbody><\/table><\/figure>\n\n\n\n<h2 class=\"wp-block-heading\">Spankadoo &#8211; Avis d&rsquo;utilisateurs, forum &#8211; Que disent les utilisateurs ?<\/h2>\n\n\n\n<p><b>Les commentaires des<\/b> utilisateurs de Spankadoo indiquent sans \u00e9quivoque une exp\u00e9rience positive avec son utilisation. De nombreux forums en ligne soulignent l&rsquo;efficacit\u00e9 et la qualit\u00e9 de ce produit. Le consensus parmi les utilisateurs est que Spankadoo peut am\u00e9liorer de mani\u00e8re significative la qualit\u00e9 des moments intimes.<\/p>\n\n\n\n<ul class=\"wp-block-list\">\n<li><strong>Michael :<\/strong> \u00ab\u00a0Depuis que j&rsquo;utilise Spankadoo, ma vie intime a compl\u00e8tement chang\u00e9. Les \u00e9rections sont plus fortes et les sensations plus intenses. Ma partenaire et moi l&rsquo;utilisons ensemble et nous sommes tous les deux ravis.\u00a0\u00bb<\/li>\n\n\n\n<li><strong>Paul :<\/strong> \u00ab\u00a0J&rsquo;avais des probl\u00e8mes d&rsquo;\u00e9rection et j&rsquo;avais peur d&rsquo;essayer le Spankadoo, mais maintenant je ne regrette rien. Cet appareil fonctionne vraiment et je me sens beaucoup plus confiant.\u00a0\u00bb<\/li>\n\n\n\n<li><strong>Thomas :<\/strong> \u00ab\u00a0Gr\u00e2ce \u00e0 Spankadoo, j&rsquo;ai red\u00e9couvert ma sexualit\u00e9. Il permet non seulement de prendre du plaisir mais aussi de contr\u00f4ler son corps. Je le recommande \u00e0 tout le monde !<\/li>\n<\/ul>\n\n\n\n<p>En analysant les <b>avis<\/b>, on constate que les <b>utilisateurs<\/b> appr\u00e9cient le design unique et les diff\u00e9rentes formes de textures qu&rsquo;offre Spankadoo. Ce dispositif, fabriqu\u00e9 en latex de qualit\u00e9 m\u00e9dicale, r\u00e9pond \u00e0 des normes de qualit\u00e9 et de s\u00e9curit\u00e9 \u00e9lev\u00e9es. La communaut\u00e9 en ligne distingue \u00e9galement sa facilit\u00e9 de nettoyage et la n\u00e9cessit\u00e9 d&rsquo;utiliser du lubrifiant pour des sensations optimales.<\/p>\n\n\n\n<p>Avec Spankadoo, les <b>utilisateurs<\/b> font \u00e9tat non seulement d&rsquo;une plus grande satisfaction, mais aussi d&rsquo;une \u00e9volution positive de la confiance en soi. Ce ph\u00e9nom\u00e8ne est confirm\u00e9 par la popularit\u00e9 croissante des jouets \u00e9rotiques aupr\u00e8s des hommes. De nombreuses discussions sur les avantages de l&rsquo;utilisation de ce type de produits peuvent \u00eatre trouv\u00e9es sur le <b>forum<\/b>, d\u00e9montrant leur importance dans le monde de l&rsquo;exp\u00e9rience intime.<\/p>\n\n\n\n<h2 class=\"wp-block-heading\">Spankadoo &#8211; Composition &#8211; Analyse des ingr\u00e9dients<\/h2>\n\n\n\n<p>Spankadoo est un <b>masturbateur de<\/b> pointe cr\u00e9\u00e9 en tenant compte des normes de qualit\u00e9 les plus r\u00e9centes. Sa <em>composition<\/em> est bas\u00e9e sur des mat\u00e9riaux de qualit\u00e9 m\u00e9dicale, ce qui garantit la <b>s\u00e9curit\u00e9<\/b> pendant l&rsquo;utilisation. L&rsquo;utilisation de <em>mat\u00e9riaux<\/em> tels que le latex m\u00e9dical rend l&rsquo;appareil agr\u00e9able au toucher, tout en \u00e9tant durable et flexible.<\/p>\n\n\n\n<p>Il n&rsquo;est pas anodin que le Spankadoo ne contienne ni substances toxiques ni silicone, ce qui en fait un choix appropri\u00e9 pour une utilisation r\u00e9guli\u00e8re. Les propri\u00e9t\u00e9s de ce masturbateur sont encore renforc\u00e9es par le gel ultra-lubrifiant, qui am\u00e9liore l&rsquo;exp\u00e9rience pendant l&rsquo;utilisation, en augmentant l&rsquo;intensit\u00e9 des sensations.<\/p>\n\n\n\n<figure class=\"wp-block-table\"><table class=\"has-fixed-layout\"><tbody><tr><th>Composant<\/th><th>Caract\u00e9ristiques<\/th><\/tr><tr><td>Latex m\u00e9dical<\/td><td>S\u00fbr, souple, r\u00e9sistant aux irritations<\/td><\/tr><tr><td>Gel ultra-lubrifiant<\/td><td>Am\u00e9lioration de l&rsquo;exp\u00e9rience et du confort<\/td><\/tr><\/tbody><\/table><\/figure>\n\n\n\n<p>L&rsquo;entretien r\u00e9gulier du Spankadoo, par un lavage ad\u00e9quat et l&rsquo;utilisation de lubrifiant, peut prolonger sa dur\u00e9e de vie de mani\u00e8re significative. 993% des utilisateurs se sont d\u00e9clar\u00e9s tr\u00e8s satisfaits des mat\u00e9riaux utilis\u00e9s dans la fabrication de ce produit, ce qui ne fait que confirmer sa r\u00e9putation sur le march\u00e9 des jouets \u00e9rotiques masculins.<\/p>\n\n\n\n<h2 class=\"wp-block-heading\">Prix Spankadoo &#8211; O\u00f9 acheter ?<\/h2>\n\n\n\n<p>Le site officiel du fabricant est le seul endroit o\u00f9 vous pouvez acheter Spankadoo sans risque de contrefa\u00e7on. De plus, il y a souvent des promotions qui vous permettent d&rsquo;acheter \u00e0 un meilleur prix. Vous pouvez compter sur des r\u00e9ductions pour des commandes plus importantes, des promotions saisonni\u00e8res et des offres sp\u00e9ciales limit\u00e9es. Le fait de suivre le site vous permet de vous tenir au courant des bonnes affaires disponibles et d&rsquo;acheter le produit moins cher.<\/p>\n\n\n\n<h2 class=\"wp-block-heading\">Spankadoo &#8211; Effets secondaires et contre-indications &#8211; S\u00e9curit\u00e9 d&#8217;emploi<\/h2>\n\n\n\n<p>L&rsquo;utilisation de Spankadoo est associ\u00e9e \u00e0 un faible risque d&rsquo;effets secondaires, ce qui rend ce produit s\u00fbr pour la plupart des utilisateurs. Il existe n\u00e9anmoins quelques <strong>contre-indications<\/strong> dont il faut tenir compte. Les personnes souffrant d&rsquo;infections sexuellement transmissibles ou d&rsquo;affections g\u00e9nito-urinaires doivent utiliser Spankadoo avec prudence. En outre, les hommes de plus de 60 ans souffrant d&rsquo;une maladie chronique devraient consulter un m\u00e9decin avant d&rsquo;utiliser ce produit.<\/p>\n\n\n\n<p>La <b>s\u00e9curit\u00e9 d&rsquo;<\/b> utilisation de Spankadoo est \u00e9galement soulign\u00e9e par l&rsquo;\u00e9valuation du mat\u00e9riau \u00e0 partir duquel il est fabriqu\u00e9, qui atteint 100 % d&rsquo;hypoallerg\u00e9nicit\u00e9. Les consommateurs peuvent donc \u00eatre assur\u00e9s qu&rsquo;en utilisant le produit, ils minimisent le risque de toxicit\u00e9. En cas d&rsquo;effets secondaires, il convient d&rsquo;arr\u00eater imm\u00e9diatement l&rsquo;utilisation du produit et de demander l&rsquo;avis d&rsquo;un sp\u00e9cialiste.<\/p>\n\n\n\n<p>Dans l&rsquo;ensemble, Spankadoo offre confort et s\u00e9curit\u00e9 aux utilisateurs, et l&rsquo;absence d&rsquo;effets secondaires confirme sa grande qualit\u00e9. Toutefois, il est essentiel que le produit ne soit pas utilis\u00e9 par des personnes de moins de 18 ans, ce qui constitue \u00e9galement un aspect important de la <strong>s\u00e9curit\u00e9 d&rsquo;<\/strong> utilisation.<\/p>\n","protected":false},"excerpt":{"rendered":"<p><strong>[date_countdown]<\/strong><\/p>\n<p><img decoding=\"async\" class=\"alignnone  wp-image-8427\" src=\"https:\/\/pharmacie-progres-cannes.fr\/pharmacie\/wp-content\/uploads\/2024\/10\/SAFE-PAY-300x88-1.png\" alt=\"SAFE-PAY-300x88\" width=\"164\" height=\"48\" \/><\/p>\n","protected":false},"featured_media":3884,"comment_status":"open","ping_status":"closed","template":"","meta":{"neve_meta_sidebar":"","neve_meta_container":"","neve_meta_enable_content_width":"","neve_meta_content_width":0,"neve_meta_title_alignment":"","neve_meta_author_avatar":"","neve_post_elements_order":"","neve_meta_disable_header":"","neve_meta_disable_footer":"","neve_meta_disable_title":"","neve_meta_reading_time":""},"product_brand":[],"product_cat":[16],"product_tag":[],"class_list":{"0":"post-4467","1":"product","2":"type-product","3":"status-publish","4":"has-post-thumbnail","6":"product_cat-sante-sexuelle","8":"first","9":"instock","10":"sale","11":"shipping-taxable","12":"product-type-external"},"yoast_head":"<!-- This site is optimized with the Yoast SEO plugin v27.3 - https:\/\/yoast.com\/product\/yoast-seo-wordpress\/ -->\n<title>Spankadoo - Avis, Forum, Pharmacie, Effets, Prix -50% | Pharmacie-Progres-Pannes<\/title>\n<meta name=\"robots\" content=\"index, follow, max-snippet:-1, max-image-preview:large, max-video-preview:-1\" \/>\n<link rel=\"canonical\" href=\"https:\/\/pharmacie-progres-cannes.fr\/pharmacie\/supp\/spankadoo\/\" \/>\n<meta property=\"og:locale\" content=\"fr_FR\" \/>\n<meta property=\"og:type\" content=\"article\" \/>\n<meta property=\"og:title\" content=\"Spankadoo - Avis, Forum, Pharmacie, Effets, Prix -50% | Pharmacie-Progres-Pannes\" \/>\n<meta property=\"og:url\" content=\"https:\/\/pharmacie-progres-cannes.fr\/pharmacie\/supp\/spankadoo\/\" \/>\n<meta property=\"og:site_name\" content=\"Pharmacie-Progres-Pannes\" \/>\n<meta property=\"article:modified_time\" content=\"2025-03-09T11:11:14+00:00\" \/>\n<meta property=\"og:image\" content=\"https:\/\/pharmacie-progres-cannes.fr\/pharmacie\/wp-content\/uploads\/2024\/10\/Spankadoo.jpg\" \/>\n\t<meta property=\"og:image:width\" content=\"768\" \/>\n\t<meta property=\"og:image:height\" content=\"768\" \/>\n\t<meta property=\"og:image:type\" content=\"image\/jpeg\" \/>\n<meta name=\"twitter:card\" content=\"summary_large_image\" \/>\n<meta name=\"twitter:description\" content=\"[date_countdown]\" \/>\n<meta name=\"twitter:label1\" content=\"Dur\u00e9e de lecture estim\u00e9e\" \/>\n\t<meta name=\"twitter:data1\" content=\"1 minute\" \/>\n<script type=\"application\/ld+json\" class=\"yoast-schema-graph\">{\"@context\":\"https:\\\/\\\/schema.org\",\"@graph\":[{\"@type\":\"WebPage\",\"@id\":\"https:\\\/\\\/pharmacie-progres-cannes.fr\\\/pharmacie\\\/supp\\\/spankadoo\\\/\",\"url\":\"https:\\\/\\\/pharmacie-progres-cannes.fr\\\/pharmacie\\\/supp\\\/spankadoo\\\/\",\"name\":\"Spankadoo - Avis, Forum, Pharmacie, Effets, Prix -50% | Pharmacie-Progres-Pannes\",\"isPartOf\":{\"@id\":\"https:\\\/\\\/pharmacie-progres-cannes.fr\\\/pharmacie\\\/#website\"},\"primaryImageOfPage\":{\"@id\":\"https:\\\/\\\/pharmacie-progres-cannes.fr\\\/pharmacie\\\/supp\\\/spankadoo\\\/#primaryimage\"},\"image\":{\"@id\":\"https:\\\/\\\/pharmacie-progres-cannes.fr\\\/pharmacie\\\/supp\\\/spankadoo\\\/#primaryimage\"},\"thumbnailUrl\":\"https:\\\/\\\/pharmacie-progres-cannes.fr\\\/pharmacie\\\/wp-content\\\/uploads\\\/2024\\\/10\\\/Spankadoo.jpg\",\"datePublished\":\"2024-10-18T19:46:04+00:00\",\"dateModified\":\"2025-03-09T11:11:14+00:00\",\"breadcrumb\":{\"@id\":\"https:\\\/\\\/pharmacie-progres-cannes.fr\\\/pharmacie\\\/supp\\\/spankadoo\\\/#breadcrumb\"},\"inLanguage\":\"fr-FR\",\"potentialAction\":[{\"@type\":\"ReadAction\",\"target\":[\"https:\\\/\\\/pharmacie-progres-cannes.fr\\\/pharmacie\\\/supp\\\/spankadoo\\\/\"]}]},{\"@type\":\"ImageObject\",\"inLanguage\":\"fr-FR\",\"@id\":\"https:\\\/\\\/pharmacie-progres-cannes.fr\\\/pharmacie\\\/supp\\\/spankadoo\\\/#primaryimage\",\"url\":\"https:\\\/\\\/pharmacie-progres-cannes.fr\\\/pharmacie\\\/wp-content\\\/uploads\\\/2024\\\/10\\\/Spankadoo.jpg\",\"contentUrl\":\"https:\\\/\\\/pharmacie-progres-cannes.fr\\\/pharmacie\\\/wp-content\\\/uploads\\\/2024\\\/10\\\/Spankadoo.jpg\",\"width\":768,\"height\":768},{\"@type\":\"BreadcrumbList\",\"@id\":\"https:\\\/\\\/pharmacie-progres-cannes.fr\\\/pharmacie\\\/supp\\\/spankadoo\\\/#breadcrumb\",\"itemListElement\":[{\"@type\":\"ListItem\",\"position\":1,\"name\":\"Strona g\u0142\u00f3wna\",\"item\":\"https:\\\/\\\/pharmacie-progres-cannes.fr\\\/pharmacie\\\/\"},{\"@type\":\"ListItem\",\"position\":2,\"name\":\"farmaci\",\"item\":\"https:\\\/\\\/pharmacie-progres-cannes.fr\\\/pharmacie\\\/\"},{\"@type\":\"ListItem\",\"position\":3,\"name\":\"Spankadoo\"}]},{\"@type\":\"WebSite\",\"@id\":\"https:\\\/\\\/pharmacie-progres-cannes.fr\\\/pharmacie\\\/#website\",\"url\":\"https:\\\/\\\/pharmacie-progres-cannes.fr\\\/pharmacie\\\/\",\"name\":\"Pharmacie-Progres-Pannes\",\"description\":\"\",\"potentialAction\":[{\"@type\":\"SearchAction\",\"target\":{\"@type\":\"EntryPoint\",\"urlTemplate\":\"https:\\\/\\\/pharmacie-progres-cannes.fr\\\/pharmacie\\\/?s={search_term_string}\"},\"query-input\":{\"@type\":\"PropertyValueSpecification\",\"valueRequired\":true,\"valueName\":\"search_term_string\"}}],\"inLanguage\":\"fr-FR\"}]}<\/script>\n<!-- \/ Yoast SEO plugin. -->","yoast_head_json":{"title":"Spankadoo - Avis, Forum, Pharmacie, Effets, Prix -50% | Pharmacie-Progres-Pannes","robots":{"index":"index","follow":"follow","max-snippet":"max-snippet:-1","max-image-preview":"max-image-preview:large","max-video-preview":"max-video-preview:-1"},"canonical":"https:\/\/pharmacie-progres-cannes.fr\/pharmacie\/supp\/spankadoo\/","og_locale":"fr_FR","og_type":"article","og_title":"Spankadoo - Avis, Forum, Pharmacie, Effets, Prix -50% | Pharmacie-Progres-Pannes","og_url":"https:\/\/pharmacie-progres-cannes.fr\/pharmacie\/supp\/spankadoo\/","og_site_name":"Pharmacie-Progres-Pannes","article_modified_time":"2025-03-09T11:11:14+00:00","og_image":[{"width":768,"height":768,"url":"https:\/\/pharmacie-progres-cannes.fr\/pharmacie\/wp-content\/uploads\/2024\/10\/Spankadoo.jpg","type":"image\/jpeg"}],"twitter_card":"summary_large_image","twitter_description":"[date_countdown]","twitter_misc":{"Dur\u00e9e de lecture estim\u00e9e":"1 minute"},"schema":{"@context":"https:\/\/schema.org","@graph":[{"@type":"WebPage","@id":"https:\/\/pharmacie-progres-cannes.fr\/pharmacie\/supp\/spankadoo\/","url":"https:\/\/pharmacie-progres-cannes.fr\/pharmacie\/supp\/spankadoo\/","name":"Spankadoo - Avis, Forum, Pharmacie, Effets, Prix -50% | Pharmacie-Progres-Pannes","isPartOf":{"@id":"https:\/\/pharmacie-progres-cannes.fr\/pharmacie\/#website"},"primaryImageOfPage":{"@id":"https:\/\/pharmacie-progres-cannes.fr\/pharmacie\/supp\/spankadoo\/#primaryimage"},"image":{"@id":"https:\/\/pharmacie-progres-cannes.fr\/pharmacie\/supp\/spankadoo\/#primaryimage"},"thumbnailUrl":"https:\/\/pharmacie-progres-cannes.fr\/pharmacie\/wp-content\/uploads\/2024\/10\/Spankadoo.jpg","datePublished":"2024-10-18T19:46:04+00:00","dateModified":"2025-03-09T11:11:14+00:00","breadcrumb":{"@id":"https:\/\/pharmacie-progres-cannes.fr\/pharmacie\/supp\/spankadoo\/#breadcrumb"},"inLanguage":"fr-FR","potentialAction":[{"@type":"ReadAction","target":["https:\/\/pharmacie-progres-cannes.fr\/pharmacie\/supp\/spankadoo\/"]}]},{"@type":"ImageObject","inLanguage":"fr-FR","@id":"https:\/\/pharmacie-progres-cannes.fr\/pharmacie\/supp\/spankadoo\/#primaryimage","url":"https:\/\/pharmacie-progres-cannes.fr\/pharmacie\/wp-content\/uploads\/2024\/10\/Spankadoo.jpg","contentUrl":"https:\/\/pharmacie-progres-cannes.fr\/pharmacie\/wp-content\/uploads\/2024\/10\/Spankadoo.jpg","width":768,"height":768},{"@type":"BreadcrumbList","@id":"https:\/\/pharmacie-progres-cannes.fr\/pharmacie\/supp\/spankadoo\/#breadcrumb","itemListElement":[{"@type":"ListItem","position":1,"name":"Strona g\u0142\u00f3wna","item":"https:\/\/pharmacie-progres-cannes.fr\/pharmacie\/"},{"@type":"ListItem","position":2,"name":"farmaci","item":"https:\/\/pharmacie-progres-cannes.fr\/pharmacie\/"},{"@type":"ListItem","position":3,"name":"Spankadoo"}]},{"@type":"WebSite","@id":"https:\/\/pharmacie-progres-cannes.fr\/pharmacie\/#website","url":"https:\/\/pharmacie-progres-cannes.fr\/pharmacie\/","name":"Pharmacie-Progres-Pannes","description":"","potentialAction":[{"@type":"SearchAction","target":{"@type":"EntryPoint","urlTemplate":"https:\/\/pharmacie-progres-cannes.fr\/pharmacie\/?s={search_term_string}"},"query-input":{"@type":"PropertyValueSpecification","valueRequired":true,"valueName":"search_term_string"}}],"inLanguage":"fr-FR"}]}},"_links":{"self":[{"href":"https:\/\/pharmacie-progres-cannes.fr\/pharmacie\/wp-json\/wp\/v2\/product\/4467","targetHints":{"allow":["GET"]}}],"collection":[{"href":"https:\/\/pharmacie-progres-cannes.fr\/pharmacie\/wp-json\/wp\/v2\/product"}],"about":[{"href":"https:\/\/pharmacie-progres-cannes.fr\/pharmacie\/wp-json\/wp\/v2\/types\/product"}],"replies":[{"embeddable":true,"href":"https:\/\/pharmacie-progres-cannes.fr\/pharmacie\/wp-json\/wp\/v2\/comments?post=4467"}],"wp:featuredmedia":[{"embeddable":true,"href":"https:\/\/pharmacie-progres-cannes.fr\/pharmacie\/wp-json\/wp\/v2\/media\/3884"}],"wp:attachment":[{"href":"https:\/\/pharmacie-progres-cannes.fr\/pharmacie\/wp-json\/wp\/v2\/media?parent=4467"}],"wp:term":[{"taxonomy":"product_brand","embeddable":true,"href":"https:\/\/pharmacie-progres-cannes.fr\/pharmacie\/wp-json\/wp\/v2\/product_brand?post=4467"},{"taxonomy":"product_cat","embeddable":true,"href":"https:\/\/pharmacie-progres-cannes.fr\/pharmacie\/wp-json\/wp\/v2\/product_cat?post=4467"},{"taxonomy":"product_tag","embeddable":true,"href":"https:\/\/pharmacie-progres-cannes.fr\/pharmacie\/wp-json\/wp\/v2\/product_tag?post=4467"}],"curies":[{"name":"wp","href":"https:\/\/api.w.org\/{rel}","templated":true}]}}