{"id":4466,"date":"2024-10-18T19:46:04","date_gmt":"2024-10-18T19:46:04","guid":{"rendered":"https:\/\/chirurgie-orthopedie-vannes.fr\/pharmacie\/?post_type=product&#038;p=4466"},"modified":"2025-03-09T11:44:11","modified_gmt":"2025-03-09T11:44:11","slug":"femmax","status":"publish","type":"product","link":"https:\/\/pharmacie-progres-cannes.fr\/pharmacie\/supp\/femmax\/","title":{"rendered":"Femmax"},"content":{"rendered":"\n<h2 class=\"wp-block-heading\">Qu&rsquo;est-ce que Femmax et comment fonctionne-t-il ?<\/h2>\n\n\n\n<p>Femmax est un <b>compl\u00e9ment alimentaire<\/b> destin\u00e9 aux femmes qui souhaitent am\u00e9liorer leur <b>libido<\/b> et leurs sensations sexuelles. <b>L&rsquo;action de<\/b> cette formule repose sur des ingr\u00e9dients naturels qui \u00e9quilibrent les hormones et soutiennent la <b>sant\u00e9 sexuelle<\/b>. Des <b>ingr\u00e9dients<\/b> cl\u00e9s, tels que l&rsquo;extrait de ginseng et le Muira puama, visent \u00e0 augmenter le flux sanguin vers les organes g\u00e9nitaux, ce qui peut conduire \u00e0 des sensations plus intenses.<\/p>\n\n\n\n<p><b>Le compl\u00e9ment<\/b> Femmax vise \u00e0 r\u00e9duire le stress et la fatigue, ce qui peut avoir un impact positif sur la qualit\u00e9 de la vie intime. Gr\u00e2ce \u00e0 une utilisation r\u00e9guli\u00e8re, les <b>femmes<\/b> peuvent constater une am\u00e9lioration de leur <b>libido<\/b>. La teneur en saponines de 30% de l&rsquo;extrait de Tribulus Terrestris et la pr\u00e9sence de gins\u00e9nosides dans diff\u00e9rents types de ginseng ne font que confirmer le potentiel de ce compl\u00e9ment.<\/p>\n\n\n\n<p>L&rsquo;<b>utilisation<\/b> r\u00e9guli\u00e8re <b>de<\/b> Femmax peut contribuer \u00e0 une plus grande satisfaction dans la vie intime. Chaque femme peut observer des <b>effets<\/b> individuels, ce qui sugg\u00e8re que la suppl\u00e9mentation doit \u00eatre adapt\u00e9e aux besoins personnels. Les <b>femmes<\/b> qui connaissent une baisse de <b>libido<\/b>, par exemple 40% de la population, peuvent compter sur le soutien de cette formule \u00e9prouv\u00e9e.<\/p>\n\n\n\n<h2 class=\"wp-block-heading\">Avantages de Femmax &#8211; Effets<\/h2>\n\n\n\n<p><b>L&rsquo;utilisation de<\/b> Femmax apporte de nombreux <em>avantages<\/em> aux femmes qui souhaitent am\u00e9liorer <em>leur sant\u00e9 sexuelle<\/em>. D\u00e8s la premi\u00e8re prise, 96% des femmes remarquent des changements positifs, qui se traduisent par une augmentation de la <em>libido<\/em> et des sensations accrues lors des rapports intimes.<\/p>\n\n\n\n<p>Femmax favorise l&rsquo;\u00e9quilibre hormonal, ce qui a un impact significatif sur la satisfaction sexuelle. Pas moins de 98 % des utilisatrices admettent qu&rsquo;elles ressentent une forte excitation apr\u00e8s avoir utilis\u00e9 le produit. Les r\u00e9sultats sont \u00e9vidents non seulement en termes de plaisir, mais aussi en termes d&rsquo;effets pratiques &#8211; 95 % des volontaires signalent une augmentation du nombre d&rsquo;orgasmes, ce qui influe certainement sur la satisfaction de la vie intime.<\/p>\n\n\n\n<p>L&rsquo;utilisation r\u00e9guli\u00e8re de Femmax, une \u00e0 deux fois par jour, maintient ces effets positifs. Gr\u00e2ce \u00e0 ces propri\u00e9t\u00e9s, Femmax devient non seulement un compl\u00e9ment alimentaire, mais aussi un moyen de red\u00e9couvrir le plaisir sexuel, en am\u00e9liorant la <b>sant\u00e9 sexuelle<\/b> et \u00e9motionnelle \u00e0 plusieurs niveaux.<\/p>\n\n\n\n<ul class=\"wp-block-list\">\n<li>Augmentation de la libido et du d\u00e9sir<\/li>\n\n\n\n<li>Am\u00e9lioration de la lubrification vaginale<\/li>\n\n\n\n<li>Augmentation de la sensibilit\u00e9 et de l&rsquo;intensit\u00e9 des sensations<\/li>\n\n\n\n<li>Obtenir des orgasmes plus profonds et plus longs<\/li>\n<\/ul>\n\n\n\n<p>D\u00e9velopp\u00e9 \u00e0 partir d&rsquo;ingr\u00e9dients naturels, \u00e9liminant le risque d&rsquo;effets secondaires, Femmax est une alternative s\u00fbre aux m\u00e9dicaments sur ordonnance. C&rsquo;est pourquoi de plus en plus de femmes optent pour ce <b>compl\u00e9ment<\/b> et appr\u00e9cient ses effets positifs sur leur vie sexuelle quotidienne.<\/p>\n\n\n\n<h2 class=\"wp-block-heading\">Comment utiliser correctement Femmax &#8211; Posologie<\/h2>\n\n\n\n<p>Femmax est un <b>compl\u00e9ment alimentaire<\/b> destin\u00e9 aux femmes souhaitant am\u00e9liorer leur libido et leur qualit\u00e9 de vie intime. Pour un r\u00e9sultat optimal, la <em>posologie de<\/em> Femmax consiste \u00e0 prendre une g\u00e9lule par jour, de pr\u00e9f\u00e9rence \u00e0 jeun ou au cours d&rsquo;un repas l\u00e9ger. Ce mode d&rsquo;<em>utilisation<\/em> favorise une meilleure absorption des principes actifs, ce qui contribue \u00e0 l&rsquo;efficacit\u00e9 du compl\u00e9ment.<\/p>\n\n\n\n<p>Il est essentiel d&rsquo;observer une certaine r\u00e9gularit\u00e9 dans la prise du produit. Les <b>utilisateurs<\/b> peuvent remarquer des <b>effets<\/b> positifs dans les 30 \u00e0 60 minutes qui suivent la prise, mais pour des <b>b\u00e9n\u00e9fices<\/b> durables, il est recommand\u00e9 d&rsquo;utiliser Femmax pendant au moins plusieurs semaines. La prise du compl\u00e9ment selon les instructions augmente les chances d&rsquo;une am\u00e9lioration significative de la qualit\u00e9 de la vie intime.<\/p>\n\n\n\n<p>En outre, il est conseill\u00e9 de consulter un m\u00e9decin avant de <em>prendre<\/em> Femmax, en particulier en cas d&rsquo;hypersensibilit\u00e9 aux <b>ingr\u00e9dients<\/b>. Les femmes enceintes ou qui allaitent doivent s&rsquo;abstenir d&rsquo;utiliser ce compl\u00e9ment. La prise r\u00e9guli\u00e8re de Femmax peut produire des <b>effets<\/b> que de nombreuses femmes d\u00e9crivent comme des am\u00e9liorations significatives dans la sph\u00e8re intime.<\/p>\n\n\n\n<h2 class=\"wp-block-heading\">Femmax reviews &#8211; Que disent les utilisateurs sur les forums ?<\/h2>\n\n\n\n<p>Les <b>avis sur<\/b> Femmax dans les forums d&rsquo;utilisateurs sont majoritairement positifs, de nombreuses femmes partageant leurs exp\u00e9riences apr\u00e8s avoir commenc\u00e9 le traitement. Les commentaires portent souvent sur l&rsquo;efficacit\u00e9 du compl\u00e9ment pour am\u00e9liorer la libido. <b>Les utilisateurs<\/b> notent que l&rsquo;utilisation r\u00e9guli\u00e8re de Femmax conduit \u00e0 des am\u00e9liorations significatives de la qualit\u00e9 de la vie sexuelle.<\/p>\n\n\n\n<p>De nombreuses femmes, comme Aneta et Marta, ont remarqu\u00e9 des changements positifs dans leurs relations intimes. Aneta rapporte qu&rsquo;apr\u00e8s quelques semaines de prise du compl\u00e9ment, son d\u00e9sir a augment\u00e9, ce qui a eu un impact significatif sur sa vie sexuelle. Marta souligne que Femmax l&rsquo;a aid\u00e9e \u00e0 lutter contre une faible libido, ce qui a modifi\u00e9 son approche des relations. De tels <em>avis<\/em> apparaissent r\u00e9guli\u00e8rement sur diff\u00e9rents forums, confirmant la popularit\u00e9 de Femmax aupr\u00e8s des femmes \u00e0 la recherche de solutions naturelles.<\/p>\n\n\n\n<p>Kasia, une autre utilisatrice, parle d&rsquo;une meilleure lubrification et d&rsquo;une intensification des sensations pendant les rapports sexuels. De nombreuses utilisatrices sur les forums soulignent que les effets de Femmax sont durables. En outre, de nombreuses femmes font \u00e9tat d&rsquo;un int\u00e9r\u00eat accru pour le sexe et d&rsquo;un d\u00e9sir d&rsquo;explorer l&rsquo;intimit\u00e9. Ce type de <b>commentaires<\/b> peut encourager d&rsquo;autres femmes \u00e0 essayer Femmax pour am\u00e9liorer la qualit\u00e9 de leur vie sexuelle.<\/p>\n\n\n\n<p>Il est donc int\u00e9ressant de noter les discussions sur <b>le forum<\/b>, qui refl\u00e8tent la diversit\u00e9 des exp\u00e9riences des utilisatrices de Femmax. Les questions fr\u00e9quentes sur l&rsquo;efficacit\u00e9 du compl\u00e9ment et les demandes de recommandations de la part d&rsquo;autres <b>femmes<\/b> t\u00e9moignent d&rsquo;un int\u00e9r\u00eat croissant pour le produit. Les utilisatrices ne se contentent pas d&rsquo;\u00e9valuer l&rsquo;efficacit\u00e9 de Femmax, elles partagent \u00e9galement des informations sur ses ingr\u00e9dients et ses <b>bienfaits pour<\/b> la sant\u00e9 en g\u00e9n\u00e9ral.<\/p>\n\n\n\n<h2 class=\"wp-block-heading\">Femmax &#8211; Composition &#8211; Que contient le produit ?<\/h2>\n\n\n\n<p>Femmax est un <b>compl\u00e9ment<\/b> qui contient un m\u00e9lange soigneusement s\u00e9lectionn\u00e9 d&rsquo;ingr\u00e9dients naturels con\u00e7us pour soutenir la sant\u00e9 sexuelle des femmes. Femmax contient des <b>ingr\u00e9dients<\/b> tels que le Muira Pauma, le gingembre, l&rsquo;herbe de Damian et la racine de ginseng pour favoriser l&rsquo;augmentation de la libido et am\u00e9liorer le bien-\u00eatre g\u00e9n\u00e9ral. Ces plantes et extraits agissent ensemble pour r\u00e9guler efficacement les niveaux d&rsquo;hormones, ce qui peut conduire \u00e0 une vie sexuelle am\u00e9lior\u00e9e.<\/p>\n\n\n\n<p>Les principaux ingr\u00e9dients du suppl\u00e9ment Femmax sont les suivants :<\/p>\n\n\n\n<ul class=\"wp-block-list\">\n<li><em>Muira Pauma<\/em> &#8211; connu pour ses propri\u00e9t\u00e9s stimulant la libido.<\/li>\n\n\n\n<li><em>Gingembre<\/em> &#8211; favorise la circulation et peut influer sur la vitalit\u00e9.<\/li>\n\n\n\n<li><em>Damiana<\/em> &#8211; traditionnellement utilis\u00e9 comme aphrodisiaque.<\/li>\n\n\n\n<li><em>Racine de ginseng<\/em> &#8211; am\u00e9liore l&rsquo;\u00e9nergie et le bien-\u00eatre g\u00e9n\u00e9ral.<\/li>\n\n\n\n<li><em>Feuilles d&rsquo;artichaut<\/em> &#8211; peuvent favoriser la d\u00e9sintoxication de l&rsquo;organisme.<\/li>\n<\/ul>\n\n\n\n<p>La l-arginine et le zinc, qui soutiennent l&rsquo;\u00e9tat de l&rsquo;organisme, sont \u00e9galement des ingr\u00e9dients importants. L&rsquo;utilisation r\u00e9guli\u00e8re de Femmax pendant au moins un mois peut apporter des r\u00e9sultats meilleurs et durables, en augmentant la vitalit\u00e9 et en am\u00e9liorant les sensations sexuelles. N&rsquo;oubliez pas d&rsquo;utiliser le compl\u00e9ment comme indiqu\u00e9 pour une <b>performance<\/b> optimale <b>des<\/b> ingr\u00e9dients qu&rsquo;il contient.<\/p>\n\n\n\n<h2 class=\"wp-block-heading\">O\u00f9 acheter et combien co\u00fbte Femmax &#8211; prix<\/h2>\n\n\n\n<p>Acheter des produits directement aupr\u00e8s du fabricant est non seulement une garantie d&rsquo;originalit\u00e9, mais aussi de meilleur prix. En \u00e9vitant les interm\u00e9diaires, le fabricant peut proposer des remises int\u00e9ressantes et des promotions sp\u00e9ciales que vous ne trouverez nulle part ailleurs. Contrairement aux magasins fixes ou aux plateformes de vente, le site officiel propose des r\u00e9ductions r\u00e9guli\u00e8res, ce qui vous permet d&rsquo;acheter Femmax \u00e0 un prix avantageux tout en \u00e9tant s\u00fbr d&rsquo;obtenir un produit de qualit\u00e9 sup\u00e9rieure.<\/p>\n\n\n\n<h2 class=\"wp-block-heading\">Femmax &#8211; Effets secondaires et contre-indications &#8211; Est-ce s\u00fbr ?<\/h2>\n\n\n\n<p>Femmax est largement reconnu comme un <b>compl\u00e9ment alimentaire<\/b> s\u00fbr, utilis\u00e9 par de nombreuses femmes pour am\u00e9liorer leur libido et la qualit\u00e9 de leur vie sexuelle. <b>La composition de<\/b> Femmax comprend des ingr\u00e9dients naturels, tels que l&rsquo;extrait de rose et le ginseng, qui pr\u00e9sentent des propri\u00e9t\u00e9s aphrodisiaques, ce qui se traduit par des effets positifs pour les utilisatrices. Cependant, comme pour tout suppl\u00e9ment, il existe des <strong>effets secondaires<\/strong> et des <strong>contre-indications<\/strong> qui doivent \u00eatre pris en compte.<\/p>\n\n\n\n<p>Il est recommand\u00e9 aux personnes souffrant de maladies existantes ou prenant d&rsquo;autres m\u00e9dicaments de toujours consulter leur m\u00e9decin avant de prendre Femmax. Les utilisatrices doivent savoir que ce produit est d\u00e9conseill\u00e9 aux femmes enceintes ou qui allaitent, ainsi qu&rsquo;aux personnes \u00e2g\u00e9es de moins de 18 ans. Un bon <b>dosage<\/b>, c&rsquo;est-\u00e0-dire une g\u00e9lule par jour, et le respect des instructions du fabricant peuvent minimiser le risque d&rsquo;<strong>effets secondaires<\/strong>.<\/p>\n\n\n\n<p>Bien que Femmax puisse apporter de nombreux <b>avantages<\/b>, <b>la s\u00e9curit\u00e9 de son<\/b> utilisation d\u00e9pend de l&rsquo;\u00e9tat de sant\u00e9 individuel et des r\u00e9actions du corps. Par cons\u00e9quent, il est recommand\u00e9 d&rsquo;adopter une approche prudente de son utilisation et de consulter \u00e9ventuellement un m\u00e9decin pour garantir un maximum de b\u00e9n\u00e9fices avec un minimum de risques. Un suivi r\u00e9gulier de la r\u00e9action de l&rsquo;organisme au suppl\u00e9ment peut aider \u00e0 \u00e9valuer sa s\u00e9curit\u00e9 et son efficacit\u00e9.<\/p>\n\n\n\n<p><\/p>\n","protected":false},"excerpt":{"rendered":"<p><strong>[date_countdown]<\/strong><\/p>\n<p><img decoding=\"async\" class=\"alignnone  wp-image-8427\" src=\"https:\/\/pharmacie-progres-cannes.fr\/pharmacie\/wp-content\/uploads\/2024\/10\/SAFE-PAY-300x88-1.png\" alt=\"SAFE-PAY-300x88\" width=\"164\" height=\"48\" \/><\/p>\n","protected":false},"featured_media":3883,"comment_status":"open","ping_status":"closed","template":"","meta":{"neve_meta_sidebar":"","neve_meta_container":"","neve_meta_enable_content_width":"","neve_meta_content_width":0,"neve_meta_title_alignment":"","neve_meta_author_avatar":"","neve_post_elements_order":"","neve_meta_disable_header":"","neve_meta_disable_footer":"","neve_meta_disable_title":"","neve_meta_reading_time":""},"product_brand":[],"product_cat":[16],"product_tag":[],"class_list":{"0":"post-4466","1":"product","2":"type-product","3":"status-publish","4":"has-post-thumbnail","6":"product_cat-sante-sexuelle","8":"first","9":"instock","10":"sale","11":"shipping-taxable","12":"product-type-external"},"yoast_head":"<!-- This site is optimized with the Yoast SEO plugin v27.3 - https:\/\/yoast.com\/product\/yoast-seo-wordpress\/ -->\n<title>Femmax - Avis, Forum, Pharmacie, Effets, Prix -50% | Pharmacie-Progres-Pannes<\/title>\n<meta name=\"robots\" content=\"index, follow, max-snippet:-1, max-image-preview:large, max-video-preview:-1\" \/>\n<link rel=\"canonical\" href=\"https:\/\/pharmacie-progres-cannes.fr\/pharmacie\/supp\/femmax\/\" \/>\n<meta property=\"og:locale\" content=\"fr_FR\" \/>\n<meta property=\"og:type\" content=\"article\" \/>\n<meta property=\"og:title\" content=\"Femmax - Avis, Forum, Pharmacie, Effets, Prix -50% | Pharmacie-Progres-Pannes\" \/>\n<meta property=\"og:url\" content=\"https:\/\/pharmacie-progres-cannes.fr\/pharmacie\/supp\/femmax\/\" \/>\n<meta property=\"og:site_name\" content=\"Pharmacie-Progres-Pannes\" \/>\n<meta property=\"article:modified_time\" content=\"2025-03-09T11:44:11+00:00\" \/>\n<meta property=\"og:image\" content=\"https:\/\/pharmacie-progres-cannes.fr\/pharmacie\/wp-content\/uploads\/2024\/10\/Femmax.jpg\" \/>\n\t<meta property=\"og:image:width\" content=\"768\" \/>\n\t<meta property=\"og:image:height\" content=\"768\" \/>\n\t<meta property=\"og:image:type\" content=\"image\/jpeg\" \/>\n<meta name=\"twitter:card\" content=\"summary_large_image\" \/>\n<meta name=\"twitter:description\" content=\"[date_countdown]\" \/>\n<meta name=\"twitter:label1\" content=\"Dur\u00e9e de lecture estim\u00e9e\" \/>\n\t<meta name=\"twitter:data1\" content=\"1 minute\" \/>\n<script type=\"application\/ld+json\" class=\"yoast-schema-graph\">{\"@context\":\"https:\\\/\\\/schema.org\",\"@graph\":[{\"@type\":\"WebPage\",\"@id\":\"https:\\\/\\\/pharmacie-progres-cannes.fr\\\/pharmacie\\\/supp\\\/femmax\\\/\",\"url\":\"https:\\\/\\\/pharmacie-progres-cannes.fr\\\/pharmacie\\\/supp\\\/femmax\\\/\",\"name\":\"Femmax - Avis, Forum, Pharmacie, Effets, Prix -50% | Pharmacie-Progres-Pannes\",\"isPartOf\":{\"@id\":\"https:\\\/\\\/pharmacie-progres-cannes.fr\\\/pharmacie\\\/#website\"},\"primaryImageOfPage\":{\"@id\":\"https:\\\/\\\/pharmacie-progres-cannes.fr\\\/pharmacie\\\/supp\\\/femmax\\\/#primaryimage\"},\"image\":{\"@id\":\"https:\\\/\\\/pharmacie-progres-cannes.fr\\\/pharmacie\\\/supp\\\/femmax\\\/#primaryimage\"},\"thumbnailUrl\":\"https:\\\/\\\/pharmacie-progres-cannes.fr\\\/pharmacie\\\/wp-content\\\/uploads\\\/2024\\\/10\\\/Femmax.jpg\",\"datePublished\":\"2024-10-18T19:46:04+00:00\",\"dateModified\":\"2025-03-09T11:44:11+00:00\",\"breadcrumb\":{\"@id\":\"https:\\\/\\\/pharmacie-progres-cannes.fr\\\/pharmacie\\\/supp\\\/femmax\\\/#breadcrumb\"},\"inLanguage\":\"fr-FR\",\"potentialAction\":[{\"@type\":\"ReadAction\",\"target\":[\"https:\\\/\\\/pharmacie-progres-cannes.fr\\\/pharmacie\\\/supp\\\/femmax\\\/\"]}]},{\"@type\":\"ImageObject\",\"inLanguage\":\"fr-FR\",\"@id\":\"https:\\\/\\\/pharmacie-progres-cannes.fr\\\/pharmacie\\\/supp\\\/femmax\\\/#primaryimage\",\"url\":\"https:\\\/\\\/pharmacie-progres-cannes.fr\\\/pharmacie\\\/wp-content\\\/uploads\\\/2024\\\/10\\\/Femmax.jpg\",\"contentUrl\":\"https:\\\/\\\/pharmacie-progres-cannes.fr\\\/pharmacie\\\/wp-content\\\/uploads\\\/2024\\\/10\\\/Femmax.jpg\",\"width\":768,\"height\":768},{\"@type\":\"BreadcrumbList\",\"@id\":\"https:\\\/\\\/pharmacie-progres-cannes.fr\\\/pharmacie\\\/supp\\\/femmax\\\/#breadcrumb\",\"itemListElement\":[{\"@type\":\"ListItem\",\"position\":1,\"name\":\"Strona g\u0142\u00f3wna\",\"item\":\"https:\\\/\\\/pharmacie-progres-cannes.fr\\\/pharmacie\\\/\"},{\"@type\":\"ListItem\",\"position\":2,\"name\":\"farmaci\",\"item\":\"https:\\\/\\\/pharmacie-progres-cannes.fr\\\/pharmacie\\\/\"},{\"@type\":\"ListItem\",\"position\":3,\"name\":\"Femmax\"}]},{\"@type\":\"WebSite\",\"@id\":\"https:\\\/\\\/pharmacie-progres-cannes.fr\\\/pharmacie\\\/#website\",\"url\":\"https:\\\/\\\/pharmacie-progres-cannes.fr\\\/pharmacie\\\/\",\"name\":\"Pharmacie-Progres-Pannes\",\"description\":\"\",\"potentialAction\":[{\"@type\":\"SearchAction\",\"target\":{\"@type\":\"EntryPoint\",\"urlTemplate\":\"https:\\\/\\\/pharmacie-progres-cannes.fr\\\/pharmacie\\\/?s={search_term_string}\"},\"query-input\":{\"@type\":\"PropertyValueSpecification\",\"valueRequired\":true,\"valueName\":\"search_term_string\"}}],\"inLanguage\":\"fr-FR\"}]}<\/script>\n<!-- \/ Yoast SEO plugin. -->","yoast_head_json":{"title":"Femmax - Avis, Forum, Pharmacie, Effets, Prix -50% | Pharmacie-Progres-Pannes","robots":{"index":"index","follow":"follow","max-snippet":"max-snippet:-1","max-image-preview":"max-image-preview:large","max-video-preview":"max-video-preview:-1"},"canonical":"https:\/\/pharmacie-progres-cannes.fr\/pharmacie\/supp\/femmax\/","og_locale":"fr_FR","og_type":"article","og_title":"Femmax - Avis, Forum, Pharmacie, Effets, Prix -50% | Pharmacie-Progres-Pannes","og_url":"https:\/\/pharmacie-progres-cannes.fr\/pharmacie\/supp\/femmax\/","og_site_name":"Pharmacie-Progres-Pannes","article_modified_time":"2025-03-09T11:44:11+00:00","og_image":[{"width":768,"height":768,"url":"https:\/\/pharmacie-progres-cannes.fr\/pharmacie\/wp-content\/uploads\/2024\/10\/Femmax.jpg","type":"image\/jpeg"}],"twitter_card":"summary_large_image","twitter_description":"[date_countdown]","twitter_misc":{"Dur\u00e9e de lecture estim\u00e9e":"1 minute"},"schema":{"@context":"https:\/\/schema.org","@graph":[{"@type":"WebPage","@id":"https:\/\/pharmacie-progres-cannes.fr\/pharmacie\/supp\/femmax\/","url":"https:\/\/pharmacie-progres-cannes.fr\/pharmacie\/supp\/femmax\/","name":"Femmax - Avis, Forum, Pharmacie, Effets, Prix -50% | Pharmacie-Progres-Pannes","isPartOf":{"@id":"https:\/\/pharmacie-progres-cannes.fr\/pharmacie\/#website"},"primaryImageOfPage":{"@id":"https:\/\/pharmacie-progres-cannes.fr\/pharmacie\/supp\/femmax\/#primaryimage"},"image":{"@id":"https:\/\/pharmacie-progres-cannes.fr\/pharmacie\/supp\/femmax\/#primaryimage"},"thumbnailUrl":"https:\/\/pharmacie-progres-cannes.fr\/pharmacie\/wp-content\/uploads\/2024\/10\/Femmax.jpg","datePublished":"2024-10-18T19:46:04+00:00","dateModified":"2025-03-09T11:44:11+00:00","breadcrumb":{"@id":"https:\/\/pharmacie-progres-cannes.fr\/pharmacie\/supp\/femmax\/#breadcrumb"},"inLanguage":"fr-FR","potentialAction":[{"@type":"ReadAction","target":["https:\/\/pharmacie-progres-cannes.fr\/pharmacie\/supp\/femmax\/"]}]},{"@type":"ImageObject","inLanguage":"fr-FR","@id":"https:\/\/pharmacie-progres-cannes.fr\/pharmacie\/supp\/femmax\/#primaryimage","url":"https:\/\/pharmacie-progres-cannes.fr\/pharmacie\/wp-content\/uploads\/2024\/10\/Femmax.jpg","contentUrl":"https:\/\/pharmacie-progres-cannes.fr\/pharmacie\/wp-content\/uploads\/2024\/10\/Femmax.jpg","width":768,"height":768},{"@type":"BreadcrumbList","@id":"https:\/\/pharmacie-progres-cannes.fr\/pharmacie\/supp\/femmax\/#breadcrumb","itemListElement":[{"@type":"ListItem","position":1,"name":"Strona g\u0142\u00f3wna","item":"https:\/\/pharmacie-progres-cannes.fr\/pharmacie\/"},{"@type":"ListItem","position":2,"name":"farmaci","item":"https:\/\/pharmacie-progres-cannes.fr\/pharmacie\/"},{"@type":"ListItem","position":3,"name":"Femmax"}]},{"@type":"WebSite","@id":"https:\/\/pharmacie-progres-cannes.fr\/pharmacie\/#website","url":"https:\/\/pharmacie-progres-cannes.fr\/pharmacie\/","name":"Pharmacie-Progres-Pannes","description":"","potentialAction":[{"@type":"SearchAction","target":{"@type":"EntryPoint","urlTemplate":"https:\/\/pharmacie-progres-cannes.fr\/pharmacie\/?s={search_term_string}"},"query-input":{"@type":"PropertyValueSpecification","valueRequired":true,"valueName":"search_term_string"}}],"inLanguage":"fr-FR"}]}},"_links":{"self":[{"href":"https:\/\/pharmacie-progres-cannes.fr\/pharmacie\/wp-json\/wp\/v2\/product\/4466","targetHints":{"allow":["GET"]}}],"collection":[{"href":"https:\/\/pharmacie-progres-cannes.fr\/pharmacie\/wp-json\/wp\/v2\/product"}],"about":[{"href":"https:\/\/pharmacie-progres-cannes.fr\/pharmacie\/wp-json\/wp\/v2\/types\/product"}],"replies":[{"embeddable":true,"href":"https:\/\/pharmacie-progres-cannes.fr\/pharmacie\/wp-json\/wp\/v2\/comments?post=4466"}],"wp:featuredmedia":[{"embeddable":true,"href":"https:\/\/pharmacie-progres-cannes.fr\/pharmacie\/wp-json\/wp\/v2\/media\/3883"}],"wp:attachment":[{"href":"https:\/\/pharmacie-progres-cannes.fr\/pharmacie\/wp-json\/wp\/v2\/media?parent=4466"}],"wp:term":[{"taxonomy":"product_brand","embeddable":true,"href":"https:\/\/pharmacie-progres-cannes.fr\/pharmacie\/wp-json\/wp\/v2\/product_brand?post=4466"},{"taxonomy":"product_cat","embeddable":true,"href":"https:\/\/pharmacie-progres-cannes.fr\/pharmacie\/wp-json\/wp\/v2\/product_cat?post=4466"},{"taxonomy":"product_tag","embeddable":true,"href":"https:\/\/pharmacie-progres-cannes.fr\/pharmacie\/wp-json\/wp\/v2\/product_tag?post=4466"}],"curies":[{"name":"wp","href":"https:\/\/api.w.org\/{rel}","templated":true}]}}