{"id":4456,"date":"2024-10-18T19:46:01","date_gmt":"2024-10-18T19:46:01","guid":{"rendered":"https:\/\/chirurgie-orthopedie-vannes.fr\/pharmacie\/?post_type=product&#038;p=4456"},"modified":"2025-03-17T17:12:15","modified_gmt":"2025-03-17T17:12:15","slug":"remi-bloston","status":"publish","type":"product","link":"https:\/\/pharmacie-progres-cannes.fr\/pharmacie\/supp\/remi-bloston\/","title":{"rendered":"Remi Bloston"},"content":{"rendered":"\n<h2 class=\"wp-block-heading\">Qu&rsquo;est-ce que Remi Bloston et comment fonctionne-t-il ?<\/h2>\n\n\n\n<p>Remi Bloston est un <b>compl\u00e9ment de<\/b> soutien \u00e0 la <b>sant\u00e9 cardiovasculaire<\/b>, \u00e0 base d&rsquo;ingr\u00e9dients naturels. Son <em>action<\/em> se concentre sur l&rsquo;am\u00e9lioration de la circulation sanguine et la r\u00e9duction du taux de cholest\u00e9rol. Gr\u00e2ce \u00e0 sa formule, Remi Bloston soutient \u00e9galement la fonction cardiaque, essentielle au bon fonctionnement de l&rsquo;organisme.<\/p>\n\n\n\n<p>L&rsquo;utilisation r\u00e9guli\u00e8re de ce compl\u00e9ment est b\u00e9n\u00e9fique tant pour les personnes \u00e2g\u00e9es que pour les jeunes qui veulent prendre soin de leur <b>sant\u00e9<\/b>. Des \u00e9tudes montrent que jusqu&rsquo;\u00e0 87 % des utilisateurs de Remi Bloston ont constat\u00e9 une am\u00e9lioration de leur \u00e9tat de sant\u00e9 apr\u00e8s quatre mois d&rsquo;utilisation. Il est \u00e0 noter que 100% des patients de l&rsquo;\u00e9tude ont rapport\u00e9 une stabilisation de leur tension art\u00e9rielle, ce qui d\u00e9montre la grande efficacit\u00e9 de ce produit dans la lutte contre les probl\u00e8mes cardiovasculaires.<\/p>\n\n\n\n<p>Les <b>ingr\u00e9dients du<\/b> compl\u00e9ment sont tous naturels, ce qui minimise le risque d&rsquo;effets secondaires. Le lancement de Remi Bloston en 2019 a \u00e9t\u00e9 accueilli positivement, d&rsquo;autant plus que <b>le compl\u00e9ment<\/b> a gagn\u00e9 la confiance de nombreux utilisateurs qui ont remarqu\u00e9 une am\u00e9lioration significative de leur bien-\u00eatre et une r\u00e9duction du risque de crise cardiaque.<\/p>\n\n\n\n<h2 class=\"wp-block-heading\">Remi Bloston &#8211; effets<\/h2>\n\n\n\n<p>La <b>suppl\u00e9mentation en<\/b> Remi Bloston a de nombreux <b>effets<\/b> qui ont un impact positif sur la <b>sant\u00e9<\/b> des utilisateurs. Les donn\u00e9es montrent que l&rsquo;utilisation r\u00e9guli\u00e8re de ce compl\u00e9ment am\u00e9liore de mani\u00e8re significative le bien-\u00eatre g\u00e9n\u00e9ral et augmente l&rsquo;\u00e9nergie. Apr\u00e8s seulement cinq jours d&rsquo;utilisation, on observe une augmentation de la vitalit\u00e9 et de la force.<\/p>\n\n\n\n<p>Au cours des deuxi\u00e8me et troisi\u00e8me semaines de traitement, des changements significatifs se produisent dans le syst\u00e8me cardiovasculaire. Une r\u00e9duction de 98,7 % du volume des plaques d&rsquo;ath\u00e9roscl\u00e9rose dans les art\u00e8res et une am\u00e9lioration de la circulation sanguine multipli\u00e9e par trois ne sont que quelques-uns des effets notables. Apr\u00e8s quatre semaines, les <b>utilisateurs<\/b> peuvent compter sur la disparition compl\u00e8te de l&rsquo;ath\u00e9roscl\u00e9rose, ce qui devient crucial dans la pr\u00e9vention des maladies cardiovasculaires.<\/p>\n\n\n\n<p>Les statistiques parlent d&rsquo;elles-m\u00eames : le compl\u00e9ment Remi Bloston a r\u00e9duit le risque d&rsquo;infarctus de 185 % et d&rsquo;accident vasculaire c\u00e9r\u00e9bral de 168 %. Les donn\u00e9es montrent que plus de 14 000 personnes ont d\u00e9j\u00e0 b\u00e9n\u00e9fici\u00e9 des effets de ce compl\u00e9ment, ce qui souligne sa grande efficacit\u00e9.<\/p>\n\n\n\n<figure class=\"wp-block-table\"><table class=\"has-fixed-layout\"><tbody><tr><th>Effet<\/th><th>Description<\/th><\/tr><tr><td>Augmentation de l&rsquo;\u00e9nergie<\/td><td>Remarquable apr\u00e8s seulement 5 jours d&rsquo;utilisation.<\/td><\/tr><tr><td>R\u00e9duction des plaques d&rsquo;ath\u00e9rome<\/td><td>98,7% apr\u00e8s 2 semaines<\/td><\/tr><tr><td>Am\u00e9lioration de la circulation sanguine<\/td><td>Multiplication par 3 au cours de la 3\u00e8me semaine de traitement.<\/td><\/tr><tr><td>R\u00e9duire le risque de crise cardiaque<\/td><td>185% moins probable.<\/td><\/tr><tr><td>R\u00e9duction du risque d&rsquo;AVC<\/td><td>168% moins probable.<\/td><\/tr><\/tbody><\/table><\/figure>\n\n\n\n<p>L&rsquo;utilisation de Remi Bloston devient donc un \u00e9l\u00e9ment important dans les soins et la pr\u00e9vention des maladies cardiovasculaires. La <b>suppl\u00e9mentation<\/b> contribue \u00e0 une meilleure sensation de bien-\u00eatre et \u00e0 une am\u00e9lioration globale de la sant\u00e9.<\/p>\n\n\n\n<h2 class=\"wp-block-heading\">Dosage de Remi Bloston &#8211; Comment l&rsquo;utiliser ?<\/h2>\n\n\n\n<p>La <b>posologie<\/b> recommand\u00e9e pour Remi Bloston est de deux g\u00e9lules par jour. Le compl\u00e9ment doit \u00eatre pris avec beaucoup d&rsquo;eau pour faciliter l&rsquo;absorption des ingr\u00e9dients actifs. Une <b>suppl\u00e9mentation<\/b> ad\u00e9quate en Remi Bloston est essentielle pour obtenir les effets escompt\u00e9s sur la sant\u00e9.<\/p>\n\n\n\n<p>Il convient de rappeler que le traitement doit durer environ quatre mois pour que les effets soient perceptibles. La prise r\u00e9guli\u00e8re des g\u00e9lules sur une longue p\u00e9riode aide l&rsquo;organisme \u00e0 r\u00e9duire le taux de mauvais cholest\u00e9rol et diminue le risque d&rsquo;ath\u00e9roscl\u00e9rose et d&rsquo;autres affections graves. Les personnes qui se demandent <b>comment utiliser<\/b> Remi Bloston devraient consulter leur m\u00e9decin, surtout si elles prennent d&rsquo;autres m\u00e9dicaments. Il peut \u00e9galement \u00eatre utile de d\u00e9terminer si une suppl\u00e9mentation est appropri\u00e9e dans leur cas individuel.<\/p>\n\n\n\n<p>Lorsqu&rsquo;il est utilis\u00e9 de mani\u00e8re appropri\u00e9e et que les recommandations de dosage sont respect\u00e9es, Remi Bloston peut \u00eatre un soutien s\u00fbr et efficace pour le maintien d&rsquo;un syst\u00e8me cardiovasculaire sain.<\/p>\n\n\n\n<h2 class=\"wp-block-heading\">Critiques et opinions sur Remi Bloston<\/h2>\n\n\n\n<p><b>Les avis<\/b> sur Remi Bloston sont pour la plupart tr\u00e8s positifs. <b>Les utilisateurs<\/b> louent l&rsquo;efficacit\u00e9 du compl\u00e9ment, notant son impact sur l&rsquo;am\u00e9lioration de la sant\u00e9 et du bien-\u00eatre. De nombreux avis font \u00e9tat d&rsquo;am\u00e9liorations significatives dans le domaine cardiovasculaire et du bien-\u00eatre physique et mental en g\u00e9n\u00e9ral apr\u00e8s la prise du produit.<\/p>\n\n\n\n<p>Les participants \u00e0 une \u00e9tude portant sur 11.000 personnes ont confirm\u00e9 l&rsquo;efficacit\u00e9 de Remi Bloston pour r\u00e9duire de 75% le risque de maladies cardiovasculaires. Apr\u00e8s 30 jours d&rsquo;utilisation du compl\u00e9ment, jusqu&rsquo;\u00e0 100 % des utilisateurs ont d\u00e9clar\u00e9 une am\u00e9lioration de leur forme, ce qui d\u00e9montre que <b>des r\u00e9sultats<\/b> sensationnels peuvent \u00eatre obtenus dans un laps de temps relativement court.<\/p>\n\n\n\n<p>Il existe \u00e9galement de nombreux avis positifs sur les forums en ligne. <b>Les utilisateurs<\/b> appr\u00e9cient l&rsquo;absence d&rsquo;effets secondaires, ce qui constitue un avantage suppl\u00e9mentaire. 98,7 % des plaques d&rsquo;ath\u00e9rome ont \u00e9t\u00e9 dissoutes en l&rsquo;espace de deux semaines, ce qui confirme la grande efficacit\u00e9 de la th\u00e9rapie Remi Bloston.<\/p>\n\n\n\n<p>Il convient de mentionner que seulement 0 % des personnes se sont plaintes du prix du suppl\u00e9ment, ce qui sugg\u00e8re qu&rsquo;il est consid\u00e9r\u00e9 comme ad\u00e9quat pour la qualit\u00e9 et les effets. Apr\u00e8s un mois d&rsquo;utilisation, des am\u00e9liorations significatives ont \u00e9t\u00e9 constat\u00e9es chez 100 % des utilisateurs, ce qui rend ce compl\u00e9ment extr\u00eamement populaire aupr\u00e8s des personnes qui cherchent \u00e0 am\u00e9liorer leur sant\u00e9.<\/p>\n\n\n\n<figure class=\"wp-block-table\"><table class=\"has-fixed-layout\"><tbody><tr><th>Date de la demande<\/th><th>Pourcentage d&rsquo;am\u00e9lioration<\/th><th>Utilisateurs interrog\u00e9s<\/th><th>Conclusions<\/th><\/tr><tr><td>30 jours<\/td><td>100%<\/td><td>11,000<\/td><td>Rendement \u00e9lev\u00e9 de plus de 98<\/td><\/tr><tr><td>2 semaines<\/td><td>98,7%<\/td><td>Utilisateurs du suppl\u00e9ment<\/td><td>Dissolution des plaques d&rsquo;ath\u00e9rome<\/td><\/tr><tr><td>1 mois<\/td><td>0%<\/td><td>Utilisateurs<\/td><td>Pas d&rsquo;effets secondaires<\/td><\/tr><\/tbody><\/table><\/figure>\n\n\n\n<p>Plus de 14.000 personnes ont exp\u00e9riment\u00e9 les effets positifs de Remi Bloston. Un tel nombre d&rsquo;utilisateurs ne laisse aucun doute quant \u00e0 son impact sur la sant\u00e9 et la qualit\u00e9 de vie. Les <b>avis sur<\/b> Remi Bloston continuent de circuler sur les forums, soulignant l&rsquo;efficacit\u00e9 et la satisfaction des r\u00e9sultats.<\/p>\n\n\n\n<h2 class=\"wp-block-heading\">Remi Bloston &#8211; Composition &#8211; Que contient-elle ?<\/h2>\n\n\n\n<p>Remi Bloston est un suppl\u00e9ment qui soutient la sant\u00e9 cardiovasculaire gr\u00e2ce \u00e0 sa formulation soigneusement con\u00e7ue. Ses <b>ingr\u00e9dients<\/b> comprennent des extraits de plantes, des vitamines et des min\u00e9raux qui agissent en synergie pour am\u00e9liorer la circulation et les performances g\u00e9n\u00e9rales. Les <b>ingr\u00e9dients<\/b> naturels font de Remi Bloston un produit s\u00fbr pour la sant\u00e9, sans risque d&rsquo;effets secondaires.<\/p>\n\n\n\n<figure class=\"wp-block-table\"><table class=\"has-fixed-layout\"><tbody><tr><th>Composant<\/th><th>Fonction<\/th><th>Avantages<\/th><\/tr><tr><td>Coenzyme Q10<\/td><td>Soutien du c\u0153ur<\/td><td>Am\u00e9liore la performance du myocarde<\/td><\/tr><tr><td>Vitamine C<\/td><td>R\u00e9gulation du cholest\u00e9rol<\/td><td>Renforce les vaisseaux sanguins<\/td><\/tr><tr><td>Vitamine K2<\/td><td>Stabilisation des parois art\u00e9rielles<\/td><td>Aide \u00e0 pr\u00e9venir l&rsquo;ath\u00e9roscl\u00e9rose<\/td><\/tr><tr><td>Acide om\u00e9ga-3<\/td><td>R\u00e9duction de la tension art\u00e9rielle<\/td><td>R\u00e9duit le risque de maladie cardiaque<\/td><\/tr><\/tbody><\/table><\/figure>\n\n\n\n<p>L&rsquo;utilisation r\u00e9guli\u00e8re du compl\u00e9ment Remi Bloston pendant quatre mois peut entra\u00eener des am\u00e9liorations notables de la sant\u00e9. Les observations montrent que 87 % des utilisateurs ont constat\u00e9 une am\u00e9lioration de leur \u00e9tat de sant\u00e9. Le compl\u00e9ment ne se contente pas de r\u00e9duire le cholest\u00e9rol LDL, il favorise \u00e9galement la r\u00e9gulation de la tension art\u00e9rielle et la sant\u00e9 cardiovasculaire. Remi Bloston est donc un \u00e9l\u00e9ment pr\u00e9cieux de la pr\u00e9vention des maladies cardiaques.<\/p>\n\n\n\n<h2 class=\"wp-block-heading\">O\u00f9 acheter et combien co\u00fbte Remi Bloston &#8211; prix<\/h2>\n\n\n\n<p>Remi Bloston n&rsquo;est disponible que sur le site <em>officiel du fabricant<\/em>. C&rsquo;est la seule fa\u00e7on de s&rsquo;assurer que le produit que vous achetez est original et qu&rsquo;il r\u00e9pond \u00e0 des normes de qualit\u00e9 \u00e9lev\u00e9es. En outre, l&rsquo;achat direct aupr\u00e8s du fabricant vous permet de profiter des promotions en cours, qui peuvent r\u00e9duire consid\u00e9rablement le <em>prix<\/em>.<\/p>\n\n\n\n<p>Il convient de noter que Remi Bloston n&rsquo;est pas disponible dans les pharmacies traditionnelles, ce qui souligne l&rsquo;importance de s&rsquo;approvisionner aupr\u00e8s d&rsquo;une source fiable. Lors du choix de l&rsquo;<em>endroit o\u00f9 acheter<\/em>, faites toujours attention \u00e0 la disponibilit\u00e9 du produit sur le site officiel afin d&rsquo;\u00e9viter les contrefa\u00e7ons et d&rsquo;assurer un soutien total \u00e0 votre sant\u00e9.<\/p>\n\n\n\n<h2 class=\"wp-block-heading\">Effets secondaires potentiels et contre-indications de Remi Bloston<\/h2>\n\n\n\n<p>Lors de l&rsquo;utilisation de Remi Bloston, il est important d&rsquo;\u00eatre conscient des effets secondaires potentiels qui peuvent survenir. Les maux de t\u00eate et les naus\u00e9es figurent parmi les sympt\u00f4mes les plus fr\u00e9quemment signal\u00e9s. En outre, certains utilisateurs pr\u00e9sentent des r\u00e9actions allergiques, ce qui souligne la n\u00e9cessit\u00e9 d&rsquo;aborder la suppl\u00e9mentation avec prudence.<\/p>\n\n\n\n<p>Les <b>contre-indications<\/b> \u00e0 l&rsquo;utilisation de Remi Bloston sont la grossesse et l&rsquo;allaitement. Les personnes souffrant de maladies cardiaques doivent \u00e9viter de prendre ce compl\u00e9ment sans avoir consult\u00e9 leur m\u00e9decin. La <b>s\u00e9curit\u00e9 du<\/b> produit \u00e9tant cruciale, il est recommand\u00e9 de consulter un sp\u00e9cialiste avant de commencer la suppl\u00e9mentation afin d&rsquo;adapter au mieux le traitement aux besoins individuels.<\/p>\n\n\n\n<p>Il convient \u00e9galement de rappeler que l&rsquo;organisme de chacun r\u00e9agit diff\u00e9remment, ce qui signifie que certaines personnes peuvent ressentir des <b>effets secondaires<\/b>, tandis que d&rsquo;autres n&rsquo;\u00e9prouveront aucune r\u00e9action n\u00e9gative. Il est important de faire preuve de prudence et de surveiller la r\u00e9action de votre corps au Remi Bloston pour assurer votre sant\u00e9 et votre bien-\u00eatre \u00e0 long terme.<\/p>\n","protected":false},"excerpt":{"rendered":"<p><strong>[date_countdown]<\/strong><\/p>\n<p><img decoding=\"async\" class=\"alignnone  wp-image-8427\" src=\"https:\/\/pharmacie-progres-cannes.fr\/pharmacie\/wp-content\/uploads\/2024\/10\/SAFE-PAY-300x88-1.png\" alt=\"SAFE-PAY-300x88\" width=\"164\" height=\"48\" \/><\/p>\n","protected":false},"featured_media":3846,"comment_status":"open","ping_status":"closed","template":"","meta":{"neve_meta_sidebar":"","neve_meta_container":"","neve_meta_enable_content_width":"","neve_meta_content_width":0,"neve_meta_title_alignment":"","neve_meta_author_avatar":"","neve_post_elements_order":"","neve_meta_disable_header":"","neve_meta_disable_footer":"","neve_meta_disable_title":"","neve_meta_reading_time":""},"product_brand":[],"product_cat":[18],"product_tag":[],"class_list":{"0":"post-4456","1":"product","2":"type-product","3":"status-publish","4":"has-post-thumbnail","6":"product_cat-sante","8":"first","9":"instock","10":"sale","11":"shipping-taxable","12":"product-type-external"},"yoast_head":"<!-- This site is optimized with the Yoast SEO plugin v27.3 - https:\/\/yoast.com\/product\/yoast-seo-wordpress\/ -->\n<title>Remi Bloston - Avis, Forum, Pharmacie, Effets, Prix -50% | Pharmacie-Progres-Pannes<\/title>\n<meta name=\"robots\" content=\"index, follow, max-snippet:-1, max-image-preview:large, max-video-preview:-1\" \/>\n<link rel=\"canonical\" href=\"https:\/\/pharmacie-progres-cannes.fr\/pharmacie\/supp\/remi-bloston\/\" \/>\n<meta property=\"og:locale\" content=\"fr_FR\" \/>\n<meta property=\"og:type\" content=\"article\" \/>\n<meta property=\"og:title\" content=\"Remi Bloston - Avis, Forum, Pharmacie, Effets, Prix -50% | Pharmacie-Progres-Pannes\" \/>\n<meta property=\"og:url\" content=\"https:\/\/pharmacie-progres-cannes.fr\/pharmacie\/supp\/remi-bloston\/\" \/>\n<meta property=\"og:site_name\" content=\"Pharmacie-Progres-Pannes\" \/>\n<meta property=\"article:modified_time\" content=\"2025-03-17T17:12:15+00:00\" \/>\n<meta property=\"og:image\" content=\"https:\/\/pharmacie-progres-cannes.fr\/pharmacie\/wp-content\/uploads\/2024\/10\/Remi-Bloston.jpg\" \/>\n\t<meta property=\"og:image:width\" content=\"768\" \/>\n\t<meta property=\"og:image:height\" content=\"768\" \/>\n\t<meta property=\"og:image:type\" content=\"image\/jpeg\" \/>\n<meta name=\"twitter:card\" content=\"summary_large_image\" \/>\n<meta name=\"twitter:description\" content=\"[date_countdown]\" \/>\n<meta name=\"twitter:label1\" content=\"Dur\u00e9e de lecture estim\u00e9e\" \/>\n\t<meta name=\"twitter:data1\" content=\"1 minute\" \/>\n<script type=\"application\/ld+json\" class=\"yoast-schema-graph\">{\"@context\":\"https:\\\/\\\/schema.org\",\"@graph\":[{\"@type\":\"WebPage\",\"@id\":\"https:\\\/\\\/pharmacie-progres-cannes.fr\\\/pharmacie\\\/supp\\\/remi-bloston\\\/\",\"url\":\"https:\\\/\\\/pharmacie-progres-cannes.fr\\\/pharmacie\\\/supp\\\/remi-bloston\\\/\",\"name\":\"Remi Bloston - Avis, Forum, Pharmacie, Effets, Prix -50% | Pharmacie-Progres-Pannes\",\"isPartOf\":{\"@id\":\"https:\\\/\\\/pharmacie-progres-cannes.fr\\\/pharmacie\\\/#website\"},\"primaryImageOfPage\":{\"@id\":\"https:\\\/\\\/pharmacie-progres-cannes.fr\\\/pharmacie\\\/supp\\\/remi-bloston\\\/#primaryimage\"},\"image\":{\"@id\":\"https:\\\/\\\/pharmacie-progres-cannes.fr\\\/pharmacie\\\/supp\\\/remi-bloston\\\/#primaryimage\"},\"thumbnailUrl\":\"https:\\\/\\\/pharmacie-progres-cannes.fr\\\/pharmacie\\\/wp-content\\\/uploads\\\/2024\\\/10\\\/Remi-Bloston.jpg\",\"datePublished\":\"2024-10-18T19:46:01+00:00\",\"dateModified\":\"2025-03-17T17:12:15+00:00\",\"breadcrumb\":{\"@id\":\"https:\\\/\\\/pharmacie-progres-cannes.fr\\\/pharmacie\\\/supp\\\/remi-bloston\\\/#breadcrumb\"},\"inLanguage\":\"fr-FR\",\"potentialAction\":[{\"@type\":\"ReadAction\",\"target\":[\"https:\\\/\\\/pharmacie-progres-cannes.fr\\\/pharmacie\\\/supp\\\/remi-bloston\\\/\"]}]},{\"@type\":\"ImageObject\",\"inLanguage\":\"fr-FR\",\"@id\":\"https:\\\/\\\/pharmacie-progres-cannes.fr\\\/pharmacie\\\/supp\\\/remi-bloston\\\/#primaryimage\",\"url\":\"https:\\\/\\\/pharmacie-progres-cannes.fr\\\/pharmacie\\\/wp-content\\\/uploads\\\/2024\\\/10\\\/Remi-Bloston.jpg\",\"contentUrl\":\"https:\\\/\\\/pharmacie-progres-cannes.fr\\\/pharmacie\\\/wp-content\\\/uploads\\\/2024\\\/10\\\/Remi-Bloston.jpg\",\"width\":768,\"height\":768},{\"@type\":\"BreadcrumbList\",\"@id\":\"https:\\\/\\\/pharmacie-progres-cannes.fr\\\/pharmacie\\\/supp\\\/remi-bloston\\\/#breadcrumb\",\"itemListElement\":[{\"@type\":\"ListItem\",\"position\":1,\"name\":\"Strona g\u0142\u00f3wna\",\"item\":\"https:\\\/\\\/pharmacie-progres-cannes.fr\\\/pharmacie\\\/\"},{\"@type\":\"ListItem\",\"position\":2,\"name\":\"farmaci\",\"item\":\"https:\\\/\\\/pharmacie-progres-cannes.fr\\\/pharmacie\\\/\"},{\"@type\":\"ListItem\",\"position\":3,\"name\":\"Remi Bloston\"}]},{\"@type\":\"WebSite\",\"@id\":\"https:\\\/\\\/pharmacie-progres-cannes.fr\\\/pharmacie\\\/#website\",\"url\":\"https:\\\/\\\/pharmacie-progres-cannes.fr\\\/pharmacie\\\/\",\"name\":\"Pharmacie-Progres-Pannes\",\"description\":\"\",\"potentialAction\":[{\"@type\":\"SearchAction\",\"target\":{\"@type\":\"EntryPoint\",\"urlTemplate\":\"https:\\\/\\\/pharmacie-progres-cannes.fr\\\/pharmacie\\\/?s={search_term_string}\"},\"query-input\":{\"@type\":\"PropertyValueSpecification\",\"valueRequired\":true,\"valueName\":\"search_term_string\"}}],\"inLanguage\":\"fr-FR\"}]}<\/script>\n<!-- \/ Yoast SEO plugin. -->","yoast_head_json":{"title":"Remi Bloston - Avis, Forum, Pharmacie, Effets, Prix -50% | Pharmacie-Progres-Pannes","robots":{"index":"index","follow":"follow","max-snippet":"max-snippet:-1","max-image-preview":"max-image-preview:large","max-video-preview":"max-video-preview:-1"},"canonical":"https:\/\/pharmacie-progres-cannes.fr\/pharmacie\/supp\/remi-bloston\/","og_locale":"fr_FR","og_type":"article","og_title":"Remi Bloston - Avis, Forum, Pharmacie, Effets, Prix -50% | Pharmacie-Progres-Pannes","og_url":"https:\/\/pharmacie-progres-cannes.fr\/pharmacie\/supp\/remi-bloston\/","og_site_name":"Pharmacie-Progres-Pannes","article_modified_time":"2025-03-17T17:12:15+00:00","og_image":[{"width":768,"height":768,"url":"https:\/\/pharmacie-progres-cannes.fr\/pharmacie\/wp-content\/uploads\/2024\/10\/Remi-Bloston.jpg","type":"image\/jpeg"}],"twitter_card":"summary_large_image","twitter_description":"[date_countdown]","twitter_misc":{"Dur\u00e9e de lecture estim\u00e9e":"1 minute"},"schema":{"@context":"https:\/\/schema.org","@graph":[{"@type":"WebPage","@id":"https:\/\/pharmacie-progres-cannes.fr\/pharmacie\/supp\/remi-bloston\/","url":"https:\/\/pharmacie-progres-cannes.fr\/pharmacie\/supp\/remi-bloston\/","name":"Remi Bloston - Avis, Forum, Pharmacie, Effets, Prix -50% | Pharmacie-Progres-Pannes","isPartOf":{"@id":"https:\/\/pharmacie-progres-cannes.fr\/pharmacie\/#website"},"primaryImageOfPage":{"@id":"https:\/\/pharmacie-progres-cannes.fr\/pharmacie\/supp\/remi-bloston\/#primaryimage"},"image":{"@id":"https:\/\/pharmacie-progres-cannes.fr\/pharmacie\/supp\/remi-bloston\/#primaryimage"},"thumbnailUrl":"https:\/\/pharmacie-progres-cannes.fr\/pharmacie\/wp-content\/uploads\/2024\/10\/Remi-Bloston.jpg","datePublished":"2024-10-18T19:46:01+00:00","dateModified":"2025-03-17T17:12:15+00:00","breadcrumb":{"@id":"https:\/\/pharmacie-progres-cannes.fr\/pharmacie\/supp\/remi-bloston\/#breadcrumb"},"inLanguage":"fr-FR","potentialAction":[{"@type":"ReadAction","target":["https:\/\/pharmacie-progres-cannes.fr\/pharmacie\/supp\/remi-bloston\/"]}]},{"@type":"ImageObject","inLanguage":"fr-FR","@id":"https:\/\/pharmacie-progres-cannes.fr\/pharmacie\/supp\/remi-bloston\/#primaryimage","url":"https:\/\/pharmacie-progres-cannes.fr\/pharmacie\/wp-content\/uploads\/2024\/10\/Remi-Bloston.jpg","contentUrl":"https:\/\/pharmacie-progres-cannes.fr\/pharmacie\/wp-content\/uploads\/2024\/10\/Remi-Bloston.jpg","width":768,"height":768},{"@type":"BreadcrumbList","@id":"https:\/\/pharmacie-progres-cannes.fr\/pharmacie\/supp\/remi-bloston\/#breadcrumb","itemListElement":[{"@type":"ListItem","position":1,"name":"Strona g\u0142\u00f3wna","item":"https:\/\/pharmacie-progres-cannes.fr\/pharmacie\/"},{"@type":"ListItem","position":2,"name":"farmaci","item":"https:\/\/pharmacie-progres-cannes.fr\/pharmacie\/"},{"@type":"ListItem","position":3,"name":"Remi Bloston"}]},{"@type":"WebSite","@id":"https:\/\/pharmacie-progres-cannes.fr\/pharmacie\/#website","url":"https:\/\/pharmacie-progres-cannes.fr\/pharmacie\/","name":"Pharmacie-Progres-Pannes","description":"","potentialAction":[{"@type":"SearchAction","target":{"@type":"EntryPoint","urlTemplate":"https:\/\/pharmacie-progres-cannes.fr\/pharmacie\/?s={search_term_string}"},"query-input":{"@type":"PropertyValueSpecification","valueRequired":true,"valueName":"search_term_string"}}],"inLanguage":"fr-FR"}]}},"_links":{"self":[{"href":"https:\/\/pharmacie-progres-cannes.fr\/pharmacie\/wp-json\/wp\/v2\/product\/4456","targetHints":{"allow":["GET"]}}],"collection":[{"href":"https:\/\/pharmacie-progres-cannes.fr\/pharmacie\/wp-json\/wp\/v2\/product"}],"about":[{"href":"https:\/\/pharmacie-progres-cannes.fr\/pharmacie\/wp-json\/wp\/v2\/types\/product"}],"replies":[{"embeddable":true,"href":"https:\/\/pharmacie-progres-cannes.fr\/pharmacie\/wp-json\/wp\/v2\/comments?post=4456"}],"wp:featuredmedia":[{"embeddable":true,"href":"https:\/\/pharmacie-progres-cannes.fr\/pharmacie\/wp-json\/wp\/v2\/media\/3846"}],"wp:attachment":[{"href":"https:\/\/pharmacie-progres-cannes.fr\/pharmacie\/wp-json\/wp\/v2\/media?parent=4456"}],"wp:term":[{"taxonomy":"product_brand","embeddable":true,"href":"https:\/\/pharmacie-progres-cannes.fr\/pharmacie\/wp-json\/wp\/v2\/product_brand?post=4456"},{"taxonomy":"product_cat","embeddable":true,"href":"https:\/\/pharmacie-progres-cannes.fr\/pharmacie\/wp-json\/wp\/v2\/product_cat?post=4456"},{"taxonomy":"product_tag","embeddable":true,"href":"https:\/\/pharmacie-progres-cannes.fr\/pharmacie\/wp-json\/wp\/v2\/product_tag?post=4456"}],"curies":[{"name":"wp","href":"https:\/\/api.w.org\/{rel}","templated":true}]}}