{"id":4452,"date":"2024-10-18T19:46:00","date_gmt":"2024-10-18T19:46:00","guid":{"rendered":"https:\/\/chirurgie-orthopedie-vannes.fr\/pharmacie\/?post_type=product&#038;p=4452"},"modified":"2025-03-17T17:11:30","modified_gmt":"2025-03-17T17:11:30","slug":"plantillas-magnetic","status":"publish","type":"product","link":"https:\/\/pharmacie-progres-cannes.fr\/pharmacie\/supp\/plantillas-magnetic\/","title":{"rendered":"Plantillas Magnetic"},"content":{"rendered":"\n<h2 class=\"wp-block-heading\">Qu&rsquo;est-ce que Plantillas Magnetic et comment fonctionne-t-il ?<\/h2>\n\n\n\n<p>Les <b>Plantillas Magnetic<\/b> sont des <b>semelles magn\u00e9tiques<\/b> innovantes con\u00e7ues pour am\u00e9liorer la sant\u00e9 des pieds. Elles utilisent le principe de la magn\u00e9toth\u00e9rapie, dont l&rsquo;<b>action<\/b> repose sur la stimulation des points r\u00e9flexes du pied. Les semelles doivent \u00eatre plac\u00e9es dans les chaussures, ce qui en fait une solution pratique pour tous ceux qui souhaitent garder leurs pieds <b>\u00e0 l&rsquo;aise<\/b> pendant les activit\u00e9s quotidiennes.<\/p>\n\n\n\n<p><b>Comment fonctionne le Plantillas Magnetic<\/b>? Gr\u00e2ce aux aimants utilis\u00e9s, les semelles stimulent la circulation sanguine et am\u00e9liorent l&rsquo;\u00e9quilibre. Les utilisateurs constatent une am\u00e9lioration significative de l&rsquo;\u00e9tat de leurs pieds, une r\u00e9duction des douleurs et un plus grand <b>confort de<\/b> marche. L&rsquo;<b>utilisation<\/b> r\u00e9guli\u00e8re <b>de<\/b> ces semelles magn\u00e9tiques contribue \u00e0 une am\u00e9lioration globale de la sant\u00e9 des pieds, ce qui est particuli\u00e8rement b\u00e9n\u00e9fique pour les personnes ayant un mode de vie actif.<\/p>\n\n\n\n<p>Les <b>commentaires<\/b> sur les semelles orthop\u00e9diques sont positifs. De nombreuses personnes indiquent qu&rsquo;elles ont pu surmonter les sensations de fatigue et d&rsquo;inconfort li\u00e9es \u00e0 une station debout ou \u00e0 une marche prolong\u00e9e. Le corps de chacun r\u00e9agit diff\u00e9remment \u00e0 ces semelles, ce qui signifie que les <b>effets de leur<\/b> utilisation peuvent varier. Il convient toutefois de noter que les <b>Plantillas Magnetic<\/b> sont un produit de plus en plus populaire et de plus en plus accept\u00e9 par les personnes d\u00e9sireuses d&rsquo;am\u00e9liorer l&rsquo;\u00e9tat de leurs pieds.<\/p>\n\n\n\n<h2 class=\"wp-block-heading\">Les bienfaits du magn\u00e9tisme des plantillas &#8211; Effets<\/h2>\n\n\n\n<p>Les Plantillas Magnetic sont des semelles de chaussures qui gagnent en popularit\u00e9 en raison des nombreux <b>avantages<\/b> associ\u00e9s \u00e0 leur utilisation. Les utilisateurs font \u00e9tat d&rsquo;un <em>soulagement<\/em> significatif <em>des douleurs aux pieds<\/em>, ce qui se traduit par une am\u00e9lioration g\u00e9n\u00e9rale de la qualit\u00e9 de vie. <b>Les effets des<\/b> semelles varient en fonction de la r\u00e9ponse de l&rsquo;individu, mais de nombreuses personnes remarquent une r\u00e9duction marqu\u00e9e de la douleur.<\/p>\n\n\n\n<p>Parmi les <b>avantages<\/b> les plus fr\u00e9quemment cit\u00e9s figurent l&rsquo;am\u00e9lioration de la circulation et la r\u00e9duction de la fatigue des jambes. Les personnes qui travaillent dans une position fixe, ainsi que celles qui passent de longues heures \u00e0 marcher, appr\u00e9cient les <b>effets de l&rsquo;<\/b>utilisation des Plantillas Magnetic. Les utilisateurs remarquent le confort, qui ouvre la voie \u00e0 une meilleure qualit\u00e9 de vie.<\/p>\n\n\n\n<p>Le tableau ci-dessous pr\u00e9sente les <b>r\u00e9actions<\/b> et les \u00e9valuations de l&rsquo;efficacit\u00e9 des encarts :<\/p>\n\n\n\n<figure class=\"wp-block-table\"><table class=\"has-fixed-layout\"><tbody><tr><th>Utilisateur<\/th><th>Indice de confort<\/th><th>Soulagement de la douleur au pied<\/th><th>Confortable \u00e0 porter<\/th><\/tr><tr><td>Maria<\/td><td>5\/5<\/td><td>Oui<\/td><td>Oui<\/td><\/tr><tr><td>Pierre<\/td><td>4\/5<\/td><td>Oui<\/td><td>Oui<\/td><\/tr><tr><td>Marta<\/td><td>5\/5<\/td><td>Oui<\/td><td>Oui<\/td><\/tr><\/tbody><\/table><\/figure>\n\n\n\n<p>Les <b>commentaires<\/b> confirment que l <em>&lsquo;utilisation<\/em> r\u00e9guli\u00e8re <em>de<\/em> Plantillas Magnetic peut conduire \u00e0 des am\u00e9liorations significatives du bien-\u00eatre et de l&rsquo;efficacit\u00e9 dans les t\u00e2ches quotidiennes. Il convient de noter que ces effets sont une raison fr\u00e9quente pour laquelle les utilisateurs recommandent les semelles sur les forums en ligne.<\/p>\n\n\n\n<h2 class=\"wp-block-heading\">Comment utiliser Plantillas Magnetic ? &#8211; Dosage et recommandations<\/h2>\n\n\n\n<p>Pour maximiser les effets de Plantillas Magnetic, il est recommand\u00e9 de porter les semelles pendant la majeure partie de la journ\u00e9e. Une <b>utilisation<\/b> r\u00e9guli\u00e8re contribue \u00e0 am\u00e9liorer la circulation et \u00e0 r\u00e9duire les douleurs dans les jambes, ce qui est particuli\u00e8rement b\u00e9n\u00e9fique pour les personnes qui passent de longues heures debout. Les semelles doivent \u00eatre maintenues propres, ce qui influencera leur long\u00e9vit\u00e9 et leur efficacit\u00e9.<\/p>\n\n\n\n<p>En ce qui concerne le dosage, il est conseill\u00e9 de consulter des sp\u00e9cialistes en cas de doute. L&rsquo;utilisation de semelles orthop\u00e9diques peut avoir des effets vari\u00e9s, allant de l&rsquo;am\u00e9lioration du confort de marche \u00e0 l&rsquo;augmentation de l&rsquo;\u00e9nergie au quotidien. Certains utilisateurs pr\u00e9sentent des r\u00e9actions allergiques, telles que des rougeurs de la peau, qui peuvent affecter le confort des semelles.<\/p>\n\n\n\n<p>En cas d&rsquo;utilisation prolong\u00e9e de Plantillas Magnetic, certains utilisateurs peuvent ressentir une g\u00eane telle que des tensions dans les pieds. Il est important de surveiller ses propres sensations et de demander \u00e9ventuellement l&rsquo;avis d&rsquo;un expert pour \u00e9viter les effets secondaires potentiels. Avec le bon dosage et les bonnes recommandations, Plantillas Magnetic peut am\u00e9liorer de mani\u00e8re significative la qualit\u00e9 de vie.<\/p>\n\n\n\n<h2 class=\"wp-block-heading\">Commentaires et opinions sur Plantillas Magnetic<\/h2>\n\n\n\n<p>De nombreux utilisateurs ont partag\u00e9 leurs <em>exp\u00e9riences avec<\/em> Plantillas Magnetic sur diff\u00e9rents <em>forums<\/em> en ligne. Les \u00e9valuations des utilisateurs indiquent la grande qualit\u00e9 de ces semelles, qui obtiennent une note moyenne de 4,9 sur 5 sur la base de 119 avis. Les clients soulignent particuli\u00e8rement les effets de r\u00e9duction de la douleur et d&rsquo;am\u00e9lioration du confort.<\/p>\n\n\n\n<p>Certains utilisateurs d\u00e9crivent leur satisfaction. On trouve souvent des <em>commentaires<\/em> positifs, ce qui souligne l&rsquo;importance de la r\u00e9gularit\u00e9 dans l&rsquo;utilisation. Les semelles soulagent apr\u00e8s une longue journ\u00e9e, ce qui am\u00e9liore la qualit\u00e9 de vie de ceux qui passent de nombreuses heures debout.<\/p>\n\n\n\n<p>De nombreux clients ont \u00e9galement constat\u00e9 une am\u00e9lioration de la circulation sanguine, ce qui favorise la sant\u00e9 des pieds. Les utilisateurs encouragent \u00e0 augmenter progressivement le temps de port, en commen\u00e7ant par 2 \u00e0 3 heures par jour. Cette m\u00e9thode d&rsquo;utilisation donne les meilleurs r\u00e9sultats, conform\u00e9ment \u00e0 leurs <em>commentaires<\/em>.<\/p>\n\n\n\n<p>Les commentaires des utilisateurs soulignent les effets b\u00e9n\u00e9fiques des orth\u00e8ses, tels que la stabilisation posturale et l&rsquo;am\u00e9lioration g\u00e9n\u00e9rale du bien-\u00eatre. La combinaison de leur utilisation avec un peu d&rsquo;activit\u00e9 physique a des effets encore meilleurs, comme cela est souvent mentionn\u00e9 dans les <em>forums<\/em><\/p>\n\n\n\n<h2 class=\"wp-block-heading\">Plantillas Magnetic &#8211; Composition &#8211; Analyse des ingr\u00e9dients<\/h2>\n\n\n\n<p><b>La composition des<\/b> Plantillas Magnetic est bas\u00e9e sur des mat\u00e9riaux de haute qualit\u00e9 et des aimants innovants qui ont un <b>effet<\/b> positif sur la circulation sanguine. Gr\u00e2ce \u00e0 l&rsquo;utilisation de mat\u00e9riaux appropri\u00e9s, ces semelles s&rsquo;adaptent \u00e0 la forme du pied, ce qui garantit le confort lors de l&rsquo;utilisation quotidienne. <b>Les aimants<\/b> contenus dans les semelles stimulent la circulation et soulagent les tensions, ce qui contribue au bien-\u00eatre g\u00e9n\u00e9ral de la personne qui les porte.<\/p>\n\n\n\n<p>L&rsquo;<b>utilisation<\/b> r\u00e9guli\u00e8re <b>de Plantillas Magnetic<\/b> peut contribuer \u00e0 am\u00e9liorer la circulation et \u00e0 r\u00e9duire les douleurs dans les jambes, ce qui est particuli\u00e8rement important pour les personnes ayant un mode de vie actif. Il convient de mentionner que les <b>mat\u00e9riaux<\/b> utilis\u00e9s dans la production des semelles sont hyperallergiques, ce qui r\u00e9duit le risque de r\u00e9actions allergiques.<\/p>\n\n\n\n<figure class=\"wp-block-table\"><table class=\"has-fixed-layout\"><tbody><tr><th>Composant<\/th><th>Fonction<\/th><\/tr><tr><td><b>Aimants<\/b><\/td><td>Stimuler la circulation sanguine<\/td><\/tr><tr><td>Mat\u00e9riel Hyperallergic<\/td><td>R\u00e9duit le risque de r\u00e9actions allergiques<\/td><\/tr><tr><td>Raccord flexible<\/td><td>S&rsquo;adapte au pied pour plus de confort<\/td><\/tr><\/tbody><\/table><\/figure>\n\n\n\n<p>La <em>composition<\/em> parfaitement \u00e9tudi\u00e9e de Plantillas Magnetic et l&rsquo;<em>analyse<\/em> minutieuse <em>des ingr\u00e9dients<\/em> contribuent \u00e0 son efficacit\u00e9. Les utilisateurs peuvent profiter d&rsquo;un meilleur bien-\u00eatre et d&rsquo;un plus grand confort apr\u00e8s une utilisation prolong\u00e9e. Plantillas Magnetic est une solution innovante qui allie technologie de pointe et confort d&rsquo;utilisation au quotidien.<\/p>\n\n\n\n<h2 class=\"wp-block-heading\">O\u00f9 acheter et combien co\u00fbte Plantillas Magnetic &#8211; prix<\/h2>\n\n\n\n<p>Les Plantillas Magnetic ne peuvent \u00eatre achet\u00e9es que sur le site <em>officiel du fabricant<\/em>. Actuellement, ils ne sont pas disponibles dans les pharmacies traditionnelles ni dans les boutiques en ligne courantes. Il convient de noter que les <em>prix<\/em> peuvent varier en fonction des <em>promotions<\/em> en cours propos\u00e9es par le fabricant.<\/p>\n\n\n\n<p>Pour obtenir des informations sur les r\u00e9ductions et les offres avantageuses en cours, consultez r\u00e9guli\u00e8rement le site web du distributeur officiel. Les offres sont parfois limit\u00e9es dans le temps, ce qui constitue une excellente occasion d&rsquo;acheter le produit \u00e0 un prix int\u00e9ressant, qui peut \u00eatre un facteur important dans la d\u00e9cision d&rsquo;achat.<\/p>\n\n\n\n<p>En surveillant r\u00e9guli\u00e8rement les promotions, les clients peuvent trouver les meilleures affaires sur Plantillas Magnetic, ce qui rend ce choix non seulement bon pour leur sant\u00e9, mais aussi pour leur porte-monnaie. Une utilisation r\u00e9fl\u00e9chie des offres officielles est la cl\u00e9 pour choisir les prix et les conditions d&rsquo;achat les plus favorables.<\/p>\n\n\n\n<h2 class=\"wp-block-heading\">Effets secondaires potentiels et contre-indications de Plantillas Magnetic<\/h2>\n\n\n\n<p>Les Plantillas Magnetic sont g\u00e9n\u00e9ralement consid\u00e9r\u00e9es comme s\u00fbres, mais certaines personnes peuvent ressentir des effets secondaires mineurs. Il convient de noter la possibilit\u00e9 de r\u00e9actions allergiques aux ingr\u00e9dients, ce qui peut affecter leur confort. Les personnes qui ressentent des tiraillements au niveau des pieds devraient envisager de porter la semelle pendant une p\u00e9riode plus courte ou consulter un m\u00e9decin pour \u00e9valuer la s\u00e9curit\u00e9 de l&rsquo;utilisation de la semelle.<\/p>\n\n\n\n<p>Les <b>contre-indications<\/b> \u00e0 l&rsquo;utilisation de Plantillas Magnetic comprennent les probl\u00e8mes de sant\u00e9 existants qui peuvent affecter son efficacit\u00e9 ou sa <b>s\u00e9curit\u00e9 d&rsquo;utilisation<\/b>. Par exemple, les personnes souffrant d&rsquo;arthrose grave ou d&rsquo;une tendance aux r\u00e9actions allergiques doivent faire preuve d&rsquo;une prudence particuli\u00e8re. La consultation d&rsquo;un m\u00e9decin avant le d\u00e9but de l&rsquo;utilisation peut aider \u00e0 minimiser le risque d&rsquo;effets secondaires.<\/p>\n\n\n\n<p>En conclusion, bien que les Plantillas Magnetic pr\u00e9sentent de nombreux <b>avantages<\/b>, leur <b>utilisation<\/b> doit toujours \u00eatre adapt\u00e9e aux besoins et \u00e0 l&rsquo;\u00e9tat de sant\u00e9 de l&rsquo;individu. Il est essentiel de conna\u00eetre les effets secondaires et les contre-indications potentiels pour garantir une s\u00e9curit\u00e9 et une efficacit\u00e9 maximales.<\/p>\n","protected":false},"excerpt":{"rendered":"<p><strong>[date_countdown]<\/strong><\/p>\n<p><img decoding=\"async\" class=\"alignnone  wp-image-8427\" src=\"https:\/\/pharmacie-progres-cannes.fr\/pharmacie\/wp-content\/uploads\/2024\/10\/SAFE-PAY-300x88-1.png\" alt=\"SAFE-PAY-300x88\" width=\"164\" height=\"48\" \/><\/p>\n","protected":false},"featured_media":3840,"comment_status":"open","ping_status":"closed","template":"","meta":{"neve_meta_sidebar":"","neve_meta_container":"","neve_meta_enable_content_width":"","neve_meta_content_width":0,"neve_meta_title_alignment":"","neve_meta_author_avatar":"","neve_post_elements_order":"","neve_meta_disable_header":"","neve_meta_disable_footer":"","neve_meta_disable_title":"","neve_meta_reading_time":""},"product_brand":[],"product_cat":[18],"product_tag":[],"class_list":{"0":"post-4452","1":"product","2":"type-product","3":"status-publish","4":"has-post-thumbnail","6":"product_cat-sante","8":"first","9":"instock","10":"sale","11":"shipping-taxable","12":"product-type-external"},"yoast_head":"<!-- This site is optimized with the Yoast SEO plugin v27.3 - https:\/\/yoast.com\/product\/yoast-seo-wordpress\/ -->\n<title>Plantillas Magnetic - Avis, Forum, Pharmacie, Effets, Prix -50% | Pharmacie-Progres-Pannes<\/title>\n<meta name=\"robots\" content=\"index, follow, max-snippet:-1, max-image-preview:large, max-video-preview:-1\" \/>\n<link rel=\"canonical\" href=\"https:\/\/pharmacie-progres-cannes.fr\/pharmacie\/supp\/plantillas-magnetic\/\" \/>\n<meta property=\"og:locale\" content=\"fr_FR\" \/>\n<meta property=\"og:type\" content=\"article\" \/>\n<meta property=\"og:title\" content=\"Plantillas Magnetic - Avis, Forum, Pharmacie, Effets, Prix -50% | Pharmacie-Progres-Pannes\" \/>\n<meta property=\"og:url\" content=\"https:\/\/pharmacie-progres-cannes.fr\/pharmacie\/supp\/plantillas-magnetic\/\" \/>\n<meta property=\"og:site_name\" content=\"Pharmacie-Progres-Pannes\" \/>\n<meta property=\"article:modified_time\" content=\"2025-03-17T17:11:30+00:00\" \/>\n<meta property=\"og:image\" content=\"https:\/\/pharmacie-progres-cannes.fr\/pharmacie\/wp-content\/uploads\/2024\/10\/Plantillas-Magnetic.jpg\" \/>\n\t<meta property=\"og:image:width\" content=\"768\" \/>\n\t<meta property=\"og:image:height\" content=\"768\" \/>\n\t<meta property=\"og:image:type\" content=\"image\/jpeg\" \/>\n<meta name=\"twitter:card\" content=\"summary_large_image\" \/>\n<meta name=\"twitter:description\" content=\"[date_countdown]\" \/>\n<meta name=\"twitter:label1\" content=\"Dur\u00e9e de lecture estim\u00e9e\" \/>\n\t<meta name=\"twitter:data1\" content=\"1 minute\" \/>\n<script type=\"application\/ld+json\" class=\"yoast-schema-graph\">{\"@context\":\"https:\\\/\\\/schema.org\",\"@graph\":[{\"@type\":\"WebPage\",\"@id\":\"https:\\\/\\\/pharmacie-progres-cannes.fr\\\/pharmacie\\\/supp\\\/plantillas-magnetic\\\/\",\"url\":\"https:\\\/\\\/pharmacie-progres-cannes.fr\\\/pharmacie\\\/supp\\\/plantillas-magnetic\\\/\",\"name\":\"Plantillas Magnetic - Avis, Forum, Pharmacie, Effets, Prix -50% | Pharmacie-Progres-Pannes\",\"isPartOf\":{\"@id\":\"https:\\\/\\\/pharmacie-progres-cannes.fr\\\/pharmacie\\\/#website\"},\"primaryImageOfPage\":{\"@id\":\"https:\\\/\\\/pharmacie-progres-cannes.fr\\\/pharmacie\\\/supp\\\/plantillas-magnetic\\\/#primaryimage\"},\"image\":{\"@id\":\"https:\\\/\\\/pharmacie-progres-cannes.fr\\\/pharmacie\\\/supp\\\/plantillas-magnetic\\\/#primaryimage\"},\"thumbnailUrl\":\"https:\\\/\\\/pharmacie-progres-cannes.fr\\\/pharmacie\\\/wp-content\\\/uploads\\\/2024\\\/10\\\/Plantillas-Magnetic.jpg\",\"datePublished\":\"2024-10-18T19:46:00+00:00\",\"dateModified\":\"2025-03-17T17:11:30+00:00\",\"breadcrumb\":{\"@id\":\"https:\\\/\\\/pharmacie-progres-cannes.fr\\\/pharmacie\\\/supp\\\/plantillas-magnetic\\\/#breadcrumb\"},\"inLanguage\":\"fr-FR\",\"potentialAction\":[{\"@type\":\"ReadAction\",\"target\":[\"https:\\\/\\\/pharmacie-progres-cannes.fr\\\/pharmacie\\\/supp\\\/plantillas-magnetic\\\/\"]}]},{\"@type\":\"ImageObject\",\"inLanguage\":\"fr-FR\",\"@id\":\"https:\\\/\\\/pharmacie-progres-cannes.fr\\\/pharmacie\\\/supp\\\/plantillas-magnetic\\\/#primaryimage\",\"url\":\"https:\\\/\\\/pharmacie-progres-cannes.fr\\\/pharmacie\\\/wp-content\\\/uploads\\\/2024\\\/10\\\/Plantillas-Magnetic.jpg\",\"contentUrl\":\"https:\\\/\\\/pharmacie-progres-cannes.fr\\\/pharmacie\\\/wp-content\\\/uploads\\\/2024\\\/10\\\/Plantillas-Magnetic.jpg\",\"width\":768,\"height\":768},{\"@type\":\"BreadcrumbList\",\"@id\":\"https:\\\/\\\/pharmacie-progres-cannes.fr\\\/pharmacie\\\/supp\\\/plantillas-magnetic\\\/#breadcrumb\",\"itemListElement\":[{\"@type\":\"ListItem\",\"position\":1,\"name\":\"Strona g\u0142\u00f3wna\",\"item\":\"https:\\\/\\\/pharmacie-progres-cannes.fr\\\/pharmacie\\\/\"},{\"@type\":\"ListItem\",\"position\":2,\"name\":\"farmaci\",\"item\":\"https:\\\/\\\/pharmacie-progres-cannes.fr\\\/pharmacie\\\/\"},{\"@type\":\"ListItem\",\"position\":3,\"name\":\"Plantillas Magnetic\"}]},{\"@type\":\"WebSite\",\"@id\":\"https:\\\/\\\/pharmacie-progres-cannes.fr\\\/pharmacie\\\/#website\",\"url\":\"https:\\\/\\\/pharmacie-progres-cannes.fr\\\/pharmacie\\\/\",\"name\":\"Pharmacie-Progres-Pannes\",\"description\":\"\",\"potentialAction\":[{\"@type\":\"SearchAction\",\"target\":{\"@type\":\"EntryPoint\",\"urlTemplate\":\"https:\\\/\\\/pharmacie-progres-cannes.fr\\\/pharmacie\\\/?s={search_term_string}\"},\"query-input\":{\"@type\":\"PropertyValueSpecification\",\"valueRequired\":true,\"valueName\":\"search_term_string\"}}],\"inLanguage\":\"fr-FR\"}]}<\/script>\n<!-- \/ Yoast SEO plugin. -->","yoast_head_json":{"title":"Plantillas Magnetic - Avis, Forum, Pharmacie, Effets, Prix -50% | Pharmacie-Progres-Pannes","robots":{"index":"index","follow":"follow","max-snippet":"max-snippet:-1","max-image-preview":"max-image-preview:large","max-video-preview":"max-video-preview:-1"},"canonical":"https:\/\/pharmacie-progres-cannes.fr\/pharmacie\/supp\/plantillas-magnetic\/","og_locale":"fr_FR","og_type":"article","og_title":"Plantillas Magnetic - Avis, Forum, Pharmacie, Effets, Prix -50% | Pharmacie-Progres-Pannes","og_url":"https:\/\/pharmacie-progres-cannes.fr\/pharmacie\/supp\/plantillas-magnetic\/","og_site_name":"Pharmacie-Progres-Pannes","article_modified_time":"2025-03-17T17:11:30+00:00","og_image":[{"width":768,"height":768,"url":"https:\/\/pharmacie-progres-cannes.fr\/pharmacie\/wp-content\/uploads\/2024\/10\/Plantillas-Magnetic.jpg","type":"image\/jpeg"}],"twitter_card":"summary_large_image","twitter_description":"[date_countdown]","twitter_misc":{"Dur\u00e9e de lecture estim\u00e9e":"1 minute"},"schema":{"@context":"https:\/\/schema.org","@graph":[{"@type":"WebPage","@id":"https:\/\/pharmacie-progres-cannes.fr\/pharmacie\/supp\/plantillas-magnetic\/","url":"https:\/\/pharmacie-progres-cannes.fr\/pharmacie\/supp\/plantillas-magnetic\/","name":"Plantillas Magnetic - Avis, Forum, Pharmacie, Effets, Prix -50% | Pharmacie-Progres-Pannes","isPartOf":{"@id":"https:\/\/pharmacie-progres-cannes.fr\/pharmacie\/#website"},"primaryImageOfPage":{"@id":"https:\/\/pharmacie-progres-cannes.fr\/pharmacie\/supp\/plantillas-magnetic\/#primaryimage"},"image":{"@id":"https:\/\/pharmacie-progres-cannes.fr\/pharmacie\/supp\/plantillas-magnetic\/#primaryimage"},"thumbnailUrl":"https:\/\/pharmacie-progres-cannes.fr\/pharmacie\/wp-content\/uploads\/2024\/10\/Plantillas-Magnetic.jpg","datePublished":"2024-10-18T19:46:00+00:00","dateModified":"2025-03-17T17:11:30+00:00","breadcrumb":{"@id":"https:\/\/pharmacie-progres-cannes.fr\/pharmacie\/supp\/plantillas-magnetic\/#breadcrumb"},"inLanguage":"fr-FR","potentialAction":[{"@type":"ReadAction","target":["https:\/\/pharmacie-progres-cannes.fr\/pharmacie\/supp\/plantillas-magnetic\/"]}]},{"@type":"ImageObject","inLanguage":"fr-FR","@id":"https:\/\/pharmacie-progres-cannes.fr\/pharmacie\/supp\/plantillas-magnetic\/#primaryimage","url":"https:\/\/pharmacie-progres-cannes.fr\/pharmacie\/wp-content\/uploads\/2024\/10\/Plantillas-Magnetic.jpg","contentUrl":"https:\/\/pharmacie-progres-cannes.fr\/pharmacie\/wp-content\/uploads\/2024\/10\/Plantillas-Magnetic.jpg","width":768,"height":768},{"@type":"BreadcrumbList","@id":"https:\/\/pharmacie-progres-cannes.fr\/pharmacie\/supp\/plantillas-magnetic\/#breadcrumb","itemListElement":[{"@type":"ListItem","position":1,"name":"Strona g\u0142\u00f3wna","item":"https:\/\/pharmacie-progres-cannes.fr\/pharmacie\/"},{"@type":"ListItem","position":2,"name":"farmaci","item":"https:\/\/pharmacie-progres-cannes.fr\/pharmacie\/"},{"@type":"ListItem","position":3,"name":"Plantillas Magnetic"}]},{"@type":"WebSite","@id":"https:\/\/pharmacie-progres-cannes.fr\/pharmacie\/#website","url":"https:\/\/pharmacie-progres-cannes.fr\/pharmacie\/","name":"Pharmacie-Progres-Pannes","description":"","potentialAction":[{"@type":"SearchAction","target":{"@type":"EntryPoint","urlTemplate":"https:\/\/pharmacie-progres-cannes.fr\/pharmacie\/?s={search_term_string}"},"query-input":{"@type":"PropertyValueSpecification","valueRequired":true,"valueName":"search_term_string"}}],"inLanguage":"fr-FR"}]}},"_links":{"self":[{"href":"https:\/\/pharmacie-progres-cannes.fr\/pharmacie\/wp-json\/wp\/v2\/product\/4452","targetHints":{"allow":["GET"]}}],"collection":[{"href":"https:\/\/pharmacie-progres-cannes.fr\/pharmacie\/wp-json\/wp\/v2\/product"}],"about":[{"href":"https:\/\/pharmacie-progres-cannes.fr\/pharmacie\/wp-json\/wp\/v2\/types\/product"}],"replies":[{"embeddable":true,"href":"https:\/\/pharmacie-progres-cannes.fr\/pharmacie\/wp-json\/wp\/v2\/comments?post=4452"}],"wp:featuredmedia":[{"embeddable":true,"href":"https:\/\/pharmacie-progres-cannes.fr\/pharmacie\/wp-json\/wp\/v2\/media\/3840"}],"wp:attachment":[{"href":"https:\/\/pharmacie-progres-cannes.fr\/pharmacie\/wp-json\/wp\/v2\/media?parent=4452"}],"wp:term":[{"taxonomy":"product_brand","embeddable":true,"href":"https:\/\/pharmacie-progres-cannes.fr\/pharmacie\/wp-json\/wp\/v2\/product_brand?post=4452"},{"taxonomy":"product_cat","embeddable":true,"href":"https:\/\/pharmacie-progres-cannes.fr\/pharmacie\/wp-json\/wp\/v2\/product_cat?post=4452"},{"taxonomy":"product_tag","embeddable":true,"href":"https:\/\/pharmacie-progres-cannes.fr\/pharmacie\/wp-json\/wp\/v2\/product_tag?post=4452"}],"curies":[{"name":"wp","href":"https:\/\/api.w.org\/{rel}","templated":true}]}}